{"id":4649,"date":"2022-09-08T09:24:24","date_gmt":"2022-09-08T06:24:24","guid":{"rendered":"https:\/\/luvatjavalvonta.fi\/ansokan-om-befullmaktigande-av-tjansteman\/"},"modified":"2026-01-07T13:29:06","modified_gmt":"2026-01-07T11:29:06","slug":"ansokan-om-befullmaktigande-av-tjansteman","status":"publish","type":"page","link":"https:\/\/luvatjavalvonta.fi\/sv\/inforande\/instruktioner\/ansokan-om-befullmaktigande-av-tjansteman\/","title":{"rendered":"Ans\u00f6kan om befullm\u00e4ktigande av tj\u00e4nsteman"},"content":{"rendered":"\n<hr class=\"wp-block-separator has-alpha-channel-opacity\"\/>\n\n\n\n<h3>Nyckelroller i ans\u00f6kan om befullm\u00e4ktigande av tj\u00e4nsteman<\/h3>\n<p><strong>Nyckelrollerna i ans\u00f6kan om<\/strong> befullm\u00e4ktigande av <strong>tj\u00e4nsteman<\/strong> \u00e4r<\/p>\n<ul>\n<li><strong>Vem som helst i organisationen<\/strong> kan fylla i och l\u00e4mna in ans\u00f6kan. Vi rekommenderar att en Suomi.fi-administrat\u00f6r eller en person inom beh\u00f6righetsf\u00f6rvaltningen som har tidigare erfarenhet av arbete inom tj\u00e4nsten f\u00f6r befullm\u00e4ktigande av tj\u00e4nstem\u00e4n.&nbsp;<\/li>\n<li><strong>De som undertecknar ans\u00f6kan<\/strong> ska ha r\u00e4tt att f\u00f6retr\u00e4da organisationen (offentligt samfund), och endast de kan befullm\u00e4ktiga personer att agera f\u00f6r organisationens r\u00e4kning\n<ul>\n<li>R\u00e4tten att f\u00f6retr\u00e4da framg\u00e5r ur ett bemyndigande som det offentliga samfundet sj\u00e4lv fastst\u00e4ller<\/li>\n<\/ul>\n<\/li>\n<li><strong>De personer som befullm\u00e4ktigas<\/strong> kommer att administrera Suomi.fi-fullmakter i organisationen\n<ul>\n<li>De personer som befullm\u00e4ktigas administrerar fullmakter, dvs. beviljar och \u00e5terkallar fullmakter f\u00f6r tj\u00e4nsten<\/li>\n<li>Rekommendation: personerna i fullmaktshanteringen befullm\u00e4ktigas enligt organisationens administrativa riktlinjer<\/li>\n<\/ul>\n<\/li>\n<\/ul>\n\n\n\n<h3>Ans\u00f6kan om befullm\u00e4ktigande av tj\u00e4nsteman och servicespecifika uppgifter<\/h3>\n<p>Ans\u00f6kan om befullm\u00e4ktigande av tj\u00e4nsteman ska fyllas i enligt instruktionerna av Myndigheten f\u00f6r digitalisering och befolkningsdata (DVV). I de bildf\u00f6rsedda instruktionerna nedan finns den tj\u00e4nstespecifika informationen f\u00f6r tj\u00e4nsten Tillst\u00e5nd och tillsyn som ska anv\u00e4ndas i ans\u00f6kan.<\/p>\n\n\n\n<div class=\"wp-block-columns is-layout-flex wp-container-core-columns-is-layout-9d6595d7 wp-block-columns-is-layout-flex\">\n<div class=\"wp-block-column is-layout-flow wp-block-column-is-layout-flow\" style=\"flex-basis:33.33%\">\n<h4>Typ av fullmakt<\/h4>\n<p>N\u00e4r det g\u00e4ller tj\u00e4nsten Tillst\u00e5nd och tillsyn \u00e4r typen av fullmakt f\u00f6r organisationens alla <strong>personer inom fullmaktshanteringen<\/strong> \u201d<strong>Representantens fullmaktsr\u00e4tt<\/strong>\u201d.<\/p>\n<p>Typerna av fullmakter behandlas mer ing\u00e5ende p\u00e5 sida 4 och 10 i instruktionerna f\u00f6r DVV:s <strong><a href=\"https:\/\/dvv.fi\/documents\/16079645\/37328995\/Julkisyhteisojen+ohjeet,+pdf.pdf\/703d31bc-10a8-fe4b-bb77-eb1bf9446d4d\/Julkisyhteisojen+ohjeet,+pdf.pdf?t=1647933410647\" target=\"_blank\" rel=\"noopener\">fullmaktstj\u00e4nst<\/a> <\/strong>(endast p\u00e5 finska<strong>)<\/strong>.<\/p>\n<\/div>\n\n\n\n<div class=\"wp-block-column is-vertically-aligned-top is-layout-flow wp-block-column-is-layout-flow\" style=\"flex-basis:66.66%\">\n<figure class=\"wp-block-image size-large\"><a href=\"https:\/\/luvatjavalvonta.fi\/content\/uploads\/2023\/06\/Virkailijavaltuuttamispalvelu_SV_1b.png\"><img loading=\"lazy\" decoding=\"async\" width=\"1024\" height=\"629\" src=\"https:\/\/luvatjavalvonta.fi\/content\/uploads\/2023\/06\/Virkailijavaltuuttamispalvelu_SV_1b-1024x629.png\" alt=\"Observerande bild\" class=\"wp-image-5813\" srcset=\"https:\/\/luvatjavalvonta.fi\/content\/uploads\/2023\/06\/Virkailijavaltuuttamispalvelu_SV_1b-1024x629.png 1024w, https:\/\/luvatjavalvonta.fi\/content\/uploads\/2023\/06\/Virkailijavaltuuttamispalvelu_SV_1b-300x184.png 300w, https:\/\/luvatjavalvonta.fi\/content\/uploads\/2023\/06\/Virkailijavaltuuttamispalvelu_SV_1b-768x472.png 768w, https:\/\/luvatjavalvonta.fi\/content\/uploads\/2023\/06\/Virkailijavaltuuttamispalvelu_SV_1b-1536x943.png 1536w, https:\/\/luvatjavalvonta.fi\/content\/uploads\/2023\/06\/Virkailijavaltuuttamispalvelu_SV_1b-2048x1257.png 2048w\" sizes=\"auto, (max-width: 1024px) 100vw, 1024px\" \/><\/a><\/figure>\n<\/div>\n<\/div>\n\n\n\n<div class=\"wp-block-columns is-layout-flex wp-container-core-columns-is-layout-9d6595d7 wp-block-columns-is-layout-flex\">\n<div class=\"wp-block-column is-layout-flow wp-block-column-is-layout-flow\" style=\"flex-basis:33.33%\">\n<h4>Personer som befullm\u00e4ktigas<\/h4>\n<p>I denna punkt i ans\u00f6kan fastst\u00e4lls de personer i organisationens <strong>fullmaktshantering<\/strong> som ska administrera fullmakter f\u00f6r tj\u00e4nsten Tillst\u00e5nd och tillsyn.<\/p>\n<p>F\u00f6r ans\u00f6kan beh\u00f6ver du dessa personers namn och personbeteckning.<\/p>\n<p>\u00c4rendet behandlas mer ing\u00e5ende p\u00e5 sida 12 i instruktionerna f\u00f6r DVV:s&nbsp; <a href=\"https:\/\/dvv.fi\/documents\/16079645\/37328995\/Julkisyhteisojen+ohjeet,+pdf.pdf\/703d31bc-10a8-fe4b-bb77-eb1bf9446d4d\/Julkisyhteisojen+ohjeet,+pdf.pdf?t=1647933410647\" target=\"_blank\" rel=\"noopener\">fullmaktstj\u00e4nst<\/a> (endast p\u00e5 finska).<\/p>\n<p>&nbsp;<\/p>\n<\/div>\n\n\n\n<div class=\"wp-block-column is-layout-flow wp-block-column-is-layout-flow\" style=\"flex-basis:66.66%\">\n<figure class=\"wp-block-image size-large\"><a href=\"https:\/\/luvatjavalvonta.fi\/content\/uploads\/2023\/06\/Virkailijavaltuuttamispalvelu_SV_2b.png\"><img loading=\"lazy\" decoding=\"async\" width=\"1024\" height=\"920\" src=\"https:\/\/luvatjavalvonta.fi\/content\/uploads\/2023\/06\/Virkailijavaltuuttamispalvelu_SV_2b-1024x920.png\" alt=\"Observerande bild\" class=\"wp-image-5815\" srcset=\"https:\/\/luvatjavalvonta.fi\/content\/uploads\/2023\/06\/Virkailijavaltuuttamispalvelu_SV_2b-1024x920.png 1024w, https:\/\/luvatjavalvonta.fi\/content\/uploads\/2023\/06\/Virkailijavaltuuttamispalvelu_SV_2b-300x269.png 300w, https:\/\/luvatjavalvonta.fi\/content\/uploads\/2023\/06\/Virkailijavaltuuttamispalvelu_SV_2b-768x690.png 768w, https:\/\/luvatjavalvonta.fi\/content\/uploads\/2023\/06\/Virkailijavaltuuttamispalvelu_SV_2b-1536x1379.png 1536w, https:\/\/luvatjavalvonta.fi\/content\/uploads\/2023\/06\/Virkailijavaltuuttamispalvelu_SV_2b-223x200.png 223w, https:\/\/luvatjavalvonta.fi\/content\/uploads\/2023\/06\/Virkailijavaltuuttamispalvelu_SV_2b.png 1795w\" sizes=\"auto, (max-width: 1024px) 100vw, 1024px\" \/><\/a><\/figure>\n<\/div>\n<\/div>\n\n\n\n<div class=\"wp-block-columns is-layout-flex wp-container-core-columns-is-layout-9d6595d7 wp-block-columns-is-layout-flex\">\n<div class=\"wp-block-column is-layout-flow wp-block-column-is-layout-flow\" style=\"flex-basis:33.33%\">\n<h4>Fullmakts\u00e4rende<\/h4>\n<p>I tj\u00e4nsten Tillst\u00e5nd och tillsyn<strong>&nbsp;finns endast ett fullmakts\u00e4rende avsett f\u00f6r myndigheter<\/strong>. Med hj\u00e4lp av det kan alla myndighetsuppgifter inom b\u00e5de fullmaktshantering och handl\u00e4ggning av \u00e4renden sk\u00f6tas. Det fullmakts\u00e4rende som myndigheten beh\u00f6ver \u00e4r <strong>\u201dMyndighetsbehandling av tillst\u00e5nds- och tillsynshelheter<\/strong>\u201d.<\/p>\n<p><strong>Tips:<\/strong> I punkten Fullmakts\u00e4renden kan du ange ordet \u201dtillst\u00e5nds- och tillsynshelheter\u201d f\u00f6r att begr\u00e4nsa listan \u00f6ver fullmakts\u00e4renden.<\/p>\n<p>Fullmakts\u00e4renden behandlas mer ing\u00e5ende p\u00e5 sida 13 i instruktionerna f\u00f6r DVV:s&nbsp; <a href=\"https:\/\/dvv.fi\/documents\/16079645\/37328995\/Julkisyhteisojen+ohjeet,+pdf.pdf\/703d31bc-10a8-fe4b-bb77-eb1bf9446d4d\/Julkisyhteisojen+ohjeet,+pdf.pdf?t=1647933410647\" target=\"_blank\" rel=\"noopener\">fullmaktstj\u00e4nst<br><\/a>(endast p\u00e5 finska).<\/p>\n<\/div>\n\n\n\n<div class=\"wp-block-column is-layout-flow wp-block-column-is-layout-flow\" style=\"flex-basis:66.66%\">\n<figure class=\"wp-block-image size-large\"><a href=\"https:\/\/luvatjavalvonta.fi\/content\/uploads\/2023\/06\/Virkailijavaltuuttamispalvelu_SV_3b.png\"><img loading=\"lazy\" decoding=\"async\" width=\"851\" height=\"1024\" src=\"https:\/\/luvatjavalvonta.fi\/content\/uploads\/2023\/06\/Virkailijavaltuuttamispalvelu_SV_3b-851x1024.png\" alt=\"Observerande bild\" class=\"wp-image-5817\" srcset=\"https:\/\/luvatjavalvonta.fi\/content\/uploads\/2023\/06\/Virkailijavaltuuttamispalvelu_SV_3b-851x1024.png 851w, https:\/\/luvatjavalvonta.fi\/content\/uploads\/2023\/06\/Virkailijavaltuuttamispalvelu_SV_3b-249x300.png 249w, https:\/\/luvatjavalvonta.fi\/content\/uploads\/2023\/06\/Virkailijavaltuuttamispalvelu_SV_3b-768x924.png 768w, https:\/\/luvatjavalvonta.fi\/content\/uploads\/2023\/06\/Virkailijavaltuuttamispalvelu_SV_3b-1277x1536.png 1277w, https:\/\/luvatjavalvonta.fi\/content\/uploads\/2023\/06\/Virkailijavaltuuttamispalvelu_SV_3b-166x200.png 166w, https:\/\/luvatjavalvonta.fi\/content\/uploads\/2023\/06\/Virkailijavaltuuttamispalvelu_SV_3b.png 1375w\" sizes=\"auto, (max-width: 851px) 100vw, 851px\" \/><\/a><\/figure>\n<\/div>\n<\/div>\n\n\n\n<p>N\u00e4r ans\u00f6kan \u00e4r ifylld enligt anvisningarna skickas den till Myndigheten f\u00f6r digitalisering och befolkningsdata i enlighet med fullmaktstj\u00e4nstens anvisningar.<\/p>\n<h2>Registrering av fullmakter<\/h2>\n<p>Information om registrering av beh\u00f6righeter skickas till den kontaktperson som angetts i ans\u00f6kan per e-post. D\u00e4refter kan de \u201dRepresentantens befullm\u00e4ktigade personer\u201d inom fullmaktshanteringen administrera fullmakterna f\u00f6r organisationens tj\u00e4nst Tillst\u00e5nd och tillsyn. Hanteringen av fullmakter behandlas i n\u00e4sta avsnitt.<\/p>\n\n\n<div class=\"custom-quote-wrapper\">\n\t<div class=\"quote\">\n\t\t<p>OBS!<\/p>\n<p>Alla till\u00e4gg, \u00e4ndringar och borttagningar g\u00e4llande &#8220;Representantens fullmaktsr\u00e4tt&#8221; f\u00f6r personer i beh\u00f6righetshanteringen g\u00f6rs alltid via ans\u00f6kan via tj\u00e4nsten f\u00f6r fullmaktstj\u00e4nst.<\/p>\n<p>Personer som har beh\u00f6righeten representantens fullmaktsr\u00e4tt kan inte direkt anv\u00e4nda tj\u00e4nsten Tillst\u00e5nd och tillsyn, utan han eller hon m\u00e5ste ocks\u00e5 auktorisera sig sj\u00e4lva, p\u00e5 samma s\u00e4tt som tj\u00e4nstem\u00e4n som hanterar transaktioner.<\/p>\n\n\t<\/div>\n<\/div>\n","protected":false},"excerpt":{"rendered":"<p>Nyckelroller i ans\u00f6kan om befullm\u00e4ktigande av tj\u00e4nsteman Nyckelrollerna i ans\u00f6kan om befullm\u00e4ktigande av tj\u00e4nsteman \u00e4r Vem som helst i organisationen kan fylla i och l\u00e4mna in ans\u00f6kan. Vi rekommenderar att en Suomi.fi-administrat\u00f6r eller en person inom beh\u00f6righetsf\u00f6rvaltningen som har tidigare erfarenhet av arbete inom tj\u00e4nsten f\u00f6r befullm\u00e4ktigande av tj\u00e4nstem\u00e4n.&nbsp; De som undertecknar ans\u00f6kan ska ha [&hellip;]<\/p>\n","protected":false},"author":14,"featured_media":0,"parent":8214,"menu_order":4,"comment_status":"closed","ping_status":"closed","template":"","meta":{"_acf_changed":false,"inline_featured_image":false,"footnotes":""},"class_list":["post-4649","page","type-page","status-publish","hentry"],"acf":{"ai_extra_content":"","ai_instructions":"","ai_hidden_page":false},"yoast_head":"<!-- This site is optimized with the Yoast SEO plugin v25.9 - https:\/\/yoast.com\/wordpress\/plugins\/seo\/ -->\n<title>Ans\u00f6kan om befullm\u00e4ktigande av tj\u00e4nsteman - Luvat ja valvonta<\/title>\n<meta name=\"robots\" content=\"index, follow, max-snippet:-1, max-image-preview:large, max-video-preview:-1\" \/>\n<link rel=\"canonical\" href=\"https:\/\/luvatjavalvonta.fi\/sv\/inforande\/instruktioner\/ansokan-om-befullmaktigande-av-tjansteman\/\" \/>\n<meta property=\"og:locale\" content=\"sv_SE\" \/>\n<meta property=\"og:type\" content=\"article\" \/>\n<meta property=\"og:title\" content=\"Ans\u00f6kan om befullm\u00e4ktigande av tj\u00e4nsteman - Luvat ja valvonta\" \/>\n<meta property=\"og:description\" content=\"Nyckelroller i ans\u00f6kan om befullm\u00e4ktigande av tj\u00e4nsteman Nyckelrollerna i ans\u00f6kan om befullm\u00e4ktigande av tj\u00e4nsteman \u00e4r Vem som helst i organisationen kan fylla i och l\u00e4mna in ans\u00f6kan. Vi rekommenderar att en Suomi.fi-administrat\u00f6r eller en person inom beh\u00f6righetsf\u00f6rvaltningen som har tidigare erfarenhet av arbete inom tj\u00e4nsten f\u00f6r befullm\u00e4ktigande av tj\u00e4nstem\u00e4n.&nbsp; De som undertecknar ans\u00f6kan ska ha [&hellip;]\" \/>\n<meta property=\"og:url\" content=\"https:\/\/luvatjavalvonta.fi\/sv\/inforande\/instruktioner\/ansokan-om-befullmaktigande-av-tjansteman\/\" \/>\n<meta property=\"og:site_name\" content=\"Luvat ja valvonta\" \/>\n<meta property=\"article:modified_time\" content=\"2026-01-07T11:29:06+00:00\" \/>\n<meta property=\"og:image\" content=\"https:\/\/luvatjavalvonta.fi\/content\/uploads\/2023\/06\/Virkailijavaltuuttamispalvelu_SV_1b-1024x629.png\" \/>\n<meta name=\"twitter:card\" content=\"summary_large_image\" \/>\n<meta name=\"twitter:label1\" content=\"Est. reading time\" \/>\n\t<meta name=\"twitter:data1\" content=\"3 minutes\" \/>\n<script type=\"application\/ld+json\" class=\"yoast-schema-graph\">{\"@context\":\"https:\/\/schema.org\",\"@graph\":[{\"@type\":\"WebPage\",\"@id\":\"https:\/\/luvatjavalvonta.fi\/sv\/inforande\/instruktioner\/ansokan-om-befullmaktigande-av-tjansteman\/\",\"url\":\"https:\/\/luvatjavalvonta.fi\/sv\/inforande\/instruktioner\/ansokan-om-befullmaktigande-av-tjansteman\/\",\"name\":\"Ans\u00f6kan om befullm\u00e4ktigande av tj\u00e4nsteman - Luvat ja valvonta\",\"isPartOf\":{\"@id\":\"http:\/\/ec2-54-75-134-196.eu-west-1.compute.amazonaws.com\/sv\/#website\"},\"primaryImageOfPage\":{\"@id\":\"https:\/\/luvatjavalvonta.fi\/sv\/inforande\/instruktioner\/ansokan-om-befullmaktigande-av-tjansteman\/#primaryimage\"},\"image\":{\"@id\":\"https:\/\/luvatjavalvonta.fi\/sv\/inforande\/instruktioner\/ansokan-om-befullmaktigande-av-tjansteman\/#primaryimage\"},\"thumbnailUrl\":\"https:\/\/luvatjavalvonta.fi\/content\/uploads\/2023\/06\/Virkailijavaltuuttamispalvelu_SV_1b-1024x629.png\",\"datePublished\":\"2022-09-08T06:24:24+00:00\",\"dateModified\":\"2026-01-07T11:29:06+00:00\",\"breadcrumb\":{\"@id\":\"https:\/\/luvatjavalvonta.fi\/sv\/inforande\/instruktioner\/ansokan-om-befullmaktigande-av-tjansteman\/#breadcrumb\"},\"inLanguage\":\"sv-SE\",\"potentialAction\":[{\"@type\":\"ReadAction\",\"target\":[\"https:\/\/luvatjavalvonta.fi\/sv\/inforande\/instruktioner\/ansokan-om-befullmaktigande-av-tjansteman\/\"]}]},{\"@type\":\"ImageObject\",\"inLanguage\":\"sv-SE\",\"@id\":\"https:\/\/luvatjavalvonta.fi\/sv\/inforande\/instruktioner\/ansokan-om-befullmaktigande-av-tjansteman\/#primaryimage\",\"url\":\"https:\/\/luvatjavalvonta.fi\/content\/uploads\/2023\/06\/Virkailijavaltuuttamispalvelu_SV_1b-1024x629.png\",\"contentUrl\":\"https:\/\/luvatjavalvonta.fi\/content\/uploads\/2023\/06\/Virkailijavaltuuttamispalvelu_SV_1b-1024x629.png\"},{\"@type\":\"BreadcrumbList\",\"@id\":\"https:\/\/luvatjavalvonta.fi\/sv\/inforande\/instruktioner\/ansokan-om-befullmaktigande-av-tjansteman\/#breadcrumb\",\"itemListElement\":[{\"@type\":\"ListItem\",\"position\":1,\"name\":\"Home\",\"item\":\"http:\/\/ec2-54-75-134-196.eu-west-1.compute.amazonaws.com\/sv\/\"},{\"@type\":\"ListItem\",\"position\":2,\"name\":\"Inf\u00f6rande och underh\u00e5ll av tj\u00e4nsten\",\"item\":\"https:\/\/www.luvatjavalvonta.fi\/sv\/inforande\/\"},{\"@type\":\"ListItem\",\"position\":3,\"name\":\"Instruktioner\",\"item\":\"https:\/\/luvatjavalvonta.fi\/sv\/inforande\/instruktioner\/\"},{\"@type\":\"ListItem\",\"position\":4,\"name\":\"Ans\u00f6kan om befullm\u00e4ktigande av tj\u00e4nsteman\"}]},{\"@type\":\"WebSite\",\"@id\":\"http:\/\/ec2-54-75-134-196.eu-west-1.compute.amazonaws.com\/sv\/#website\",\"url\":\"http:\/\/ec2-54-75-134-196.eu-west-1.compute.amazonaws.com\/sv\/\",\"name\":\"Luvat ja valvonta\",\"description\":\"\",\"potentialAction\":[{\"@type\":\"SearchAction\",\"target\":{\"@type\":\"EntryPoint\",\"urlTemplate\":\"http:\/\/ec2-54-75-134-196.eu-west-1.compute.amazonaws.com\/sv\/?s={search_term_string}\"},\"query-input\":{\"@type\":\"PropertyValueSpecification\",\"valueRequired\":true,\"valueName\":\"search_term_string\"}}],\"inLanguage\":\"sv-SE\"}]}<\/script>\n<!-- \/ Yoast SEO plugin. -->","yoast_head_json":{"title":"Ans\u00f6kan om befullm\u00e4ktigande av tj\u00e4nsteman - Luvat ja valvonta","robots":{"index":"index","follow":"follow","max-snippet":"max-snippet:-1","max-image-preview":"max-image-preview:large","max-video-preview":"max-video-preview:-1"},"canonical":"https:\/\/luvatjavalvonta.fi\/sv\/inforande\/instruktioner\/ansokan-om-befullmaktigande-av-tjansteman\/","og_locale":"sv_SE","og_type":"article","og_title":"Ans\u00f6kan om befullm\u00e4ktigande av tj\u00e4nsteman - Luvat ja valvonta","og_description":"Nyckelroller i ans\u00f6kan om befullm\u00e4ktigande av tj\u00e4nsteman Nyckelrollerna i ans\u00f6kan om befullm\u00e4ktigande av tj\u00e4nsteman \u00e4r Vem som helst i organisationen kan fylla i och l\u00e4mna in ans\u00f6kan. Vi rekommenderar att en Suomi.fi-administrat\u00f6r eller en person inom beh\u00f6righetsf\u00f6rvaltningen som har tidigare erfarenhet av arbete inom tj\u00e4nsten f\u00f6r befullm\u00e4ktigande av tj\u00e4nstem\u00e4n.&nbsp; De som undertecknar ans\u00f6kan ska ha [&hellip;]","og_url":"https:\/\/luvatjavalvonta.fi\/sv\/inforande\/instruktioner\/ansokan-om-befullmaktigande-av-tjansteman\/","og_site_name":"Luvat ja valvonta","article_modified_time":"2026-01-07T11:29:06+00:00","og_image":[{"url":"https:\/\/luvatjavalvonta.fi\/content\/uploads\/2023\/06\/Virkailijavaltuuttamispalvelu_SV_1b-1024x629.png","type":"","width":"","height":""}],"twitter_card":"summary_large_image","twitter_misc":{"Est. reading time":"3 minutes"},"schema":{"@context":"https:\/\/schema.org","@graph":[{"@type":"WebPage","@id":"https:\/\/luvatjavalvonta.fi\/sv\/inforande\/instruktioner\/ansokan-om-befullmaktigande-av-tjansteman\/","url":"https:\/\/luvatjavalvonta.fi\/sv\/inforande\/instruktioner\/ansokan-om-befullmaktigande-av-tjansteman\/","name":"Ans\u00f6kan om befullm\u00e4ktigande av tj\u00e4nsteman - Luvat ja valvonta","isPartOf":{"@id":"http:\/\/ec2-54-75-134-196.eu-west-1.compute.amazonaws.com\/sv\/#website"},"primaryImageOfPage":{"@id":"https:\/\/luvatjavalvonta.fi\/sv\/inforande\/instruktioner\/ansokan-om-befullmaktigande-av-tjansteman\/#primaryimage"},"image":{"@id":"https:\/\/luvatjavalvonta.fi\/sv\/inforande\/instruktioner\/ansokan-om-befullmaktigande-av-tjansteman\/#primaryimage"},"thumbnailUrl":"https:\/\/luvatjavalvonta.fi\/content\/uploads\/2023\/06\/Virkailijavaltuuttamispalvelu_SV_1b-1024x629.png","datePublished":"2022-09-08T06:24:24+00:00","dateModified":"2026-01-07T11:29:06+00:00","breadcrumb":{"@id":"https:\/\/luvatjavalvonta.fi\/sv\/inforande\/instruktioner\/ansokan-om-befullmaktigande-av-tjansteman\/#breadcrumb"},"inLanguage":"sv-SE","potentialAction":[{"@type":"ReadAction","target":["https:\/\/luvatjavalvonta.fi\/sv\/inforande\/instruktioner\/ansokan-om-befullmaktigande-av-tjansteman\/"]}]},{"@type":"ImageObject","inLanguage":"sv-SE","@id":"https:\/\/luvatjavalvonta.fi\/sv\/inforande\/instruktioner\/ansokan-om-befullmaktigande-av-tjansteman\/#primaryimage","url":"https:\/\/luvatjavalvonta.fi\/content\/uploads\/2023\/06\/Virkailijavaltuuttamispalvelu_SV_1b-1024x629.png","contentUrl":"https:\/\/luvatjavalvonta.fi\/content\/uploads\/2023\/06\/Virkailijavaltuuttamispalvelu_SV_1b-1024x629.png"},{"@type":"BreadcrumbList","@id":"https:\/\/luvatjavalvonta.fi\/sv\/inforande\/instruktioner\/ansokan-om-befullmaktigande-av-tjansteman\/#breadcrumb","itemListElement":[{"@type":"ListItem","position":1,"name":"Home","item":"http:\/\/ec2-54-75-134-196.eu-west-1.compute.amazonaws.com\/sv\/"},{"@type":"ListItem","position":2,"name":"Inf\u00f6rande och underh\u00e5ll av tj\u00e4nsten","item":"https:\/\/www.luvatjavalvonta.fi\/sv\/inforande\/"},{"@type":"ListItem","position":3,"name":"Instruktioner","item":"https:\/\/luvatjavalvonta.fi\/sv\/inforande\/instruktioner\/"},{"@type":"ListItem","position":4,"name":"Ans\u00f6kan om befullm\u00e4ktigande av tj\u00e4nsteman"}]},{"@type":"WebSite","@id":"http:\/\/ec2-54-75-134-196.eu-west-1.compute.amazonaws.com\/sv\/#website","url":"http:\/\/ec2-54-75-134-196.eu-west-1.compute.amazonaws.com\/sv\/","name":"Luvat ja valvonta","description":"","potentialAction":[{"@type":"SearchAction","target":{"@type":"EntryPoint","urlTemplate":"http:\/\/ec2-54-75-134-196.eu-west-1.compute.amazonaws.com\/sv\/?s={search_term_string}"},"query-input":{"@type":"PropertyValueSpecification","valueRequired":true,"valueName":"search_term_string"}}],"inLanguage":"sv-SE"}]}},"_links":{"self":[{"href":"https:\/\/luvatjavalvonta.fi\/sv\/wp-json\/wp\/v2\/pages\/4649","targetHints":{"allow":["GET"]}}],"collection":[{"href":"https:\/\/luvatjavalvonta.fi\/sv\/wp-json\/wp\/v2\/pages"}],"about":[{"href":"https:\/\/luvatjavalvonta.fi\/sv\/wp-json\/wp\/v2\/types\/page"}],"author":[{"embeddable":true,"href":"https:\/\/luvatjavalvonta.fi\/sv\/wp-json\/wp\/v2\/users\/14"}],"replies":[{"embeddable":true,"href":"https:\/\/luvatjavalvonta.fi\/sv\/wp-json\/wp\/v2\/comments?post=4649"}],"version-history":[{"count":7,"href":"https:\/\/luvatjavalvonta.fi\/sv\/wp-json\/wp\/v2\/pages\/4649\/revisions"}],"predecessor-version":[{"id":8354,"href":"https:\/\/luvatjavalvonta.fi\/sv\/wp-json\/wp\/v2\/pages\/4649\/revisions\/8354"}],"up":[{"embeddable":true,"href":"https:\/\/luvatjavalvonta.fi\/sv\/wp-json\/wp\/v2\/pages\/8214"}],"wp:attachment":[{"href":"https:\/\/luvatjavalvonta.fi\/sv\/wp-json\/wp\/v2\/media?parent=4649"}],"curies":[{"name":"wp","href":"https:\/\/api.w.org\/{rel}","templated":true}]}}