{"id":4651,"date":"2022-07-07T21:54:27","date_gmt":"2022-07-07T18:54:27","guid":{"rendered":"https:\/\/luvatjavalvonta.fi\/uf-fullmakt\/"},"modified":"2025-12-30T13:25:12","modified_gmt":"2025-12-30T11:25:12","slug":"uf-fullmakt","status":"publish","type":"page","link":"https:\/\/luvatjavalvonta.fi\/sv\/inforande\/instruktioner\/uf-fullmakt\/","title":{"rendered":"UF-fullmakt"},"content":{"rendered":"\n<hr class=\"wp-block-separator has-alpha-channel-opacity\"\/>\n\n\n\n<h2>Anvisning: Beg\u00e4ran om UF-fullmakt<\/h2>\n<ul>\n<li>Akt\u00f6r: organisationens hantering av fullmakter \/ \u201dF\u00f6retr\u00e4darens fullmaktsr\u00e4ttsliga\u201d personer\n<ul>\n<li>Fullmaktsgivare = UF-centret, dvs. \u201dUtvecklings- och f\u00f6rvaltningscentret f\u00f6r n\u00e4rings-, transport- och milj\u00f6centralerna\u201d<\/li>\n<li>Fullmaktstagare\u00a0= Beg\u00e4rande organisation, myndighetsorganisation vars \u00e4renden kan sk\u00f6tas i tj\u00e4nsten<\/li>\n<li>Giltighetstid = anger fullmaktens giltighetstid. Fastst\u00e4lls i enligt organisationens fullmaktsanvisningar<\/li>\n<li>Fullmakts\u00e4rende = \u201dMyndighetsbehandling av tillst\u00e5nds- och tillsynshelheter\u201d<\/li>\n<li>Typ av fullmakt = \u201d<strong>\u00c4rendefullmakt<\/strong>\u201d<\/li>\n<\/ul>\n<\/li>\n<\/ul>\n<p>En av organisationens personer som administrerar Suomi.fi-fullmakter beg\u00e4r fullmakt av UF-centret.<br \/>Personen ska vara registrerad som \u201d<strong>Representantens fullmaktsr\u00e4tt<\/strong>\u201d i fullmakts\u00e4rendet \u201d<strong>Myndighetsbehandling av tillst\u00e5nds- och tillsynshelheter<\/strong>\u201d. I f\u00f6ljande anvisning beskrivs hur du beg\u00e4r fullmakt fr\u00e5n UF-centret, som bekr\u00e4ftar fullmaktsbeg\u00e4ran inom 5 arbetsdagar. Bekr\u00e4ftelsen skickas till den som gjort beg\u00e4ran via tj\u00e4nsten Suomi.fi.<\/p>\n\n\n\n<div class=\"wp-block-columns is-layout-flex wp-container-core-columns-is-layout-9d6595d7 wp-block-columns-is-layout-flex\">\n<div class=\"wp-block-column is-layout-flow wp-block-column-is-layout-flow\" style=\"flex-basis:33.33%\">\n<p>G\u00e5 till Suomi.fi:\u00a0<a href=\"https:\/\/www.suomi.fi\/fullmakter\">https:\/\/www.suomi.fi\/fullmakter<\/a><\/p>\n<p><strong>(1)<\/strong>\u00a0Logga in genom att v\u00e4lja\u00a0<b>\u201dIdentifiera dig\u201d<\/b><\/p>\n<\/div>\n\n\n\n<div class=\"wp-block-column is-layout-flow wp-block-column-is-layout-flow\" style=\"flex-basis:66.66%\">\n<figure class=\"wp-block-image size-large\"><a href=\"https:\/\/luvatjavalvonta.fi\/content\/uploads\/2023\/06\/Valtuudet_SV_11.png\"><img loading=\"lazy\" decoding=\"async\" width=\"1024\" height=\"631\" src=\"https:\/\/luvatjavalvonta.fi\/content\/uploads\/2023\/06\/Valtuudet_SV_11-1024x631.png\" alt=\"Observerande bild\" class=\"wp-image-5780\" srcset=\"https:\/\/luvatjavalvonta.fi\/content\/uploads\/2023\/06\/Valtuudet_SV_11-1024x631.png 1024w, https:\/\/luvatjavalvonta.fi\/content\/uploads\/2023\/06\/Valtuudet_SV_11-300x185.png 300w, https:\/\/luvatjavalvonta.fi\/content\/uploads\/2023\/06\/Valtuudet_SV_11-768x473.png 768w, https:\/\/luvatjavalvonta.fi\/content\/uploads\/2023\/06\/Valtuudet_SV_11-1536x946.png 1536w, https:\/\/luvatjavalvonta.fi\/content\/uploads\/2023\/06\/Valtuudet_SV_11-2048x1261.png 2048w\" sizes=\"auto, (max-width: 1024px) 100vw, 1024px\" \/><\/a><\/figure>\n<\/div>\n<\/div>\n\n\n\n<div class=\"wp-block-columns is-layout-flex wp-container-core-columns-is-layout-9d6595d7 wp-block-columns-is-layout-flex\">\n<div class=\"wp-block-column is-layout-flow wp-block-column-is-layout-flow\" style=\"flex-basis:33.33%\">\n<p>N\u00e4r du har loggat in i Suomi.fi v\u00e4ljer du<\/p>\n<p><strong>(2) F<b>\u00f6retags f<\/b><\/strong><b>ullmakter<\/b><\/p>\n<p>Obs! Denna punkt omfattar ocks\u00e5 fullmakter f\u00f6r offentliga samfund.<\/p>\n<\/div>\n\n\n\n<div class=\"wp-block-column is-layout-flow wp-block-column-is-layout-flow\" style=\"flex-basis:66.66%\">\n<figure class=\"wp-block-image size-large\"><a href=\"https:\/\/luvatjavalvonta.fi\/content\/uploads\/2023\/06\/Valtuudet_SV_2b.png\"><img loading=\"lazy\" decoding=\"async\" width=\"1024\" height=\"745\" src=\"https:\/\/luvatjavalvonta.fi\/content\/uploads\/2023\/06\/Valtuudet_SV_2b-1024x745.png\" alt=\"Observerande bild\" class=\"wp-image-5782\" srcset=\"https:\/\/luvatjavalvonta.fi\/content\/uploads\/2023\/06\/Valtuudet_SV_2b-1024x745.png 1024w, https:\/\/luvatjavalvonta.fi\/content\/uploads\/2023\/06\/Valtuudet_SV_2b-300x218.png 300w, https:\/\/luvatjavalvonta.fi\/content\/uploads\/2023\/06\/Valtuudet_SV_2b-768x559.png 768w, https:\/\/luvatjavalvonta.fi\/content\/uploads\/2023\/06\/Valtuudet_SV_2b-1536x1117.png 1536w, https:\/\/luvatjavalvonta.fi\/content\/uploads\/2023\/06\/Valtuudet_SV_2b-275x200.png 275w, https:\/\/luvatjavalvonta.fi\/content\/uploads\/2023\/06\/Valtuudet_SV_2b.png 1903w\" sizes=\"auto, (max-width: 1024px) 100vw, 1024px\" \/><\/a><\/figure>\n<\/div>\n<\/div>\n\n\n\n<div class=\"wp-block-columns is-layout-flex wp-container-core-columns-is-layout-9d6595d7 wp-block-columns-is-layout-flex\">\n<div class=\"wp-block-column is-layout-flow wp-block-column-is-layout-flow\" style=\"flex-basis:33.33%\">\n<p>V\u00e4lj organisation f\u00f6r vilken UF-fullmakt s\u00f6ks\u00a0<\/p>\n<p><strong>(3)<\/strong>\u00a0P\u00e5 sidan listas alla organisationer som personen kan f\u00f6retr\u00e4da.\u00a0<b>V\u00e4lj offentligt samfund\u00a0<\/b>(i exemplet en kommun) f\u00f6r vilken du beg\u00e4r fullmakt av UF-centret.<\/p>\n<p><strong>(4)<\/strong>\u00a0D\u00e4refter g\u00e5r du vidare i beg\u00e4ran \u201d<b>V\u00e4lj och g\u00e5 till<br \/>e-tj\u00e4nsten<\/b>\u201d<\/p>\n<\/div>\n\n\n\n<div class=\"wp-block-column is-layout-flow wp-block-column-is-layout-flow\" style=\"flex-basis:66.66%\">\n<figure class=\"wp-block-image size-full\"><a href=\"https:\/\/luvatjavalvonta.fi\/content\/uploads\/2023\/06\/Valtuudet_SV_3b.png\"><img decoding=\"async\" src=\"https:\/\/luvatjavalvonta.fi\/content\/uploads\/2023\/06\/Valtuudet_SV_3b.png\" alt=\"Observerande bild\" class=\"wp-image-5784\"\/><\/a><\/figure>\n<\/div>\n<\/div>\n\n\n\n<div class=\"wp-block-columns is-layout-flex wp-container-core-columns-is-layout-9d6595d7 wp-block-columns-is-layout-flex\">\n<div class=\"wp-block-column is-layout-flow wp-block-column-is-layout-flow\" style=\"flex-basis:33.33%\">\n<p><strong>(5)<\/strong>\u00a0Kontrollera f\u00f6r vem du sk\u00f6ter \u00e4renden: Det \u00f6vre f\u00e4ltet ska inneh\u00e5lla\u00a0<b>ditt namn<\/b>\u00a0och\u00a0<b>namnet p\u00e5 det offentliga samfund<\/b>\u00a0f\u00f6r vilket du sk\u00f6ter \u00e4renden<\/p>\n<p><strong>(6)<\/strong>\u00a0V\u00e4lj \u201d<b>Beg\u00e4r fullmakter<\/b>\u201d<\/p>\n<\/div>\n\n\n\n<div class=\"wp-block-column is-layout-flow wp-block-column-is-layout-flow\" style=\"flex-basis:66.66%\">\n<figure class=\"wp-block-image size-large\"><a href=\"https:\/\/luvatjavalvonta.fi\/content\/uploads\/2023\/06\/Keha_valtuus_sv01b.png\"><img loading=\"lazy\" decoding=\"async\" width=\"1024\" height=\"509\" src=\"https:\/\/luvatjavalvonta.fi\/content\/uploads\/2023\/06\/Keha_valtuus_sv01b-1024x509.png\" alt=\"Observerande bild\" class=\"wp-image-5820\" srcset=\"https:\/\/luvatjavalvonta.fi\/content\/uploads\/2023\/06\/Keha_valtuus_sv01b-1024x509.png 1024w, https:\/\/luvatjavalvonta.fi\/content\/uploads\/2023\/06\/Keha_valtuus_sv01b-300x149.png 300w, https:\/\/luvatjavalvonta.fi\/content\/uploads\/2023\/06\/Keha_valtuus_sv01b-768x382.png 768w, https:\/\/luvatjavalvonta.fi\/content\/uploads\/2023\/06\/Keha_valtuus_sv01b-1536x764.png 1536w, https:\/\/luvatjavalvonta.fi\/content\/uploads\/2023\/06\/Keha_valtuus_sv01b-2048x1019.png 2048w\" sizes=\"auto, (max-width: 1024px) 100vw, 1024px\" \/><\/a><\/figure>\n<\/div>\n<\/div>\n\n\n\n<div class=\"wp-block-columns is-layout-flex wp-container-core-columns-is-layout-9d6595d7 wp-block-columns-is-layout-flex\">\n<div class=\"wp-block-column is-layout-flow wp-block-column-is-layout-flow\" style=\"flex-basis:33.33%\">\n<p>L\u00e4gg till din organisation som befullm\u00e4ktigad<\/p>\n<p><strong>(7)<\/strong>\u00a0 L\u00e4gg till fullmaktsgivare i \u201d<b>L\u00e4gg till f\u00f6retag<\/b>\u201d<\/p>\n<p>Obs! Via \u201d<strong>L\u00e4gg till f\u00f6retag<\/strong>\u201d kan du ocks\u00e5 l\u00e4gga till <strong>offentliga<\/strong> samfund.<\/p>\n<\/div>\n\n\n\n<div class=\"wp-block-column is-layout-flow wp-block-column-is-layout-flow\" style=\"flex-basis:66.66%\">\n<figure class=\"wp-block-image size-large\"><a href=\"https:\/\/luvatjavalvonta.fi\/content\/uploads\/2023\/06\/Keha_valtuus_sv1b.png\"><img loading=\"lazy\" decoding=\"async\" width=\"1024\" height=\"424\" src=\"https:\/\/luvatjavalvonta.fi\/content\/uploads\/2023\/06\/Keha_valtuus_sv1b-1024x424.png\" alt=\"Observerande bild\" class=\"wp-image-5822\" srcset=\"https:\/\/luvatjavalvonta.fi\/content\/uploads\/2023\/06\/Keha_valtuus_sv1b-1024x424.png 1024w, https:\/\/luvatjavalvonta.fi\/content\/uploads\/2023\/06\/Keha_valtuus_sv1b-300x124.png 300w, https:\/\/luvatjavalvonta.fi\/content\/uploads\/2023\/06\/Keha_valtuus_sv1b-768x318.png 768w, https:\/\/luvatjavalvonta.fi\/content\/uploads\/2023\/06\/Keha_valtuus_sv1b-1536x636.png 1536w, https:\/\/luvatjavalvonta.fi\/content\/uploads\/2023\/06\/Keha_valtuus_sv1b-2048x849.png 2048w\" sizes=\"auto, (max-width: 1024px) 100vw, 1024px\" \/><\/a><\/figure>\n<\/div>\n<\/div>\n\n\n\n<div class=\"wp-block-columns is-layout-flex wp-container-core-columns-is-layout-9d6595d7 wp-block-columns-is-layout-flex\">\n<div class=\"wp-block-column is-layout-flow wp-block-column-is-layout-flow\" style=\"flex-basis:33.33%\">\n<p>L\u00e4gg till UF-centret som fullmaktsgivare<\/p>\n<p><strong>(8)<\/strong>\u00a0S\u00f6k fullmaktsgivare \u201d<b>Utvecklings- och f\u00f6rvaltningscentret f\u00f6r n\u00e4rings-, transport- och milj\u00f6centralen samt arbets- och n\u00e4ringsbyr\u00e5erna<\/b>\u201d (namnet p\u00e5 UF-centret \u00e4r p\u00e5 finska i Suomi.fi-tj\u00e4nsten)<\/p>\n<ul>\n<li>FO-nummer: 2296962-1<\/li>\n<\/ul>\n<p><strong>(9)<\/strong>\u00a0V\u00e4lj det som fullmaktsgivare<\/p>\n<p><strong>(10)<\/strong>\u00a0V\u00e4lj d\u00e4refter \u201d<b>N\u00e4sta<\/b>\u201d<\/p>\n<\/div>\n\n\n\n<div class=\"wp-block-column is-layout-flow wp-block-column-is-layout-flow\" style=\"flex-basis:66.66%\">\n<figure class=\"wp-block-image size-large\"><a href=\"https:\/\/luvatjavalvonta.fi\/content\/uploads\/2023\/06\/Keha_valtuus_sv2b.png\"><img loading=\"lazy\" decoding=\"async\" width=\"1024\" height=\"655\" src=\"https:\/\/luvatjavalvonta.fi\/content\/uploads\/2023\/06\/Keha_valtuus_sv2b-1024x655.png\" alt=\"Observerande bild\" class=\"wp-image-5824\" srcset=\"https:\/\/luvatjavalvonta.fi\/content\/uploads\/2023\/06\/Keha_valtuus_sv2b-1024x655.png 1024w, https:\/\/luvatjavalvonta.fi\/content\/uploads\/2023\/06\/Keha_valtuus_sv2b-300x192.png 300w, https:\/\/luvatjavalvonta.fi\/content\/uploads\/2023\/06\/Keha_valtuus_sv2b-768x491.png 768w, https:\/\/luvatjavalvonta.fi\/content\/uploads\/2023\/06\/Keha_valtuus_sv2b-1536x982.png 1536w, https:\/\/luvatjavalvonta.fi\/content\/uploads\/2023\/06\/Keha_valtuus_sv2b-2048x1309.png 2048w\" sizes=\"auto, (max-width: 1024px) 100vw, 1024px\" \/><\/a><\/figure>\n<\/div>\n<\/div>\n\n\n\n<div class=\"wp-block-columns is-layout-flex wp-container-core-columns-is-layout-9d6595d7 wp-block-columns-is-layout-flex\">\n<div class=\"wp-block-column is-layout-flow wp-block-column-is-layout-flow\" style=\"flex-basis:33.33%\">\n<p>Val av fullmakts\u00e4rende<\/p>\n<p><strong>(11)<\/strong> Avgr\u00e4nsa det s\u00f6kta fullmakts\u00e4rendet med namnet \u201d<b>tillst\u00e5nds- och tillsynshelheter<\/b>\u201d<\/p>\n<p><strong>(12) <\/strong>V\u00e4lj \u201d<b>Myndighetsbehandling av tillst\u00e5nds- och tillsynshelheter<\/b>\u201d<\/p>\n<p><strong>(13) <\/strong>V\u00e4lj \u201d<b>N\u00e4sta<\/b>\u201d<\/p>\n<\/div>\n\n\n\n<div class=\"wp-block-column is-layout-flow wp-block-column-is-layout-flow\" style=\"flex-basis:66.66%\">\n<figure class=\"wp-block-image size-large\"><a href=\"https:\/\/luvatjavalvonta.fi\/content\/uploads\/2023\/06\/Keha_valtuus_sv3b-1.png\"><img loading=\"lazy\" decoding=\"async\" width=\"918\" height=\"1024\" src=\"https:\/\/luvatjavalvonta.fi\/content\/uploads\/2023\/06\/Keha_valtuus_sv3b-1-918x1024.png\" alt=\"Observerande bild\" class=\"wp-image-5828\" srcset=\"https:\/\/luvatjavalvonta.fi\/content\/uploads\/2023\/06\/Keha_valtuus_sv3b-1-918x1024.png 918w, https:\/\/luvatjavalvonta.fi\/content\/uploads\/2023\/06\/Keha_valtuus_sv3b-1-269x300.png 269w, https:\/\/luvatjavalvonta.fi\/content\/uploads\/2023\/06\/Keha_valtuus_sv3b-1-768x856.png 768w, https:\/\/luvatjavalvonta.fi\/content\/uploads\/2023\/06\/Keha_valtuus_sv3b-1-1377x1536.png 1377w, https:\/\/luvatjavalvonta.fi\/content\/uploads\/2023\/06\/Keha_valtuus_sv3b-1-179x200.png 179w, https:\/\/luvatjavalvonta.fi\/content\/uploads\/2023\/06\/Keha_valtuus_sv3b-1.png 1545w\" sizes=\"auto, (max-width: 918px) 100vw, 918px\" \/><\/a><\/figure>\n<\/div>\n<\/div>\n\n\n\n<div class=\"wp-block-columns is-layout-flex wp-container-core-columns-is-layout-9d6595d7 wp-block-columns-is-layout-flex\">\n<div class=\"wp-block-column is-layout-flow wp-block-column-is-layout-flow\" style=\"flex-basis:33.33%\">\n<p>Fastst\u00e4ll fullmaktens giltighet<\/p>\n<p><strong>(14) <\/strong>Ange giltighetstid f\u00f6r fullmakten<\/p>\n<ul>\n<li><b>Det f\u00f6rvalda startdatumet<\/b>\u00a0\u00e4r bekr\u00e4ftelsedagen f\u00f6r beg\u00e4ran<\/li>\n<li><b>Du kan v\u00e4lja slutdatum<\/b>\u00a0i kalendern, men<b>\u00a0vi rekommenderar att man direkt anger antal \u00e5r<\/b>. Enligt organisationens instruktioner rekommenderas<\/li>\n<\/ul>\n<p>Obs! N\u00e4r fullmakten l\u00f6per ut avbryts anv\u00e4ndningen av tj\u00e4nsten Tillst\u00e5nd och tillsyn<\/p>\n<p><strong>(15)<\/strong>V\u00e4lj \u201d<b>N\u00e4sta<\/b>\u201d<\/p>\n<\/div>\n\n\n\n<div class=\"wp-block-column is-layout-flow wp-block-column-is-layout-flow\" style=\"flex-basis:66.66%\">\n<figure class=\"wp-block-image size-large\"><a href=\"https:\/\/luvatjavalvonta.fi\/content\/uploads\/2023\/06\/Keha_valtuus_sv4b.png\"><img loading=\"lazy\" decoding=\"async\" width=\"1024\" height=\"630\" src=\"https:\/\/luvatjavalvonta.fi\/content\/uploads\/2023\/06\/Keha_valtuus_sv4b-1024x630.png\" alt=\"Observerande bild\" class=\"wp-image-5830\" srcset=\"https:\/\/luvatjavalvonta.fi\/content\/uploads\/2023\/06\/Keha_valtuus_sv4b-1024x630.png 1024w, https:\/\/luvatjavalvonta.fi\/content\/uploads\/2023\/06\/Keha_valtuus_sv4b-300x185.png 300w, https:\/\/luvatjavalvonta.fi\/content\/uploads\/2023\/06\/Keha_valtuus_sv4b-768x473.png 768w, https:\/\/luvatjavalvonta.fi\/content\/uploads\/2023\/06\/Keha_valtuus_sv4b-1536x945.png 1536w, https:\/\/luvatjavalvonta.fi\/content\/uploads\/2023\/06\/Keha_valtuus_sv4b-2048x1260.png 2048w\" sizes=\"auto, (max-width: 1024px) 100vw, 1024px\" \/><\/a><\/figure>\n<\/div>\n<\/div>\n\n\n\n<div class=\"wp-block-columns is-layout-flex wp-container-core-columns-is-layout-9d6595d7 wp-block-columns-is-layout-flex\">\n<div class=\"wp-block-column is-layout-flow wp-block-column-is-layout-flow\" style=\"flex-basis:33.33%\">\n<p>Kontrollera och bekr\u00e4fta beg\u00e4ran<\/p>\n<p><strong>(17) <\/strong>Kontrollera inneh\u00e5llet i fullmaktsbeg\u00e4ran<\/p>\n<ul>\n<li><b>Fullmaktsgivare:<\/b> \u201dUtvecklings- och f\u00f6rvaltningscentret f\u00f6r n\u00e4rings-, transport- och milj\u00f6centralerna\u201d = UF-centret<\/li>\n<li><b>Fullmaktstagare:<\/b>\u00a0Offentligt samfund som du f\u00f6retr\u00e4der och dess FO-nummer<\/li>\n<li><b>Giltighetstid<\/b>: enligt organisationens instruktioner f\u00f6r fullmakter<\/li>\n<li><b>Fullmakts\u00e4rende<\/b>: Myndighetsbehandling av tillst\u00e5nds- och tillsynshelheter<\/li>\n<li><b>Typ av fullmakt<\/b>: Fullmakt f\u00f6r \u00e4renden<\/li>\n<\/ul>\n<p><strong>(18) <\/strong>Kontrollera uppgifterna i sammanfattningen och v\u00e4lj \u201d<b>Bekr\u00e4fta beg\u00e4ran om fullmakt<\/b>\u201d<\/p>\n<ul>\n<li>R\u00e4tta uppgifterna genom att v\u00e4lja \u201df\u00f6reg\u00e5ende\u201d<\/li>\n<\/ul>\n<\/div>\n\n\n\n<div class=\"wp-block-column is-layout-flow wp-block-column-is-layout-flow\" style=\"flex-basis:66.66%\">\n<figure class=\"wp-block-image size-large\"><a href=\"https:\/\/luvatjavalvonta.fi\/content\/uploads\/2023\/06\/Keha_valtuus_sv5b-2.png\"><img loading=\"lazy\" decoding=\"async\" width=\"1024\" height=\"862\" src=\"https:\/\/luvatjavalvonta.fi\/content\/uploads\/2023\/06\/Keha_valtuus_sv5b-2-1024x862.png\" alt=\"Observerande bild\" class=\"wp-image-5836\" srcset=\"https:\/\/luvatjavalvonta.fi\/content\/uploads\/2023\/06\/Keha_valtuus_sv5b-2-1024x862.png 1024w, https:\/\/luvatjavalvonta.fi\/content\/uploads\/2023\/06\/Keha_valtuus_sv5b-2-300x252.png 300w, https:\/\/luvatjavalvonta.fi\/content\/uploads\/2023\/06\/Keha_valtuus_sv5b-2-768x646.png 768w, https:\/\/luvatjavalvonta.fi\/content\/uploads\/2023\/06\/Keha_valtuus_sv5b-2-1536x1292.png 1536w, https:\/\/luvatjavalvonta.fi\/content\/uploads\/2023\/06\/Keha_valtuus_sv5b-2-238x200.png 238w, https:\/\/luvatjavalvonta.fi\/content\/uploads\/2023\/06\/Keha_valtuus_sv5b-2.png 1809w\" sizes=\"auto, (max-width: 1024px) 100vw, 1024px\" \/><\/a><\/figure>\n<\/div>\n<\/div>\n","protected":false},"excerpt":{"rendered":"<p>Anvisning: Beg\u00e4ran om UF-fullmakt Akt\u00f6r: organisationens hantering av fullmakter \/ \u201dF\u00f6retr\u00e4darens fullmaktsr\u00e4ttsliga\u201d personer Fullmaktsgivare = UF-centret, dvs. \u201dUtvecklings- och f\u00f6rvaltningscentret f\u00f6r n\u00e4rings-, transport- och milj\u00f6centralerna\u201d Fullmaktstagare\u00a0= Beg\u00e4rande organisation, myndighetsorganisation vars \u00e4renden kan sk\u00f6tas i tj\u00e4nsten Giltighetstid = anger fullmaktens giltighetstid. Fastst\u00e4lls i enligt organisationens fullmaktsanvisningar Fullmakts\u00e4rende = \u201dMyndighetsbehandling av tillst\u00e5nds- och tillsynshelheter\u201d Typ av fullmakt [&hellip;]<\/p>\n","protected":false},"author":14,"featured_media":0,"parent":8214,"menu_order":6,"comment_status":"closed","ping_status":"closed","template":"","meta":{"_acf_changed":false,"inline_featured_image":false,"footnotes":""},"class_list":["post-4651","page","type-page","status-publish","hentry"],"acf":{"ai_extra_content":"","ai_instructions":"","ai_hidden_page":false},"yoast_head":"<!-- This site is optimized with the Yoast SEO plugin v25.9 - https:\/\/yoast.com\/wordpress\/plugins\/seo\/ -->\n<title>UF-fullmakt - Luvat ja valvonta<\/title>\n<meta name=\"robots\" content=\"index, follow, max-snippet:-1, max-image-preview:large, max-video-preview:-1\" \/>\n<link rel=\"canonical\" href=\"https:\/\/luvatjavalvonta.fi\/sv\/inforande\/instruktioner\/uf-fullmakt\/\" \/>\n<meta property=\"og:locale\" content=\"sv_SE\" \/>\n<meta property=\"og:type\" content=\"article\" \/>\n<meta property=\"og:title\" content=\"UF-fullmakt - Luvat ja valvonta\" \/>\n<meta property=\"og:description\" content=\"Anvisning: Beg\u00e4ran om UF-fullmakt Akt\u00f6r: organisationens hantering av fullmakter \/ \u201dF\u00f6retr\u00e4darens fullmaktsr\u00e4ttsliga\u201d personer Fullmaktsgivare = UF-centret, dvs. \u201dUtvecklings- och f\u00f6rvaltningscentret f\u00f6r n\u00e4rings-, transport- och milj\u00f6centralerna\u201d Fullmaktstagare\u00a0= Beg\u00e4rande organisation, myndighetsorganisation vars \u00e4renden kan sk\u00f6tas i tj\u00e4nsten Giltighetstid = anger fullmaktens giltighetstid. Fastst\u00e4lls i enligt organisationens fullmaktsanvisningar Fullmakts\u00e4rende = \u201dMyndighetsbehandling av tillst\u00e5nds- och tillsynshelheter\u201d Typ av fullmakt [&hellip;]\" \/>\n<meta property=\"og:url\" content=\"https:\/\/luvatjavalvonta.fi\/sv\/inforande\/instruktioner\/uf-fullmakt\/\" \/>\n<meta property=\"og:site_name\" content=\"Luvat ja valvonta\" \/>\n<meta property=\"article:modified_time\" content=\"2025-12-30T11:25:12+00:00\" \/>\n<meta property=\"og:image\" content=\"https:\/\/luvatjavalvonta.fi\/content\/uploads\/2023\/06\/Valtuudet_SV_11-1024x631.png\" \/>\n<meta name=\"twitter:card\" content=\"summary_large_image\" \/>\n<meta name=\"twitter:label1\" content=\"Est. reading time\" \/>\n\t<meta name=\"twitter:data1\" content=\"5 minutes\" \/>\n<script type=\"application\/ld+json\" class=\"yoast-schema-graph\">{\"@context\":\"https:\/\/schema.org\",\"@graph\":[{\"@type\":\"WebPage\",\"@id\":\"https:\/\/luvatjavalvonta.fi\/sv\/inforande\/instruktioner\/uf-fullmakt\/\",\"url\":\"https:\/\/luvatjavalvonta.fi\/sv\/inforande\/instruktioner\/uf-fullmakt\/\",\"name\":\"UF-fullmakt - Luvat ja valvonta\",\"isPartOf\":{\"@id\":\"https:\/\/luvatjavalvonta.fi\/#website\"},\"primaryImageOfPage\":{\"@id\":\"https:\/\/luvatjavalvonta.fi\/sv\/inforande\/instruktioner\/uf-fullmakt\/#primaryimage\"},\"image\":{\"@id\":\"https:\/\/luvatjavalvonta.fi\/sv\/inforande\/instruktioner\/uf-fullmakt\/#primaryimage\"},\"thumbnailUrl\":\"https:\/\/luvatjavalvonta.fi\/content\/uploads\/2023\/06\/Valtuudet_SV_11-1024x631.png\",\"datePublished\":\"2022-07-07T18:54:27+00:00\",\"dateModified\":\"2025-12-30T11:25:12+00:00\",\"breadcrumb\":{\"@id\":\"https:\/\/luvatjavalvonta.fi\/sv\/inforande\/instruktioner\/uf-fullmakt\/#breadcrumb\"},\"inLanguage\":\"sv-SE\",\"potentialAction\":[{\"@type\":\"ReadAction\",\"target\":[\"https:\/\/luvatjavalvonta.fi\/sv\/inforande\/instruktioner\/uf-fullmakt\/\"]}]},{\"@type\":\"ImageObject\",\"inLanguage\":\"sv-SE\",\"@id\":\"https:\/\/luvatjavalvonta.fi\/sv\/inforande\/instruktioner\/uf-fullmakt\/#primaryimage\",\"url\":\"https:\/\/luvatjavalvonta.fi\/content\/uploads\/2023\/06\/Valtuudet_SV_11-1024x631.png\",\"contentUrl\":\"https:\/\/luvatjavalvonta.fi\/content\/uploads\/2023\/06\/Valtuudet_SV_11-1024x631.png\"},{\"@type\":\"BreadcrumbList\",\"@id\":\"https:\/\/luvatjavalvonta.fi\/sv\/inforande\/instruktioner\/uf-fullmakt\/#breadcrumb\",\"itemListElement\":[{\"@type\":\"ListItem\",\"position\":1,\"name\":\"Home\",\"item\":\"http:\/\/54.75.134.196:80\/sv\/\"},{\"@type\":\"ListItem\",\"position\":2,\"name\":\"Inf\u00f6rande och underh\u00e5ll av tj\u00e4nsten\",\"item\":\"http:\/\/www.luvatjavalvonta.fi\/sv\/inforande\/\"},{\"@type\":\"ListItem\",\"position\":3,\"name\":\"Instruktioner\",\"item\":\"https:\/\/ec2-54-75-134-196.eu-west-1.compute.amazonaws.com\/sv\/inforande\/instruktioner\/\"},{\"@type\":\"ListItem\",\"position\":4,\"name\":\"UF-fullmakt\"}]},{\"@type\":\"WebSite\",\"@id\":\"https:\/\/luvatjavalvonta.fi\/#website\",\"url\":\"https:\/\/luvatjavalvonta.fi\/\",\"name\":\"Luvat ja valvonta\",\"description\":\"\",\"potentialAction\":[{\"@type\":\"SearchAction\",\"target\":{\"@type\":\"EntryPoint\",\"urlTemplate\":\"https:\/\/luvatjavalvonta.fi\/?s={search_term_string}\"},\"query-input\":{\"@type\":\"PropertyValueSpecification\",\"valueRequired\":true,\"valueName\":\"search_term_string\"}}],\"inLanguage\":\"sv-SE\"}]}<\/script>\n<!-- \/ Yoast SEO plugin. -->","yoast_head_json":{"title":"UF-fullmakt - Luvat ja valvonta","robots":{"index":"index","follow":"follow","max-snippet":"max-snippet:-1","max-image-preview":"max-image-preview:large","max-video-preview":"max-video-preview:-1"},"canonical":"https:\/\/luvatjavalvonta.fi\/sv\/inforande\/instruktioner\/uf-fullmakt\/","og_locale":"sv_SE","og_type":"article","og_title":"UF-fullmakt - Luvat ja valvonta","og_description":"Anvisning: Beg\u00e4ran om UF-fullmakt Akt\u00f6r: organisationens hantering av fullmakter \/ \u201dF\u00f6retr\u00e4darens fullmaktsr\u00e4ttsliga\u201d personer Fullmaktsgivare = UF-centret, dvs. \u201dUtvecklings- och f\u00f6rvaltningscentret f\u00f6r n\u00e4rings-, transport- och milj\u00f6centralerna\u201d Fullmaktstagare\u00a0= Beg\u00e4rande organisation, myndighetsorganisation vars \u00e4renden kan sk\u00f6tas i tj\u00e4nsten Giltighetstid = anger fullmaktens giltighetstid. Fastst\u00e4lls i enligt organisationens fullmaktsanvisningar Fullmakts\u00e4rende = \u201dMyndighetsbehandling av tillst\u00e5nds- och tillsynshelheter\u201d Typ av fullmakt [&hellip;]","og_url":"https:\/\/luvatjavalvonta.fi\/sv\/inforande\/instruktioner\/uf-fullmakt\/","og_site_name":"Luvat ja valvonta","article_modified_time":"2025-12-30T11:25:12+00:00","og_image":[{"url":"https:\/\/luvatjavalvonta.fi\/content\/uploads\/2023\/06\/Valtuudet_SV_11-1024x631.png","type":"","width":"","height":""}],"twitter_card":"summary_large_image","twitter_misc":{"Est. reading time":"5 minutes"},"schema":{"@context":"https:\/\/schema.org","@graph":[{"@type":"WebPage","@id":"https:\/\/luvatjavalvonta.fi\/sv\/inforande\/instruktioner\/uf-fullmakt\/","url":"https:\/\/luvatjavalvonta.fi\/sv\/inforande\/instruktioner\/uf-fullmakt\/","name":"UF-fullmakt - Luvat ja valvonta","isPartOf":{"@id":"https:\/\/luvatjavalvonta.fi\/#website"},"primaryImageOfPage":{"@id":"https:\/\/luvatjavalvonta.fi\/sv\/inforande\/instruktioner\/uf-fullmakt\/#primaryimage"},"image":{"@id":"https:\/\/luvatjavalvonta.fi\/sv\/inforande\/instruktioner\/uf-fullmakt\/#primaryimage"},"thumbnailUrl":"https:\/\/luvatjavalvonta.fi\/content\/uploads\/2023\/06\/Valtuudet_SV_11-1024x631.png","datePublished":"2022-07-07T18:54:27+00:00","dateModified":"2025-12-30T11:25:12+00:00","breadcrumb":{"@id":"https:\/\/luvatjavalvonta.fi\/sv\/inforande\/instruktioner\/uf-fullmakt\/#breadcrumb"},"inLanguage":"sv-SE","potentialAction":[{"@type":"ReadAction","target":["https:\/\/luvatjavalvonta.fi\/sv\/inforande\/instruktioner\/uf-fullmakt\/"]}]},{"@type":"ImageObject","inLanguage":"sv-SE","@id":"https:\/\/luvatjavalvonta.fi\/sv\/inforande\/instruktioner\/uf-fullmakt\/#primaryimage","url":"https:\/\/luvatjavalvonta.fi\/content\/uploads\/2023\/06\/Valtuudet_SV_11-1024x631.png","contentUrl":"https:\/\/luvatjavalvonta.fi\/content\/uploads\/2023\/06\/Valtuudet_SV_11-1024x631.png"},{"@type":"BreadcrumbList","@id":"https:\/\/luvatjavalvonta.fi\/sv\/inforande\/instruktioner\/uf-fullmakt\/#breadcrumb","itemListElement":[{"@type":"ListItem","position":1,"name":"Home","item":"http:\/\/54.75.134.196:80\/sv\/"},{"@type":"ListItem","position":2,"name":"Inf\u00f6rande och underh\u00e5ll av tj\u00e4nsten","item":"http:\/\/www.luvatjavalvonta.fi\/sv\/inforande\/"},{"@type":"ListItem","position":3,"name":"Instruktioner","item":"https:\/\/ec2-54-75-134-196.eu-west-1.compute.amazonaws.com\/sv\/inforande\/instruktioner\/"},{"@type":"ListItem","position":4,"name":"UF-fullmakt"}]},{"@type":"WebSite","@id":"https:\/\/luvatjavalvonta.fi\/#website","url":"https:\/\/luvatjavalvonta.fi\/","name":"Luvat ja valvonta","description":"","potentialAction":[{"@type":"SearchAction","target":{"@type":"EntryPoint","urlTemplate":"https:\/\/luvatjavalvonta.fi\/?s={search_term_string}"},"query-input":{"@type":"PropertyValueSpecification","valueRequired":true,"valueName":"search_term_string"}}],"inLanguage":"sv-SE"}]}},"_links":{"self":[{"href":"https:\/\/luvatjavalvonta.fi\/sv\/wp-json\/wp\/v2\/pages\/4651","targetHints":{"allow":["GET"]}}],"collection":[{"href":"https:\/\/luvatjavalvonta.fi\/sv\/wp-json\/wp\/v2\/pages"}],"about":[{"href":"https:\/\/luvatjavalvonta.fi\/sv\/wp-json\/wp\/v2\/types\/page"}],"author":[{"embeddable":true,"href":"https:\/\/luvatjavalvonta.fi\/sv\/wp-json\/wp\/v2\/users\/14"}],"replies":[{"embeddable":true,"href":"https:\/\/luvatjavalvonta.fi\/sv\/wp-json\/wp\/v2\/comments?post=4651"}],"version-history":[{"count":9,"href":"https:\/\/luvatjavalvonta.fi\/sv\/wp-json\/wp\/v2\/pages\/4651\/revisions"}],"predecessor-version":[{"id":8317,"href":"https:\/\/luvatjavalvonta.fi\/sv\/wp-json\/wp\/v2\/pages\/4651\/revisions\/8317"}],"up":[{"embeddable":true,"href":"https:\/\/luvatjavalvonta.fi\/sv\/wp-json\/wp\/v2\/pages\/8214"}],"wp:attachment":[{"href":"https:\/\/luvatjavalvonta.fi\/sv\/wp-json\/wp\/v2\/media?parent=4651"}],"curies":[{"name":"wp","href":"https:\/\/api.w.org\/{rel}","templated":true}]}}