{"id":4695,"date":"2022-09-13T16:46:36","date_gmt":"2022-09-13T13:46:36","guid":{"rendered":"https:\/\/luvatjavalvonta.fi\/riskanalys-och-riskhantering\/"},"modified":"2023-05-04T16:19:21","modified_gmt":"2023-05-04T13:19:21","slug":"riskanalys-och-riskhantering","status":"publish","type":"page","link":"https:\/\/luvatjavalvonta.fi\/sv\/kundorienterad-utveckling\/mal-och-beslut\/definition-av-mallaget-och-beslut-om-inforande\/riskanalys-och-riskhantering\/","title":{"rendered":"Riskanalys och riskhantering"},"content":{"rendered":"\n<hr class=\"wp-block-separator has-alpha-channel-opacity\"\/>\n\n\n\n<p class=\"post-title\"><span style=\"font-size: revert; color: initial;\">Syftet med riskanalys och riskhantering \u00e4r att identifiera de risker som \u00e4r f\u00f6rknippade med inf\u00f6randet av serviceskiktet och f\u00f6r\u00e4ndringen i rutinerna samt att bed\u00f6ma deras sannolikhet och f\u00f6rv\u00e4ntade skador. Ut\u00f6ver identifiering av risker bed\u00f6mer man med hj\u00e4lp av riskanalys storleken och betydelsen av risker, identifierar \u00e5tg\u00e4rder f\u00f6r att minska eller f\u00f6rebygga risker och \u00f6vervakar deras genomf\u00f6rande och effektivitet. Riskhantering omfattar \u00e4ven planer p\u00e5 hur man ska agera n\u00e4r skadan \u00e4r framme, hur man \u00e5terh\u00e4mtar sig fr\u00e5n skador och hur man l\u00e4r sig av sina egna och andras erfarenheter. Vissa risker kan accepteras efter identifieringen, men riskhantering hj\u00e4lper ocks\u00e5 med att hantera dessa risker.<\/span><\/p>\n<div class=\"post-content\">\n<p>Risker som identifierats i anslutning till Tillst\u00e5nds- och tillsynsprojektet och hur man kan f\u00f6rbereda sig p\u00e5 dem har samlats i riskanalysen av serviceskiktet. Myndigheten b\u00f6r komplettera riskanalysen med specifika risker relaterade till den och hantera dem. Myndigheten kan ocks\u00e5 anv\u00e4nda sin standardiserade riskanalysmall och sina riskhanteringsmetoder, om s\u00e5dana finns.<\/p>\n<h2>N\u00e4r b\u00f6r en riskanalys genomf\u00f6ras?<\/h2>\n<p>Myndigheten b\u00f6r g\u00f6ra en riskanalys n\u00e4r den \u00f6verv\u00e4ger att ansluta sig till serviceskiktet. Det \u00e4r viktigt att riskanalysen identifierar m\u00f6jliga risker och f\u00f6rbereder sig f\u00f6r dem innan de intr\u00e4ffar, och d\u00e4rf\u00f6r rekommenderas det att riskanalysen uppdateras och ses \u00f6ver regelbundet.<\/p>\n<h2>Vem genomf\u00f6r riskanalysen?<\/h2>\n<p>Riskanalysen genomf\u00f6rs av den part i myndighetens organisation som deltar i beslutsfattandet och har tillg\u00e5ng till n\u00f6dv\u00e4ndig bakgrundsinformation. Det kan till exempel vara en projektchef eller en representant f\u00f6r ledningen. Det rekommenderas att regelbundet se \u00f6ver riskanalysen, till exempel vid m\u00f6ten f\u00f6r myndighetens projektstyrgrupp.<\/p>\n<\/div>\n\n\n\n<div class=\"wp-block-columns is-layout-flex wp-container-core-columns-is-layout-9d6595d7 wp-block-columns-is-layout-flex\">\n<div class=\"wp-block-column is-layout-flow wp-block-column-is-layout-flow\">\n<p><a href=\"https:\/\/luvatjavalvonta.fi\/content\/uploads\/2022\/09\/Luvat-ja-valvonta-riskianalyysi-pohja.xlsx\">Mall f\u00f6r riskanalys relaterad till tj\u00e4nsten Tillst\u00e5nd och tillsyn<\/a><\/p>\n<\/div>\n\n\n\n<div class=\"wp-block-column is-layout-flow wp-block-column-is-layout-flow\"><\/div>\n\n\n\n<div class=\"wp-block-column is-layout-flow wp-block-column-is-layout-flow\"><\/div>\n<\/div>\n","protected":false},"excerpt":{"rendered":"<p>Syftet med riskanalys och riskhantering \u00e4r att identifiera de risker som \u00e4r f\u00f6rknippade med inf\u00f6randet av serviceskiktet och f\u00f6r\u00e4ndringen i rutinerna samt att bed\u00f6ma deras sannolikhet och f\u00f6rv\u00e4ntade skador. Ut\u00f6ver identifiering av risker bed\u00f6mer man med hj\u00e4lp av riskanalys storleken och betydelsen av risker, identifierar \u00e5tg\u00e4rder f\u00f6r att minska eller f\u00f6rebygga risker och \u00f6vervakar deras [&hellip;]<\/p>\n","protected":false},"author":14,"featured_media":0,"parent":4757,"menu_order":84,"comment_status":"closed","ping_status":"closed","template":"","meta":{"_acf_changed":false,"inline_featured_image":false,"footnotes":""},"class_list":["post-4695","page","type-page","status-publish","hentry"],"acf":{"ai_extra_content":"","ai_instructions":"","ai_hidden_page":false},"yoast_head":"<!-- This site is optimized with the Yoast SEO plugin v25.9 - https:\/\/yoast.com\/wordpress\/plugins\/seo\/ -->\n<title>Riskanalys och riskhantering - Luvat ja valvonta<\/title>\n<meta name=\"robots\" content=\"index, follow, max-snippet:-1, max-image-preview:large, max-video-preview:-1\" \/>\n<link rel=\"canonical\" href=\"https:\/\/luvatjavalvonta.fi\/sv\/kundorienterad-utveckling\/mal-och-beslut\/definition-av-mallaget-och-beslut-om-inforande\/riskanalys-och-riskhantering\/\" \/>\n<meta property=\"og:locale\" content=\"sv_SE\" \/>\n<meta property=\"og:type\" content=\"article\" \/>\n<meta property=\"og:title\" content=\"Riskanalys och riskhantering - Luvat ja valvonta\" \/>\n<meta property=\"og:description\" content=\"Syftet med riskanalys och riskhantering \u00e4r att identifiera de risker som \u00e4r f\u00f6rknippade med inf\u00f6randet av serviceskiktet och f\u00f6r\u00e4ndringen i rutinerna samt att bed\u00f6ma deras sannolikhet och f\u00f6rv\u00e4ntade skador. Ut\u00f6ver identifiering av risker bed\u00f6mer man med hj\u00e4lp av riskanalys storleken och betydelsen av risker, identifierar \u00e5tg\u00e4rder f\u00f6r att minska eller f\u00f6rebygga risker och \u00f6vervakar deras [&hellip;]\" \/>\n<meta property=\"og:url\" content=\"https:\/\/luvatjavalvonta.fi\/sv\/kundorienterad-utveckling\/mal-och-beslut\/definition-av-mallaget-och-beslut-om-inforande\/riskanalys-och-riskhantering\/\" \/>\n<meta property=\"og:site_name\" content=\"Luvat ja valvonta\" \/>\n<meta property=\"article:modified_time\" content=\"2023-05-04T13:19:21+00:00\" \/>\n<meta name=\"twitter:card\" content=\"summary_large_image\" \/>\n<meta name=\"twitter:label1\" content=\"Est. reading time\" \/>\n\t<meta name=\"twitter:data1\" content=\"2 minutes\" \/>\n<script type=\"application\/ld+json\" class=\"yoast-schema-graph\">{\"@context\":\"https:\/\/schema.org\",\"@graph\":[{\"@type\":\"WebPage\",\"@id\":\"https:\/\/luvatjavalvonta.fi\/sv\/kundorienterad-utveckling\/mal-och-beslut\/definition-av-mallaget-och-beslut-om-inforande\/riskanalys-och-riskhantering\/\",\"url\":\"https:\/\/luvatjavalvonta.fi\/sv\/kundorienterad-utveckling\/mal-och-beslut\/definition-av-mallaget-och-beslut-om-inforande\/riskanalys-och-riskhantering\/\",\"name\":\"Riskanalys och riskhantering - Luvat ja valvonta\",\"isPartOf\":{\"@id\":\"https:\/\/luvatjavalvonta.fi\/#website\"},\"datePublished\":\"2022-09-13T13:46:36+00:00\",\"dateModified\":\"2023-05-04T13:19:21+00:00\",\"breadcrumb\":{\"@id\":\"https:\/\/luvatjavalvonta.fi\/sv\/kundorienterad-utveckling\/mal-och-beslut\/definition-av-mallaget-och-beslut-om-inforande\/riskanalys-och-riskhantering\/#breadcrumb\"},\"inLanguage\":\"sv-SE\",\"potentialAction\":[{\"@type\":\"ReadAction\",\"target\":[\"https:\/\/luvatjavalvonta.fi\/sv\/kundorienterad-utveckling\/mal-och-beslut\/definition-av-mallaget-och-beslut-om-inforande\/riskanalys-och-riskhantering\/\"]}]},{\"@type\":\"BreadcrumbList\",\"@id\":\"https:\/\/luvatjavalvonta.fi\/sv\/kundorienterad-utveckling\/mal-och-beslut\/definition-av-mallaget-och-beslut-om-inforande\/riskanalys-och-riskhantering\/#breadcrumb\",\"itemListElement\":[{\"@type\":\"ListItem\",\"position\":1,\"name\":\"Home\",\"item\":\"http:\/\/54.75.134.196:80\/sv\/\"},{\"@type\":\"ListItem\",\"position\":2,\"name\":\"Kundorienterad utveckling\",\"item\":\"http:\/\/54.75.134.196:80\/sv\/kundorienterad-utveckling\/\"},{\"@type\":\"ListItem\",\"position\":3,\"name\":\"M\u00e5l och beslut\",\"item\":\"http:\/\/54.75.134.196:80\/sv\/kundorienterad-utveckling\/mal-och-beslut\/\"},{\"@type\":\"ListItem\",\"position\":4,\"name\":\"Definition av m\u00e5ll\u00e4get och beslut om inf\u00f6rande\",\"item\":\"https:\/\/www.luvatjavalvonta.fi\/sv\/kundorienterad-utveckling\/mal-och-beslut\/definition-av-mallaget-och-beslut-om-inforande\/\"},{\"@type\":\"ListItem\",\"position\":5,\"name\":\"Riskanalys och riskhantering\"}]},{\"@type\":\"WebSite\",\"@id\":\"https:\/\/luvatjavalvonta.fi\/#website\",\"url\":\"https:\/\/luvatjavalvonta.fi\/\",\"name\":\"Luvat ja valvonta\",\"description\":\"\",\"potentialAction\":[{\"@type\":\"SearchAction\",\"target\":{\"@type\":\"EntryPoint\",\"urlTemplate\":\"https:\/\/luvatjavalvonta.fi\/?s={search_term_string}\"},\"query-input\":{\"@type\":\"PropertyValueSpecification\",\"valueRequired\":true,\"valueName\":\"search_term_string\"}}],\"inLanguage\":\"sv-SE\"}]}<\/script>\n<!-- \/ Yoast SEO plugin. -->","yoast_head_json":{"title":"Riskanalys och riskhantering - Luvat ja valvonta","robots":{"index":"index","follow":"follow","max-snippet":"max-snippet:-1","max-image-preview":"max-image-preview:large","max-video-preview":"max-video-preview:-1"},"canonical":"https:\/\/luvatjavalvonta.fi\/sv\/kundorienterad-utveckling\/mal-och-beslut\/definition-av-mallaget-och-beslut-om-inforande\/riskanalys-och-riskhantering\/","og_locale":"sv_SE","og_type":"article","og_title":"Riskanalys och riskhantering - Luvat ja valvonta","og_description":"Syftet med riskanalys och riskhantering \u00e4r att identifiera de risker som \u00e4r f\u00f6rknippade med inf\u00f6randet av serviceskiktet och f\u00f6r\u00e4ndringen i rutinerna samt att bed\u00f6ma deras sannolikhet och f\u00f6rv\u00e4ntade skador. Ut\u00f6ver identifiering av risker bed\u00f6mer man med hj\u00e4lp av riskanalys storleken och betydelsen av risker, identifierar \u00e5tg\u00e4rder f\u00f6r att minska eller f\u00f6rebygga risker och \u00f6vervakar deras [&hellip;]","og_url":"https:\/\/luvatjavalvonta.fi\/sv\/kundorienterad-utveckling\/mal-och-beslut\/definition-av-mallaget-och-beslut-om-inforande\/riskanalys-och-riskhantering\/","og_site_name":"Luvat ja valvonta","article_modified_time":"2023-05-04T13:19:21+00:00","twitter_card":"summary_large_image","twitter_misc":{"Est. reading time":"2 minutes"},"schema":{"@context":"https:\/\/schema.org","@graph":[{"@type":"WebPage","@id":"https:\/\/luvatjavalvonta.fi\/sv\/kundorienterad-utveckling\/mal-och-beslut\/definition-av-mallaget-och-beslut-om-inforande\/riskanalys-och-riskhantering\/","url":"https:\/\/luvatjavalvonta.fi\/sv\/kundorienterad-utveckling\/mal-och-beslut\/definition-av-mallaget-och-beslut-om-inforande\/riskanalys-och-riskhantering\/","name":"Riskanalys och riskhantering - Luvat ja valvonta","isPartOf":{"@id":"https:\/\/luvatjavalvonta.fi\/#website"},"datePublished":"2022-09-13T13:46:36+00:00","dateModified":"2023-05-04T13:19:21+00:00","breadcrumb":{"@id":"https:\/\/luvatjavalvonta.fi\/sv\/kundorienterad-utveckling\/mal-och-beslut\/definition-av-mallaget-och-beslut-om-inforande\/riskanalys-och-riskhantering\/#breadcrumb"},"inLanguage":"sv-SE","potentialAction":[{"@type":"ReadAction","target":["https:\/\/luvatjavalvonta.fi\/sv\/kundorienterad-utveckling\/mal-och-beslut\/definition-av-mallaget-och-beslut-om-inforande\/riskanalys-och-riskhantering\/"]}]},{"@type":"BreadcrumbList","@id":"https:\/\/luvatjavalvonta.fi\/sv\/kundorienterad-utveckling\/mal-och-beslut\/definition-av-mallaget-och-beslut-om-inforande\/riskanalys-och-riskhantering\/#breadcrumb","itemListElement":[{"@type":"ListItem","position":1,"name":"Home","item":"http:\/\/54.75.134.196:80\/sv\/"},{"@type":"ListItem","position":2,"name":"Kundorienterad utveckling","item":"http:\/\/54.75.134.196:80\/sv\/kundorienterad-utveckling\/"},{"@type":"ListItem","position":3,"name":"M\u00e5l och beslut","item":"http:\/\/54.75.134.196:80\/sv\/kundorienterad-utveckling\/mal-och-beslut\/"},{"@type":"ListItem","position":4,"name":"Definition av m\u00e5ll\u00e4get och beslut om inf\u00f6rande","item":"https:\/\/www.luvatjavalvonta.fi\/sv\/kundorienterad-utveckling\/mal-och-beslut\/definition-av-mallaget-och-beslut-om-inforande\/"},{"@type":"ListItem","position":5,"name":"Riskanalys och riskhantering"}]},{"@type":"WebSite","@id":"https:\/\/luvatjavalvonta.fi\/#website","url":"https:\/\/luvatjavalvonta.fi\/","name":"Luvat ja valvonta","description":"","potentialAction":[{"@type":"SearchAction","target":{"@type":"EntryPoint","urlTemplate":"https:\/\/luvatjavalvonta.fi\/?s={search_term_string}"},"query-input":{"@type":"PropertyValueSpecification","valueRequired":true,"valueName":"search_term_string"}}],"inLanguage":"sv-SE"}]}},"_links":{"self":[{"href":"https:\/\/luvatjavalvonta.fi\/sv\/wp-json\/wp\/v2\/pages\/4695","targetHints":{"allow":["GET"]}}],"collection":[{"href":"https:\/\/luvatjavalvonta.fi\/sv\/wp-json\/wp\/v2\/pages"}],"about":[{"href":"https:\/\/luvatjavalvonta.fi\/sv\/wp-json\/wp\/v2\/types\/page"}],"author":[{"embeddable":true,"href":"https:\/\/luvatjavalvonta.fi\/sv\/wp-json\/wp\/v2\/users\/14"}],"replies":[{"embeddable":true,"href":"https:\/\/luvatjavalvonta.fi\/sv\/wp-json\/wp\/v2\/comments?post=4695"}],"version-history":[{"count":2,"href":"https:\/\/luvatjavalvonta.fi\/sv\/wp-json\/wp\/v2\/pages\/4695\/revisions"}],"predecessor-version":[{"id":5504,"href":"https:\/\/luvatjavalvonta.fi\/sv\/wp-json\/wp\/v2\/pages\/4695\/revisions\/5504"}],"up":[{"embeddable":true,"href":"https:\/\/luvatjavalvonta.fi\/sv\/wp-json\/wp\/v2\/pages\/4757"}],"wp:attachment":[{"href":"https:\/\/luvatjavalvonta.fi\/sv\/wp-json\/wp\/v2\/media?parent=4695"}],"curies":[{"name":"wp","href":"https:\/\/api.w.org\/{rel}","templated":true}]}}