{"id":4699,"date":"2022-09-21T11:32:31","date_gmt":"2022-09-21T08:32:31","guid":{"rendered":"https:\/\/luvatjavalvonta.fi\/workshoppar-for-analys-av-andringsbehov\/"},"modified":"2023-05-04T16:17:44","modified_gmt":"2023-05-04T13:17:44","slug":"workshoppar-for-analys-av-andringsbehov","status":"publish","type":"page","link":"https:\/\/luvatjavalvonta.fi\/sv\/kundorienterad-utveckling\/mal-och-beslut\/definition-av-mallaget-och-beslut-om-inforande\/workshoppar-for-analys-av-andringsbehov\/","title":{"rendered":"Workshoppar f\u00f6r analys av \u00e4ndringsbehov"},"content":{"rendered":"\n<hr class=\"wp-block-separator has-alpha-channel-opacity\"\/>\n\n\n\n<p>N\u00e4r nya servicehelheter eller andra betydande f\u00f6r\u00e4ndringar planeras f\u00f6r tj\u00e4nsten Tillst\u00e5nd och tillsyn anv\u00e4nds analysworkshoppar i planeringen och specifikationen f\u00f6r att identifiera och analysera \u00e4ndringsbehov av tj\u00e4nsten och dess egenskaper. P\u00e5 analysworkshopparna kartl\u00e4ggs dessutom konsekvenser av f\u00f6r\u00e4ndringarna och \u00e4ndringsbehov relaterade till olika intressenter: myndigheter och kunder som ber\u00f6rs av f\u00f6r\u00e4ndringen.<\/p>\n<p>Ett effektivt s\u00e4tt att analysera \u00e4ndringsbehov \u00e4r att ordna en tv\u00e5delad workshop, d\u00e4r de myndigheter som \u00e4r involverade i \u00e4ndringen med hj\u00e4lp av en analys av \u00e4ndringsbehoven utreder kundkonsekvenserna i sin tillst\u00e5ndsprocess. Analysen av \u00e4ndringsbehov hj\u00e4lper myndigheten att identifiera vilka rutiner eller strukturer som myndigheten b\u00f6r \u00e4ndra vid inf\u00f6randet av tj\u00e4nsten f\u00f6r att n\u00e5 gemensamma m\u00e5l, s\u00e5som genuin kundorientering och samarbete mellan myndigheter.<\/p>\n<p>Den f\u00f6rsta workshoppen fokuserar p\u00e5 nul\u00e4get ur en enskild myndighets perspektiv och syftar till att identifiera \u00e4ndringsbehovet. P\u00e5 den andra workshoppen fastst\u00e4lls \u00e4ndringarna och analyseras samarbetet med andra myndigheter.<\/p>\n<p>I analysen av behovet av att \u00e4ndra rutiner anv\u00e4nds utfallet fr\u00e5n den f\u00f6rsta servicedesignworkshoppen, d\u00e4r fokus l\u00e5g p\u00e5 kundnytta. Om en servicedesignworkshop tillsammans med kunder inte har ordnats kan samma fr\u00e5gor st\u00e4llas genom att intervjua kunderna. Slutresultatet av analysen av behovet av \u00e4ndrade rutiner dokumenteras i en \u00e4ndringskarta och p\u00e5 \u00e4ndringskort.<\/p>\n<h2>N\u00e4r b\u00f6r workshoppar ordnas?<\/h2>\n<p>Workshoppar ordnas endast n\u00e4r nya servicehelheter eller andra v\u00e4sentliga \u00e4ndringar genomf\u00f6rs i tj\u00e4nsten. D\u00e5 rekommenderas det att genomf\u00f6ra en analys av \u00e4ndringsbehoven i b\u00f6rjan av f\u00f6rberedelserna f\u00f6r anslutning, s\u00e5 att de n\u00f6dv\u00e4ndiga \u00e4ndringarna kan genomf\u00f6ras f\u00f6re det tekniska inf\u00f6randet.<\/p>\n<h2>Vem ansvarar f\u00f6r workshopparna och vem riktar de sig till?<\/h2>\n<p>Vid inf\u00f6randet av helt nya servicehelheter faciliterar och dokumenterar en partner i Tillst\u00e5nds- och tillsynsprojektet servicedesignworkshopparna och eventuella intervjuer. Myndighetens sakkunniga och kunder deltar i workshopparna. Myndigheten f\u00f6rv\u00e4ntas ocks\u00e5 delta i intervjuer och arbeta sj\u00e4lvst\u00e4ndigt. Deltagarna kartl\u00e4ggs tillsammans med projektet.<\/p>\n","protected":false},"excerpt":{"rendered":"<p>N\u00e4r nya servicehelheter eller andra betydande f\u00f6r\u00e4ndringar planeras f\u00f6r tj\u00e4nsten Tillst\u00e5nd och tillsyn anv\u00e4nds analysworkshoppar i planeringen och specifikationen f\u00f6r att identifiera och analysera \u00e4ndringsbehov av tj\u00e4nsten och dess egenskaper. P\u00e5 analysworkshopparna kartl\u00e4ggs dessutom konsekvenser av f\u00f6r\u00e4ndringarna och \u00e4ndringsbehov relaterade till olika intressenter: myndigheter och kunder som ber\u00f6rs av f\u00f6r\u00e4ndringen. Ett effektivt s\u00e4tt att analysera [&hellip;]<\/p>\n","protected":false},"author":14,"featured_media":0,"parent":4757,"menu_order":86,"comment_status":"closed","ping_status":"closed","template":"","meta":{"_acf_changed":false,"inline_featured_image":false,"footnotes":""},"class_list":["post-4699","page","type-page","status-publish","hentry"],"acf":{"ai_extra_content":"","ai_instructions":"","ai_hidden_page":false},"yoast_head":"<!-- This site is optimized with the Yoast SEO plugin v25.9 - https:\/\/yoast.com\/wordpress\/plugins\/seo\/ -->\n<title>Workshoppar f\u00f6r analys av \u00e4ndringsbehov - Luvat ja valvonta<\/title>\n<meta name=\"robots\" content=\"index, follow, max-snippet:-1, max-image-preview:large, max-video-preview:-1\" \/>\n<link rel=\"canonical\" href=\"https:\/\/luvatjavalvonta.fi\/sv\/kundorienterad-utveckling\/mal-och-beslut\/definition-av-mallaget-och-beslut-om-inforande\/workshoppar-for-analys-av-andringsbehov\/\" \/>\n<meta property=\"og:locale\" content=\"sv_SE\" \/>\n<meta property=\"og:type\" content=\"article\" \/>\n<meta property=\"og:title\" content=\"Workshoppar f\u00f6r analys av \u00e4ndringsbehov - Luvat ja valvonta\" \/>\n<meta property=\"og:description\" content=\"N\u00e4r nya servicehelheter eller andra betydande f\u00f6r\u00e4ndringar planeras f\u00f6r tj\u00e4nsten Tillst\u00e5nd och tillsyn anv\u00e4nds analysworkshoppar i planeringen och specifikationen f\u00f6r att identifiera och analysera \u00e4ndringsbehov av tj\u00e4nsten och dess egenskaper. P\u00e5 analysworkshopparna kartl\u00e4ggs dessutom konsekvenser av f\u00f6r\u00e4ndringarna och \u00e4ndringsbehov relaterade till olika intressenter: myndigheter och kunder som ber\u00f6rs av f\u00f6r\u00e4ndringen. Ett effektivt s\u00e4tt att analysera [&hellip;]\" \/>\n<meta property=\"og:url\" content=\"https:\/\/luvatjavalvonta.fi\/sv\/kundorienterad-utveckling\/mal-och-beslut\/definition-av-mallaget-och-beslut-om-inforande\/workshoppar-for-analys-av-andringsbehov\/\" \/>\n<meta property=\"og:site_name\" content=\"Luvat ja valvonta\" \/>\n<meta property=\"article:modified_time\" content=\"2023-05-04T13:17:44+00:00\" \/>\n<meta name=\"twitter:card\" content=\"summary_large_image\" \/>\n<meta name=\"twitter:label1\" content=\"Est. reading time\" \/>\n\t<meta name=\"twitter:data1\" content=\"2 minutes\" \/>\n<script type=\"application\/ld+json\" class=\"yoast-schema-graph\">{\"@context\":\"https:\/\/schema.org\",\"@graph\":[{\"@type\":\"WebPage\",\"@id\":\"https:\/\/luvatjavalvonta.fi\/sv\/kundorienterad-utveckling\/mal-och-beslut\/definition-av-mallaget-och-beslut-om-inforande\/workshoppar-for-analys-av-andringsbehov\/\",\"url\":\"https:\/\/luvatjavalvonta.fi\/sv\/kundorienterad-utveckling\/mal-och-beslut\/definition-av-mallaget-och-beslut-om-inforande\/workshoppar-for-analys-av-andringsbehov\/\",\"name\":\"Workshoppar f\u00f6r analys av \u00e4ndringsbehov - Luvat ja valvonta\",\"isPartOf\":{\"@id\":\"https:\/\/luvatjavalvonta.fi\/#website\"},\"datePublished\":\"2022-09-21T08:32:31+00:00\",\"dateModified\":\"2023-05-04T13:17:44+00:00\",\"breadcrumb\":{\"@id\":\"https:\/\/luvatjavalvonta.fi\/sv\/kundorienterad-utveckling\/mal-och-beslut\/definition-av-mallaget-och-beslut-om-inforande\/workshoppar-for-analys-av-andringsbehov\/#breadcrumb\"},\"inLanguage\":\"sv-SE\",\"potentialAction\":[{\"@type\":\"ReadAction\",\"target\":[\"https:\/\/luvatjavalvonta.fi\/sv\/kundorienterad-utveckling\/mal-och-beslut\/definition-av-mallaget-och-beslut-om-inforande\/workshoppar-for-analys-av-andringsbehov\/\"]}]},{\"@type\":\"BreadcrumbList\",\"@id\":\"https:\/\/luvatjavalvonta.fi\/sv\/kundorienterad-utveckling\/mal-och-beslut\/definition-av-mallaget-och-beslut-om-inforande\/workshoppar-for-analys-av-andringsbehov\/#breadcrumb\",\"itemListElement\":[{\"@type\":\"ListItem\",\"position\":1,\"name\":\"Home\",\"item\":\"http:\/\/54.75.134.196:80\/sv\/\"},{\"@type\":\"ListItem\",\"position\":2,\"name\":\"Kundorienterad utveckling\",\"item\":\"http:\/\/54.75.134.196:80\/sv\/kundorienterad-utveckling\/\"},{\"@type\":\"ListItem\",\"position\":3,\"name\":\"M\u00e5l och beslut\",\"item\":\"http:\/\/54.75.134.196:80\/sv\/kundorienterad-utveckling\/mal-och-beslut\/\"},{\"@type\":\"ListItem\",\"position\":4,\"name\":\"Definition av m\u00e5ll\u00e4get och beslut om inf\u00f6rande\",\"item\":\"https:\/\/www.luvatjavalvonta.fi\/sv\/kundorienterad-utveckling\/mal-och-beslut\/definition-av-mallaget-och-beslut-om-inforande\/\"},{\"@type\":\"ListItem\",\"position\":5,\"name\":\"Workshoppar f\u00f6r analys av \u00e4ndringsbehov\"}]},{\"@type\":\"WebSite\",\"@id\":\"https:\/\/luvatjavalvonta.fi\/#website\",\"url\":\"https:\/\/luvatjavalvonta.fi\/\",\"name\":\"Luvat ja valvonta\",\"description\":\"\",\"potentialAction\":[{\"@type\":\"SearchAction\",\"target\":{\"@type\":\"EntryPoint\",\"urlTemplate\":\"https:\/\/luvatjavalvonta.fi\/?s={search_term_string}\"},\"query-input\":{\"@type\":\"PropertyValueSpecification\",\"valueRequired\":true,\"valueName\":\"search_term_string\"}}],\"inLanguage\":\"sv-SE\"}]}<\/script>\n<!-- \/ Yoast SEO plugin. -->","yoast_head_json":{"title":"Workshoppar f\u00f6r analys av \u00e4ndringsbehov - Luvat ja valvonta","robots":{"index":"index","follow":"follow","max-snippet":"max-snippet:-1","max-image-preview":"max-image-preview:large","max-video-preview":"max-video-preview:-1"},"canonical":"https:\/\/luvatjavalvonta.fi\/sv\/kundorienterad-utveckling\/mal-och-beslut\/definition-av-mallaget-och-beslut-om-inforande\/workshoppar-for-analys-av-andringsbehov\/","og_locale":"sv_SE","og_type":"article","og_title":"Workshoppar f\u00f6r analys av \u00e4ndringsbehov - Luvat ja valvonta","og_description":"N\u00e4r nya servicehelheter eller andra betydande f\u00f6r\u00e4ndringar planeras f\u00f6r tj\u00e4nsten Tillst\u00e5nd och tillsyn anv\u00e4nds analysworkshoppar i planeringen och specifikationen f\u00f6r att identifiera och analysera \u00e4ndringsbehov av tj\u00e4nsten och dess egenskaper. P\u00e5 analysworkshopparna kartl\u00e4ggs dessutom konsekvenser av f\u00f6r\u00e4ndringarna och \u00e4ndringsbehov relaterade till olika intressenter: myndigheter och kunder som ber\u00f6rs av f\u00f6r\u00e4ndringen. Ett effektivt s\u00e4tt att analysera [&hellip;]","og_url":"https:\/\/luvatjavalvonta.fi\/sv\/kundorienterad-utveckling\/mal-och-beslut\/definition-av-mallaget-och-beslut-om-inforande\/workshoppar-for-analys-av-andringsbehov\/","og_site_name":"Luvat ja valvonta","article_modified_time":"2023-05-04T13:17:44+00:00","twitter_card":"summary_large_image","twitter_misc":{"Est. reading time":"2 minutes"},"schema":{"@context":"https:\/\/schema.org","@graph":[{"@type":"WebPage","@id":"https:\/\/luvatjavalvonta.fi\/sv\/kundorienterad-utveckling\/mal-och-beslut\/definition-av-mallaget-och-beslut-om-inforande\/workshoppar-for-analys-av-andringsbehov\/","url":"https:\/\/luvatjavalvonta.fi\/sv\/kundorienterad-utveckling\/mal-och-beslut\/definition-av-mallaget-och-beslut-om-inforande\/workshoppar-for-analys-av-andringsbehov\/","name":"Workshoppar f\u00f6r analys av \u00e4ndringsbehov - Luvat ja valvonta","isPartOf":{"@id":"https:\/\/luvatjavalvonta.fi\/#website"},"datePublished":"2022-09-21T08:32:31+00:00","dateModified":"2023-05-04T13:17:44+00:00","breadcrumb":{"@id":"https:\/\/luvatjavalvonta.fi\/sv\/kundorienterad-utveckling\/mal-och-beslut\/definition-av-mallaget-och-beslut-om-inforande\/workshoppar-for-analys-av-andringsbehov\/#breadcrumb"},"inLanguage":"sv-SE","potentialAction":[{"@type":"ReadAction","target":["https:\/\/luvatjavalvonta.fi\/sv\/kundorienterad-utveckling\/mal-och-beslut\/definition-av-mallaget-och-beslut-om-inforande\/workshoppar-for-analys-av-andringsbehov\/"]}]},{"@type":"BreadcrumbList","@id":"https:\/\/luvatjavalvonta.fi\/sv\/kundorienterad-utveckling\/mal-och-beslut\/definition-av-mallaget-och-beslut-om-inforande\/workshoppar-for-analys-av-andringsbehov\/#breadcrumb","itemListElement":[{"@type":"ListItem","position":1,"name":"Home","item":"http:\/\/54.75.134.196:80\/sv\/"},{"@type":"ListItem","position":2,"name":"Kundorienterad utveckling","item":"http:\/\/54.75.134.196:80\/sv\/kundorienterad-utveckling\/"},{"@type":"ListItem","position":3,"name":"M\u00e5l och beslut","item":"http:\/\/54.75.134.196:80\/sv\/kundorienterad-utveckling\/mal-och-beslut\/"},{"@type":"ListItem","position":4,"name":"Definition av m\u00e5ll\u00e4get och beslut om inf\u00f6rande","item":"https:\/\/www.luvatjavalvonta.fi\/sv\/kundorienterad-utveckling\/mal-och-beslut\/definition-av-mallaget-och-beslut-om-inforande\/"},{"@type":"ListItem","position":5,"name":"Workshoppar f\u00f6r analys av \u00e4ndringsbehov"}]},{"@type":"WebSite","@id":"https:\/\/luvatjavalvonta.fi\/#website","url":"https:\/\/luvatjavalvonta.fi\/","name":"Luvat ja valvonta","description":"","potentialAction":[{"@type":"SearchAction","target":{"@type":"EntryPoint","urlTemplate":"https:\/\/luvatjavalvonta.fi\/?s={search_term_string}"},"query-input":{"@type":"PropertyValueSpecification","valueRequired":true,"valueName":"search_term_string"}}],"inLanguage":"sv-SE"}]}},"_links":{"self":[{"href":"https:\/\/luvatjavalvonta.fi\/sv\/wp-json\/wp\/v2\/pages\/4699","targetHints":{"allow":["GET"]}}],"collection":[{"href":"https:\/\/luvatjavalvonta.fi\/sv\/wp-json\/wp\/v2\/pages"}],"about":[{"href":"https:\/\/luvatjavalvonta.fi\/sv\/wp-json\/wp\/v2\/types\/page"}],"author":[{"embeddable":true,"href":"https:\/\/luvatjavalvonta.fi\/sv\/wp-json\/wp\/v2\/users\/14"}],"replies":[{"embeddable":true,"href":"https:\/\/luvatjavalvonta.fi\/sv\/wp-json\/wp\/v2\/comments?post=4699"}],"version-history":[{"count":2,"href":"https:\/\/luvatjavalvonta.fi\/sv\/wp-json\/wp\/v2\/pages\/4699\/revisions"}],"predecessor-version":[{"id":5503,"href":"https:\/\/luvatjavalvonta.fi\/sv\/wp-json\/wp\/v2\/pages\/4699\/revisions\/5503"}],"up":[{"embeddable":true,"href":"https:\/\/luvatjavalvonta.fi\/sv\/wp-json\/wp\/v2\/pages\/4757"}],"wp:attachment":[{"href":"https:\/\/luvatjavalvonta.fi\/sv\/wp-json\/wp\/v2\/media?parent=4699"}],"curies":[{"name":"wp","href":"https:\/\/api.w.org\/{rel}","templated":true}]}}