{"id":4701,"date":"2022-09-13T16:46:36","date_gmt":"2022-09-13T13:46:36","guid":{"rendered":"https:\/\/luvatjavalvonta.fi\/informationspaket-for-andringsagenter\/"},"modified":"2023-05-04T16:15:56","modified_gmt":"2023-05-04T13:15:56","slug":"informationspaket-for-andringsagenter","status":"publish","type":"page","link":"https:\/\/luvatjavalvonta.fi\/sv\/kundorienterad-utveckling\/mal-och-beslut\/definition-av-mallaget-och-beslut-om-inforande\/informationspaket-for-andringsagenter\/","title":{"rendered":"Informationspaket f\u00f6r \u00e4ndringsagenter"},"content":{"rendered":"\n<hr class=\"wp-block-separator has-alpha-channel-opacity\"\/>\n\n\n\n<p>Informationspaketet f\u00f6r \u00e4ndringsagenter \u00e4r en forts\u00e4ttning p\u00e5 det allm\u00e4nna informationsmaterialet. Informationspaketet f\u00f6r \u00e4ndringsagenter inneh\u00e5ller en introduktion till Tillst\u00e5nds- och tillsynsprojektet, serviceskiktet och m\u00e5len f\u00f6r inf\u00f6randet p\u00e5 en allm\u00e4n niv\u00e5. Det rekommenderas att myndigheten kompletterar informationspaketet genom att beskriva f\u00f6r\u00e4ndringarna i den egna organisationen. I informationspaketet beskrivs dessutom \u00e4ndringsagenternas roll och uppgifter p\u00e5 en allm\u00e4n niv\u00e5, men myndigheten kan \u00e4ven \u00e4ndra denna del f\u00f6r att anpassa den till den egna organisationen. Det \u00e4r ocks\u00e5 motiverat att specificera vad som f\u00f6rv\u00e4ntas av \u00e4ndringsagenterna s\u00e5 att f\u00f6r\u00e4ndringen lyckas och m\u00e5len uppn\u00e5s.<\/p>\n<p>Introduktionen av \u00e4ndringsagenter lyckas b\u00e4st p\u00e5 ett gemensamt evenemang som ger m\u00f6jlighet till fr\u00e5gor och svar. Dessutom \u00e4r det bra att reservera tillr\u00e4ckligt med tid f\u00f6r sj\u00e4lvst\u00e4ndiga studier.<\/p>\n<h2>N\u00e4r b\u00f6r introduktionen av \u00e4ndringsagenter ordnas?<\/h2>\n<p>Det \u00e4r motiverat att ordna introduktionen av \u00e4ndringsagenter efter att \u00e4ndringsagenterna har utsetts och myndighetens ledning \u00e5tminstone har en ungef\u00e4rlig uppfattning om vad anslutningen till serviceskiktet inneb\u00e4r. Beroende p\u00e5 en hur central roll som \u00e4ndringsagenterna ges redan vid planeringen av f\u00f6r\u00e4ndringen kan ett kick-off-m\u00f6te ordnas redan innan det slutgiltiga beslutet att g\u00e5 med i serviceskiktet har fattats. Om rollen \u00e4r mer begr\u00e4nsad \u00e4r det bra att ordna introduktionen n\u00e4r schemat och detaljerna kring f\u00f6r\u00e4ndringen \u00e4r klara p\u00e5 det stora hela.<\/p>\n<h2>Vem ordnar introduktionen?<\/h2>\n<p>Myndigheten ordnar introduktionen. Den som ansvarar f\u00f6r introduktionen kan vara en person, till exempel en projektchef eller en representant f\u00f6r ledningen, som i myndighetens organisation \u00e4r l\u00e4mplig f\u00f6r denna roll.<\/p>\n\n\n\n<div class=\"wp-block-columns is-layout-flex wp-container-core-columns-is-layout-9d6595d7 wp-block-columns-is-layout-flex\">\n<div class=\"wp-block-column is-layout-flow wp-block-column-is-layout-flow\">\n<p><a href=\"https:\/\/luvatjavalvonta.fi\/content\/uploads\/2022\/09\/Muutosagenttien-perehdytys-ja-infotilaisuus.pptx\">Introduktion och informationsm\u00f6te f\u00f6r \u00e4ndringsagenter<\/a><\/p>\n<\/div>\n\n\n\n<div class=\"wp-block-column is-layout-flow wp-block-column-is-layout-flow\"><\/div>\n\n\n\n<div class=\"wp-block-column is-layout-flow wp-block-column-is-layout-flow\"><\/div>\n<\/div>\n","protected":false},"excerpt":{"rendered":"<p>Informationspaketet f\u00f6r \u00e4ndringsagenter \u00e4r en forts\u00e4ttning p\u00e5 det allm\u00e4nna informationsmaterialet. Informationspaketet f\u00f6r \u00e4ndringsagenter inneh\u00e5ller en introduktion till Tillst\u00e5nds- och tillsynsprojektet, serviceskiktet och m\u00e5len f\u00f6r inf\u00f6randet p\u00e5 en allm\u00e4n niv\u00e5. Det rekommenderas att myndigheten kompletterar informationspaketet genom att beskriva f\u00f6r\u00e4ndringarna i den egna organisationen. I informationspaketet beskrivs dessutom \u00e4ndringsagenternas roll och uppgifter p\u00e5 en allm\u00e4n niv\u00e5, [&hellip;]<\/p>\n","protected":false},"author":14,"featured_media":0,"parent":4757,"menu_order":87,"comment_status":"closed","ping_status":"closed","template":"","meta":{"_acf_changed":false,"inline_featured_image":false,"footnotes":""},"class_list":["post-4701","page","type-page","status-publish","hentry"],"acf":{"ai_extra_content":"","ai_instructions":"","ai_hidden_page":false},"yoast_head":"<!-- This site is optimized with the Yoast SEO plugin v25.9 - https:\/\/yoast.com\/wordpress\/plugins\/seo\/ -->\n<title>Informationspaket f\u00f6r \u00e4ndringsagenter - Luvat ja valvonta<\/title>\n<meta name=\"robots\" content=\"index, follow, max-snippet:-1, max-image-preview:large, max-video-preview:-1\" \/>\n<link rel=\"canonical\" href=\"https:\/\/luvatjavalvonta.fi\/sv\/kundorienterad-utveckling\/mal-och-beslut\/definition-av-mallaget-och-beslut-om-inforande\/informationspaket-for-andringsagenter\/\" \/>\n<meta property=\"og:locale\" content=\"sv_SE\" \/>\n<meta property=\"og:type\" content=\"article\" \/>\n<meta property=\"og:title\" content=\"Informationspaket f\u00f6r \u00e4ndringsagenter - Luvat ja valvonta\" \/>\n<meta property=\"og:description\" content=\"Informationspaketet f\u00f6r \u00e4ndringsagenter \u00e4r en forts\u00e4ttning p\u00e5 det allm\u00e4nna informationsmaterialet. Informationspaketet f\u00f6r \u00e4ndringsagenter inneh\u00e5ller en introduktion till Tillst\u00e5nds- och tillsynsprojektet, serviceskiktet och m\u00e5len f\u00f6r inf\u00f6randet p\u00e5 en allm\u00e4n niv\u00e5. Det rekommenderas att myndigheten kompletterar informationspaketet genom att beskriva f\u00f6r\u00e4ndringarna i den egna organisationen. I informationspaketet beskrivs dessutom \u00e4ndringsagenternas roll och uppgifter p\u00e5 en allm\u00e4n niv\u00e5, [&hellip;]\" \/>\n<meta property=\"og:url\" content=\"https:\/\/luvatjavalvonta.fi\/sv\/kundorienterad-utveckling\/mal-och-beslut\/definition-av-mallaget-och-beslut-om-inforande\/informationspaket-for-andringsagenter\/\" \/>\n<meta property=\"og:site_name\" content=\"Luvat ja valvonta\" \/>\n<meta property=\"article:modified_time\" content=\"2023-05-04T13:15:56+00:00\" \/>\n<meta name=\"twitter:card\" content=\"summary_large_image\" \/>\n<meta name=\"twitter:label1\" content=\"Est. reading time\" \/>\n\t<meta name=\"twitter:data1\" content=\"2 minutes\" \/>\n<script type=\"application\/ld+json\" class=\"yoast-schema-graph\">{\"@context\":\"https:\/\/schema.org\",\"@graph\":[{\"@type\":\"WebPage\",\"@id\":\"https:\/\/luvatjavalvonta.fi\/sv\/kundorienterad-utveckling\/mal-och-beslut\/definition-av-mallaget-och-beslut-om-inforande\/informationspaket-for-andringsagenter\/\",\"url\":\"https:\/\/luvatjavalvonta.fi\/sv\/kundorienterad-utveckling\/mal-och-beslut\/definition-av-mallaget-och-beslut-om-inforande\/informationspaket-for-andringsagenter\/\",\"name\":\"Informationspaket f\u00f6r \u00e4ndringsagenter - Luvat ja valvonta\",\"isPartOf\":{\"@id\":\"https:\/\/luvatjavalvonta.fi\/#website\"},\"datePublished\":\"2022-09-13T13:46:36+00:00\",\"dateModified\":\"2023-05-04T13:15:56+00:00\",\"breadcrumb\":{\"@id\":\"https:\/\/luvatjavalvonta.fi\/sv\/kundorienterad-utveckling\/mal-och-beslut\/definition-av-mallaget-och-beslut-om-inforande\/informationspaket-for-andringsagenter\/#breadcrumb\"},\"inLanguage\":\"sv-SE\",\"potentialAction\":[{\"@type\":\"ReadAction\",\"target\":[\"https:\/\/luvatjavalvonta.fi\/sv\/kundorienterad-utveckling\/mal-och-beslut\/definition-av-mallaget-och-beslut-om-inforande\/informationspaket-for-andringsagenter\/\"]}]},{\"@type\":\"BreadcrumbList\",\"@id\":\"https:\/\/luvatjavalvonta.fi\/sv\/kundorienterad-utveckling\/mal-och-beslut\/definition-av-mallaget-och-beslut-om-inforande\/informationspaket-for-andringsagenter\/#breadcrumb\",\"itemListElement\":[{\"@type\":\"ListItem\",\"position\":1,\"name\":\"Home\",\"item\":\"http:\/\/54.75.134.196:80\/sv\/\"},{\"@type\":\"ListItem\",\"position\":2,\"name\":\"Kundorienterad utveckling\",\"item\":\"http:\/\/54.75.134.196:80\/sv\/kundorienterad-utveckling\/\"},{\"@type\":\"ListItem\",\"position\":3,\"name\":\"M\u00e5l och beslut\",\"item\":\"http:\/\/54.75.134.196:80\/sv\/kundorienterad-utveckling\/mal-och-beslut\/\"},{\"@type\":\"ListItem\",\"position\":4,\"name\":\"Definition av m\u00e5ll\u00e4get och beslut om inf\u00f6rande\",\"item\":\"https:\/\/www.luvatjavalvonta.fi\/sv\/kundorienterad-utveckling\/mal-och-beslut\/definition-av-mallaget-och-beslut-om-inforande\/\"},{\"@type\":\"ListItem\",\"position\":5,\"name\":\"Informationspaket f\u00f6r \u00e4ndringsagenter\"}]},{\"@type\":\"WebSite\",\"@id\":\"https:\/\/luvatjavalvonta.fi\/#website\",\"url\":\"https:\/\/luvatjavalvonta.fi\/\",\"name\":\"Luvat ja valvonta\",\"description\":\"\",\"potentialAction\":[{\"@type\":\"SearchAction\",\"target\":{\"@type\":\"EntryPoint\",\"urlTemplate\":\"https:\/\/luvatjavalvonta.fi\/?s={search_term_string}\"},\"query-input\":{\"@type\":\"PropertyValueSpecification\",\"valueRequired\":true,\"valueName\":\"search_term_string\"}}],\"inLanguage\":\"sv-SE\"}]}<\/script>\n<!-- \/ Yoast SEO plugin. -->","yoast_head_json":{"title":"Informationspaket f\u00f6r \u00e4ndringsagenter - Luvat ja valvonta","robots":{"index":"index","follow":"follow","max-snippet":"max-snippet:-1","max-image-preview":"max-image-preview:large","max-video-preview":"max-video-preview:-1"},"canonical":"https:\/\/luvatjavalvonta.fi\/sv\/kundorienterad-utveckling\/mal-och-beslut\/definition-av-mallaget-och-beslut-om-inforande\/informationspaket-for-andringsagenter\/","og_locale":"sv_SE","og_type":"article","og_title":"Informationspaket f\u00f6r \u00e4ndringsagenter - Luvat ja valvonta","og_description":"Informationspaketet f\u00f6r \u00e4ndringsagenter \u00e4r en forts\u00e4ttning p\u00e5 det allm\u00e4nna informationsmaterialet. Informationspaketet f\u00f6r \u00e4ndringsagenter inneh\u00e5ller en introduktion till Tillst\u00e5nds- och tillsynsprojektet, serviceskiktet och m\u00e5len f\u00f6r inf\u00f6randet p\u00e5 en allm\u00e4n niv\u00e5. Det rekommenderas att myndigheten kompletterar informationspaketet genom att beskriva f\u00f6r\u00e4ndringarna i den egna organisationen. I informationspaketet beskrivs dessutom \u00e4ndringsagenternas roll och uppgifter p\u00e5 en allm\u00e4n niv\u00e5, [&hellip;]","og_url":"https:\/\/luvatjavalvonta.fi\/sv\/kundorienterad-utveckling\/mal-och-beslut\/definition-av-mallaget-och-beslut-om-inforande\/informationspaket-for-andringsagenter\/","og_site_name":"Luvat ja valvonta","article_modified_time":"2023-05-04T13:15:56+00:00","twitter_card":"summary_large_image","twitter_misc":{"Est. reading time":"2 minutes"},"schema":{"@context":"https:\/\/schema.org","@graph":[{"@type":"WebPage","@id":"https:\/\/luvatjavalvonta.fi\/sv\/kundorienterad-utveckling\/mal-och-beslut\/definition-av-mallaget-och-beslut-om-inforande\/informationspaket-for-andringsagenter\/","url":"https:\/\/luvatjavalvonta.fi\/sv\/kundorienterad-utveckling\/mal-och-beslut\/definition-av-mallaget-och-beslut-om-inforande\/informationspaket-for-andringsagenter\/","name":"Informationspaket f\u00f6r \u00e4ndringsagenter - Luvat ja valvonta","isPartOf":{"@id":"https:\/\/luvatjavalvonta.fi\/#website"},"datePublished":"2022-09-13T13:46:36+00:00","dateModified":"2023-05-04T13:15:56+00:00","breadcrumb":{"@id":"https:\/\/luvatjavalvonta.fi\/sv\/kundorienterad-utveckling\/mal-och-beslut\/definition-av-mallaget-och-beslut-om-inforande\/informationspaket-for-andringsagenter\/#breadcrumb"},"inLanguage":"sv-SE","potentialAction":[{"@type":"ReadAction","target":["https:\/\/luvatjavalvonta.fi\/sv\/kundorienterad-utveckling\/mal-och-beslut\/definition-av-mallaget-och-beslut-om-inforande\/informationspaket-for-andringsagenter\/"]}]},{"@type":"BreadcrumbList","@id":"https:\/\/luvatjavalvonta.fi\/sv\/kundorienterad-utveckling\/mal-och-beslut\/definition-av-mallaget-och-beslut-om-inforande\/informationspaket-for-andringsagenter\/#breadcrumb","itemListElement":[{"@type":"ListItem","position":1,"name":"Home","item":"http:\/\/54.75.134.196:80\/sv\/"},{"@type":"ListItem","position":2,"name":"Kundorienterad utveckling","item":"http:\/\/54.75.134.196:80\/sv\/kundorienterad-utveckling\/"},{"@type":"ListItem","position":3,"name":"M\u00e5l och beslut","item":"http:\/\/54.75.134.196:80\/sv\/kundorienterad-utveckling\/mal-och-beslut\/"},{"@type":"ListItem","position":4,"name":"Definition av m\u00e5ll\u00e4get och beslut om inf\u00f6rande","item":"https:\/\/www.luvatjavalvonta.fi\/sv\/kundorienterad-utveckling\/mal-och-beslut\/definition-av-mallaget-och-beslut-om-inforande\/"},{"@type":"ListItem","position":5,"name":"Informationspaket f\u00f6r \u00e4ndringsagenter"}]},{"@type":"WebSite","@id":"https:\/\/luvatjavalvonta.fi\/#website","url":"https:\/\/luvatjavalvonta.fi\/","name":"Luvat ja valvonta","description":"","potentialAction":[{"@type":"SearchAction","target":{"@type":"EntryPoint","urlTemplate":"https:\/\/luvatjavalvonta.fi\/?s={search_term_string}"},"query-input":{"@type":"PropertyValueSpecification","valueRequired":true,"valueName":"search_term_string"}}],"inLanguage":"sv-SE"}]}},"_links":{"self":[{"href":"https:\/\/luvatjavalvonta.fi\/sv\/wp-json\/wp\/v2\/pages\/4701","targetHints":{"allow":["GET"]}}],"collection":[{"href":"https:\/\/luvatjavalvonta.fi\/sv\/wp-json\/wp\/v2\/pages"}],"about":[{"href":"https:\/\/luvatjavalvonta.fi\/sv\/wp-json\/wp\/v2\/types\/page"}],"author":[{"embeddable":true,"href":"https:\/\/luvatjavalvonta.fi\/sv\/wp-json\/wp\/v2\/users\/14"}],"replies":[{"embeddable":true,"href":"https:\/\/luvatjavalvonta.fi\/sv\/wp-json\/wp\/v2\/comments?post=4701"}],"version-history":[{"count":2,"href":"https:\/\/luvatjavalvonta.fi\/sv\/wp-json\/wp\/v2\/pages\/4701\/revisions"}],"predecessor-version":[{"id":5502,"href":"https:\/\/luvatjavalvonta.fi\/sv\/wp-json\/wp\/v2\/pages\/4701\/revisions\/5502"}],"up":[{"embeddable":true,"href":"https:\/\/luvatjavalvonta.fi\/sv\/wp-json\/wp\/v2\/pages\/4757"}],"wp:attachment":[{"href":"https:\/\/luvatjavalvonta.fi\/sv\/wp-json\/wp\/v2\/media?parent=4701"}],"curies":[{"name":"wp","href":"https:\/\/api.w.org\/{rel}","templated":true}]}}