{"id":4703,"date":"2022-09-13T16:46:36","date_gmt":"2022-09-13T13:46:36","guid":{"rendered":"https:\/\/luvatjavalvonta.fi\/indikatorer\/"},"modified":"2023-05-04T16:14:55","modified_gmt":"2023-05-04T13:14:55","slug":"indikatorer","status":"publish","type":"page","link":"https:\/\/luvatjavalvonta.fi\/sv\/kundorienterad-utveckling\/mal-och-beslut\/definition-av-mallaget-och-beslut-om-inforande\/indikatorer\/","title":{"rendered":"Indikatorer"},"content":{"rendered":"\n<hr class=\"wp-block-separator has-alpha-channel-opacity\"\/>\n\n\n\n<p>Det \u00e4r motiverat att st\u00e4lla upp m\u00e4tbara m\u00e5l f\u00f6r f\u00f6r\u00e4ndringar. Indikatorer g\u00f6r det l\u00e4ttare att konkretisera m\u00e5l, f\u00f6lja upp m\u00e5len och styra arbetet i r\u00e4tt riktning. Det rekommenderas att de m\u00e4tbara m\u00e5len kopplas till s\u00e5v\u00e4l myndighetens \u00f6vriga m\u00e5l som de allm\u00e4nna m\u00e5len f\u00f6r Tillst\u00e5nds- och tillsynsprojektet, s\u00e5som f\u00f6rb\u00e4ttring av kundn\u00f6jdheten eller effektivisering av samarbetet mellan myndigheter. Ut\u00f6ver sj\u00e4lva indikatorerna g\u00e4ller det att definiera hur och n\u00e4r de f\u00f6ljs upp.<\/p>\n<p>Indikatorer kan vara kvalitativa eller kvantitativa. Det \u00e4r viktigt att \u00e4ven m\u00e4ta utg\u00e5ngsl\u00e4get s\u00e5 att uppn\u00e5endet av m\u00e5let ocks\u00e5 kan verifieras. Kvalitativa variabler kan m\u00e4tas till exempel genom intervjuer, unders\u00f6kningar eller observationer, medan kvantitativa variabler kan f\u00f6ljas upp till exempel genom att j\u00e4mf\u00f6ra processernas l\u00e4ngd.<\/p>\n<h2>N\u00e4r b\u00f6r indikatorer definieras?<\/h2>\n<p>Indikatorerna b\u00f6r definieras efter att beslutet att g\u00e5 med i serviceskiktet har fattats. Det rekommenderas att regelbundet f\u00f6lja upp indikatorerna, till exempel vid m\u00f6ten i myndighetens projektstyrgrupp.<\/p>\n<h2>Vem definierar indikatorerna?<\/h2>\n<p>Indikatorerna definieras i allm\u00e4nhet av myndighetens ledning, till exempel med hj\u00e4lp av projektledaren.<\/p>\n\n\n\n<div class=\"wp-block-columns is-layout-flex wp-container-core-columns-is-layout-9d6595d7 wp-block-columns-is-layout-flex\">\n<div class=\"wp-block-column is-layout-flow wp-block-column-is-layout-flow\">\n<p><a href=\"https:\/\/luvatjavalvonta.fi\/content\/uploads\/2022\/09\/Luvat-ja-valvonta_onnistumisen-mittarit.doc\">Tillst\u00e5nd-och-tillsyn_framg\u00e5ngsindikatorer<\/a><\/p>\n<\/div>\n\n\n\n<div class=\"wp-block-column is-layout-flow wp-block-column-is-layout-flow\"><\/div>\n\n\n\n<div class=\"wp-block-column is-layout-flow wp-block-column-is-layout-flow\"><\/div>\n<\/div>\n","protected":false},"excerpt":{"rendered":"<p>Det \u00e4r motiverat att st\u00e4lla upp m\u00e4tbara m\u00e5l f\u00f6r f\u00f6r\u00e4ndringar. Indikatorer g\u00f6r det l\u00e4ttare att konkretisera m\u00e5l, f\u00f6lja upp m\u00e5len och styra arbetet i r\u00e4tt riktning. Det rekommenderas att de m\u00e4tbara m\u00e5len kopplas till s\u00e5v\u00e4l myndighetens \u00f6vriga m\u00e5l som de allm\u00e4nna m\u00e5len f\u00f6r Tillst\u00e5nds- och tillsynsprojektet, s\u00e5som f\u00f6rb\u00e4ttring av kundn\u00f6jdheten eller effektivisering av samarbetet mellan [&hellip;]<\/p>\n","protected":false},"author":14,"featured_media":0,"parent":4757,"menu_order":88,"comment_status":"closed","ping_status":"closed","template":"","meta":{"_acf_changed":false,"inline_featured_image":false,"footnotes":""},"class_list":["post-4703","page","type-page","status-publish","hentry"],"acf":{"ai_extra_content":"","ai_instructions":"","ai_hidden_page":false},"yoast_head":"<!-- This site is optimized with the Yoast SEO plugin v25.9 - https:\/\/yoast.com\/wordpress\/plugins\/seo\/ -->\n<title>Indikatorer - Luvat ja valvonta<\/title>\n<meta name=\"robots\" content=\"index, follow, max-snippet:-1, max-image-preview:large, max-video-preview:-1\" \/>\n<link rel=\"canonical\" href=\"https:\/\/luvatjavalvonta.fi\/sv\/kundorienterad-utveckling\/mal-och-beslut\/definition-av-mallaget-och-beslut-om-inforande\/indikatorer\/\" \/>\n<meta property=\"og:locale\" content=\"sv_SE\" \/>\n<meta property=\"og:type\" content=\"article\" \/>\n<meta property=\"og:title\" content=\"Indikatorer - Luvat ja valvonta\" \/>\n<meta property=\"og:description\" content=\"Det \u00e4r motiverat att st\u00e4lla upp m\u00e4tbara m\u00e5l f\u00f6r f\u00f6r\u00e4ndringar. Indikatorer g\u00f6r det l\u00e4ttare att konkretisera m\u00e5l, f\u00f6lja upp m\u00e5len och styra arbetet i r\u00e4tt riktning. Det rekommenderas att de m\u00e4tbara m\u00e5len kopplas till s\u00e5v\u00e4l myndighetens \u00f6vriga m\u00e5l som de allm\u00e4nna m\u00e5len f\u00f6r Tillst\u00e5nds- och tillsynsprojektet, s\u00e5som f\u00f6rb\u00e4ttring av kundn\u00f6jdheten eller effektivisering av samarbetet mellan [&hellip;]\" \/>\n<meta property=\"og:url\" content=\"https:\/\/luvatjavalvonta.fi\/sv\/kundorienterad-utveckling\/mal-och-beslut\/definition-av-mallaget-och-beslut-om-inforande\/indikatorer\/\" \/>\n<meta property=\"og:site_name\" content=\"Luvat ja valvonta\" \/>\n<meta property=\"article:modified_time\" content=\"2023-05-04T13:14:55+00:00\" \/>\n<meta name=\"twitter:card\" content=\"summary_large_image\" \/>\n<meta name=\"twitter:label1\" content=\"Est. reading time\" \/>\n\t<meta name=\"twitter:data1\" content=\"2 minutes\" \/>\n<script type=\"application\/ld+json\" class=\"yoast-schema-graph\">{\"@context\":\"https:\/\/schema.org\",\"@graph\":[{\"@type\":\"WebPage\",\"@id\":\"https:\/\/luvatjavalvonta.fi\/sv\/kundorienterad-utveckling\/mal-och-beslut\/definition-av-mallaget-och-beslut-om-inforande\/indikatorer\/\",\"url\":\"https:\/\/luvatjavalvonta.fi\/sv\/kundorienterad-utveckling\/mal-och-beslut\/definition-av-mallaget-och-beslut-om-inforande\/indikatorer\/\",\"name\":\"Indikatorer - Luvat ja valvonta\",\"isPartOf\":{\"@id\":\"https:\/\/luvatjavalvonta.fi\/#website\"},\"datePublished\":\"2022-09-13T13:46:36+00:00\",\"dateModified\":\"2023-05-04T13:14:55+00:00\",\"breadcrumb\":{\"@id\":\"https:\/\/luvatjavalvonta.fi\/sv\/kundorienterad-utveckling\/mal-och-beslut\/definition-av-mallaget-och-beslut-om-inforande\/indikatorer\/#breadcrumb\"},\"inLanguage\":\"sv-SE\",\"potentialAction\":[{\"@type\":\"ReadAction\",\"target\":[\"https:\/\/luvatjavalvonta.fi\/sv\/kundorienterad-utveckling\/mal-och-beslut\/definition-av-mallaget-och-beslut-om-inforande\/indikatorer\/\"]}]},{\"@type\":\"BreadcrumbList\",\"@id\":\"https:\/\/luvatjavalvonta.fi\/sv\/kundorienterad-utveckling\/mal-och-beslut\/definition-av-mallaget-och-beslut-om-inforande\/indikatorer\/#breadcrumb\",\"itemListElement\":[{\"@type\":\"ListItem\",\"position\":1,\"name\":\"Home\",\"item\":\"http:\/\/54.75.134.196:80\/sv\/\"},{\"@type\":\"ListItem\",\"position\":2,\"name\":\"Kundorienterad utveckling\",\"item\":\"http:\/\/54.75.134.196:80\/sv\/kundorienterad-utveckling\/\"},{\"@type\":\"ListItem\",\"position\":3,\"name\":\"M\u00e5l och beslut\",\"item\":\"http:\/\/54.75.134.196:80\/sv\/kundorienterad-utveckling\/mal-och-beslut\/\"},{\"@type\":\"ListItem\",\"position\":4,\"name\":\"Definition av m\u00e5ll\u00e4get och beslut om inf\u00f6rande\",\"item\":\"https:\/\/www.luvatjavalvonta.fi\/sv\/kundorienterad-utveckling\/mal-och-beslut\/definition-av-mallaget-och-beslut-om-inforande\/\"},{\"@type\":\"ListItem\",\"position\":5,\"name\":\"Indikatorer\"}]},{\"@type\":\"WebSite\",\"@id\":\"https:\/\/luvatjavalvonta.fi\/#website\",\"url\":\"https:\/\/luvatjavalvonta.fi\/\",\"name\":\"Luvat ja valvonta\",\"description\":\"\",\"potentialAction\":[{\"@type\":\"SearchAction\",\"target\":{\"@type\":\"EntryPoint\",\"urlTemplate\":\"https:\/\/luvatjavalvonta.fi\/?s={search_term_string}\"},\"query-input\":{\"@type\":\"PropertyValueSpecification\",\"valueRequired\":true,\"valueName\":\"search_term_string\"}}],\"inLanguage\":\"sv-SE\"}]}<\/script>\n<!-- \/ Yoast SEO plugin. -->","yoast_head_json":{"title":"Indikatorer - Luvat ja valvonta","robots":{"index":"index","follow":"follow","max-snippet":"max-snippet:-1","max-image-preview":"max-image-preview:large","max-video-preview":"max-video-preview:-1"},"canonical":"https:\/\/luvatjavalvonta.fi\/sv\/kundorienterad-utveckling\/mal-och-beslut\/definition-av-mallaget-och-beslut-om-inforande\/indikatorer\/","og_locale":"sv_SE","og_type":"article","og_title":"Indikatorer - Luvat ja valvonta","og_description":"Det \u00e4r motiverat att st\u00e4lla upp m\u00e4tbara m\u00e5l f\u00f6r f\u00f6r\u00e4ndringar. Indikatorer g\u00f6r det l\u00e4ttare att konkretisera m\u00e5l, f\u00f6lja upp m\u00e5len och styra arbetet i r\u00e4tt riktning. Det rekommenderas att de m\u00e4tbara m\u00e5len kopplas till s\u00e5v\u00e4l myndighetens \u00f6vriga m\u00e5l som de allm\u00e4nna m\u00e5len f\u00f6r Tillst\u00e5nds- och tillsynsprojektet, s\u00e5som f\u00f6rb\u00e4ttring av kundn\u00f6jdheten eller effektivisering av samarbetet mellan [&hellip;]","og_url":"https:\/\/luvatjavalvonta.fi\/sv\/kundorienterad-utveckling\/mal-och-beslut\/definition-av-mallaget-och-beslut-om-inforande\/indikatorer\/","og_site_name":"Luvat ja valvonta","article_modified_time":"2023-05-04T13:14:55+00:00","twitter_card":"summary_large_image","twitter_misc":{"Est. reading time":"2 minutes"},"schema":{"@context":"https:\/\/schema.org","@graph":[{"@type":"WebPage","@id":"https:\/\/luvatjavalvonta.fi\/sv\/kundorienterad-utveckling\/mal-och-beslut\/definition-av-mallaget-och-beslut-om-inforande\/indikatorer\/","url":"https:\/\/luvatjavalvonta.fi\/sv\/kundorienterad-utveckling\/mal-och-beslut\/definition-av-mallaget-och-beslut-om-inforande\/indikatorer\/","name":"Indikatorer - Luvat ja valvonta","isPartOf":{"@id":"https:\/\/luvatjavalvonta.fi\/#website"},"datePublished":"2022-09-13T13:46:36+00:00","dateModified":"2023-05-04T13:14:55+00:00","breadcrumb":{"@id":"https:\/\/luvatjavalvonta.fi\/sv\/kundorienterad-utveckling\/mal-och-beslut\/definition-av-mallaget-och-beslut-om-inforande\/indikatorer\/#breadcrumb"},"inLanguage":"sv-SE","potentialAction":[{"@type":"ReadAction","target":["https:\/\/luvatjavalvonta.fi\/sv\/kundorienterad-utveckling\/mal-och-beslut\/definition-av-mallaget-och-beslut-om-inforande\/indikatorer\/"]}]},{"@type":"BreadcrumbList","@id":"https:\/\/luvatjavalvonta.fi\/sv\/kundorienterad-utveckling\/mal-och-beslut\/definition-av-mallaget-och-beslut-om-inforande\/indikatorer\/#breadcrumb","itemListElement":[{"@type":"ListItem","position":1,"name":"Home","item":"http:\/\/54.75.134.196:80\/sv\/"},{"@type":"ListItem","position":2,"name":"Kundorienterad utveckling","item":"http:\/\/54.75.134.196:80\/sv\/kundorienterad-utveckling\/"},{"@type":"ListItem","position":3,"name":"M\u00e5l och beslut","item":"http:\/\/54.75.134.196:80\/sv\/kundorienterad-utveckling\/mal-och-beslut\/"},{"@type":"ListItem","position":4,"name":"Definition av m\u00e5ll\u00e4get och beslut om inf\u00f6rande","item":"https:\/\/www.luvatjavalvonta.fi\/sv\/kundorienterad-utveckling\/mal-och-beslut\/definition-av-mallaget-och-beslut-om-inforande\/"},{"@type":"ListItem","position":5,"name":"Indikatorer"}]},{"@type":"WebSite","@id":"https:\/\/luvatjavalvonta.fi\/#website","url":"https:\/\/luvatjavalvonta.fi\/","name":"Luvat ja valvonta","description":"","potentialAction":[{"@type":"SearchAction","target":{"@type":"EntryPoint","urlTemplate":"https:\/\/luvatjavalvonta.fi\/?s={search_term_string}"},"query-input":{"@type":"PropertyValueSpecification","valueRequired":true,"valueName":"search_term_string"}}],"inLanguage":"sv-SE"}]}},"_links":{"self":[{"href":"https:\/\/luvatjavalvonta.fi\/sv\/wp-json\/wp\/v2\/pages\/4703","targetHints":{"allow":["GET"]}}],"collection":[{"href":"https:\/\/luvatjavalvonta.fi\/sv\/wp-json\/wp\/v2\/pages"}],"about":[{"href":"https:\/\/luvatjavalvonta.fi\/sv\/wp-json\/wp\/v2\/types\/page"}],"author":[{"embeddable":true,"href":"https:\/\/luvatjavalvonta.fi\/sv\/wp-json\/wp\/v2\/users\/14"}],"replies":[{"embeddable":true,"href":"https:\/\/luvatjavalvonta.fi\/sv\/wp-json\/wp\/v2\/comments?post=4703"}],"version-history":[{"count":2,"href":"https:\/\/luvatjavalvonta.fi\/sv\/wp-json\/wp\/v2\/pages\/4703\/revisions"}],"predecessor-version":[{"id":5501,"href":"https:\/\/luvatjavalvonta.fi\/sv\/wp-json\/wp\/v2\/pages\/4703\/revisions\/5501"}],"up":[{"embeddable":true,"href":"https:\/\/luvatjavalvonta.fi\/sv\/wp-json\/wp\/v2\/pages\/4757"}],"wp:attachment":[{"href":"https:\/\/luvatjavalvonta.fi\/sv\/wp-json\/wp\/v2\/media?parent=4703"}],"curies":[{"name":"wp","href":"https:\/\/api.w.org\/{rel}","templated":true}]}}