{"id":4709,"date":"2022-09-13T16:46:36","date_gmt":"2022-09-13T13:46:36","guid":{"rendered":"https:\/\/luvatjavalvonta.fi\/organisering-2\/"},"modified":"2023-05-04T16:10:57","modified_gmt":"2023-05-04T13:10:57","slug":"organisering-2","status":"publish","type":"page","link":"https:\/\/luvatjavalvonta.fi\/sv\/kundorienterad-utveckling\/mal-och-beslut\/definition-av-mallaget-och-beslut-om-inforande\/organisering-2\/","title":{"rendered":"Organisering"},"content":{"rendered":"\n<hr class=\"wp-block-separator has-alpha-channel-opacity\"\/>\n\n\n\n<p>Innan processen p\u00e5b\u00f6rjas mer ing\u00e5ende m\u00e5ste myndigheten komma \u00f6verens om vilka personer som ansvarar f\u00f6r det tekniska genomf\u00f6randet av serviceskiktet och \u00e4ndringen av rutinerna. Vilka roller som beh\u00f6vs f\u00f6r arbetet beror bland annat p\u00e5 storleken p\u00e5 organisationen och vilken typ av f\u00f6r\u00e4ndringar det handlar om: att g\u00e5 med via f\u00f6renklade e-tj\u00e4nster kr\u00e4ver en betydligt l\u00e4ttare organisation \u00e4n att samutveckla en ny, komplex servicehelhet i serviceskiktet.<\/p>\n<p>F\u00f6rutom en engagerad ledning eller styrgrupp och till exempel tekniska sakkunniga fr\u00e5n informationshanteringen \u00e4r det bra att diskutera till exempel om det beh\u00f6vs en separat projektledare och \u00e4ndringsagenter, i synnerhet vid mer omfattande anslutningar. Dessutom \u00e4r det bra att komma \u00f6verens om vem som ansvarar f\u00f6r exempel kommunikation och utbildning eller planering av operativa \u00e4ndringar. I detta skede g\u00e4ller det ocks\u00e5 att komma \u00f6verens om deltagande i den gemensamma utvecklingen av serviceskiktet och agerandet i partnern\u00e4tverket.<\/p>\n<p>Syftet med organiseringen \u00e4r att s\u00e4kerst\u00e4lla att beslut och riktlinjer tas fram p\u00e5 r\u00e4tt niv\u00e5 och att genomf\u00f6randet av f\u00f6r\u00e4ndringar p\u00e5 operativ niv\u00e5 g\u00e5r smidigt. \u00c4ndringsagenterna b\u00f6r inte ansvara f\u00f6r beslutsfattande som strider mot deras st\u00e4llning i organisationen. F\u00f6r att s\u00e4kerst\u00e4lla ett smidigt inf\u00f6rande b\u00f6r det vara m\u00f6jligt att frig\u00f6ra tillr\u00e4ckligt med tid f\u00f6r arbetet.<\/p>\n<h2>N\u00e4r b\u00f6r organiseringen ske?<\/h2>\n<p>Roller och ansvar, beslutsbefogenheter, tillg\u00e4nglig arbetstid och arbetsmetoder b\u00f6r \u00f6verenskommas i ett tidigt skede innan \u00e4ndringsprocessen p\u00e5b\u00f6rjas.<\/p>\n<h2>Vem b\u00f6r delta i organiseringen?<\/h2>\n<p>Myndigheten kan besluta om rollerna i enlighet med sina egna processer. I synnerhet rollen som \u00e4ndringsagent roll b\u00f6r dock basera sig p\u00e5 frivillighet och ett gemensamt beslut. P\u00e5 s\u00e5 s\u00e4tt garanteras nyckelpersonalens engagemang f\u00f6r f\u00f6r\u00e4ndringen, vilket i sin tur bidrar till genomf\u00f6randet av f\u00f6r\u00e4ndringen som helhet.<\/p>\n","protected":false},"excerpt":{"rendered":"<p>Innan processen p\u00e5b\u00f6rjas mer ing\u00e5ende m\u00e5ste myndigheten komma \u00f6verens om vilka personer som ansvarar f\u00f6r det tekniska genomf\u00f6randet av serviceskiktet och \u00e4ndringen av rutinerna. Vilka roller som beh\u00f6vs f\u00f6r arbetet beror bland annat p\u00e5 storleken p\u00e5 organisationen och vilken typ av f\u00f6r\u00e4ndringar det handlar om: att g\u00e5 med via f\u00f6renklade e-tj\u00e4nster kr\u00e4ver en betydligt l\u00e4ttare [&hellip;]<\/p>\n","protected":false},"author":14,"featured_media":0,"parent":4757,"menu_order":91,"comment_status":"closed","ping_status":"closed","template":"","meta":{"_acf_changed":false,"inline_featured_image":false,"footnotes":""},"class_list":["post-4709","page","type-page","status-publish","hentry"],"acf":{"ai_extra_content":"","ai_instructions":"","ai_hidden_page":false},"yoast_head":"<!-- This site is optimized with the Yoast SEO plugin v25.9 - https:\/\/yoast.com\/wordpress\/plugins\/seo\/ -->\n<title>Organisering - Luvat ja valvonta<\/title>\n<meta name=\"robots\" content=\"index, follow, max-snippet:-1, max-image-preview:large, max-video-preview:-1\" \/>\n<link rel=\"canonical\" href=\"https:\/\/luvatjavalvonta.fi\/sv\/kundorienterad-utveckling\/mal-och-beslut\/definition-av-mallaget-och-beslut-om-inforande\/organisering-2\/\" \/>\n<meta property=\"og:locale\" content=\"sv_SE\" \/>\n<meta property=\"og:type\" content=\"article\" \/>\n<meta property=\"og:title\" content=\"Organisering - Luvat ja valvonta\" \/>\n<meta property=\"og:description\" content=\"Innan processen p\u00e5b\u00f6rjas mer ing\u00e5ende m\u00e5ste myndigheten komma \u00f6verens om vilka personer som ansvarar f\u00f6r det tekniska genomf\u00f6randet av serviceskiktet och \u00e4ndringen av rutinerna. Vilka roller som beh\u00f6vs f\u00f6r arbetet beror bland annat p\u00e5 storleken p\u00e5 organisationen och vilken typ av f\u00f6r\u00e4ndringar det handlar om: att g\u00e5 med via f\u00f6renklade e-tj\u00e4nster kr\u00e4ver en betydligt l\u00e4ttare [&hellip;]\" \/>\n<meta property=\"og:url\" content=\"https:\/\/luvatjavalvonta.fi\/sv\/kundorienterad-utveckling\/mal-och-beslut\/definition-av-mallaget-och-beslut-om-inforande\/organisering-2\/\" \/>\n<meta property=\"og:site_name\" content=\"Luvat ja valvonta\" \/>\n<meta property=\"article:modified_time\" content=\"2023-05-04T13:10:57+00:00\" \/>\n<meta name=\"twitter:card\" content=\"summary_large_image\" \/>\n<meta name=\"twitter:label1\" content=\"Est. reading time\" \/>\n\t<meta name=\"twitter:data1\" content=\"2 minutes\" \/>\n<script type=\"application\/ld+json\" class=\"yoast-schema-graph\">{\"@context\":\"https:\/\/schema.org\",\"@graph\":[{\"@type\":\"WebPage\",\"@id\":\"https:\/\/luvatjavalvonta.fi\/sv\/kundorienterad-utveckling\/mal-och-beslut\/definition-av-mallaget-och-beslut-om-inforande\/organisering-2\/\",\"url\":\"https:\/\/luvatjavalvonta.fi\/sv\/kundorienterad-utveckling\/mal-och-beslut\/definition-av-mallaget-och-beslut-om-inforande\/organisering-2\/\",\"name\":\"Organisering - Luvat ja valvonta\",\"isPartOf\":{\"@id\":\"https:\/\/luvatjavalvonta.fi\/#website\"},\"datePublished\":\"2022-09-13T13:46:36+00:00\",\"dateModified\":\"2023-05-04T13:10:57+00:00\",\"breadcrumb\":{\"@id\":\"https:\/\/luvatjavalvonta.fi\/sv\/kundorienterad-utveckling\/mal-och-beslut\/definition-av-mallaget-och-beslut-om-inforande\/organisering-2\/#breadcrumb\"},\"inLanguage\":\"sv-SE\",\"potentialAction\":[{\"@type\":\"ReadAction\",\"target\":[\"https:\/\/luvatjavalvonta.fi\/sv\/kundorienterad-utveckling\/mal-och-beslut\/definition-av-mallaget-och-beslut-om-inforande\/organisering-2\/\"]}]},{\"@type\":\"BreadcrumbList\",\"@id\":\"https:\/\/luvatjavalvonta.fi\/sv\/kundorienterad-utveckling\/mal-och-beslut\/definition-av-mallaget-och-beslut-om-inforande\/organisering-2\/#breadcrumb\",\"itemListElement\":[{\"@type\":\"ListItem\",\"position\":1,\"name\":\"Home\",\"item\":\"http:\/\/54.75.134.196:80\/sv\/\"},{\"@type\":\"ListItem\",\"position\":2,\"name\":\"Kundorienterad utveckling\",\"item\":\"http:\/\/54.75.134.196:80\/sv\/kundorienterad-utveckling\/\"},{\"@type\":\"ListItem\",\"position\":3,\"name\":\"M\u00e5l och beslut\",\"item\":\"http:\/\/54.75.134.196:80\/sv\/kundorienterad-utveckling\/mal-och-beslut\/\"},{\"@type\":\"ListItem\",\"position\":4,\"name\":\"Definition av m\u00e5ll\u00e4get och beslut om inf\u00f6rande\",\"item\":\"https:\/\/www.luvatjavalvonta.fi\/sv\/kundorienterad-utveckling\/mal-och-beslut\/definition-av-mallaget-och-beslut-om-inforande\/\"},{\"@type\":\"ListItem\",\"position\":5,\"name\":\"Organisering\"}]},{\"@type\":\"WebSite\",\"@id\":\"https:\/\/luvatjavalvonta.fi\/#website\",\"url\":\"https:\/\/luvatjavalvonta.fi\/\",\"name\":\"Luvat ja valvonta\",\"description\":\"\",\"potentialAction\":[{\"@type\":\"SearchAction\",\"target\":{\"@type\":\"EntryPoint\",\"urlTemplate\":\"https:\/\/luvatjavalvonta.fi\/?s={search_term_string}\"},\"query-input\":{\"@type\":\"PropertyValueSpecification\",\"valueRequired\":true,\"valueName\":\"search_term_string\"}}],\"inLanguage\":\"sv-SE\"}]}<\/script>\n<!-- \/ Yoast SEO plugin. -->","yoast_head_json":{"title":"Organisering - Luvat ja valvonta","robots":{"index":"index","follow":"follow","max-snippet":"max-snippet:-1","max-image-preview":"max-image-preview:large","max-video-preview":"max-video-preview:-1"},"canonical":"https:\/\/luvatjavalvonta.fi\/sv\/kundorienterad-utveckling\/mal-och-beslut\/definition-av-mallaget-och-beslut-om-inforande\/organisering-2\/","og_locale":"sv_SE","og_type":"article","og_title":"Organisering - Luvat ja valvonta","og_description":"Innan processen p\u00e5b\u00f6rjas mer ing\u00e5ende m\u00e5ste myndigheten komma \u00f6verens om vilka personer som ansvarar f\u00f6r det tekniska genomf\u00f6randet av serviceskiktet och \u00e4ndringen av rutinerna. Vilka roller som beh\u00f6vs f\u00f6r arbetet beror bland annat p\u00e5 storleken p\u00e5 organisationen och vilken typ av f\u00f6r\u00e4ndringar det handlar om: att g\u00e5 med via f\u00f6renklade e-tj\u00e4nster kr\u00e4ver en betydligt l\u00e4ttare [&hellip;]","og_url":"https:\/\/luvatjavalvonta.fi\/sv\/kundorienterad-utveckling\/mal-och-beslut\/definition-av-mallaget-och-beslut-om-inforande\/organisering-2\/","og_site_name":"Luvat ja valvonta","article_modified_time":"2023-05-04T13:10:57+00:00","twitter_card":"summary_large_image","twitter_misc":{"Est. reading time":"2 minutes"},"schema":{"@context":"https:\/\/schema.org","@graph":[{"@type":"WebPage","@id":"https:\/\/luvatjavalvonta.fi\/sv\/kundorienterad-utveckling\/mal-och-beslut\/definition-av-mallaget-och-beslut-om-inforande\/organisering-2\/","url":"https:\/\/luvatjavalvonta.fi\/sv\/kundorienterad-utveckling\/mal-och-beslut\/definition-av-mallaget-och-beslut-om-inforande\/organisering-2\/","name":"Organisering - Luvat ja valvonta","isPartOf":{"@id":"https:\/\/luvatjavalvonta.fi\/#website"},"datePublished":"2022-09-13T13:46:36+00:00","dateModified":"2023-05-04T13:10:57+00:00","breadcrumb":{"@id":"https:\/\/luvatjavalvonta.fi\/sv\/kundorienterad-utveckling\/mal-och-beslut\/definition-av-mallaget-och-beslut-om-inforande\/organisering-2\/#breadcrumb"},"inLanguage":"sv-SE","potentialAction":[{"@type":"ReadAction","target":["https:\/\/luvatjavalvonta.fi\/sv\/kundorienterad-utveckling\/mal-och-beslut\/definition-av-mallaget-och-beslut-om-inforande\/organisering-2\/"]}]},{"@type":"BreadcrumbList","@id":"https:\/\/luvatjavalvonta.fi\/sv\/kundorienterad-utveckling\/mal-och-beslut\/definition-av-mallaget-och-beslut-om-inforande\/organisering-2\/#breadcrumb","itemListElement":[{"@type":"ListItem","position":1,"name":"Home","item":"http:\/\/54.75.134.196:80\/sv\/"},{"@type":"ListItem","position":2,"name":"Kundorienterad utveckling","item":"http:\/\/54.75.134.196:80\/sv\/kundorienterad-utveckling\/"},{"@type":"ListItem","position":3,"name":"M\u00e5l och beslut","item":"http:\/\/54.75.134.196:80\/sv\/kundorienterad-utveckling\/mal-och-beslut\/"},{"@type":"ListItem","position":4,"name":"Definition av m\u00e5ll\u00e4get och beslut om inf\u00f6rande","item":"https:\/\/www.luvatjavalvonta.fi\/sv\/kundorienterad-utveckling\/mal-och-beslut\/definition-av-mallaget-och-beslut-om-inforande\/"},{"@type":"ListItem","position":5,"name":"Organisering"}]},{"@type":"WebSite","@id":"https:\/\/luvatjavalvonta.fi\/#website","url":"https:\/\/luvatjavalvonta.fi\/","name":"Luvat ja valvonta","description":"","potentialAction":[{"@type":"SearchAction","target":{"@type":"EntryPoint","urlTemplate":"https:\/\/luvatjavalvonta.fi\/?s={search_term_string}"},"query-input":{"@type":"PropertyValueSpecification","valueRequired":true,"valueName":"search_term_string"}}],"inLanguage":"sv-SE"}]}},"_links":{"self":[{"href":"https:\/\/luvatjavalvonta.fi\/sv\/wp-json\/wp\/v2\/pages\/4709","targetHints":{"allow":["GET"]}}],"collection":[{"href":"https:\/\/luvatjavalvonta.fi\/sv\/wp-json\/wp\/v2\/pages"}],"about":[{"href":"https:\/\/luvatjavalvonta.fi\/sv\/wp-json\/wp\/v2\/types\/page"}],"author":[{"embeddable":true,"href":"https:\/\/luvatjavalvonta.fi\/sv\/wp-json\/wp\/v2\/users\/14"}],"replies":[{"embeddable":true,"href":"https:\/\/luvatjavalvonta.fi\/sv\/wp-json\/wp\/v2\/comments?post=4709"}],"version-history":[{"count":2,"href":"https:\/\/luvatjavalvonta.fi\/sv\/wp-json\/wp\/v2\/pages\/4709\/revisions"}],"predecessor-version":[{"id":5499,"href":"https:\/\/luvatjavalvonta.fi\/sv\/wp-json\/wp\/v2\/pages\/4709\/revisions\/5499"}],"up":[{"embeddable":true,"href":"https:\/\/luvatjavalvonta.fi\/sv\/wp-json\/wp\/v2\/pages\/4757"}],"wp:attachment":[{"href":"https:\/\/luvatjavalvonta.fi\/sv\/wp-json\/wp\/v2\/media?parent=4709"}],"curies":[{"name":"wp","href":"https:\/\/api.w.org\/{rel}","templated":true}]}}