{"id":4719,"date":"2022-08-23T16:50:54","date_gmt":"2022-08-23T13:50:54","guid":{"rendered":"https:\/\/luvatjavalvonta.fi\/exempel-pa-aviseringar\/"},"modified":"2023-04-27T15:29:00","modified_gmt":"2023-04-27T12:29:00","slug":"exempel-pa-aviseringar","status":"publish","type":"page","link":"https:\/\/luvatjavalvonta.fi\/sv\/information-om-tjansten\/egenskaper\/aviseringar\/exempel-pa-aviseringar\/","title":{"rendered":"Exempel p\u00e5 aviseringar"},"content":{"rendered":"\n<hr class=\"wp-block-separator has-alpha-channel-opacity\"\/>\n\n\n\n<p>Exempel p\u00e5 inneh\u00e5llet i aviseringar:<\/p>\n<blockquote>\n<p><span style=\"color: #000000;\">Ett nytt \u00e4rende som v\u00e4ntar p\u00e5 handl\u00e4ggning finns i tj\u00e4nsten Tillst\u00e5nd och tillsyn: <strong>\u00e4rendets rubrik<\/strong>, <strong>myndighet<\/strong>. Du har f\u00e5tt det h\u00e4r meddelandet eftersom den ansvariga myndigheten ska informera tj\u00e4nsten Tillst\u00e5nd och tillsyn om handl\u00e4ggaren av \u00e4rendet.<\/span><br \/><br \/><span style=\"color: #000000;\">F\u00f6retag: <strong>f\u00f6retagets namn<\/strong> och (<strong>namnet p\u00e5 den person som representerar f\u00f6retaget<\/strong>)<\/span><br \/><span style=\"color: #000000;\">Objekt: <strong>objektets namn <\/strong>och (<strong>objektets identifierare<\/strong>)<\/span><br \/><span style=\"color: #000000;\">Ort: <strong>kommunomr\u00e5dets namn<\/strong><\/span><br \/><br \/><span style=\"color: #000000;\">Du kommer \u00e5t uppgifterna om objektet genom att logga in via f\u00f6ljande l\u00e4nk: (exempel p\u00e5 l\u00e4nk) <a style=\"color: #000000;\" href=\"https:\/\/lv-vir-testi1.ahtp.fi\/fi\/seuraa\/231d799b-19e5-4ba4-a486-10b28906f175\">https:\/\/lv-vir.ahtp.fi\/fi\/seuraa\/231d799b-19e5-4ba4-a486-10b28906f175<\/a><\/span><br \/><br \/><span style=\"color: #000000;\">Meddelandet har skapats automatiskt och kan inte besvaras.<\/span><\/p>\n<\/blockquote>\n","protected":false},"excerpt":{"rendered":"<p>Exempel p\u00e5 inneh\u00e5llet i aviseringar: Ett nytt \u00e4rende som v\u00e4ntar p\u00e5 handl\u00e4ggning finns i tj\u00e4nsten Tillst\u00e5nd och tillsyn: \u00e4rendets rubrik, myndighet. Du har f\u00e5tt det h\u00e4r meddelandet eftersom den ansvariga myndigheten ska informera tj\u00e4nsten Tillst\u00e5nd och tillsyn om handl\u00e4ggaren av \u00e4rendet. F\u00f6retag: f\u00f6retagets namn och (namnet p\u00e5 den person som representerar f\u00f6retaget)Objekt: objektets namn och [&hellip;]<\/p>\n","protected":false},"author":14,"featured_media":0,"parent":4879,"menu_order":96,"comment_status":"closed","ping_status":"closed","template":"","meta":{"_acf_changed":false,"inline_featured_image":false,"footnotes":""},"class_list":["post-4719","page","type-page","status-publish","hentry"],"acf":{"ai_extra_content":"","ai_instructions":"","ai_hidden_page":false},"yoast_head":"<!-- This site is optimized with the Yoast SEO plugin v25.9 - https:\/\/yoast.com\/wordpress\/plugins\/seo\/ -->\n<title>Exempel p\u00e5 aviseringar - Luvat ja valvonta<\/title>\n<meta name=\"robots\" content=\"index, follow, max-snippet:-1, max-image-preview:large, max-video-preview:-1\" \/>\n<link rel=\"canonical\" href=\"https:\/\/luvatjavalvonta.fi\/sv\/information-om-tjansten\/egenskaper\/aviseringar\/exempel-pa-aviseringar\/\" \/>\n<meta property=\"og:locale\" content=\"sv_SE\" \/>\n<meta property=\"og:type\" content=\"article\" \/>\n<meta property=\"og:title\" content=\"Exempel p\u00e5 aviseringar - Luvat ja valvonta\" \/>\n<meta property=\"og:description\" content=\"Exempel p\u00e5 inneh\u00e5llet i aviseringar: Ett nytt \u00e4rende som v\u00e4ntar p\u00e5 handl\u00e4ggning finns i tj\u00e4nsten Tillst\u00e5nd och tillsyn: \u00e4rendets rubrik, myndighet. Du har f\u00e5tt det h\u00e4r meddelandet eftersom den ansvariga myndigheten ska informera tj\u00e4nsten Tillst\u00e5nd och tillsyn om handl\u00e4ggaren av \u00e4rendet. F\u00f6retag: f\u00f6retagets namn och (namnet p\u00e5 den person som representerar f\u00f6retaget)Objekt: objektets namn och [&hellip;]\" \/>\n<meta property=\"og:url\" content=\"https:\/\/luvatjavalvonta.fi\/sv\/information-om-tjansten\/egenskaper\/aviseringar\/exempel-pa-aviseringar\/\" \/>\n<meta property=\"og:site_name\" content=\"Luvat ja valvonta\" \/>\n<meta property=\"article:modified_time\" content=\"2023-04-27T12:29:00+00:00\" \/>\n<meta name=\"twitter:card\" content=\"summary_large_image\" \/>\n<meta name=\"twitter:label1\" content=\"Est. reading time\" \/>\n\t<meta name=\"twitter:data1\" content=\"1 minute\" \/>\n<script type=\"application\/ld+json\" class=\"yoast-schema-graph\">{\"@context\":\"https:\/\/schema.org\",\"@graph\":[{\"@type\":\"WebPage\",\"@id\":\"https:\/\/luvatjavalvonta.fi\/sv\/information-om-tjansten\/egenskaper\/aviseringar\/exempel-pa-aviseringar\/\",\"url\":\"https:\/\/luvatjavalvonta.fi\/sv\/information-om-tjansten\/egenskaper\/aviseringar\/exempel-pa-aviseringar\/\",\"name\":\"Exempel p\u00e5 aviseringar - Luvat ja valvonta\",\"isPartOf\":{\"@id\":\"https:\/\/luvatjavalvonta.fi\/#website\"},\"datePublished\":\"2022-08-23T13:50:54+00:00\",\"dateModified\":\"2023-04-27T12:29:00+00:00\",\"breadcrumb\":{\"@id\":\"https:\/\/luvatjavalvonta.fi\/sv\/information-om-tjansten\/egenskaper\/aviseringar\/exempel-pa-aviseringar\/#breadcrumb\"},\"inLanguage\":\"sv-SE\",\"potentialAction\":[{\"@type\":\"ReadAction\",\"target\":[\"https:\/\/luvatjavalvonta.fi\/sv\/information-om-tjansten\/egenskaper\/aviseringar\/exempel-pa-aviseringar\/\"]}]},{\"@type\":\"BreadcrumbList\",\"@id\":\"https:\/\/luvatjavalvonta.fi\/sv\/information-om-tjansten\/egenskaper\/aviseringar\/exempel-pa-aviseringar\/#breadcrumb\",\"itemListElement\":[{\"@type\":\"ListItem\",\"position\":1,\"name\":\"Home\",\"item\":\"http:\/\/54.75.134.196:80\/sv\/\"},{\"@type\":\"ListItem\",\"position\":2,\"name\":\"Information om tj\u00e4nsten\",\"item\":\"http:\/\/54.75.134.196:80\/sv\/information-om-tjansten\/\"},{\"@type\":\"ListItem\",\"position\":3,\"name\":\"Egenskaper\",\"item\":\"http:\/\/54.75.134.196:80\/sv\/information-om-tjansten\/egenskaper\/\"},{\"@type\":\"ListItem\",\"position\":4,\"name\":\"Aviseringar\",\"item\":\"https:\/\/luvatjavalvonta.fi\/sv\/information-om-tjansten\/egenskaper\/aviseringar\/\"},{\"@type\":\"ListItem\",\"position\":5,\"name\":\"Exempel p\u00e5 aviseringar\"}]},{\"@type\":\"WebSite\",\"@id\":\"https:\/\/luvatjavalvonta.fi\/#website\",\"url\":\"https:\/\/luvatjavalvonta.fi\/\",\"name\":\"Luvat ja valvonta\",\"description\":\"\",\"potentialAction\":[{\"@type\":\"SearchAction\",\"target\":{\"@type\":\"EntryPoint\",\"urlTemplate\":\"https:\/\/luvatjavalvonta.fi\/?s={search_term_string}\"},\"query-input\":{\"@type\":\"PropertyValueSpecification\",\"valueRequired\":true,\"valueName\":\"search_term_string\"}}],\"inLanguage\":\"sv-SE\"}]}<\/script>\n<!-- \/ Yoast SEO plugin. -->","yoast_head_json":{"title":"Exempel p\u00e5 aviseringar - Luvat ja valvonta","robots":{"index":"index","follow":"follow","max-snippet":"max-snippet:-1","max-image-preview":"max-image-preview:large","max-video-preview":"max-video-preview:-1"},"canonical":"https:\/\/luvatjavalvonta.fi\/sv\/information-om-tjansten\/egenskaper\/aviseringar\/exempel-pa-aviseringar\/","og_locale":"sv_SE","og_type":"article","og_title":"Exempel p\u00e5 aviseringar - Luvat ja valvonta","og_description":"Exempel p\u00e5 inneh\u00e5llet i aviseringar: Ett nytt \u00e4rende som v\u00e4ntar p\u00e5 handl\u00e4ggning finns i tj\u00e4nsten Tillst\u00e5nd och tillsyn: \u00e4rendets rubrik, myndighet. Du har f\u00e5tt det h\u00e4r meddelandet eftersom den ansvariga myndigheten ska informera tj\u00e4nsten Tillst\u00e5nd och tillsyn om handl\u00e4ggaren av \u00e4rendet. F\u00f6retag: f\u00f6retagets namn och (namnet p\u00e5 den person som representerar f\u00f6retaget)Objekt: objektets namn och [&hellip;]","og_url":"https:\/\/luvatjavalvonta.fi\/sv\/information-om-tjansten\/egenskaper\/aviseringar\/exempel-pa-aviseringar\/","og_site_name":"Luvat ja valvonta","article_modified_time":"2023-04-27T12:29:00+00:00","twitter_card":"summary_large_image","twitter_misc":{"Est. reading time":"1 minute"},"schema":{"@context":"https:\/\/schema.org","@graph":[{"@type":"WebPage","@id":"https:\/\/luvatjavalvonta.fi\/sv\/information-om-tjansten\/egenskaper\/aviseringar\/exempel-pa-aviseringar\/","url":"https:\/\/luvatjavalvonta.fi\/sv\/information-om-tjansten\/egenskaper\/aviseringar\/exempel-pa-aviseringar\/","name":"Exempel p\u00e5 aviseringar - Luvat ja valvonta","isPartOf":{"@id":"https:\/\/luvatjavalvonta.fi\/#website"},"datePublished":"2022-08-23T13:50:54+00:00","dateModified":"2023-04-27T12:29:00+00:00","breadcrumb":{"@id":"https:\/\/luvatjavalvonta.fi\/sv\/information-om-tjansten\/egenskaper\/aviseringar\/exempel-pa-aviseringar\/#breadcrumb"},"inLanguage":"sv-SE","potentialAction":[{"@type":"ReadAction","target":["https:\/\/luvatjavalvonta.fi\/sv\/information-om-tjansten\/egenskaper\/aviseringar\/exempel-pa-aviseringar\/"]}]},{"@type":"BreadcrumbList","@id":"https:\/\/luvatjavalvonta.fi\/sv\/information-om-tjansten\/egenskaper\/aviseringar\/exempel-pa-aviseringar\/#breadcrumb","itemListElement":[{"@type":"ListItem","position":1,"name":"Home","item":"http:\/\/54.75.134.196:80\/sv\/"},{"@type":"ListItem","position":2,"name":"Information om tj\u00e4nsten","item":"http:\/\/54.75.134.196:80\/sv\/information-om-tjansten\/"},{"@type":"ListItem","position":3,"name":"Egenskaper","item":"http:\/\/54.75.134.196:80\/sv\/information-om-tjansten\/egenskaper\/"},{"@type":"ListItem","position":4,"name":"Aviseringar","item":"https:\/\/luvatjavalvonta.fi\/sv\/information-om-tjansten\/egenskaper\/aviseringar\/"},{"@type":"ListItem","position":5,"name":"Exempel p\u00e5 aviseringar"}]},{"@type":"WebSite","@id":"https:\/\/luvatjavalvonta.fi\/#website","url":"https:\/\/luvatjavalvonta.fi\/","name":"Luvat ja valvonta","description":"","potentialAction":[{"@type":"SearchAction","target":{"@type":"EntryPoint","urlTemplate":"https:\/\/luvatjavalvonta.fi\/?s={search_term_string}"},"query-input":{"@type":"PropertyValueSpecification","valueRequired":true,"valueName":"search_term_string"}}],"inLanguage":"sv-SE"}]}},"_links":{"self":[{"href":"https:\/\/luvatjavalvonta.fi\/sv\/wp-json\/wp\/v2\/pages\/4719","targetHints":{"allow":["GET"]}}],"collection":[{"href":"https:\/\/luvatjavalvonta.fi\/sv\/wp-json\/wp\/v2\/pages"}],"about":[{"href":"https:\/\/luvatjavalvonta.fi\/sv\/wp-json\/wp\/v2\/types\/page"}],"author":[{"embeddable":true,"href":"https:\/\/luvatjavalvonta.fi\/sv\/wp-json\/wp\/v2\/users\/14"}],"replies":[{"embeddable":true,"href":"https:\/\/luvatjavalvonta.fi\/sv\/wp-json\/wp\/v2\/comments?post=4719"}],"version-history":[{"count":2,"href":"https:\/\/luvatjavalvonta.fi\/sv\/wp-json\/wp\/v2\/pages\/4719\/revisions"}],"predecessor-version":[{"id":5309,"href":"https:\/\/luvatjavalvonta.fi\/sv\/wp-json\/wp\/v2\/pages\/4719\/revisions\/5309"}],"up":[{"embeddable":true,"href":"https:\/\/luvatjavalvonta.fi\/sv\/wp-json\/wp\/v2\/pages\/4879"}],"wp:attachment":[{"href":"https:\/\/luvatjavalvonta.fi\/sv\/wp-json\/wp\/v2\/media?parent=4719"}],"curies":[{"name":"wp","href":"https:\/\/api.w.org\/{rel}","templated":true}]}}