{"id":4721,"date":"2022-08-23T17:31:53","date_gmt":"2022-08-23T14:31:53","guid":{"rendered":"https:\/\/luvatjavalvonta.fi\/exempel-pa-berakning-av-tidsfrister\/"},"modified":"2023-04-27T15:31:37","modified_gmt":"2023-04-27T12:31:37","slug":"exempel-pa-berakning-av-tidsfrister","status":"publish","type":"page","link":"https:\/\/luvatjavalvonta.fi\/sv\/information-om-tjansten\/egenskaper\/berakning-av-tidsfrister\/exempel-pa-berakning-av-tidsfrister\/","title":{"rendered":"Exempel p\u00e5 ber\u00e4kning av tidsfrister"},"content":{"rendered":"\n<hr class=\"wp-block-separator has-alpha-channel-opacity\"\/>\n\n\n\n<p>H\u00e4r publiceras ett bildf\u00f6rsett exempel p\u00e5 ber\u00e4kning av tidsfrister.<\/p>\n","protected":false},"excerpt":{"rendered":"<p>H\u00e4r publiceras ett bildf\u00f6rsett exempel p\u00e5 ber\u00e4kning av tidsfrister.<\/p>\n","protected":false},"author":14,"featured_media":0,"parent":4883,"menu_order":97,"comment_status":"closed","ping_status":"closed","template":"","meta":{"_acf_changed":false,"inline_featured_image":false,"footnotes":""},"class_list":["post-4721","page","type-page","status-publish","hentry"],"acf":{"ai_extra_content":"","ai_instructions":"","ai_hidden_page":false},"yoast_head":"<!-- This site is optimized with the Yoast SEO plugin v25.9 - https:\/\/yoast.com\/wordpress\/plugins\/seo\/ -->\n<title>Exempel p\u00e5 ber\u00e4kning av tidsfrister - Luvat ja valvonta<\/title>\n<meta name=\"robots\" content=\"index, follow, max-snippet:-1, max-image-preview:large, max-video-preview:-1\" \/>\n<link rel=\"canonical\" href=\"https:\/\/luvatjavalvonta.fi\/sv\/information-om-tjansten\/egenskaper\/berakning-av-tidsfrister\/exempel-pa-berakning-av-tidsfrister\/\" \/>\n<meta property=\"og:locale\" content=\"sv_SE\" \/>\n<meta property=\"og:type\" content=\"article\" \/>\n<meta property=\"og:title\" content=\"Exempel p\u00e5 ber\u00e4kning av tidsfrister - Luvat ja valvonta\" \/>\n<meta property=\"og:description\" content=\"H\u00e4r publiceras ett bildf\u00f6rsett exempel p\u00e5 ber\u00e4kning av tidsfrister.\" \/>\n<meta property=\"og:url\" content=\"https:\/\/luvatjavalvonta.fi\/sv\/information-om-tjansten\/egenskaper\/berakning-av-tidsfrister\/exempel-pa-berakning-av-tidsfrister\/\" \/>\n<meta property=\"og:site_name\" content=\"Luvat ja valvonta\" \/>\n<meta property=\"article:modified_time\" content=\"2023-04-27T12:31:37+00:00\" \/>\n<meta name=\"twitter:card\" content=\"summary_large_image\" \/>\n<meta name=\"twitter:label1\" content=\"Est. reading time\" \/>\n\t<meta name=\"twitter:data1\" content=\"1 minute\" \/>\n<script type=\"application\/ld+json\" class=\"yoast-schema-graph\">{\"@context\":\"https:\/\/schema.org\",\"@graph\":[{\"@type\":\"WebPage\",\"@id\":\"https:\/\/luvatjavalvonta.fi\/sv\/information-om-tjansten\/egenskaper\/berakning-av-tidsfrister\/exempel-pa-berakning-av-tidsfrister\/\",\"url\":\"https:\/\/luvatjavalvonta.fi\/sv\/information-om-tjansten\/egenskaper\/berakning-av-tidsfrister\/exempel-pa-berakning-av-tidsfrister\/\",\"name\":\"Exempel p\u00e5 ber\u00e4kning av tidsfrister - Luvat ja valvonta\",\"isPartOf\":{\"@id\":\"https:\/\/luvatjavalvonta.fi\/#website\"},\"datePublished\":\"2022-08-23T14:31:53+00:00\",\"dateModified\":\"2023-04-27T12:31:37+00:00\",\"breadcrumb\":{\"@id\":\"https:\/\/luvatjavalvonta.fi\/sv\/information-om-tjansten\/egenskaper\/berakning-av-tidsfrister\/exempel-pa-berakning-av-tidsfrister\/#breadcrumb\"},\"inLanguage\":\"sv-SE\",\"potentialAction\":[{\"@type\":\"ReadAction\",\"target\":[\"https:\/\/luvatjavalvonta.fi\/sv\/information-om-tjansten\/egenskaper\/berakning-av-tidsfrister\/exempel-pa-berakning-av-tidsfrister\/\"]}]},{\"@type\":\"BreadcrumbList\",\"@id\":\"https:\/\/luvatjavalvonta.fi\/sv\/information-om-tjansten\/egenskaper\/berakning-av-tidsfrister\/exempel-pa-berakning-av-tidsfrister\/#breadcrumb\",\"itemListElement\":[{\"@type\":\"ListItem\",\"position\":1,\"name\":\"Home\",\"item\":\"http:\/\/54.75.134.196:80\/sv\/\"},{\"@type\":\"ListItem\",\"position\":2,\"name\":\"Information om tj\u00e4nsten\",\"item\":\"http:\/\/54.75.134.196:80\/sv\/information-om-tjansten\/\"},{\"@type\":\"ListItem\",\"position\":3,\"name\":\"Egenskaper\",\"item\":\"http:\/\/54.75.134.196:80\/sv\/information-om-tjansten\/egenskaper\/\"},{\"@type\":\"ListItem\",\"position\":4,\"name\":\"Ber\u00e4kning av tidsfrister\",\"item\":\"https:\/\/luvatjavalvonta.fi\/sv\/information-om-tjansten\/egenskaper\/berakning-av-tidsfrister\/\"},{\"@type\":\"ListItem\",\"position\":5,\"name\":\"Exempel p\u00e5 ber\u00e4kning av tidsfrister\"}]},{\"@type\":\"WebSite\",\"@id\":\"https:\/\/luvatjavalvonta.fi\/#website\",\"url\":\"https:\/\/luvatjavalvonta.fi\/\",\"name\":\"Luvat ja valvonta\",\"description\":\"\",\"potentialAction\":[{\"@type\":\"SearchAction\",\"target\":{\"@type\":\"EntryPoint\",\"urlTemplate\":\"https:\/\/luvatjavalvonta.fi\/?s={search_term_string}\"},\"query-input\":{\"@type\":\"PropertyValueSpecification\",\"valueRequired\":true,\"valueName\":\"search_term_string\"}}],\"inLanguage\":\"sv-SE\"}]}<\/script>\n<!-- \/ Yoast SEO plugin. -->","yoast_head_json":{"title":"Exempel p\u00e5 ber\u00e4kning av tidsfrister - Luvat ja valvonta","robots":{"index":"index","follow":"follow","max-snippet":"max-snippet:-1","max-image-preview":"max-image-preview:large","max-video-preview":"max-video-preview:-1"},"canonical":"https:\/\/luvatjavalvonta.fi\/sv\/information-om-tjansten\/egenskaper\/berakning-av-tidsfrister\/exempel-pa-berakning-av-tidsfrister\/","og_locale":"sv_SE","og_type":"article","og_title":"Exempel p\u00e5 ber\u00e4kning av tidsfrister - Luvat ja valvonta","og_description":"H\u00e4r publiceras ett bildf\u00f6rsett exempel p\u00e5 ber\u00e4kning av tidsfrister.","og_url":"https:\/\/luvatjavalvonta.fi\/sv\/information-om-tjansten\/egenskaper\/berakning-av-tidsfrister\/exempel-pa-berakning-av-tidsfrister\/","og_site_name":"Luvat ja valvonta","article_modified_time":"2023-04-27T12:31:37+00:00","twitter_card":"summary_large_image","twitter_misc":{"Est. reading time":"1 minute"},"schema":{"@context":"https:\/\/schema.org","@graph":[{"@type":"WebPage","@id":"https:\/\/luvatjavalvonta.fi\/sv\/information-om-tjansten\/egenskaper\/berakning-av-tidsfrister\/exempel-pa-berakning-av-tidsfrister\/","url":"https:\/\/luvatjavalvonta.fi\/sv\/information-om-tjansten\/egenskaper\/berakning-av-tidsfrister\/exempel-pa-berakning-av-tidsfrister\/","name":"Exempel p\u00e5 ber\u00e4kning av tidsfrister - Luvat ja valvonta","isPartOf":{"@id":"https:\/\/luvatjavalvonta.fi\/#website"},"datePublished":"2022-08-23T14:31:53+00:00","dateModified":"2023-04-27T12:31:37+00:00","breadcrumb":{"@id":"https:\/\/luvatjavalvonta.fi\/sv\/information-om-tjansten\/egenskaper\/berakning-av-tidsfrister\/exempel-pa-berakning-av-tidsfrister\/#breadcrumb"},"inLanguage":"sv-SE","potentialAction":[{"@type":"ReadAction","target":["https:\/\/luvatjavalvonta.fi\/sv\/information-om-tjansten\/egenskaper\/berakning-av-tidsfrister\/exempel-pa-berakning-av-tidsfrister\/"]}]},{"@type":"BreadcrumbList","@id":"https:\/\/luvatjavalvonta.fi\/sv\/information-om-tjansten\/egenskaper\/berakning-av-tidsfrister\/exempel-pa-berakning-av-tidsfrister\/#breadcrumb","itemListElement":[{"@type":"ListItem","position":1,"name":"Home","item":"http:\/\/54.75.134.196:80\/sv\/"},{"@type":"ListItem","position":2,"name":"Information om tj\u00e4nsten","item":"http:\/\/54.75.134.196:80\/sv\/information-om-tjansten\/"},{"@type":"ListItem","position":3,"name":"Egenskaper","item":"http:\/\/54.75.134.196:80\/sv\/information-om-tjansten\/egenskaper\/"},{"@type":"ListItem","position":4,"name":"Ber\u00e4kning av tidsfrister","item":"https:\/\/luvatjavalvonta.fi\/sv\/information-om-tjansten\/egenskaper\/berakning-av-tidsfrister\/"},{"@type":"ListItem","position":5,"name":"Exempel p\u00e5 ber\u00e4kning av tidsfrister"}]},{"@type":"WebSite","@id":"https:\/\/luvatjavalvonta.fi\/#website","url":"https:\/\/luvatjavalvonta.fi\/","name":"Luvat ja valvonta","description":"","potentialAction":[{"@type":"SearchAction","target":{"@type":"EntryPoint","urlTemplate":"https:\/\/luvatjavalvonta.fi\/?s={search_term_string}"},"query-input":{"@type":"PropertyValueSpecification","valueRequired":true,"valueName":"search_term_string"}}],"inLanguage":"sv-SE"}]}},"_links":{"self":[{"href":"https:\/\/luvatjavalvonta.fi\/sv\/wp-json\/wp\/v2\/pages\/4721","targetHints":{"allow":["GET"]}}],"collection":[{"href":"https:\/\/luvatjavalvonta.fi\/sv\/wp-json\/wp\/v2\/pages"}],"about":[{"href":"https:\/\/luvatjavalvonta.fi\/sv\/wp-json\/wp\/v2\/types\/page"}],"author":[{"embeddable":true,"href":"https:\/\/luvatjavalvonta.fi\/sv\/wp-json\/wp\/v2\/users\/14"}],"replies":[{"embeddable":true,"href":"https:\/\/luvatjavalvonta.fi\/sv\/wp-json\/wp\/v2\/comments?post=4721"}],"version-history":[{"count":2,"href":"https:\/\/luvatjavalvonta.fi\/sv\/wp-json\/wp\/v2\/pages\/4721\/revisions"}],"predecessor-version":[{"id":5311,"href":"https:\/\/luvatjavalvonta.fi\/sv\/wp-json\/wp\/v2\/pages\/4721\/revisions\/5311"}],"up":[{"embeddable":true,"href":"https:\/\/luvatjavalvonta.fi\/sv\/wp-json\/wp\/v2\/pages\/4883"}],"wp:attachment":[{"href":"https:\/\/luvatjavalvonta.fi\/sv\/wp-json\/wp\/v2\/media?parent=4721"}],"curies":[{"name":"wp","href":"https:\/\/api.w.org\/{rel}","templated":true}]}}