{"id":4723,"date":"2022-08-23T13:59:26","date_gmt":"2022-08-23T10:59:26","guid":{"rendered":"https:\/\/luvatjavalvonta.fi\/exempel-pa-kundens-gemensamma-uppgifter\/"},"modified":"2023-04-27T15:16:43","modified_gmt":"2023-04-27T12:16:43","slug":"exempel-pa-kundens-gemensamma-uppgifter","status":"publish","type":"page","link":"https:\/\/luvatjavalvonta.fi\/sv\/information-om-tjansten\/egenskaper\/kunduppgifter\/exempel-pa-kundens-gemensamma-uppgifter\/","title":{"rendered":"Exempel p\u00e5 kundens gemensamma uppgifter"},"content":{"rendered":"\n<hr class=\"wp-block-separator has-alpha-channel-opacity\"\/>\n\n\n\n<p>Nedan finns ett exempel p\u00e5 grundl\u00e4ggande uppgifter om en kund (verksamhetsut\u00f6vare) som anv\u00e4nds i alla tillst\u00e5nds- och tillsynstj\u00e4nster i kundens servicehelhet (kundens projekt).<\/p>\n\n\n\n<figure class=\"wp-block-image size-large\"><img loading=\"lazy\" decoding=\"async\" width=\"655\" height=\"1024\" src=\"https:\/\/luvatjavalvonta.fi\/content\/uploads\/2022\/06\/Toiminnanharjoittajan-perustiedot-655x1024.png\" alt=\"Bilden visar en vy av blanketten f\u00f6r grundl\u00e4ggande uppgifter om kunden och ett exempel p\u00e5 gemensamma serviceuppgifter. \" class=\"wp-image-1227\" srcset=\"https:\/\/luvatjavalvonta.fi\/content\/uploads\/2022\/06\/Toiminnanharjoittajan-perustiedot-655x1024.png 655w, https:\/\/luvatjavalvonta.fi\/content\/uploads\/2022\/06\/Toiminnanharjoittajan-perustiedot-192x300.png 192w, https:\/\/luvatjavalvonta.fi\/content\/uploads\/2022\/06\/Toiminnanharjoittajan-perustiedot-768x1200.png 768w, https:\/\/luvatjavalvonta.fi\/content\/uploads\/2022\/06\/Toiminnanharjoittajan-perustiedot-983x1536.png 983w, https:\/\/luvatjavalvonta.fi\/content\/uploads\/2022\/06\/Toiminnanharjoittajan-perustiedot-128x200.png 128w, https:\/\/luvatjavalvonta.fi\/content\/uploads\/2022\/06\/Toiminnanharjoittajan-perustiedot.png 1238w\" sizes=\"auto, (max-width: 655px) 100vw, 655px\" \/><\/figure>\n","protected":false},"excerpt":{"rendered":"<p>Nedan finns ett exempel p\u00e5 grundl\u00e4ggande uppgifter om en kund (verksamhetsut\u00f6vare) som anv\u00e4nds i alla tillst\u00e5nds- och tillsynstj\u00e4nster i kundens servicehelhet (kundens projekt).<\/p>\n","protected":false},"author":14,"featured_media":0,"parent":4871,"menu_order":98,"comment_status":"closed","ping_status":"closed","template":"","meta":{"_acf_changed":false,"inline_featured_image":false,"footnotes":""},"class_list":["post-4723","page","type-page","status-publish","hentry"],"acf":{"ai_extra_content":"","ai_instructions":"","ai_hidden_page":false},"yoast_head":"<!-- This site is optimized with the Yoast SEO plugin v25.9 - https:\/\/yoast.com\/wordpress\/plugins\/seo\/ -->\n<title>Exempel p\u00e5 kundens gemensamma uppgifter - Luvat ja valvonta<\/title>\n<meta name=\"robots\" content=\"index, follow, max-snippet:-1, max-image-preview:large, max-video-preview:-1\" \/>\n<link rel=\"canonical\" href=\"https:\/\/luvatjavalvonta.fi\/sv\/information-om-tjansten\/egenskaper\/kunduppgifter\/exempel-pa-kundens-gemensamma-uppgifter\/\" \/>\n<meta property=\"og:locale\" content=\"sv_SE\" \/>\n<meta property=\"og:type\" content=\"article\" \/>\n<meta property=\"og:title\" content=\"Exempel p\u00e5 kundens gemensamma uppgifter - Luvat ja valvonta\" \/>\n<meta property=\"og:description\" content=\"Nedan finns ett exempel p\u00e5 grundl\u00e4ggande uppgifter om en kund (verksamhetsut\u00f6vare) som anv\u00e4nds i alla tillst\u00e5nds- och tillsynstj\u00e4nster i kundens servicehelhet (kundens projekt).\" \/>\n<meta property=\"og:url\" content=\"https:\/\/luvatjavalvonta.fi\/sv\/information-om-tjansten\/egenskaper\/kunduppgifter\/exempel-pa-kundens-gemensamma-uppgifter\/\" \/>\n<meta property=\"og:site_name\" content=\"Luvat ja valvonta\" \/>\n<meta property=\"article:modified_time\" content=\"2023-04-27T12:16:43+00:00\" \/>\n<meta property=\"og:image\" content=\"https:\/\/luvatjavalvonta.fi\/content\/uploads\/2022\/06\/Toiminnanharjoittajan-perustiedot-655x1024.png\" \/>\n<meta name=\"twitter:card\" content=\"summary_large_image\" \/>\n<meta name=\"twitter:label1\" content=\"Est. reading time\" \/>\n\t<meta name=\"twitter:data1\" content=\"1 minute\" \/>\n<script type=\"application\/ld+json\" class=\"yoast-schema-graph\">{\"@context\":\"https:\/\/schema.org\",\"@graph\":[{\"@type\":\"WebPage\",\"@id\":\"https:\/\/luvatjavalvonta.fi\/sv\/information-om-tjansten\/egenskaper\/kunduppgifter\/exempel-pa-kundens-gemensamma-uppgifter\/\",\"url\":\"https:\/\/luvatjavalvonta.fi\/sv\/information-om-tjansten\/egenskaper\/kunduppgifter\/exempel-pa-kundens-gemensamma-uppgifter\/\",\"name\":\"Exempel p\u00e5 kundens gemensamma uppgifter - Luvat ja valvonta\",\"isPartOf\":{\"@id\":\"https:\/\/luvatjavalvonta.fi\/#website\"},\"primaryImageOfPage\":{\"@id\":\"https:\/\/luvatjavalvonta.fi\/sv\/information-om-tjansten\/egenskaper\/kunduppgifter\/exempel-pa-kundens-gemensamma-uppgifter\/#primaryimage\"},\"image\":{\"@id\":\"https:\/\/luvatjavalvonta.fi\/sv\/information-om-tjansten\/egenskaper\/kunduppgifter\/exempel-pa-kundens-gemensamma-uppgifter\/#primaryimage\"},\"thumbnailUrl\":\"https:\/\/luvatjavalvonta.fi\/content\/uploads\/2022\/06\/Toiminnanharjoittajan-perustiedot-655x1024.png\",\"datePublished\":\"2022-08-23T10:59:26+00:00\",\"dateModified\":\"2023-04-27T12:16:43+00:00\",\"breadcrumb\":{\"@id\":\"https:\/\/luvatjavalvonta.fi\/sv\/information-om-tjansten\/egenskaper\/kunduppgifter\/exempel-pa-kundens-gemensamma-uppgifter\/#breadcrumb\"},\"inLanguage\":\"sv-SE\",\"potentialAction\":[{\"@type\":\"ReadAction\",\"target\":[\"https:\/\/luvatjavalvonta.fi\/sv\/information-om-tjansten\/egenskaper\/kunduppgifter\/exempel-pa-kundens-gemensamma-uppgifter\/\"]}]},{\"@type\":\"ImageObject\",\"inLanguage\":\"sv-SE\",\"@id\":\"https:\/\/luvatjavalvonta.fi\/sv\/information-om-tjansten\/egenskaper\/kunduppgifter\/exempel-pa-kundens-gemensamma-uppgifter\/#primaryimage\",\"url\":\"https:\/\/luvatjavalvonta.fi\/content\/uploads\/2022\/06\/Toiminnanharjoittajan-perustiedot-655x1024.png\",\"contentUrl\":\"https:\/\/luvatjavalvonta.fi\/content\/uploads\/2022\/06\/Toiminnanharjoittajan-perustiedot-655x1024.png\"},{\"@type\":\"BreadcrumbList\",\"@id\":\"https:\/\/luvatjavalvonta.fi\/sv\/information-om-tjansten\/egenskaper\/kunduppgifter\/exempel-pa-kundens-gemensamma-uppgifter\/#breadcrumb\",\"itemListElement\":[{\"@type\":\"ListItem\",\"position\":1,\"name\":\"Home\",\"item\":\"http:\/\/54.75.134.196:80\/sv\/\"},{\"@type\":\"ListItem\",\"position\":2,\"name\":\"Information om tj\u00e4nsten\",\"item\":\"http:\/\/54.75.134.196:80\/sv\/information-om-tjansten\/\"},{\"@type\":\"ListItem\",\"position\":3,\"name\":\"Egenskaper\",\"item\":\"http:\/\/54.75.134.196:80\/sv\/information-om-tjansten\/egenskaper\/\"},{\"@type\":\"ListItem\",\"position\":4,\"name\":\"Kunduppgifter\",\"item\":\"https:\/\/luvatjavalvonta.fi\/sv\/information-om-tjansten\/egenskaper\/kunduppgifter\/\"},{\"@type\":\"ListItem\",\"position\":5,\"name\":\"Exempel p\u00e5 kundens gemensamma uppgifter\"}]},{\"@type\":\"WebSite\",\"@id\":\"https:\/\/luvatjavalvonta.fi\/#website\",\"url\":\"https:\/\/luvatjavalvonta.fi\/\",\"name\":\"Luvat ja valvonta\",\"description\":\"\",\"potentialAction\":[{\"@type\":\"SearchAction\",\"target\":{\"@type\":\"EntryPoint\",\"urlTemplate\":\"https:\/\/luvatjavalvonta.fi\/?s={search_term_string}\"},\"query-input\":{\"@type\":\"PropertyValueSpecification\",\"valueRequired\":true,\"valueName\":\"search_term_string\"}}],\"inLanguage\":\"sv-SE\"}]}<\/script>\n<!-- \/ Yoast SEO plugin. -->","yoast_head_json":{"title":"Exempel p\u00e5 kundens gemensamma uppgifter - Luvat ja valvonta","robots":{"index":"index","follow":"follow","max-snippet":"max-snippet:-1","max-image-preview":"max-image-preview:large","max-video-preview":"max-video-preview:-1"},"canonical":"https:\/\/luvatjavalvonta.fi\/sv\/information-om-tjansten\/egenskaper\/kunduppgifter\/exempel-pa-kundens-gemensamma-uppgifter\/","og_locale":"sv_SE","og_type":"article","og_title":"Exempel p\u00e5 kundens gemensamma uppgifter - Luvat ja valvonta","og_description":"Nedan finns ett exempel p\u00e5 grundl\u00e4ggande uppgifter om en kund (verksamhetsut\u00f6vare) som anv\u00e4nds i alla tillst\u00e5nds- och tillsynstj\u00e4nster i kundens servicehelhet (kundens projekt).","og_url":"https:\/\/luvatjavalvonta.fi\/sv\/information-om-tjansten\/egenskaper\/kunduppgifter\/exempel-pa-kundens-gemensamma-uppgifter\/","og_site_name":"Luvat ja valvonta","article_modified_time":"2023-04-27T12:16:43+00:00","og_image":[{"url":"https:\/\/luvatjavalvonta.fi\/content\/uploads\/2022\/06\/Toiminnanharjoittajan-perustiedot-655x1024.png","type":"","width":"","height":""}],"twitter_card":"summary_large_image","twitter_misc":{"Est. reading time":"1 minute"},"schema":{"@context":"https:\/\/schema.org","@graph":[{"@type":"WebPage","@id":"https:\/\/luvatjavalvonta.fi\/sv\/information-om-tjansten\/egenskaper\/kunduppgifter\/exempel-pa-kundens-gemensamma-uppgifter\/","url":"https:\/\/luvatjavalvonta.fi\/sv\/information-om-tjansten\/egenskaper\/kunduppgifter\/exempel-pa-kundens-gemensamma-uppgifter\/","name":"Exempel p\u00e5 kundens gemensamma uppgifter - Luvat ja valvonta","isPartOf":{"@id":"https:\/\/luvatjavalvonta.fi\/#website"},"primaryImageOfPage":{"@id":"https:\/\/luvatjavalvonta.fi\/sv\/information-om-tjansten\/egenskaper\/kunduppgifter\/exempel-pa-kundens-gemensamma-uppgifter\/#primaryimage"},"image":{"@id":"https:\/\/luvatjavalvonta.fi\/sv\/information-om-tjansten\/egenskaper\/kunduppgifter\/exempel-pa-kundens-gemensamma-uppgifter\/#primaryimage"},"thumbnailUrl":"https:\/\/luvatjavalvonta.fi\/content\/uploads\/2022\/06\/Toiminnanharjoittajan-perustiedot-655x1024.png","datePublished":"2022-08-23T10:59:26+00:00","dateModified":"2023-04-27T12:16:43+00:00","breadcrumb":{"@id":"https:\/\/luvatjavalvonta.fi\/sv\/information-om-tjansten\/egenskaper\/kunduppgifter\/exempel-pa-kundens-gemensamma-uppgifter\/#breadcrumb"},"inLanguage":"sv-SE","potentialAction":[{"@type":"ReadAction","target":["https:\/\/luvatjavalvonta.fi\/sv\/information-om-tjansten\/egenskaper\/kunduppgifter\/exempel-pa-kundens-gemensamma-uppgifter\/"]}]},{"@type":"ImageObject","inLanguage":"sv-SE","@id":"https:\/\/luvatjavalvonta.fi\/sv\/information-om-tjansten\/egenskaper\/kunduppgifter\/exempel-pa-kundens-gemensamma-uppgifter\/#primaryimage","url":"https:\/\/luvatjavalvonta.fi\/content\/uploads\/2022\/06\/Toiminnanharjoittajan-perustiedot-655x1024.png","contentUrl":"https:\/\/luvatjavalvonta.fi\/content\/uploads\/2022\/06\/Toiminnanharjoittajan-perustiedot-655x1024.png"},{"@type":"BreadcrumbList","@id":"https:\/\/luvatjavalvonta.fi\/sv\/information-om-tjansten\/egenskaper\/kunduppgifter\/exempel-pa-kundens-gemensamma-uppgifter\/#breadcrumb","itemListElement":[{"@type":"ListItem","position":1,"name":"Home","item":"http:\/\/54.75.134.196:80\/sv\/"},{"@type":"ListItem","position":2,"name":"Information om tj\u00e4nsten","item":"http:\/\/54.75.134.196:80\/sv\/information-om-tjansten\/"},{"@type":"ListItem","position":3,"name":"Egenskaper","item":"http:\/\/54.75.134.196:80\/sv\/information-om-tjansten\/egenskaper\/"},{"@type":"ListItem","position":4,"name":"Kunduppgifter","item":"https:\/\/luvatjavalvonta.fi\/sv\/information-om-tjansten\/egenskaper\/kunduppgifter\/"},{"@type":"ListItem","position":5,"name":"Exempel p\u00e5 kundens gemensamma uppgifter"}]},{"@type":"WebSite","@id":"https:\/\/luvatjavalvonta.fi\/#website","url":"https:\/\/luvatjavalvonta.fi\/","name":"Luvat ja valvonta","description":"","potentialAction":[{"@type":"SearchAction","target":{"@type":"EntryPoint","urlTemplate":"https:\/\/luvatjavalvonta.fi\/?s={search_term_string}"},"query-input":{"@type":"PropertyValueSpecification","valueRequired":true,"valueName":"search_term_string"}}],"inLanguage":"sv-SE"}]}},"_links":{"self":[{"href":"https:\/\/luvatjavalvonta.fi\/sv\/wp-json\/wp\/v2\/pages\/4723","targetHints":{"allow":["GET"]}}],"collection":[{"href":"https:\/\/luvatjavalvonta.fi\/sv\/wp-json\/wp\/v2\/pages"}],"about":[{"href":"https:\/\/luvatjavalvonta.fi\/sv\/wp-json\/wp\/v2\/types\/page"}],"author":[{"embeddable":true,"href":"https:\/\/luvatjavalvonta.fi\/sv\/wp-json\/wp\/v2\/users\/14"}],"replies":[{"embeddable":true,"href":"https:\/\/luvatjavalvonta.fi\/sv\/wp-json\/wp\/v2\/comments?post=4723"}],"version-history":[{"count":2,"href":"https:\/\/luvatjavalvonta.fi\/sv\/wp-json\/wp\/v2\/pages\/4723\/revisions"}],"predecessor-version":[{"id":5304,"href":"https:\/\/luvatjavalvonta.fi\/sv\/wp-json\/wp\/v2\/pages\/4723\/revisions\/5304"}],"up":[{"embeddable":true,"href":"https:\/\/luvatjavalvonta.fi\/sv\/wp-json\/wp\/v2\/pages\/4871"}],"wp:attachment":[{"href":"https:\/\/luvatjavalvonta.fi\/sv\/wp-json\/wp\/v2\/media?parent=4723"}],"curies":[{"name":"wp","href":"https:\/\/api.w.org\/{rel}","templated":true}]}}