{"id":4725,"date":"2022-08-23T12:59:56","date_gmt":"2022-08-23T09:59:56","guid":{"rendered":"https:\/\/luvatjavalvonta.fi\/exempel-pa-gemensam-vy\/"},"modified":"2023-04-27T15:10:27","modified_gmt":"2023-04-27T12:10:27","slug":"exempel-pa-gemensam-vy","status":"publish","type":"page","link":"https:\/\/luvatjavalvonta.fi\/sv\/information-om-tjansten\/egenskaper\/gemensam-vy\/exempel-pa-gemensam-vy\/","title":{"rendered":"Exempel p\u00e5 gemensam vy"},"content":{"rendered":"\n<hr class=\"wp-block-separator has-alpha-channel-opacity\"\/>\n\n\n\n<figure class=\"wp-block-image size-large\"><a href=\"https:\/\/luvatjavalvonta.fi\/content\/uploads\/2022\/06\/Yhteinen-nakyma1-3.png\"><img loading=\"lazy\" decoding=\"async\" width=\"885\" height=\"1024\" src=\"https:\/\/luvatjavalvonta.fi\/content\/uploads\/2022\/06\/Yhteinen-nakyma1-3-885x1024.png\" alt=\"Bildexempel p\u00e5 tj\u00e4nstens gemensamma vy f\u00f6r kunden och myndigheten\" class=\"wp-image-1225\" srcset=\"https:\/\/luvatjavalvonta.fi\/content\/uploads\/2022\/06\/Yhteinen-nakyma1-3-885x1024.png 885w, https:\/\/luvatjavalvonta.fi\/content\/uploads\/2022\/06\/Yhteinen-nakyma1-3-259x300.png 259w, https:\/\/luvatjavalvonta.fi\/content\/uploads\/2022\/06\/Yhteinen-nakyma1-3-768x889.png 768w, https:\/\/luvatjavalvonta.fi\/content\/uploads\/2022\/06\/Yhteinen-nakyma1-3-1327x1536.png 1327w, https:\/\/luvatjavalvonta.fi\/content\/uploads\/2022\/06\/Yhteinen-nakyma1-3-173x200.png 173w, https:\/\/luvatjavalvonta.fi\/content\/uploads\/2022\/06\/Yhteinen-nakyma1-3.png 1603w\" sizes=\"auto, (max-width: 885px) 100vw, 885px\" \/><\/a><figcaption class=\"wp-element-caption\"><em>Exempel p\u00e5 tj\u00e4nstens gemensamma vy f\u00f6r kunden och myndigheten<\/em><\/figcaption><\/figure>\n","protected":false},"excerpt":{"rendered":"","protected":false},"author":14,"featured_media":0,"parent":4859,"menu_order":99,"comment_status":"closed","ping_status":"closed","template":"","meta":{"_acf_changed":false,"inline_featured_image":false,"footnotes":""},"class_list":["post-4725","page","type-page","status-publish","hentry"],"acf":{"ai_extra_content":"","ai_instructions":"","ai_hidden_page":false},"yoast_head":"<!-- This site is optimized with the Yoast SEO plugin v25.9 - https:\/\/yoast.com\/wordpress\/plugins\/seo\/ -->\n<title>Exempel p\u00e5 gemensam vy - Luvat ja valvonta<\/title>\n<meta name=\"robots\" content=\"index, follow, max-snippet:-1, max-image-preview:large, max-video-preview:-1\" \/>\n<link rel=\"canonical\" href=\"http:\/\/www.luvatjavalvonta.fi\/sv\/information-om-tjansten\/egenskaper\/gemensam-vy\/exempel-pa-gemensam-vy\/\" \/>\n<meta property=\"og:locale\" content=\"sv_SE\" \/>\n<meta property=\"og:type\" content=\"article\" \/>\n<meta property=\"og:title\" content=\"Exempel p\u00e5 gemensam vy - Luvat ja valvonta\" \/>\n<meta property=\"og:url\" content=\"http:\/\/www.luvatjavalvonta.fi\/sv\/information-om-tjansten\/egenskaper\/gemensam-vy\/exempel-pa-gemensam-vy\/\" \/>\n<meta property=\"og:site_name\" content=\"Luvat ja valvonta\" \/>\n<meta property=\"article:modified_time\" content=\"2023-04-27T12:10:27+00:00\" \/>\n<meta property=\"og:image\" content=\"https:\/\/luvatjavalvonta.fi\/content\/uploads\/2022\/06\/Yhteinen-nakyma1-3-885x1024.png\" \/>\n<meta name=\"twitter:card\" content=\"summary_large_image\" \/>\n<meta name=\"twitter:label1\" content=\"Est. reading time\" \/>\n\t<meta name=\"twitter:data1\" content=\"1 minute\" \/>\n<script type=\"application\/ld+json\" class=\"yoast-schema-graph\">{\"@context\":\"https:\/\/schema.org\",\"@graph\":[{\"@type\":\"WebPage\",\"@id\":\"http:\/\/www.luvatjavalvonta.fi\/sv\/information-om-tjansten\/egenskaper\/gemensam-vy\/exempel-pa-gemensam-vy\/\",\"url\":\"http:\/\/www.luvatjavalvonta.fi\/sv\/information-om-tjansten\/egenskaper\/gemensam-vy\/exempel-pa-gemensam-vy\/\",\"name\":\"Exempel p\u00e5 gemensam vy - Luvat ja valvonta\",\"isPartOf\":{\"@id\":\"https:\/\/luvatjavalvonta.fi\/#website\"},\"primaryImageOfPage\":{\"@id\":\"http:\/\/www.luvatjavalvonta.fi\/sv\/information-om-tjansten\/egenskaper\/gemensam-vy\/exempel-pa-gemensam-vy\/#primaryimage\"},\"image\":{\"@id\":\"http:\/\/www.luvatjavalvonta.fi\/sv\/information-om-tjansten\/egenskaper\/gemensam-vy\/exempel-pa-gemensam-vy\/#primaryimage\"},\"thumbnailUrl\":\"https:\/\/luvatjavalvonta.fi\/content\/uploads\/2022\/06\/Yhteinen-nakyma1-3-885x1024.png\",\"datePublished\":\"2022-08-23T09:59:56+00:00\",\"dateModified\":\"2023-04-27T12:10:27+00:00\",\"breadcrumb\":{\"@id\":\"http:\/\/www.luvatjavalvonta.fi\/sv\/information-om-tjansten\/egenskaper\/gemensam-vy\/exempel-pa-gemensam-vy\/#breadcrumb\"},\"inLanguage\":\"sv-SE\",\"potentialAction\":[{\"@type\":\"ReadAction\",\"target\":[\"http:\/\/www.luvatjavalvonta.fi\/sv\/information-om-tjansten\/egenskaper\/gemensam-vy\/exempel-pa-gemensam-vy\/\"]}]},{\"@type\":\"ImageObject\",\"inLanguage\":\"sv-SE\",\"@id\":\"http:\/\/www.luvatjavalvonta.fi\/sv\/information-om-tjansten\/egenskaper\/gemensam-vy\/exempel-pa-gemensam-vy\/#primaryimage\",\"url\":\"https:\/\/luvatjavalvonta.fi\/content\/uploads\/2022\/06\/Yhteinen-nakyma1-3-885x1024.png\",\"contentUrl\":\"https:\/\/luvatjavalvonta.fi\/content\/uploads\/2022\/06\/Yhteinen-nakyma1-3-885x1024.png\"},{\"@type\":\"BreadcrumbList\",\"@id\":\"http:\/\/www.luvatjavalvonta.fi\/sv\/information-om-tjansten\/egenskaper\/gemensam-vy\/exempel-pa-gemensam-vy\/#breadcrumb\",\"itemListElement\":[{\"@type\":\"ListItem\",\"position\":1,\"name\":\"Home\",\"item\":\"http:\/\/54.75.134.196:80\/sv\/\"},{\"@type\":\"ListItem\",\"position\":2,\"name\":\"Information om tj\u00e4nsten\",\"item\":\"http:\/\/54.75.134.196:80\/sv\/information-om-tjansten\/\"},{\"@type\":\"ListItem\",\"position\":3,\"name\":\"Egenskaper\",\"item\":\"http:\/\/54.75.134.196:80\/sv\/information-om-tjansten\/egenskaper\/\"},{\"@type\":\"ListItem\",\"position\":4,\"name\":\"Gemensam vy\",\"item\":\"http:\/\/www.luvatjavalvonta.fi\/sv\/information-om-tjansten\/egenskaper\/gemensam-vy\/\"},{\"@type\":\"ListItem\",\"position\":5,\"name\":\"Exempel p\u00e5 gemensam vy\"}]},{\"@type\":\"WebSite\",\"@id\":\"https:\/\/luvatjavalvonta.fi\/#website\",\"url\":\"https:\/\/luvatjavalvonta.fi\/\",\"name\":\"Luvat ja valvonta\",\"description\":\"\",\"potentialAction\":[{\"@type\":\"SearchAction\",\"target\":{\"@type\":\"EntryPoint\",\"urlTemplate\":\"https:\/\/luvatjavalvonta.fi\/?s={search_term_string}\"},\"query-input\":{\"@type\":\"PropertyValueSpecification\",\"valueRequired\":true,\"valueName\":\"search_term_string\"}}],\"inLanguage\":\"sv-SE\"}]}<\/script>\n<!-- \/ Yoast SEO plugin. -->","yoast_head_json":{"title":"Exempel p\u00e5 gemensam vy - Luvat ja valvonta","robots":{"index":"index","follow":"follow","max-snippet":"max-snippet:-1","max-image-preview":"max-image-preview:large","max-video-preview":"max-video-preview:-1"},"canonical":"http:\/\/www.luvatjavalvonta.fi\/sv\/information-om-tjansten\/egenskaper\/gemensam-vy\/exempel-pa-gemensam-vy\/","og_locale":"sv_SE","og_type":"article","og_title":"Exempel p\u00e5 gemensam vy - Luvat ja valvonta","og_url":"http:\/\/www.luvatjavalvonta.fi\/sv\/information-om-tjansten\/egenskaper\/gemensam-vy\/exempel-pa-gemensam-vy\/","og_site_name":"Luvat ja valvonta","article_modified_time":"2023-04-27T12:10:27+00:00","og_image":[{"url":"https:\/\/luvatjavalvonta.fi\/content\/uploads\/2022\/06\/Yhteinen-nakyma1-3-885x1024.png","type":"","width":"","height":""}],"twitter_card":"summary_large_image","twitter_misc":{"Est. reading time":"1 minute"},"schema":{"@context":"https:\/\/schema.org","@graph":[{"@type":"WebPage","@id":"http:\/\/www.luvatjavalvonta.fi\/sv\/information-om-tjansten\/egenskaper\/gemensam-vy\/exempel-pa-gemensam-vy\/","url":"http:\/\/www.luvatjavalvonta.fi\/sv\/information-om-tjansten\/egenskaper\/gemensam-vy\/exempel-pa-gemensam-vy\/","name":"Exempel p\u00e5 gemensam vy - Luvat ja valvonta","isPartOf":{"@id":"https:\/\/luvatjavalvonta.fi\/#website"},"primaryImageOfPage":{"@id":"http:\/\/www.luvatjavalvonta.fi\/sv\/information-om-tjansten\/egenskaper\/gemensam-vy\/exempel-pa-gemensam-vy\/#primaryimage"},"image":{"@id":"http:\/\/www.luvatjavalvonta.fi\/sv\/information-om-tjansten\/egenskaper\/gemensam-vy\/exempel-pa-gemensam-vy\/#primaryimage"},"thumbnailUrl":"https:\/\/luvatjavalvonta.fi\/content\/uploads\/2022\/06\/Yhteinen-nakyma1-3-885x1024.png","datePublished":"2022-08-23T09:59:56+00:00","dateModified":"2023-04-27T12:10:27+00:00","breadcrumb":{"@id":"http:\/\/www.luvatjavalvonta.fi\/sv\/information-om-tjansten\/egenskaper\/gemensam-vy\/exempel-pa-gemensam-vy\/#breadcrumb"},"inLanguage":"sv-SE","potentialAction":[{"@type":"ReadAction","target":["http:\/\/www.luvatjavalvonta.fi\/sv\/information-om-tjansten\/egenskaper\/gemensam-vy\/exempel-pa-gemensam-vy\/"]}]},{"@type":"ImageObject","inLanguage":"sv-SE","@id":"http:\/\/www.luvatjavalvonta.fi\/sv\/information-om-tjansten\/egenskaper\/gemensam-vy\/exempel-pa-gemensam-vy\/#primaryimage","url":"https:\/\/luvatjavalvonta.fi\/content\/uploads\/2022\/06\/Yhteinen-nakyma1-3-885x1024.png","contentUrl":"https:\/\/luvatjavalvonta.fi\/content\/uploads\/2022\/06\/Yhteinen-nakyma1-3-885x1024.png"},{"@type":"BreadcrumbList","@id":"http:\/\/www.luvatjavalvonta.fi\/sv\/information-om-tjansten\/egenskaper\/gemensam-vy\/exempel-pa-gemensam-vy\/#breadcrumb","itemListElement":[{"@type":"ListItem","position":1,"name":"Home","item":"http:\/\/54.75.134.196:80\/sv\/"},{"@type":"ListItem","position":2,"name":"Information om tj\u00e4nsten","item":"http:\/\/54.75.134.196:80\/sv\/information-om-tjansten\/"},{"@type":"ListItem","position":3,"name":"Egenskaper","item":"http:\/\/54.75.134.196:80\/sv\/information-om-tjansten\/egenskaper\/"},{"@type":"ListItem","position":4,"name":"Gemensam vy","item":"http:\/\/www.luvatjavalvonta.fi\/sv\/information-om-tjansten\/egenskaper\/gemensam-vy\/"},{"@type":"ListItem","position":5,"name":"Exempel p\u00e5 gemensam vy"}]},{"@type":"WebSite","@id":"https:\/\/luvatjavalvonta.fi\/#website","url":"https:\/\/luvatjavalvonta.fi\/","name":"Luvat ja valvonta","description":"","potentialAction":[{"@type":"SearchAction","target":{"@type":"EntryPoint","urlTemplate":"https:\/\/luvatjavalvonta.fi\/?s={search_term_string}"},"query-input":{"@type":"PropertyValueSpecification","valueRequired":true,"valueName":"search_term_string"}}],"inLanguage":"sv-SE"}]}},"_links":{"self":[{"href":"https:\/\/luvatjavalvonta.fi\/sv\/wp-json\/wp\/v2\/pages\/4725","targetHints":{"allow":["GET"]}}],"collection":[{"href":"https:\/\/luvatjavalvonta.fi\/sv\/wp-json\/wp\/v2\/pages"}],"about":[{"href":"https:\/\/luvatjavalvonta.fi\/sv\/wp-json\/wp\/v2\/types\/page"}],"author":[{"embeddable":true,"href":"https:\/\/luvatjavalvonta.fi\/sv\/wp-json\/wp\/v2\/users\/14"}],"replies":[{"embeddable":true,"href":"https:\/\/luvatjavalvonta.fi\/sv\/wp-json\/wp\/v2\/comments?post=4725"}],"version-history":[{"count":2,"href":"https:\/\/luvatjavalvonta.fi\/sv\/wp-json\/wp\/v2\/pages\/4725\/revisions"}],"predecessor-version":[{"id":5302,"href":"https:\/\/luvatjavalvonta.fi\/sv\/wp-json\/wp\/v2\/pages\/4725\/revisions\/5302"}],"up":[{"embeddable":true,"href":"https:\/\/luvatjavalvonta.fi\/sv\/wp-json\/wp\/v2\/pages\/4859"}],"wp:attachment":[{"href":"https:\/\/luvatjavalvonta.fi\/sv\/wp-json\/wp\/v2\/media?parent=4725"}],"curies":[{"name":"wp","href":"https:\/\/api.w.org\/{rel}","templated":true}]}}