{"id":4739,"date":"2022-08-12T14:31:47","date_gmt":"2022-08-12T11:31:47","guid":{"rendered":"https:\/\/luvatjavalvonta.fi\/forhandlingsskede\/"},"modified":"2023-05-03T13:29:50","modified_gmt":"2023-05-03T10:29:50","slug":"forhandlingsskede","status":"publish","type":"page","link":"https:\/\/luvatjavalvonta.fi\/sv\/kundorienterad-utveckling\/mal-och-beslut\/forhandlingsskede\/","title":{"rendered":"F\u00f6rhandlingsskede"},"content":{"rendered":"\n<hr class=\"wp-block-separator has-alpha-channel-opacity\"\/>\n\n\n\n<p>Ovan n\u00e4mnda bed\u00f6mning och f\u00f6rhandlingar med andra myndigheter samt tj\u00e4nsten Tillst\u00e5nd och tillsyn kallas f\u00f6r f\u00f6rhandlingsfasen. P\u00e5 ett praktiskt plan b\u00f6r myndigheten bland annat beakta<\/p>\n<ul>\n<li>kvalitativa och kvantitativa f\u00f6rdelar med att inf\u00f6ra tj\u00e4nsten, s\u00e5som b\u00e4ttre kundupplevelser och effektivisering av den egna verksamheten<\/li>\n<li>nul\u00e4ge och v\u00e4gkarta f\u00f6r digitalisering av myndighetens egna tj\u00e4nster<\/li>\n<li>arkitekturen hos myndighetens egna digitala tj\u00e4nster<\/li>\n<li>befintliga servicehelheter i tj\u00e4nsten, v\u00e4gkarta f\u00f6r vidareutveckling och servicemodell<\/li>\n<li>tekniska funktioner och gr\u00e4nssnitt som serviceskiktet medf\u00f6r<\/li>\n<li>behov av f\u00f6r\u00e4ndringar i myndighetens interna operativa milj\u00f6 (arbetsredskap, uppgifter, utbildning, \u00e4ndringsledning)<\/li>\n<\/ul>\n<p>Det \u00e4r mycket viktigt att myndigheten bildar en helhetsbild av vad en anslutning inneb\u00e4r f\u00f6r myndigheten.<\/p>\n\n\n\n<div class=\"wp-block-columns is-layout-flex wp-container-core-columns-is-layout-9d6595d7 wp-block-columns-is-layout-flex\">\n<div class=\"wp-block-column is-layout-flow wp-block-column-is-layout-flow\">\n<div class=\"icon\" aria-hidden=\"true\"><a href=\"https:\/\/luvatjavalvonta.fi\/tietoa-palvelusta\/palvelun-tarjonta\/liitostavat\/\"><img loading=\"lazy\" decoding=\"async\" class=\"aligncenter wp-image-2570\" src=\"https:\/\/luvatjavalvonta.fi\/content\/uploads\/2022\/08\/Liitostavat_11.png\" alt=\"\" width=\"125\" height=\"125\" srcset=\"https:\/\/luvatjavalvonta.fi\/content\/uploads\/2022\/08\/Liitostavat_11.png 883w, https:\/\/luvatjavalvonta.fi\/content\/uploads\/2022\/08\/Liitostavat_11-300x300.png 300w, https:\/\/luvatjavalvonta.fi\/content\/uploads\/2022\/08\/Liitostavat_11-150x150.png 150w, https:\/\/luvatjavalvonta.fi\/content\/uploads\/2022\/08\/Liitostavat_11-768x767.png 768w, https:\/\/luvatjavalvonta.fi\/content\/uploads\/2022\/08\/Liitostavat_11-200x200.png 200w\" sizes=\"auto, (max-width: 125px) 100vw, 125px\" \/><\/a><\/div>\n<h3 class=\"title\" style=\"text-align: center;\"><a href=\"https:\/\/luvatjavalvonta.fi\/tietoa-palvelusta\/palvelun-tarjonta\/liitostavat\/\">Anslutnings-<br>alternativ \u203a<\/a><\/h3>\n<\/div>\n\n\n\n<div class=\"wp-block-column is-layout-flow wp-block-column-is-layout-flow\">\n<div class=\"icon\" aria-hidden=\"true\"><a class=\"icon-wrapper\" href=\"https:\/\/luvatjavalvonta.fi\/sv\/workshoppar-for-kundnytta\/\"><img loading=\"lazy\" decoding=\"async\" class=\"aligncenter wp-image-3654\" src=\"https:\/\/luvatjavalvonta.fi\/content\/uploads\/2022\/09\/Asiakashyotytyopaja1.png\" alt=\"\" width=\"125\" height=\"125\" srcset=\"https:\/\/luvatjavalvonta.fi\/content\/uploads\/2022\/09\/Asiakashyotytyopaja1.png 669w, https:\/\/luvatjavalvonta.fi\/content\/uploads\/2022\/09\/Asiakashyotytyopaja1-300x300.png 300w, https:\/\/luvatjavalvonta.fi\/content\/uploads\/2022\/09\/Asiakashyotytyopaja1-150x150.png 150w, https:\/\/luvatjavalvonta.fi\/content\/uploads\/2022\/09\/Asiakashyotytyopaja1-200x200.png 200w\" sizes=\"auto, (max-width: 125px) 100vw, 125px\" \/><\/a><\/div>\n<h3 class=\"title\" style=\"text-align: center;\"><a href=\"https:\/\/luvatjavalvonta.fi\/sv\/workshoppar-for-kundnytta\/\">Kundnytta<br \/>&#8211; workshoppar \u203a<\/a><\/h3>\n<\/div>\n\n\n\n<div class=\"wp-block-column is-layout-flow wp-block-column-is-layout-flow\"><\/div>\n<\/div>\n","protected":false},"excerpt":{"rendered":"<p>Ovan n\u00e4mnda bed\u00f6mning och f\u00f6rhandlingar med andra myndigheter samt tj\u00e4nsten Tillst\u00e5nd och tillsyn kallas f\u00f6r f\u00f6rhandlingsfasen. P\u00e5 ett praktiskt plan b\u00f6r myndigheten bland annat beakta kvalitativa och kvantitativa f\u00f6rdelar med att inf\u00f6ra tj\u00e4nsten, s\u00e5som b\u00e4ttre kundupplevelser och effektivisering av den egna verksamheten nul\u00e4ge och v\u00e4gkarta f\u00f6r digitalisering av myndighetens egna tj\u00e4nster arkitekturen hos myndighetens egna [&hellip;]<\/p>\n","protected":false},"author":14,"featured_media":0,"parent":5216,"menu_order":107,"comment_status":"closed","ping_status":"closed","template":"","meta":{"_acf_changed":false,"inline_featured_image":false,"footnotes":""},"class_list":["post-4739","page","type-page","status-publish","hentry"],"acf":{"ai_extra_content":"","ai_instructions":"","ai_hidden_page":false},"yoast_head":"<!-- This site is optimized with the Yoast SEO plugin v25.9 - https:\/\/yoast.com\/wordpress\/plugins\/seo\/ -->\n<title>F\u00f6rhandlingsskede - Luvat ja valvonta<\/title>\n<meta name=\"robots\" content=\"index, follow, max-snippet:-1, max-image-preview:large, max-video-preview:-1\" \/>\n<link rel=\"canonical\" href=\"http:\/\/54.75.134.196:80\/sv\/kundorienterad-utveckling\/mal-och-beslut\/forhandlingsskede\/\" \/>\n<meta property=\"og:locale\" content=\"sv_SE\" \/>\n<meta property=\"og:type\" content=\"article\" \/>\n<meta property=\"og:title\" content=\"F\u00f6rhandlingsskede - Luvat ja valvonta\" \/>\n<meta property=\"og:description\" content=\"Ovan n\u00e4mnda bed\u00f6mning och f\u00f6rhandlingar med andra myndigheter samt tj\u00e4nsten Tillst\u00e5nd och tillsyn kallas f\u00f6r f\u00f6rhandlingsfasen. P\u00e5 ett praktiskt plan b\u00f6r myndigheten bland annat beakta kvalitativa och kvantitativa f\u00f6rdelar med att inf\u00f6ra tj\u00e4nsten, s\u00e5som b\u00e4ttre kundupplevelser och effektivisering av den egna verksamheten nul\u00e4ge och v\u00e4gkarta f\u00f6r digitalisering av myndighetens egna tj\u00e4nster arkitekturen hos myndighetens egna [&hellip;]\" \/>\n<meta property=\"og:url\" content=\"http:\/\/54.75.134.196:80\/sv\/kundorienterad-utveckling\/mal-och-beslut\/forhandlingsskede\/\" \/>\n<meta property=\"og:site_name\" content=\"Luvat ja valvonta\" \/>\n<meta property=\"article:modified_time\" content=\"2023-05-03T10:29:50+00:00\" \/>\n<meta property=\"og:image\" content=\"https:\/\/luvatjavalvonta.fi\/content\/uploads\/2022\/08\/Liitostavat_11.png\" \/>\n<meta name=\"twitter:card\" content=\"summary_large_image\" \/>\n<meta name=\"twitter:label1\" content=\"Est. reading time\" \/>\n\t<meta name=\"twitter:data1\" content=\"2 minutes\" \/>\n<script type=\"application\/ld+json\" class=\"yoast-schema-graph\">{\"@context\":\"https:\/\/schema.org\",\"@graph\":[{\"@type\":\"WebPage\",\"@id\":\"http:\/\/54.75.134.196:80\/sv\/kundorienterad-utveckling\/mal-och-beslut\/forhandlingsskede\/\",\"url\":\"http:\/\/54.75.134.196:80\/sv\/kundorienterad-utveckling\/mal-och-beslut\/forhandlingsskede\/\",\"name\":\"F\u00f6rhandlingsskede - Luvat ja valvonta\",\"isPartOf\":{\"@id\":\"https:\/\/luvatjavalvonta.fi\/#website\"},\"primaryImageOfPage\":{\"@id\":\"http:\/\/54.75.134.196:80\/sv\/kundorienterad-utveckling\/mal-och-beslut\/forhandlingsskede\/#primaryimage\"},\"image\":{\"@id\":\"http:\/\/54.75.134.196:80\/sv\/kundorienterad-utveckling\/mal-och-beslut\/forhandlingsskede\/#primaryimage\"},\"thumbnailUrl\":\"https:\/\/luvatjavalvonta.fi\/content\/uploads\/2022\/08\/Liitostavat_11.png\",\"datePublished\":\"2022-08-12T11:31:47+00:00\",\"dateModified\":\"2023-05-03T10:29:50+00:00\",\"breadcrumb\":{\"@id\":\"http:\/\/54.75.134.196:80\/sv\/kundorienterad-utveckling\/mal-och-beslut\/forhandlingsskede\/#breadcrumb\"},\"inLanguage\":\"sv-SE\",\"potentialAction\":[{\"@type\":\"ReadAction\",\"target\":[\"http:\/\/54.75.134.196:80\/sv\/kundorienterad-utveckling\/mal-och-beslut\/forhandlingsskede\/\"]}]},{\"@type\":\"ImageObject\",\"inLanguage\":\"sv-SE\",\"@id\":\"http:\/\/54.75.134.196:80\/sv\/kundorienterad-utveckling\/mal-och-beslut\/forhandlingsskede\/#primaryimage\",\"url\":\"https:\/\/luvatjavalvonta.fi\/content\/uploads\/2022\/08\/Liitostavat_11.png\",\"contentUrl\":\"https:\/\/luvatjavalvonta.fi\/content\/uploads\/2022\/08\/Liitostavat_11.png\"},{\"@type\":\"BreadcrumbList\",\"@id\":\"http:\/\/54.75.134.196:80\/sv\/kundorienterad-utveckling\/mal-och-beslut\/forhandlingsskede\/#breadcrumb\",\"itemListElement\":[{\"@type\":\"ListItem\",\"position\":1,\"name\":\"Home\",\"item\":\"http:\/\/54.75.134.196:80\/sv\/\"},{\"@type\":\"ListItem\",\"position\":2,\"name\":\"Kundorienterad utveckling\",\"item\":\"http:\/\/54.75.134.196:80\/sv\/kundorienterad-utveckling\/\"},{\"@type\":\"ListItem\",\"position\":3,\"name\":\"M\u00e5l och beslut\",\"item\":\"http:\/\/54.75.134.196:80\/sv\/kundorienterad-utveckling\/mal-och-beslut\/\"},{\"@type\":\"ListItem\",\"position\":4,\"name\":\"F\u00f6rhandlingsskede\"}]},{\"@type\":\"WebSite\",\"@id\":\"https:\/\/luvatjavalvonta.fi\/#website\",\"url\":\"https:\/\/luvatjavalvonta.fi\/\",\"name\":\"Luvat ja valvonta\",\"description\":\"\",\"potentialAction\":[{\"@type\":\"SearchAction\",\"target\":{\"@type\":\"EntryPoint\",\"urlTemplate\":\"https:\/\/luvatjavalvonta.fi\/?s={search_term_string}\"},\"query-input\":{\"@type\":\"PropertyValueSpecification\",\"valueRequired\":true,\"valueName\":\"search_term_string\"}}],\"inLanguage\":\"sv-SE\"}]}<\/script>\n<!-- \/ Yoast SEO plugin. -->","yoast_head_json":{"title":"F\u00f6rhandlingsskede - Luvat ja valvonta","robots":{"index":"index","follow":"follow","max-snippet":"max-snippet:-1","max-image-preview":"max-image-preview:large","max-video-preview":"max-video-preview:-1"},"canonical":"http:\/\/54.75.134.196:80\/sv\/kundorienterad-utveckling\/mal-och-beslut\/forhandlingsskede\/","og_locale":"sv_SE","og_type":"article","og_title":"F\u00f6rhandlingsskede - Luvat ja valvonta","og_description":"Ovan n\u00e4mnda bed\u00f6mning och f\u00f6rhandlingar med andra myndigheter samt tj\u00e4nsten Tillst\u00e5nd och tillsyn kallas f\u00f6r f\u00f6rhandlingsfasen. P\u00e5 ett praktiskt plan b\u00f6r myndigheten bland annat beakta kvalitativa och kvantitativa f\u00f6rdelar med att inf\u00f6ra tj\u00e4nsten, s\u00e5som b\u00e4ttre kundupplevelser och effektivisering av den egna verksamheten nul\u00e4ge och v\u00e4gkarta f\u00f6r digitalisering av myndighetens egna tj\u00e4nster arkitekturen hos myndighetens egna [&hellip;]","og_url":"http:\/\/54.75.134.196:80\/sv\/kundorienterad-utveckling\/mal-och-beslut\/forhandlingsskede\/","og_site_name":"Luvat ja valvonta","article_modified_time":"2023-05-03T10:29:50+00:00","og_image":[{"url":"https:\/\/luvatjavalvonta.fi\/content\/uploads\/2022\/08\/Liitostavat_11.png","type":"","width":"","height":""}],"twitter_card":"summary_large_image","twitter_misc":{"Est. reading time":"2 minutes"},"schema":{"@context":"https:\/\/schema.org","@graph":[{"@type":"WebPage","@id":"http:\/\/54.75.134.196:80\/sv\/kundorienterad-utveckling\/mal-och-beslut\/forhandlingsskede\/","url":"http:\/\/54.75.134.196:80\/sv\/kundorienterad-utveckling\/mal-och-beslut\/forhandlingsskede\/","name":"F\u00f6rhandlingsskede - Luvat ja valvonta","isPartOf":{"@id":"https:\/\/luvatjavalvonta.fi\/#website"},"primaryImageOfPage":{"@id":"http:\/\/54.75.134.196:80\/sv\/kundorienterad-utveckling\/mal-och-beslut\/forhandlingsskede\/#primaryimage"},"image":{"@id":"http:\/\/54.75.134.196:80\/sv\/kundorienterad-utveckling\/mal-och-beslut\/forhandlingsskede\/#primaryimage"},"thumbnailUrl":"https:\/\/luvatjavalvonta.fi\/content\/uploads\/2022\/08\/Liitostavat_11.png","datePublished":"2022-08-12T11:31:47+00:00","dateModified":"2023-05-03T10:29:50+00:00","breadcrumb":{"@id":"http:\/\/54.75.134.196:80\/sv\/kundorienterad-utveckling\/mal-och-beslut\/forhandlingsskede\/#breadcrumb"},"inLanguage":"sv-SE","potentialAction":[{"@type":"ReadAction","target":["http:\/\/54.75.134.196:80\/sv\/kundorienterad-utveckling\/mal-och-beslut\/forhandlingsskede\/"]}]},{"@type":"ImageObject","inLanguage":"sv-SE","@id":"http:\/\/54.75.134.196:80\/sv\/kundorienterad-utveckling\/mal-och-beslut\/forhandlingsskede\/#primaryimage","url":"https:\/\/luvatjavalvonta.fi\/content\/uploads\/2022\/08\/Liitostavat_11.png","contentUrl":"https:\/\/luvatjavalvonta.fi\/content\/uploads\/2022\/08\/Liitostavat_11.png"},{"@type":"BreadcrumbList","@id":"http:\/\/54.75.134.196:80\/sv\/kundorienterad-utveckling\/mal-och-beslut\/forhandlingsskede\/#breadcrumb","itemListElement":[{"@type":"ListItem","position":1,"name":"Home","item":"http:\/\/54.75.134.196:80\/sv\/"},{"@type":"ListItem","position":2,"name":"Kundorienterad utveckling","item":"http:\/\/54.75.134.196:80\/sv\/kundorienterad-utveckling\/"},{"@type":"ListItem","position":3,"name":"M\u00e5l och beslut","item":"http:\/\/54.75.134.196:80\/sv\/kundorienterad-utveckling\/mal-och-beslut\/"},{"@type":"ListItem","position":4,"name":"F\u00f6rhandlingsskede"}]},{"@type":"WebSite","@id":"https:\/\/luvatjavalvonta.fi\/#website","url":"https:\/\/luvatjavalvonta.fi\/","name":"Luvat ja valvonta","description":"","potentialAction":[{"@type":"SearchAction","target":{"@type":"EntryPoint","urlTemplate":"https:\/\/luvatjavalvonta.fi\/?s={search_term_string}"},"query-input":{"@type":"PropertyValueSpecification","valueRequired":true,"valueName":"search_term_string"}}],"inLanguage":"sv-SE"}]}},"_links":{"self":[{"href":"https:\/\/luvatjavalvonta.fi\/sv\/wp-json\/wp\/v2\/pages\/4739","targetHints":{"allow":["GET"]}}],"collection":[{"href":"https:\/\/luvatjavalvonta.fi\/sv\/wp-json\/wp\/v2\/pages"}],"about":[{"href":"https:\/\/luvatjavalvonta.fi\/sv\/wp-json\/wp\/v2\/types\/page"}],"author":[{"embeddable":true,"href":"https:\/\/luvatjavalvonta.fi\/sv\/wp-json\/wp\/v2\/users\/14"}],"replies":[{"embeddable":true,"href":"https:\/\/luvatjavalvonta.fi\/sv\/wp-json\/wp\/v2\/comments?post=4739"}],"version-history":[{"count":2,"href":"https:\/\/luvatjavalvonta.fi\/sv\/wp-json\/wp\/v2\/pages\/4739\/revisions"}],"predecessor-version":[{"id":5450,"href":"https:\/\/luvatjavalvonta.fi\/sv\/wp-json\/wp\/v2\/pages\/4739\/revisions\/5450"}],"up":[{"embeddable":true,"href":"https:\/\/luvatjavalvonta.fi\/sv\/wp-json\/wp\/v2\/pages\/5216"}],"wp:attachment":[{"href":"https:\/\/luvatjavalvonta.fi\/sv\/wp-json\/wp\/v2\/media?parent=4739"}],"curies":[{"name":"wp","href":"https:\/\/api.w.org\/{rel}","templated":true}]}}