{"id":4743,"date":"2022-08-15T08:21:53","date_gmt":"2022-08-15T05:21:53","guid":{"rendered":"https:\/\/luvatjavalvonta.fi\/forberedelse-av-forandringar-och-genomforande\/"},"modified":"2023-05-04T16:08:42","modified_gmt":"2023-05-04T13:08:42","slug":"forberedelse-av-forandringar-och-genomforande","status":"publish","type":"page","link":"https:\/\/luvatjavalvonta.fi\/sv\/kundorienterad-utveckling\/planering-och-genomforande-av-forandringar\/forberedelse-av-forandringar-och-genomforande\/","title":{"rendered":"F\u00f6rberedelse av f\u00f6r\u00e4ndringar och genomf\u00f6rande"},"content":{"rendered":"\n<hr class=\"wp-block-separator has-alpha-channel-opacity\"\/>\n\n\n\n<p>I detta skede informerar myndigheten personalen, kunderna och intressenterna om f\u00f6r\u00e4ndringarna, s\u00e4kerst\u00e4ller interoperabiliteten f\u00f6r serviceskiktet och dess egna informationssystem, genomf\u00f6r sj\u00e4lva anslutningen till serviceskiktet, testar och vid behov genom pilotprojekt f\u00f6r implementeringen samt utbildar anv\u00e4ndarna av serviceskiktet.<\/p>\n<h2>Verktyg och instruktioner<\/h2>\n<p>Verktyg f\u00f6r f\u00f6r\u00e4ndringar och inf\u00f6rande finns avsnittet om <a href=\"https:\/\/luvatjavalvonta.fi\/sv\/inforande-av-tjansten\/\">inf\u00f6rande<\/a> p\u00e5 supportwebbplatsen.<\/p>\n","protected":false},"excerpt":{"rendered":"<p>I detta skede informerar myndigheten personalen, kunderna och intressenterna om f\u00f6r\u00e4ndringarna, s\u00e4kerst\u00e4ller interoperabiliteten f\u00f6r serviceskiktet och dess egna informationssystem, genomf\u00f6r sj\u00e4lva anslutningen till serviceskiktet, testar och vid behov genom pilotprojekt f\u00f6r implementeringen samt utbildar anv\u00e4ndarna av serviceskiktet. Verktyg och instruktioner Verktyg f\u00f6r f\u00f6r\u00e4ndringar och inf\u00f6rande finns avsnittet om inf\u00f6rande p\u00e5 supportwebbplatsen.<\/p>\n","protected":false},"author":14,"featured_media":0,"parent":5218,"menu_order":109,"comment_status":"closed","ping_status":"closed","template":"","meta":{"_acf_changed":false,"inline_featured_image":false,"footnotes":""},"class_list":["post-4743","page","type-page","status-publish","hentry"],"acf":{"ai_extra_content":"","ai_instructions":"","ai_hidden_page":false},"yoast_head":"<!-- This site is optimized with the Yoast SEO plugin v25.9 - https:\/\/yoast.com\/wordpress\/plugins\/seo\/ -->\n<title>F\u00f6rberedelse av f\u00f6r\u00e4ndringar och genomf\u00f6rande - Luvat ja valvonta<\/title>\n<meta name=\"robots\" content=\"index, follow, max-snippet:-1, max-image-preview:large, max-video-preview:-1\" \/>\n<link rel=\"canonical\" href=\"https:\/\/luvatjavalvonta.fi\/sv\/kundorienterad-utveckling\/planering-och-genomforande-av-forandringar\/forberedelse-av-forandringar-och-genomforande\/\" \/>\n<meta property=\"og:locale\" content=\"sv_SE\" \/>\n<meta property=\"og:type\" content=\"article\" \/>\n<meta property=\"og:title\" content=\"F\u00f6rberedelse av f\u00f6r\u00e4ndringar och genomf\u00f6rande - Luvat ja valvonta\" \/>\n<meta property=\"og:description\" content=\"I detta skede informerar myndigheten personalen, kunderna och intressenterna om f\u00f6r\u00e4ndringarna, s\u00e4kerst\u00e4ller interoperabiliteten f\u00f6r serviceskiktet och dess egna informationssystem, genomf\u00f6r sj\u00e4lva anslutningen till serviceskiktet, testar och vid behov genom pilotprojekt f\u00f6r implementeringen samt utbildar anv\u00e4ndarna av serviceskiktet. Verktyg och instruktioner Verktyg f\u00f6r f\u00f6r\u00e4ndringar och inf\u00f6rande finns avsnittet om inf\u00f6rande p\u00e5 supportwebbplatsen.\" \/>\n<meta property=\"og:url\" content=\"https:\/\/luvatjavalvonta.fi\/sv\/kundorienterad-utveckling\/planering-och-genomforande-av-forandringar\/forberedelse-av-forandringar-och-genomforande\/\" \/>\n<meta property=\"og:site_name\" content=\"Luvat ja valvonta\" \/>\n<meta property=\"article:modified_time\" content=\"2023-05-04T13:08:42+00:00\" \/>\n<meta name=\"twitter:card\" content=\"summary_large_image\" \/>\n<meta name=\"twitter:label1\" content=\"Est. reading time\" \/>\n\t<meta name=\"twitter:data1\" content=\"1 minute\" \/>\n<script type=\"application\/ld+json\" class=\"yoast-schema-graph\">{\"@context\":\"https:\/\/schema.org\",\"@graph\":[{\"@type\":\"WebPage\",\"@id\":\"https:\/\/luvatjavalvonta.fi\/sv\/kundorienterad-utveckling\/planering-och-genomforande-av-forandringar\/forberedelse-av-forandringar-och-genomforande\/\",\"url\":\"https:\/\/luvatjavalvonta.fi\/sv\/kundorienterad-utveckling\/planering-och-genomforande-av-forandringar\/forberedelse-av-forandringar-och-genomforande\/\",\"name\":\"F\u00f6rberedelse av f\u00f6r\u00e4ndringar och genomf\u00f6rande - Luvat ja valvonta\",\"isPartOf\":{\"@id\":\"https:\/\/luvatjavalvonta.fi\/#website\"},\"datePublished\":\"2022-08-15T05:21:53+00:00\",\"dateModified\":\"2023-05-04T13:08:42+00:00\",\"breadcrumb\":{\"@id\":\"https:\/\/luvatjavalvonta.fi\/sv\/kundorienterad-utveckling\/planering-och-genomforande-av-forandringar\/forberedelse-av-forandringar-och-genomforande\/#breadcrumb\"},\"inLanguage\":\"sv-SE\",\"potentialAction\":[{\"@type\":\"ReadAction\",\"target\":[\"https:\/\/luvatjavalvonta.fi\/sv\/kundorienterad-utveckling\/planering-och-genomforande-av-forandringar\/forberedelse-av-forandringar-och-genomforande\/\"]}]},{\"@type\":\"BreadcrumbList\",\"@id\":\"https:\/\/luvatjavalvonta.fi\/sv\/kundorienterad-utveckling\/planering-och-genomforande-av-forandringar\/forberedelse-av-forandringar-och-genomforande\/#breadcrumb\",\"itemListElement\":[{\"@type\":\"ListItem\",\"position\":1,\"name\":\"Home\",\"item\":\"http:\/\/54.75.134.196:80\/sv\/\"},{\"@type\":\"ListItem\",\"position\":2,\"name\":\"Kundorienterad utveckling\",\"item\":\"http:\/\/54.75.134.196:80\/sv\/kundorienterad-utveckling\/\"},{\"@type\":\"ListItem\",\"position\":3,\"name\":\"Planering och genomf\u00f6rande av f\u00f6r\u00e4ndringar\",\"item\":\"https:\/\/luvatjavalvonta.fi\/sv\/kundorienterad-utveckling\/planering-och-genomforande-av-forandringar\/\"},{\"@type\":\"ListItem\",\"position\":4,\"name\":\"F\u00f6rberedelse av f\u00f6r\u00e4ndringar och genomf\u00f6rande\"}]},{\"@type\":\"WebSite\",\"@id\":\"https:\/\/luvatjavalvonta.fi\/#website\",\"url\":\"https:\/\/luvatjavalvonta.fi\/\",\"name\":\"Luvat ja valvonta\",\"description\":\"\",\"potentialAction\":[{\"@type\":\"SearchAction\",\"target\":{\"@type\":\"EntryPoint\",\"urlTemplate\":\"https:\/\/luvatjavalvonta.fi\/?s={search_term_string}\"},\"query-input\":{\"@type\":\"PropertyValueSpecification\",\"valueRequired\":true,\"valueName\":\"search_term_string\"}}],\"inLanguage\":\"sv-SE\"}]}<\/script>\n<!-- \/ Yoast SEO plugin. -->","yoast_head_json":{"title":"F\u00f6rberedelse av f\u00f6r\u00e4ndringar och genomf\u00f6rande - Luvat ja valvonta","robots":{"index":"index","follow":"follow","max-snippet":"max-snippet:-1","max-image-preview":"max-image-preview:large","max-video-preview":"max-video-preview:-1"},"canonical":"https:\/\/luvatjavalvonta.fi\/sv\/kundorienterad-utveckling\/planering-och-genomforande-av-forandringar\/forberedelse-av-forandringar-och-genomforande\/","og_locale":"sv_SE","og_type":"article","og_title":"F\u00f6rberedelse av f\u00f6r\u00e4ndringar och genomf\u00f6rande - Luvat ja valvonta","og_description":"I detta skede informerar myndigheten personalen, kunderna och intressenterna om f\u00f6r\u00e4ndringarna, s\u00e4kerst\u00e4ller interoperabiliteten f\u00f6r serviceskiktet och dess egna informationssystem, genomf\u00f6r sj\u00e4lva anslutningen till serviceskiktet, testar och vid behov genom pilotprojekt f\u00f6r implementeringen samt utbildar anv\u00e4ndarna av serviceskiktet. Verktyg och instruktioner Verktyg f\u00f6r f\u00f6r\u00e4ndringar och inf\u00f6rande finns avsnittet om inf\u00f6rande p\u00e5 supportwebbplatsen.","og_url":"https:\/\/luvatjavalvonta.fi\/sv\/kundorienterad-utveckling\/planering-och-genomforande-av-forandringar\/forberedelse-av-forandringar-och-genomforande\/","og_site_name":"Luvat ja valvonta","article_modified_time":"2023-05-04T13:08:42+00:00","twitter_card":"summary_large_image","twitter_misc":{"Est. reading time":"1 minute"},"schema":{"@context":"https:\/\/schema.org","@graph":[{"@type":"WebPage","@id":"https:\/\/luvatjavalvonta.fi\/sv\/kundorienterad-utveckling\/planering-och-genomforande-av-forandringar\/forberedelse-av-forandringar-och-genomforande\/","url":"https:\/\/luvatjavalvonta.fi\/sv\/kundorienterad-utveckling\/planering-och-genomforande-av-forandringar\/forberedelse-av-forandringar-och-genomforande\/","name":"F\u00f6rberedelse av f\u00f6r\u00e4ndringar och genomf\u00f6rande - Luvat ja valvonta","isPartOf":{"@id":"https:\/\/luvatjavalvonta.fi\/#website"},"datePublished":"2022-08-15T05:21:53+00:00","dateModified":"2023-05-04T13:08:42+00:00","breadcrumb":{"@id":"https:\/\/luvatjavalvonta.fi\/sv\/kundorienterad-utveckling\/planering-och-genomforande-av-forandringar\/forberedelse-av-forandringar-och-genomforande\/#breadcrumb"},"inLanguage":"sv-SE","potentialAction":[{"@type":"ReadAction","target":["https:\/\/luvatjavalvonta.fi\/sv\/kundorienterad-utveckling\/planering-och-genomforande-av-forandringar\/forberedelse-av-forandringar-och-genomforande\/"]}]},{"@type":"BreadcrumbList","@id":"https:\/\/luvatjavalvonta.fi\/sv\/kundorienterad-utveckling\/planering-och-genomforande-av-forandringar\/forberedelse-av-forandringar-och-genomforande\/#breadcrumb","itemListElement":[{"@type":"ListItem","position":1,"name":"Home","item":"http:\/\/54.75.134.196:80\/sv\/"},{"@type":"ListItem","position":2,"name":"Kundorienterad utveckling","item":"http:\/\/54.75.134.196:80\/sv\/kundorienterad-utveckling\/"},{"@type":"ListItem","position":3,"name":"Planering och genomf\u00f6rande av f\u00f6r\u00e4ndringar","item":"https:\/\/luvatjavalvonta.fi\/sv\/kundorienterad-utveckling\/planering-och-genomforande-av-forandringar\/"},{"@type":"ListItem","position":4,"name":"F\u00f6rberedelse av f\u00f6r\u00e4ndringar och genomf\u00f6rande"}]},{"@type":"WebSite","@id":"https:\/\/luvatjavalvonta.fi\/#website","url":"https:\/\/luvatjavalvonta.fi\/","name":"Luvat ja valvonta","description":"","potentialAction":[{"@type":"SearchAction","target":{"@type":"EntryPoint","urlTemplate":"https:\/\/luvatjavalvonta.fi\/?s={search_term_string}"},"query-input":{"@type":"PropertyValueSpecification","valueRequired":true,"valueName":"search_term_string"}}],"inLanguage":"sv-SE"}]}},"_links":{"self":[{"href":"https:\/\/luvatjavalvonta.fi\/sv\/wp-json\/wp\/v2\/pages\/4743","targetHints":{"allow":["GET"]}}],"collection":[{"href":"https:\/\/luvatjavalvonta.fi\/sv\/wp-json\/wp\/v2\/pages"}],"about":[{"href":"https:\/\/luvatjavalvonta.fi\/sv\/wp-json\/wp\/v2\/types\/page"}],"author":[{"embeddable":true,"href":"https:\/\/luvatjavalvonta.fi\/sv\/wp-json\/wp\/v2\/users\/14"}],"replies":[{"embeddable":true,"href":"https:\/\/luvatjavalvonta.fi\/sv\/wp-json\/wp\/v2\/comments?post=4743"}],"version-history":[{"count":2,"href":"https:\/\/luvatjavalvonta.fi\/sv\/wp-json\/wp\/v2\/pages\/4743\/revisions"}],"predecessor-version":[{"id":5497,"href":"https:\/\/luvatjavalvonta.fi\/sv\/wp-json\/wp\/v2\/pages\/4743\/revisions\/5497"}],"up":[{"embeddable":true,"href":"https:\/\/luvatjavalvonta.fi\/sv\/wp-json\/wp\/v2\/pages\/5218"}],"wp:attachment":[{"href":"https:\/\/luvatjavalvonta.fi\/sv\/wp-json\/wp\/v2\/media?parent=4743"}],"curies":[{"name":"wp","href":"https:\/\/api.w.org\/{rel}","templated":true}]}}