{"id":4749,"date":"2022-08-15T08:21:53","date_gmt":"2022-08-15T05:21:53","guid":{"rendered":"https:\/\/luvatjavalvonta.fi\/inforande\/"},"modified":"2023-05-04T16:07:26","modified_gmt":"2023-05-04T13:07:26","slug":"inforande","status":"publish","type":"page","link":"https:\/\/luvatjavalvonta.fi\/sv\/kundorienterad-utveckling\/planering-och-genomforande-av-forandringar\/inforande\/","title":{"rendered":"Inf\u00f6rande"},"content":{"rendered":"\n<hr class=\"wp-block-separator has-alpha-channel-opacity\"\/>\n\n\n\n<p>I det h\u00e4r stadiet \u00e4r myndigheten redo att inf\u00f6ra serviceskiktet. N\u00e4stan alla f\u00f6rberedelser \u00e4r gjorda, och det som \u00e5terst\u00e5r \u00e4r det faktiska tekniska inf\u00f6randet och den slutliga implementeringen av de nya rutinerna. F\u00f6re inf\u00f6randet \u00e4r det fortfarande viktigt att kontrollera att alla n\u00f6dv\u00e4ndiga uppgifter har slutf\u00f6rts och att ansvarsf\u00f6rdelningen f\u00f6r f\u00f6ljande steg \u00e4r tydlig.<\/p>\n<p>Inf\u00f6randet n\u00e4rmar sig och tillst\u00e5ndshandl\u00e4ggarna har en klar uppfattning om hur en tillst\u00e5ndsans\u00f6kan fr\u00e5n serviceskiktet r\u00f6r sig mellan informationssystem och olika personer samt vilka kanaler som b\u00f6r anv\u00e4ndas f\u00f6r att kontakta kunden eller en annan myndighet i \u00e4renden relaterade till tillst\u00e5ndshandl\u00e4ggningen.<\/p>\n<p>\u00c4ndringsagenternas eller det \u00f6vriga n\u00e4rst\u00f6dets roll betonas. Det \u00e4r viktigt att tillst\u00e5ndshandl\u00e4ggarna har en bekant person som de kan v\u00e4nda sig till. Den f\u00f6rsta kontakten med ett nytt informationssystem och nya rutiner \u00e4r ett viktigt \u00f6gonblick: om problemen som uppst\u00e5r kan l\u00f6sas p\u00e5 ett smidigt s\u00e4tt har erfarenheten av inf\u00f6randet och d\u00e4rmed implementeringen av f\u00f6r\u00e4ndringen varit framg\u00e5ngsrik.<\/p>\n<p>\u00a0<\/p>\n<h4>Verktyg<\/h4>\n<p>\u00a0<\/p>\n\n\n\n<div class=\"wp-block-columns is-layout-flex wp-container-core-columns-is-layout-9d6595d7 wp-block-columns-is-layout-flex\">\n<div class=\"wp-block-column is-layout-flow wp-block-column-is-layout-flow\">\n<div class=\"icon\" aria-hidden=\"true\"><a class=\"icon-wrapper\" href=\"https:\/\/luvatjavalvonta.fi\/muutoksen-valmistelu-ja-toteutus\/toteutus-ja-kayttoonotto\/kayttoonoton-muistilista\/\"><img loading=\"lazy\" decoding=\"async\" class=\"aligncenter\" src=\"https:\/\/luvatjavalvonta.fi\/content\/uploads\/2020\/08\/2020-08_LV_ikonit_tavoitteet.svg\" alt=\"\" width=\"125\" height=\"125\" aria-hidden=\"true\"><\/a><\/div>\n<div class=\"title\" style=\"text-align: center;\"><a href=\"https:\/\/luvatjavalvonta.fi\/muutoksen-valmistelu-ja-toteutus\/toteutus-ja-kayttoonotto\/kayttoonoton-muistilista\/\">Checklista f\u00f6r inf\u00f6rande<\/a><\/div>\n<\/div>\n\n\n\n<div class=\"wp-block-column is-layout-flow wp-block-column-is-layout-flow\">\n<div class=\"icon\" aria-hidden=\"true\"><a class=\"icon-wrapper\" href=\"https:\/\/luvatjavalvonta.fi\/muutoksen-valmistelu-ja-toteutus\/toteutus-ja-kayttoonotto\/lahituki\/\"><img loading=\"lazy\" decoding=\"async\" class=\"aligncenter\" src=\"https:\/\/luvatjavalvonta.fi\/content\/uploads\/2020\/08\/2020-08_LV_ikonit_kayttoonotto.svg\" alt=\"\" width=\"125\" height=\"125\" aria-hidden=\"true\" \/><\/a><\/div>\n<div class=\"title\" style=\"text-align: center;\"><a href=\"https:\/\/luvatjavalvonta.fi\/muutoksen-valmistelu-ja-toteutus\/toteutus-ja-kayttoonotto\/lahituki\/\">N\u00e4rst\u00f6d<\/a><\/div>\n<\/div>\n\n\n\n<div class=\"wp-block-column is-layout-flow wp-block-column-is-layout-flow\"><\/div>\n<\/div>\n","protected":false},"excerpt":{"rendered":"<p>I det h\u00e4r stadiet \u00e4r myndigheten redo att inf\u00f6ra serviceskiktet. N\u00e4stan alla f\u00f6rberedelser \u00e4r gjorda, och det som \u00e5terst\u00e5r \u00e4r det faktiska tekniska inf\u00f6randet och den slutliga implementeringen av de nya rutinerna. F\u00f6re inf\u00f6randet \u00e4r det fortfarande viktigt att kontrollera att alla n\u00f6dv\u00e4ndiga uppgifter har slutf\u00f6rts och att ansvarsf\u00f6rdelningen f\u00f6r f\u00f6ljande steg \u00e4r tydlig. Inf\u00f6randet [&hellip;]<\/p>\n","protected":false},"author":14,"featured_media":0,"parent":5218,"menu_order":112,"comment_status":"closed","ping_status":"closed","template":"","meta":{"_acf_changed":false,"inline_featured_image":false,"footnotes":""},"class_list":["post-4749","page","type-page","status-publish","hentry"],"acf":{"ai_extra_content":"","ai_instructions":"","ai_hidden_page":false},"yoast_head":"<!-- This site is optimized with the Yoast SEO plugin v25.9 - https:\/\/yoast.com\/wordpress\/plugins\/seo\/ -->\n<title>Inf\u00f6rande - Luvat ja valvonta<\/title>\n<meta name=\"robots\" content=\"index, follow, max-snippet:-1, max-image-preview:large, max-video-preview:-1\" \/>\n<link rel=\"canonical\" href=\"http:\/\/www.luvatjavalvonta.fi\/sv\/kundorienterad-utveckling\/planering-och-genomforande-av-forandringar\/inforande\/\" \/>\n<meta property=\"og:locale\" content=\"sv_SE\" \/>\n<meta property=\"og:type\" content=\"article\" \/>\n<meta property=\"og:title\" content=\"Inf\u00f6rande - Luvat ja valvonta\" \/>\n<meta property=\"og:description\" content=\"I det h\u00e4r stadiet \u00e4r myndigheten redo att inf\u00f6ra serviceskiktet. N\u00e4stan alla f\u00f6rberedelser \u00e4r gjorda, och det som \u00e5terst\u00e5r \u00e4r det faktiska tekniska inf\u00f6randet och den slutliga implementeringen av de nya rutinerna. F\u00f6re inf\u00f6randet \u00e4r det fortfarande viktigt att kontrollera att alla n\u00f6dv\u00e4ndiga uppgifter har slutf\u00f6rts och att ansvarsf\u00f6rdelningen f\u00f6r f\u00f6ljande steg \u00e4r tydlig. Inf\u00f6randet [&hellip;]\" \/>\n<meta property=\"og:url\" content=\"http:\/\/www.luvatjavalvonta.fi\/sv\/kundorienterad-utveckling\/planering-och-genomforande-av-forandringar\/inforande\/\" \/>\n<meta property=\"og:site_name\" content=\"Luvat ja valvonta\" \/>\n<meta property=\"article:modified_time\" content=\"2023-05-04T13:07:26+00:00\" \/>\n<meta property=\"og:image\" content=\"https:\/\/luvatjavalvonta.fi\/content\/uploads\/2020\/08\/2020-08_LV_ikonit_tavoitteet.svg\" \/>\n<meta name=\"twitter:card\" content=\"summary_large_image\" \/>\n<meta name=\"twitter:label1\" content=\"Est. reading time\" \/>\n\t<meta name=\"twitter:data1\" content=\"2 minutes\" \/>\n<script type=\"application\/ld+json\" class=\"yoast-schema-graph\">{\"@context\":\"https:\/\/schema.org\",\"@graph\":[{\"@type\":\"WebPage\",\"@id\":\"http:\/\/www.luvatjavalvonta.fi\/sv\/kundorienterad-utveckling\/planering-och-genomforande-av-forandringar\/inforande\/\",\"url\":\"http:\/\/www.luvatjavalvonta.fi\/sv\/kundorienterad-utveckling\/planering-och-genomforande-av-forandringar\/inforande\/\",\"name\":\"Inf\u00f6rande - Luvat ja valvonta\",\"isPartOf\":{\"@id\":\"http:\/\/ec2-54-75-134-196.eu-west-1.compute.amazonaws.com\/#website\"},\"primaryImageOfPage\":{\"@id\":\"http:\/\/www.luvatjavalvonta.fi\/sv\/kundorienterad-utveckling\/planering-och-genomforande-av-forandringar\/inforande\/#primaryimage\"},\"image\":{\"@id\":\"http:\/\/www.luvatjavalvonta.fi\/sv\/kundorienterad-utveckling\/planering-och-genomforande-av-forandringar\/inforande\/#primaryimage\"},\"thumbnailUrl\":\"https:\/\/luvatjavalvonta.fi\/content\/uploads\/2020\/08\/2020-08_LV_ikonit_tavoitteet.svg\",\"datePublished\":\"2022-08-15T05:21:53+00:00\",\"dateModified\":\"2023-05-04T13:07:26+00:00\",\"breadcrumb\":{\"@id\":\"http:\/\/www.luvatjavalvonta.fi\/sv\/kundorienterad-utveckling\/planering-och-genomforande-av-forandringar\/inforande\/#breadcrumb\"},\"inLanguage\":\"sv-SE\",\"potentialAction\":[{\"@type\":\"ReadAction\",\"target\":[\"http:\/\/www.luvatjavalvonta.fi\/sv\/kundorienterad-utveckling\/planering-och-genomforande-av-forandringar\/inforande\/\"]}]},{\"@type\":\"ImageObject\",\"inLanguage\":\"sv-SE\",\"@id\":\"http:\/\/www.luvatjavalvonta.fi\/sv\/kundorienterad-utveckling\/planering-och-genomforande-av-forandringar\/inforande\/#primaryimage\",\"url\":\"https:\/\/luvatjavalvonta.fi\/content\/uploads\/2020\/08\/2020-08_LV_ikonit_tavoitteet.svg\",\"contentUrl\":\"https:\/\/luvatjavalvonta.fi\/content\/uploads\/2020\/08\/2020-08_LV_ikonit_tavoitteet.svg\"},{\"@type\":\"BreadcrumbList\",\"@id\":\"http:\/\/www.luvatjavalvonta.fi\/sv\/kundorienterad-utveckling\/planering-och-genomforande-av-forandringar\/inforande\/#breadcrumb\",\"itemListElement\":[{\"@type\":\"ListItem\",\"position\":1,\"name\":\"Home\",\"item\":\"http:\/\/www.luvatjavalvonta.fi\/sv\/\"},{\"@type\":\"ListItem\",\"position\":2,\"name\":\"Kundorienterad utveckling\",\"item\":\"http:\/\/www.luvatjavalvonta.fi\/sv\/kundorienterad-utveckling\/\"},{\"@type\":\"ListItem\",\"position\":3,\"name\":\"Planering och genomf\u00f6rande av f\u00f6r\u00e4ndringar\",\"item\":\"http:\/\/www.luvatjavalvonta.fi\/sv\/kundorienterad-utveckling\/planering-och-genomforande-av-forandringar\/\"},{\"@type\":\"ListItem\",\"position\":4,\"name\":\"Inf\u00f6rande\"}]},{\"@type\":\"WebSite\",\"@id\":\"http:\/\/ec2-54-75-134-196.eu-west-1.compute.amazonaws.com\/#website\",\"url\":\"http:\/\/ec2-54-75-134-196.eu-west-1.compute.amazonaws.com\/\",\"name\":\"Luvat ja valvonta\",\"description\":\"\",\"potentialAction\":[{\"@type\":\"SearchAction\",\"target\":{\"@type\":\"EntryPoint\",\"urlTemplate\":\"http:\/\/ec2-54-75-134-196.eu-west-1.compute.amazonaws.com\/?s={search_term_string}\"},\"query-input\":{\"@type\":\"PropertyValueSpecification\",\"valueRequired\":true,\"valueName\":\"search_term_string\"}}],\"inLanguage\":\"sv-SE\"}]}<\/script>\n<!-- \/ Yoast SEO plugin. -->","yoast_head_json":{"title":"Inf\u00f6rande - Luvat ja valvonta","robots":{"index":"index","follow":"follow","max-snippet":"max-snippet:-1","max-image-preview":"max-image-preview:large","max-video-preview":"max-video-preview:-1"},"canonical":"http:\/\/www.luvatjavalvonta.fi\/sv\/kundorienterad-utveckling\/planering-och-genomforande-av-forandringar\/inforande\/","og_locale":"sv_SE","og_type":"article","og_title":"Inf\u00f6rande - Luvat ja valvonta","og_description":"I det h\u00e4r stadiet \u00e4r myndigheten redo att inf\u00f6ra serviceskiktet. N\u00e4stan alla f\u00f6rberedelser \u00e4r gjorda, och det som \u00e5terst\u00e5r \u00e4r det faktiska tekniska inf\u00f6randet och den slutliga implementeringen av de nya rutinerna. F\u00f6re inf\u00f6randet \u00e4r det fortfarande viktigt att kontrollera att alla n\u00f6dv\u00e4ndiga uppgifter har slutf\u00f6rts och att ansvarsf\u00f6rdelningen f\u00f6r f\u00f6ljande steg \u00e4r tydlig. Inf\u00f6randet [&hellip;]","og_url":"http:\/\/www.luvatjavalvonta.fi\/sv\/kundorienterad-utveckling\/planering-och-genomforande-av-forandringar\/inforande\/","og_site_name":"Luvat ja valvonta","article_modified_time":"2023-05-04T13:07:26+00:00","og_image":[{"url":"https:\/\/luvatjavalvonta.fi\/content\/uploads\/2020\/08\/2020-08_LV_ikonit_tavoitteet.svg","type":"","width":"","height":""}],"twitter_card":"summary_large_image","twitter_misc":{"Est. reading time":"2 minutes"},"schema":{"@context":"https:\/\/schema.org","@graph":[{"@type":"WebPage","@id":"http:\/\/www.luvatjavalvonta.fi\/sv\/kundorienterad-utveckling\/planering-och-genomforande-av-forandringar\/inforande\/","url":"http:\/\/www.luvatjavalvonta.fi\/sv\/kundorienterad-utveckling\/planering-och-genomforande-av-forandringar\/inforande\/","name":"Inf\u00f6rande - Luvat ja valvonta","isPartOf":{"@id":"http:\/\/ec2-54-75-134-196.eu-west-1.compute.amazonaws.com\/#website"},"primaryImageOfPage":{"@id":"http:\/\/www.luvatjavalvonta.fi\/sv\/kundorienterad-utveckling\/planering-och-genomforande-av-forandringar\/inforande\/#primaryimage"},"image":{"@id":"http:\/\/www.luvatjavalvonta.fi\/sv\/kundorienterad-utveckling\/planering-och-genomforande-av-forandringar\/inforande\/#primaryimage"},"thumbnailUrl":"https:\/\/luvatjavalvonta.fi\/content\/uploads\/2020\/08\/2020-08_LV_ikonit_tavoitteet.svg","datePublished":"2022-08-15T05:21:53+00:00","dateModified":"2023-05-04T13:07:26+00:00","breadcrumb":{"@id":"http:\/\/www.luvatjavalvonta.fi\/sv\/kundorienterad-utveckling\/planering-och-genomforande-av-forandringar\/inforande\/#breadcrumb"},"inLanguage":"sv-SE","potentialAction":[{"@type":"ReadAction","target":["http:\/\/www.luvatjavalvonta.fi\/sv\/kundorienterad-utveckling\/planering-och-genomforande-av-forandringar\/inforande\/"]}]},{"@type":"ImageObject","inLanguage":"sv-SE","@id":"http:\/\/www.luvatjavalvonta.fi\/sv\/kundorienterad-utveckling\/planering-och-genomforande-av-forandringar\/inforande\/#primaryimage","url":"https:\/\/luvatjavalvonta.fi\/content\/uploads\/2020\/08\/2020-08_LV_ikonit_tavoitteet.svg","contentUrl":"https:\/\/luvatjavalvonta.fi\/content\/uploads\/2020\/08\/2020-08_LV_ikonit_tavoitteet.svg"},{"@type":"BreadcrumbList","@id":"http:\/\/www.luvatjavalvonta.fi\/sv\/kundorienterad-utveckling\/planering-och-genomforande-av-forandringar\/inforande\/#breadcrumb","itemListElement":[{"@type":"ListItem","position":1,"name":"Home","item":"http:\/\/www.luvatjavalvonta.fi\/sv\/"},{"@type":"ListItem","position":2,"name":"Kundorienterad utveckling","item":"http:\/\/www.luvatjavalvonta.fi\/sv\/kundorienterad-utveckling\/"},{"@type":"ListItem","position":3,"name":"Planering och genomf\u00f6rande av f\u00f6r\u00e4ndringar","item":"http:\/\/www.luvatjavalvonta.fi\/sv\/kundorienterad-utveckling\/planering-och-genomforande-av-forandringar\/"},{"@type":"ListItem","position":4,"name":"Inf\u00f6rande"}]},{"@type":"WebSite","@id":"http:\/\/ec2-54-75-134-196.eu-west-1.compute.amazonaws.com\/#website","url":"http:\/\/ec2-54-75-134-196.eu-west-1.compute.amazonaws.com\/","name":"Luvat ja valvonta","description":"","potentialAction":[{"@type":"SearchAction","target":{"@type":"EntryPoint","urlTemplate":"http:\/\/ec2-54-75-134-196.eu-west-1.compute.amazonaws.com\/?s={search_term_string}"},"query-input":{"@type":"PropertyValueSpecification","valueRequired":true,"valueName":"search_term_string"}}],"inLanguage":"sv-SE"}]}},"_links":{"self":[{"href":"https:\/\/luvatjavalvonta.fi\/sv\/wp-json\/wp\/v2\/pages\/4749","targetHints":{"allow":["GET"]}}],"collection":[{"href":"https:\/\/luvatjavalvonta.fi\/sv\/wp-json\/wp\/v2\/pages"}],"about":[{"href":"https:\/\/luvatjavalvonta.fi\/sv\/wp-json\/wp\/v2\/types\/page"}],"author":[{"embeddable":true,"href":"https:\/\/luvatjavalvonta.fi\/sv\/wp-json\/wp\/v2\/users\/14"}],"replies":[{"embeddable":true,"href":"https:\/\/luvatjavalvonta.fi\/sv\/wp-json\/wp\/v2\/comments?post=4749"}],"version-history":[{"count":2,"href":"https:\/\/luvatjavalvonta.fi\/sv\/wp-json\/wp\/v2\/pages\/4749\/revisions"}],"predecessor-version":[{"id":5496,"href":"https:\/\/luvatjavalvonta.fi\/sv\/wp-json\/wp\/v2\/pages\/4749\/revisions\/5496"}],"up":[{"embeddable":true,"href":"https:\/\/luvatjavalvonta.fi\/sv\/wp-json\/wp\/v2\/pages\/5218"}],"wp:attachment":[{"href":"https:\/\/luvatjavalvonta.fi\/sv\/wp-json\/wp\/v2\/media?parent=4749"}],"curies":[{"name":"wp","href":"https:\/\/api.w.org\/{rel}","templated":true}]}}