{"id":4757,"date":"2022-08-12T14:31:47","date_gmt":"2022-08-12T11:31:47","guid":{"rendered":"https:\/\/luvatjavalvonta.fi\/definition-av-mallaget-och-beslut-om-inforande\/"},"modified":"2023-05-03T13:34:18","modified_gmt":"2023-05-03T10:34:18","slug":"definition-av-mallaget-och-beslut-om-inforande","status":"publish","type":"page","link":"https:\/\/luvatjavalvonta.fi\/sv\/kundorienterad-utveckling\/mal-och-beslut\/definition-av-mallaget-och-beslut-om-inforande\/","title":{"rendered":"Definition av m\u00e5ll\u00e4get och beslut om inf\u00f6rande"},"content":{"rendered":"\n<hr class=\"wp-block-separator has-alpha-channel-opacity\"\/>\n\n\n\n<p>Det h\u00e4r avsnittet ger st\u00f6d f\u00f6r beslut om anslutning till tj\u00e4nsten. I det h\u00e4r stadiet<\/p>\n<ul>\n<li>utarbetar myndigheten en prelimin\u00e4r plan<\/li>\n<li>analyserar f\u00f6r\u00e4ndringens konsekvenser f\u00f6r det f\u00f6reslagna beslutet<\/li>\n<li>st\u00e4ller upp m\u00e5len<\/li>\n<\/ul>\n<p>Redan vid f\u00f6rhandlingarna har myndigheten bekantat sig med modellen f\u00f6r kundorienterad utveckling och har prelimin\u00e4rt definierat sina egna m\u00e5l. I det h\u00e4r stadiet konkretiseras m\u00e5len med till exempel indikatorer och kostnads-nyttoanalys.<\/p>\n<p>Dessutom g\u00e4ller det att komma \u00f6verens om myndighetens interna ansvarsf\u00f6rdelning f\u00f6r de kommande uppgifterna; genomf\u00f6randet av f\u00f6r\u00e4ndringen kr\u00e4ver, f\u00f6rutom en engagerad ledning, entusiastiska personer som utf\u00f6r det praktiska arbetet. F\u00f6r att st\u00f6dja genomf\u00f6randet av f\u00f6r\u00e4ndringen kan exempelvis utse \u00e4ndringsagenter bland personer inom den operativa dagliga tillst\u00e5ndshandl\u00e4ggningen. M\u00e5let \u00e4r att s\u00e4kerst\u00e4lla att de f\u00f6r\u00e4ndringar som kr\u00e4vs f\u00f6r tillst\u00e5ndshandl\u00e4ggningen identifieras tillr\u00e4ckligt tidigt och att nyckelsakkunniga upplever f\u00f6r\u00e4ndringen som naturlig.<\/p>\n<p>St\u00f6dmaterialet nedan inneh\u00e5ller praktiska verktyg och instruktioner f\u00f6r de myndigheter som fattar beslut om att ansluta sig i fr\u00e5gor som b\u00f6r beaktas i detta skede.<\/p>\n<h3>Instruktioner och verktyg<\/h3>\n\n\n\n<div class=\"wp-block-columns is-layout-flex wp-container-core-columns-is-layout-9d6595d7 wp-block-columns-is-layout-flex\">\n<div class=\"wp-block-column is-layout-flow wp-block-column-is-layout-flow\">\n<h3 class=\"icon\" style=\"text-align: center;\" aria-hidden=\"true\"><a href=\"https:\/\/luvatjavalvonta.fi\/sv\/riskanalys-och-riskhantering\/\"><img loading=\"lazy\" decoding=\"async\" class=\"aligncenter wp-image-3669\" src=\"https:\/\/luvatjavalvonta.fi\/content\/uploads\/2022\/09\/Riskianalyysi1.png\" alt=\"\" width=\"125\" height=\"125\" srcset=\"https:\/\/luvatjavalvonta.fi\/content\/uploads\/2022\/09\/Riskianalyysi1.png 668w, https:\/\/luvatjavalvonta.fi\/content\/uploads\/2022\/09\/Riskianalyysi1-300x300.png 300w, https:\/\/luvatjavalvonta.fi\/content\/uploads\/2022\/09\/Riskianalyysi1-150x150.png 150w, https:\/\/luvatjavalvonta.fi\/content\/uploads\/2022\/09\/Riskianalyysi1-200x200.png 200w\" sizes=\"auto, (max-width: 125px) 100vw, 125px\" \/><\/a><a href=\"https:\/\/luvatjavalvonta.fi\/tyokalut\/riskianalyysi-ja-riskienhallinta\/\" data-wplink-edit=\"true\">Riskanalys och<br> riskhantering \u203a<\/a><\/h3>\n<\/div>\n\n\n\n<div class=\"wp-block-column is-layout-flow wp-block-column-is-layout-flow\">\n<h3 class=\"icon\" style=\"text-align: center;\" aria-hidden=\"true\"><a class=\"icon-wrapper\" href=\"https:\/\/luvatjavalvonta.fi\/sv\/informationspaket-for-andringsagenter\/\"><img loading=\"lazy\" decoding=\"async\" class=\"aligncenter wp-image-3665\" src=\"https:\/\/luvatjavalvonta.fi\/content\/uploads\/2022\/09\/Muutosagentti1.png\" alt=\"\" width=\"125\" height=\"125\" srcset=\"https:\/\/luvatjavalvonta.fi\/content\/uploads\/2022\/09\/Muutosagentti1.png 664w, https:\/\/luvatjavalvonta.fi\/content\/uploads\/2022\/09\/Muutosagentti1-300x300.png 300w, https:\/\/luvatjavalvonta.fi\/content\/uploads\/2022\/09\/Muutosagentti1-150x150.png 150w, https:\/\/luvatjavalvonta.fi\/content\/uploads\/2022\/09\/Muutosagentti1-199x200.png 199w\" sizes=\"auto, (max-width: 125px) 100vw, 125px\" \/><\/a><a href=\"https:\/\/luvatjavalvonta.fi\/sv\/informationspaket-for-andringsagenter\/\">Informationspaket<br> f\u00f6r \u00e4ndringsagenter \u203a<\/a><\/h3>\n<\/div>\n\n\n\n<div class=\"wp-block-column is-layout-flow wp-block-column-is-layout-flow\">\n<h3 class=\"icon\" style=\"text-align: center;\" aria-hidden=\"true\"><a href=\"https:\/\/luvatjavalvonta.fi\/sv\/indikatorer\/\"><img loading=\"lazy\" decoding=\"async\" class=\"aligncenter wp-image-3667\" src=\"https:\/\/luvatjavalvonta.fi\/content\/uploads\/2022\/09\/Muutosmittarit1.png\" alt=\"\" width=\"126\" height=\"126\" srcset=\"https:\/\/luvatjavalvonta.fi\/content\/uploads\/2022\/09\/Muutosmittarit1.png 666w, https:\/\/luvatjavalvonta.fi\/content\/uploads\/2022\/09\/Muutosmittarit1-300x300.png 300w, https:\/\/luvatjavalvonta.fi\/content\/uploads\/2022\/09\/Muutosmittarit1-150x150.png 150w, https:\/\/luvatjavalvonta.fi\/content\/uploads\/2022\/09\/Muutosmittarit1-199x200.png 199w\" sizes=\"auto, (max-width: 126px) 100vw, 126px\" \/><\/a><a href=\"https:\/\/luvatjavalvonta.fi\/tyokalut\/muutosmittarit\/\" data-wplink-edit=\"true\">Indikatorer \u203a<\/a><\/h3>\n<\/div>\n<\/div>\n\n\n\n<div class=\"wp-block-columns is-layout-flex wp-container-core-columns-is-layout-9d6595d7 wp-block-columns-is-layout-flex\">\n<div class=\"wp-block-column is-layout-flow wp-block-column-is-layout-flow\">\n<h3 class=\"icon\" style=\"text-align: center;\" aria-hidden=\"true\"><a href=\"https:\/\/luvatjavalvonta.fi\/sv\/operativa-riktlinjer-2\/\"><img loading=\"lazy\" decoding=\"async\" class=\"aligncenter wp-image-3661\" src=\"https:\/\/luvatjavalvonta.fi\/content\/uploads\/2022\/09\/Operatiivisetlinjaukset1.png\" alt=\"\" width=\"125\" height=\"125\" srcset=\"https:\/\/luvatjavalvonta.fi\/content\/uploads\/2022\/09\/Operatiivisetlinjaukset1.png 667w, https:\/\/luvatjavalvonta.fi\/content\/uploads\/2022\/09\/Operatiivisetlinjaukset1-300x300.png 300w, https:\/\/luvatjavalvonta.fi\/content\/uploads\/2022\/09\/Operatiivisetlinjaukset1-150x150.png 150w, https:\/\/luvatjavalvonta.fi\/content\/uploads\/2022\/09\/Operatiivisetlinjaukset1-200x200.png 200w\" sizes=\"auto, (max-width: 125px) 100vw, 125px\" \/><\/a><a href=\"https:\/\/luvatjavalvonta.fi\/tyokalut\/operatiiviset-linjaukset\/\" data-wplink-edit=\"true\">Operativa<br> riktlinjer \u203a<\/a><\/h3>\n<\/div>\n\n\n\n<div class=\"wp-block-column is-layout-flow wp-block-column-is-layout-flow\">\n<h3 class=\"icon\" style=\"text-align: center;\" aria-hidden=\"true\"><a class=\"icon-wrapper\" href=\"https:\/\/luvatjavalvonta.fi\/sv\/organisering-2\/\"><img loading=\"lazy\" decoding=\"async\" class=\"aligncenter wp-image-3659\" src=\"https:\/\/luvatjavalvonta.fi\/content\/uploads\/2022\/09\/Organisoituminen1.png\" alt=\"\" width=\"125\" height=\"125\" srcset=\"https:\/\/luvatjavalvonta.fi\/content\/uploads\/2022\/09\/Organisoituminen1.png 671w, https:\/\/luvatjavalvonta.fi\/content\/uploads\/2022\/09\/Organisoituminen1-300x300.png 300w, https:\/\/luvatjavalvonta.fi\/content\/uploads\/2022\/09\/Organisoituminen1-150x150.png 150w, https:\/\/luvatjavalvonta.fi\/content\/uploads\/2022\/09\/Organisoituminen1-201x200.png 201w\" sizes=\"auto, (max-width: 125px) 100vw, 125px\" \/><\/a><a href=\"https:\/\/luvatjavalvonta.fi\/tyokalut\/organisoituminen\/\" data-wplink-edit=\"true\">Organisering \u203a<\/a><\/h3>\n<\/div>\n\n\n\n<div class=\"wp-block-column is-layout-flow wp-block-column-is-layout-flow\">\n<h3 class=\"icon\" style=\"text-align: center;\" aria-hidden=\"true\"><a class=\"icon-wrapper\" href=\"https:\/\/luvatjavalvonta.fi\/asiakaslahtoinen-kehittaminen\/tavoitteet-ja-paatos\/tavoitetilan-maarittely-ja-paatos-liittymisesta\/kustannus-hyotyanalyysi\/\"><img loading=\"lazy\" decoding=\"async\" class=\"aligncenter wp-image-3663\" src=\"https:\/\/luvatjavalvonta.fi\/content\/uploads\/2022\/09\/Kustannushyotyanalyysi1.png\" alt=\"\" width=\"125\" height=\"125\" srcset=\"https:\/\/luvatjavalvonta.fi\/content\/uploads\/2022\/09\/Kustannushyotyanalyysi1.png 667w, https:\/\/luvatjavalvonta.fi\/content\/uploads\/2022\/09\/Kustannushyotyanalyysi1-300x300.png 300w, https:\/\/luvatjavalvonta.fi\/content\/uploads\/2022\/09\/Kustannushyotyanalyysi1-150x150.png 150w, https:\/\/luvatjavalvonta.fi\/content\/uploads\/2022\/09\/Kustannushyotyanalyysi1-200x200.png 200w\" sizes=\"auto, (max-width: 125px) 100vw, 125px\" \/><\/a><a href=\"https:\/\/luvatjavalvonta.fi\/asiakaslahtoinen-kehittaminen\/tavoitteet-ja-paatos\/tavoitetilan-maarittely-ja-paatos-liittymisesta\/kustannus-hyotyanalyysi\/\">Kostnads-<br>nyttoanalys \u203a<\/a><\/h3>\n<\/div>\n<\/div>\n\n\n\n<div class=\"wp-block-columns is-layout-flex wp-container-core-columns-is-layout-9d6595d7 wp-block-columns-is-layout-flex\">\n<div class=\"wp-block-column is-layout-flow wp-block-column-is-layout-flow\">\n<h3 style=\"text-align: center;\"><br \/><a href=\"https:\/\/luvatjavalvonta.fi\/sv\/workshoppar-for-analys-av-andringsbehov\/\"><img loading=\"lazy\" decoding=\"async\" class=\"aligncenter wp-image-3654\" src=\"https:\/\/luvatjavalvonta.fi\/content\/uploads\/2022\/09\/Asiakashyotytyopaja1-150x150.png\" alt=\"\" width=\"125\" height=\"125\" srcset=\"https:\/\/luvatjavalvonta.fi\/content\/uploads\/2022\/09\/Asiakashyotytyopaja1-150x150.png 150w, https:\/\/luvatjavalvonta.fi\/content\/uploads\/2022\/09\/Asiakashyotytyopaja1-300x300.png 300w, https:\/\/luvatjavalvonta.fi\/content\/uploads\/2022\/09\/Asiakashyotytyopaja1-200x200.png 200w, https:\/\/luvatjavalvonta.fi\/content\/uploads\/2022\/09\/Asiakashyotytyopaja1.png 669w\" sizes=\"auto, (max-width: 125px) 100vw, 125px\" \/><\/a><a href=\"https:\/\/luvatjavalvonta.fi\/sv\/workshoppar-for-analys-av-andringsbehov\/\">Analys av <br \/>behovet av<br \/>nya rutiner, workshoppar \u203a<\/a><\/h3>\n<h3 style=\"text-align: center;\">\u00a0<\/h3>\n<\/div>\n\n\n\n<div class=\"wp-block-column is-layout-flow wp-block-column-is-layout-flow\"><\/div>\n\n\n\n<div class=\"wp-block-column is-layout-flow wp-block-column-is-layout-flow\"><\/div>\n<\/div>\n","protected":false},"excerpt":{"rendered":"<p>Det h\u00e4r avsnittet ger st\u00f6d f\u00f6r beslut om anslutning till tj\u00e4nsten. I det h\u00e4r stadiet utarbetar myndigheten en prelimin\u00e4r plan analyserar f\u00f6r\u00e4ndringens konsekvenser f\u00f6r det f\u00f6reslagna beslutet st\u00e4ller upp m\u00e5len Redan vid f\u00f6rhandlingarna har myndigheten bekantat sig med modellen f\u00f6r kundorienterad utveckling och har prelimin\u00e4rt definierat sina egna m\u00e5l. I det h\u00e4r stadiet konkretiseras m\u00e5len [&hellip;]<\/p>\n","protected":false},"author":14,"featured_media":0,"parent":5216,"menu_order":116,"comment_status":"closed","ping_status":"closed","template":"","meta":{"_acf_changed":false,"inline_featured_image":false,"footnotes":""},"class_list":["post-4757","page","type-page","status-publish","hentry"],"acf":{"ai_extra_content":"","ai_instructions":"","ai_hidden_page":false},"yoast_head":"<!-- This site is optimized with the Yoast SEO plugin v25.9 - https:\/\/yoast.com\/wordpress\/plugins\/seo\/ -->\n<title>Definition av m\u00e5ll\u00e4get och beslut om inf\u00f6rande - Luvat ja valvonta<\/title>\n<meta name=\"robots\" content=\"index, follow, max-snippet:-1, max-image-preview:large, max-video-preview:-1\" \/>\n<link rel=\"canonical\" href=\"https:\/\/www.luvatjavalvonta.fi\/sv\/kundorienterad-utveckling\/mal-och-beslut\/definition-av-mallaget-och-beslut-om-inforande\/\" \/>\n<meta property=\"og:locale\" content=\"sv_SE\" \/>\n<meta property=\"og:type\" content=\"article\" \/>\n<meta property=\"og:title\" content=\"Definition av m\u00e5ll\u00e4get och beslut om inf\u00f6rande - Luvat ja valvonta\" \/>\n<meta property=\"og:description\" content=\"Det h\u00e4r avsnittet ger st\u00f6d f\u00f6r beslut om anslutning till tj\u00e4nsten. I det h\u00e4r stadiet utarbetar myndigheten en prelimin\u00e4r plan analyserar f\u00f6r\u00e4ndringens konsekvenser f\u00f6r det f\u00f6reslagna beslutet st\u00e4ller upp m\u00e5len Redan vid f\u00f6rhandlingarna har myndigheten bekantat sig med modellen f\u00f6r kundorienterad utveckling och har prelimin\u00e4rt definierat sina egna m\u00e5l. I det h\u00e4r stadiet konkretiseras m\u00e5len [&hellip;]\" \/>\n<meta property=\"og:url\" content=\"https:\/\/www.luvatjavalvonta.fi\/sv\/kundorienterad-utveckling\/mal-och-beslut\/definition-av-mallaget-och-beslut-om-inforande\/\" \/>\n<meta property=\"og:site_name\" content=\"Luvat ja valvonta\" \/>\n<meta property=\"article:modified_time\" content=\"2023-05-03T10:34:18+00:00\" \/>\n<meta property=\"og:image\" content=\"https:\/\/luvatjavalvonta.fi\/content\/uploads\/2022\/09\/Riskianalyysi1.png\" \/>\n<meta name=\"twitter:card\" content=\"summary_large_image\" \/>\n<meta name=\"twitter:label1\" content=\"Est. reading time\" \/>\n\t<meta name=\"twitter:data1\" content=\"3 minutes\" \/>\n<script type=\"application\/ld+json\" class=\"yoast-schema-graph\">{\"@context\":\"https:\/\/schema.org\",\"@graph\":[{\"@type\":\"WebPage\",\"@id\":\"https:\/\/www.luvatjavalvonta.fi\/sv\/kundorienterad-utveckling\/mal-och-beslut\/definition-av-mallaget-och-beslut-om-inforande\/\",\"url\":\"https:\/\/www.luvatjavalvonta.fi\/sv\/kundorienterad-utveckling\/mal-och-beslut\/definition-av-mallaget-och-beslut-om-inforande\/\",\"name\":\"Definition av m\u00e5ll\u00e4get och beslut om inf\u00f6rande - Luvat ja valvonta\",\"isPartOf\":{\"@id\":\"https:\/\/luvatjavalvonta.fi\/#website\"},\"primaryImageOfPage\":{\"@id\":\"https:\/\/www.luvatjavalvonta.fi\/sv\/kundorienterad-utveckling\/mal-och-beslut\/definition-av-mallaget-och-beslut-om-inforande\/#primaryimage\"},\"image\":{\"@id\":\"https:\/\/www.luvatjavalvonta.fi\/sv\/kundorienterad-utveckling\/mal-och-beslut\/definition-av-mallaget-och-beslut-om-inforande\/#primaryimage\"},\"thumbnailUrl\":\"https:\/\/luvatjavalvonta.fi\/content\/uploads\/2022\/09\/Riskianalyysi1.png\",\"datePublished\":\"2022-08-12T11:31:47+00:00\",\"dateModified\":\"2023-05-03T10:34:18+00:00\",\"breadcrumb\":{\"@id\":\"https:\/\/www.luvatjavalvonta.fi\/sv\/kundorienterad-utveckling\/mal-och-beslut\/definition-av-mallaget-och-beslut-om-inforande\/#breadcrumb\"},\"inLanguage\":\"sv-SE\",\"potentialAction\":[{\"@type\":\"ReadAction\",\"target\":[\"https:\/\/www.luvatjavalvonta.fi\/sv\/kundorienterad-utveckling\/mal-och-beslut\/definition-av-mallaget-och-beslut-om-inforande\/\"]}]},{\"@type\":\"ImageObject\",\"inLanguage\":\"sv-SE\",\"@id\":\"https:\/\/www.luvatjavalvonta.fi\/sv\/kundorienterad-utveckling\/mal-och-beslut\/definition-av-mallaget-och-beslut-om-inforande\/#primaryimage\",\"url\":\"https:\/\/luvatjavalvonta.fi\/content\/uploads\/2022\/09\/Riskianalyysi1.png\",\"contentUrl\":\"https:\/\/luvatjavalvonta.fi\/content\/uploads\/2022\/09\/Riskianalyysi1.png\"},{\"@type\":\"BreadcrumbList\",\"@id\":\"https:\/\/www.luvatjavalvonta.fi\/sv\/kundorienterad-utveckling\/mal-och-beslut\/definition-av-mallaget-och-beslut-om-inforande\/#breadcrumb\",\"itemListElement\":[{\"@type\":\"ListItem\",\"position\":1,\"name\":\"Home\",\"item\":\"http:\/\/54.75.134.196:80\/sv\/\"},{\"@type\":\"ListItem\",\"position\":2,\"name\":\"Kundorienterad utveckling\",\"item\":\"http:\/\/54.75.134.196:80\/sv\/kundorienterad-utveckling\/\"},{\"@type\":\"ListItem\",\"position\":3,\"name\":\"M\u00e5l och beslut\",\"item\":\"http:\/\/54.75.134.196:80\/sv\/kundorienterad-utveckling\/mal-och-beslut\/\"},{\"@type\":\"ListItem\",\"position\":4,\"name\":\"Definition av m\u00e5ll\u00e4get och beslut om inf\u00f6rande\"}]},{\"@type\":\"WebSite\",\"@id\":\"https:\/\/luvatjavalvonta.fi\/#website\",\"url\":\"https:\/\/luvatjavalvonta.fi\/\",\"name\":\"Luvat ja valvonta\",\"description\":\"\",\"potentialAction\":[{\"@type\":\"SearchAction\",\"target\":{\"@type\":\"EntryPoint\",\"urlTemplate\":\"https:\/\/luvatjavalvonta.fi\/?s={search_term_string}\"},\"query-input\":{\"@type\":\"PropertyValueSpecification\",\"valueRequired\":true,\"valueName\":\"search_term_string\"}}],\"inLanguage\":\"sv-SE\"}]}<\/script>\n<!-- \/ Yoast SEO plugin. -->","yoast_head_json":{"title":"Definition av m\u00e5ll\u00e4get och beslut om inf\u00f6rande - Luvat ja valvonta","robots":{"index":"index","follow":"follow","max-snippet":"max-snippet:-1","max-image-preview":"max-image-preview:large","max-video-preview":"max-video-preview:-1"},"canonical":"https:\/\/www.luvatjavalvonta.fi\/sv\/kundorienterad-utveckling\/mal-och-beslut\/definition-av-mallaget-och-beslut-om-inforande\/","og_locale":"sv_SE","og_type":"article","og_title":"Definition av m\u00e5ll\u00e4get och beslut om inf\u00f6rande - Luvat ja valvonta","og_description":"Det h\u00e4r avsnittet ger st\u00f6d f\u00f6r beslut om anslutning till tj\u00e4nsten. I det h\u00e4r stadiet utarbetar myndigheten en prelimin\u00e4r plan analyserar f\u00f6r\u00e4ndringens konsekvenser f\u00f6r det f\u00f6reslagna beslutet st\u00e4ller upp m\u00e5len Redan vid f\u00f6rhandlingarna har myndigheten bekantat sig med modellen f\u00f6r kundorienterad utveckling och har prelimin\u00e4rt definierat sina egna m\u00e5l. I det h\u00e4r stadiet konkretiseras m\u00e5len [&hellip;]","og_url":"https:\/\/www.luvatjavalvonta.fi\/sv\/kundorienterad-utveckling\/mal-och-beslut\/definition-av-mallaget-och-beslut-om-inforande\/","og_site_name":"Luvat ja valvonta","article_modified_time":"2023-05-03T10:34:18+00:00","og_image":[{"url":"https:\/\/luvatjavalvonta.fi\/content\/uploads\/2022\/09\/Riskianalyysi1.png","type":"","width":"","height":""}],"twitter_card":"summary_large_image","twitter_misc":{"Est. reading time":"3 minutes"},"schema":{"@context":"https:\/\/schema.org","@graph":[{"@type":"WebPage","@id":"https:\/\/www.luvatjavalvonta.fi\/sv\/kundorienterad-utveckling\/mal-och-beslut\/definition-av-mallaget-och-beslut-om-inforande\/","url":"https:\/\/www.luvatjavalvonta.fi\/sv\/kundorienterad-utveckling\/mal-och-beslut\/definition-av-mallaget-och-beslut-om-inforande\/","name":"Definition av m\u00e5ll\u00e4get och beslut om inf\u00f6rande - Luvat ja valvonta","isPartOf":{"@id":"https:\/\/luvatjavalvonta.fi\/#website"},"primaryImageOfPage":{"@id":"https:\/\/www.luvatjavalvonta.fi\/sv\/kundorienterad-utveckling\/mal-och-beslut\/definition-av-mallaget-och-beslut-om-inforande\/#primaryimage"},"image":{"@id":"https:\/\/www.luvatjavalvonta.fi\/sv\/kundorienterad-utveckling\/mal-och-beslut\/definition-av-mallaget-och-beslut-om-inforande\/#primaryimage"},"thumbnailUrl":"https:\/\/luvatjavalvonta.fi\/content\/uploads\/2022\/09\/Riskianalyysi1.png","datePublished":"2022-08-12T11:31:47+00:00","dateModified":"2023-05-03T10:34:18+00:00","breadcrumb":{"@id":"https:\/\/www.luvatjavalvonta.fi\/sv\/kundorienterad-utveckling\/mal-och-beslut\/definition-av-mallaget-och-beslut-om-inforande\/#breadcrumb"},"inLanguage":"sv-SE","potentialAction":[{"@type":"ReadAction","target":["https:\/\/www.luvatjavalvonta.fi\/sv\/kundorienterad-utveckling\/mal-och-beslut\/definition-av-mallaget-och-beslut-om-inforande\/"]}]},{"@type":"ImageObject","inLanguage":"sv-SE","@id":"https:\/\/www.luvatjavalvonta.fi\/sv\/kundorienterad-utveckling\/mal-och-beslut\/definition-av-mallaget-och-beslut-om-inforande\/#primaryimage","url":"https:\/\/luvatjavalvonta.fi\/content\/uploads\/2022\/09\/Riskianalyysi1.png","contentUrl":"https:\/\/luvatjavalvonta.fi\/content\/uploads\/2022\/09\/Riskianalyysi1.png"},{"@type":"BreadcrumbList","@id":"https:\/\/www.luvatjavalvonta.fi\/sv\/kundorienterad-utveckling\/mal-och-beslut\/definition-av-mallaget-och-beslut-om-inforande\/#breadcrumb","itemListElement":[{"@type":"ListItem","position":1,"name":"Home","item":"http:\/\/54.75.134.196:80\/sv\/"},{"@type":"ListItem","position":2,"name":"Kundorienterad utveckling","item":"http:\/\/54.75.134.196:80\/sv\/kundorienterad-utveckling\/"},{"@type":"ListItem","position":3,"name":"M\u00e5l och beslut","item":"http:\/\/54.75.134.196:80\/sv\/kundorienterad-utveckling\/mal-och-beslut\/"},{"@type":"ListItem","position":4,"name":"Definition av m\u00e5ll\u00e4get och beslut om inf\u00f6rande"}]},{"@type":"WebSite","@id":"https:\/\/luvatjavalvonta.fi\/#website","url":"https:\/\/luvatjavalvonta.fi\/","name":"Luvat ja valvonta","description":"","potentialAction":[{"@type":"SearchAction","target":{"@type":"EntryPoint","urlTemplate":"https:\/\/luvatjavalvonta.fi\/?s={search_term_string}"},"query-input":{"@type":"PropertyValueSpecification","valueRequired":true,"valueName":"search_term_string"}}],"inLanguage":"sv-SE"}]}},"_links":{"self":[{"href":"https:\/\/luvatjavalvonta.fi\/sv\/wp-json\/wp\/v2\/pages\/4757","targetHints":{"allow":["GET"]}}],"collection":[{"href":"https:\/\/luvatjavalvonta.fi\/sv\/wp-json\/wp\/v2\/pages"}],"about":[{"href":"https:\/\/luvatjavalvonta.fi\/sv\/wp-json\/wp\/v2\/types\/page"}],"author":[{"embeddable":true,"href":"https:\/\/luvatjavalvonta.fi\/sv\/wp-json\/wp\/v2\/users\/14"}],"replies":[{"embeddable":true,"href":"https:\/\/luvatjavalvonta.fi\/sv\/wp-json\/wp\/v2\/comments?post=4757"}],"version-history":[{"count":4,"href":"https:\/\/luvatjavalvonta.fi\/sv\/wp-json\/wp\/v2\/pages\/4757\/revisions"}],"predecessor-version":[{"id":5452,"href":"https:\/\/luvatjavalvonta.fi\/sv\/wp-json\/wp\/v2\/pages\/4757\/revisions\/5452"}],"up":[{"embeddable":true,"href":"https:\/\/luvatjavalvonta.fi\/sv\/wp-json\/wp\/v2\/pages\/5216"}],"wp:attachment":[{"href":"https:\/\/luvatjavalvonta.fi\/sv\/wp-json\/wp\/v2\/media?parent=4757"}],"curies":[{"name":"wp","href":"https:\/\/api.w.org\/{rel}","templated":true}]}}