{"id":4807,"date":"2023-01-03T13:40:40","date_gmt":"2023-01-03T11:40:40","guid":{"rendered":"https:\/\/luvatjavalvonta.fi\/utred\/"},"modified":"2023-06-28T13:30:59","modified_gmt":"2023-06-28T10:30:59","slug":"utred","status":"publish","type":"page","link":"https:\/\/luvatjavalvonta.fi\/sv\/utred\/","title":{"rendered":"Utred"},"content":{"rendered":"\n<hr class=\"wp-block-separator has-alpha-channel-opacity\"\/>\n\n\n\n<div class=\"wp-block-columns is-layout-flex wp-container-core-columns-is-layout-9d6595d7 wp-block-columns-is-layout-flex\">\n<div class=\"wp-block-column is-layout-flow wp-block-column-is-layout-flow\" style=\"flex-basis:50%\">\n<figure class=\"wp-block-image size-full\"><img loading=\"lazy\" decoding=\"async\" width=\"655\" height=\"655\" src=\"https:\/\/luvatjavalvonta.fi\/content\/uploads\/2022\/11\/Selvita_vaihe1.png\" alt=\"\" class=\"wp-image-4011\" srcset=\"https:\/\/luvatjavalvonta.fi\/content\/uploads\/2022\/11\/Selvita_vaihe1.png 655w, https:\/\/luvatjavalvonta.fi\/content\/uploads\/2022\/11\/Selvita_vaihe1-300x300.png 300w, https:\/\/luvatjavalvonta.fi\/content\/uploads\/2022\/11\/Selvita_vaihe1-150x150.png 150w, https:\/\/luvatjavalvonta.fi\/content\/uploads\/2022\/11\/Selvita_vaihe1-200x200.png 200w\" sizes=\"auto, (max-width: 655px) 100vw, 655px\" \/><\/figure>\n<\/div>\n\n\n\n<div class=\"wp-block-column is-layout-flow wp-block-column-is-layout-flow\" style=\"flex-basis:50%\">\n<p>I utredningsstadiet utreder myndigheten<\/p>\n<ul>\n<li>vilka av myndighets tillst\u00e5nds- och tillsyns\u00e4renden som tillhandah\u00e5lls f\u00f6r kunder i tj\u00e4nsten Tillst\u00e5nd och tillsyn (inf\u00f6randets omfattning)<\/li>\n<li>f\u00f6rdelarna med och kostnaderna f\u00f6r de valda anslutningss\u00e4tten f\u00f6r tj\u00e4nsterna och j\u00e4mf\u00f6relse av olika alternativ<\/li>\n<li>valfria egenskaper hos tj\u00e4nster som inf\u00f6rs<\/li>\n<li>Viktigt \u2013 bed\u00f6m behovet av f\u00f6r\u00e4ndringar i din organisation: konsekvenser av inf\u00f6randet f\u00f6r serviceprocesser, personalens uppgifter och instruktioner samt system<\/li>\n<\/ul>\n<p>En v\u00e4lgjord utredning s\u00e4kerst\u00e4ller f\u00f6ruts\u00e4ttningarna f\u00f6r ett framg\u00e5ngsrikt inf\u00f6rande och minskar risken f\u00f6r obehagliga \u00f6verraskningar f\u00f6ljande stadier f\u00f6r inf\u00f6randet.<\/p>\n<\/div>\n<\/div>\n\n\n\n<p>I utredningen utv\u00e4rderar myndigheten tj\u00e4nsten Tillst\u00e5nd och tillsyn och den nya serviceprocessens konsekvenser f\u00f6r de egna processerna och organisationen p\u00e5 strategisk, funktionell och teknisk niv\u00e5. Vid inf\u00f6randet av tj\u00e4nsten Tillst\u00e5nd och tillsyn som en servicehelhet som flera myndigheter anv\u00e4nder ska myndigheten ta h\u00e4nsyn till kundorientering och beredskap f\u00f6r samarbete mellan myndigheter i den egna verksamheten. Detta m\u00f6jligg\u00f6r smidig service f\u00f6r kunderna.<\/p>\n<h2>Observationer och f\u00f6ruts\u00e4ttningar<\/h2>\n<p>Inf\u00f6randet av tj\u00e4nsten medf\u00f6r fr\u00e5gor som myndigheten ska ta h\u00e4nsyn till vid inf\u00f6randet av tj\u00e4nsten. En anvisning om observationer och f\u00f6ruts\u00e4ttningar finns nere p\u00e5 denna sida.<\/p>\n<h2>Tillhandah\u00e5llande av service<\/h2>\n<p>Utredningen b\u00f6rjar med en genomg\u00e5ng av myndighetens tillst\u00e5ndstj\u00e4nster, kundbehov och serviceutbudet i tj\u00e4nsten Tillst\u00e5nd och tillsyn \u2013 vilka \u00e4renden i tj\u00e4nsten Tillst\u00e5nd och tillsyn som myndigheten inf\u00f6r. Utredningen baserar sig p\u00e5 valet av tj\u00e4nster.<\/p>\n<h2>Anslutningss\u00e4tt f\u00f6r tj\u00e4nster<\/h2>\n<p>Anslutningss\u00e4tt ska v\u00e4ljas f\u00f6r varje vald tj\u00e4nst. Vid valet ska anslutningss\u00e4ttets l\u00e4mplighet och f\u00f6ruts\u00e4ttningar bed\u00f6mas. Ytterligare information finns i avsnittet om <a href=\"https:\/\/luvatjavalvonta.fi\/sv\/information-om-tjansten\/anslutningssatt\/\" target=\"_blank\" rel=\"noopener\">tj\u00e4nstens anslutningss\u00e4tt<\/a>.<\/p>\n<p>Myndigheten kan ansluta sig, \u00e4ndra befintliga anslutningar eller koppla bort sina tj\u00e4nster efter eget behov. Anslutningar, \u00e4ndringar av anslutningar och bortkopplingar ska g\u00f6ras enligt servicel\u00f6ftet och -niv\u00e5erna i <strong><a href=\"https:\/\/luvatjavalvonta.fi\/sv\/information-om-tjansten\/hanteringsmodell-for-tjansten\/servicebeskrivning\/\">servicebeskrivningen<\/a> <\/strong>av hanteringsmodellen.<\/p>\n<h2>Uppskattning av \u00e4ndringsbehov<\/h2>\n<p>Efter valet av tj\u00e4nster och anslutningss\u00e4tt kan konsekvenserna f\u00f6r myndighetens serviceprocesser, personalens arbete, verktyg, kompetens, utbildningsbehov, samarbete mellan myndigheter och aktuella tj\u00e4nster eller system uppskattas. Ur dessa uppskattningar sammanst\u00e4lls en lista \u00f6ver myndighetens behov av f\u00f6r\u00e4ndringar: Vad m\u00e5ste f\u00f6r\u00e4ndras s\u00e5 att tj\u00e4nstens Tillst\u00e5nd och tillsyn valda tj\u00e4nster inklusive anslutningss\u00e4tt kan anv\u00e4ndas.<\/p>\n<h2>Prelimin\u00e4r plan<\/h2>\n<p>D\u00e4refter konverteras f\u00f6r\u00e4ndringsbehoven till genomf\u00f6rbara uppgiftshelheter utifr\u00e5n vilka det \u00e4r m\u00f6jligt att uppskatta de resurser, den tid och de interna och externa kostnaderna som beh\u00f6vs f\u00f6r uppgifterna. Samtidigt skapas en prelimin\u00e4r plan f\u00f6r inf\u00f6randet.\u00a0<\/p>\n<h2>Kostnads-nyttoanalys<\/h2>\n<p>Det rekommenderas att myndigheten g\u00f6r en kostnads-\/nyttoanalys, som j\u00e4mf\u00f6r konsekvenserna av anslutnings\u00e4tten och f\u00f6r\u00e4ndringsalternativen f\u00f6r nyttan och kostnaderna. Detta m\u00f6jligg\u00f6r beslut baserat p\u00e5 information och bidrar till f\u00f6r\u00e4ndringens transparens inom organisationen.<\/p>\n<p>G\u00f6r en utredning som st\u00f6der din organisations beslutsfattande.<\/p>\n\n\n\n<h2>Checklista \u00f6ver uppgifter och verktyg<\/h2>\n<h3>Uppgifter i stadiet<\/h3>\n<ul>\n<li>G\u00e5 igenom <a href=\"https:\/\/luvatjavalvonta.fi\/sv\/information-om-tjansten\/serviceutbud\/\" target=\"_blank\" rel=\"noopener\">Tj\u00e4nstens servceutbud f\u00f6r myndigheter<\/a><\/li>\n<li>Utv\u00e4rdera tj\u00e4nstens valm\u00f6jligheter\n<ul>\n<li>V\u00e4lj tj\u00e4nster som du vill erbjuda kunden via tj\u00e4nsten<\/li>\n<li>V\u00e4lj anslutningss\u00e4tt f\u00f6r de valda tj\u00e4nsterna \u2013 <a href=\"https:\/\/luvatjavalvonta.fi\/sv\/information-om-tjansten\/anslutningssatt\/\" target=\"_blank\" rel=\"noopener\">st\u00f6d f\u00f6r utv\u00e4rderingen och valet finns h\u00e4r<\/a><\/li>\n<li>Utred alternativen f\u00f6r att logga in i tj\u00e4nsten \u2013 h\u00e4r ser du <a href=\"https:\/\/luvatjavalvonta.fi\/sv\/information-om-tjansten\/egenskaper\/anslutna-tjanster\/\" target=\"_blank\" rel=\"noopener\">inloggningsalternativen f\u00f6r tj\u00e4nsten Tillst\u00e5nd och tillsyn<\/a><\/li>\n<\/ul>\n<\/li>\n<li>Bed\u00f6m konsekvenserna av valen f\u00f6r din organisation\n<ul>\n<li>f\u00f6r serviceprocesser relaterade till \u00e4renden<\/li>\n<li>f\u00f6r samarbete mellan myndigheter (inom samma servicehelhet)<\/li>\n<li>f\u00f6r personalens arbete, kompetens och utbildningsbehov samt arbetsredskap<\/li>\n<li>f\u00f6r e-tj\u00e4nster eller system (t.ex. elektronisk data\u00f6verf\u00f6ring\/integration)<\/li>\n<\/ul>\n<\/li>\n<li>G\u00f6r en lista \u00f6ver de uppskattade f\u00f6r\u00e4ndringsbehoven, d\u00e4r behoven har omvandlats till motsvarande uppgiftshelheter (Vad m\u00e5ste g\u00f6ras f\u00f6r att n\u00f6dv\u00e4ndiga f\u00f6r\u00e4ndringar ska kunna genomf\u00f6ras?)<\/li>\n<li>Uppskatta resurserna, arbetsm\u00e4ngden och tiden samt kostnaderna som beh\u00f6vs f\u00f6r att genomf\u00f6ra uppgiftshelheterna<\/li>\n<li>Uppskatta det \u00f6msesidiga beroendet av uppgiftshelheterna och bilda en uppfattning om deras logiska ordningsf\u00f6ljd<\/li>\n<li>G\u00f6r en prelimin\u00e4r plan f\u00f6r inf\u00f6rande av uppgiftshelheterna, de uppskattade resurserna och uppgifternas l\u00e4ngd<\/li>\n<li>Analysera olika l\u00f6sningars f\u00f6rdelar och kostnader (kostnads\/nyttoanalysverktyget finns bland l\u00e4nkarna p\u00e5 denna sida). T\u00e4nk efter om en metod eller process kan effektiviseras eller om samarbetet och informationsutbytet mellan myndigheter kunde f\u00f6rb\u00e4ttras.<\/li>\n<li>Beakta riskerna relaterade till inf\u00f6randet och g\u00f6r upp en lista \u00f6ver dem. Uppskatta betydelsen av riskerna (sannolikhet, konsekvenser) tillsammans med parter relaterade till genomf\u00f6randet<\/li>\n<li>Kom till slut med ett beslutsf\u00f6rslag om att g\u00e5 med i tj\u00e4nsten Tillst\u00e5nd och tillsyn<\/li>\n<\/ul>\n<h3>Verktyg i stadiet<\/h3>\n\n\n\n<div class=\"wp-block-columns is-layout-flex wp-container-core-columns-is-layout-9d6595d7 wp-block-columns-is-layout-flex\">\n<div class=\"wp-block-column is-layout-flow wp-block-column-is-layout-flow\">\n<h3 style=\"text-align: center;\"><a href=\"https:\/\/luvatjavalvonta.fi\/sv\/kostnads-nyttoanalys\/\"><img loading=\"lazy\" decoding=\"async\" class=\"aligncenter wp-image-3119\" src=\"https:\/\/luvatjavalvonta.fi\/content\/uploads\/2022\/09\/Lomake1-150x150.png\" alt=\"\" width=\"125\" height=\"125\" srcset=\"https:\/\/luvatjavalvonta.fi\/content\/uploads\/2022\/09\/Lomake1-150x150.png 150w, https:\/\/luvatjavalvonta.fi\/content\/uploads\/2022\/09\/Lomake1-300x300.png 300w, https:\/\/luvatjavalvonta.fi\/content\/uploads\/2022\/09\/Lomake1-199x200.png 199w, https:\/\/luvatjavalvonta.fi\/content\/uploads\/2022\/09\/Lomake1.png 667w\" sizes=\"auto, (max-width: 125px) 100vw, 125px\" \/><\/a><a href=\"https:\/\/luvatjavalvonta.fi\/sv\/kostnads-nyttoanalys\/\">Kostnads-<br>nyttoanalys \u203a<\/a><\/h3>\n<\/div>\n\n\n\n<div class=\"wp-block-column is-layout-flow wp-block-column-is-layout-flow\">\n<h3 style=\"text-align: center;\"><img loading=\"lazy\" decoding=\"async\" class=\"aligncenter wp-image-3119\" src=\"https:\/\/luvatjavalvonta.fi\/content\/uploads\/2022\/09\/Lomake1-150x150.png\" alt=\"\" width=\"125\" height=\"125\" srcset=\"https:\/\/luvatjavalvonta.fi\/content\/uploads\/2022\/09\/Lomake1-150x150.png 150w, https:\/\/luvatjavalvonta.fi\/content\/uploads\/2022\/09\/Lomake1-300x300.png 300w, https:\/\/luvatjavalvonta.fi\/content\/uploads\/2022\/09\/Lomake1-199x200.png 199w, https:\/\/luvatjavalvonta.fi\/content\/uploads\/2022\/09\/Lomake1.png 667w\" sizes=\"auto, (max-width: 125px) 100vw, 125px\" \/>Plan f\u00f6r inf\u00f6rande (p\u00e5 kommande)<\/h3>\n<\/div>\n\n\n\n<div class=\"wp-block-column is-layout-flow wp-block-column-is-layout-flow\">\n<h3 style=\"text-align: center;\"><a href=\"https:\/\/luvatjavalvonta.fi\/sv\/riskhantering\/\"><img loading=\"lazy\" decoding=\"async\" class=\"aligncenter wp-image-3669\" src=\"https:\/\/luvatjavalvonta.fi\/content\/uploads\/2022\/09\/Riskianalyysi1-150x150.png\" alt=\"\" width=\"125\" height=\"125\" srcset=\"https:\/\/luvatjavalvonta.fi\/content\/uploads\/2022\/09\/Riskianalyysi1-150x150.png 150w, https:\/\/luvatjavalvonta.fi\/content\/uploads\/2022\/09\/Riskianalyysi1-300x300.png 300w, https:\/\/luvatjavalvonta.fi\/content\/uploads\/2022\/09\/Riskianalyysi1-200x200.png 200w, https:\/\/luvatjavalvonta.fi\/content\/uploads\/2022\/09\/Riskianalyysi1.png 668w\" sizes=\"auto, (max-width: 125px) 100vw, 125px\" \/><\/a><a href=\"https:\/\/luvatjavalvonta.fi\/sv\/riskhantering\/\" data-wplink-edit=\"true\">Riskhantering \u203a<\/a><\/h3>\n<h3 style=\"text-align: center;\">&nbsp;<\/h3>\n<h3 style=\"text-align: center;\">&nbsp;<\/h3>\n<p>&nbsp;<\/p>\n<\/div>\n<\/div>\n\n\n\n<div class=\"wp-block-columns is-layout-flex wp-container-core-columns-is-layout-9d6595d7 wp-block-columns-is-layout-flex\">\n<div class=\"wp-block-column is-layout-flow wp-block-column-is-layout-flow\">\n<h3 style=\"text-align: center;\"><br \/><a href=\"https:\/\/luvatjavalvonta.fi\/sv\/observationer-och-forutsattningar\/\"><img loading=\"lazy\" decoding=\"async\" class=\"aligncenter wp-image-3119\" src=\"https:\/\/luvatjavalvonta.fi\/content\/uploads\/2022\/09\/Lomake1-150x150.png\" alt=\"\" width=\"125\" height=\"125\" srcset=\"https:\/\/luvatjavalvonta.fi\/content\/uploads\/2022\/09\/Lomake1-150x150.png 150w, https:\/\/luvatjavalvonta.fi\/content\/uploads\/2022\/09\/Lomake1-300x300.png 300w, https:\/\/luvatjavalvonta.fi\/content\/uploads\/2022\/09\/Lomake1-199x200.png 199w, https:\/\/luvatjavalvonta.fi\/content\/uploads\/2022\/09\/Lomake1.png 667w\" sizes=\"auto, (max-width: 125px) 100vw, 125px\" \/><\/a><a href=\"https:\/\/luvatjavalvonta.fi\/sv\/observationer-och-forutsattningar\/\">Observationer och<br \/>f\u00f6ruts\u00e4ttningar \u203a<\/a><\/h3>\n<\/div>\n\n\n\n<div class=\"wp-block-column is-layout-flow wp-block-column-is-layout-flow\"><\/div>\n\n\n\n<div class=\"wp-block-column is-layout-flow wp-block-column-is-layout-flow\"><\/div>\n<\/div>\n","protected":false},"excerpt":{"rendered":"<p>I utredningsstadiet utreder myndigheten vilka av myndighets tillst\u00e5nds- och tillsyns\u00e4renden som tillhandah\u00e5lls f\u00f6r kunder i tj\u00e4nsten Tillst\u00e5nd och tillsyn (inf\u00f6randets omfattning) f\u00f6rdelarna med och kostnaderna f\u00f6r de valda anslutningss\u00e4tten f\u00f6r tj\u00e4nsterna och j\u00e4mf\u00f6relse av olika alternativ valfria egenskaper hos tj\u00e4nster som inf\u00f6rs Viktigt \u2013 bed\u00f6m behovet av f\u00f6r\u00e4ndringar i din organisation: konsekvenser av inf\u00f6randet f\u00f6r [&hellip;]<\/p>\n","protected":false},"author":14,"featured_media":0,"parent":7565,"menu_order":139,"comment_status":"closed","ping_status":"closed","template":"","meta":{"_acf_changed":false,"inline_featured_image":false,"footnotes":""},"class_list":["post-4807","page","type-page","status-publish","hentry"],"acf":{"ai_extra_content":"","ai_instructions":"","ai_hidden_page":false},"yoast_head":"<!-- This site is optimized with the Yoast SEO plugin v25.9 - https:\/\/yoast.com\/wordpress\/plugins\/seo\/ -->\n<title>Utred - Luvat ja valvonta<\/title>\n<meta name=\"robots\" content=\"index, follow, max-snippet:-1, max-image-preview:large, max-video-preview:-1\" \/>\n<link rel=\"canonical\" href=\"https:\/\/www.luvatjavalvonta.fi\/sv\/utred\/\" \/>\n<meta property=\"og:locale\" content=\"sv_SE\" \/>\n<meta property=\"og:type\" content=\"article\" \/>\n<meta property=\"og:title\" content=\"Utred - Luvat ja valvonta\" \/>\n<meta property=\"og:description\" content=\"I utredningsstadiet utreder myndigheten vilka av myndighets tillst\u00e5nds- och tillsyns\u00e4renden som tillhandah\u00e5lls f\u00f6r kunder i tj\u00e4nsten Tillst\u00e5nd och tillsyn (inf\u00f6randets omfattning) f\u00f6rdelarna med och kostnaderna f\u00f6r de valda anslutningss\u00e4tten f\u00f6r tj\u00e4nsterna och j\u00e4mf\u00f6relse av olika alternativ valfria egenskaper hos tj\u00e4nster som inf\u00f6rs Viktigt \u2013 bed\u00f6m behovet av f\u00f6r\u00e4ndringar i din organisation: konsekvenser av inf\u00f6randet f\u00f6r [&hellip;]\" \/>\n<meta property=\"og:url\" content=\"https:\/\/www.luvatjavalvonta.fi\/sv\/utred\/\" \/>\n<meta property=\"og:site_name\" content=\"Luvat ja valvonta\" \/>\n<meta property=\"article:modified_time\" content=\"2023-06-28T10:30:59+00:00\" \/>\n<meta property=\"og:image\" content=\"https:\/\/luvatjavalvonta.fi\/content\/uploads\/2022\/11\/Selvita_vaihe1.png\" \/>\n<meta name=\"twitter:card\" content=\"summary_large_image\" \/>\n<meta name=\"twitter:label1\" content=\"Est. reading time\" \/>\n\t<meta name=\"twitter:data1\" content=\"5 minutes\" \/>\n<script type=\"application\/ld+json\" class=\"yoast-schema-graph\">{\"@context\":\"https:\/\/schema.org\",\"@graph\":[{\"@type\":\"WebPage\",\"@id\":\"https:\/\/www.luvatjavalvonta.fi\/sv\/utred\/\",\"url\":\"https:\/\/www.luvatjavalvonta.fi\/sv\/utred\/\",\"name\":\"Utred - Luvat ja valvonta\",\"isPartOf\":{\"@id\":\"http:\/\/54.75.134.196\/sv\/#website\"},\"primaryImageOfPage\":{\"@id\":\"https:\/\/www.luvatjavalvonta.fi\/sv\/utred\/#primaryimage\"},\"image\":{\"@id\":\"https:\/\/www.luvatjavalvonta.fi\/sv\/utred\/#primaryimage\"},\"thumbnailUrl\":\"https:\/\/luvatjavalvonta.fi\/content\/uploads\/2022\/11\/Selvita_vaihe1.png\",\"datePublished\":\"2023-01-03T11:40:40+00:00\",\"dateModified\":\"2023-06-28T10:30:59+00:00\",\"breadcrumb\":{\"@id\":\"https:\/\/www.luvatjavalvonta.fi\/sv\/utred\/#breadcrumb\"},\"inLanguage\":\"sv-SE\",\"potentialAction\":[{\"@type\":\"ReadAction\",\"target\":[\"https:\/\/www.luvatjavalvonta.fi\/sv\/utred\/\"]}]},{\"@type\":\"ImageObject\",\"inLanguage\":\"sv-SE\",\"@id\":\"https:\/\/www.luvatjavalvonta.fi\/sv\/utred\/#primaryimage\",\"url\":\"https:\/\/luvatjavalvonta.fi\/content\/uploads\/2022\/11\/Selvita_vaihe1.png\",\"contentUrl\":\"https:\/\/luvatjavalvonta.fi\/content\/uploads\/2022\/11\/Selvita_vaihe1.png\"},{\"@type\":\"BreadcrumbList\",\"@id\":\"https:\/\/www.luvatjavalvonta.fi\/sv\/utred\/#breadcrumb\",\"itemListElement\":[{\"@type\":\"ListItem\",\"position\":1,\"name\":\"Home\",\"item\":\"http:\/\/54.75.134.196\/sv\/\"},{\"@type\":\"ListItem\",\"position\":2,\"name\":\"Vanhat materiaalit\",\"item\":\"https:\/\/luvatjavalvonta.fi\/sv\/?page_id=7897\"},{\"@type\":\"ListItem\",\"position\":3,\"name\":\"Inf\u00f6rande av tj\u00e4nsten\",\"item\":\"https:\/\/luvatjavalvonta.fi\/sv\/?page_id=7565\"},{\"@type\":\"ListItem\",\"position\":4,\"name\":\"Utred\"}]},{\"@type\":\"WebSite\",\"@id\":\"http:\/\/54.75.134.196\/sv\/#website\",\"url\":\"http:\/\/54.75.134.196\/sv\/\",\"name\":\"Luvat ja valvonta\",\"description\":\"\",\"potentialAction\":[{\"@type\":\"SearchAction\",\"target\":{\"@type\":\"EntryPoint\",\"urlTemplate\":\"http:\/\/54.75.134.196\/sv\/?s={search_term_string}\"},\"query-input\":{\"@type\":\"PropertyValueSpecification\",\"valueRequired\":true,\"valueName\":\"search_term_string\"}}],\"inLanguage\":\"sv-SE\"}]}<\/script>\n<!-- \/ Yoast SEO plugin. -->","yoast_head_json":{"title":"Utred - Luvat ja valvonta","robots":{"index":"index","follow":"follow","max-snippet":"max-snippet:-1","max-image-preview":"max-image-preview:large","max-video-preview":"max-video-preview:-1"},"canonical":"https:\/\/www.luvatjavalvonta.fi\/sv\/utred\/","og_locale":"sv_SE","og_type":"article","og_title":"Utred - Luvat ja valvonta","og_description":"I utredningsstadiet utreder myndigheten vilka av myndighets tillst\u00e5nds- och tillsyns\u00e4renden som tillhandah\u00e5lls f\u00f6r kunder i tj\u00e4nsten Tillst\u00e5nd och tillsyn (inf\u00f6randets omfattning) f\u00f6rdelarna med och kostnaderna f\u00f6r de valda anslutningss\u00e4tten f\u00f6r tj\u00e4nsterna och j\u00e4mf\u00f6relse av olika alternativ valfria egenskaper hos tj\u00e4nster som inf\u00f6rs Viktigt \u2013 bed\u00f6m behovet av f\u00f6r\u00e4ndringar i din organisation: konsekvenser av inf\u00f6randet f\u00f6r [&hellip;]","og_url":"https:\/\/www.luvatjavalvonta.fi\/sv\/utred\/","og_site_name":"Luvat ja valvonta","article_modified_time":"2023-06-28T10:30:59+00:00","og_image":[{"url":"https:\/\/luvatjavalvonta.fi\/content\/uploads\/2022\/11\/Selvita_vaihe1.png","type":"","width":"","height":""}],"twitter_card":"summary_large_image","twitter_misc":{"Est. reading time":"5 minutes"},"schema":{"@context":"https:\/\/schema.org","@graph":[{"@type":"WebPage","@id":"https:\/\/www.luvatjavalvonta.fi\/sv\/utred\/","url":"https:\/\/www.luvatjavalvonta.fi\/sv\/utred\/","name":"Utred - Luvat ja valvonta","isPartOf":{"@id":"http:\/\/54.75.134.196\/sv\/#website"},"primaryImageOfPage":{"@id":"https:\/\/www.luvatjavalvonta.fi\/sv\/utred\/#primaryimage"},"image":{"@id":"https:\/\/www.luvatjavalvonta.fi\/sv\/utred\/#primaryimage"},"thumbnailUrl":"https:\/\/luvatjavalvonta.fi\/content\/uploads\/2022\/11\/Selvita_vaihe1.png","datePublished":"2023-01-03T11:40:40+00:00","dateModified":"2023-06-28T10:30:59+00:00","breadcrumb":{"@id":"https:\/\/www.luvatjavalvonta.fi\/sv\/utred\/#breadcrumb"},"inLanguage":"sv-SE","potentialAction":[{"@type":"ReadAction","target":["https:\/\/www.luvatjavalvonta.fi\/sv\/utred\/"]}]},{"@type":"ImageObject","inLanguage":"sv-SE","@id":"https:\/\/www.luvatjavalvonta.fi\/sv\/utred\/#primaryimage","url":"https:\/\/luvatjavalvonta.fi\/content\/uploads\/2022\/11\/Selvita_vaihe1.png","contentUrl":"https:\/\/luvatjavalvonta.fi\/content\/uploads\/2022\/11\/Selvita_vaihe1.png"},{"@type":"BreadcrumbList","@id":"https:\/\/www.luvatjavalvonta.fi\/sv\/utred\/#breadcrumb","itemListElement":[{"@type":"ListItem","position":1,"name":"Home","item":"http:\/\/54.75.134.196\/sv\/"},{"@type":"ListItem","position":2,"name":"Vanhat materiaalit","item":"https:\/\/luvatjavalvonta.fi\/sv\/?page_id=7897"},{"@type":"ListItem","position":3,"name":"Inf\u00f6rande av tj\u00e4nsten","item":"https:\/\/luvatjavalvonta.fi\/sv\/?page_id=7565"},{"@type":"ListItem","position":4,"name":"Utred"}]},{"@type":"WebSite","@id":"http:\/\/54.75.134.196\/sv\/#website","url":"http:\/\/54.75.134.196\/sv\/","name":"Luvat ja valvonta","description":"","potentialAction":[{"@type":"SearchAction","target":{"@type":"EntryPoint","urlTemplate":"http:\/\/54.75.134.196\/sv\/?s={search_term_string}"},"query-input":{"@type":"PropertyValueSpecification","valueRequired":true,"valueName":"search_term_string"}}],"inLanguage":"sv-SE"}]}},"_links":{"self":[{"href":"https:\/\/luvatjavalvonta.fi\/sv\/wp-json\/wp\/v2\/pages\/4807","targetHints":{"allow":["GET"]}}],"collection":[{"href":"https:\/\/luvatjavalvonta.fi\/sv\/wp-json\/wp\/v2\/pages"}],"about":[{"href":"https:\/\/luvatjavalvonta.fi\/sv\/wp-json\/wp\/v2\/types\/page"}],"author":[{"embeddable":true,"href":"https:\/\/luvatjavalvonta.fi\/sv\/wp-json\/wp\/v2\/users\/14"}],"replies":[{"embeddable":true,"href":"https:\/\/luvatjavalvonta.fi\/sv\/wp-json\/wp\/v2\/comments?post=4807"}],"version-history":[{"count":9,"href":"https:\/\/luvatjavalvonta.fi\/sv\/wp-json\/wp\/v2\/pages\/4807\/revisions"}],"predecessor-version":[{"id":5956,"href":"https:\/\/luvatjavalvonta.fi\/sv\/wp-json\/wp\/v2\/pages\/4807\/revisions\/5956"}],"up":[{"embeddable":true,"href":"https:\/\/luvatjavalvonta.fi\/sv\/wp-json\/wp\/v2\/pages\/7565"}],"wp:attachment":[{"href":"https:\/\/luvatjavalvonta.fi\/sv\/wp-json\/wp\/v2\/media?parent=4807"}],"curies":[{"name":"wp","href":"https:\/\/api.w.org\/{rel}","templated":true}]}}