{"id":4811,"date":"2023-01-03T13:41:09","date_gmt":"2023-01-03T11:41:09","guid":{"rendered":"https:\/\/luvatjavalvonta.fi\/besluta\/"},"modified":"2023-06-12T13:57:58","modified_gmt":"2023-06-12T10:57:58","slug":"besluta","status":"publish","type":"page","link":"https:\/\/luvatjavalvonta.fi\/sv\/besluta\/","title":{"rendered":"Besluta"},"content":{"rendered":"\n<hr class=\"wp-block-separator has-alpha-channel-opacity\"\/>\n\n\n\n<div class=\"wp-block-columns is-layout-flex wp-container-core-columns-is-layout-9d6595d7 wp-block-columns-is-layout-flex\">\n<div class=\"wp-block-column is-layout-flow wp-block-column-is-layout-flow\">\n<figure class=\"wp-block-image size-full\"><img loading=\"lazy\" decoding=\"async\" width=\"657\" height=\"658\" src=\"https:\/\/luvatjavalvonta.fi\/content\/uploads\/2022\/11\/Paata_vaihe1.png\" alt=\"\" class=\"wp-image-4009\" srcset=\"https:\/\/luvatjavalvonta.fi\/content\/uploads\/2022\/11\/Paata_vaihe1.png 657w, https:\/\/luvatjavalvonta.fi\/content\/uploads\/2022\/11\/Paata_vaihe1-300x300.png 300w, https:\/\/luvatjavalvonta.fi\/content\/uploads\/2022\/11\/Paata_vaihe1-150x150.png 150w, https:\/\/luvatjavalvonta.fi\/content\/uploads\/2022\/11\/Paata_vaihe1-200x200.png 200w\" sizes=\"auto, (max-width: 657px) 100vw, 657px\" \/><\/figure>\n<\/div>\n\n\n\n<div class=\"wp-block-column is-layout-flow wp-block-column-is-layout-flow\">\n<p>I beslutsstadiet granskar myndigheten olika alternativ f\u00f6r inf\u00f6randet och fattar beslut om inf\u00f6rande av tj\u00e4nsten Tillst\u00e5nd och tillsyn. Beslutet ska beredas utifr\u00e5n resultatet av utredningsstadiet baserat p\u00e5 information fr\u00e5n bland annat en kostnads-nyttoanalys (se utredningsstadiet). I beslutsstadiet ing\u00e5r ocks\u00e5 att uppst\u00e4llande av m\u00e5l och m\u00e4tning f\u00f6r\u00e4ndringens framg\u00e5ng. Nedan finns verktyg relaterade till beslutsfattande.<\/p>\n<\/div>\n<\/div>\n\n\n\n<h2>Checklista \u00f6ver uppgifter och verktyg<\/h2>\n<h3>Uppgifter i stadiet<\/h3>\n<ul>\n<li>Fastst\u00e4ll organisationen beslutsprocesser (hur beslut om inf\u00f6randet fattas) och agera enligt organisationens instruktioner<\/li>\n<li>Kartl\u00e4gga de intressenter som har ett betydande inflytande \u00f6ver inf\u00f6randet och s\u00e4kerst\u00e4ll deras deltagande i beslutsfattandet&nbsp;<\/li>\n<li>Utred k\u00e4nnedomen om tj\u00e4nsten Tillst\u00e5nd och tillsyn i organisationen \u2013 finns det ett behov av att presentera tj\u00e4nsten f\u00f6r ledningen\/organisationen?<\/li>\n<li>Bered dokumentationen relaterad till beslutsfattandet\n<ul>\n<li>Beslutsf\u00f6rslag med alternativ<\/li>\n<li>F\u00f6rdelar med och kostnader f\u00f6r inf\u00f6randet (kostnads-nyttoanalys) \u2013 detta anv\u00e4nds f\u00f6r att motivera olika alternativ<\/li>\n<li>Fastst\u00e4llande av m\u00e5l f\u00f6r och uppf\u00f6ljning av inf\u00f6randet (indikatorer)<\/li>\n<li>Prelimin\u00e4r plan f\u00f6r inf\u00f6randet (uppgiftshelheter, uppskattade resurser och uppgiftsl\u00e4ngd)<\/li>\n<li>Risker relaterade till inf\u00f6randet (prelimin\u00e4rt analyserade)<\/li>\n<\/ul>\n<\/li>\n<li>Efter beslutet \u2013 Beslut om att inf\u00f6ra tj\u00e4nsten Tillst\u00e5nd och tillsyn har fattats\n<ul>\n<li>Resurser f\u00f6r hela planeringen av inf\u00f6randet (k\u00e4rnteamet), kom \u00f6verens om att p\u00e5b\u00f6rja planeringen<\/li>\n<li>Informera (\u00e5tminstone) centrala intressenter om beslutet<\/li>\n<\/ul>\n<\/li>\n<li>Kom \u00f6verens om och s\u00e4kerst\u00e4ll styrningen av inf\u00f6randet (mall och instrukt\u00f6rer)&nbsp;<\/li>\n<\/ul>\n<h3>Verktyg i stadiet<\/h3>\n\n\n\n<div class=\"wp-block-columns is-layout-flex wp-container-core-columns-is-layout-9d6595d7 wp-block-columns-is-layout-flex\">\n<div class=\"wp-block-column is-layout-flow wp-block-column-is-layout-flow\">\n<h3 style=\"text-align: center;\"><a href=\"https:\/\/luvatjavalvonta.fi\/sv\/indikatorer-for-idrifttagning\/\"><img loading=\"lazy\" decoding=\"async\" class=\"aligncenter wp-image-3667\" src=\"https:\/\/luvatjavalvonta.fi\/content\/uploads\/2022\/09\/Muutosmittarit1-150x150.png\" alt=\"\" width=\"125\" height=\"125\" srcset=\"https:\/\/luvatjavalvonta.fi\/content\/uploads\/2022\/09\/Muutosmittarit1-150x150.png 150w, https:\/\/luvatjavalvonta.fi\/content\/uploads\/2022\/09\/Muutosmittarit1-300x300.png 300w, https:\/\/luvatjavalvonta.fi\/content\/uploads\/2022\/09\/Muutosmittarit1-199x200.png 199w, https:\/\/luvatjavalvonta.fi\/content\/uploads\/2022\/09\/Muutosmittarit1.png 666w\" sizes=\"auto, (max-width: 125px) 100vw, 125px\" \/><\/a><a href=\"https:\/\/luvatjavalvonta.fi\/sv\/indikatorer-for-idrifttagning\/\" data-wplink-edit=\"true\">Indikatorer \u203a<\/a><\/h3>\n<\/div>\n\n\n\n<div class=\"wp-block-column is-layout-flow wp-block-column-is-layout-flow\">\n<h3 style=\"text-align: center;\"><img loading=\"lazy\" decoding=\"async\" class=\"aligncenter wp-image-3648\" src=\"https:\/\/luvatjavalvonta.fi\/content\/uploads\/2022\/09\/Tunnustelu1-150x150.png\" alt=\"\" width=\"125\" height=\"125\" srcset=\"https:\/\/luvatjavalvonta.fi\/content\/uploads\/2022\/09\/Tunnustelu1-150x150.png 150w, https:\/\/luvatjavalvonta.fi\/content\/uploads\/2022\/09\/Tunnustelu1-300x300.png 300w, https:\/\/luvatjavalvonta.fi\/content\/uploads\/2022\/09\/Tunnustelu1-200x200.png 200w, https:\/\/luvatjavalvonta.fi\/content\/uploads\/2022\/09\/Tunnustelu1.png 668w\" sizes=\"auto, (max-width: 125px) 100vw, 125px\" \/>Analys av intressenter (p\u00e5 kommande) \u203a<\/h3>\n<\/div>\n\n\n\n<div class=\"wp-block-column is-layout-flow wp-block-column-is-layout-flow\"><\/div>\n<\/div>\n","protected":false},"excerpt":{"rendered":"<p>I beslutsstadiet granskar myndigheten olika alternativ f\u00f6r inf\u00f6randet och fattar beslut om inf\u00f6rande av tj\u00e4nsten Tillst\u00e5nd och tillsyn. Beslutet ska beredas utifr\u00e5n resultatet av utredningsstadiet baserat p\u00e5 information fr\u00e5n bland annat en kostnads-nyttoanalys (se utredningsstadiet). I beslutsstadiet ing\u00e5r ocks\u00e5 att uppst\u00e4llande av m\u00e5l och m\u00e4tning f\u00f6r\u00e4ndringens framg\u00e5ng. Nedan finns verktyg relaterade till beslutsfattande. Checklista \u00f6ver [&hellip;]<\/p>\n","protected":false},"author":14,"featured_media":0,"parent":7565,"menu_order":23,"comment_status":"closed","ping_status":"closed","template":"","meta":{"_acf_changed":false,"inline_featured_image":false,"footnotes":""},"class_list":["post-4811","page","type-page","status-publish","hentry"],"acf":{"ai_extra_content":"","ai_instructions":"","ai_hidden_page":false},"yoast_head":"<!-- This site is optimized with the Yoast SEO plugin v25.9 - https:\/\/yoast.com\/wordpress\/plugins\/seo\/ -->\n<title>Besluta - Luvat ja valvonta<\/title>\n<meta name=\"robots\" content=\"index, follow, max-snippet:-1, max-image-preview:large, max-video-preview:-1\" \/>\n<link rel=\"canonical\" href=\"https:\/\/luvatjavalvonta.fi\/sv\/besluta\/\" \/>\n<meta property=\"og:locale\" content=\"sv_SE\" \/>\n<meta property=\"og:type\" content=\"article\" \/>\n<meta property=\"og:title\" content=\"Besluta - Luvat ja valvonta\" \/>\n<meta property=\"og:description\" content=\"I beslutsstadiet granskar myndigheten olika alternativ f\u00f6r inf\u00f6randet och fattar beslut om inf\u00f6rande av tj\u00e4nsten Tillst\u00e5nd och tillsyn. Beslutet ska beredas utifr\u00e5n resultatet av utredningsstadiet baserat p\u00e5 information fr\u00e5n bland annat en kostnads-nyttoanalys (se utredningsstadiet). I beslutsstadiet ing\u00e5r ocks\u00e5 att uppst\u00e4llande av m\u00e5l och m\u00e4tning f\u00f6r\u00e4ndringens framg\u00e5ng. Nedan finns verktyg relaterade till beslutsfattande. Checklista \u00f6ver [&hellip;]\" \/>\n<meta property=\"og:url\" content=\"https:\/\/luvatjavalvonta.fi\/sv\/besluta\/\" \/>\n<meta property=\"og:site_name\" content=\"Luvat ja valvonta\" \/>\n<meta property=\"article:modified_time\" content=\"2023-06-12T10:57:58+00:00\" \/>\n<meta property=\"og:image\" content=\"https:\/\/luvatjavalvonta.fi\/content\/uploads\/2022\/11\/Paata_vaihe1.png\" \/>\n<meta name=\"twitter:card\" content=\"summary_large_image\" \/>\n<meta name=\"twitter:label1\" content=\"Est. reading time\" \/>\n\t<meta name=\"twitter:data1\" content=\"2 minutes\" \/>\n<script type=\"application\/ld+json\" class=\"yoast-schema-graph\">{\"@context\":\"https:\/\/schema.org\",\"@graph\":[{\"@type\":\"WebPage\",\"@id\":\"https:\/\/luvatjavalvonta.fi\/sv\/besluta\/\",\"url\":\"https:\/\/luvatjavalvonta.fi\/sv\/besluta\/\",\"name\":\"Besluta - Luvat ja valvonta\",\"isPartOf\":{\"@id\":\"http:\/\/54.75.134.196\/sv\/#website\"},\"primaryImageOfPage\":{\"@id\":\"https:\/\/luvatjavalvonta.fi\/sv\/besluta\/#primaryimage\"},\"image\":{\"@id\":\"https:\/\/luvatjavalvonta.fi\/sv\/besluta\/#primaryimage\"},\"thumbnailUrl\":\"https:\/\/luvatjavalvonta.fi\/content\/uploads\/2022\/11\/Paata_vaihe1.png\",\"datePublished\":\"2023-01-03T11:41:09+00:00\",\"dateModified\":\"2023-06-12T10:57:58+00:00\",\"breadcrumb\":{\"@id\":\"https:\/\/luvatjavalvonta.fi\/sv\/besluta\/#breadcrumb\"},\"inLanguage\":\"sv-SE\",\"potentialAction\":[{\"@type\":\"ReadAction\",\"target\":[\"https:\/\/luvatjavalvonta.fi\/sv\/besluta\/\"]}]},{\"@type\":\"ImageObject\",\"inLanguage\":\"sv-SE\",\"@id\":\"https:\/\/luvatjavalvonta.fi\/sv\/besluta\/#primaryimage\",\"url\":\"https:\/\/luvatjavalvonta.fi\/content\/uploads\/2022\/11\/Paata_vaihe1.png\",\"contentUrl\":\"https:\/\/luvatjavalvonta.fi\/content\/uploads\/2022\/11\/Paata_vaihe1.png\"},{\"@type\":\"BreadcrumbList\",\"@id\":\"https:\/\/luvatjavalvonta.fi\/sv\/besluta\/#breadcrumb\",\"itemListElement\":[{\"@type\":\"ListItem\",\"position\":1,\"name\":\"Home\",\"item\":\"http:\/\/54.75.134.196\/sv\/\"},{\"@type\":\"ListItem\",\"position\":2,\"name\":\"Vanhat materiaalit\",\"item\":\"https:\/\/luvatjavalvonta.fi\/sv\/?page_id=7897\"},{\"@type\":\"ListItem\",\"position\":3,\"name\":\"Inf\u00f6rande av tj\u00e4nsten\",\"item\":\"https:\/\/luvatjavalvonta.fi\/sv\/?page_id=7565\"},{\"@type\":\"ListItem\",\"position\":4,\"name\":\"Besluta\"}]},{\"@type\":\"WebSite\",\"@id\":\"http:\/\/54.75.134.196\/sv\/#website\",\"url\":\"http:\/\/54.75.134.196\/sv\/\",\"name\":\"Luvat ja valvonta\",\"description\":\"\",\"potentialAction\":[{\"@type\":\"SearchAction\",\"target\":{\"@type\":\"EntryPoint\",\"urlTemplate\":\"http:\/\/54.75.134.196\/sv\/?s={search_term_string}\"},\"query-input\":{\"@type\":\"PropertyValueSpecification\",\"valueRequired\":true,\"valueName\":\"search_term_string\"}}],\"inLanguage\":\"sv-SE\"}]}<\/script>\n<!-- \/ Yoast SEO plugin. -->","yoast_head_json":{"title":"Besluta - Luvat ja valvonta","robots":{"index":"index","follow":"follow","max-snippet":"max-snippet:-1","max-image-preview":"max-image-preview:large","max-video-preview":"max-video-preview:-1"},"canonical":"https:\/\/luvatjavalvonta.fi\/sv\/besluta\/","og_locale":"sv_SE","og_type":"article","og_title":"Besluta - Luvat ja valvonta","og_description":"I beslutsstadiet granskar myndigheten olika alternativ f\u00f6r inf\u00f6randet och fattar beslut om inf\u00f6rande av tj\u00e4nsten Tillst\u00e5nd och tillsyn. Beslutet ska beredas utifr\u00e5n resultatet av utredningsstadiet baserat p\u00e5 information fr\u00e5n bland annat en kostnads-nyttoanalys (se utredningsstadiet). I beslutsstadiet ing\u00e5r ocks\u00e5 att uppst\u00e4llande av m\u00e5l och m\u00e4tning f\u00f6r\u00e4ndringens framg\u00e5ng. Nedan finns verktyg relaterade till beslutsfattande. Checklista \u00f6ver [&hellip;]","og_url":"https:\/\/luvatjavalvonta.fi\/sv\/besluta\/","og_site_name":"Luvat ja valvonta","article_modified_time":"2023-06-12T10:57:58+00:00","og_image":[{"url":"https:\/\/luvatjavalvonta.fi\/content\/uploads\/2022\/11\/Paata_vaihe1.png","type":"","width":"","height":""}],"twitter_card":"summary_large_image","twitter_misc":{"Est. reading time":"2 minutes"},"schema":{"@context":"https:\/\/schema.org","@graph":[{"@type":"WebPage","@id":"https:\/\/luvatjavalvonta.fi\/sv\/besluta\/","url":"https:\/\/luvatjavalvonta.fi\/sv\/besluta\/","name":"Besluta - Luvat ja valvonta","isPartOf":{"@id":"http:\/\/54.75.134.196\/sv\/#website"},"primaryImageOfPage":{"@id":"https:\/\/luvatjavalvonta.fi\/sv\/besluta\/#primaryimage"},"image":{"@id":"https:\/\/luvatjavalvonta.fi\/sv\/besluta\/#primaryimage"},"thumbnailUrl":"https:\/\/luvatjavalvonta.fi\/content\/uploads\/2022\/11\/Paata_vaihe1.png","datePublished":"2023-01-03T11:41:09+00:00","dateModified":"2023-06-12T10:57:58+00:00","breadcrumb":{"@id":"https:\/\/luvatjavalvonta.fi\/sv\/besluta\/#breadcrumb"},"inLanguage":"sv-SE","potentialAction":[{"@type":"ReadAction","target":["https:\/\/luvatjavalvonta.fi\/sv\/besluta\/"]}]},{"@type":"ImageObject","inLanguage":"sv-SE","@id":"https:\/\/luvatjavalvonta.fi\/sv\/besluta\/#primaryimage","url":"https:\/\/luvatjavalvonta.fi\/content\/uploads\/2022\/11\/Paata_vaihe1.png","contentUrl":"https:\/\/luvatjavalvonta.fi\/content\/uploads\/2022\/11\/Paata_vaihe1.png"},{"@type":"BreadcrumbList","@id":"https:\/\/luvatjavalvonta.fi\/sv\/besluta\/#breadcrumb","itemListElement":[{"@type":"ListItem","position":1,"name":"Home","item":"http:\/\/54.75.134.196\/sv\/"},{"@type":"ListItem","position":2,"name":"Vanhat materiaalit","item":"https:\/\/luvatjavalvonta.fi\/sv\/?page_id=7897"},{"@type":"ListItem","position":3,"name":"Inf\u00f6rande av tj\u00e4nsten","item":"https:\/\/luvatjavalvonta.fi\/sv\/?page_id=7565"},{"@type":"ListItem","position":4,"name":"Besluta"}]},{"@type":"WebSite","@id":"http:\/\/54.75.134.196\/sv\/#website","url":"http:\/\/54.75.134.196\/sv\/","name":"Luvat ja valvonta","description":"","potentialAction":[{"@type":"SearchAction","target":{"@type":"EntryPoint","urlTemplate":"http:\/\/54.75.134.196\/sv\/?s={search_term_string}"},"query-input":{"@type":"PropertyValueSpecification","valueRequired":true,"valueName":"search_term_string"}}],"inLanguage":"sv-SE"}]}},"_links":{"self":[{"href":"https:\/\/luvatjavalvonta.fi\/sv\/wp-json\/wp\/v2\/pages\/4811","targetHints":{"allow":["GET"]}}],"collection":[{"href":"https:\/\/luvatjavalvonta.fi\/sv\/wp-json\/wp\/v2\/pages"}],"about":[{"href":"https:\/\/luvatjavalvonta.fi\/sv\/wp-json\/wp\/v2\/types\/page"}],"author":[{"embeddable":true,"href":"https:\/\/luvatjavalvonta.fi\/sv\/wp-json\/wp\/v2\/users\/14"}],"replies":[{"embeddable":true,"href":"https:\/\/luvatjavalvonta.fi\/sv\/wp-json\/wp\/v2\/comments?post=4811"}],"version-history":[{"count":3,"href":"https:\/\/luvatjavalvonta.fi\/sv\/wp-json\/wp\/v2\/pages\/4811\/revisions"}],"predecessor-version":[{"id":5732,"href":"https:\/\/luvatjavalvonta.fi\/sv\/wp-json\/wp\/v2\/pages\/4811\/revisions\/5732"}],"up":[{"embeddable":true,"href":"https:\/\/luvatjavalvonta.fi\/sv\/wp-json\/wp\/v2\/pages\/7565"}],"wp:attachment":[{"href":"https:\/\/luvatjavalvonta.fi\/sv\/wp-json\/wp\/v2\/media?parent=4811"}],"curies":[{"name":"wp","href":"https:\/\/api.w.org\/{rel}","templated":true}]}}