{"id":4817,"date":"2023-01-03T13:42:01","date_gmt":"2023-01-03T11:42:01","guid":{"rendered":"https:\/\/luvatjavalvonta.fi\/genomfor\/"},"modified":"2023-06-29T13:39:20","modified_gmt":"2023-06-29T10:39:20","slug":"genomfor","status":"publish","type":"page","link":"https:\/\/luvatjavalvonta.fi\/sv\/genomfor\/","title":{"rendered":"Genomf\u00f6r"},"content":{"rendered":"\n<hr class=\"wp-block-separator has-alpha-channel-opacity\"\/>\n\n\n\n<div class=\"wp-block-columns is-layout-flex wp-container-core-columns-is-layout-9d6595d7 wp-block-columns-is-layout-flex\">\n<div class=\"wp-block-column is-layout-flow wp-block-column-is-layout-flow\"><div class=\"wp-block-image\">\n<figure class=\"aligncenter size-full\"><img loading=\"lazy\" decoding=\"async\" width=\"657\" height=\"655\" src=\"https:\/\/luvatjavalvonta.fi\/content\/uploads\/2022\/11\/Toteuta_vaihe1.png\" alt=\"\" class=\"wp-image-4017\" srcset=\"https:\/\/luvatjavalvonta.fi\/content\/uploads\/2022\/11\/Toteuta_vaihe1.png 657w, https:\/\/luvatjavalvonta.fi\/content\/uploads\/2022\/11\/Toteuta_vaihe1-300x300.png 300w, https:\/\/luvatjavalvonta.fi\/content\/uploads\/2022\/11\/Toteuta_vaihe1-150x150.png 150w, https:\/\/luvatjavalvonta.fi\/content\/uploads\/2022\/11\/Toteuta_vaihe1-201x200.png 201w\" sizes=\"auto, (max-width: 657px) 100vw, 657px\" \/><\/figure><\/div><\/div>\n\n\n\n<div class=\"wp-block-column is-layout-flow wp-block-column-is-layout-flow\">\n<p>Syftet med genomf\u00f6randestadiet \u00e4r att s\u00e4kerst\u00e4lla den kompetens som organisationen beh\u00f6ver f\u00f6r ett smidigt inf\u00f6rande. Genomf\u00f6randet sker planenligt och ska f\u00f6ljas upp regelbundet enligt organisationens riktlinjer. Effektiv uppf\u00f6ljning baserar sig p\u00e5 bed\u00f6mning av verksamhetens kvalitet och resultaten av genomf\u00f6randet, dvs. om resultaten \u00e4r tillr\u00e4ckliga med tanke p\u00e5 inf\u00f6randet eller om personalen \u00e4r redo f\u00f6r en ny typ av verksamhet.&nbsp;<\/p>\n<\/div>\n<\/div>\n\n\n\n<p>Under genomf\u00f6randet<\/p>\n<ul>\n<li>g\u00f6rs relevanta f\u00f6r\u00e4ndringar i serviceprocesserna med tanke p\u00e5 inf\u00f6randet<\/li>\n<li>f\u00f6rbereds kundhandledningen med tanke p\u00e5 inf\u00f6randet<\/li>\n<li>kontrolleras instruktionerna f\u00f6r personalen och utbilda personalen<\/li>\n<li>s\u00e4kerst\u00e4lls personalens anv\u00e4ndning av tj\u00e4nsten Tillst\u00e5nd och tillsyn (inloggning och fullmakter)<\/li>\n<li>utvecklas adekvat systemf\u00f6rm\u00e5ga (integrations- eller programvarurobotik)<\/li>\n<li>planeras inf\u00f6randet<\/li>\n<li>utf\u00f6rs test (tekniska, funktionella och godk\u00e4nnande)<\/li>\n<li>fattas beslut om \u00f6verg\u00e5ng till idrifttagningsstadiet<\/li>\n<li>informeras intressenterna (kunderna, personalen, \u00f6vriga) om inf\u00f6randet\u00a0<\/li>\n<\/ul>\n<p>Vi har tagit fram en checklista f\u00f6r myndigheterna som inf\u00f6r tj\u00e4nsten och som kan anv\u00e4ndas under vid inf\u00f6randet. Den kan kompletteras med organisationens egna \u00e5tg\u00e4rder f\u00f6r inf\u00f6rande. Verktyget finns i verktygsavsnittet l\u00e4ngst ner p\u00e5 denna sida.<\/p>\n<h2>F\u00f6r\u00e4ndringar i serviceprocessen<\/h2>\n<p>N\u00e4r tj\u00e4nsten Tillst\u00e5nd och tillsyn inf\u00f6rs i myndighetens serviceverksamhet ska den anpassas till myndighetens serviceprocesser. F\u00f6r\u00e4ndringar beh\u00f6vs \u00e5tminstone i kundhandledningen av de tj\u00e4nster som inf\u00f6rs, handl\u00e4ggningen av \u00e4renden och \u00f6verf\u00f6ringen av information om \u00e4rendestatus mellan myndigheten och tj\u00e4nsten Tillst\u00e5nd och tillsyn (s\u00e4rskilt n\u00e4r man anv\u00e4nder tj\u00e4nstens f\u00f6renklade version), samarbete mellan myndigheter, kundkommunikation, anv\u00e4ndning av tj\u00e4nstens gemensamma kundprojektvy samt tj\u00e4nstens inloggningspraxis. Dessa f\u00f6r\u00e4ndringsbehov p\u00e5verkar det som m\u00e5ste g\u00f6ras vid inf\u00f6randet.<\/p>\n<h2>Kundhandledning<\/h2>\n<p>Kundhandledningen s\u00e4kerst\u00e4ller att kunden hittar myndighetens service p\u00e5 r\u00e4tt st\u00e4lle. N\u00e4r tj\u00e4nsten Tillst\u00e5nd och tillsyn har inf\u00f6rts ska \u00e4ven myndigheten h\u00e4nvisa kunder till tj\u00e4nsten. Handledning kan ges fr\u00e5n flera h\u00e5ll, men \u00e5tminstone i Suomi.fi-servicedatalagret och i Suomi.fi-webbtj\u00e4nsten b\u00f6r ha h\u00e4nvisning fr\u00e5n myndighetehs tj\u00e4nst till tj\u00e4nsten Tillst\u00e5nd och tillsyn ytterligare beh\u00f6vs en beskrivning av tj\u00e4nsten som tillhandah\u00e5lls av myndigheten med relevanta spr\u00e5kversioner. Handledning kan \u00e4ven ges p\u00e5 myndighetens webbplats eller andra servicekanaler.<\/p>\n<h2>Personal<\/h2>\n<p>Vid inf\u00f6randet b\u00f6r myndighetens personal f\u00e5 tillr\u00e4ckliga operativa instruktioner, verktyg och utbildning om den nya operativa modellen och anv\u00e4ndningen av tj\u00e4nsten Tillst\u00e5nd och tillsyn. Detta s\u00e4kerst\u00e4ller ett framg\u00e5ngsrikt inf\u00f6rande och f\u00f6rebygger att de tj\u00e4nster som inf\u00f6rs blir oklara f\u00f6r b\u00e5de kunden och organisationen.\u00a0\u00a0<\/p>\n<h3>Inloggning och fullmakter<\/h3>\n<p>Kundens och myndighetens anv\u00e4ndning av tj\u00e4nsten Tillst\u00e5nd och tillsyn kr\u00e4ver inloggning. Vid inloggning identifieras anv\u00e4ndarna och samtidigt kontrolleras deras r\u00e4tt att agera som myndighet i tj\u00e4nsten. Vid genomf\u00f6randet g\u00f6r myndigheten det m\u00f6jligt f\u00f6r sina tj\u00e4nstem\u00e4n att logga in i tj\u00e4nsten genom att verifiera inloggningsmetoden som anv\u00e4nds av organisationen: Suomi.fi eller Virtu.<\/p>\n<h3>Instruktioner och utbildningar<\/h3>\n<p>F\u00f6re inf\u00f6randet b\u00f6r organisationen modifiera de instruktioner som styr verksamheten i enlighet med de nya rutinerna. Instruktionerna ska st\u00f6dja personalen i inf\u00f6randet och anv\u00e4ndningen av de nya rutinerna, vilket m\u00f6jligg\u00f6r kontinuitet i serviceverksamheten.<\/p>\n<p>Det g\u00e4ller att b\u00f6rja utbildningar i slutet av genomf\u00f6randet, s\u00e5 att utbildningen och inf\u00f6randet av tj\u00e4nsten ligger tidsm\u00e4ssigt s\u00e5 n\u00e4ra varandra som m\u00f6jligt. Allm\u00e4nt utbildningsmaterial om tj\u00e4nsten finns bakom l\u00e4nkarna l\u00e4ngst ner p\u00e5 sidan.\u00a0<\/p>\n<h2>E-tj\u00e4nster och system<\/h2>\n<p>Om Elektronisk data\u00f6verf\u00f6ring (integration) eller F\u00f6renklade tj\u00e4nster har valts som anslutningss\u00e4tt f\u00f6r tj\u00e4nster som inf\u00f6rs genom programvarurobotik (robotik anv\u00e4nds f\u00f6r att \u00f6verf\u00f6ra uppgifter relaterade till \u00e4renden fr\u00e5n tj\u00e4nsten Tillst\u00e5nd och tillsyn till myndighetens e-tj\u00e4nst) ska myndigheten utveckla och testa dessa tekniska l\u00f6sningar f\u00f6re inf\u00f6randet.\u00a0<\/p>\n<p>F\u00f6renklade tj\u00e4nster som anslutningsmetod, d\u00e4r handl\u00e4ggaren \u00f6verf\u00f6r uppgifter om \u00e4renden fr\u00e5n tj\u00e4nsten Tillst\u00e5nd och tillsyn till myndighetens e-tj\u00e4nst, kr\u00e4ver inte n\u00f6dv\u00e4ndigtvis f\u00f6r\u00e4ndringar i myndighetens e-tj\u00e4nster eller system.<\/p>\n<p>Information om anslutningss\u00e4tt och tekniska gr\u00e4nssnittsbeskrivningar finns i avsnittet <strong><a href=\"https:\/\/luvatjavalvonta.fi\/sv\/information-om-tjansten\/anslutningssatt\/\">Anslutningss\u00e4tt<\/a><\/strong>.<\/p>\n<h3>Sammanst\u00e4llning av information om valda tj\u00e4nster<\/h3>\n<p>Anslutningsuppgifterna f\u00f6r myndighetens tj\u00e4nster sammanst\u00e4lls p\u00e5 anslutningsblanketten f\u00f6r tj\u00e4nsten Tillst\u00e5nd och tillsyn. Blanketten skickas till tj\u00e4nsten, d\u00e4r servicehanteringen f\u00f6r tj\u00e4nsten Tillst\u00e5nd och tillsyn justerar inst\u00e4llningarna f\u00f6r att m\u00f6jligg\u00f6ra tj\u00e4nsterna. Detaljerade instruktioner finns p\u00e5 sidan <strong><a href=\"https:\/\/luvatjavalvonta.fi\/sv\/uppgifterna-for-anslutning\/\">Uppgifter f\u00f6r anslutning till tj\u00e4nsten<\/a><\/strong>.<\/p>\n<h2>Uppgifter och instruktioner f\u00f6r anslutning till tj\u00e4nsten<\/h2>\n<p><strong><a href=\"https:\/\/luvatjavalvonta.fi\/sv\/uppgifterna-for-anslutning\/\">Bakom l\u00e4nken Uppgifter f\u00f6r anslutning till tj\u00e4nsten<\/a><\/strong> finns myndighetsspecifika \u00e5tg\u00e4rder och instruktioner f\u00f6r inloggning i tj\u00e4nsten, anpassning av fullmaktshanteringen till din organisation och sammanst\u00e4llning av \u00e4rendespecifika uppgifter.<\/p>\n<h2>Planering av stadiet Inf\u00f6r<\/h2>\n<p>Stadiet Inf\u00f6r b\u00f6r planeras i detalj, eftersom dessa uppgifter har en exakt ordningsf\u00f6ljd och en begr\u00e4nsad tid f\u00f6r att slutf\u00f6ra dem. I planeringen g\u00e4ller det att s\u00e4rskilt beakta kommunikationen mellan olika akt\u00f6rer och \u00e4ven t\u00e4nka p\u00e5 m\u00f6jliga backupplaner f\u00f6r de mest kritiska funktionerna. Vi har sammanst\u00e4llt de allm\u00e4nna uppgifterna f\u00f6r inf\u00f6randestadiet p\u00e5 checklistan l\u00e4ngst ner p\u00e5 sidan.\u00a0<\/p>\n<h2>Kommunikation<\/h2>\n<p>Kommunikation \u00e4r viktig vid f\u00f6ljande inf\u00f6randestadium. Med tanke p\u00e5 en smidig verksamhet \u00e4r det av st\u00f6rsta vikt att de parter i organisationen som \u00e4r involverade i inf\u00f6randet \u00e4r medvetna om hur inf\u00f6randet framskrider. Vikten av kommunikation accentueras om man m\u00e5ste avvika fr\u00e5n den fastst\u00e4llda planen.<\/p>\n<p>D\u00e4rf\u00f6r b\u00f6r kommunikation planeras i f\u00f6rv\u00e4g. Den relevanta kommunikationsplanen och det relaterade materialet b\u00f6r utarbetas i f\u00f6rv\u00e4g, eftersom det ofta inte finns tillr\u00e4ckligt med tid f\u00f6r det i inf\u00f6randestadiet.<\/p>\n<p>Vad kan och b\u00f6r man vara f\u00f6rberedd p\u00e5 i kommunikationen? Svar p\u00e5 kommunikations- och verktygsfr\u00e5gor finns bakom l\u00e4nken l\u00e4ngst ner p\u00e5 denna sida.<\/p>\n<h2>Testning och godk\u00e4nnande<\/h2>\n<p>Inf\u00f6randet tj\u00e4nsten Tillst\u00e5nd och tillsyn omfattar tv\u00e5 typer av testning:<\/p>\n<ul>\n<li>teknisk testning, som testar integrationens tekniska funktioner hos integrationen eller inf\u00f6randet av blankettrobotik som \u00e4r inbyggd i tj\u00e4nsten eller systemet<\/li>\n<li>funktionell testning inf\u00f6r godk\u00e4nnande, d\u00e4r serviceprocesspersonalens agerande och tekniska l\u00f6sningar som en enhetlig tj\u00e4nsteleverant\u00f6r testas (s\u00e4kerst\u00e4ller tj\u00e4nstens funktion)<\/li>\n<\/ul>\n<p>Det \u00e4r motiverat att anteckna resultaten av testningen och godk\u00e4nnandet: vad som \u00e4r helt f\u00e4rdigt och vad som fortfarande m\u00e5ste \u00e5tg\u00e4rdas och hur detta senare p\u00e5verkar anv\u00e4ndningen av tj\u00e4nsten. Utifr\u00e5n denna information fattas beslut om att starta inf\u00f6randet.<\/p>\n<h2>Beslut om att starta inf\u00f6randet<\/h2>\n<p>Detta beslut b\u00f6r fattas utifr\u00e5n testresultaten, s\u00e5 att man \u00e4r medveten om hur inf\u00f6randet p\u00e5verkar<\/p>\n<ul>\n<li>organisationen: personal och systemdrift<\/li>\n<li>och kundernas serviceupplevelse.<\/li>\n<\/ul>\n<p>F\u00f6r beslutsfattande b\u00f6r \u00e5tminstone data relaterade till testning och godk\u00e4nnande samlas in, liksom en plan f\u00f6r inf\u00f6randet. Det \u00e4r ocks\u00e5 motiverat att bed\u00f6ma riskerna relaterade till inf\u00f6randet. Utifr\u00e5n denna information kan beslut om inf\u00f6rande fattas.<\/p>\n<h2>Checklista \u00f6ver uppgifter och verktyg<\/h2>\n<h3>Uppgifter i stadiet<\/h3>\n<p>Den mest helt\u00e4ckande listan \u00f6ver uppgifter vid inf\u00f6rande finns i den inf\u00f6randeplan som organisationen uppr\u00e4ttat. Uppgifter som \u00e5tminstone m\u00e5ste vara slutf\u00f6rda innan man g\u00e5r vidare till n\u00e4sta steg har sammanst\u00e4llts h\u00e4r.<\/p>\n<ul>\n<li>uppgifter relaterade till f\u00f6r\u00e4ndringar i serviceprocessen\n<ul>\n<li>granskning av processen med tanke p\u00e5 dagliga uppgifter och n\u00f6dv\u00e4ndiga \u00e4ndringar av processbeskrivningen<\/li>\n<li>uppdatering av instruktionerna<\/li>\n<li>registrering av n\u00f6dv\u00e4ndiga system\u00e4ndringar<\/li>\n<li>kartl\u00e4ggning av utbildningsbehov<\/li>\n<\/ul>\n<\/li>\n<li>kommunikation\n<ul>\n<li>kommunikationsplan och m\u00e5lgrupper<\/li>\n<li>kommunikationsinneh\u00e5ll<\/li>\n<li>annan relevant kommunikationsf\u00f6rm\u00e5ga<\/li>\n<\/ul>\n<\/li>\n<li>n\u00f6dv\u00e4ndiga supporttj\u00e4nster\n<ul>\n<li>f\u00f6r inf\u00f6rande<\/li>\n<li>f\u00f6r l\u00f6pande tj\u00e4nster\u00a0<\/li>\n<\/ul>\n<\/li>\n<li>f\u00f6rberedelser f\u00f6r kundhandledning n\u00e4r tj\u00e4nsterna f\u00f6r\u00e4ndras\n<ul>\n<li>Suomi.fi-servicedatalagrets servicebeskrivningar<\/li>\n<li>myndighetens kundhandledning och informationstj\u00e4nster (bl.a. webbplatser)<\/li>\n<\/ul>\n<\/li>\n<li><a href=\"https:\/\/luvatjavalvonta.fi\/sv\/uppgifterna-for-anslutning\/\">uppgifter relaterade till anslutning till tj\u00e4nsten<\/a>\n<ul>\n<li>\u00e5tg\u00e4rder relaterade till myndighetsspecifika inloggningsmetoder<\/li>\n<li>personalens f\u00f6rm\u00e5ga att logga in i och anv\u00e4nda tj\u00e4nsten<\/li>\n<li>anslutning av \u00e4renden till tj\u00e4nsten\n<ul>\n<li>uppgifter om tj\u00e4nster p\u00e5 anslutningsblanketten<\/li>\n<li>s\u00e4ndning och uppf\u00f6ljning av blanketten<\/li>\n<\/ul>\n<\/li>\n<\/ul>\n<\/li>\n<li>planering och ordnande av relevanta informationsm\u00f6ten<\/li>\n<li>genomf\u00f6rande av relevant systemf\u00f6rm\u00e5ga\n<ul>\n<li>integration eller blankettrobotik mellan myndighetens e-tj\u00e4nster och tj\u00e4nsten Tillst\u00e5nd och tillsyn<\/li>\n<li>genomf\u00f6rande av andra planerade \u00e4ndringsbehov<\/li>\n<\/ul>\n<\/li>\n<li>Plan f\u00f6r inf\u00f6randet<\/li>\n<li>Testning som ny verksamhet kr\u00e4ver\n<ul>\n<li>teknisk testning<\/li>\n<li>funktionell testning (E2E)<\/li>\n<li>Godk\u00e4nnande och \u00e5tg\u00e4rdande av brister samt registreringar<\/li>\n<\/ul>\n<\/li>\n<li>Beslut om att \u00f6verg\u00e5 till inf\u00f6randet<\/li>\n<\/ul>\n<h3>Instruktioner och verktyg f\u00f6r stadiet<\/h3>\n\n\n\n<div class=\"wp-block-columns is-layout-flex wp-container-core-columns-is-layout-9d6595d7 wp-block-columns-is-layout-flex\">\n<div class=\"wp-block-column is-layout-flow wp-block-column-is-layout-flow\">\n<p><a href=\"https:\/\/luvatjavalvonta.fi\/sv\/uppgifterna-for-anslutning\/\"><img loading=\"lazy\" decoding=\"async\" class=\"aligncenter wp-image-2799\" src=\"https:\/\/luvatjavalvonta.fi\/content\/uploads\/2022\/08\/Kayttoonotto_1-150x150.png\" alt=\"\" width=\"125\" height=\"125\" srcset=\"https:\/\/luvatjavalvonta.fi\/content\/uploads\/2022\/08\/Kayttoonotto_1-150x150.png 150w, https:\/\/luvatjavalvonta.fi\/content\/uploads\/2022\/08\/Kayttoonotto_1-300x300.png 300w, https:\/\/luvatjavalvonta.fi\/content\/uploads\/2022\/08\/Kayttoonotto_1-201x200.png 201w, https:\/\/luvatjavalvonta.fi\/content\/uploads\/2022\/08\/Kayttoonotto_1.png 664w\" sizes=\"auto, (max-width: 125px) 100vw, 125px\" \/><\/a><\/p>\n<h3 style=\"text-align: center;\"><a href=\"https:\/\/luvatjavalvonta.fi\/sv\/uppgifterna-for-anslutning\/\">Myndighetsspecifika uppgifter f\u00f6r anslutning till tj\u00e4nsten \u203a<\/a><\/h3>\n<\/div>\n\n\n\n<div class=\"wp-block-column is-layout-flow wp-block-column-is-layout-flow\"><\/div>\n\n\n\n<div class=\"wp-block-column is-layout-flow wp-block-column-is-layout-flow\"><\/div>\n<\/div>\n","protected":false},"excerpt":{"rendered":"<p>Syftet med genomf\u00f6randestadiet \u00e4r att s\u00e4kerst\u00e4lla den kompetens som organisationen beh\u00f6ver f\u00f6r ett smidigt inf\u00f6rande. Genomf\u00f6randet sker planenligt och ska f\u00f6ljas upp regelbundet enligt organisationens riktlinjer. Effektiv uppf\u00f6ljning baserar sig p\u00e5 bed\u00f6mning av verksamhetens kvalitet och resultaten av genomf\u00f6randet, dvs. om resultaten \u00e4r tillr\u00e4ckliga med tanke p\u00e5 inf\u00f6randet eller om personalen \u00e4r redo f\u00f6r en [&hellip;]<\/p>\n","protected":false},"author":14,"featured_media":0,"parent":7565,"menu_order":27,"comment_status":"closed","ping_status":"closed","template":"","meta":{"_acf_changed":false,"inline_featured_image":false,"footnotes":""},"class_list":["post-4817","page","type-page","status-publish","hentry"],"acf":{"ai_extra_content":"","ai_instructions":"","ai_hidden_page":false},"yoast_head":"<!-- This site is optimized with the Yoast SEO plugin v25.9 - https:\/\/yoast.com\/wordpress\/plugins\/seo\/ -->\n<title>Genomf\u00f6r - Luvat ja valvonta<\/title>\n<meta name=\"robots\" content=\"index, follow, max-snippet:-1, max-image-preview:large, max-video-preview:-1\" \/>\n<link rel=\"canonical\" href=\"https:\/\/luvatjavalvonta.fi\/sv\/genomfor\/\" \/>\n<meta property=\"og:locale\" content=\"sv_SE\" \/>\n<meta property=\"og:type\" content=\"article\" \/>\n<meta property=\"og:title\" content=\"Genomf\u00f6r - Luvat ja valvonta\" \/>\n<meta property=\"og:description\" content=\"Syftet med genomf\u00f6randestadiet \u00e4r att s\u00e4kerst\u00e4lla den kompetens som organisationen beh\u00f6ver f\u00f6r ett smidigt inf\u00f6rande. Genomf\u00f6randet sker planenligt och ska f\u00f6ljas upp regelbundet enligt organisationens riktlinjer. Effektiv uppf\u00f6ljning baserar sig p\u00e5 bed\u00f6mning av verksamhetens kvalitet och resultaten av genomf\u00f6randet, dvs. om resultaten \u00e4r tillr\u00e4ckliga med tanke p\u00e5 inf\u00f6randet eller om personalen \u00e4r redo f\u00f6r en [&hellip;]\" \/>\n<meta property=\"og:url\" content=\"https:\/\/luvatjavalvonta.fi\/sv\/genomfor\/\" \/>\n<meta property=\"og:site_name\" content=\"Luvat ja valvonta\" \/>\n<meta property=\"article:modified_time\" content=\"2023-06-29T10:39:20+00:00\" \/>\n<meta property=\"og:image\" content=\"https:\/\/luvatjavalvonta.fi\/content\/uploads\/2022\/11\/Toteuta_vaihe1.png\" \/>\n<meta name=\"twitter:card\" content=\"summary_large_image\" \/>\n<meta name=\"twitter:label1\" content=\"Est. reading time\" \/>\n\t<meta name=\"twitter:data1\" content=\"8 minutes\" \/>\n<script type=\"application\/ld+json\" class=\"yoast-schema-graph\">{\"@context\":\"https:\/\/schema.org\",\"@graph\":[{\"@type\":\"WebPage\",\"@id\":\"https:\/\/luvatjavalvonta.fi\/sv\/genomfor\/\",\"url\":\"https:\/\/luvatjavalvonta.fi\/sv\/genomfor\/\",\"name\":\"Genomf\u00f6r - Luvat ja valvonta\",\"isPartOf\":{\"@id\":\"http:\/\/54.75.134.196\/sv\/#website\"},\"primaryImageOfPage\":{\"@id\":\"https:\/\/luvatjavalvonta.fi\/sv\/genomfor\/#primaryimage\"},\"image\":{\"@id\":\"https:\/\/luvatjavalvonta.fi\/sv\/genomfor\/#primaryimage\"},\"thumbnailUrl\":\"https:\/\/luvatjavalvonta.fi\/content\/uploads\/2022\/11\/Toteuta_vaihe1.png\",\"datePublished\":\"2023-01-03T11:42:01+00:00\",\"dateModified\":\"2023-06-29T10:39:20+00:00\",\"breadcrumb\":{\"@id\":\"https:\/\/luvatjavalvonta.fi\/sv\/genomfor\/#breadcrumb\"},\"inLanguage\":\"sv-SE\",\"potentialAction\":[{\"@type\":\"ReadAction\",\"target\":[\"https:\/\/luvatjavalvonta.fi\/sv\/genomfor\/\"]}]},{\"@type\":\"ImageObject\",\"inLanguage\":\"sv-SE\",\"@id\":\"https:\/\/luvatjavalvonta.fi\/sv\/genomfor\/#primaryimage\",\"url\":\"https:\/\/luvatjavalvonta.fi\/content\/uploads\/2022\/11\/Toteuta_vaihe1.png\",\"contentUrl\":\"https:\/\/luvatjavalvonta.fi\/content\/uploads\/2022\/11\/Toteuta_vaihe1.png\"},{\"@type\":\"BreadcrumbList\",\"@id\":\"https:\/\/luvatjavalvonta.fi\/sv\/genomfor\/#breadcrumb\",\"itemListElement\":[{\"@type\":\"ListItem\",\"position\":1,\"name\":\"Home\",\"item\":\"http:\/\/54.75.134.196\/sv\/\"},{\"@type\":\"ListItem\",\"position\":2,\"name\":\"Vanhat materiaalit\",\"item\":\"https:\/\/luvatjavalvonta.fi\/sv\/?page_id=7897\"},{\"@type\":\"ListItem\",\"position\":3,\"name\":\"Inf\u00f6rande av tj\u00e4nsten\",\"item\":\"https:\/\/luvatjavalvonta.fi\/sv\/?page_id=7565\"},{\"@type\":\"ListItem\",\"position\":4,\"name\":\"Genomf\u00f6r\"}]},{\"@type\":\"WebSite\",\"@id\":\"http:\/\/54.75.134.196\/sv\/#website\",\"url\":\"http:\/\/54.75.134.196\/sv\/\",\"name\":\"Luvat ja valvonta\",\"description\":\"\",\"potentialAction\":[{\"@type\":\"SearchAction\",\"target\":{\"@type\":\"EntryPoint\",\"urlTemplate\":\"http:\/\/54.75.134.196\/sv\/?s={search_term_string}\"},\"query-input\":{\"@type\":\"PropertyValueSpecification\",\"valueRequired\":true,\"valueName\":\"search_term_string\"}}],\"inLanguage\":\"sv-SE\"}]}<\/script>\n<!-- \/ Yoast SEO plugin. -->","yoast_head_json":{"title":"Genomf\u00f6r - Luvat ja valvonta","robots":{"index":"index","follow":"follow","max-snippet":"max-snippet:-1","max-image-preview":"max-image-preview:large","max-video-preview":"max-video-preview:-1"},"canonical":"https:\/\/luvatjavalvonta.fi\/sv\/genomfor\/","og_locale":"sv_SE","og_type":"article","og_title":"Genomf\u00f6r - Luvat ja valvonta","og_description":"Syftet med genomf\u00f6randestadiet \u00e4r att s\u00e4kerst\u00e4lla den kompetens som organisationen beh\u00f6ver f\u00f6r ett smidigt inf\u00f6rande. Genomf\u00f6randet sker planenligt och ska f\u00f6ljas upp regelbundet enligt organisationens riktlinjer. Effektiv uppf\u00f6ljning baserar sig p\u00e5 bed\u00f6mning av verksamhetens kvalitet och resultaten av genomf\u00f6randet, dvs. om resultaten \u00e4r tillr\u00e4ckliga med tanke p\u00e5 inf\u00f6randet eller om personalen \u00e4r redo f\u00f6r en [&hellip;]","og_url":"https:\/\/luvatjavalvonta.fi\/sv\/genomfor\/","og_site_name":"Luvat ja valvonta","article_modified_time":"2023-06-29T10:39:20+00:00","og_image":[{"url":"https:\/\/luvatjavalvonta.fi\/content\/uploads\/2022\/11\/Toteuta_vaihe1.png","type":"","width":"","height":""}],"twitter_card":"summary_large_image","twitter_misc":{"Est. reading time":"8 minutes"},"schema":{"@context":"https:\/\/schema.org","@graph":[{"@type":"WebPage","@id":"https:\/\/luvatjavalvonta.fi\/sv\/genomfor\/","url":"https:\/\/luvatjavalvonta.fi\/sv\/genomfor\/","name":"Genomf\u00f6r - Luvat ja valvonta","isPartOf":{"@id":"http:\/\/54.75.134.196\/sv\/#website"},"primaryImageOfPage":{"@id":"https:\/\/luvatjavalvonta.fi\/sv\/genomfor\/#primaryimage"},"image":{"@id":"https:\/\/luvatjavalvonta.fi\/sv\/genomfor\/#primaryimage"},"thumbnailUrl":"https:\/\/luvatjavalvonta.fi\/content\/uploads\/2022\/11\/Toteuta_vaihe1.png","datePublished":"2023-01-03T11:42:01+00:00","dateModified":"2023-06-29T10:39:20+00:00","breadcrumb":{"@id":"https:\/\/luvatjavalvonta.fi\/sv\/genomfor\/#breadcrumb"},"inLanguage":"sv-SE","potentialAction":[{"@type":"ReadAction","target":["https:\/\/luvatjavalvonta.fi\/sv\/genomfor\/"]}]},{"@type":"ImageObject","inLanguage":"sv-SE","@id":"https:\/\/luvatjavalvonta.fi\/sv\/genomfor\/#primaryimage","url":"https:\/\/luvatjavalvonta.fi\/content\/uploads\/2022\/11\/Toteuta_vaihe1.png","contentUrl":"https:\/\/luvatjavalvonta.fi\/content\/uploads\/2022\/11\/Toteuta_vaihe1.png"},{"@type":"BreadcrumbList","@id":"https:\/\/luvatjavalvonta.fi\/sv\/genomfor\/#breadcrumb","itemListElement":[{"@type":"ListItem","position":1,"name":"Home","item":"http:\/\/54.75.134.196\/sv\/"},{"@type":"ListItem","position":2,"name":"Vanhat materiaalit","item":"https:\/\/luvatjavalvonta.fi\/sv\/?page_id=7897"},{"@type":"ListItem","position":3,"name":"Inf\u00f6rande av tj\u00e4nsten","item":"https:\/\/luvatjavalvonta.fi\/sv\/?page_id=7565"},{"@type":"ListItem","position":4,"name":"Genomf\u00f6r"}]},{"@type":"WebSite","@id":"http:\/\/54.75.134.196\/sv\/#website","url":"http:\/\/54.75.134.196\/sv\/","name":"Luvat ja valvonta","description":"","potentialAction":[{"@type":"SearchAction","target":{"@type":"EntryPoint","urlTemplate":"http:\/\/54.75.134.196\/sv\/?s={search_term_string}"},"query-input":{"@type":"PropertyValueSpecification","valueRequired":true,"valueName":"search_term_string"}}],"inLanguage":"sv-SE"}]}},"_links":{"self":[{"href":"https:\/\/luvatjavalvonta.fi\/sv\/wp-json\/wp\/v2\/pages\/4817","targetHints":{"allow":["GET"]}}],"collection":[{"href":"https:\/\/luvatjavalvonta.fi\/sv\/wp-json\/wp\/v2\/pages"}],"about":[{"href":"https:\/\/luvatjavalvonta.fi\/sv\/wp-json\/wp\/v2\/types\/page"}],"author":[{"embeddable":true,"href":"https:\/\/luvatjavalvonta.fi\/sv\/wp-json\/wp\/v2\/users\/14"}],"replies":[{"embeddable":true,"href":"https:\/\/luvatjavalvonta.fi\/sv\/wp-json\/wp\/v2\/comments?post=4817"}],"version-history":[{"count":9,"href":"https:\/\/luvatjavalvonta.fi\/sv\/wp-json\/wp\/v2\/pages\/4817\/revisions"}],"predecessor-version":[{"id":5970,"href":"https:\/\/luvatjavalvonta.fi\/sv\/wp-json\/wp\/v2\/pages\/4817\/revisions\/5970"}],"up":[{"embeddable":true,"href":"https:\/\/luvatjavalvonta.fi\/sv\/wp-json\/wp\/v2\/pages\/7565"}],"wp:attachment":[{"href":"https:\/\/luvatjavalvonta.fi\/sv\/wp-json\/wp\/v2\/media?parent=4817"}],"curies":[{"name":"wp","href":"https:\/\/api.w.org\/{rel}","templated":true}]}}