{"id":4819,"date":"2023-01-03T13:42:26","date_gmt":"2023-01-03T11:42:26","guid":{"rendered":"https:\/\/luvatjavalvonta.fi\/infor\/"},"modified":"2023-06-19T08:36:24","modified_gmt":"2023-06-19T05:36:24","slug":"infor","status":"publish","type":"page","link":"https:\/\/luvatjavalvonta.fi\/sv\/infor\/","title":{"rendered":"Inf\u00f6r"},"content":{"rendered":"\n<hr class=\"wp-block-separator has-alpha-channel-opacity\"\/>\n\n\n\n<div class=\"wp-block-columns is-layout-flex wp-container-core-columns-is-layout-9d6595d7 wp-block-columns-is-layout-flex\">\n<div class=\"wp-block-column is-layout-flow wp-block-column-is-layout-flow\">\n<figure class=\"wp-block-image size-full\"><img loading=\"lazy\" decoding=\"async\" width=\"657\" height=\"658\" src=\"https:\/\/luvatjavalvonta.fi\/content\/uploads\/2022\/11\/Otakayttoon_vaihe1.png\" alt=\"\" class=\"wp-image-4007\" srcset=\"https:\/\/luvatjavalvonta.fi\/content\/uploads\/2022\/11\/Otakayttoon_vaihe1.png 657w, https:\/\/luvatjavalvonta.fi\/content\/uploads\/2022\/11\/Otakayttoon_vaihe1-300x300.png 300w, https:\/\/luvatjavalvonta.fi\/content\/uploads\/2022\/11\/Otakayttoon_vaihe1-150x150.png 150w, https:\/\/luvatjavalvonta.fi\/content\/uploads\/2022\/11\/Otakayttoon_vaihe1-200x200.png 200w\" sizes=\"auto, (max-width: 657px) 100vw, 657px\" \/><\/figure>\n<\/div>\n\n\n\n<div class=\"wp-block-column is-layout-flow wp-block-column-is-layout-flow\">\n<p>Vid inf\u00f6randet aktiveras nya rutiner. Det inneb\u00e4r f\u00f6r\u00e4ndringar relaterade till personal, system och kundservice samt information om dem inom organisationen och till kunderna. Dessutom ska myndighetens service f\u00f6r kunder s\u00e4kerst\u00e4llas genom en effektiviserad granskning av servicekedjan.<\/p>\n<p>Eftersom inf\u00f6randet \u00e4r det mest br\u00e5dskande och k\u00e4nsliga stadiet, ska de relaterade uppgifterna och uppf\u00f6ljningen planeras i f\u00f6rv\u00e4g. Dessutom g\u00e4ller det att s\u00e4kerst\u00e4lla att den personal som \u00e4r involverad i inf\u00f6randet k\u00e4nner till sina uppgifter och kan samarbeta smidigt.<\/p>\n<\/div>\n<\/div>\n\n\n\n<h2>Kommunikation<\/h2>\n<p>Kommunikation \u00e4r viktig vid inf\u00f6randet. Med tanke p\u00e5 en smidig verksamhet \u00e4r det av st\u00f6rsta vikt att de parter i organisationen som \u00e4r involverade i inf\u00f6randet \u00e4r medvetna om hur inf\u00f6randet framskrider. Vikten av kommunikation accentueras om man m\u00e5ste avvika fr\u00e5n den fastst\u00e4llda planen.<\/p>\n<h3>Planm\u00e4ssig kommunikation<\/h3>\n<p>I f\u00f6reg\u00e5ende stadium gavs instruktioner f\u00f6r en kommunikationsplan och kommunikationsmallar. Kommunikationsplanen st\u00f6der kommunikationen vid inf\u00f6randet, och mallarna p\u00e5skyndar och effektiviserar kommunikationen n\u00e4r behov uppst\u00e5r. H\u00e4r finns <a href=\"https:\/\/luvatjavalvonta.fi\/sv\/inforande-av-tjansten\/planera\/kommunikation\/\">instruktioner och mallar<\/a> f\u00f6r kommunikationen i det f\u00f6reg\u00e5ende stadiet (p\u00e5 kommandet).<\/p>\n<h2>Anslutning av tj\u00e4nster och start f\u00f6r den f\u00f6rnyade serviceprocessen<\/h2>\n<p>Valda myndighets\u00e4renden i tj\u00e4nsten Tillst\u00e5nd och tillsyn l\u00e4ggs till myndighetens tj\u00e4nster enligt f\u00f6ljande:<\/p>\n<ul>\n<li>Aktivering av \u00e4ndringsst\u00f6det i organisationen<\/li>\n<li>Uppdatering av tj\u00e4nstebeskrivningarna inklusive spr\u00e5kversioner (Suomi.fi-webbtj\u00e4nsten)<\/li>\n<li>Uppdatering av styruppgifterna i Suomi.fi-servicedatalagret (SDL)<\/li>\n<li>Startande av informations\u00f6verf\u00f6ringen (integration)<\/li>\n<li>\u00c4ndringar av annan kundhandledning f\u00f6r tj\u00e4nsten<\/li>\n<\/ul>\n<h2>S\u00e4kerst\u00e4llande av serviceverksamheten<\/h2>\n<ul>\n<li>Personal (inloggning och \u00e5tkomst till tj\u00e4nsten, anv\u00e4ndning av tj\u00e4nsten)<\/li>\n<li>Dirigering (fr\u00e5n tj\u00e4nsten Tillst\u00e5nd och tillsyn till myndighetens tj\u00e4nster)<\/li>\n<li>Kontroll av tj\u00e4nstens egenskaper\n<ul>\n<li>Aviseringar (till de r\u00e4tta parterna)<\/li>\n<li>Serviceinneh\u00e5ll (kontrolleras i produktionen)<\/li>\n<li>Statusinformation (myndigheten och kunden)<\/li>\n<li>F\u00f6renklad tj\u00e4nst (om aktiverad)<\/li>\n<li>Meddelandetj\u00e4nst<\/li>\n<\/ul>\n<\/li>\n<\/ul>\n<h2>Checklista \u00f6ver uppgifter och verktyg<\/h2>\n<h3>Uppgifter i stadiet<\/h3>\n<p>Den mest helt\u00e4ckande listan \u00f6ver uppgifter vid inf\u00f6randet finns i den inf\u00f6randeplan som organisationen uppr\u00e4ttat. Uppgifter som \u00e5tminstone m\u00e5ste vara slutf\u00f6rda innan man g\u00e5r vidare till n\u00e4sta steg har sammanst\u00e4llts h\u00e4r.<\/p>\n<ul>\n<li>Kommunikation vid inf\u00f6randet\n<ul>\n<li>Kommunikationens m\u00e5lgrupper enligt roll<\/li>\n<li>\u00c4renden och situationer som kommunikationen omfattar<\/li>\n<li>Meddelandemallar<\/li>\n<li>Kundkommunikation<\/li>\n<\/ul>\n<\/li>\n<li>Personal (inloggning och \u00e5tkomst till tj\u00e4nsten, anv\u00e4ndning av tj\u00e4nsten)<\/li>\n<li>Anslutning av tj\u00e4nsten och startande av den f\u00f6rnyade serviceprocessen\n<ul>\n<li>Aktivering av \u00e4ndringsst\u00f6det i organisationen<\/li>\n<li>Uppdatering av tj\u00e4nstebeskrivningarna inklusive spr\u00e5kversioner (Suomi.fi-webbtj\u00e4nsten)<\/li>\n<li>Uppdatering av styruppgifterna i Suomi.fi-servicedatalagret (SDL)<\/li>\n<li>Startande av informations\u00f6verf\u00f6ringen (integration)<\/li>\n<li>\u00c4ndringar av annan kundhandledning f\u00f6r tj\u00e4nsten<\/li>\n<\/ul>\n<\/li>\n<li>S\u00e4kerst\u00e4llande av verksamheten\n<ul>\n<li>Dirigering (fr\u00e5n tj\u00e4nsten Tillst\u00e5nd och tillsyn till myndighetens tj\u00e4nster)<\/li>\n<li>Kontroll av tj\u00e4nstens egenskaper\n<ul>\n<li>Aviseringar (till de r\u00e4tta parterna)<\/li>\n<li>Serviceinneh\u00e5ll (kontrolleras i produktionen)<\/li>\n<li>Statusinformation (myndigheten och kunden<\/li>\n<li>F\u00f6renklad tj\u00e4nst (om aktiverad)<\/li>\n<li>Meddelandetj\u00e4nst<\/li>\n<\/ul>\n<\/li>\n<\/ul>\n<\/li>\n<\/ul>\n<h3>Instruktioner och verktyg f\u00f6r stadiet<\/h3>\n\n\n\n<div class=\"wp-block-columns is-layout-flex wp-container-core-columns-is-layout-9d6595d7 wp-block-columns-is-layout-flex\">\n<div class=\"wp-block-column is-layout-flow wp-block-column-is-layout-flow\">\n<p><img loading=\"lazy\" decoding=\"async\" class=\"aligncenter wp-image-2572\" src=\"https:\/\/luvatjavalvonta.fi\/content\/uploads\/2022\/08\/Herateviesti_11-150x150.png\" alt=\"\" width=\"125\" height=\"125\" srcset=\"https:\/\/luvatjavalvonta.fi\/content\/uploads\/2022\/08\/Herateviesti_11-150x150.png 150w, https:\/\/luvatjavalvonta.fi\/content\/uploads\/2022\/08\/Herateviesti_11-300x300.png 300w, https:\/\/luvatjavalvonta.fi\/content\/uploads\/2022\/08\/Herateviesti_11-768x769.png 768w, https:\/\/luvatjavalvonta.fi\/content\/uploads\/2022\/08\/Herateviesti_11-200x200.png 200w, https:\/\/luvatjavalvonta.fi\/content\/uploads\/2022\/08\/Herateviesti_11.png 886w\" sizes=\"auto, (max-width: 125px) 100vw, 125px\" \/><\/p>\n<h3 style=\"text-align: center;\">Kommunikation<br>(p\u00e5 kommande) \u203a<\/h3>\n<\/div>\n\n\n\n<div class=\"wp-block-column is-layout-flow wp-block-column-is-layout-flow\">\n<p><img loading=\"lazy\" decoding=\"async\" class=\"aligncenter wp-image-2570\" src=\"https:\/\/luvatjavalvonta.fi\/content\/uploads\/2022\/08\/Liitostavat_11-150x150.png\" alt=\"\" width=\"125\" height=\"125\" srcset=\"https:\/\/luvatjavalvonta.fi\/content\/uploads\/2022\/08\/Liitostavat_11-150x150.png 150w, https:\/\/luvatjavalvonta.fi\/content\/uploads\/2022\/08\/Liitostavat_11-300x300.png 300w, https:\/\/luvatjavalvonta.fi\/content\/uploads\/2022\/08\/Liitostavat_11-768x767.png 768w, https:\/\/luvatjavalvonta.fi\/content\/uploads\/2022\/08\/Liitostavat_11-200x200.png 200w, https:\/\/luvatjavalvonta.fi\/content\/uploads\/2022\/08\/Liitostavat_11.png 883w\" sizes=\"auto, (max-width: 125px) 100vw, 125px\" \/><\/p>\n<h3 style=\"text-align: center;\">Tj\u00e4nstebeskrivning, anslutning och kundhandledning<br>(p\u00e5 kommande) \u203a<\/h3>\n<\/div>\n\n\n\n<div class=\"wp-block-column is-layout-flow wp-block-column-is-layout-flow\">\n<p><img loading=\"lazy\" decoding=\"async\" class=\"aligncenter wp-image-3890\" src=\"https:\/\/luvatjavalvonta.fi\/content\/uploads\/2022\/09\/Koulutus1-150x150.png\" alt=\"\" width=\"125\" height=\"125\" srcset=\"https:\/\/luvatjavalvonta.fi\/content\/uploads\/2022\/09\/Koulutus1-150x150.png 150w, https:\/\/luvatjavalvonta.fi\/content\/uploads\/2022\/09\/Koulutus1-300x300.png 300w, https:\/\/luvatjavalvonta.fi\/content\/uploads\/2022\/09\/Koulutus1-200x200.png 200w, https:\/\/luvatjavalvonta.fi\/content\/uploads\/2022\/09\/Koulutus1.png 664w\" sizes=\"auto, (max-width: 125px) 100vw, 125px\" \/><\/p>\n<h3 style=\"text-align: center;\">S\u00e4kerst\u00e4llande av serviceverksamheten<br \/>(p\u00e5 kommande) \u203a<\/h3>\n<\/div>\n<\/div>\n","protected":false},"excerpt":{"rendered":"<p>Vid inf\u00f6randet aktiveras nya rutiner. Det inneb\u00e4r f\u00f6r\u00e4ndringar relaterade till personal, system och kundservice samt information om dem inom organisationen och till kunderna. Dessutom ska myndighetens service f\u00f6r kunder s\u00e4kerst\u00e4llas genom en effektiviserad granskning av servicekedjan. Eftersom inf\u00f6randet \u00e4r det mest br\u00e5dskande och k\u00e4nsliga stadiet, ska de relaterade uppgifterna och uppf\u00f6ljningen planeras i f\u00f6rv\u00e4g. Dessutom [&hellip;]<\/p>\n","protected":false},"author":14,"featured_media":0,"parent":7565,"menu_order":28,"comment_status":"closed","ping_status":"closed","template":"","meta":{"_acf_changed":false,"inline_featured_image":false,"footnotes":""},"class_list":["post-4819","page","type-page","status-publish","hentry"],"acf":{"ai_extra_content":"","ai_instructions":"","ai_hidden_page":false},"yoast_head":"<!-- This site is optimized with the Yoast SEO plugin v25.9 - https:\/\/yoast.com\/wordpress\/plugins\/seo\/ -->\n<title>Inf\u00f6r - Luvat ja valvonta<\/title>\n<meta name=\"robots\" content=\"index, follow, max-snippet:-1, max-image-preview:large, max-video-preview:-1\" \/>\n<link rel=\"canonical\" href=\"https:\/\/luvatjavalvonta.fi\/sv\/infor\/\" \/>\n<meta property=\"og:locale\" content=\"sv_SE\" \/>\n<meta property=\"og:type\" content=\"article\" \/>\n<meta property=\"og:title\" content=\"Inf\u00f6r - Luvat ja valvonta\" \/>\n<meta property=\"og:description\" content=\"Vid inf\u00f6randet aktiveras nya rutiner. Det inneb\u00e4r f\u00f6r\u00e4ndringar relaterade till personal, system och kundservice samt information om dem inom organisationen och till kunderna. Dessutom ska myndighetens service f\u00f6r kunder s\u00e4kerst\u00e4llas genom en effektiviserad granskning av servicekedjan. Eftersom inf\u00f6randet \u00e4r det mest br\u00e5dskande och k\u00e4nsliga stadiet, ska de relaterade uppgifterna och uppf\u00f6ljningen planeras i f\u00f6rv\u00e4g. Dessutom [&hellip;]\" \/>\n<meta property=\"og:url\" content=\"https:\/\/luvatjavalvonta.fi\/sv\/infor\/\" \/>\n<meta property=\"og:site_name\" content=\"Luvat ja valvonta\" \/>\n<meta property=\"article:modified_time\" content=\"2023-06-19T05:36:24+00:00\" \/>\n<meta property=\"og:image\" content=\"https:\/\/luvatjavalvonta.fi\/content\/uploads\/2022\/11\/Otakayttoon_vaihe1.png\" \/>\n<meta name=\"twitter:card\" content=\"summary_large_image\" \/>\n<meta name=\"twitter:label1\" content=\"Est. reading time\" \/>\n\t<meta name=\"twitter:data1\" content=\"4 minutes\" \/>\n<script type=\"application\/ld+json\" class=\"yoast-schema-graph\">{\"@context\":\"https:\/\/schema.org\",\"@graph\":[{\"@type\":\"WebPage\",\"@id\":\"https:\/\/luvatjavalvonta.fi\/sv\/infor\/\",\"url\":\"https:\/\/luvatjavalvonta.fi\/sv\/infor\/\",\"name\":\"Inf\u00f6r - Luvat ja valvonta\",\"isPartOf\":{\"@id\":\"http:\/\/54.75.134.196\/sv\/#website\"},\"primaryImageOfPage\":{\"@id\":\"https:\/\/luvatjavalvonta.fi\/sv\/infor\/#primaryimage\"},\"image\":{\"@id\":\"https:\/\/luvatjavalvonta.fi\/sv\/infor\/#primaryimage\"},\"thumbnailUrl\":\"https:\/\/luvatjavalvonta.fi\/content\/uploads\/2022\/11\/Otakayttoon_vaihe1.png\",\"datePublished\":\"2023-01-03T11:42:26+00:00\",\"dateModified\":\"2023-06-19T05:36:24+00:00\",\"breadcrumb\":{\"@id\":\"https:\/\/luvatjavalvonta.fi\/sv\/infor\/#breadcrumb\"},\"inLanguage\":\"sv-SE\",\"potentialAction\":[{\"@type\":\"ReadAction\",\"target\":[\"https:\/\/luvatjavalvonta.fi\/sv\/infor\/\"]}]},{\"@type\":\"ImageObject\",\"inLanguage\":\"sv-SE\",\"@id\":\"https:\/\/luvatjavalvonta.fi\/sv\/infor\/#primaryimage\",\"url\":\"https:\/\/luvatjavalvonta.fi\/content\/uploads\/2022\/11\/Otakayttoon_vaihe1.png\",\"contentUrl\":\"https:\/\/luvatjavalvonta.fi\/content\/uploads\/2022\/11\/Otakayttoon_vaihe1.png\"},{\"@type\":\"BreadcrumbList\",\"@id\":\"https:\/\/luvatjavalvonta.fi\/sv\/infor\/#breadcrumb\",\"itemListElement\":[{\"@type\":\"ListItem\",\"position\":1,\"name\":\"Home\",\"item\":\"http:\/\/54.75.134.196\/sv\/\"},{\"@type\":\"ListItem\",\"position\":2,\"name\":\"Vanhat materiaalit\",\"item\":\"https:\/\/luvatjavalvonta.fi\/sv\/?page_id=7897\"},{\"@type\":\"ListItem\",\"position\":3,\"name\":\"Inf\u00f6rande av tj\u00e4nsten\",\"item\":\"https:\/\/luvatjavalvonta.fi\/sv\/?page_id=7565\"},{\"@type\":\"ListItem\",\"position\":4,\"name\":\"Inf\u00f6r\"}]},{\"@type\":\"WebSite\",\"@id\":\"http:\/\/54.75.134.196\/sv\/#website\",\"url\":\"http:\/\/54.75.134.196\/sv\/\",\"name\":\"Luvat ja valvonta\",\"description\":\"\",\"potentialAction\":[{\"@type\":\"SearchAction\",\"target\":{\"@type\":\"EntryPoint\",\"urlTemplate\":\"http:\/\/54.75.134.196\/sv\/?s={search_term_string}\"},\"query-input\":{\"@type\":\"PropertyValueSpecification\",\"valueRequired\":true,\"valueName\":\"search_term_string\"}}],\"inLanguage\":\"sv-SE\"}]}<\/script>\n<!-- \/ Yoast SEO plugin. -->","yoast_head_json":{"title":"Inf\u00f6r - Luvat ja valvonta","robots":{"index":"index","follow":"follow","max-snippet":"max-snippet:-1","max-image-preview":"max-image-preview:large","max-video-preview":"max-video-preview:-1"},"canonical":"https:\/\/luvatjavalvonta.fi\/sv\/infor\/","og_locale":"sv_SE","og_type":"article","og_title":"Inf\u00f6r - Luvat ja valvonta","og_description":"Vid inf\u00f6randet aktiveras nya rutiner. Det inneb\u00e4r f\u00f6r\u00e4ndringar relaterade till personal, system och kundservice samt information om dem inom organisationen och till kunderna. Dessutom ska myndighetens service f\u00f6r kunder s\u00e4kerst\u00e4llas genom en effektiviserad granskning av servicekedjan. Eftersom inf\u00f6randet \u00e4r det mest br\u00e5dskande och k\u00e4nsliga stadiet, ska de relaterade uppgifterna och uppf\u00f6ljningen planeras i f\u00f6rv\u00e4g. Dessutom [&hellip;]","og_url":"https:\/\/luvatjavalvonta.fi\/sv\/infor\/","og_site_name":"Luvat ja valvonta","article_modified_time":"2023-06-19T05:36:24+00:00","og_image":[{"url":"https:\/\/luvatjavalvonta.fi\/content\/uploads\/2022\/11\/Otakayttoon_vaihe1.png","type":"","width":"","height":""}],"twitter_card":"summary_large_image","twitter_misc":{"Est. reading time":"4 minutes"},"schema":{"@context":"https:\/\/schema.org","@graph":[{"@type":"WebPage","@id":"https:\/\/luvatjavalvonta.fi\/sv\/infor\/","url":"https:\/\/luvatjavalvonta.fi\/sv\/infor\/","name":"Inf\u00f6r - Luvat ja valvonta","isPartOf":{"@id":"http:\/\/54.75.134.196\/sv\/#website"},"primaryImageOfPage":{"@id":"https:\/\/luvatjavalvonta.fi\/sv\/infor\/#primaryimage"},"image":{"@id":"https:\/\/luvatjavalvonta.fi\/sv\/infor\/#primaryimage"},"thumbnailUrl":"https:\/\/luvatjavalvonta.fi\/content\/uploads\/2022\/11\/Otakayttoon_vaihe1.png","datePublished":"2023-01-03T11:42:26+00:00","dateModified":"2023-06-19T05:36:24+00:00","breadcrumb":{"@id":"https:\/\/luvatjavalvonta.fi\/sv\/infor\/#breadcrumb"},"inLanguage":"sv-SE","potentialAction":[{"@type":"ReadAction","target":["https:\/\/luvatjavalvonta.fi\/sv\/infor\/"]}]},{"@type":"ImageObject","inLanguage":"sv-SE","@id":"https:\/\/luvatjavalvonta.fi\/sv\/infor\/#primaryimage","url":"https:\/\/luvatjavalvonta.fi\/content\/uploads\/2022\/11\/Otakayttoon_vaihe1.png","contentUrl":"https:\/\/luvatjavalvonta.fi\/content\/uploads\/2022\/11\/Otakayttoon_vaihe1.png"},{"@type":"BreadcrumbList","@id":"https:\/\/luvatjavalvonta.fi\/sv\/infor\/#breadcrumb","itemListElement":[{"@type":"ListItem","position":1,"name":"Home","item":"http:\/\/54.75.134.196\/sv\/"},{"@type":"ListItem","position":2,"name":"Vanhat materiaalit","item":"https:\/\/luvatjavalvonta.fi\/sv\/?page_id=7897"},{"@type":"ListItem","position":3,"name":"Inf\u00f6rande av tj\u00e4nsten","item":"https:\/\/luvatjavalvonta.fi\/sv\/?page_id=7565"},{"@type":"ListItem","position":4,"name":"Inf\u00f6r"}]},{"@type":"WebSite","@id":"http:\/\/54.75.134.196\/sv\/#website","url":"http:\/\/54.75.134.196\/sv\/","name":"Luvat ja valvonta","description":"","potentialAction":[{"@type":"SearchAction","target":{"@type":"EntryPoint","urlTemplate":"http:\/\/54.75.134.196\/sv\/?s={search_term_string}"},"query-input":{"@type":"PropertyValueSpecification","valueRequired":true,"valueName":"search_term_string"}}],"inLanguage":"sv-SE"}]}},"_links":{"self":[{"href":"https:\/\/luvatjavalvonta.fi\/sv\/wp-json\/wp\/v2\/pages\/4819","targetHints":{"allow":["GET"]}}],"collection":[{"href":"https:\/\/luvatjavalvonta.fi\/sv\/wp-json\/wp\/v2\/pages"}],"about":[{"href":"https:\/\/luvatjavalvonta.fi\/sv\/wp-json\/wp\/v2\/types\/page"}],"author":[{"embeddable":true,"href":"https:\/\/luvatjavalvonta.fi\/sv\/wp-json\/wp\/v2\/users\/14"}],"replies":[{"embeddable":true,"href":"https:\/\/luvatjavalvonta.fi\/sv\/wp-json\/wp\/v2\/comments?post=4819"}],"version-history":[{"count":3,"href":"https:\/\/luvatjavalvonta.fi\/sv\/wp-json\/wp\/v2\/pages\/4819\/revisions"}],"predecessor-version":[{"id":5878,"href":"https:\/\/luvatjavalvonta.fi\/sv\/wp-json\/wp\/v2\/pages\/4819\/revisions\/5878"}],"up":[{"embeddable":true,"href":"https:\/\/luvatjavalvonta.fi\/sv\/wp-json\/wp\/v2\/pages\/7565"}],"wp:attachment":[{"href":"https:\/\/luvatjavalvonta.fi\/sv\/wp-json\/wp\/v2\/media?parent=4819"}],"curies":[{"name":"wp","href":"https:\/\/api.w.org\/{rel}","templated":true}]}}