{"id":4829,"date":"2022-06-15T11:16:02","date_gmt":"2022-06-15T08:16:02","guid":{"rendered":"https:\/\/luvatjavalvonta.fi\/allt-over-samma-disk\/"},"modified":"2023-04-27T15:08:04","modified_gmt":"2023-04-27T12:08:04","slug":"allt-over-samma-disk","status":"publish","type":"page","link":"https:\/\/luvatjavalvonta.fi\/sv\/information-om-tjansten\/egenskaper\/allt-over-samma-disk\/","title":{"rendered":"Allt \u00f6ver samma disk"},"content":{"rendered":"\n<hr class=\"wp-block-separator has-alpha-channel-opacity\"\/>\n\n\n\n<div class=\"wp-block-columns is-layout-flex wp-container-core-columns-is-layout-9d6595d7 wp-block-columns-is-layout-flex\">\n<div class=\"wp-block-column is-layout-flow wp-block-column-is-layout-flow\" style=\"flex-basis:100%\">\n<div class=\"wp-block-columns is-layout-flex wp-container-core-columns-is-layout-9d6595d7 wp-block-columns-is-layout-flex\">\n<div class=\"wp-block-column is-vertically-aligned-center is-layout-flow wp-block-column-is-layout-flow\" style=\"flex-basis:25%\"><div class=\"wp-block-image\">\n<figure class=\"aligncenter size-full is-resized\"><img loading=\"lazy\" decoding=\"async\" src=\"https:\/\/luvatjavalvonta.fi\/content\/uploads\/2022\/08\/YksiLuukku_11.png\" alt=\"En servicedisk f\u00f6r kundens tillst\u00e5nds- och tillsyns\u00e4renden\" class=\"wp-image-2580\" width=\"150\" height=\"150\" srcset=\"https:\/\/luvatjavalvonta.fi\/content\/uploads\/2022\/08\/YksiLuukku_11.png 881w, https:\/\/luvatjavalvonta.fi\/content\/uploads\/2022\/08\/YksiLuukku_11-300x300.png 300w, https:\/\/luvatjavalvonta.fi\/content\/uploads\/2022\/08\/YksiLuukku_11-150x150.png 150w, https:\/\/luvatjavalvonta.fi\/content\/uploads\/2022\/08\/YksiLuukku_11-768x770.png 768w, https:\/\/luvatjavalvonta.fi\/content\/uploads\/2022\/08\/YksiLuukku_11-200x200.png 200w\" sizes=\"auto, (max-width: 150px) 100vw, 150px\" \/><\/figure><\/div><\/div>\n\n\n\n<div class=\"wp-block-column is-vertically-aligned-bottom is-layout-flow wp-block-column-is-layout-flow\" style=\"flex-basis:75%\">\n<p>Syftet med tj\u00e4nsten Tillst\u00e5nd och tillsyn \u00e4r att handl\u00e4gga kundens tillst\u00e5nds- och tillsyns\u00e4renden fr\u00e5n ett enda elektroniska servicest\u00e4lle (en servicedisk). Detta \u00e4r s\u00e4rskilt anv\u00e4ndbart f\u00f6r kunder vars verksamhet involverar \u00e4renden med flera tillst\u00e5nds- och tillsynsmyndigheter.<\/p>\n<p>Den gemensamma avgiftsfria tj\u00e4nsten f\u00f6r alla tillst\u00e5nds- och tillsynsmyndigheter m\u00f6jligg\u00f6r harmonisering och utveckling av anv\u00e4ndarupplevelserna f\u00f6r b\u00e5de kunder och myndigheter.<\/p>\n<\/div>\n<\/div>\n<\/div>\n<\/div>\n","protected":false},"excerpt":{"rendered":"<p>Syftet med tj\u00e4nsten Tillst\u00e5nd och tillsyn \u00e4r att handl\u00e4gga kundens tillst\u00e5nds- och tillsyns\u00e4renden fr\u00e5n ett enda elektroniska servicest\u00e4lle (en servicedisk). Detta \u00e4r s\u00e4rskilt anv\u00e4ndbart f\u00f6r kunder vars verksamhet involverar \u00e4renden med flera tillst\u00e5nds- och tillsynsmyndigheter. Den gemensamma avgiftsfria tj\u00e4nsten f\u00f6r alla tillst\u00e5nds- och tillsynsmyndigheter m\u00f6jligg\u00f6r harmonisering och utveckling av anv\u00e4ndarupplevelserna f\u00f6r b\u00e5de kunder och myndigheter.<\/p>\n","protected":false},"author":14,"featured_media":0,"parent":4905,"menu_order":153,"comment_status":"closed","ping_status":"closed","template":"","meta":{"_acf_changed":false,"inline_featured_image":false,"footnotes":""},"class_list":["post-4829","page","type-page","status-publish","hentry"],"acf":{"ai_extra_content":"","ai_instructions":"","ai_hidden_page":false},"yoast_head":"<!-- This site is optimized with the Yoast SEO plugin v25.9 - https:\/\/yoast.com\/wordpress\/plugins\/seo\/ -->\n<title>Allt \u00f6ver samma disk - Luvat ja valvonta<\/title>\n<meta name=\"robots\" content=\"index, follow, max-snippet:-1, max-image-preview:large, max-video-preview:-1\" \/>\n<link rel=\"canonical\" href=\"https:\/\/luvatjavalvonta.fi\/sv\/information-om-tjansten\/egenskaper\/allt-over-samma-disk\/\" \/>\n<meta property=\"og:locale\" content=\"sv_SE\" \/>\n<meta property=\"og:type\" content=\"article\" \/>\n<meta property=\"og:title\" content=\"Allt \u00f6ver samma disk - Luvat ja valvonta\" \/>\n<meta property=\"og:description\" content=\"Syftet med tj\u00e4nsten Tillst\u00e5nd och tillsyn \u00e4r att handl\u00e4gga kundens tillst\u00e5nds- och tillsyns\u00e4renden fr\u00e5n ett enda elektroniska servicest\u00e4lle (en servicedisk). Detta \u00e4r s\u00e4rskilt anv\u00e4ndbart f\u00f6r kunder vars verksamhet involverar \u00e4renden med flera tillst\u00e5nds- och tillsynsmyndigheter. Den gemensamma avgiftsfria tj\u00e4nsten f\u00f6r alla tillst\u00e5nds- och tillsynsmyndigheter m\u00f6jligg\u00f6r harmonisering och utveckling av anv\u00e4ndarupplevelserna f\u00f6r b\u00e5de kunder och myndigheter.\" \/>\n<meta property=\"og:url\" content=\"https:\/\/luvatjavalvonta.fi\/sv\/information-om-tjansten\/egenskaper\/allt-over-samma-disk\/\" \/>\n<meta property=\"og:site_name\" content=\"Luvat ja valvonta\" \/>\n<meta property=\"article:modified_time\" content=\"2023-04-27T12:08:04+00:00\" \/>\n<meta property=\"og:image\" content=\"https:\/\/luvatjavalvonta.fi\/content\/uploads\/2022\/08\/YksiLuukku_11.png\" \/>\n<meta name=\"twitter:card\" content=\"summary_large_image\" \/>\n<meta name=\"twitter:label1\" content=\"Est. reading time\" \/>\n\t<meta name=\"twitter:data1\" content=\"1 minute\" \/>\n<script type=\"application\/ld+json\" class=\"yoast-schema-graph\">{\"@context\":\"https:\/\/schema.org\",\"@graph\":[{\"@type\":\"WebPage\",\"@id\":\"https:\/\/luvatjavalvonta.fi\/sv\/information-om-tjansten\/egenskaper\/allt-over-samma-disk\/\",\"url\":\"https:\/\/luvatjavalvonta.fi\/sv\/information-om-tjansten\/egenskaper\/allt-over-samma-disk\/\",\"name\":\"Allt \u00f6ver samma disk - Luvat ja valvonta\",\"isPartOf\":{\"@id\":\"https:\/\/luvatjavalvonta.fi\/#website\"},\"primaryImageOfPage\":{\"@id\":\"https:\/\/luvatjavalvonta.fi\/sv\/information-om-tjansten\/egenskaper\/allt-over-samma-disk\/#primaryimage\"},\"image\":{\"@id\":\"https:\/\/luvatjavalvonta.fi\/sv\/information-om-tjansten\/egenskaper\/allt-over-samma-disk\/#primaryimage\"},\"thumbnailUrl\":\"https:\/\/luvatjavalvonta.fi\/content\/uploads\/2022\/08\/YksiLuukku_11.png\",\"datePublished\":\"2022-06-15T08:16:02+00:00\",\"dateModified\":\"2023-04-27T12:08:04+00:00\",\"breadcrumb\":{\"@id\":\"https:\/\/luvatjavalvonta.fi\/sv\/information-om-tjansten\/egenskaper\/allt-over-samma-disk\/#breadcrumb\"},\"inLanguage\":\"sv-SE\",\"potentialAction\":[{\"@type\":\"ReadAction\",\"target\":[\"https:\/\/luvatjavalvonta.fi\/sv\/information-om-tjansten\/egenskaper\/allt-over-samma-disk\/\"]}]},{\"@type\":\"ImageObject\",\"inLanguage\":\"sv-SE\",\"@id\":\"https:\/\/luvatjavalvonta.fi\/sv\/information-om-tjansten\/egenskaper\/allt-over-samma-disk\/#primaryimage\",\"url\":\"https:\/\/luvatjavalvonta.fi\/content\/uploads\/2022\/08\/YksiLuukku_11.png\",\"contentUrl\":\"https:\/\/luvatjavalvonta.fi\/content\/uploads\/2022\/08\/YksiLuukku_11.png\"},{\"@type\":\"BreadcrumbList\",\"@id\":\"https:\/\/luvatjavalvonta.fi\/sv\/information-om-tjansten\/egenskaper\/allt-over-samma-disk\/#breadcrumb\",\"itemListElement\":[{\"@type\":\"ListItem\",\"position\":1,\"name\":\"Home\",\"item\":\"http:\/\/54.75.134.196:80\/sv\/\"},{\"@type\":\"ListItem\",\"position\":2,\"name\":\"Information om tj\u00e4nsten\",\"item\":\"http:\/\/54.75.134.196:80\/sv\/information-om-tjansten\/\"},{\"@type\":\"ListItem\",\"position\":3,\"name\":\"Egenskaper\",\"item\":\"http:\/\/54.75.134.196:80\/sv\/information-om-tjansten\/egenskaper\/\"},{\"@type\":\"ListItem\",\"position\":4,\"name\":\"Allt \u00f6ver samma disk\"}]},{\"@type\":\"WebSite\",\"@id\":\"https:\/\/luvatjavalvonta.fi\/#website\",\"url\":\"https:\/\/luvatjavalvonta.fi\/\",\"name\":\"Luvat ja valvonta\",\"description\":\"\",\"potentialAction\":[{\"@type\":\"SearchAction\",\"target\":{\"@type\":\"EntryPoint\",\"urlTemplate\":\"https:\/\/luvatjavalvonta.fi\/?s={search_term_string}\"},\"query-input\":{\"@type\":\"PropertyValueSpecification\",\"valueRequired\":true,\"valueName\":\"search_term_string\"}}],\"inLanguage\":\"sv-SE\"}]}<\/script>\n<!-- \/ Yoast SEO plugin. -->","yoast_head_json":{"title":"Allt \u00f6ver samma disk - Luvat ja valvonta","robots":{"index":"index","follow":"follow","max-snippet":"max-snippet:-1","max-image-preview":"max-image-preview:large","max-video-preview":"max-video-preview:-1"},"canonical":"https:\/\/luvatjavalvonta.fi\/sv\/information-om-tjansten\/egenskaper\/allt-over-samma-disk\/","og_locale":"sv_SE","og_type":"article","og_title":"Allt \u00f6ver samma disk - Luvat ja valvonta","og_description":"Syftet med tj\u00e4nsten Tillst\u00e5nd och tillsyn \u00e4r att handl\u00e4gga kundens tillst\u00e5nds- och tillsyns\u00e4renden fr\u00e5n ett enda elektroniska servicest\u00e4lle (en servicedisk). Detta \u00e4r s\u00e4rskilt anv\u00e4ndbart f\u00f6r kunder vars verksamhet involverar \u00e4renden med flera tillst\u00e5nds- och tillsynsmyndigheter. Den gemensamma avgiftsfria tj\u00e4nsten f\u00f6r alla tillst\u00e5nds- och tillsynsmyndigheter m\u00f6jligg\u00f6r harmonisering och utveckling av anv\u00e4ndarupplevelserna f\u00f6r b\u00e5de kunder och myndigheter.","og_url":"https:\/\/luvatjavalvonta.fi\/sv\/information-om-tjansten\/egenskaper\/allt-over-samma-disk\/","og_site_name":"Luvat ja valvonta","article_modified_time":"2023-04-27T12:08:04+00:00","og_image":[{"url":"https:\/\/luvatjavalvonta.fi\/content\/uploads\/2022\/08\/YksiLuukku_11.png","type":"","width":"","height":""}],"twitter_card":"summary_large_image","twitter_misc":{"Est. reading time":"1 minute"},"schema":{"@context":"https:\/\/schema.org","@graph":[{"@type":"WebPage","@id":"https:\/\/luvatjavalvonta.fi\/sv\/information-om-tjansten\/egenskaper\/allt-over-samma-disk\/","url":"https:\/\/luvatjavalvonta.fi\/sv\/information-om-tjansten\/egenskaper\/allt-over-samma-disk\/","name":"Allt \u00f6ver samma disk - Luvat ja valvonta","isPartOf":{"@id":"https:\/\/luvatjavalvonta.fi\/#website"},"primaryImageOfPage":{"@id":"https:\/\/luvatjavalvonta.fi\/sv\/information-om-tjansten\/egenskaper\/allt-over-samma-disk\/#primaryimage"},"image":{"@id":"https:\/\/luvatjavalvonta.fi\/sv\/information-om-tjansten\/egenskaper\/allt-over-samma-disk\/#primaryimage"},"thumbnailUrl":"https:\/\/luvatjavalvonta.fi\/content\/uploads\/2022\/08\/YksiLuukku_11.png","datePublished":"2022-06-15T08:16:02+00:00","dateModified":"2023-04-27T12:08:04+00:00","breadcrumb":{"@id":"https:\/\/luvatjavalvonta.fi\/sv\/information-om-tjansten\/egenskaper\/allt-over-samma-disk\/#breadcrumb"},"inLanguage":"sv-SE","potentialAction":[{"@type":"ReadAction","target":["https:\/\/luvatjavalvonta.fi\/sv\/information-om-tjansten\/egenskaper\/allt-over-samma-disk\/"]}]},{"@type":"ImageObject","inLanguage":"sv-SE","@id":"https:\/\/luvatjavalvonta.fi\/sv\/information-om-tjansten\/egenskaper\/allt-over-samma-disk\/#primaryimage","url":"https:\/\/luvatjavalvonta.fi\/content\/uploads\/2022\/08\/YksiLuukku_11.png","contentUrl":"https:\/\/luvatjavalvonta.fi\/content\/uploads\/2022\/08\/YksiLuukku_11.png"},{"@type":"BreadcrumbList","@id":"https:\/\/luvatjavalvonta.fi\/sv\/information-om-tjansten\/egenskaper\/allt-over-samma-disk\/#breadcrumb","itemListElement":[{"@type":"ListItem","position":1,"name":"Home","item":"http:\/\/54.75.134.196:80\/sv\/"},{"@type":"ListItem","position":2,"name":"Information om tj\u00e4nsten","item":"http:\/\/54.75.134.196:80\/sv\/information-om-tjansten\/"},{"@type":"ListItem","position":3,"name":"Egenskaper","item":"http:\/\/54.75.134.196:80\/sv\/information-om-tjansten\/egenskaper\/"},{"@type":"ListItem","position":4,"name":"Allt \u00f6ver samma disk"}]},{"@type":"WebSite","@id":"https:\/\/luvatjavalvonta.fi\/#website","url":"https:\/\/luvatjavalvonta.fi\/","name":"Luvat ja valvonta","description":"","potentialAction":[{"@type":"SearchAction","target":{"@type":"EntryPoint","urlTemplate":"https:\/\/luvatjavalvonta.fi\/?s={search_term_string}"},"query-input":{"@type":"PropertyValueSpecification","valueRequired":true,"valueName":"search_term_string"}}],"inLanguage":"sv-SE"}]}},"_links":{"self":[{"href":"https:\/\/luvatjavalvonta.fi\/sv\/wp-json\/wp\/v2\/pages\/4829","targetHints":{"allow":["GET"]}}],"collection":[{"href":"https:\/\/luvatjavalvonta.fi\/sv\/wp-json\/wp\/v2\/pages"}],"about":[{"href":"https:\/\/luvatjavalvonta.fi\/sv\/wp-json\/wp\/v2\/types\/page"}],"author":[{"embeddable":true,"href":"https:\/\/luvatjavalvonta.fi\/sv\/wp-json\/wp\/v2\/users\/14"}],"replies":[{"embeddable":true,"href":"https:\/\/luvatjavalvonta.fi\/sv\/wp-json\/wp\/v2\/comments?post=4829"}],"version-history":[{"count":2,"href":"https:\/\/luvatjavalvonta.fi\/sv\/wp-json\/wp\/v2\/pages\/4829\/revisions"}],"predecessor-version":[{"id":5300,"href":"https:\/\/luvatjavalvonta.fi\/sv\/wp-json\/wp\/v2\/pages\/4829\/revisions\/5300"}],"up":[{"embeddable":true,"href":"https:\/\/luvatjavalvonta.fi\/sv\/wp-json\/wp\/v2\/pages\/4905"}],"wp:attachment":[{"href":"https:\/\/luvatjavalvonta.fi\/sv\/wp-json\/wp\/v2\/media?parent=4829"}],"curies":[{"name":"wp","href":"https:\/\/api.w.org\/{rel}","templated":true}]}}