{"id":4835,"date":"2022-07-06T16:35:02","date_gmt":"2022-07-06T13:35:02","guid":{"rendered":"https:\/\/luvatjavalvonta.fi\/kunden\/"},"modified":"2026-01-26T12:29:05","modified_gmt":"2026-01-26T10:29:05","slug":"kunden","status":"publish","type":"page","link":"https:\/\/luvatjavalvonta.fi\/sv\/information-om-tjansten\/serviceprocess\/kunden\/","title":{"rendered":"Kunden"},"content":{"rendered":"\n<hr class=\"wp-block-separator has-alpha-channel-opacity\"\/>\n\n\n\n<p>Kunden \u00e4r en central akt\u00f6r i tj\u00e4nsten Tillst\u00e5nd och tillsyn, vars process kan delas in i fyra stadier d\u00e4r kunden:<\/p>\n<ul>\n<li>bed\u00f6mer behovet av tillst\u00e5nd f\u00f6r sin verksamhet och inleder ans\u00f6kningsprocessen vid behov<\/li>\n<li>utreder behovet av tillst\u00e5nd i tj\u00e4nsten och v\u00e4ljer de tj\u00e4nster som beh\u00f6vs<\/li>\n<li>registrerar de uppgifter som efterfr\u00e5gas och skickar slutligen ans\u00f6kningarna till myndigheterna<\/li>\n<li>f\u00e5r information om tillst\u00e5nd som myndigheten beviljar eller en beg\u00e4ran om komplettering av uppgifterna i ans\u00f6kan<\/li>\n<\/ul>\n<p>Information om beviljade tillst\u00e5nd och beg\u00e4ran om komplettering av ans\u00f6kan beskrivs i anslutning till <a href=\"https:\/\/luvatjavalvonta.fi\/sv\/information-om-tjansten\/serviceprocess\/myndigheten\/\">myndighetsprocessen<\/a>.&nbsp;<\/p>\n\n\n\n<figure class=\"wp-block-image size-large\"><a href=\"https:\/\/luvatjavalvonta.fi\/content\/uploads\/2023\/06\/Palveluprosessi_asiakas_sv1.png\"><img loading=\"lazy\" decoding=\"async\" width=\"1024\" height=\"383\" src=\"https:\/\/luvatjavalvonta.fi\/content\/uploads\/2023\/06\/Palveluprosessi_asiakas_sv1-1024x383.png\" alt=\"Bilden visar serviceprocessen f\u00f6r kunden\" class=\"wp-image-5879\" srcset=\"https:\/\/luvatjavalvonta.fi\/content\/uploads\/2023\/06\/Palveluprosessi_asiakas_sv1-1024x383.png 1024w, https:\/\/luvatjavalvonta.fi\/content\/uploads\/2023\/06\/Palveluprosessi_asiakas_sv1-300x112.png 300w, https:\/\/luvatjavalvonta.fi\/content\/uploads\/2023\/06\/Palveluprosessi_asiakas_sv1-768x287.png 768w, https:\/\/luvatjavalvonta.fi\/content\/uploads\/2023\/06\/Palveluprosessi_asiakas_sv1-1536x574.png 1536w, https:\/\/luvatjavalvonta.fi\/content\/uploads\/2023\/06\/Palveluprosessi_asiakas_sv1-2048x765.png 2048w\" sizes=\"auto, (max-width: 1024px) 100vw, 1024px\" \/><\/a><figcaption class=\"wp-element-caption\"><em>Bild: en kund sk\u00f6ter \u00e4renden i tj\u00e4nsten Tillst\u00e5nd och tillsyn (f\u00f6rstora bilden genom att klicka p\u00e5 den)<\/em><\/figcaption><\/figure>\n\n\n\n<p><a href=\"https:\/\/luvatjavalvonta.fi\/sv\/information-om-tjansten\/egenskaper\/utredning-av-tillstandsbehov\/\">Utredningen av tillst\u00e5ndsbehov<\/a> beskrivs i avsnittet om tj\u00e4nstens egenskaper.\u00a0<\/p>\n\n\n\n<p><\/p>\n","protected":false},"excerpt":{"rendered":"<p>Kunden \u00e4r en central akt\u00f6r i tj\u00e4nsten Tillst\u00e5nd och tillsyn, vars process kan delas in i fyra stadier d\u00e4r kunden: bed\u00f6mer behovet av tillst\u00e5nd f\u00f6r sin verksamhet och inleder ans\u00f6kningsprocessen vid behov utreder behovet av tillst\u00e5nd i tj\u00e4nsten och v\u00e4ljer de tj\u00e4nster som beh\u00f6vs registrerar de uppgifter som efterfr\u00e5gas och skickar slutligen ans\u00f6kningarna till myndigheterna [&hellip;]<\/p>\n","protected":false},"author":14,"featured_media":0,"parent":4903,"menu_order":156,"comment_status":"closed","ping_status":"closed","template":"","meta":{"_acf_changed":false,"inline_featured_image":false,"footnotes":""},"class_list":["post-4835","page","type-page","status-publish","hentry"],"acf":{"ai_extra_content":"","ai_instructions":"","ai_hidden_page":false},"yoast_head":"<!-- This site is optimized with the Yoast SEO plugin v25.9 - https:\/\/yoast.com\/wordpress\/plugins\/seo\/ -->\n<title>Kunden - Luvat ja valvonta<\/title>\n<meta name=\"robots\" content=\"index, follow, max-snippet:-1, max-image-preview:large, max-video-preview:-1\" \/>\n<link rel=\"canonical\" href=\"https:\/\/luvatjavalvonta.fi\/sv\/information-om-tjansten\/serviceprocess\/kunden\/\" \/>\n<meta property=\"og:locale\" content=\"sv_SE\" \/>\n<meta property=\"og:type\" content=\"article\" \/>\n<meta property=\"og:title\" content=\"Kunden - Luvat ja valvonta\" \/>\n<meta property=\"og:description\" content=\"Kunden \u00e4r en central akt\u00f6r i tj\u00e4nsten Tillst\u00e5nd och tillsyn, vars process kan delas in i fyra stadier d\u00e4r kunden: bed\u00f6mer behovet av tillst\u00e5nd f\u00f6r sin verksamhet och inleder ans\u00f6kningsprocessen vid behov utreder behovet av tillst\u00e5nd i tj\u00e4nsten och v\u00e4ljer de tj\u00e4nster som beh\u00f6vs registrerar de uppgifter som efterfr\u00e5gas och skickar slutligen ans\u00f6kningarna till myndigheterna [&hellip;]\" \/>\n<meta property=\"og:url\" content=\"https:\/\/luvatjavalvonta.fi\/sv\/information-om-tjansten\/serviceprocess\/kunden\/\" \/>\n<meta property=\"og:site_name\" content=\"Luvat ja valvonta\" \/>\n<meta property=\"article:modified_time\" content=\"2026-01-26T10:29:05+00:00\" \/>\n<meta property=\"og:image\" content=\"https:\/\/luvatjavalvonta.fi\/content\/uploads\/2023\/06\/Palveluprosessi_asiakas_sv1-1024x383.png\" \/>\n<meta name=\"twitter:card\" content=\"summary_large_image\" \/>\n<meta name=\"twitter:label1\" content=\"Est. reading time\" \/>\n\t<meta name=\"twitter:data1\" content=\"1 minute\" \/>\n<script type=\"application\/ld+json\" class=\"yoast-schema-graph\">{\"@context\":\"https:\/\/schema.org\",\"@graph\":[{\"@type\":\"WebPage\",\"@id\":\"https:\/\/luvatjavalvonta.fi\/sv\/information-om-tjansten\/serviceprocess\/kunden\/\",\"url\":\"https:\/\/luvatjavalvonta.fi\/sv\/information-om-tjansten\/serviceprocess\/kunden\/\",\"name\":\"Kunden - Luvat ja valvonta\",\"isPartOf\":{\"@id\":\"https:\/\/luvatjavalvonta.fi\/#website\"},\"primaryImageOfPage\":{\"@id\":\"https:\/\/luvatjavalvonta.fi\/sv\/information-om-tjansten\/serviceprocess\/kunden\/#primaryimage\"},\"image\":{\"@id\":\"https:\/\/luvatjavalvonta.fi\/sv\/information-om-tjansten\/serviceprocess\/kunden\/#primaryimage\"},\"thumbnailUrl\":\"https:\/\/luvatjavalvonta.fi\/content\/uploads\/2023\/06\/Palveluprosessi_asiakas_sv1-1024x383.png\",\"datePublished\":\"2022-07-06T13:35:02+00:00\",\"dateModified\":\"2026-01-26T10:29:05+00:00\",\"breadcrumb\":{\"@id\":\"https:\/\/luvatjavalvonta.fi\/sv\/information-om-tjansten\/serviceprocess\/kunden\/#breadcrumb\"},\"inLanguage\":\"sv-SE\",\"potentialAction\":[{\"@type\":\"ReadAction\",\"target\":[\"https:\/\/luvatjavalvonta.fi\/sv\/information-om-tjansten\/serviceprocess\/kunden\/\"]}]},{\"@type\":\"ImageObject\",\"inLanguage\":\"sv-SE\",\"@id\":\"https:\/\/luvatjavalvonta.fi\/sv\/information-om-tjansten\/serviceprocess\/kunden\/#primaryimage\",\"url\":\"https:\/\/luvatjavalvonta.fi\/content\/uploads\/2023\/06\/Palveluprosessi_asiakas_sv1-1024x383.png\",\"contentUrl\":\"https:\/\/luvatjavalvonta.fi\/content\/uploads\/2023\/06\/Palveluprosessi_asiakas_sv1-1024x383.png\"},{\"@type\":\"BreadcrumbList\",\"@id\":\"https:\/\/luvatjavalvonta.fi\/sv\/information-om-tjansten\/serviceprocess\/kunden\/#breadcrumb\",\"itemListElement\":[{\"@type\":\"ListItem\",\"position\":1,\"name\":\"Home\",\"item\":\"http:\/\/54.75.134.196:80\/sv\/\"},{\"@type\":\"ListItem\",\"position\":2,\"name\":\"Information om tj\u00e4nsten\",\"item\":\"http:\/\/54.75.134.196:80\/sv\/information-om-tjansten\/\"},{\"@type\":\"ListItem\",\"position\":3,\"name\":\"Serviceprocess\",\"item\":\"http:\/\/www.luvatjavalvonta.fi\/sv\/information-om-tjansten\/serviceprocess\/\"},{\"@type\":\"ListItem\",\"position\":4,\"name\":\"Kunden\"}]},{\"@type\":\"WebSite\",\"@id\":\"https:\/\/luvatjavalvonta.fi\/#website\",\"url\":\"https:\/\/luvatjavalvonta.fi\/\",\"name\":\"Luvat ja valvonta\",\"description\":\"\",\"potentialAction\":[{\"@type\":\"SearchAction\",\"target\":{\"@type\":\"EntryPoint\",\"urlTemplate\":\"https:\/\/luvatjavalvonta.fi\/?s={search_term_string}\"},\"query-input\":{\"@type\":\"PropertyValueSpecification\",\"valueRequired\":true,\"valueName\":\"search_term_string\"}}],\"inLanguage\":\"sv-SE\"}]}<\/script>\n<!-- \/ Yoast SEO plugin. -->","yoast_head_json":{"title":"Kunden - Luvat ja valvonta","robots":{"index":"index","follow":"follow","max-snippet":"max-snippet:-1","max-image-preview":"max-image-preview:large","max-video-preview":"max-video-preview:-1"},"canonical":"https:\/\/luvatjavalvonta.fi\/sv\/information-om-tjansten\/serviceprocess\/kunden\/","og_locale":"sv_SE","og_type":"article","og_title":"Kunden - Luvat ja valvonta","og_description":"Kunden \u00e4r en central akt\u00f6r i tj\u00e4nsten Tillst\u00e5nd och tillsyn, vars process kan delas in i fyra stadier d\u00e4r kunden: bed\u00f6mer behovet av tillst\u00e5nd f\u00f6r sin verksamhet och inleder ans\u00f6kningsprocessen vid behov utreder behovet av tillst\u00e5nd i tj\u00e4nsten och v\u00e4ljer de tj\u00e4nster som beh\u00f6vs registrerar de uppgifter som efterfr\u00e5gas och skickar slutligen ans\u00f6kningarna till myndigheterna [&hellip;]","og_url":"https:\/\/luvatjavalvonta.fi\/sv\/information-om-tjansten\/serviceprocess\/kunden\/","og_site_name":"Luvat ja valvonta","article_modified_time":"2026-01-26T10:29:05+00:00","og_image":[{"url":"https:\/\/luvatjavalvonta.fi\/content\/uploads\/2023\/06\/Palveluprosessi_asiakas_sv1-1024x383.png","type":"","width":"","height":""}],"twitter_card":"summary_large_image","twitter_misc":{"Est. reading time":"1 minute"},"schema":{"@context":"https:\/\/schema.org","@graph":[{"@type":"WebPage","@id":"https:\/\/luvatjavalvonta.fi\/sv\/information-om-tjansten\/serviceprocess\/kunden\/","url":"https:\/\/luvatjavalvonta.fi\/sv\/information-om-tjansten\/serviceprocess\/kunden\/","name":"Kunden - Luvat ja valvonta","isPartOf":{"@id":"https:\/\/luvatjavalvonta.fi\/#website"},"primaryImageOfPage":{"@id":"https:\/\/luvatjavalvonta.fi\/sv\/information-om-tjansten\/serviceprocess\/kunden\/#primaryimage"},"image":{"@id":"https:\/\/luvatjavalvonta.fi\/sv\/information-om-tjansten\/serviceprocess\/kunden\/#primaryimage"},"thumbnailUrl":"https:\/\/luvatjavalvonta.fi\/content\/uploads\/2023\/06\/Palveluprosessi_asiakas_sv1-1024x383.png","datePublished":"2022-07-06T13:35:02+00:00","dateModified":"2026-01-26T10:29:05+00:00","breadcrumb":{"@id":"https:\/\/luvatjavalvonta.fi\/sv\/information-om-tjansten\/serviceprocess\/kunden\/#breadcrumb"},"inLanguage":"sv-SE","potentialAction":[{"@type":"ReadAction","target":["https:\/\/luvatjavalvonta.fi\/sv\/information-om-tjansten\/serviceprocess\/kunden\/"]}]},{"@type":"ImageObject","inLanguage":"sv-SE","@id":"https:\/\/luvatjavalvonta.fi\/sv\/information-om-tjansten\/serviceprocess\/kunden\/#primaryimage","url":"https:\/\/luvatjavalvonta.fi\/content\/uploads\/2023\/06\/Palveluprosessi_asiakas_sv1-1024x383.png","contentUrl":"https:\/\/luvatjavalvonta.fi\/content\/uploads\/2023\/06\/Palveluprosessi_asiakas_sv1-1024x383.png"},{"@type":"BreadcrumbList","@id":"https:\/\/luvatjavalvonta.fi\/sv\/information-om-tjansten\/serviceprocess\/kunden\/#breadcrumb","itemListElement":[{"@type":"ListItem","position":1,"name":"Home","item":"http:\/\/54.75.134.196:80\/sv\/"},{"@type":"ListItem","position":2,"name":"Information om tj\u00e4nsten","item":"http:\/\/54.75.134.196:80\/sv\/information-om-tjansten\/"},{"@type":"ListItem","position":3,"name":"Serviceprocess","item":"http:\/\/www.luvatjavalvonta.fi\/sv\/information-om-tjansten\/serviceprocess\/"},{"@type":"ListItem","position":4,"name":"Kunden"}]},{"@type":"WebSite","@id":"https:\/\/luvatjavalvonta.fi\/#website","url":"https:\/\/luvatjavalvonta.fi\/","name":"Luvat ja valvonta","description":"","potentialAction":[{"@type":"SearchAction","target":{"@type":"EntryPoint","urlTemplate":"https:\/\/luvatjavalvonta.fi\/?s={search_term_string}"},"query-input":{"@type":"PropertyValueSpecification","valueRequired":true,"valueName":"search_term_string"}}],"inLanguage":"sv-SE"}]}},"_links":{"self":[{"href":"https:\/\/luvatjavalvonta.fi\/sv\/wp-json\/wp\/v2\/pages\/4835","targetHints":{"allow":["GET"]}}],"collection":[{"href":"https:\/\/luvatjavalvonta.fi\/sv\/wp-json\/wp\/v2\/pages"}],"about":[{"href":"https:\/\/luvatjavalvonta.fi\/sv\/wp-json\/wp\/v2\/types\/page"}],"author":[{"embeddable":true,"href":"https:\/\/luvatjavalvonta.fi\/sv\/wp-json\/wp\/v2\/users\/14"}],"replies":[{"embeddable":true,"href":"https:\/\/luvatjavalvonta.fi\/sv\/wp-json\/wp\/v2\/comments?post=4835"}],"version-history":[{"count":5,"href":"https:\/\/luvatjavalvonta.fi\/sv\/wp-json\/wp\/v2\/pages\/4835\/revisions"}],"predecessor-version":[{"id":8391,"href":"https:\/\/luvatjavalvonta.fi\/sv\/wp-json\/wp\/v2\/pages\/4835\/revisions\/8391"}],"up":[{"embeddable":true,"href":"https:\/\/luvatjavalvonta.fi\/sv\/wp-json\/wp\/v2\/pages\/4903"}],"wp:attachment":[{"href":"https:\/\/luvatjavalvonta.fi\/sv\/wp-json\/wp\/v2\/media?parent=4835"}],"curies":[{"name":"wp","href":"https:\/\/api.w.org\/{rel}","templated":true}]}}