{"id":4839,"date":"2022-07-06T16:35:03","date_gmt":"2022-07-06T13:35:03","guid":{"rendered":"https:\/\/luvatjavalvonta.fi\/myndigheten\/"},"modified":"2023-06-20T15:58:25","modified_gmt":"2023-06-20T12:58:25","slug":"myndigheten","status":"publish","type":"page","link":"https:\/\/luvatjavalvonta.fi\/sv\/information-om-tjansten\/serviceprocess\/myndigheten\/","title":{"rendered":"Myndigheten"},"content":{"rendered":"\n<hr class=\"wp-block-separator has-alpha-channel-opacity\"\/>\n\n\n\n<p>F\u00f6r myndighetens del forts\u00e4tter serviceprocessen beroende p\u00e5 hur myndighetens verksamhet \u00e4r ansluten till&nbsp; tj\u00e4nsten Tillst\u00e5nd och tillsyn. Det finns tv\u00e5 alternativa <a href=\"https:\/\/luvatjavalvonta.fi\/tietoa-palvelusta\/liitostavat\/\">anslutningss\u00e4tt<\/a>:<\/p>\n<ul>\n<li>Elektroniskt kommunikationsgr\u00e4nssnitt<\/li>\n<li>F\u00f6renklade tj\u00e4nster<\/li>\n<\/ul>\n<h2>Myndighetsprocess i det elektroniska kommunikationsgr\u00e4nssnittet<\/h2>\n<p>Vid anv\u00e4ndning av det elektroniska kommunikationsgr\u00e4nssnittet handl\u00e4gger myndighetens tj\u00e4nsteman ans\u00f6kan helt i myndighetens egen tj\u00e4nst. De uppgifter som kunden l\u00e4mnar via tj\u00e4nsten Tillst\u00e5nd och tillsyn \u00f6verf\u00f6rs till myndighetens tj\u00e4nst via det elektroniska kommunikationsgr\u00e4nssnittet. Via samma gr\u00e4nssnitt skickas statusinformation om \u00e4renden fr\u00e5n myndighetstj\u00e4nsten till tj\u00e4nsten Tillst\u00e5nd och tillsyn, varvid den uppdateras och visas i tj\u00e4nsten som statusinformation om \u00e4renden.<\/p>\n<p>L\u00e4s mer om tj\u00e4nstens <a href=\"https:\/\/luvatjavalvonta.fi\/sv\/elektroniskt-kommunikationsgranssnitt\/\"><strong>elektroniska kommunikationsgr\u00e4nssnitt<\/strong><\/a>.<\/p>\n\n\n\n<figure class=\"wp-block-image size-large\"><a href=\"https:\/\/luvatjavalvonta.fi\/content\/uploads\/2023\/06\/Palveluprosessi_sahkoinen_sv1.png\"><img loading=\"lazy\" decoding=\"async\" width=\"1024\" height=\"468\" src=\"https:\/\/luvatjavalvonta.fi\/content\/uploads\/2023\/06\/Palveluprosessi_sahkoinen_sv1-1024x468.png\" alt=\"Bilden visar serviceprocessen f\u00f6r mydigheter\" class=\"wp-image-5885\" srcset=\"https:\/\/luvatjavalvonta.fi\/content\/uploads\/2023\/06\/Palveluprosessi_sahkoinen_sv1-1024x468.png 1024w, https:\/\/luvatjavalvonta.fi\/content\/uploads\/2023\/06\/Palveluprosessi_sahkoinen_sv1-300x137.png 300w, https:\/\/luvatjavalvonta.fi\/content\/uploads\/2023\/06\/Palveluprosessi_sahkoinen_sv1-768x351.png 768w, https:\/\/luvatjavalvonta.fi\/content\/uploads\/2023\/06\/Palveluprosessi_sahkoinen_sv1-1536x703.png 1536w, https:\/\/luvatjavalvonta.fi\/content\/uploads\/2023\/06\/Palveluprosessi_sahkoinen_sv1-2048x937.png 2048w\" sizes=\"auto, (max-width: 1024px) 100vw, 1024px\" \/><\/a><figcaption class=\"wp-element-caption\"><em>Bild: Myndighetshandl\u00e4ggning av tillst\u00e5nds- och tillsyns\u00e4renden via det elektroniska kommunikationsgr\u00e4nssnittet<\/em> <em>(klicka p\u00e5 bilden f\u00f6r att f\u00f6rstora den)<\/em><\/figcaption><\/figure>\n\n\n\n<p>&nbsp;<\/p>\n<h2>Myndighetsprocess i den f\u00f6renklade tj\u00e4nsten<\/h2>\n<p>N\u00e4r man anv\u00e4nder den f\u00f6renklade tj\u00e4nsten handl\u00e4ggs myndighets\u00e4renden i tj\u00e4nsten Tillst\u00e5nd och tillsyn.<\/p>\n\n\n\n<figure class=\"wp-block-image size-large\"><a href=\"https:\/\/luvatjavalvonta.fi\/content\/uploads\/2023\/06\/Palveluprosessi_kevytasiointi_sv1.png\"><img loading=\"lazy\" decoding=\"async\" width=\"1024\" height=\"607\" src=\"https:\/\/luvatjavalvonta.fi\/content\/uploads\/2023\/06\/Palveluprosessi_kevytasiointi_sv1-1024x607.png\" alt=\"Bilden visar serviceprocessen f\u00f6r mydigheter\" class=\"wp-image-5887\" srcset=\"https:\/\/luvatjavalvonta.fi\/content\/uploads\/2023\/06\/Palveluprosessi_kevytasiointi_sv1-1024x607.png 1024w, https:\/\/luvatjavalvonta.fi\/content\/uploads\/2023\/06\/Palveluprosessi_kevytasiointi_sv1-300x178.png 300w, https:\/\/luvatjavalvonta.fi\/content\/uploads\/2023\/06\/Palveluprosessi_kevytasiointi_sv1-768x455.png 768w, https:\/\/luvatjavalvonta.fi\/content\/uploads\/2023\/06\/Palveluprosessi_kevytasiointi_sv1-1536x911.png 1536w, https:\/\/luvatjavalvonta.fi\/content\/uploads\/2023\/06\/Palveluprosessi_kevytasiointi_sv1-2048x1214.png 2048w\" sizes=\"auto, (max-width: 1024px) 100vw, 1024px\" \/><\/a><\/figure>\n\n\n\n<p>L\u00e4s mer om <a href=\"https:\/\/luvatjavalvonta.fi\/sv\/information-om-tjansten\/anslutningssatt\/forenklad-e-tjanst\/\"><strong>den f\u00f6renklade tj\u00e4nsten<\/strong><\/a>.<\/p>\n","protected":false},"excerpt":{"rendered":"<p>F\u00f6r myndighetens del forts\u00e4tter serviceprocessen beroende p\u00e5 hur myndighetens verksamhet \u00e4r ansluten till&nbsp; tj\u00e4nsten Tillst\u00e5nd och tillsyn. Det finns tv\u00e5 alternativa anslutningss\u00e4tt: Elektroniskt kommunikationsgr\u00e4nssnitt F\u00f6renklade tj\u00e4nster Myndighetsprocess i det elektroniska kommunikationsgr\u00e4nssnittet Vid anv\u00e4ndning av det elektroniska kommunikationsgr\u00e4nssnittet handl\u00e4gger myndighetens tj\u00e4nsteman ans\u00f6kan helt i myndighetens egen tj\u00e4nst. De uppgifter som kunden l\u00e4mnar via tj\u00e4nsten Tillst\u00e5nd och [&hellip;]<\/p>\n","protected":false},"author":14,"featured_media":0,"parent":4903,"menu_order":158,"comment_status":"closed","ping_status":"closed","template":"","meta":{"_acf_changed":false,"inline_featured_image":false,"footnotes":""},"class_list":["post-4839","page","type-page","status-publish","hentry"],"acf":{"ai_extra_content":"","ai_instructions":"","ai_hidden_page":false},"yoast_head":"<!-- This site is optimized with the Yoast SEO plugin v25.9 - https:\/\/yoast.com\/wordpress\/plugins\/seo\/ -->\n<title>Myndigheten - Luvat ja valvonta<\/title>\n<meta name=\"robots\" content=\"index, follow, max-snippet:-1, max-image-preview:large, max-video-preview:-1\" \/>\n<link rel=\"canonical\" href=\"https:\/\/luvatjavalvonta.fi\/sv\/information-om-tjansten\/serviceprocess\/myndigheten\/\" \/>\n<meta property=\"og:locale\" content=\"sv_SE\" \/>\n<meta property=\"og:type\" content=\"article\" \/>\n<meta property=\"og:title\" content=\"Myndigheten - Luvat ja valvonta\" \/>\n<meta property=\"og:description\" content=\"F\u00f6r myndighetens del forts\u00e4tter serviceprocessen beroende p\u00e5 hur myndighetens verksamhet \u00e4r ansluten till&nbsp; tj\u00e4nsten Tillst\u00e5nd och tillsyn. Det finns tv\u00e5 alternativa anslutningss\u00e4tt: Elektroniskt kommunikationsgr\u00e4nssnitt F\u00f6renklade tj\u00e4nster Myndighetsprocess i det elektroniska kommunikationsgr\u00e4nssnittet Vid anv\u00e4ndning av det elektroniska kommunikationsgr\u00e4nssnittet handl\u00e4gger myndighetens tj\u00e4nsteman ans\u00f6kan helt i myndighetens egen tj\u00e4nst. De uppgifter som kunden l\u00e4mnar via tj\u00e4nsten Tillst\u00e5nd och [&hellip;]\" \/>\n<meta property=\"og:url\" content=\"https:\/\/luvatjavalvonta.fi\/sv\/information-om-tjansten\/serviceprocess\/myndigheten\/\" \/>\n<meta property=\"og:site_name\" content=\"Luvat ja valvonta\" \/>\n<meta property=\"article:modified_time\" content=\"2023-06-20T12:58:25+00:00\" \/>\n<meta property=\"og:image\" content=\"https:\/\/luvatjavalvonta.fi\/content\/uploads\/2023\/06\/Palveluprosessi_sahkoinen_sv1-1024x468.png\" \/>\n<meta name=\"twitter:card\" content=\"summary_large_image\" \/>\n<meta name=\"twitter:label1\" content=\"Est. reading time\" \/>\n\t<meta name=\"twitter:data1\" content=\"2 minutes\" \/>\n<script type=\"application\/ld+json\" class=\"yoast-schema-graph\">{\"@context\":\"https:\/\/schema.org\",\"@graph\":[{\"@type\":\"WebPage\",\"@id\":\"https:\/\/luvatjavalvonta.fi\/sv\/information-om-tjansten\/serviceprocess\/myndigheten\/\",\"url\":\"https:\/\/luvatjavalvonta.fi\/sv\/information-om-tjansten\/serviceprocess\/myndigheten\/\",\"name\":\"Myndigheten - Luvat ja valvonta\",\"isPartOf\":{\"@id\":\"https:\/\/luvatjavalvonta.fi\/#website\"},\"primaryImageOfPage\":{\"@id\":\"https:\/\/luvatjavalvonta.fi\/sv\/information-om-tjansten\/serviceprocess\/myndigheten\/#primaryimage\"},\"image\":{\"@id\":\"https:\/\/luvatjavalvonta.fi\/sv\/information-om-tjansten\/serviceprocess\/myndigheten\/#primaryimage\"},\"thumbnailUrl\":\"https:\/\/luvatjavalvonta.fi\/content\/uploads\/2023\/06\/Palveluprosessi_sahkoinen_sv1-1024x468.png\",\"datePublished\":\"2022-07-06T13:35:03+00:00\",\"dateModified\":\"2023-06-20T12:58:25+00:00\",\"breadcrumb\":{\"@id\":\"https:\/\/luvatjavalvonta.fi\/sv\/information-om-tjansten\/serviceprocess\/myndigheten\/#breadcrumb\"},\"inLanguage\":\"sv-SE\",\"potentialAction\":[{\"@type\":\"ReadAction\",\"target\":[\"https:\/\/luvatjavalvonta.fi\/sv\/information-om-tjansten\/serviceprocess\/myndigheten\/\"]}]},{\"@type\":\"ImageObject\",\"inLanguage\":\"sv-SE\",\"@id\":\"https:\/\/luvatjavalvonta.fi\/sv\/information-om-tjansten\/serviceprocess\/myndigheten\/#primaryimage\",\"url\":\"https:\/\/luvatjavalvonta.fi\/content\/uploads\/2023\/06\/Palveluprosessi_sahkoinen_sv1-1024x468.png\",\"contentUrl\":\"https:\/\/luvatjavalvonta.fi\/content\/uploads\/2023\/06\/Palveluprosessi_sahkoinen_sv1-1024x468.png\"},{\"@type\":\"BreadcrumbList\",\"@id\":\"https:\/\/luvatjavalvonta.fi\/sv\/information-om-tjansten\/serviceprocess\/myndigheten\/#breadcrumb\",\"itemListElement\":[{\"@type\":\"ListItem\",\"position\":1,\"name\":\"Home\",\"item\":\"http:\/\/54.75.134.196:80\/sv\/\"},{\"@type\":\"ListItem\",\"position\":2,\"name\":\"Information om tj\u00e4nsten\",\"item\":\"http:\/\/54.75.134.196:80\/sv\/information-om-tjansten\/\"},{\"@type\":\"ListItem\",\"position\":3,\"name\":\"Serviceprocess\",\"item\":\"http:\/\/www.luvatjavalvonta.fi\/sv\/information-om-tjansten\/serviceprocess\/\"},{\"@type\":\"ListItem\",\"position\":4,\"name\":\"Myndigheten\"}]},{\"@type\":\"WebSite\",\"@id\":\"https:\/\/luvatjavalvonta.fi\/#website\",\"url\":\"https:\/\/luvatjavalvonta.fi\/\",\"name\":\"Luvat ja valvonta\",\"description\":\"\",\"potentialAction\":[{\"@type\":\"SearchAction\",\"target\":{\"@type\":\"EntryPoint\",\"urlTemplate\":\"https:\/\/luvatjavalvonta.fi\/?s={search_term_string}\"},\"query-input\":{\"@type\":\"PropertyValueSpecification\",\"valueRequired\":true,\"valueName\":\"search_term_string\"}}],\"inLanguage\":\"sv-SE\"}]}<\/script>\n<!-- \/ Yoast SEO plugin. -->","yoast_head_json":{"title":"Myndigheten - Luvat ja valvonta","robots":{"index":"index","follow":"follow","max-snippet":"max-snippet:-1","max-image-preview":"max-image-preview:large","max-video-preview":"max-video-preview:-1"},"canonical":"https:\/\/luvatjavalvonta.fi\/sv\/information-om-tjansten\/serviceprocess\/myndigheten\/","og_locale":"sv_SE","og_type":"article","og_title":"Myndigheten - Luvat ja valvonta","og_description":"F\u00f6r myndighetens del forts\u00e4tter serviceprocessen beroende p\u00e5 hur myndighetens verksamhet \u00e4r ansluten till&nbsp; tj\u00e4nsten Tillst\u00e5nd och tillsyn. Det finns tv\u00e5 alternativa anslutningss\u00e4tt: Elektroniskt kommunikationsgr\u00e4nssnitt F\u00f6renklade tj\u00e4nster Myndighetsprocess i det elektroniska kommunikationsgr\u00e4nssnittet Vid anv\u00e4ndning av det elektroniska kommunikationsgr\u00e4nssnittet handl\u00e4gger myndighetens tj\u00e4nsteman ans\u00f6kan helt i myndighetens egen tj\u00e4nst. De uppgifter som kunden l\u00e4mnar via tj\u00e4nsten Tillst\u00e5nd och [&hellip;]","og_url":"https:\/\/luvatjavalvonta.fi\/sv\/information-om-tjansten\/serviceprocess\/myndigheten\/","og_site_name":"Luvat ja valvonta","article_modified_time":"2023-06-20T12:58:25+00:00","og_image":[{"url":"https:\/\/luvatjavalvonta.fi\/content\/uploads\/2023\/06\/Palveluprosessi_sahkoinen_sv1-1024x468.png","type":"","width":"","height":""}],"twitter_card":"summary_large_image","twitter_misc":{"Est. reading time":"2 minutes"},"schema":{"@context":"https:\/\/schema.org","@graph":[{"@type":"WebPage","@id":"https:\/\/luvatjavalvonta.fi\/sv\/information-om-tjansten\/serviceprocess\/myndigheten\/","url":"https:\/\/luvatjavalvonta.fi\/sv\/information-om-tjansten\/serviceprocess\/myndigheten\/","name":"Myndigheten - Luvat ja valvonta","isPartOf":{"@id":"https:\/\/luvatjavalvonta.fi\/#website"},"primaryImageOfPage":{"@id":"https:\/\/luvatjavalvonta.fi\/sv\/information-om-tjansten\/serviceprocess\/myndigheten\/#primaryimage"},"image":{"@id":"https:\/\/luvatjavalvonta.fi\/sv\/information-om-tjansten\/serviceprocess\/myndigheten\/#primaryimage"},"thumbnailUrl":"https:\/\/luvatjavalvonta.fi\/content\/uploads\/2023\/06\/Palveluprosessi_sahkoinen_sv1-1024x468.png","datePublished":"2022-07-06T13:35:03+00:00","dateModified":"2023-06-20T12:58:25+00:00","breadcrumb":{"@id":"https:\/\/luvatjavalvonta.fi\/sv\/information-om-tjansten\/serviceprocess\/myndigheten\/#breadcrumb"},"inLanguage":"sv-SE","potentialAction":[{"@type":"ReadAction","target":["https:\/\/luvatjavalvonta.fi\/sv\/information-om-tjansten\/serviceprocess\/myndigheten\/"]}]},{"@type":"ImageObject","inLanguage":"sv-SE","@id":"https:\/\/luvatjavalvonta.fi\/sv\/information-om-tjansten\/serviceprocess\/myndigheten\/#primaryimage","url":"https:\/\/luvatjavalvonta.fi\/content\/uploads\/2023\/06\/Palveluprosessi_sahkoinen_sv1-1024x468.png","contentUrl":"https:\/\/luvatjavalvonta.fi\/content\/uploads\/2023\/06\/Palveluprosessi_sahkoinen_sv1-1024x468.png"},{"@type":"BreadcrumbList","@id":"https:\/\/luvatjavalvonta.fi\/sv\/information-om-tjansten\/serviceprocess\/myndigheten\/#breadcrumb","itemListElement":[{"@type":"ListItem","position":1,"name":"Home","item":"http:\/\/54.75.134.196:80\/sv\/"},{"@type":"ListItem","position":2,"name":"Information om tj\u00e4nsten","item":"http:\/\/54.75.134.196:80\/sv\/information-om-tjansten\/"},{"@type":"ListItem","position":3,"name":"Serviceprocess","item":"http:\/\/www.luvatjavalvonta.fi\/sv\/information-om-tjansten\/serviceprocess\/"},{"@type":"ListItem","position":4,"name":"Myndigheten"}]},{"@type":"WebSite","@id":"https:\/\/luvatjavalvonta.fi\/#website","url":"https:\/\/luvatjavalvonta.fi\/","name":"Luvat ja valvonta","description":"","potentialAction":[{"@type":"SearchAction","target":{"@type":"EntryPoint","urlTemplate":"https:\/\/luvatjavalvonta.fi\/?s={search_term_string}"},"query-input":{"@type":"PropertyValueSpecification","valueRequired":true,"valueName":"search_term_string"}}],"inLanguage":"sv-SE"}]}},"_links":{"self":[{"href":"https:\/\/luvatjavalvonta.fi\/sv\/wp-json\/wp\/v2\/pages\/4839","targetHints":{"allow":["GET"]}}],"collection":[{"href":"https:\/\/luvatjavalvonta.fi\/sv\/wp-json\/wp\/v2\/pages"}],"about":[{"href":"https:\/\/luvatjavalvonta.fi\/sv\/wp-json\/wp\/v2\/types\/page"}],"author":[{"embeddable":true,"href":"https:\/\/luvatjavalvonta.fi\/sv\/wp-json\/wp\/v2\/users\/14"}],"replies":[{"embeddable":true,"href":"https:\/\/luvatjavalvonta.fi\/sv\/wp-json\/wp\/v2\/comments?post=4839"}],"version-history":[{"count":5,"href":"https:\/\/luvatjavalvonta.fi\/sv\/wp-json\/wp\/v2\/pages\/4839\/revisions"}],"predecessor-version":[{"id":5895,"href":"https:\/\/luvatjavalvonta.fi\/sv\/wp-json\/wp\/v2\/pages\/4839\/revisions\/5895"}],"up":[{"embeddable":true,"href":"https:\/\/luvatjavalvonta.fi\/sv\/wp-json\/wp\/v2\/pages\/4903"}],"wp:attachment":[{"href":"https:\/\/luvatjavalvonta.fi\/sv\/wp-json\/wp\/v2\/media?parent=4839"}],"curies":[{"name":"wp","href":"https:\/\/api.w.org\/{rel}","templated":true}]}}