{"id":4859,"date":"2022-06-15T11:20:32","date_gmt":"2022-06-15T08:20:32","guid":{"rendered":"https:\/\/luvatjavalvonta.fi\/gemensam-vy\/"},"modified":"2023-06-26T10:40:49","modified_gmt":"2023-06-26T07:40:49","slug":"gemensam-vy","status":"publish","type":"page","link":"https:\/\/luvatjavalvonta.fi\/sv\/information-om-tjansten\/egenskaper\/gemensam-vy\/","title":{"rendered":"Gemensam vy"},"content":{"rendered":"\n<hr class=\"wp-block-separator has-alpha-channel-opacity\"\/>\n\n\n\n<div class=\"wp-block-columns is-layout-flex wp-container-core-columns-is-layout-9d6595d7 wp-block-columns-is-layout-flex\">\n<div class=\"wp-block-column is-vertically-aligned-top is-layout-flow wp-block-column-is-layout-flow\" style=\"flex-basis:50%\"><div class=\"wp-block-image\">\n<figure class=\"aligncenter size-full is-resized\"><img loading=\"lazy\" decoding=\"async\" src=\"https:\/\/luvatjavalvonta.fi\/content\/uploads\/2022\/08\/Yhteinennakyma_11.png\" alt=\"Illustration\" class=\"wp-image-2578\" width=\"150\" height=\"150\" srcset=\"https:\/\/luvatjavalvonta.fi\/content\/uploads\/2022\/08\/Yhteinennakyma_11.png 882w, https:\/\/luvatjavalvonta.fi\/content\/uploads\/2022\/08\/Yhteinennakyma_11-300x300.png 300w, https:\/\/luvatjavalvonta.fi\/content\/uploads\/2022\/08\/Yhteinennakyma_11-150x150.png 150w, https:\/\/luvatjavalvonta.fi\/content\/uploads\/2022\/08\/Yhteinennakyma_11-768x769.png 768w, https:\/\/luvatjavalvonta.fi\/content\/uploads\/2022\/08\/Yhteinennakyma_11-200x200.png 200w\" sizes=\"auto, (max-width: 150px) 100vw, 150px\" \/><\/figure><\/div><\/div>\n\n\n\n<div class=\"wp-block-column is-vertically-aligned-bottom is-layout-flow wp-block-column-is-layout-flow\" style=\"flex-basis:50%\">\n<p>I den gemensamma vyn ser kunder och myndigheter som ansluter sig till servicehelheten samma information om tillst\u00e5nds- och tillsyns\u00e4renden relaterade till kundens projekt. Den gemensamma vyn visar information om kundprojektets \u00e4renden enligt f\u00f6ljande:<\/p>\n<\/div>\n<\/div>\n\n\n\n<ul>\n<li>\u00e4rendets namn och ansvarig myndighet (vems tj\u00e4nster det \u00e4r fr\u00e5ga om)<\/li>\n<li>\u00e4rendets beteckning eller diarienummer, som visas i tj\u00e4nsten efter att myndigheten har anh\u00e4ngiggjort \u00e4rendet och gett det en beteckning. Beteckning \u00e4r inte en obligatorisk uppgift och anv\u00e4nds inte alltid av myndigheten<\/li>\n<li>handl\u00e4ggare, som visas i tj\u00e4nsten efter att myndigheten utsett en handl\u00e4ggare av \u00e4rendet<\/li>\n<li>startdatum f\u00f6r handl\u00e4ggning<\/li>\n<li>datum f\u00f6r \u00e4rendets status, anger n\u00e4r \u00e4rendets status senast har \u00e4ndrats<\/li>\n<li>information om \u00e4rendets status. Statusinformationen kan variera mellan \u00e4renden, s\u00e4rskilt vad g\u00e4ller den senaste statusen (\u00e4rendets senaste status kan till exempel vara beviljats, godk\u00e4nts, kontrollerats, mottagits etc.)<\/li>\n<li>statusbeteckningarna varierar beroende p\u00e5 till exempel \u00e4rendets och handl\u00e4ggningens art. F\u00f6r tillst\u00e5ndsans\u00f6kan, anm\u00e4lan, registrering, plan eller tillsynsbeg\u00e4ran anv\u00e4nds ofta olika statusuppgifter, i synnerhet f\u00f6r den sista statusen.&nbsp;<\/li>\n<\/ul>\n<p>Nedan visas en bild av den gemensamma vyn i tj\u00e4nsten.<\/p>\n<p>&nbsp;<\/p>\n\n\n\n<div class=\"wp-block-columns is-layout-flex wp-container-core-columns-is-layout-9d6595d7 wp-block-columns-is-layout-flex\">\n<div class=\"wp-block-column is-layout-flow wp-block-column-is-layout-flow\">\n<h3 style=\"text-align: center;\"><a href=\"https:\/\/luvatjavalvonta.fi\/sv\/exempel-pa-gemensam-vy\/\"><img loading=\"lazy\" decoding=\"async\" class=\"aligncenter wp-image-2614\" src=\"https:\/\/luvatjavalvonta.fi\/content\/uploads\/2022\/08\/Esimerkki_1.png\" alt=\"\" width=\"125\" height=\"125\" srcset=\"https:\/\/luvatjavalvonta.fi\/content\/uploads\/2022\/08\/Esimerkki_1.png 664w, https:\/\/luvatjavalvonta.fi\/content\/uploads\/2022\/08\/Esimerkki_1-300x300.png 300w, https:\/\/luvatjavalvonta.fi\/content\/uploads\/2022\/08\/Esimerkki_1-150x150.png 150w, https:\/\/luvatjavalvonta.fi\/content\/uploads\/2022\/08\/Esimerkki_1-200x200.png 200w\" sizes=\"auto, (max-width: 125px) 100vw, 125px\" \/>Exempel p\u00e5<br \/>gemensam vy <br \/>(p\u00e5 finska) \u203a<\/a><\/h3>\n<\/div>\n\n\n\n<div class=\"wp-block-column is-layout-flow wp-block-column-is-layout-flow\"><\/div>\n\n\n\n<div class=\"wp-block-column is-layout-flow wp-block-column-is-layout-flow\"><\/div>\n<\/div>\n\n\n\n<h3>\u00a0<\/h3>\n<h3><a href=\"https:\/\/luvatjavalvonta.fi\/tietoa-palvelusta\/palvelun-tarjonta\/\">Tillbaka \u203a<\/a><\/h3>\n","protected":false},"excerpt":{"rendered":"<p>I den gemensamma vyn ser kunder och myndigheter som ansluter sig till servicehelheten samma information om tillst\u00e5nds- och tillsyns\u00e4renden relaterade till kundens projekt. Den gemensamma vyn visar information om kundprojektets \u00e4renden enligt f\u00f6ljande: \u00e4rendets namn och ansvarig myndighet (vems tj\u00e4nster det \u00e4r fr\u00e5ga om) \u00e4rendets beteckning eller diarienummer, som visas i tj\u00e4nsten efter att myndigheten [&hellip;]<\/p>\n","protected":false},"author":14,"featured_media":0,"parent":4905,"menu_order":170,"comment_status":"closed","ping_status":"closed","template":"","meta":{"_acf_changed":false,"inline_featured_image":false,"footnotes":""},"class_list":["post-4859","page","type-page","status-publish","hentry"],"acf":{"ai_extra_content":"","ai_instructions":"","ai_hidden_page":false},"yoast_head":"<!-- This site is optimized with the Yoast SEO plugin v25.9 - https:\/\/yoast.com\/wordpress\/plugins\/seo\/ -->\n<title>Gemensam vy - Luvat ja valvonta<\/title>\n<meta name=\"robots\" content=\"index, follow, max-snippet:-1, max-image-preview:large, max-video-preview:-1\" \/>\n<link rel=\"canonical\" href=\"http:\/\/www.luvatjavalvonta.fi\/sv\/information-om-tjansten\/egenskaper\/gemensam-vy\/\" \/>\n<meta property=\"og:locale\" content=\"sv_SE\" \/>\n<meta property=\"og:type\" content=\"article\" \/>\n<meta property=\"og:title\" content=\"Gemensam vy - Luvat ja valvonta\" \/>\n<meta property=\"og:description\" content=\"I den gemensamma vyn ser kunder och myndigheter som ansluter sig till servicehelheten samma information om tillst\u00e5nds- och tillsyns\u00e4renden relaterade till kundens projekt. Den gemensamma vyn visar information om kundprojektets \u00e4renden enligt f\u00f6ljande: \u00e4rendets namn och ansvarig myndighet (vems tj\u00e4nster det \u00e4r fr\u00e5ga om) \u00e4rendets beteckning eller diarienummer, som visas i tj\u00e4nsten efter att myndigheten [&hellip;]\" \/>\n<meta property=\"og:url\" content=\"http:\/\/www.luvatjavalvonta.fi\/sv\/information-om-tjansten\/egenskaper\/gemensam-vy\/\" \/>\n<meta property=\"og:site_name\" content=\"Luvat ja valvonta\" \/>\n<meta property=\"article:modified_time\" content=\"2023-06-26T07:40:49+00:00\" \/>\n<meta property=\"og:image\" content=\"https:\/\/luvatjavalvonta.fi\/content\/uploads\/2022\/08\/Yhteinennakyma_11.png\" \/>\n<meta name=\"twitter:card\" content=\"summary_large_image\" \/>\n<meta name=\"twitter:label1\" content=\"Est. reading time\" \/>\n\t<meta name=\"twitter:data1\" content=\"2 minutes\" \/>\n<script type=\"application\/ld+json\" class=\"yoast-schema-graph\">{\"@context\":\"https:\/\/schema.org\",\"@graph\":[{\"@type\":\"WebPage\",\"@id\":\"http:\/\/www.luvatjavalvonta.fi\/sv\/information-om-tjansten\/egenskaper\/gemensam-vy\/\",\"url\":\"http:\/\/www.luvatjavalvonta.fi\/sv\/information-om-tjansten\/egenskaper\/gemensam-vy\/\",\"name\":\"Gemensam vy - Luvat ja valvonta\",\"isPartOf\":{\"@id\":\"https:\/\/luvatjavalvonta.fi\/#website\"},\"primaryImageOfPage\":{\"@id\":\"http:\/\/www.luvatjavalvonta.fi\/sv\/information-om-tjansten\/egenskaper\/gemensam-vy\/#primaryimage\"},\"image\":{\"@id\":\"http:\/\/www.luvatjavalvonta.fi\/sv\/information-om-tjansten\/egenskaper\/gemensam-vy\/#primaryimage\"},\"thumbnailUrl\":\"https:\/\/luvatjavalvonta.fi\/content\/uploads\/2022\/08\/Yhteinennakyma_11.png\",\"datePublished\":\"2022-06-15T08:20:32+00:00\",\"dateModified\":\"2023-06-26T07:40:49+00:00\",\"breadcrumb\":{\"@id\":\"http:\/\/www.luvatjavalvonta.fi\/sv\/information-om-tjansten\/egenskaper\/gemensam-vy\/#breadcrumb\"},\"inLanguage\":\"sv-SE\",\"potentialAction\":[{\"@type\":\"ReadAction\",\"target\":[\"http:\/\/www.luvatjavalvonta.fi\/sv\/information-om-tjansten\/egenskaper\/gemensam-vy\/\"]}]},{\"@type\":\"ImageObject\",\"inLanguage\":\"sv-SE\",\"@id\":\"http:\/\/www.luvatjavalvonta.fi\/sv\/information-om-tjansten\/egenskaper\/gemensam-vy\/#primaryimage\",\"url\":\"https:\/\/luvatjavalvonta.fi\/content\/uploads\/2022\/08\/Yhteinennakyma_11.png\",\"contentUrl\":\"https:\/\/luvatjavalvonta.fi\/content\/uploads\/2022\/08\/Yhteinennakyma_11.png\"},{\"@type\":\"BreadcrumbList\",\"@id\":\"http:\/\/www.luvatjavalvonta.fi\/sv\/information-om-tjansten\/egenskaper\/gemensam-vy\/#breadcrumb\",\"itemListElement\":[{\"@type\":\"ListItem\",\"position\":1,\"name\":\"Home\",\"item\":\"http:\/\/54.75.134.196:80\/sv\/\"},{\"@type\":\"ListItem\",\"position\":2,\"name\":\"Information om tj\u00e4nsten\",\"item\":\"http:\/\/54.75.134.196:80\/sv\/information-om-tjansten\/\"},{\"@type\":\"ListItem\",\"position\":3,\"name\":\"Egenskaper\",\"item\":\"http:\/\/54.75.134.196:80\/sv\/information-om-tjansten\/egenskaper\/\"},{\"@type\":\"ListItem\",\"position\":4,\"name\":\"Gemensam vy\"}]},{\"@type\":\"WebSite\",\"@id\":\"https:\/\/luvatjavalvonta.fi\/#website\",\"url\":\"https:\/\/luvatjavalvonta.fi\/\",\"name\":\"Luvat ja valvonta\",\"description\":\"\",\"potentialAction\":[{\"@type\":\"SearchAction\",\"target\":{\"@type\":\"EntryPoint\",\"urlTemplate\":\"https:\/\/luvatjavalvonta.fi\/?s={search_term_string}\"},\"query-input\":{\"@type\":\"PropertyValueSpecification\",\"valueRequired\":true,\"valueName\":\"search_term_string\"}}],\"inLanguage\":\"sv-SE\"}]}<\/script>\n<!-- \/ Yoast SEO plugin. -->","yoast_head_json":{"title":"Gemensam vy - Luvat ja valvonta","robots":{"index":"index","follow":"follow","max-snippet":"max-snippet:-1","max-image-preview":"max-image-preview:large","max-video-preview":"max-video-preview:-1"},"canonical":"http:\/\/www.luvatjavalvonta.fi\/sv\/information-om-tjansten\/egenskaper\/gemensam-vy\/","og_locale":"sv_SE","og_type":"article","og_title":"Gemensam vy - Luvat ja valvonta","og_description":"I den gemensamma vyn ser kunder och myndigheter som ansluter sig till servicehelheten samma information om tillst\u00e5nds- och tillsyns\u00e4renden relaterade till kundens projekt. Den gemensamma vyn visar information om kundprojektets \u00e4renden enligt f\u00f6ljande: \u00e4rendets namn och ansvarig myndighet (vems tj\u00e4nster det \u00e4r fr\u00e5ga om) \u00e4rendets beteckning eller diarienummer, som visas i tj\u00e4nsten efter att myndigheten [&hellip;]","og_url":"http:\/\/www.luvatjavalvonta.fi\/sv\/information-om-tjansten\/egenskaper\/gemensam-vy\/","og_site_name":"Luvat ja valvonta","article_modified_time":"2023-06-26T07:40:49+00:00","og_image":[{"url":"https:\/\/luvatjavalvonta.fi\/content\/uploads\/2022\/08\/Yhteinennakyma_11.png","type":"","width":"","height":""}],"twitter_card":"summary_large_image","twitter_misc":{"Est. reading time":"2 minutes"},"schema":{"@context":"https:\/\/schema.org","@graph":[{"@type":"WebPage","@id":"http:\/\/www.luvatjavalvonta.fi\/sv\/information-om-tjansten\/egenskaper\/gemensam-vy\/","url":"http:\/\/www.luvatjavalvonta.fi\/sv\/information-om-tjansten\/egenskaper\/gemensam-vy\/","name":"Gemensam vy - Luvat ja valvonta","isPartOf":{"@id":"https:\/\/luvatjavalvonta.fi\/#website"},"primaryImageOfPage":{"@id":"http:\/\/www.luvatjavalvonta.fi\/sv\/information-om-tjansten\/egenskaper\/gemensam-vy\/#primaryimage"},"image":{"@id":"http:\/\/www.luvatjavalvonta.fi\/sv\/information-om-tjansten\/egenskaper\/gemensam-vy\/#primaryimage"},"thumbnailUrl":"https:\/\/luvatjavalvonta.fi\/content\/uploads\/2022\/08\/Yhteinennakyma_11.png","datePublished":"2022-06-15T08:20:32+00:00","dateModified":"2023-06-26T07:40:49+00:00","breadcrumb":{"@id":"http:\/\/www.luvatjavalvonta.fi\/sv\/information-om-tjansten\/egenskaper\/gemensam-vy\/#breadcrumb"},"inLanguage":"sv-SE","potentialAction":[{"@type":"ReadAction","target":["http:\/\/www.luvatjavalvonta.fi\/sv\/information-om-tjansten\/egenskaper\/gemensam-vy\/"]}]},{"@type":"ImageObject","inLanguage":"sv-SE","@id":"http:\/\/www.luvatjavalvonta.fi\/sv\/information-om-tjansten\/egenskaper\/gemensam-vy\/#primaryimage","url":"https:\/\/luvatjavalvonta.fi\/content\/uploads\/2022\/08\/Yhteinennakyma_11.png","contentUrl":"https:\/\/luvatjavalvonta.fi\/content\/uploads\/2022\/08\/Yhteinennakyma_11.png"},{"@type":"BreadcrumbList","@id":"http:\/\/www.luvatjavalvonta.fi\/sv\/information-om-tjansten\/egenskaper\/gemensam-vy\/#breadcrumb","itemListElement":[{"@type":"ListItem","position":1,"name":"Home","item":"http:\/\/54.75.134.196:80\/sv\/"},{"@type":"ListItem","position":2,"name":"Information om tj\u00e4nsten","item":"http:\/\/54.75.134.196:80\/sv\/information-om-tjansten\/"},{"@type":"ListItem","position":3,"name":"Egenskaper","item":"http:\/\/54.75.134.196:80\/sv\/information-om-tjansten\/egenskaper\/"},{"@type":"ListItem","position":4,"name":"Gemensam vy"}]},{"@type":"WebSite","@id":"https:\/\/luvatjavalvonta.fi\/#website","url":"https:\/\/luvatjavalvonta.fi\/","name":"Luvat ja valvonta","description":"","potentialAction":[{"@type":"SearchAction","target":{"@type":"EntryPoint","urlTemplate":"https:\/\/luvatjavalvonta.fi\/?s={search_term_string}"},"query-input":{"@type":"PropertyValueSpecification","valueRequired":true,"valueName":"search_term_string"}}],"inLanguage":"sv-SE"}]}},"_links":{"self":[{"href":"https:\/\/luvatjavalvonta.fi\/sv\/wp-json\/wp\/v2\/pages\/4859","targetHints":{"allow":["GET"]}}],"collection":[{"href":"https:\/\/luvatjavalvonta.fi\/sv\/wp-json\/wp\/v2\/pages"}],"about":[{"href":"https:\/\/luvatjavalvonta.fi\/sv\/wp-json\/wp\/v2\/types\/page"}],"author":[{"embeddable":true,"href":"https:\/\/luvatjavalvonta.fi\/sv\/wp-json\/wp\/v2\/users\/14"}],"replies":[{"embeddable":true,"href":"https:\/\/luvatjavalvonta.fi\/sv\/wp-json\/wp\/v2\/comments?post=4859"}],"version-history":[{"count":3,"href":"https:\/\/luvatjavalvonta.fi\/sv\/wp-json\/wp\/v2\/pages\/4859\/revisions"}],"predecessor-version":[{"id":5929,"href":"https:\/\/luvatjavalvonta.fi\/sv\/wp-json\/wp\/v2\/pages\/4859\/revisions\/5929"}],"up":[{"embeddable":true,"href":"https:\/\/luvatjavalvonta.fi\/sv\/wp-json\/wp\/v2\/pages\/4905"}],"wp:attachment":[{"href":"https:\/\/luvatjavalvonta.fi\/sv\/wp-json\/wp\/v2\/media?parent=4859"}],"curies":[{"name":"wp","href":"https:\/\/api.w.org\/{rel}","templated":true}]}}