{"id":4861,"date":"2022-06-15T13:29:02","date_gmt":"2022-06-15T10:29:02","guid":{"rendered":"https:\/\/luvatjavalvonta.fi\/exempel-pa-utredning-av-tillstandsbehov\/"},"modified":"2023-04-27T15:22:28","modified_gmt":"2023-04-27T12:22:28","slug":"exempel-pa-utredning-av-tillstandsbehov","status":"publish","type":"page","link":"https:\/\/luvatjavalvonta.fi\/sv\/information-om-tjansten\/egenskaper\/utredning-av-tillstandsbehov\/exempel-pa-utredning-av-tillstandsbehov\/","title":{"rendered":"Exempel p\u00e5 utredning av tillst\u00e5ndsbehov&shy;"},"content":{"rendered":"\n<hr class=\"wp-block-separator has-alpha-channel-opacity\"\/>\n\n\n\n<h2>Kundvy i utredning av tillst\u00e5ndsbehov i servicehelheten f\u00f6r evenemangsarrang\u00f6rer<\/h2>\n<p>Utredningen av tillst\u00e5ndsbehov startar n\u00e4r kunden p\u00e5 f\u00f6rstasidan i tj\u00e4nsten <a href=\"https:\/\/lv.ahtp.fi\/fi\/\">Tillst\u00e5nd och tillsyn<\/a>\u00a0v\u00e4ljer <strong>\u201dUtred tillst\u00e5ndsbehovet\u201d<\/strong> (bild 1).<\/p>\n\n\n\n<figure class=\"wp-block-image size-large\"><img loading=\"lazy\" decoding=\"async\" width=\"1024\" height=\"680\" src=\"https:\/\/luvatjavalvonta.fi\/content\/uploads\/2022\/06\/Esimerkki-lupatarveselvitys1-1-1024x680.png\" alt=\"Sidovy d\u00e4r kunden ombes ta reda p\u00e5 n\u00f6dv\u00e4ndiga tillst\u00e5nd\" class=\"wp-image-1241\" srcset=\"https:\/\/luvatjavalvonta.fi\/content\/uploads\/2022\/06\/Esimerkki-lupatarveselvitys1-1-1024x680.png 1024w, https:\/\/luvatjavalvonta.fi\/content\/uploads\/2022\/06\/Esimerkki-lupatarveselvitys1-1-300x200.png 300w, https:\/\/luvatjavalvonta.fi\/content\/uploads\/2022\/06\/Esimerkki-lupatarveselvitys1-1-768x510.png 768w, https:\/\/luvatjavalvonta.fi\/content\/uploads\/2022\/06\/Esimerkki-lupatarveselvitys1-1-1536x1021.png 1536w, https:\/\/luvatjavalvonta.fi\/content\/uploads\/2022\/06\/Esimerkki-lupatarveselvitys1-1.png 1657w\" sizes=\"auto, (max-width: 1024px) 100vw, 1024px\" \/><figcaption class=\"wp-element-caption\"><em>Bild&nbsp;1: Utred tillst\u00e5ndsbehovet<\/em><\/figcaption><\/figure>\n\n\n\n<hr class=\"wp-block-separator has-alpha-channel-opacity\"\/>\n\n\n\n<p>I n\u00e4sta steg anges grundl\u00e4ggande information om verksamheten, och i detta exempel v\u00e4ljs \u201d<strong>ordnande av evenemang<\/strong>\u201d som servicehelhet. Dessutom v\u00e4ljer man den huvudsakliga platsen f\u00f6r verksamheten, som anv\u00e4nds f\u00f6r att rikta lokala tillst\u00e5nds\u00e4renden till r\u00e4tt regional myndighet. Efter valen v\u00e4ljer kunden \u201d<strong>Forts\u00e4tt till utredningen av tillst\u00e5ndsbehov<\/strong>\u201d (bild 2).<\/p>\n\n\n\n<figure class=\"wp-block-image size-large\"><img loading=\"lazy\" decoding=\"async\" width=\"1024\" height=\"689\" src=\"https:\/\/luvatjavalvonta.fi\/content\/uploads\/2022\/06\/Esimerkki-lupatarveselvitys2-1024x689.png\" alt=\"P\u00e5 bilden uppmanas kunden att v\u00e4lja grundl\u00e4ggande information om verksamheten: Servicehelhet och huvudsaklig verksamhetsort\" class=\"wp-image-1237\" srcset=\"https:\/\/luvatjavalvonta.fi\/content\/uploads\/2022\/06\/Esimerkki-lupatarveselvitys2-1024x689.png 1024w, https:\/\/luvatjavalvonta.fi\/content\/uploads\/2022\/06\/Esimerkki-lupatarveselvitys2-300x202.png 300w, https:\/\/luvatjavalvonta.fi\/content\/uploads\/2022\/06\/Esimerkki-lupatarveselvitys2-768x517.png 768w, https:\/\/luvatjavalvonta.fi\/content\/uploads\/2022\/06\/Esimerkki-lupatarveselvitys2-1536x1034.png 1536w, https:\/\/luvatjavalvonta.fi\/content\/uploads\/2022\/06\/Esimerkki-lupatarveselvitys2-297x200.png 297w, https:\/\/luvatjavalvonta.fi\/content\/uploads\/2022\/06\/Esimerkki-lupatarveselvitys2.png 1758w\" sizes=\"auto, (max-width: 1024px) 100vw, 1024px\" \/><figcaption class=\"wp-element-caption\"><em>Bild&nbsp;2: V\u00e4lj grundl\u00e4ggande information om verksamheten<\/em><\/figcaption><\/figure>\n\n\n\n<hr class=\"wp-block-separator has-alpha-channel-opacity\"\/>\n\n\n\n<p>D\u00e4refter \u00f6ppnas den egentliga kundvyn f\u00f6r utredning av tillst\u00e5ndsbehov (bild 3). N\u00e4r det g\u00e4ller ordnande av evenemang \u00e4r den indelad i 18 omr\u00e5den, som kartl\u00e4gger de tillst\u00e5nd kunden beh\u00f6ver f\u00f6r sin verksamhet.<\/p>\n\n\n\n<figure class=\"wp-block-image size-large is-resized\"><img loading=\"lazy\" decoding=\"async\" src=\"https:\/\/luvatjavalvonta.fi\/content\/uploads\/2022\/06\/Esimerkki-lupatarveselvitys3-784x1024.png\" alt=\"Bilden visar exempel p\u00e5 de 18 omr\u00e5den inom ordnande av evenemang som anv\u00e4nds f\u00f6r att fastst\u00e4lla kundens tillst\u00e5ndsbehov.\" class=\"wp-image-1239\" width=\"838\" height=\"1095\" srcset=\"https:\/\/luvatjavalvonta.fi\/content\/uploads\/2022\/06\/Esimerkki-lupatarveselvitys3-784x1024.png 784w, https:\/\/luvatjavalvonta.fi\/content\/uploads\/2022\/06\/Esimerkki-lupatarveselvitys3-230x300.png 230w, https:\/\/luvatjavalvonta.fi\/content\/uploads\/2022\/06\/Esimerkki-lupatarveselvitys3-768x1003.png 768w, https:\/\/luvatjavalvonta.fi\/content\/uploads\/2022\/06\/Esimerkki-lupatarveselvitys3-1176x1536.png 1176w, https:\/\/luvatjavalvonta.fi\/content\/uploads\/2022\/06\/Esimerkki-lupatarveselvitys3-153x200.png 153w, https:\/\/luvatjavalvonta.fi\/content\/uploads\/2022\/06\/Esimerkki-lupatarveselvitys3.png 1368w\" sizes=\"auto, (max-width: 838px) 100vw, 838px\" \/><figcaption class=\"wp-element-caption\"><em>Bild&nbsp;3: Omr\u00e5den med fr\u00e5gor om ordnande av evenemang<\/em><\/figcaption><\/figure>\n\n\n\n<hr class=\"wp-block-separator has-alpha-channel-opacity\"\/>\n\n\n\n<p>Varje omr\u00e5de inneh\u00e5ller en eller flera fr\u00e5gor eller p\u00e5st\u00e5enden. Kunden v\u00e4ljer ett eller flera svar bland svarsalternativen (bild 4). Vissa fr\u00e5gor till\u00e5ter endast ett alternativ, medan andra till\u00e5ter flera svar. Myndigheterna fastst\u00e4ller omr\u00e5dena, fr\u00e5gorna och svaren samt tillst\u00e5ndskraven enligt svaren innan servicehelheten lanseras f\u00f6r kunderna.<\/p>\n\n\n\n<figure class=\"wp-block-image size-large is-resized\"><img loading=\"lazy\" decoding=\"async\" src=\"https:\/\/luvatjavalvonta.fi\/content\/uploads\/2022\/06\/Esimerkki-lupatarveselvitys4-786x1024.png\" alt=\"P\u00e5 bilden visas som exempel ett omr\u00e5de med en fr\u00e5ga och endast ett svar \u00e4r till\u00e5tet: Information om antalet deltagare i evenemanget efterfr\u00e5gas och bilden visar sex storleksalternativ.\" class=\"wp-image-1243\" width=\"840\" height=\"1094\" srcset=\"https:\/\/luvatjavalvonta.fi\/content\/uploads\/2022\/06\/Esimerkki-lupatarveselvitys4-786x1024.png 786w, https:\/\/luvatjavalvonta.fi\/content\/uploads\/2022\/06\/Esimerkki-lupatarveselvitys4-230x300.png 230w, https:\/\/luvatjavalvonta.fi\/content\/uploads\/2022\/06\/Esimerkki-lupatarveselvitys4-768x1001.png 768w, https:\/\/luvatjavalvonta.fi\/content\/uploads\/2022\/06\/Esimerkki-lupatarveselvitys4-1179x1536.png 1179w, https:\/\/luvatjavalvonta.fi\/content\/uploads\/2022\/06\/Esimerkki-lupatarveselvitys4-153x200.png 153w, https:\/\/luvatjavalvonta.fi\/content\/uploads\/2022\/06\/Esimerkki-lupatarveselvitys4.png 1372w\" sizes=\"auto, (max-width: 840px) 100vw, 840px\" \/><figcaption class=\"wp-element-caption\"><em>Bild&nbsp;4: Detta omr\u00e5de inneh\u00e5ller en fr\u00e5ga och endast ett svar \u00e4r till\u00e5tet.<\/em><\/figcaption><\/figure>\n\n\n\n<hr class=\"wp-block-separator has-alpha-channel-opacity\"\/>\n\n\n\n<p>Till slut dirigeras kunden till en vy d\u00e4r de tillst\u00e5nd som f\u00f6ruts\u00e4tts f\u00f6r den planerade verksamheten f\u00f6resl\u00e5s (bild 5). Dessutom kan kunden i denna vy ocks\u00e5 v\u00e4lja andra tillst\u00e5nds\u00e4renden relaterade till servicehelheten.<\/p>\n\n\n\n<figure class=\"wp-block-image size-large\"><img loading=\"lazy\" decoding=\"async\" width=\"952\" height=\"1024\" src=\"https:\/\/luvatjavalvonta.fi\/content\/uploads\/2022\/06\/Esimerkki-lupatarveselvitys5-952x1024.png\" alt=\"P\u00e5 bilden visas de tillst\u00e5nds\u00e4renden som f\u00f6reslagits f\u00f6r verksamheten och de tillst\u00e5nds\u00e4renden som kan v\u00e4ljas p\u00e5 basis av kundens svar.\" class=\"wp-image-1245\" srcset=\"https:\/\/luvatjavalvonta.fi\/content\/uploads\/2022\/06\/Esimerkki-lupatarveselvitys5-952x1024.png 952w, https:\/\/luvatjavalvonta.fi\/content\/uploads\/2022\/06\/Esimerkki-lupatarveselvitys5-279x300.png 279w, https:\/\/luvatjavalvonta.fi\/content\/uploads\/2022\/06\/Esimerkki-lupatarveselvitys5-768x826.png 768w, https:\/\/luvatjavalvonta.fi\/content\/uploads\/2022\/06\/Esimerkki-lupatarveselvitys5-1429x1536.png 1429w, https:\/\/luvatjavalvonta.fi\/content\/uploads\/2022\/06\/Esimerkki-lupatarveselvitys5-186x200.png 186w, https:\/\/luvatjavalvonta.fi\/content\/uploads\/2022\/06\/Esimerkki-lupatarveselvitys5.png 1784w\" sizes=\"auto, (max-width: 952px) 100vw, 952px\" \/><figcaption class=\"wp-element-caption\"><em>Bild&nbsp;5: F\u00f6rslag till n\u00f6dv\u00e4ndiga tillst\u00e5nd f\u00f6r verksamheten och andra valbara tillst\u00e5nds\u00e4renden. <\/em><\/figcaption><\/figure>\n","protected":false},"excerpt":{"rendered":"<p>Kundvy i utredning av tillst\u00e5ndsbehov i servicehelheten f\u00f6r evenemangsarrang\u00f6rer Utredningen av tillst\u00e5ndsbehov startar n\u00e4r kunden p\u00e5 f\u00f6rstasidan i tj\u00e4nsten Tillst\u00e5nd och tillsyn\u00a0v\u00e4ljer \u201dUtred tillst\u00e5ndsbehovet\u201d (bild 1). I n\u00e4sta steg anges grundl\u00e4ggande information om verksamheten, och i detta exempel v\u00e4ljs \u201dordnande av evenemang\u201d som servicehelhet. Dessutom v\u00e4ljer man den huvudsakliga platsen f\u00f6r verksamheten, som anv\u00e4nds f\u00f6r [&hellip;]<\/p>\n","protected":false},"author":14,"featured_media":0,"parent":4875,"menu_order":172,"comment_status":"closed","ping_status":"closed","template":"","meta":{"_acf_changed":false,"inline_featured_image":false,"footnotes":""},"class_list":["post-4861","page","type-page","status-publish","hentry"],"acf":{"ai_extra_content":"","ai_instructions":"","ai_hidden_page":false},"yoast_head":"<!-- This site is optimized with the Yoast SEO plugin v25.9 - https:\/\/yoast.com\/wordpress\/plugins\/seo\/ -->\n<title>Exempel p\u00e5 utredning av tillst\u00e5ndsbehov&shy; - Luvat ja valvonta<\/title>\n<meta name=\"robots\" content=\"index, follow, max-snippet:-1, max-image-preview:large, max-video-preview:-1\" \/>\n<link rel=\"canonical\" href=\"https:\/\/luvatjavalvonta.fi\/sv\/information-om-tjansten\/egenskaper\/utredning-av-tillstandsbehov\/exempel-pa-utredning-av-tillstandsbehov\/\" \/>\n<meta property=\"og:locale\" content=\"sv_SE\" \/>\n<meta property=\"og:type\" content=\"article\" \/>\n<meta property=\"og:title\" content=\"Exempel p\u00e5 utredning av tillst\u00e5ndsbehov&shy; - Luvat ja valvonta\" \/>\n<meta property=\"og:description\" content=\"Kundvy i utredning av tillst\u00e5ndsbehov i servicehelheten f\u00f6r evenemangsarrang\u00f6rer Utredningen av tillst\u00e5ndsbehov startar n\u00e4r kunden p\u00e5 f\u00f6rstasidan i tj\u00e4nsten Tillst\u00e5nd och tillsyn\u00a0v\u00e4ljer \u201dUtred tillst\u00e5ndsbehovet\u201d (bild 1). I n\u00e4sta steg anges grundl\u00e4ggande information om verksamheten, och i detta exempel v\u00e4ljs \u201dordnande av evenemang\u201d som servicehelhet. Dessutom v\u00e4ljer man den huvudsakliga platsen f\u00f6r verksamheten, som anv\u00e4nds f\u00f6r [&hellip;]\" \/>\n<meta property=\"og:url\" content=\"https:\/\/luvatjavalvonta.fi\/sv\/information-om-tjansten\/egenskaper\/utredning-av-tillstandsbehov\/exempel-pa-utredning-av-tillstandsbehov\/\" \/>\n<meta property=\"og:site_name\" content=\"Luvat ja valvonta\" \/>\n<meta property=\"article:modified_time\" content=\"2023-04-27T12:22:28+00:00\" \/>\n<meta property=\"og:image\" content=\"https:\/\/luvatjavalvonta.fi\/content\/uploads\/2022\/06\/Esimerkki-lupatarveselvitys1-1-1024x680.png\" \/>\n<meta name=\"twitter:card\" content=\"summary_large_image\" \/>\n<meta name=\"twitter:label1\" content=\"Est. reading time\" \/>\n\t<meta name=\"twitter:data1\" content=\"3 minutes\" \/>\n<script type=\"application\/ld+json\" class=\"yoast-schema-graph\">{\"@context\":\"https:\/\/schema.org\",\"@graph\":[{\"@type\":\"WebPage\",\"@id\":\"https:\/\/luvatjavalvonta.fi\/sv\/information-om-tjansten\/egenskaper\/utredning-av-tillstandsbehov\/exempel-pa-utredning-av-tillstandsbehov\/\",\"url\":\"https:\/\/luvatjavalvonta.fi\/sv\/information-om-tjansten\/egenskaper\/utredning-av-tillstandsbehov\/exempel-pa-utredning-av-tillstandsbehov\/\",\"name\":\"Exempel p\u00e5 utredning av tillst\u00e5ndsbehov&shy; - Luvat ja valvonta\",\"isPartOf\":{\"@id\":\"https:\/\/luvatjavalvonta.fi\/#website\"},\"primaryImageOfPage\":{\"@id\":\"https:\/\/luvatjavalvonta.fi\/sv\/information-om-tjansten\/egenskaper\/utredning-av-tillstandsbehov\/exempel-pa-utredning-av-tillstandsbehov\/#primaryimage\"},\"image\":{\"@id\":\"https:\/\/luvatjavalvonta.fi\/sv\/information-om-tjansten\/egenskaper\/utredning-av-tillstandsbehov\/exempel-pa-utredning-av-tillstandsbehov\/#primaryimage\"},\"thumbnailUrl\":\"https:\/\/luvatjavalvonta.fi\/content\/uploads\/2022\/06\/Esimerkki-lupatarveselvitys1-1-1024x680.png\",\"datePublished\":\"2022-06-15T10:29:02+00:00\",\"dateModified\":\"2023-04-27T12:22:28+00:00\",\"breadcrumb\":{\"@id\":\"https:\/\/luvatjavalvonta.fi\/sv\/information-om-tjansten\/egenskaper\/utredning-av-tillstandsbehov\/exempel-pa-utredning-av-tillstandsbehov\/#breadcrumb\"},\"inLanguage\":\"sv-SE\",\"potentialAction\":[{\"@type\":\"ReadAction\",\"target\":[\"https:\/\/luvatjavalvonta.fi\/sv\/information-om-tjansten\/egenskaper\/utredning-av-tillstandsbehov\/exempel-pa-utredning-av-tillstandsbehov\/\"]}]},{\"@type\":\"ImageObject\",\"inLanguage\":\"sv-SE\",\"@id\":\"https:\/\/luvatjavalvonta.fi\/sv\/information-om-tjansten\/egenskaper\/utredning-av-tillstandsbehov\/exempel-pa-utredning-av-tillstandsbehov\/#primaryimage\",\"url\":\"https:\/\/luvatjavalvonta.fi\/content\/uploads\/2022\/06\/Esimerkki-lupatarveselvitys1-1-1024x680.png\",\"contentUrl\":\"https:\/\/luvatjavalvonta.fi\/content\/uploads\/2022\/06\/Esimerkki-lupatarveselvitys1-1-1024x680.png\"},{\"@type\":\"BreadcrumbList\",\"@id\":\"https:\/\/luvatjavalvonta.fi\/sv\/information-om-tjansten\/egenskaper\/utredning-av-tillstandsbehov\/exempel-pa-utredning-av-tillstandsbehov\/#breadcrumb\",\"itemListElement\":[{\"@type\":\"ListItem\",\"position\":1,\"name\":\"Home\",\"item\":\"http:\/\/54.75.134.196:80\/sv\/\"},{\"@type\":\"ListItem\",\"position\":2,\"name\":\"Information om tj\u00e4nsten\",\"item\":\"http:\/\/54.75.134.196:80\/sv\/information-om-tjansten\/\"},{\"@type\":\"ListItem\",\"position\":3,\"name\":\"Egenskaper\",\"item\":\"http:\/\/54.75.134.196:80\/sv\/information-om-tjansten\/egenskaper\/\"},{\"@type\":\"ListItem\",\"position\":4,\"name\":\"Utredning av tillst\u00e5ndsbehov\",\"item\":\"http:\/\/54.75.134.196:80\/sv\/information-om-tjansten\/egenskaper\/utredning-av-tillstandsbehov\/\"},{\"@type\":\"ListItem\",\"position\":5,\"name\":\"Exempel p\u00e5 utredning av tillst\u00e5ndsbehov&shy;\"}]},{\"@type\":\"WebSite\",\"@id\":\"https:\/\/luvatjavalvonta.fi\/#website\",\"url\":\"https:\/\/luvatjavalvonta.fi\/\",\"name\":\"Luvat ja valvonta\",\"description\":\"\",\"potentialAction\":[{\"@type\":\"SearchAction\",\"target\":{\"@type\":\"EntryPoint\",\"urlTemplate\":\"https:\/\/luvatjavalvonta.fi\/?s={search_term_string}\"},\"query-input\":{\"@type\":\"PropertyValueSpecification\",\"valueRequired\":true,\"valueName\":\"search_term_string\"}}],\"inLanguage\":\"sv-SE\"}]}<\/script>\n<!-- \/ Yoast SEO plugin. -->","yoast_head_json":{"title":"Exempel p\u00e5 utredning av tillst\u00e5ndsbehov&shy; - Luvat ja valvonta","robots":{"index":"index","follow":"follow","max-snippet":"max-snippet:-1","max-image-preview":"max-image-preview:large","max-video-preview":"max-video-preview:-1"},"canonical":"https:\/\/luvatjavalvonta.fi\/sv\/information-om-tjansten\/egenskaper\/utredning-av-tillstandsbehov\/exempel-pa-utredning-av-tillstandsbehov\/","og_locale":"sv_SE","og_type":"article","og_title":"Exempel p\u00e5 utredning av tillst\u00e5ndsbehov&shy; - Luvat ja valvonta","og_description":"Kundvy i utredning av tillst\u00e5ndsbehov i servicehelheten f\u00f6r evenemangsarrang\u00f6rer Utredningen av tillst\u00e5ndsbehov startar n\u00e4r kunden p\u00e5 f\u00f6rstasidan i tj\u00e4nsten Tillst\u00e5nd och tillsyn\u00a0v\u00e4ljer \u201dUtred tillst\u00e5ndsbehovet\u201d (bild 1). I n\u00e4sta steg anges grundl\u00e4ggande information om verksamheten, och i detta exempel v\u00e4ljs \u201dordnande av evenemang\u201d som servicehelhet. Dessutom v\u00e4ljer man den huvudsakliga platsen f\u00f6r verksamheten, som anv\u00e4nds f\u00f6r [&hellip;]","og_url":"https:\/\/luvatjavalvonta.fi\/sv\/information-om-tjansten\/egenskaper\/utredning-av-tillstandsbehov\/exempel-pa-utredning-av-tillstandsbehov\/","og_site_name":"Luvat ja valvonta","article_modified_time":"2023-04-27T12:22:28+00:00","og_image":[{"url":"https:\/\/luvatjavalvonta.fi\/content\/uploads\/2022\/06\/Esimerkki-lupatarveselvitys1-1-1024x680.png","type":"","width":"","height":""}],"twitter_card":"summary_large_image","twitter_misc":{"Est. reading time":"3 minutes"},"schema":{"@context":"https:\/\/schema.org","@graph":[{"@type":"WebPage","@id":"https:\/\/luvatjavalvonta.fi\/sv\/information-om-tjansten\/egenskaper\/utredning-av-tillstandsbehov\/exempel-pa-utredning-av-tillstandsbehov\/","url":"https:\/\/luvatjavalvonta.fi\/sv\/information-om-tjansten\/egenskaper\/utredning-av-tillstandsbehov\/exempel-pa-utredning-av-tillstandsbehov\/","name":"Exempel p\u00e5 utredning av tillst\u00e5ndsbehov&shy; - Luvat ja valvonta","isPartOf":{"@id":"https:\/\/luvatjavalvonta.fi\/#website"},"primaryImageOfPage":{"@id":"https:\/\/luvatjavalvonta.fi\/sv\/information-om-tjansten\/egenskaper\/utredning-av-tillstandsbehov\/exempel-pa-utredning-av-tillstandsbehov\/#primaryimage"},"image":{"@id":"https:\/\/luvatjavalvonta.fi\/sv\/information-om-tjansten\/egenskaper\/utredning-av-tillstandsbehov\/exempel-pa-utredning-av-tillstandsbehov\/#primaryimage"},"thumbnailUrl":"https:\/\/luvatjavalvonta.fi\/content\/uploads\/2022\/06\/Esimerkki-lupatarveselvitys1-1-1024x680.png","datePublished":"2022-06-15T10:29:02+00:00","dateModified":"2023-04-27T12:22:28+00:00","breadcrumb":{"@id":"https:\/\/luvatjavalvonta.fi\/sv\/information-om-tjansten\/egenskaper\/utredning-av-tillstandsbehov\/exempel-pa-utredning-av-tillstandsbehov\/#breadcrumb"},"inLanguage":"sv-SE","potentialAction":[{"@type":"ReadAction","target":["https:\/\/luvatjavalvonta.fi\/sv\/information-om-tjansten\/egenskaper\/utredning-av-tillstandsbehov\/exempel-pa-utredning-av-tillstandsbehov\/"]}]},{"@type":"ImageObject","inLanguage":"sv-SE","@id":"https:\/\/luvatjavalvonta.fi\/sv\/information-om-tjansten\/egenskaper\/utredning-av-tillstandsbehov\/exempel-pa-utredning-av-tillstandsbehov\/#primaryimage","url":"https:\/\/luvatjavalvonta.fi\/content\/uploads\/2022\/06\/Esimerkki-lupatarveselvitys1-1-1024x680.png","contentUrl":"https:\/\/luvatjavalvonta.fi\/content\/uploads\/2022\/06\/Esimerkki-lupatarveselvitys1-1-1024x680.png"},{"@type":"BreadcrumbList","@id":"https:\/\/luvatjavalvonta.fi\/sv\/information-om-tjansten\/egenskaper\/utredning-av-tillstandsbehov\/exempel-pa-utredning-av-tillstandsbehov\/#breadcrumb","itemListElement":[{"@type":"ListItem","position":1,"name":"Home","item":"http:\/\/54.75.134.196:80\/sv\/"},{"@type":"ListItem","position":2,"name":"Information om tj\u00e4nsten","item":"http:\/\/54.75.134.196:80\/sv\/information-om-tjansten\/"},{"@type":"ListItem","position":3,"name":"Egenskaper","item":"http:\/\/54.75.134.196:80\/sv\/information-om-tjansten\/egenskaper\/"},{"@type":"ListItem","position":4,"name":"Utredning av tillst\u00e5ndsbehov","item":"http:\/\/54.75.134.196:80\/sv\/information-om-tjansten\/egenskaper\/utredning-av-tillstandsbehov\/"},{"@type":"ListItem","position":5,"name":"Exempel p\u00e5 utredning av tillst\u00e5ndsbehov&shy;"}]},{"@type":"WebSite","@id":"https:\/\/luvatjavalvonta.fi\/#website","url":"https:\/\/luvatjavalvonta.fi\/","name":"Luvat ja valvonta","description":"","potentialAction":[{"@type":"SearchAction","target":{"@type":"EntryPoint","urlTemplate":"https:\/\/luvatjavalvonta.fi\/?s={search_term_string}"},"query-input":{"@type":"PropertyValueSpecification","valueRequired":true,"valueName":"search_term_string"}}],"inLanguage":"sv-SE"}]}},"_links":{"self":[{"href":"https:\/\/luvatjavalvonta.fi\/sv\/wp-json\/wp\/v2\/pages\/4861","targetHints":{"allow":["GET"]}}],"collection":[{"href":"https:\/\/luvatjavalvonta.fi\/sv\/wp-json\/wp\/v2\/pages"}],"about":[{"href":"https:\/\/luvatjavalvonta.fi\/sv\/wp-json\/wp\/v2\/types\/page"}],"author":[{"embeddable":true,"href":"https:\/\/luvatjavalvonta.fi\/sv\/wp-json\/wp\/v2\/users\/14"}],"replies":[{"embeddable":true,"href":"https:\/\/luvatjavalvonta.fi\/sv\/wp-json\/wp\/v2\/comments?post=4861"}],"version-history":[{"count":2,"href":"https:\/\/luvatjavalvonta.fi\/sv\/wp-json\/wp\/v2\/pages\/4861\/revisions"}],"predecessor-version":[{"id":5307,"href":"https:\/\/luvatjavalvonta.fi\/sv\/wp-json\/wp\/v2\/pages\/4861\/revisions\/5307"}],"up":[{"embeddable":true,"href":"https:\/\/luvatjavalvonta.fi\/sv\/wp-json\/wp\/v2\/pages\/4875"}],"wp:attachment":[{"href":"https:\/\/luvatjavalvonta.fi\/sv\/wp-json\/wp\/v2\/media?parent=4861"}],"curies":[{"name":"wp","href":"https:\/\/api.w.org\/{rel}","templated":true}]}}