{"id":4865,"date":"2022-09-14T09:34:55","date_gmt":"2022-09-14T06:34:55","guid":{"rendered":"https:\/\/luvatjavalvonta.fi\/register-och-dataskyddsbeskrivning\/"},"modified":"2023-04-28T10:36:44","modified_gmt":"2023-04-28T07:36:44","slug":"register-och-dataskyddsbeskrivning","status":"publish","type":"page","link":"https:\/\/luvatjavalvonta.fi\/sv\/mediebank\/register-och-dataskyddsbeskrivning\/","title":{"rendered":"Register- och dataskyddsbeskrivning"},"content":{"rendered":"\n<hr class=\"wp-block-separator has-alpha-channel-opacity\"\/>\n\n\n\n<p>Europaparlamentets och r\u00e5dets f\u00f6rordning (EU) 2016\/679<br \/>Uppr\u00e4ttats 14.9.2022<\/p>\n<h3>1. Personuppgiftsansvarig<\/h3>\n<p>Arbets- och n\u00e4ringsministeriet (ANM)<br \/>Avdelningen f\u00f6r regioner och tillv\u00e4xttj\u00e4nster<br \/>PB 32<br \/>00023 STATSR\u00c5DET<\/p>\n<h3>2. Dataskyddsombudets kontaktuppgifter<\/h3>\n<p>e-post: tietosuojavastaava.tem(at)gov.fi<br \/>telefon: 0295\u00a016001 (v\u00e4xel)<\/p>\n<h3>3. Registrets namn<\/h3>\n<p>Supportwebbplats f\u00f6r tj\u00e4nsten Tillst\u00e5nd och tillsyn (nedan Webbplatsen)<\/p>\n<h3>4. Syfte med och r\u00e4ttslig grund f\u00f6r behandling av personuppgifter<\/h3>\n<p>Registret \u00e4r ett register \u00f6ver prenumeranter p\u00e5 Webbplatsens kontakt- och nyhetsbrev som administreras av arbets- och ekonomiministeriet. Webbplatsen \u00e4r en supportwebbplats f\u00f6r tj\u00e4nsten Tillst\u00e5nd och tillsyn och tillhandah\u00e5ller information och verktyg fr\u00e4mst f\u00f6r myndighetsorganisationer som ansluter sig till tj\u00e4nsten. Webbplatsens inneh\u00e5ll \u00e4r offentligt och kan l\u00e4sas utan inloggning. Personuppgifter lagras endast av en motiverad anledning. Uppgifterna beh\u00f6vs fr\u00e4mst f\u00f6r att tillhandah\u00e5lla webbplatsinformation och f\u00f6r kommunikation. P\u00e5 respons- och kontaktblanketten samt i nyhetsbrevsprenumerationen uppmanas webbplatsanv\u00e4ndare att frivilligt ange en e-postadress.<\/p>\n<p>Personuppgifter behandlas och lagras f\u00f6r f\u00f6ljande \u00e4ndam\u00e5l:<\/p>\n<ul>\n<li>Utredning av eventuella funktionsrelaterade fel samt informationss\u00e4kerhetshot och -kr\u00e4nkningar<\/li>\n<li>Distribution av meddelanden om nyhetsbrev till anv\u00e4ndarna<\/li>\n<li>Svar p\u00e5 respons och kontaktf\u00f6rfr\u00e5gningar till avs\u00e4ndarna<\/li>\n<\/ul>\n<h3>5. Regelm\u00e4ssiga uppgiftsk\u00e4llor<\/h3>\n<p>Registrets uppgiftsk\u00e4llor \u00e4r de personer som anv\u00e4nder webbplatsen<\/p>\n<h3>6. Regelm\u00e4ssigt utl\u00e4mnande av uppgifter och \u00f6verf\u00f6ring av uppgifter till l\u00e4nder utanf\u00f6r EU eller EES<\/h3>\n<p>Personuppgifter eller annan information p\u00e5 webbplatsen l\u00e4mnas inte ut till utomst\u00e5ende, andra system eller tredje parter utan samtycke av den som anv\u00e4nder webbplatsen eller den person som \u00e4r befullm\u00e4ktigas av denne. Uppgifter \u00f6verf\u00f6rs eller utl\u00e4mnas inte utanf\u00f6r EU eller EES.<\/p>\n<h3>7. Principer f\u00f6r skydd av registret<\/h3>\n<p>Endast vissa anst\u00e4llda hos den personuppgiftsansvariges vid arbets- och n\u00e4ringsministeriet eller tredjepartsanst\u00e4llda som befullm\u00e4ktigats av arbets- och n\u00e4ringsministeriet f\u00e5r tillg\u00e5ng till och har r\u00e4tt att anv\u00e4nda uppgifter i registret. Om uppgifter fr\u00e5n Webbplatsens databas beh\u00f6vs f\u00f6r att utreda felsituationer kr\u00e4vs alltid samtycke av anv\u00e4ndarens.<\/p>\n<h3>8. Tidsfrister f\u00f6r radering av kategorier av uppgifter<\/h3>\n<p>E-postadresser och andra uppgifter som samlas in via kontakt- och responsblanketten lagras i tre m\u00e5nader.<\/p>\n<p>Uppgifter om prenumeranter p\u00e5 nyhetsbrevet lagras tills prenumeranten avbryter best\u00e4llningen.<\/p>\n<h3>9. R\u00e4tt till insyn och beg\u00e4ran om uppgifter<\/h3>\n<p>Alla har r\u00e4tt att kontrollera sina uppgifter i registret. Anv\u00e4ndaren kan kontrollera sina registrerade uppgifter genom att kontakta den personuppgiftsansvarige.<\/p>\n<h3>10. R\u00e4tt att korrigera och radera uppgifter<\/h3>\n<p>Var och en har r\u00e4tt att beg\u00e4ra r\u00e4ttelse av felaktiga uppgifter som g\u00e4ller den registrerade i registret Anv\u00e4ndaren kan \u00e4ven beg\u00e4ra att den myndighet vars register inneh\u00e5ller de felaktiga uppgifterna ska r\u00e4tta felaktiga personuppgifter.<br \/>Den registrerade har r\u00e4tt att l\u00e5ta den personuppgiftsansvarige radera personuppgifter som r\u00f6r den registrerade utan on\u00f6digt dr\u00f6jsm\u00e5l och den personuppgiftsansvarige \u00e4r skyldig att radera personuppgifter utan on\u00f6digt dr\u00f6jsm\u00e5l, om n\u00e5got av f\u00f6ljande kriterier uppfylls:<\/p>\n<ol style=\"list-style-type: lower-alpha;\">\n<li>personuppgifterna inte l\u00e4ngre beh\u00f6vs f\u00f6r de syften f\u00f6r vilka de samlades in eller f\u00f6r vilka de i \u00f6vrigt behandlades,<\/li>\n<li>den registrerade \u00e5terkallar det samtycke som legat till grund f\u00f6r behandlingen, och ingen annan laglig grund f\u00f6religger f\u00f6r behandlingen,<\/li>\n<li>den registrerade g\u00f6r en inv\u00e4ndning mot behandlingen, och ingen motiverad grund f\u00f6religger f\u00f6r behandlingen,<\/li>\n<li>personuppgifter har behandlats i strid med lagen,<\/li>\n<li>personuppgifter m\u00e5ste raderas f\u00f6r till\u00e4mpning av en lagstadgad plikt f\u00f6r den personuppgiftsansvarige, vilken grundar sig p\u00e5 unionsr\u00e4tten eller lagstiftningen i en medlemsstat,<\/li>\n<li>personuppgifterna har samlats in i samband med tillhandh\u00e5llande av informationssamh\u00e4llstj\u00e4nster.<\/li>\n<\/ol>\n<h3>11. Andra eventuella r\u00e4ttigheter<\/h3>\n<p>Personuppgifter anv\u00e4nds eller l\u00e4mnas inte ut f\u00f6r anv\u00e4ndning i direktreklam, distansf\u00f6rs\u00e4ljning eller annan direktmarknadsf\u00f6ring, marknads- och opinionsunders\u00f6kningar, personmatriklar eller sl\u00e4ktforskning.<\/p>\n<h3>12. Anv\u00e4ndning av kakor<\/h3>\n<p>Funktionella kakor anv\u00e4nds p\u00e5 webbplatsen. Funktionella kakor \u00e4r kakor som \u00e4r n\u00f6dv\u00e4ndiga f\u00f6r webbplatsens v\u00e4sentliga funktioner och som endast lagras under sessionens varaktighet. Kakor skadar inte anv\u00e4ndarnas datorer eller filer. Om anv\u00e4ndaren inte till\u00e5ter kakor kan detta f\u00f6rhindras i webbl\u00e4sarens inst\u00e4llningar. Det g\u00e4ller att notera att kakor kan vara n\u00f6dv\u00e4ndiga f\u00f6r att vissa delar av tj\u00e4nsten ska fungera.<\/p>\n<h3>13. Loggfiler<\/h3>\n<p>Loggfiler sammanst\u00e4lls av anv\u00e4ndningen av Webbplatsen. De registrerar h\u00e4ndelser relaterade till informationss\u00e4kerhet och driften av webbplatsen. Loggfilerna inneh\u00e5ller inte information som sparats av anv\u00e4ndaren, utan endast datorns ID och IP-adress sparas. Loggfilerna anv\u00e4nds endast f\u00f6r att ta reda p\u00e5 eventuella operativa fel p\u00e5 Webbplatsen samt informationss\u00e4kerhetshot och -kr\u00e4nkningar. Endast de personer som deltar i l\u00f6sandet av problem som beskrivs ovan har \u00e5tkomst till loggfilerna.<\/p>\n<h3>14. Anm\u00e4lan och klagom\u00e5l avseende behandling av personuppgifter<\/h3>\n<p>Om den registrerade vill rapportera ett problem i samband med behandlingen av hens personuppgifter ska hen kontakta ministeriets dataskyddsombud. Kontaktuppgifterna finns i punkt 2 i beskrivningen. Klagom\u00e5l ang\u00e5ende behandlingen av personuppgifter kan l\u00e4mnas till dataskyddsombudet.<\/p>\n","protected":false},"excerpt":{"rendered":"<p>Europaparlamentets och r\u00e5dets f\u00f6rordning (EU) 2016\/679Uppr\u00e4ttats 14.9.2022 1. Personuppgiftsansvarig Arbets- och n\u00e4ringsministeriet (ANM)Avdelningen f\u00f6r regioner och tillv\u00e4xttj\u00e4nsterPB 3200023 STATSR\u00c5DET 2. Dataskyddsombudets kontaktuppgifter e-post: tietosuojavastaava.tem(at)gov.fitelefon: 0295\u00a016001 (v\u00e4xel) 3. Registrets namn Supportwebbplats f\u00f6r tj\u00e4nsten Tillst\u00e5nd och tillsyn (nedan Webbplatsen) 4. Syfte med och r\u00e4ttslig grund f\u00f6r behandling av personuppgifter Registret \u00e4r ett register \u00f6ver prenumeranter p\u00e5 Webbplatsens [&hellip;]<\/p>\n","protected":false},"author":14,"featured_media":0,"parent":4953,"menu_order":28,"comment_status":"closed","ping_status":"closed","template":"","meta":{"_acf_changed":false,"inline_featured_image":false,"footnotes":""},"class_list":["post-4865","page","type-page","status-publish","hentry"],"acf":{"ai_extra_content":"","ai_instructions":"","ai_hidden_page":false},"yoast_head":"<!-- This site is optimized with the Yoast SEO plugin v25.9 - https:\/\/yoast.com\/wordpress\/plugins\/seo\/ -->\n<title>Register- och dataskyddsbeskrivning - Luvat ja valvonta<\/title>\n<meta name=\"robots\" content=\"index, follow, max-snippet:-1, max-image-preview:large, max-video-preview:-1\" \/>\n<link rel=\"canonical\" href=\"https:\/\/ec2-54-75-134-196.eu-west-1.compute.amazonaws.com\/sv\/mediebank\/register-och-dataskyddsbeskrivning\/\" \/>\n<meta property=\"og:locale\" content=\"sv_SE\" \/>\n<meta property=\"og:type\" content=\"article\" \/>\n<meta property=\"og:title\" content=\"Register- och dataskyddsbeskrivning - Luvat ja valvonta\" \/>\n<meta property=\"og:description\" content=\"Europaparlamentets och r\u00e5dets f\u00f6rordning (EU) 2016\/679Uppr\u00e4ttats 14.9.2022 1. Personuppgiftsansvarig Arbets- och n\u00e4ringsministeriet (ANM)Avdelningen f\u00f6r regioner och tillv\u00e4xttj\u00e4nsterPB 3200023 STATSR\u00c5DET 2. Dataskyddsombudets kontaktuppgifter e-post: tietosuojavastaava.tem(at)gov.fitelefon: 0295\u00a016001 (v\u00e4xel) 3. Registrets namn Supportwebbplats f\u00f6r tj\u00e4nsten Tillst\u00e5nd och tillsyn (nedan Webbplatsen) 4. Syfte med och r\u00e4ttslig grund f\u00f6r behandling av personuppgifter Registret \u00e4r ett register \u00f6ver prenumeranter p\u00e5 Webbplatsens [&hellip;]\" \/>\n<meta property=\"og:url\" content=\"https:\/\/ec2-54-75-134-196.eu-west-1.compute.amazonaws.com\/sv\/mediebank\/register-och-dataskyddsbeskrivning\/\" \/>\n<meta property=\"og:site_name\" content=\"Luvat ja valvonta\" \/>\n<meta property=\"article:modified_time\" content=\"2023-04-28T07:36:44+00:00\" \/>\n<meta name=\"twitter:card\" content=\"summary_large_image\" \/>\n<meta name=\"twitter:label1\" content=\"Est. reading time\" \/>\n\t<meta name=\"twitter:data1\" content=\"5 minutes\" \/>\n<script type=\"application\/ld+json\" class=\"yoast-schema-graph\">{\"@context\":\"https:\/\/schema.org\",\"@graph\":[{\"@type\":\"WebPage\",\"@id\":\"https:\/\/ec2-54-75-134-196.eu-west-1.compute.amazonaws.com\/sv\/mediebank\/register-och-dataskyddsbeskrivning\/\",\"url\":\"https:\/\/ec2-54-75-134-196.eu-west-1.compute.amazonaws.com\/sv\/mediebank\/register-och-dataskyddsbeskrivning\/\",\"name\":\"Register- och dataskyddsbeskrivning - Luvat ja valvonta\",\"isPartOf\":{\"@id\":\"https:\/\/luvatjavalvonta.fi\/#website\"},\"datePublished\":\"2022-09-14T06:34:55+00:00\",\"dateModified\":\"2023-04-28T07:36:44+00:00\",\"breadcrumb\":{\"@id\":\"https:\/\/ec2-54-75-134-196.eu-west-1.compute.amazonaws.com\/sv\/mediebank\/register-och-dataskyddsbeskrivning\/#breadcrumb\"},\"inLanguage\":\"sv-SE\",\"potentialAction\":[{\"@type\":\"ReadAction\",\"target\":[\"https:\/\/ec2-54-75-134-196.eu-west-1.compute.amazonaws.com\/sv\/mediebank\/register-och-dataskyddsbeskrivning\/\"]}]},{\"@type\":\"BreadcrumbList\",\"@id\":\"https:\/\/ec2-54-75-134-196.eu-west-1.compute.amazonaws.com\/sv\/mediebank\/register-och-dataskyddsbeskrivning\/#breadcrumb\",\"itemListElement\":[{\"@type\":\"ListItem\",\"position\":1,\"name\":\"Home\",\"item\":\"http:\/\/54.75.134.196:80\/sv\/\"},{\"@type\":\"ListItem\",\"position\":2,\"name\":\"Mediebank\",\"item\":\"https:\/\/ec2-54-75-134-196.eu-west-1.compute.amazonaws.com\/sv\/mediebank\/\"},{\"@type\":\"ListItem\",\"position\":3,\"name\":\"Register- och dataskyddsbeskrivning\"}]},{\"@type\":\"WebSite\",\"@id\":\"https:\/\/luvatjavalvonta.fi\/#website\",\"url\":\"https:\/\/luvatjavalvonta.fi\/\",\"name\":\"Luvat ja valvonta\",\"description\":\"\",\"potentialAction\":[{\"@type\":\"SearchAction\",\"target\":{\"@type\":\"EntryPoint\",\"urlTemplate\":\"https:\/\/luvatjavalvonta.fi\/?s={search_term_string}\"},\"query-input\":{\"@type\":\"PropertyValueSpecification\",\"valueRequired\":true,\"valueName\":\"search_term_string\"}}],\"inLanguage\":\"sv-SE\"}]}<\/script>\n<!-- \/ Yoast SEO plugin. -->","yoast_head_json":{"title":"Register- och dataskyddsbeskrivning - Luvat ja valvonta","robots":{"index":"index","follow":"follow","max-snippet":"max-snippet:-1","max-image-preview":"max-image-preview:large","max-video-preview":"max-video-preview:-1"},"canonical":"https:\/\/ec2-54-75-134-196.eu-west-1.compute.amazonaws.com\/sv\/mediebank\/register-och-dataskyddsbeskrivning\/","og_locale":"sv_SE","og_type":"article","og_title":"Register- och dataskyddsbeskrivning - Luvat ja valvonta","og_description":"Europaparlamentets och r\u00e5dets f\u00f6rordning (EU) 2016\/679Uppr\u00e4ttats 14.9.2022 1. Personuppgiftsansvarig Arbets- och n\u00e4ringsministeriet (ANM)Avdelningen f\u00f6r regioner och tillv\u00e4xttj\u00e4nsterPB 3200023 STATSR\u00c5DET 2. Dataskyddsombudets kontaktuppgifter e-post: tietosuojavastaava.tem(at)gov.fitelefon: 0295\u00a016001 (v\u00e4xel) 3. Registrets namn Supportwebbplats f\u00f6r tj\u00e4nsten Tillst\u00e5nd och tillsyn (nedan Webbplatsen) 4. Syfte med och r\u00e4ttslig grund f\u00f6r behandling av personuppgifter Registret \u00e4r ett register \u00f6ver prenumeranter p\u00e5 Webbplatsens [&hellip;]","og_url":"https:\/\/ec2-54-75-134-196.eu-west-1.compute.amazonaws.com\/sv\/mediebank\/register-och-dataskyddsbeskrivning\/","og_site_name":"Luvat ja valvonta","article_modified_time":"2023-04-28T07:36:44+00:00","twitter_card":"summary_large_image","twitter_misc":{"Est. reading time":"5 minutes"},"schema":{"@context":"https:\/\/schema.org","@graph":[{"@type":"WebPage","@id":"https:\/\/ec2-54-75-134-196.eu-west-1.compute.amazonaws.com\/sv\/mediebank\/register-och-dataskyddsbeskrivning\/","url":"https:\/\/ec2-54-75-134-196.eu-west-1.compute.amazonaws.com\/sv\/mediebank\/register-och-dataskyddsbeskrivning\/","name":"Register- och dataskyddsbeskrivning - Luvat ja valvonta","isPartOf":{"@id":"https:\/\/luvatjavalvonta.fi\/#website"},"datePublished":"2022-09-14T06:34:55+00:00","dateModified":"2023-04-28T07:36:44+00:00","breadcrumb":{"@id":"https:\/\/ec2-54-75-134-196.eu-west-1.compute.amazonaws.com\/sv\/mediebank\/register-och-dataskyddsbeskrivning\/#breadcrumb"},"inLanguage":"sv-SE","potentialAction":[{"@type":"ReadAction","target":["https:\/\/ec2-54-75-134-196.eu-west-1.compute.amazonaws.com\/sv\/mediebank\/register-och-dataskyddsbeskrivning\/"]}]},{"@type":"BreadcrumbList","@id":"https:\/\/ec2-54-75-134-196.eu-west-1.compute.amazonaws.com\/sv\/mediebank\/register-och-dataskyddsbeskrivning\/#breadcrumb","itemListElement":[{"@type":"ListItem","position":1,"name":"Home","item":"http:\/\/54.75.134.196:80\/sv\/"},{"@type":"ListItem","position":2,"name":"Mediebank","item":"https:\/\/ec2-54-75-134-196.eu-west-1.compute.amazonaws.com\/sv\/mediebank\/"},{"@type":"ListItem","position":3,"name":"Register- och dataskyddsbeskrivning"}]},{"@type":"WebSite","@id":"https:\/\/luvatjavalvonta.fi\/#website","url":"https:\/\/luvatjavalvonta.fi\/","name":"Luvat ja valvonta","description":"","potentialAction":[{"@type":"SearchAction","target":{"@type":"EntryPoint","urlTemplate":"https:\/\/luvatjavalvonta.fi\/?s={search_term_string}"},"query-input":{"@type":"PropertyValueSpecification","valueRequired":true,"valueName":"search_term_string"}}],"inLanguage":"sv-SE"}]}},"_links":{"self":[{"href":"https:\/\/luvatjavalvonta.fi\/sv\/wp-json\/wp\/v2\/pages\/4865","targetHints":{"allow":["GET"]}}],"collection":[{"href":"https:\/\/luvatjavalvonta.fi\/sv\/wp-json\/wp\/v2\/pages"}],"about":[{"href":"https:\/\/luvatjavalvonta.fi\/sv\/wp-json\/wp\/v2\/types\/page"}],"author":[{"embeddable":true,"href":"https:\/\/luvatjavalvonta.fi\/sv\/wp-json\/wp\/v2\/users\/14"}],"replies":[{"embeddable":true,"href":"https:\/\/luvatjavalvonta.fi\/sv\/wp-json\/wp\/v2\/comments?post=4865"}],"version-history":[{"count":4,"href":"https:\/\/luvatjavalvonta.fi\/sv\/wp-json\/wp\/v2\/pages\/4865\/revisions"}],"predecessor-version":[{"id":5334,"href":"https:\/\/luvatjavalvonta.fi\/sv\/wp-json\/wp\/v2\/pages\/4865\/revisions\/5334"}],"up":[{"embeddable":true,"href":"https:\/\/luvatjavalvonta.fi\/sv\/wp-json\/wp\/v2\/pages\/4953"}],"wp:attachment":[{"href":"https:\/\/luvatjavalvonta.fi\/sv\/wp-json\/wp\/v2\/media?parent=4865"}],"curies":[{"name":"wp","href":"https:\/\/api.w.org\/{rel}","templated":true}]}}