{"id":4871,"date":"2022-06-15T11:20:33","date_gmt":"2022-06-15T08:20:33","guid":{"rendered":"https:\/\/luvatjavalvonta.fi\/kunduppgifter\/"},"modified":"2023-06-26T12:30:13","modified_gmt":"2023-06-26T09:30:13","slug":"kunduppgifter","status":"publish","type":"page","link":"https:\/\/luvatjavalvonta.fi\/sv\/information-om-tjansten\/egenskaper\/kunduppgifter\/","title":{"rendered":"Kunduppgifter"},"content":{"rendered":"\n<hr class=\"wp-block-separator has-alpha-channel-opacity\"\/>\n\n\n\n<div class=\"wp-block-columns is-layout-flex wp-container-core-columns-is-layout-9d6595d7 wp-block-columns-is-layout-flex\">\n<div class=\"wp-block-column is-vertically-aligned-center is-layout-flow wp-block-column-is-layout-flow\" style=\"flex-basis:25%\"><div class=\"wp-block-image\">\n<figure class=\"aligncenter size-full is-resized\"><img loading=\"lazy\" decoding=\"async\" src=\"https:\/\/luvatjavalvonta.fi\/content\/uploads\/2022\/08\/Asiakkaantiedot_11.png\" alt=\"Illustration\" class=\"wp-image-2576\" width=\"150\" height=\"150\" srcset=\"https:\/\/luvatjavalvonta.fi\/content\/uploads\/2022\/08\/Asiakkaantiedot_11.png 883w, https:\/\/luvatjavalvonta.fi\/content\/uploads\/2022\/08\/Asiakkaantiedot_11-300x300.png 300w, https:\/\/luvatjavalvonta.fi\/content\/uploads\/2022\/08\/Asiakkaantiedot_11-150x150.png 150w, https:\/\/luvatjavalvonta.fi\/content\/uploads\/2022\/08\/Asiakkaantiedot_11-768x771.png 768w, https:\/\/luvatjavalvonta.fi\/content\/uploads\/2022\/08\/Asiakkaantiedot_11-199x200.png 199w\" sizes=\"auto, (max-width: 150px) 100vw, 150px\" \/><\/figure><\/div><\/div>\n\n\n\n<div class=\"wp-block-column is-layout-flow wp-block-column-is-layout-flow\" style=\"flex-basis:75%\">\n<p>Fokus f\u00f6r tj\u00e4nsten Tillst\u00e5nd och tillsyn \u00e4r kunduppgifter och anv\u00e4ndningen av dem i myndigheternas tillst\u00e5nds- och tillsynsverksamhet. I regel samlas uppgifterna in fr\u00e5n kunden en g\u00e5ng till tj\u00e4nsten, varifr\u00e5n de vidarebefordras till myndigheterna. N\u00e4r strukturen f\u00f6r gemensamma uppgifter har definierats f\u00f6r tj\u00e4nsten och vilka \u00e4renden som anknyter till dem kan de uppgifter som l\u00e4mnats in en g\u00e5ng anv\u00e4ndas i alla tj\u00e4nster som \u00e4r f\u00f6renliga med definitionen.<\/p>\n<\/div>\n<\/div>\n\n\n\n<div class=\"wp-block-columns is-layout-flex wp-container-core-columns-is-layout-9d6595d7 wp-block-columns-is-layout-flex\">\n<div class=\"wp-block-column is-layout-flow wp-block-column-is-layout-flow\">\n<h2>Uppgifter som samlas in om kunden<\/h2>\n<p>Tj\u00e4nsten samlar in uppgifter om kunden n\u00e4r \u00e4renden sk\u00f6ts. Tj\u00e4nsternas informationsinneh\u00e5ll kan variera avsev\u00e4rt beroende p\u00e5 bland annat m\u00e4ngden detaljerad information som beh\u00f6vs och vilken myndighet som anv\u00e4nder tj\u00e4nsten. Ofta samlar myndighetstj\u00e4nster inom parallella omr\u00e5den (t.ex. kommunala tj\u00e4nster) in all eller en betydande m\u00e4ngd av den information som beh\u00f6vs f\u00f6r att behandla ett \u00e4rende. D\u00e4remot ska kunden i \u00e4renden f\u00f6r vilka myndigheten beh\u00f6ver en hel del substansinformation f\u00f6r behandling komplettera sitt \u00e4rende direkt i myndighetens tj\u00e4nst.<\/p>\n<p>I alla \u00e4renden som kr\u00e4ver komplettering av information sk\u00f6ter kunden \u00e4rendet f\u00f6rst i tj\u00e4nsten Tillst\u00e5nd och tillsyn, varifr\u00e5n kunden sedan omdirigeras till myndighetens tj\u00e4nst.<\/p>\n<h2>Informationsf\u00f6rmedling<\/h2>\n<p>Uppgifterna om \u00e4rendet vidarebefordras till myndigheterna n\u00e4r kunden inlett ett \u00e4rende (t.ex. tillst\u00e5ndsans\u00f6kan) vid en myndighet. D\u00e5 har \u00e4rendet blivit anh\u00e4ngigt. Myndigheten kan se detaljerna i \u00e4rendet f\u00f6re det, om kunden har gett sitt samtycke till detta i tj\u00e4nsten. D\u00e5 \u00e4r informationen endast synlig i tj\u00e4nsten Tillst\u00e5nd och tillsyn.<\/p>\n<h2>Hur anslutningss\u00e4ttet p\u00e5verkar informationsf\u00f6rmedlingen<\/h2>\n<\/div>\n<\/div>\n\n\n\n<div class=\"wp-block-columns is-layout-flex wp-container-core-columns-is-layout-9d6595d7 wp-block-columns-is-layout-flex\">\n<div class=\"wp-block-column is-vertically-aligned-top is-layout-flow wp-block-column-is-layout-flow\">\n<p>F\u00f6rmedlingen av uppgifterna om ett \u00e4rende beror p\u00e5 <a href=\"https:\/\/luvatjavalvonta.fi\/tietoa-palvelusta\/palvelun-tarjonta\/liitostavat\/\">anslutningss\u00e4ttet<\/a> genom vilket myndigheten har anslutit \u00e4renden till sina tj\u00e4nster. Informationen om myndighets\u00e4renden som anslutits till det elektroniska informationsf\u00f6rmedlingsgr\u00e4nssnittet vidarebefordras elektroniskt till den myndighetstj\u00e4nst som tilldelats den (bilden till h\u00f6ger). I f\u00f6renklade tj\u00e4nster h\u00e4mtar myndigheten sj\u00e4lv informationen via tj\u00e4nstens tj\u00e4nstemannagr\u00e4nssnitt (till v\u00e4nster p\u00e5 bilden).<\/p>\n<\/div>\n\n\n\n<div class=\"wp-block-column is-layout-flow wp-block-column-is-layout-flow\">\n<figure class=\"wp-block-image size-large\"><a href=\"https:\/\/luvatjavalvonta.fi\/content\/uploads\/2023\/06\/LV_Svensk4-1.png\"><img loading=\"lazy\" decoding=\"async\" width=\"1024\" height=\"594\" src=\"https:\/\/luvatjavalvonta.fi\/content\/uploads\/2023\/06\/LV_Svensk4-1-1024x594.png\" alt=\"Bild av anslutningss\u00e4ttets inverkan p\u00e5 informationsf\u00f6rmedlingen\" class=\"wp-image-5934\" srcset=\"https:\/\/luvatjavalvonta.fi\/content\/uploads\/2023\/06\/LV_Svensk4-1-1024x594.png 1024w, https:\/\/luvatjavalvonta.fi\/content\/uploads\/2023\/06\/LV_Svensk4-1-300x174.png 300w, https:\/\/luvatjavalvonta.fi\/content\/uploads\/2023\/06\/LV_Svensk4-1-768x446.png 768w, https:\/\/luvatjavalvonta.fi\/content\/uploads\/2023\/06\/LV_Svensk4-1-1536x892.png 1536w, https:\/\/luvatjavalvonta.fi\/content\/uploads\/2023\/06\/LV_Svensk4-1-2048x1189.png 2048w\" sizes=\"auto, (max-width: 1024px) 100vw, 1024px\" \/><\/a><figcaption class=\"wp-element-caption\"><em>Bild: Anslutningss\u00e4ttets inverkan p\u00e5 informationsf\u00f6rmedlingen<\/em><\/figcaption><\/figure>\n<\/div>\n<\/div>\n\n\n\n<div class=\"wp-block-columns is-layout-flex wp-container-core-columns-is-layout-9d6595d7 wp-block-columns-is-layout-flex\">\n<div class=\"wp-block-column is-layout-flow wp-block-column-is-layout-flow\">\n<h3 style=\"text-align: center;\"><a href=\"https:\/\/luvatjavalvonta.fi\/sv\/exempel-pa-kundens-gemensamma-uppgifter\/\"><img loading=\"lazy\" decoding=\"async\" class=\"aligncenter wp-image-2614\" src=\"https:\/\/luvatjavalvonta.fi\/content\/uploads\/2022\/08\/Esimerkki_1.png\" alt=\"\" width=\"125\" height=\"125\" srcset=\"https:\/\/luvatjavalvonta.fi\/content\/uploads\/2022\/08\/Esimerkki_1.png 664w, https:\/\/luvatjavalvonta.fi\/content\/uploads\/2022\/08\/Esimerkki_1-300x300.png 300w, https:\/\/luvatjavalvonta.fi\/content\/uploads\/2022\/08\/Esimerkki_1-150x150.png 150w, https:\/\/luvatjavalvonta.fi\/content\/uploads\/2022\/08\/Esimerkki_1-200x200.png 200w\" sizes=\"auto, (max-width: 125px) 100vw, 125px\" \/>Exempel p\u00e5 kundens gemensamma uppgifter<br>(p\u00e5 finska) \u203a<\/a><\/h3>\n<\/div>\n\n\n\n<div class=\"wp-block-column is-layout-flow wp-block-column-is-layout-flow\"><\/div>\n\n\n\n<div class=\"wp-block-column is-layout-flow wp-block-column-is-layout-flow\"><\/div>\n<\/div>\n\n\n\n<h3>\u00a0<\/h3>\n<h3><a href=\"https:\/\/luvatjavalvonta.fi\/tietoa-palvelusta\/palvelun-tarjonta\/\">Tillbaka \u203a<\/a><\/h3>\n","protected":false},"excerpt":{"rendered":"<p>Fokus f\u00f6r tj\u00e4nsten Tillst\u00e5nd och tillsyn \u00e4r kunduppgifter och anv\u00e4ndningen av dem i myndigheternas tillst\u00e5nds- och tillsynsverksamhet. I regel samlas uppgifterna in fr\u00e5n kunden en g\u00e5ng till tj\u00e4nsten, varifr\u00e5n de vidarebefordras till myndigheterna. N\u00e4r strukturen f\u00f6r gemensamma uppgifter har definierats f\u00f6r tj\u00e4nsten och vilka \u00e4renden som anknyter till dem kan de uppgifter som l\u00e4mnats in [&hellip;]<\/p>\n","protected":false},"author":14,"featured_media":0,"parent":4905,"menu_order":178,"comment_status":"closed","ping_status":"closed","template":"","meta":{"_acf_changed":false,"inline_featured_image":false,"footnotes":""},"class_list":["post-4871","page","type-page","status-publish","hentry"],"acf":{"ai_extra_content":"","ai_instructions":"","ai_hidden_page":false},"yoast_head":"<!-- This site is optimized with the Yoast SEO plugin v25.9 - https:\/\/yoast.com\/wordpress\/plugins\/seo\/ -->\n<title>Kunduppgifter - Luvat ja valvonta<\/title>\n<meta name=\"robots\" content=\"index, follow, max-snippet:-1, max-image-preview:large, max-video-preview:-1\" \/>\n<link rel=\"canonical\" href=\"https:\/\/luvatjavalvonta.fi\/sv\/information-om-tjansten\/egenskaper\/kunduppgifter\/\" \/>\n<meta property=\"og:locale\" content=\"sv_SE\" \/>\n<meta property=\"og:type\" content=\"article\" \/>\n<meta property=\"og:title\" content=\"Kunduppgifter - Luvat ja valvonta\" \/>\n<meta property=\"og:description\" content=\"Fokus f\u00f6r tj\u00e4nsten Tillst\u00e5nd och tillsyn \u00e4r kunduppgifter och anv\u00e4ndningen av dem i myndigheternas tillst\u00e5nds- och tillsynsverksamhet. I regel samlas uppgifterna in fr\u00e5n kunden en g\u00e5ng till tj\u00e4nsten, varifr\u00e5n de vidarebefordras till myndigheterna. N\u00e4r strukturen f\u00f6r gemensamma uppgifter har definierats f\u00f6r tj\u00e4nsten och vilka \u00e4renden som anknyter till dem kan de uppgifter som l\u00e4mnats in [&hellip;]\" \/>\n<meta property=\"og:url\" content=\"https:\/\/luvatjavalvonta.fi\/sv\/information-om-tjansten\/egenskaper\/kunduppgifter\/\" \/>\n<meta property=\"og:site_name\" content=\"Luvat ja valvonta\" \/>\n<meta property=\"article:modified_time\" content=\"2023-06-26T09:30:13+00:00\" \/>\n<meta property=\"og:image\" content=\"https:\/\/luvatjavalvonta.fi\/content\/uploads\/2022\/08\/Asiakkaantiedot_11.png\" \/>\n<meta name=\"twitter:card\" content=\"summary_large_image\" \/>\n<meta name=\"twitter:label1\" content=\"Est. reading time\" \/>\n\t<meta name=\"twitter:data1\" content=\"3 minutes\" \/>\n<script type=\"application\/ld+json\" class=\"yoast-schema-graph\">{\"@context\":\"https:\/\/schema.org\",\"@graph\":[{\"@type\":\"WebPage\",\"@id\":\"https:\/\/luvatjavalvonta.fi\/sv\/information-om-tjansten\/egenskaper\/kunduppgifter\/\",\"url\":\"https:\/\/luvatjavalvonta.fi\/sv\/information-om-tjansten\/egenskaper\/kunduppgifter\/\",\"name\":\"Kunduppgifter - Luvat ja valvonta\",\"isPartOf\":{\"@id\":\"https:\/\/luvatjavalvonta.fi\/#website\"},\"primaryImageOfPage\":{\"@id\":\"https:\/\/luvatjavalvonta.fi\/sv\/information-om-tjansten\/egenskaper\/kunduppgifter\/#primaryimage\"},\"image\":{\"@id\":\"https:\/\/luvatjavalvonta.fi\/sv\/information-om-tjansten\/egenskaper\/kunduppgifter\/#primaryimage\"},\"thumbnailUrl\":\"https:\/\/luvatjavalvonta.fi\/content\/uploads\/2022\/08\/Asiakkaantiedot_11.png\",\"datePublished\":\"2022-06-15T08:20:33+00:00\",\"dateModified\":\"2023-06-26T09:30:13+00:00\",\"breadcrumb\":{\"@id\":\"https:\/\/luvatjavalvonta.fi\/sv\/information-om-tjansten\/egenskaper\/kunduppgifter\/#breadcrumb\"},\"inLanguage\":\"sv-SE\",\"potentialAction\":[{\"@type\":\"ReadAction\",\"target\":[\"https:\/\/luvatjavalvonta.fi\/sv\/information-om-tjansten\/egenskaper\/kunduppgifter\/\"]}]},{\"@type\":\"ImageObject\",\"inLanguage\":\"sv-SE\",\"@id\":\"https:\/\/luvatjavalvonta.fi\/sv\/information-om-tjansten\/egenskaper\/kunduppgifter\/#primaryimage\",\"url\":\"https:\/\/luvatjavalvonta.fi\/content\/uploads\/2022\/08\/Asiakkaantiedot_11.png\",\"contentUrl\":\"https:\/\/luvatjavalvonta.fi\/content\/uploads\/2022\/08\/Asiakkaantiedot_11.png\"},{\"@type\":\"BreadcrumbList\",\"@id\":\"https:\/\/luvatjavalvonta.fi\/sv\/information-om-tjansten\/egenskaper\/kunduppgifter\/#breadcrumb\",\"itemListElement\":[{\"@type\":\"ListItem\",\"position\":1,\"name\":\"Home\",\"item\":\"http:\/\/54.75.134.196:80\/sv\/\"},{\"@type\":\"ListItem\",\"position\":2,\"name\":\"Information om tj\u00e4nsten\",\"item\":\"http:\/\/54.75.134.196:80\/sv\/information-om-tjansten\/\"},{\"@type\":\"ListItem\",\"position\":3,\"name\":\"Egenskaper\",\"item\":\"http:\/\/54.75.134.196:80\/sv\/information-om-tjansten\/egenskaper\/\"},{\"@type\":\"ListItem\",\"position\":4,\"name\":\"Kunduppgifter\"}]},{\"@type\":\"WebSite\",\"@id\":\"https:\/\/luvatjavalvonta.fi\/#website\",\"url\":\"https:\/\/luvatjavalvonta.fi\/\",\"name\":\"Luvat ja valvonta\",\"description\":\"\",\"potentialAction\":[{\"@type\":\"SearchAction\",\"target\":{\"@type\":\"EntryPoint\",\"urlTemplate\":\"https:\/\/luvatjavalvonta.fi\/?s={search_term_string}\"},\"query-input\":{\"@type\":\"PropertyValueSpecification\",\"valueRequired\":true,\"valueName\":\"search_term_string\"}}],\"inLanguage\":\"sv-SE\"}]}<\/script>\n<!-- \/ Yoast SEO plugin. -->","yoast_head_json":{"title":"Kunduppgifter - Luvat ja valvonta","robots":{"index":"index","follow":"follow","max-snippet":"max-snippet:-1","max-image-preview":"max-image-preview:large","max-video-preview":"max-video-preview:-1"},"canonical":"https:\/\/luvatjavalvonta.fi\/sv\/information-om-tjansten\/egenskaper\/kunduppgifter\/","og_locale":"sv_SE","og_type":"article","og_title":"Kunduppgifter - Luvat ja valvonta","og_description":"Fokus f\u00f6r tj\u00e4nsten Tillst\u00e5nd och tillsyn \u00e4r kunduppgifter och anv\u00e4ndningen av dem i myndigheternas tillst\u00e5nds- och tillsynsverksamhet. I regel samlas uppgifterna in fr\u00e5n kunden en g\u00e5ng till tj\u00e4nsten, varifr\u00e5n de vidarebefordras till myndigheterna. N\u00e4r strukturen f\u00f6r gemensamma uppgifter har definierats f\u00f6r tj\u00e4nsten och vilka \u00e4renden som anknyter till dem kan de uppgifter som l\u00e4mnats in [&hellip;]","og_url":"https:\/\/luvatjavalvonta.fi\/sv\/information-om-tjansten\/egenskaper\/kunduppgifter\/","og_site_name":"Luvat ja valvonta","article_modified_time":"2023-06-26T09:30:13+00:00","og_image":[{"url":"https:\/\/luvatjavalvonta.fi\/content\/uploads\/2022\/08\/Asiakkaantiedot_11.png","type":"","width":"","height":""}],"twitter_card":"summary_large_image","twitter_misc":{"Est. reading time":"3 minutes"},"schema":{"@context":"https:\/\/schema.org","@graph":[{"@type":"WebPage","@id":"https:\/\/luvatjavalvonta.fi\/sv\/information-om-tjansten\/egenskaper\/kunduppgifter\/","url":"https:\/\/luvatjavalvonta.fi\/sv\/information-om-tjansten\/egenskaper\/kunduppgifter\/","name":"Kunduppgifter - Luvat ja valvonta","isPartOf":{"@id":"https:\/\/luvatjavalvonta.fi\/#website"},"primaryImageOfPage":{"@id":"https:\/\/luvatjavalvonta.fi\/sv\/information-om-tjansten\/egenskaper\/kunduppgifter\/#primaryimage"},"image":{"@id":"https:\/\/luvatjavalvonta.fi\/sv\/information-om-tjansten\/egenskaper\/kunduppgifter\/#primaryimage"},"thumbnailUrl":"https:\/\/luvatjavalvonta.fi\/content\/uploads\/2022\/08\/Asiakkaantiedot_11.png","datePublished":"2022-06-15T08:20:33+00:00","dateModified":"2023-06-26T09:30:13+00:00","breadcrumb":{"@id":"https:\/\/luvatjavalvonta.fi\/sv\/information-om-tjansten\/egenskaper\/kunduppgifter\/#breadcrumb"},"inLanguage":"sv-SE","potentialAction":[{"@type":"ReadAction","target":["https:\/\/luvatjavalvonta.fi\/sv\/information-om-tjansten\/egenskaper\/kunduppgifter\/"]}]},{"@type":"ImageObject","inLanguage":"sv-SE","@id":"https:\/\/luvatjavalvonta.fi\/sv\/information-om-tjansten\/egenskaper\/kunduppgifter\/#primaryimage","url":"https:\/\/luvatjavalvonta.fi\/content\/uploads\/2022\/08\/Asiakkaantiedot_11.png","contentUrl":"https:\/\/luvatjavalvonta.fi\/content\/uploads\/2022\/08\/Asiakkaantiedot_11.png"},{"@type":"BreadcrumbList","@id":"https:\/\/luvatjavalvonta.fi\/sv\/information-om-tjansten\/egenskaper\/kunduppgifter\/#breadcrumb","itemListElement":[{"@type":"ListItem","position":1,"name":"Home","item":"http:\/\/54.75.134.196:80\/sv\/"},{"@type":"ListItem","position":2,"name":"Information om tj\u00e4nsten","item":"http:\/\/54.75.134.196:80\/sv\/information-om-tjansten\/"},{"@type":"ListItem","position":3,"name":"Egenskaper","item":"http:\/\/54.75.134.196:80\/sv\/information-om-tjansten\/egenskaper\/"},{"@type":"ListItem","position":4,"name":"Kunduppgifter"}]},{"@type":"WebSite","@id":"https:\/\/luvatjavalvonta.fi\/#website","url":"https:\/\/luvatjavalvonta.fi\/","name":"Luvat ja valvonta","description":"","potentialAction":[{"@type":"SearchAction","target":{"@type":"EntryPoint","urlTemplate":"https:\/\/luvatjavalvonta.fi\/?s={search_term_string}"},"query-input":{"@type":"PropertyValueSpecification","valueRequired":true,"valueName":"search_term_string"}}],"inLanguage":"sv-SE"}]}},"_links":{"self":[{"href":"https:\/\/luvatjavalvonta.fi\/sv\/wp-json\/wp\/v2\/pages\/4871","targetHints":{"allow":["GET"]}}],"collection":[{"href":"https:\/\/luvatjavalvonta.fi\/sv\/wp-json\/wp\/v2\/pages"}],"about":[{"href":"https:\/\/luvatjavalvonta.fi\/sv\/wp-json\/wp\/v2\/types\/page"}],"author":[{"embeddable":true,"href":"https:\/\/luvatjavalvonta.fi\/sv\/wp-json\/wp\/v2\/users\/14"}],"replies":[{"embeddable":true,"href":"https:\/\/luvatjavalvonta.fi\/sv\/wp-json\/wp\/v2\/comments?post=4871"}],"version-history":[{"count":5,"href":"https:\/\/luvatjavalvonta.fi\/sv\/wp-json\/wp\/v2\/pages\/4871\/revisions"}],"predecessor-version":[{"id":5936,"href":"https:\/\/luvatjavalvonta.fi\/sv\/wp-json\/wp\/v2\/pages\/4871\/revisions\/5936"}],"up":[{"embeddable":true,"href":"https:\/\/luvatjavalvonta.fi\/sv\/wp-json\/wp\/v2\/pages\/4905"}],"wp:attachment":[{"href":"https:\/\/luvatjavalvonta.fi\/sv\/wp-json\/wp\/v2\/media?parent=4871"}],"curies":[{"name":"wp","href":"https:\/\/api.w.org\/{rel}","templated":true}]}}