{"id":4873,"date":"2022-06-20T15:29:47","date_gmt":"2022-06-20T12:29:47","guid":{"rendered":"https:\/\/luvatjavalvonta.fi\/bilaga-definitioner-och-forkortningar\/"},"modified":"2023-04-28T10:47:43","modified_gmt":"2023-04-28T07:47:43","slug":"bilaga-definitioner-och-forkortningar","status":"publish","type":"page","link":"https:\/\/luvatjavalvonta.fi\/sv\/information-om-tjansten\/hanteringsmodell-for-tjansten\/bilaga-definitioner-och-forkortningar\/","title":{"rendered":"Bilaga: Definitioner och f\u00f6rkortningar"},"content":{"rendered":"\n<hr class=\"wp-block-separator has-alpha-channel-opacity\"\/>\n\n\n\n<h2>1 SYFTE MED DOKUMENTET<\/h2>\n<p>I denna bilaga beskrivs definitionerna och f\u00f6rkortningarna som anv\u00e4nds i dokumenthelheten som g\u00e4ller tj\u00e4nsten Tillst\u00e5nd och tillsyn.<\/p>\n<h2>2 DEFINITIONER och F\u00d6RKORTNINGAR<\/h2>\n<table style=\"border-style: solid; border-color: #2c3a79;\" border=\"2\" cellspacing=\"2\" cellpadding=\"2\">\n<thead>\n<tr>\n<th style=\"border-style: solid; border-color: #ffffff; background-color: #2c3a79; text-align: center; vertical-align: middle;\" width=\"208\">\n<p><span style=\"color: #ffffff;\"><strong>Termer och f\u00f6rkortningar<\/strong><\/span><\/p>\n<\/th>\n<th style=\"border-style: solid; border-color: #ffffff; background-color: #2c3a79; text-align: center; vertical-align: middle;\" width=\"434\">\n<p><span style=\"color: #ffffff;\"><strong>Definition<\/strong><\/span><\/p>\n<\/th>\n<\/tr>\n<\/thead>\n<tbody>\n<tr>\n<td style=\"border-style: solid; border-color: #ffffff; background-color: #cadaf1; text-align: left;\" width=\"208\">\n<p>Tj\u00e4nstens \u00e4gare<\/p>\n<\/td>\n<td style=\"border-style: solid; border-color: #ffffff; background-color: #cadaf1; text-align: left;\" width=\"434\">\n<p>Tj\u00e4nstens \u00e4gare<\/p>\n<ul>\n<li>ansvarar f\u00f6r tj\u00e4nsten<\/li>\n<li>styr utvecklingen och tj\u00e4nstens egenskaper<\/li>\n<li>f\u00f6ljer upp fortl\u00f6pande tj\u00e4nster och g\u00f6r vid behov \u00e4ndringar i dem<\/li>\n<li>Tj\u00e4nstens \u00e4gare har ocks\u00e5 budgetansvar f\u00f6r tj\u00e4nsten<\/li>\n<\/ul>\n<p>Tj\u00e4nsten Tillst\u00e5nd och tillsyn \u00e4gs av Arbets- och n\u00e4ringsministeriet (AMN), och tj\u00e4nsten styrs av styrgruppen f\u00f6r Tillst\u00e5nds- och tillsynsprojektet under projektet.<\/p>\n<\/td>\n<\/tr>\n<tr>\n<td style=\"border-style: solid; border-color: #ffffff; background-color: #cadaf1; text-align: left;\" width=\"208\">\n<p>Myndigheter som ansluter sig<\/p>\n<\/td>\n<td style=\"border-style: solid; border-color: #ffffff; background-color: #cadaf1; text-align: left;\" width=\"434\">\n<p>De <strong>myndigheter som ansluter sig till tj\u00e4nsten<\/strong> fattar beslut om anslutningen och ansvarar f\u00f6r relaterade \u00e4ndringar av rutinerna i sin organisation. De myndigheter som ansluter sig till tj\u00e4nsten erh\u00e5ller de f\u00f6rm\u00e5ner och ansvarar f\u00f6r de skyldigheter som beskrivs i 1) \u201dservicevillkor\u201d och 2) \u201dAvtal om samutveckling\u201d mellan tj\u00e4nstens \u00e4gare och tillh\u00f6rande myndighet. Alla myndighetsorganisationer i Fastlandsfinland kan ansluta sig:<\/p>\n<ul>\n<li>statens \u00e4mbetsverk och inr\u00e4ttningar<\/li>\n<li>kommuner och samkommuner<\/li>\n<li>r\u00e4ddningsverk, sjukv\u00e5rdsdistrikt och polisinr\u00e4ttningar<\/li>\n<li>\u00f6vriga offentliga akt\u00f6rer<\/li>\n<\/ul>\n<p>Tj\u00e4nsten Tillst\u00e5nd och tillsyn omfattar inte myndigheter inom \u00c5lands sj\u00e4lvstyrelse.<\/p>\n<\/td>\n<\/tr>\n<tr>\n<td style=\"border-style: solid; border-color: #ffffff; background-color: #cadaf1; text-align: left;\" width=\"208\">\n<p>Kunder<\/p>\n<\/td>\n<td style=\"border-style: solid; border-color: #ffffff; background-color: #cadaf1; text-align: left;\" width=\"434\">\n<p>Tj\u00e4nstens <strong>kunder<\/strong> \u00e4r f\u00f6retag, samfund, privatpersoner eller deras beh\u00f6riga ombud som s\u00f6ker tillst\u00e5nd, g\u00f6r anm\u00e4lningar eller omfattas av tillsyn. Kunder som anv\u00e4nder tj\u00e4nsten ska godk\u00e4nna \u201danv\u00e4ndarvillkoren\u201d f\u00f6r tj\u00e4nsten. Kunderna anv\u00e4nder tj\u00e4nsten, men st\u00e5r inte i ett abonnentf\u00f6rh\u00e5llande till tj\u00e4nsten och kan inte till exempel best\u00e4lla \u00e4ndringar av tj\u00e4nsten.<\/p>\n<\/td>\n<\/tr>\n<tr>\n<td style=\"border-style: solid; border-color: #ffffff; background-color: #cadaf1; text-align: left;\" width=\"208\">\n<p>Myndighetsanv\u00e4ndare<\/p>\n<\/td>\n<td style=\"border-style: solid; border-color: #ffffff; background-color: #cadaf1; text-align: left;\" width=\"434\">\n<p>Tj\u00e4nstens <strong>myndighetsanv\u00e4ndare<\/strong> \u00e4r beh\u00f6riga myndigheter som befullm\u00e4ktigats av deras organisation och som handl\u00e4gger kundernas tillst\u00e5ndsans\u00f6kningar och anm\u00e4lningar eller ut\u00f6var tillsyn. Myndighetsanv\u00e4ndarna st\u00e5r inte i ett avtalsf\u00f6rh\u00e5llande till tj\u00e4nsten och kan inte till exempel best\u00e4lla \u00e4ndringar av tj\u00e4nsten.<\/p>\n<p>Myndighetsanv\u00e4ndarna \u00e4r personalen hos myndighetsorganisationer som anslutit sig till tj\u00e4nsten Tillst\u00e5nd och tillsyn och som handl\u00e4gger \u00e4renden i tj\u00e4nsten Tillst\u00e5nd och tillsyn.<\/p>\n<\/td>\n<\/tr>\n<tr>\n<td style=\"border-style: solid; border-color: #ffffff; background-color: #cadaf1; text-align: left;\" width=\"208\">\n<p>Serviceproducent(er)<\/p>\n<\/td>\n<td style=\"border-style: solid; border-color: #ffffff; background-color: #cadaf1; text-align: left;\" width=\"434\">\n<p><strong>Serviceproducenterna<\/strong> ansvarar f\u00f6r tj\u00e4nstens operativa funktioner. Serviceproducenterna rapporterar om tj\u00e4nstens inneh\u00e5ll, kvalitet och avvikelser till tj\u00e4nstens \u00e4gare. Serviceproducenterna accepterar servicerelaterade uppdrag endast fr\u00e5n tj\u00e4nstens \u00e4gare.<\/p>\n<p>F\u00f6r n\u00e4rvarande \u00e4r producenterna av tj\u00e4nsten Tillst\u00e5nd och tillsyn<\/p>\n<ul>\n<li>UF-centret, som ansvarar f\u00f6r administrationen av servicel\u00f6sningen samt det relaterade definitions- och utvecklingsarbetet<\/li>\n<li>ANM, som ansvarar f\u00f6r support f\u00f6r myndigheter som ansluter sig (myndigheten ansvarar f\u00f6r sin egen andel)<\/li>\n<li>ANM, som ansvarar f\u00f6r support f\u00f6r kunder (F\u00f6retagsFinland-telefontj\u00e4nst)<\/li>\n<\/ul>\n<\/td>\n<\/tr>\n<tr>\n<td style=\"border-style: solid; border-color: #ffffff; background-color: #cadaf1; text-align: left;\" width=\"208\">\n<p>Tj\u00e4nsten Tillst\u00e5nd och tillsyn\/-serviceskiktet<\/p>\n<\/td>\n<td style=\"border-style: solid; border-color: #ffffff; background-color: #cadaf1; text-align: left;\" width=\"434\">\n<p>Serviceskikt Tillst\u00e5nd och tillsyn f\u00f6r myndigheter (nedan serviceskiktet) och tj\u00e4nsten Tillst\u00e5nd och tillsyn f\u00f6r kunder (nedan <em>tj\u00e4nsten<\/em>).<\/p>\n<p>Serviceskikt (RED-termutkast)<\/p>\n<p><em>definition<\/em><\/p>\n<p>en serviceplattform som kompletterar myndigheternas \u00e4rendehanteringssystem och som g\u00f6r det m\u00f6jligt f\u00f6r kunder att samtidigt sk\u00f6ta ett eller flera \u00e4renden som r\u00f6r samma tillst\u00e5nds-, anm\u00e4lnings- eller registreringspliktiga verksamhet men som faller under en annan myndighets ansvar<\/p>\n<p><em>obs!<\/em><\/p>\n<p>Serviceskiktet ger en \u00f6verblick av de \u00e5tg\u00e4rder som myndigheterna kr\u00e4ver av verksamhetsut\u00f6vare innan verksamhet som kr\u00e4ver tillst\u00e5nd, anm\u00e4lan eller registrering p\u00e5b\u00f6rjas och m\u00f6jligg\u00f6r inledande av \u00e4renden och uppf\u00f6ljning av handl\u00e4ggningen. Den egentliga handl\u00e4ggningen av \u00e4renden sker i <em>myndigheternas <\/em>egna system. Om handl\u00e4ggningsreglerna i serviceskiktet avtalas enligt servicehelhet.<\/p>\n<\/td>\n<\/tr>\n<tr>\n<td style=\"border-style: solid; border-color: #ffffff; background-color: #cadaf1; text-align: left;\" width=\"208\">\n<p>Supportwebbplats f\u00f6r myndigheter<\/p>\n<\/td>\n<td style=\"border-style: solid; border-color: #ffffff; background-color: #cadaf1; text-align: left;\" width=\"434\">\n<p>Tj\u00e4nsten Tillst\u00e5nd och tillsyns supportwebbplats f\u00f6r myndigheter som ansluter sig till tj\u00e4nsten eller som planerar att g\u00f6ra det. Supportwebbplatsen f\u00f6r inf\u00f6randet av tj\u00e4nsten Tillst\u00e5nd och tillsyn finns p\u00e5 luvatjavalvonta.fi (v\u00e4lj spr\u00e5k svenska)<\/p>\n<p>\u00a0<\/p>\n<p>\u00a0<\/p>\n<\/td>\n<\/tr>\n<tr>\n<td style=\"border-style: solid; border-color: #ffffff; background-color: #cadaf1; text-align: left;\" width=\"208\">\n<p>Tillst\u00e5nds- och tillsyns\u00e4renden<\/p>\n<\/td>\n<td style=\"border-style: solid; border-color: #ffffff; background-color: #cadaf1; text-align: left;\" width=\"434\">\n<p>Tillst\u00e5nds- och tillsyns\u00e4renden \u00e4r en tj\u00e4nst som myndigheten tillhandah\u00e5ller f\u00f6r sina kunder och via vilken kunden kan sk\u00f6ta \u00e4renden med den aktuella myndigheten. \u00c4rendena kan handla om tillst\u00e5nd, anm\u00e4lan, tillsyn, r\u00e5dgivning, f\u00f6rhandling, underst\u00f6d\/finansiering etc.<\/p>\n<p>F\u00f6r n\u00e4rvarande tillhandah\u00e5ller tj\u00e4nsten tillst\u00e5nds\u00e4renden.<\/p>\n<\/td>\n<\/tr>\n<\/tbody>\n<\/table>\n","protected":false},"excerpt":{"rendered":"<p>1 SYFTE MED DOKUMENTET I denna bilaga beskrivs definitionerna och f\u00f6rkortningarna som anv\u00e4nds i dokumenthelheten som g\u00e4ller tj\u00e4nsten Tillst\u00e5nd och tillsyn. 2 DEFINITIONER och F\u00d6RKORTNINGAR Termer och f\u00f6rkortningar Definition Tj\u00e4nstens \u00e4gare Tj\u00e4nstens \u00e4gare ansvarar f\u00f6r tj\u00e4nsten styr utvecklingen och tj\u00e4nstens egenskaper f\u00f6ljer upp fortl\u00f6pande tj\u00e4nster och g\u00f6r vid behov \u00e4ndringar i dem Tj\u00e4nstens \u00e4gare har [&hellip;]<\/p>\n","protected":false},"author":14,"featured_media":0,"parent":4909,"menu_order":179,"comment_status":"closed","ping_status":"closed","template":"","meta":{"_acf_changed":false,"inline_featured_image":false,"footnotes":""},"class_list":["post-4873","page","type-page","status-publish","hentry"],"acf":{"ai_extra_content":"","ai_instructions":"","ai_hidden_page":false},"yoast_head":"<!-- This site is optimized with the Yoast SEO plugin v25.9 - https:\/\/yoast.com\/wordpress\/plugins\/seo\/ -->\n<title>Bilaga: Definitioner och f\u00f6rkortningar - Luvat ja valvonta<\/title>\n<meta name=\"robots\" content=\"index, follow, max-snippet:-1, max-image-preview:large, max-video-preview:-1\" \/>\n<link rel=\"canonical\" href=\"https:\/\/luvatjavalvonta.fi\/sv\/information-om-tjansten\/hanteringsmodell-for-tjansten\/bilaga-definitioner-och-forkortningar\/\" \/>\n<meta property=\"og:locale\" content=\"sv_SE\" \/>\n<meta property=\"og:type\" content=\"article\" \/>\n<meta property=\"og:title\" content=\"Bilaga: Definitioner och f\u00f6rkortningar - Luvat ja valvonta\" \/>\n<meta property=\"og:description\" content=\"1 SYFTE MED DOKUMENTET I denna bilaga beskrivs definitionerna och f\u00f6rkortningarna som anv\u00e4nds i dokumenthelheten som g\u00e4ller tj\u00e4nsten Tillst\u00e5nd och tillsyn. 2 DEFINITIONER och F\u00d6RKORTNINGAR Termer och f\u00f6rkortningar Definition Tj\u00e4nstens \u00e4gare Tj\u00e4nstens \u00e4gare ansvarar f\u00f6r tj\u00e4nsten styr utvecklingen och tj\u00e4nstens egenskaper f\u00f6ljer upp fortl\u00f6pande tj\u00e4nster och g\u00f6r vid behov \u00e4ndringar i dem Tj\u00e4nstens \u00e4gare har [&hellip;]\" \/>\n<meta property=\"og:url\" content=\"https:\/\/luvatjavalvonta.fi\/sv\/information-om-tjansten\/hanteringsmodell-for-tjansten\/bilaga-definitioner-och-forkortningar\/\" \/>\n<meta property=\"og:site_name\" content=\"Luvat ja valvonta\" \/>\n<meta property=\"article:modified_time\" content=\"2023-04-28T07:47:43+00:00\" \/>\n<meta name=\"twitter:card\" content=\"summary_large_image\" \/>\n<meta name=\"twitter:label1\" content=\"Est. reading time\" \/>\n\t<meta name=\"twitter:data1\" content=\"4 minutes\" \/>\n<script type=\"application\/ld+json\" class=\"yoast-schema-graph\">{\"@context\":\"https:\/\/schema.org\",\"@graph\":[{\"@type\":\"WebPage\",\"@id\":\"https:\/\/luvatjavalvonta.fi\/sv\/information-om-tjansten\/hanteringsmodell-for-tjansten\/bilaga-definitioner-och-forkortningar\/\",\"url\":\"https:\/\/luvatjavalvonta.fi\/sv\/information-om-tjansten\/hanteringsmodell-for-tjansten\/bilaga-definitioner-och-forkortningar\/\",\"name\":\"Bilaga: Definitioner och f\u00f6rkortningar - Luvat ja valvonta\",\"isPartOf\":{\"@id\":\"https:\/\/luvatjavalvonta.fi\/#website\"},\"datePublished\":\"2022-06-20T12:29:47+00:00\",\"dateModified\":\"2023-04-28T07:47:43+00:00\",\"breadcrumb\":{\"@id\":\"https:\/\/luvatjavalvonta.fi\/sv\/information-om-tjansten\/hanteringsmodell-for-tjansten\/bilaga-definitioner-och-forkortningar\/#breadcrumb\"},\"inLanguage\":\"sv-SE\",\"potentialAction\":[{\"@type\":\"ReadAction\",\"target\":[\"https:\/\/luvatjavalvonta.fi\/sv\/information-om-tjansten\/hanteringsmodell-for-tjansten\/bilaga-definitioner-och-forkortningar\/\"]}]},{\"@type\":\"BreadcrumbList\",\"@id\":\"https:\/\/luvatjavalvonta.fi\/sv\/information-om-tjansten\/hanteringsmodell-for-tjansten\/bilaga-definitioner-och-forkortningar\/#breadcrumb\",\"itemListElement\":[{\"@type\":\"ListItem\",\"position\":1,\"name\":\"Home\",\"item\":\"http:\/\/54.75.134.196:80\/sv\/\"},{\"@type\":\"ListItem\",\"position\":2,\"name\":\"Information om tj\u00e4nsten\",\"item\":\"http:\/\/54.75.134.196:80\/sv\/information-om-tjansten\/\"},{\"@type\":\"ListItem\",\"position\":3,\"name\":\"Hanteringsmodell f\u00f6r tj\u00e4nsten\",\"item\":\"https:\/\/luvatjavalvonta.fi\/sv\/information-om-tjansten\/hanteringsmodell-for-tjansten\/\"},{\"@type\":\"ListItem\",\"position\":4,\"name\":\"Bilaga: Definitioner och f\u00f6rkortningar\"}]},{\"@type\":\"WebSite\",\"@id\":\"https:\/\/luvatjavalvonta.fi\/#website\",\"url\":\"https:\/\/luvatjavalvonta.fi\/\",\"name\":\"Luvat ja valvonta\",\"description\":\"\",\"potentialAction\":[{\"@type\":\"SearchAction\",\"target\":{\"@type\":\"EntryPoint\",\"urlTemplate\":\"https:\/\/luvatjavalvonta.fi\/?s={search_term_string}\"},\"query-input\":{\"@type\":\"PropertyValueSpecification\",\"valueRequired\":true,\"valueName\":\"search_term_string\"}}],\"inLanguage\":\"sv-SE\"}]}<\/script>\n<!-- \/ Yoast SEO plugin. -->","yoast_head_json":{"title":"Bilaga: Definitioner och f\u00f6rkortningar - Luvat ja valvonta","robots":{"index":"index","follow":"follow","max-snippet":"max-snippet:-1","max-image-preview":"max-image-preview:large","max-video-preview":"max-video-preview:-1"},"canonical":"https:\/\/luvatjavalvonta.fi\/sv\/information-om-tjansten\/hanteringsmodell-for-tjansten\/bilaga-definitioner-och-forkortningar\/","og_locale":"sv_SE","og_type":"article","og_title":"Bilaga: Definitioner och f\u00f6rkortningar - Luvat ja valvonta","og_description":"1 SYFTE MED DOKUMENTET I denna bilaga beskrivs definitionerna och f\u00f6rkortningarna som anv\u00e4nds i dokumenthelheten som g\u00e4ller tj\u00e4nsten Tillst\u00e5nd och tillsyn. 2 DEFINITIONER och F\u00d6RKORTNINGAR Termer och f\u00f6rkortningar Definition Tj\u00e4nstens \u00e4gare Tj\u00e4nstens \u00e4gare ansvarar f\u00f6r tj\u00e4nsten styr utvecklingen och tj\u00e4nstens egenskaper f\u00f6ljer upp fortl\u00f6pande tj\u00e4nster och g\u00f6r vid behov \u00e4ndringar i dem Tj\u00e4nstens \u00e4gare har [&hellip;]","og_url":"https:\/\/luvatjavalvonta.fi\/sv\/information-om-tjansten\/hanteringsmodell-for-tjansten\/bilaga-definitioner-och-forkortningar\/","og_site_name":"Luvat ja valvonta","article_modified_time":"2023-04-28T07:47:43+00:00","twitter_card":"summary_large_image","twitter_misc":{"Est. reading time":"4 minutes"},"schema":{"@context":"https:\/\/schema.org","@graph":[{"@type":"WebPage","@id":"https:\/\/luvatjavalvonta.fi\/sv\/information-om-tjansten\/hanteringsmodell-for-tjansten\/bilaga-definitioner-och-forkortningar\/","url":"https:\/\/luvatjavalvonta.fi\/sv\/information-om-tjansten\/hanteringsmodell-for-tjansten\/bilaga-definitioner-och-forkortningar\/","name":"Bilaga: Definitioner och f\u00f6rkortningar - Luvat ja valvonta","isPartOf":{"@id":"https:\/\/luvatjavalvonta.fi\/#website"},"datePublished":"2022-06-20T12:29:47+00:00","dateModified":"2023-04-28T07:47:43+00:00","breadcrumb":{"@id":"https:\/\/luvatjavalvonta.fi\/sv\/information-om-tjansten\/hanteringsmodell-for-tjansten\/bilaga-definitioner-och-forkortningar\/#breadcrumb"},"inLanguage":"sv-SE","potentialAction":[{"@type":"ReadAction","target":["https:\/\/luvatjavalvonta.fi\/sv\/information-om-tjansten\/hanteringsmodell-for-tjansten\/bilaga-definitioner-och-forkortningar\/"]}]},{"@type":"BreadcrumbList","@id":"https:\/\/luvatjavalvonta.fi\/sv\/information-om-tjansten\/hanteringsmodell-for-tjansten\/bilaga-definitioner-och-forkortningar\/#breadcrumb","itemListElement":[{"@type":"ListItem","position":1,"name":"Home","item":"http:\/\/54.75.134.196:80\/sv\/"},{"@type":"ListItem","position":2,"name":"Information om tj\u00e4nsten","item":"http:\/\/54.75.134.196:80\/sv\/information-om-tjansten\/"},{"@type":"ListItem","position":3,"name":"Hanteringsmodell f\u00f6r tj\u00e4nsten","item":"https:\/\/luvatjavalvonta.fi\/sv\/information-om-tjansten\/hanteringsmodell-for-tjansten\/"},{"@type":"ListItem","position":4,"name":"Bilaga: Definitioner och f\u00f6rkortningar"}]},{"@type":"WebSite","@id":"https:\/\/luvatjavalvonta.fi\/#website","url":"https:\/\/luvatjavalvonta.fi\/","name":"Luvat ja valvonta","description":"","potentialAction":[{"@type":"SearchAction","target":{"@type":"EntryPoint","urlTemplate":"https:\/\/luvatjavalvonta.fi\/?s={search_term_string}"},"query-input":{"@type":"PropertyValueSpecification","valueRequired":true,"valueName":"search_term_string"}}],"inLanguage":"sv-SE"}]}},"_links":{"self":[{"href":"https:\/\/luvatjavalvonta.fi\/sv\/wp-json\/wp\/v2\/pages\/4873","targetHints":{"allow":["GET"]}}],"collection":[{"href":"https:\/\/luvatjavalvonta.fi\/sv\/wp-json\/wp\/v2\/pages"}],"about":[{"href":"https:\/\/luvatjavalvonta.fi\/sv\/wp-json\/wp\/v2\/types\/page"}],"author":[{"embeddable":true,"href":"https:\/\/luvatjavalvonta.fi\/sv\/wp-json\/wp\/v2\/users\/14"}],"replies":[{"embeddable":true,"href":"https:\/\/luvatjavalvonta.fi\/sv\/wp-json\/wp\/v2\/comments?post=4873"}],"version-history":[{"count":2,"href":"https:\/\/luvatjavalvonta.fi\/sv\/wp-json\/wp\/v2\/pages\/4873\/revisions"}],"predecessor-version":[{"id":5336,"href":"https:\/\/luvatjavalvonta.fi\/sv\/wp-json\/wp\/v2\/pages\/4873\/revisions\/5336"}],"up":[{"embeddable":true,"href":"https:\/\/luvatjavalvonta.fi\/sv\/wp-json\/wp\/v2\/pages\/4909"}],"wp:attachment":[{"href":"https:\/\/luvatjavalvonta.fi\/sv\/wp-json\/wp\/v2\/media?parent=4873"}],"curies":[{"name":"wp","href":"https:\/\/api.w.org\/{rel}","templated":true}]}}