{"id":4875,"date":"2022-06-15T11:20:33","date_gmt":"2022-06-15T08:20:33","guid":{"rendered":"https:\/\/luvatjavalvonta.fi\/utredning-av-tillstandsbehov\/"},"modified":"2023-05-04T11:59:42","modified_gmt":"2023-05-04T08:59:42","slug":"utredning-av-tillstandsbehov","status":"publish","type":"page","link":"https:\/\/luvatjavalvonta.fi\/sv\/information-om-tjansten\/egenskaper\/utredning-av-tillstandsbehov\/","title":{"rendered":"Utredning av tillst\u00e5ndsbehov"},"content":{"rendered":"\n<hr class=\"wp-block-separator has-alpha-channel-opacity\"\/>\n\n\n\n<div class=\"wp-block-columns is-layout-flex wp-container-core-columns-is-layout-9d6595d7 wp-block-columns-is-layout-flex\">\n<div class=\"wp-block-column is-layout-flow wp-block-column-is-layout-flow\" style=\"flex-basis:25%\"><div class=\"wp-block-image\">\n<figure class=\"aligncenter size-full is-resized\"><img loading=\"lazy\" decoding=\"async\" src=\"https:\/\/luvatjavalvonta.fi\/content\/uploads\/2022\/08\/Lupatarveselvitys_11.png\" alt=\"Illustration\" class=\"wp-image-2574\" width=\"150\" height=\"150\" srcset=\"https:\/\/luvatjavalvonta.fi\/content\/uploads\/2022\/08\/Lupatarveselvitys_11.png 883w, https:\/\/luvatjavalvonta.fi\/content\/uploads\/2022\/08\/Lupatarveselvitys_11-300x300.png 300w, https:\/\/luvatjavalvonta.fi\/content\/uploads\/2022\/08\/Lupatarveselvitys_11-150x150.png 150w, https:\/\/luvatjavalvonta.fi\/content\/uploads\/2022\/08\/Lupatarveselvitys_11-768x769.png 768w, https:\/\/luvatjavalvonta.fi\/content\/uploads\/2022\/08\/Lupatarveselvitys_11-200x200.png 200w\" sizes=\"auto, (max-width: 150px) 100vw, 150px\" \/><\/figure><\/div><\/div>\n\n\n\n<div class=\"wp-block-column is-vertically-aligned-bottom is-layout-flow wp-block-column-is-layout-flow\" style=\"flex-basis:75%\">\n<p>Utredning av tillst\u00e5ndsbehov \u00e4r en tj\u00e4nst som<\/p>\n<ul>\n<li>ger kunden ett l\u00e4ttanv\u00e4nt verktyg baserat p\u00e5 fr\u00e5gor f\u00f6r att klarg\u00f6ra behovet av tillst\u00e5nd<\/li>\n<li>erbjuder myndigheten ett verktyg med vilket de krav som anknyter till myndighets\u00e4renden kan omvandlas till regelbaserade f\u00f6rfr\u00e5gningar riktade till kunden utifr\u00e5n vilka utredningen av kundens tillst\u00e5ndsbehov bildas (fr\u00e5gor om myndighetstillst\u00e5nd, svar, agerande i olika svar)<\/li>\n<\/ul>\n<\/div>\n<\/div>\n\n\n\n<h2>Tj\u00e4nsten ur myndighetens perspektiv<\/h2>\n<p>Utredningen av tillst\u00e5ndsbehov kan anv\u00e4ndas i n\u00e4stan alla syften f\u00f6r att fastst\u00e4lla behovet av tillst\u00e5nds- och tillsyns\u00e4renden f\u00f6r kundens verksamhet. Den fastst\u00e4ller regler relaterade till kundens verksamhet, som kan vara identifierad tillst\u00e5ndspliktig verksamhet, verksamhetens omfattning, volym, varaktighet, antalet deltagare, s\u00e4kerhetsrelaterade fr\u00e5gor, l\u00e4ge, reglerad f\u00f6rs\u00e4ljning etc. Utredningen av tillst\u00e5ndsbehovet kan definieras och genomf\u00f6ras enligt servicehelheter (t.ex. ordnande av evenemang) eller enskilda tj\u00e4nster. N\u00e4r de fastst\u00e4llda reglerna f\u00f6r utredningen av tillst\u00e5ndsbehov har inf\u00f6rts i tj\u00e4nsten aktiveras funktionen automatiskt f\u00f6r alla \u00e4renden i servicehelheten.<\/p>\n<p>&nbsp;<\/p>\n<h2>Tj\u00e4nsten ur kundens perspektiv<\/h2>\n<p>I utredningen av tillst\u00e5ndsbehov svarar kunden p\u00e5 fr\u00e5gor relaterade till \u00e4rendehelheten f\u00f6r att kartl\u00e4gga behovet av tillst\u00e5nds- och tillsyns\u00e4renden. Fr\u00e5gorna har st\u00e4llts p\u00e5 ett s\u00e5dant s\u00e4tt att varje svar fastst\u00e4ller och begr\u00e4nsar kundens behov. Slutligen f\u00f6resl\u00e5r utredningen f\u00f6r kunden de n\u00f6dv\u00e4ndiga och eventuellt n\u00f6dv\u00e4ndiga tillst\u00e5nds- och tillsyns\u00e4rendena utifr\u00e5n svaren. Kunden kan n\u00e4r som helst avbryta utredningen och v\u00e4lja de tj\u00e4nster som beh\u00f6vs. Tillst\u00e5ndss\u00f6kanden ansvarar f\u00f6r inh\u00e4mtandet av n\u00f6dv\u00e4ndiga tillst\u00e5nd, och detta n\u00e4mns \u00e4ven p\u00e5 sidan d\u00e4r tj\u00e4nsterna v\u00e4ljs. Funktionen finns p\u00e5 tj\u00e4nstens f\u00f6rstasida under \u201dTa reda p\u00e5 n\u00f6dv\u00e4ndiga tillst\u00e5nd\u201d. Kunden beh\u00f6ver inte logga in tj\u00e4nsten f\u00f6r att anv\u00e4nda utredningen av tillst\u00e5ndsbehovet.<\/p>\n<p>&nbsp;<\/p>\n\n\n\n<div class=\"wp-block-columns is-layout-flex wp-container-core-columns-is-layout-9d6595d7 wp-block-columns-is-layout-flex\">\n<div class=\"wp-block-column is-layout-flow wp-block-column-is-layout-flow\">\n<h3 style=\"text-align: center;\"><a href=\"https:\/\/luvatjavalvonta.fi\/sv\/exempel-pa-utredning-av-tillstandsbehov\/\"><img loading=\"lazy\" decoding=\"async\" class=\"aligncenter wp-image-2614\" src=\"https:\/\/luvatjavalvonta.fi\/content\/uploads\/2022\/08\/Esimerkki_1.png\" alt=\"\" width=\"125\" height=\"125\" srcset=\"https:\/\/luvatjavalvonta.fi\/content\/uploads\/2022\/08\/Esimerkki_1.png 664w, https:\/\/luvatjavalvonta.fi\/content\/uploads\/2022\/08\/Esimerkki_1-300x300.png 300w, https:\/\/luvatjavalvonta.fi\/content\/uploads\/2022\/08\/Esimerkki_1-150x150.png 150w, https:\/\/luvatjavalvonta.fi\/content\/uploads\/2022\/08\/Esimerkki_1-200x200.png 200w\" sizes=\"auto, (max-width: 125px) 100vw, 125px\" \/>Exempel<br> p\u00e5 kundvyn<\/a><\/h3>\n<\/div>\n\n\n\n<div class=\"wp-block-column is-layout-flow wp-block-column-is-layout-flow\"><\/div>\n\n\n\n<div class=\"wp-block-column is-layout-flow wp-block-column-is-layout-flow\"><\/div>\n<\/div>\n\n\n<div class=\"custom-quote-wrapper\">\n\t<div class=\"quote\">\n\t\t<p><span style=\"color: #000000; font-size: 12pt;\"><span style=\"font-family: arial, helvetica, sans-serif;\">Obs!<\/span><\/span><\/p>\n<p>Tillst\u00e5ndsutredning \u00e4r inte en obligatorisk funktion f\u00f6r kunder. Som kund<br \/>\nkan man ocks\u00e5 hoppa \u00f6ver utredningen av tillst\u00e5ndsbehov genom att v\u00e4lja<br \/>\n\u201dG\u00e5 direkt till valet av tillst\u00e5nd\u201d.<\/p>\n<p>Utredningen av tillst\u00e5ndsbehov befriar inte kunden fr\u00e5n ansvaret att ans\u00f6ka<br \/>\nom tillst\u00e5nd som verksamheten kr\u00e4ver.<\/p>\n\n\t<\/div>\n<\/div>\n\n\n\n<p>\u00a0<\/p>\n<h3><a href=\"https:\/\/luvatjavalvonta.fi\/tietoa-palvelusta\/palvelun-tarjonta\/\">Tillbaka \u203a<\/a><\/h3>\n","protected":false},"excerpt":{"rendered":"<p>Utredning av tillst\u00e5ndsbehov \u00e4r en tj\u00e4nst som ger kunden ett l\u00e4ttanv\u00e4nt verktyg baserat p\u00e5 fr\u00e5gor f\u00f6r att klarg\u00f6ra behovet av tillst\u00e5nd erbjuder myndigheten ett verktyg med vilket de krav som anknyter till myndighets\u00e4renden kan omvandlas till regelbaserade f\u00f6rfr\u00e5gningar riktade till kunden utifr\u00e5n vilka utredningen av kundens tillst\u00e5ndsbehov bildas (fr\u00e5gor om myndighetstillst\u00e5nd, svar, agerande i olika [&hellip;]<\/p>\n","protected":false},"author":14,"featured_media":0,"parent":4905,"menu_order":180,"comment_status":"closed","ping_status":"closed","template":"","meta":{"_acf_changed":false,"inline_featured_image":false,"footnotes":""},"class_list":["post-4875","page","type-page","status-publish","hentry"],"acf":{"ai_extra_content":"","ai_instructions":"","ai_hidden_page":false},"yoast_head":"<!-- This site is optimized with the Yoast SEO plugin v25.9 - https:\/\/yoast.com\/wordpress\/plugins\/seo\/ -->\n<title>Utredning av tillst\u00e5ndsbehov - Luvat ja valvonta<\/title>\n<meta name=\"robots\" content=\"index, follow, max-snippet:-1, max-image-preview:large, max-video-preview:-1\" \/>\n<link rel=\"canonical\" href=\"http:\/\/54.75.134.196:80\/sv\/information-om-tjansten\/egenskaper\/utredning-av-tillstandsbehov\/\" \/>\n<meta property=\"og:locale\" content=\"sv_SE\" \/>\n<meta property=\"og:type\" content=\"article\" \/>\n<meta property=\"og:title\" content=\"Utredning av tillst\u00e5ndsbehov - Luvat ja valvonta\" \/>\n<meta property=\"og:description\" content=\"Utredning av tillst\u00e5ndsbehov \u00e4r en tj\u00e4nst som ger kunden ett l\u00e4ttanv\u00e4nt verktyg baserat p\u00e5 fr\u00e5gor f\u00f6r att klarg\u00f6ra behovet av tillst\u00e5nd erbjuder myndigheten ett verktyg med vilket de krav som anknyter till myndighets\u00e4renden kan omvandlas till regelbaserade f\u00f6rfr\u00e5gningar riktade till kunden utifr\u00e5n vilka utredningen av kundens tillst\u00e5ndsbehov bildas (fr\u00e5gor om myndighetstillst\u00e5nd, svar, agerande i olika [&hellip;]\" \/>\n<meta property=\"og:url\" content=\"http:\/\/54.75.134.196:80\/sv\/information-om-tjansten\/egenskaper\/utredning-av-tillstandsbehov\/\" \/>\n<meta property=\"og:site_name\" content=\"Luvat ja valvonta\" \/>\n<meta property=\"article:modified_time\" content=\"2023-05-04T08:59:42+00:00\" \/>\n<meta property=\"og:image\" content=\"https:\/\/luvatjavalvonta.fi\/content\/uploads\/2022\/08\/Lupatarveselvitys_11.png\" \/>\n<meta name=\"twitter:card\" content=\"summary_large_image\" \/>\n<meta name=\"twitter:label1\" content=\"Est. reading time\" \/>\n\t<meta name=\"twitter:data1\" content=\"2 minutes\" \/>\n<script type=\"application\/ld+json\" class=\"yoast-schema-graph\">{\"@context\":\"https:\/\/schema.org\",\"@graph\":[{\"@type\":\"WebPage\",\"@id\":\"http:\/\/54.75.134.196:80\/sv\/information-om-tjansten\/egenskaper\/utredning-av-tillstandsbehov\/\",\"url\":\"http:\/\/54.75.134.196:80\/sv\/information-om-tjansten\/egenskaper\/utredning-av-tillstandsbehov\/\",\"name\":\"Utredning av tillst\u00e5ndsbehov - Luvat ja valvonta\",\"isPartOf\":{\"@id\":\"https:\/\/luvatjavalvonta.fi\/#website\"},\"primaryImageOfPage\":{\"@id\":\"http:\/\/54.75.134.196:80\/sv\/information-om-tjansten\/egenskaper\/utredning-av-tillstandsbehov\/#primaryimage\"},\"image\":{\"@id\":\"http:\/\/54.75.134.196:80\/sv\/information-om-tjansten\/egenskaper\/utredning-av-tillstandsbehov\/#primaryimage\"},\"thumbnailUrl\":\"https:\/\/luvatjavalvonta.fi\/content\/uploads\/2022\/08\/Lupatarveselvitys_11.png\",\"datePublished\":\"2022-06-15T08:20:33+00:00\",\"dateModified\":\"2023-05-04T08:59:42+00:00\",\"breadcrumb\":{\"@id\":\"http:\/\/54.75.134.196:80\/sv\/information-om-tjansten\/egenskaper\/utredning-av-tillstandsbehov\/#breadcrumb\"},\"inLanguage\":\"sv-SE\",\"potentialAction\":[{\"@type\":\"ReadAction\",\"target\":[\"http:\/\/54.75.134.196:80\/sv\/information-om-tjansten\/egenskaper\/utredning-av-tillstandsbehov\/\"]}]},{\"@type\":\"ImageObject\",\"inLanguage\":\"sv-SE\",\"@id\":\"http:\/\/54.75.134.196:80\/sv\/information-om-tjansten\/egenskaper\/utredning-av-tillstandsbehov\/#primaryimage\",\"url\":\"https:\/\/luvatjavalvonta.fi\/content\/uploads\/2022\/08\/Lupatarveselvitys_11.png\",\"contentUrl\":\"https:\/\/luvatjavalvonta.fi\/content\/uploads\/2022\/08\/Lupatarveselvitys_11.png\"},{\"@type\":\"BreadcrumbList\",\"@id\":\"http:\/\/54.75.134.196:80\/sv\/information-om-tjansten\/egenskaper\/utredning-av-tillstandsbehov\/#breadcrumb\",\"itemListElement\":[{\"@type\":\"ListItem\",\"position\":1,\"name\":\"Home\",\"item\":\"http:\/\/54.75.134.196:80\/sv\/\"},{\"@type\":\"ListItem\",\"position\":2,\"name\":\"Information om tj\u00e4nsten\",\"item\":\"http:\/\/54.75.134.196:80\/sv\/information-om-tjansten\/\"},{\"@type\":\"ListItem\",\"position\":3,\"name\":\"Egenskaper\",\"item\":\"http:\/\/54.75.134.196:80\/sv\/information-om-tjansten\/egenskaper\/\"},{\"@type\":\"ListItem\",\"position\":4,\"name\":\"Utredning av tillst\u00e5ndsbehov\"}]},{\"@type\":\"WebSite\",\"@id\":\"https:\/\/luvatjavalvonta.fi\/#website\",\"url\":\"https:\/\/luvatjavalvonta.fi\/\",\"name\":\"Luvat ja valvonta\",\"description\":\"\",\"potentialAction\":[{\"@type\":\"SearchAction\",\"target\":{\"@type\":\"EntryPoint\",\"urlTemplate\":\"https:\/\/luvatjavalvonta.fi\/?s={search_term_string}\"},\"query-input\":{\"@type\":\"PropertyValueSpecification\",\"valueRequired\":true,\"valueName\":\"search_term_string\"}}],\"inLanguage\":\"sv-SE\"}]}<\/script>\n<!-- \/ Yoast SEO plugin. -->","yoast_head_json":{"title":"Utredning av tillst\u00e5ndsbehov - Luvat ja valvonta","robots":{"index":"index","follow":"follow","max-snippet":"max-snippet:-1","max-image-preview":"max-image-preview:large","max-video-preview":"max-video-preview:-1"},"canonical":"http:\/\/54.75.134.196:80\/sv\/information-om-tjansten\/egenskaper\/utredning-av-tillstandsbehov\/","og_locale":"sv_SE","og_type":"article","og_title":"Utredning av tillst\u00e5ndsbehov - Luvat ja valvonta","og_description":"Utredning av tillst\u00e5ndsbehov \u00e4r en tj\u00e4nst som ger kunden ett l\u00e4ttanv\u00e4nt verktyg baserat p\u00e5 fr\u00e5gor f\u00f6r att klarg\u00f6ra behovet av tillst\u00e5nd erbjuder myndigheten ett verktyg med vilket de krav som anknyter till myndighets\u00e4renden kan omvandlas till regelbaserade f\u00f6rfr\u00e5gningar riktade till kunden utifr\u00e5n vilka utredningen av kundens tillst\u00e5ndsbehov bildas (fr\u00e5gor om myndighetstillst\u00e5nd, svar, agerande i olika [&hellip;]","og_url":"http:\/\/54.75.134.196:80\/sv\/information-om-tjansten\/egenskaper\/utredning-av-tillstandsbehov\/","og_site_name":"Luvat ja valvonta","article_modified_time":"2023-05-04T08:59:42+00:00","og_image":[{"url":"https:\/\/luvatjavalvonta.fi\/content\/uploads\/2022\/08\/Lupatarveselvitys_11.png","type":"","width":"","height":""}],"twitter_card":"summary_large_image","twitter_misc":{"Est. reading time":"2 minutes"},"schema":{"@context":"https:\/\/schema.org","@graph":[{"@type":"WebPage","@id":"http:\/\/54.75.134.196:80\/sv\/information-om-tjansten\/egenskaper\/utredning-av-tillstandsbehov\/","url":"http:\/\/54.75.134.196:80\/sv\/information-om-tjansten\/egenskaper\/utredning-av-tillstandsbehov\/","name":"Utredning av tillst\u00e5ndsbehov - Luvat ja valvonta","isPartOf":{"@id":"https:\/\/luvatjavalvonta.fi\/#website"},"primaryImageOfPage":{"@id":"http:\/\/54.75.134.196:80\/sv\/information-om-tjansten\/egenskaper\/utredning-av-tillstandsbehov\/#primaryimage"},"image":{"@id":"http:\/\/54.75.134.196:80\/sv\/information-om-tjansten\/egenskaper\/utredning-av-tillstandsbehov\/#primaryimage"},"thumbnailUrl":"https:\/\/luvatjavalvonta.fi\/content\/uploads\/2022\/08\/Lupatarveselvitys_11.png","datePublished":"2022-06-15T08:20:33+00:00","dateModified":"2023-05-04T08:59:42+00:00","breadcrumb":{"@id":"http:\/\/54.75.134.196:80\/sv\/information-om-tjansten\/egenskaper\/utredning-av-tillstandsbehov\/#breadcrumb"},"inLanguage":"sv-SE","potentialAction":[{"@type":"ReadAction","target":["http:\/\/54.75.134.196:80\/sv\/information-om-tjansten\/egenskaper\/utredning-av-tillstandsbehov\/"]}]},{"@type":"ImageObject","inLanguage":"sv-SE","@id":"http:\/\/54.75.134.196:80\/sv\/information-om-tjansten\/egenskaper\/utredning-av-tillstandsbehov\/#primaryimage","url":"https:\/\/luvatjavalvonta.fi\/content\/uploads\/2022\/08\/Lupatarveselvitys_11.png","contentUrl":"https:\/\/luvatjavalvonta.fi\/content\/uploads\/2022\/08\/Lupatarveselvitys_11.png"},{"@type":"BreadcrumbList","@id":"http:\/\/54.75.134.196:80\/sv\/information-om-tjansten\/egenskaper\/utredning-av-tillstandsbehov\/#breadcrumb","itemListElement":[{"@type":"ListItem","position":1,"name":"Home","item":"http:\/\/54.75.134.196:80\/sv\/"},{"@type":"ListItem","position":2,"name":"Information om tj\u00e4nsten","item":"http:\/\/54.75.134.196:80\/sv\/information-om-tjansten\/"},{"@type":"ListItem","position":3,"name":"Egenskaper","item":"http:\/\/54.75.134.196:80\/sv\/information-om-tjansten\/egenskaper\/"},{"@type":"ListItem","position":4,"name":"Utredning av tillst\u00e5ndsbehov"}]},{"@type":"WebSite","@id":"https:\/\/luvatjavalvonta.fi\/#website","url":"https:\/\/luvatjavalvonta.fi\/","name":"Luvat ja valvonta","description":"","potentialAction":[{"@type":"SearchAction","target":{"@type":"EntryPoint","urlTemplate":"https:\/\/luvatjavalvonta.fi\/?s={search_term_string}"},"query-input":{"@type":"PropertyValueSpecification","valueRequired":true,"valueName":"search_term_string"}}],"inLanguage":"sv-SE"}]}},"_links":{"self":[{"href":"https:\/\/luvatjavalvonta.fi\/sv\/wp-json\/wp\/v2\/pages\/4875","targetHints":{"allow":["GET"]}}],"collection":[{"href":"https:\/\/luvatjavalvonta.fi\/sv\/wp-json\/wp\/v2\/pages"}],"about":[{"href":"https:\/\/luvatjavalvonta.fi\/sv\/wp-json\/wp\/v2\/types\/page"}],"author":[{"embeddable":true,"href":"https:\/\/luvatjavalvonta.fi\/sv\/wp-json\/wp\/v2\/users\/14"}],"replies":[{"embeddable":true,"href":"https:\/\/luvatjavalvonta.fi\/sv\/wp-json\/wp\/v2\/comments?post=4875"}],"version-history":[{"count":6,"href":"https:\/\/luvatjavalvonta.fi\/sv\/wp-json\/wp\/v2\/pages\/4875\/revisions"}],"predecessor-version":[{"id":5482,"href":"https:\/\/luvatjavalvonta.fi\/sv\/wp-json\/wp\/v2\/pages\/4875\/revisions\/5482"}],"up":[{"embeddable":true,"href":"https:\/\/luvatjavalvonta.fi\/sv\/wp-json\/wp\/v2\/pages\/4905"}],"wp:attachment":[{"href":"https:\/\/luvatjavalvonta.fi\/sv\/wp-json\/wp\/v2\/media?parent=4875"}],"curies":[{"name":"wp","href":"https:\/\/api.w.org\/{rel}","templated":true}]}}