{"id":4879,"date":"2022-07-06T18:48:17","date_gmt":"2022-07-06T15:48:17","guid":{"rendered":"https:\/\/luvatjavalvonta.fi\/aviseringar\/"},"modified":"2023-04-27T15:25:35","modified_gmt":"2023-04-27T12:25:35","slug":"aviseringar","status":"publish","type":"page","link":"https:\/\/luvatjavalvonta.fi\/sv\/information-om-tjansten\/egenskaper\/aviseringar\/","title":{"rendered":"Aviseringar"},"content":{"rendered":"\n<hr class=\"wp-block-separator has-alpha-channel-opacity\"\/>\n\n\n\n<div class=\"wp-block-columns is-layout-flex wp-container-core-columns-is-layout-9d6595d7 wp-block-columns-is-layout-flex\">\n<div class=\"wp-block-column is-vertically-aligned-center is-layout-flow wp-block-column-is-layout-flow\" style=\"flex-basis:25%\"><div class=\"wp-block-image\">\n<figure class=\"aligncenter size-full is-resized\"><img loading=\"lazy\" decoding=\"async\" src=\"https:\/\/luvatjavalvonta.fi\/content\/uploads\/2022\/08\/Herateviesti_11.png\" alt=\"Illustration\" class=\"wp-image-2572\" width=\"150\" height=\"150\" srcset=\"https:\/\/luvatjavalvonta.fi\/content\/uploads\/2022\/08\/Herateviesti_11.png 886w, https:\/\/luvatjavalvonta.fi\/content\/uploads\/2022\/08\/Herateviesti_11-300x300.png 300w, https:\/\/luvatjavalvonta.fi\/content\/uploads\/2022\/08\/Herateviesti_11-150x150.png 150w, https:\/\/luvatjavalvonta.fi\/content\/uploads\/2022\/08\/Herateviesti_11-768x769.png 768w, https:\/\/luvatjavalvonta.fi\/content\/uploads\/2022\/08\/Herateviesti_11-200x200.png 200w\" sizes=\"auto, (max-width: 150px) 100vw, 150px\" \/><\/figure><\/div><\/div>\n\n\n\n<div class=\"wp-block-column is-layout-flow wp-block-column-is-layout-flow\" style=\"flex-basis:75%\">\n<p>Aviseringar \u00e4r en funktion i tj\u00e4nsten Tillst\u00e5nd och tillsyn som meddelar myndigheter och kunder om f\u00f6r\u00e4ndringar i \u00e4renden.<\/p>\n<\/div>\n<\/div>\n\n\n\n<h2>Aviseringar till myndigheter<\/h2>\n<p>Tj\u00e4nsten skickar aviseringar till myndigheterna n\u00e4r \u00e4renden f\u00f6r\u00e4ndras i tj\u00e4nsten Tillst\u00e5nd och tillsyn. S\u00e5dana transaktioner eller f\u00f6r\u00e4ndringar \u00e4r:<\/p>\n<ul>\n<li>Avs\u00e4ndande av \u00e4rende (ans\u00f6kan) till myndigheten<\/li>\n<li>Komplettering av \u00e4renden (skickad av kunden)<\/li>\n<li>Kund- eller myndighetsmeddelanden till myndigheten<\/li>\n<\/ul>\n<h3>E-postadress<\/h3>\n<p>Den f\u00f6rsta aviseringen om ett \u00e4rende skickas alltid till en best\u00e4md e-postadress som myndigheten fastst\u00e4ller \u00e4rendespecifikt n\u00e4r tj\u00e4nsten ansluts till tj\u00e4nsten Tillst\u00e5nd och tillsyn. E-postadressen b\u00f6r vara en s\u00e5 kallad rolladress\/allm\u00e4n e-postadress, s\u00e5 att meddelandet inte begravs i n\u00e5gons personliga e-post, till exempel under semestern.\u00a0<\/p>\n<h3>Omdirigering\u00a0<\/h3>\n<p>N\u00e4r myndigheten anh\u00e4ngigg\u00f6r ett \u00e4rende kan handl\u00e4ggaren dirigera f\u00f6ljande aviseringar om samma \u00e4rende till en annan adress: till en tj\u00e4nsteman som handl\u00e4gger \u00e4rendet eller till en annan adress i enlighet med myndighetens praxis. Detta m\u00f6jligg\u00f6r bland annat att information om f\u00f6r\u00e4ndringar i \u00e4renden alltid skickas till samma tj\u00e4nsteman.\u00a0<\/p>\n<h3>Inneh\u00e5ll i meddelanden<\/h3>\n<p>Aviseringar inneh\u00e5ller information om \u00e4rendet som aviseringen g\u00e4ller och en l\u00e4nk till \u00e4rendet, som tj\u00e4nstemannen kan anv\u00e4nda f\u00f6r att direkt behandla \u00e4rendet i tj\u00e4nsten Tillst\u00e5nd och tillsyn. D\u00e5 g\u00e5r ingen tid \u00e5t att s\u00f6ka efter \u00e4rendet i tj\u00e4nsten.<\/p>\n<h2>Aviseringar till kunder<\/h2>\n<p>Aviseringar till kunden fungerar ungef\u00e4r p\u00e5 samma s\u00e4tt som till myndigheten. Den viktigaste skillnaden \u00e4r de transaktioner som utl\u00f6ser aviseringen. Dessa \u00e4r<\/p>\n<ul>\n<li>Myndigheten beg\u00e4r komplettering av \u00e4rendet<\/li>\n<li>\u00c4rendet har behandlats<\/li>\n<\/ul>\n<p>Slutlig status f\u00f6r behandlingen av \u00e4rendet visas inte i aviseringen (t.ex. huruvida tillst\u00e5nd har beviljats). Det m\u00e5ste kunden kontrollera i tj\u00e4nsten.<\/p>\n<p>\u00a0<\/p>\n\n\n\n<div class=\"wp-block-columns is-layout-flex wp-container-core-columns-is-layout-9d6595d7 wp-block-columns-is-layout-flex\">\n<div class=\"wp-block-column is-layout-flow wp-block-column-is-layout-flow\">\n<h3 style=\"text-align: center;\"><a href=\"https:\/\/luvatjavalvonta.fi\/sv\/exempel-pa-aviseringar\/\"><img loading=\"lazy\" decoding=\"async\" class=\"aligncenter wp-image-2614\" src=\"https:\/\/luvatjavalvonta.fi\/content\/uploads\/2022\/08\/Esimerkki_1.png\" alt=\"\" width=\"125\" height=\"125\" srcset=\"https:\/\/luvatjavalvonta.fi\/content\/uploads\/2022\/08\/Esimerkki_1.png 664w, https:\/\/luvatjavalvonta.fi\/content\/uploads\/2022\/08\/Esimerkki_1-300x300.png 300w, https:\/\/luvatjavalvonta.fi\/content\/uploads\/2022\/08\/Esimerkki_1-150x150.png 150w, https:\/\/luvatjavalvonta.fi\/content\/uploads\/2022\/08\/Esimerkki_1-200x200.png 200w\" sizes=\"auto, (max-width: 125px) 100vw, 125px\" \/>Exempel p\u00e5 avisering \u203a<\/a><\/h3>\n<\/div>\n\n\n\n<div class=\"wp-block-column is-layout-flow wp-block-column-is-layout-flow\"><\/div>\n\n\n\n<div class=\"wp-block-column is-layout-flow wp-block-column-is-layout-flow\"><\/div>\n<\/div>\n\n\n\n<p>\u00a0<\/p>\n<h3><a href=\"https:\/\/luvatjavalvonta.fi\/tietoa-palvelusta\/palvelun-tarjonta\/\">Tillbaka \u203a<\/a><\/h3>\n","protected":false},"excerpt":{"rendered":"<p>Aviseringar \u00e4r en funktion i tj\u00e4nsten Tillst\u00e5nd och tillsyn som meddelar myndigheter och kunder om f\u00f6r\u00e4ndringar i \u00e4renden. Aviseringar till myndigheter Tj\u00e4nsten skickar aviseringar till myndigheterna n\u00e4r \u00e4renden f\u00f6r\u00e4ndras i tj\u00e4nsten Tillst\u00e5nd och tillsyn. S\u00e5dana transaktioner eller f\u00f6r\u00e4ndringar \u00e4r: Avs\u00e4ndande av \u00e4rende (ans\u00f6kan) till myndigheten Komplettering av \u00e4renden (skickad av kunden) Kund- eller myndighetsmeddelanden till [&hellip;]<\/p>\n","protected":false},"author":14,"featured_media":0,"parent":4905,"menu_order":183,"comment_status":"closed","ping_status":"closed","template":"","meta":{"_acf_changed":false,"inline_featured_image":false,"footnotes":""},"class_list":["post-4879","page","type-page","status-publish","hentry"],"acf":{"ai_extra_content":"","ai_instructions":"","ai_hidden_page":false},"yoast_head":"<!-- This site is optimized with the Yoast SEO plugin v25.9 - https:\/\/yoast.com\/wordpress\/plugins\/seo\/ -->\n<title>Aviseringar - Luvat ja valvonta<\/title>\n<meta name=\"robots\" content=\"index, follow, max-snippet:-1, max-image-preview:large, max-video-preview:-1\" \/>\n<link rel=\"canonical\" href=\"https:\/\/luvatjavalvonta.fi\/sv\/information-om-tjansten\/egenskaper\/aviseringar\/\" \/>\n<meta property=\"og:locale\" content=\"sv_SE\" \/>\n<meta property=\"og:type\" content=\"article\" \/>\n<meta property=\"og:title\" content=\"Aviseringar - Luvat ja valvonta\" \/>\n<meta property=\"og:description\" content=\"Aviseringar \u00e4r en funktion i tj\u00e4nsten Tillst\u00e5nd och tillsyn som meddelar myndigheter och kunder om f\u00f6r\u00e4ndringar i \u00e4renden. Aviseringar till myndigheter Tj\u00e4nsten skickar aviseringar till myndigheterna n\u00e4r \u00e4renden f\u00f6r\u00e4ndras i tj\u00e4nsten Tillst\u00e5nd och tillsyn. S\u00e5dana transaktioner eller f\u00f6r\u00e4ndringar \u00e4r: Avs\u00e4ndande av \u00e4rende (ans\u00f6kan) till myndigheten Komplettering av \u00e4renden (skickad av kunden) Kund- eller myndighetsmeddelanden till [&hellip;]\" \/>\n<meta property=\"og:url\" content=\"https:\/\/luvatjavalvonta.fi\/sv\/information-om-tjansten\/egenskaper\/aviseringar\/\" \/>\n<meta property=\"og:site_name\" content=\"Luvat ja valvonta\" \/>\n<meta property=\"article:modified_time\" content=\"2023-04-27T12:25:35+00:00\" \/>\n<meta property=\"og:image\" content=\"https:\/\/luvatjavalvonta.fi\/content\/uploads\/2022\/08\/Herateviesti_11.png\" \/>\n<meta name=\"twitter:card\" content=\"summary_large_image\" \/>\n<meta name=\"twitter:label1\" content=\"Est. reading time\" \/>\n\t<meta name=\"twitter:data1\" content=\"2 minutes\" \/>\n<script type=\"application\/ld+json\" class=\"yoast-schema-graph\">{\"@context\":\"https:\/\/schema.org\",\"@graph\":[{\"@type\":\"WebPage\",\"@id\":\"https:\/\/luvatjavalvonta.fi\/sv\/information-om-tjansten\/egenskaper\/aviseringar\/\",\"url\":\"https:\/\/luvatjavalvonta.fi\/sv\/information-om-tjansten\/egenskaper\/aviseringar\/\",\"name\":\"Aviseringar - Luvat ja valvonta\",\"isPartOf\":{\"@id\":\"https:\/\/luvatjavalvonta.fi\/#website\"},\"primaryImageOfPage\":{\"@id\":\"https:\/\/luvatjavalvonta.fi\/sv\/information-om-tjansten\/egenskaper\/aviseringar\/#primaryimage\"},\"image\":{\"@id\":\"https:\/\/luvatjavalvonta.fi\/sv\/information-om-tjansten\/egenskaper\/aviseringar\/#primaryimage\"},\"thumbnailUrl\":\"https:\/\/luvatjavalvonta.fi\/content\/uploads\/2022\/08\/Herateviesti_11.png\",\"datePublished\":\"2022-07-06T15:48:17+00:00\",\"dateModified\":\"2023-04-27T12:25:35+00:00\",\"breadcrumb\":{\"@id\":\"https:\/\/luvatjavalvonta.fi\/sv\/information-om-tjansten\/egenskaper\/aviseringar\/#breadcrumb\"},\"inLanguage\":\"sv-SE\",\"potentialAction\":[{\"@type\":\"ReadAction\",\"target\":[\"https:\/\/luvatjavalvonta.fi\/sv\/information-om-tjansten\/egenskaper\/aviseringar\/\"]}]},{\"@type\":\"ImageObject\",\"inLanguage\":\"sv-SE\",\"@id\":\"https:\/\/luvatjavalvonta.fi\/sv\/information-om-tjansten\/egenskaper\/aviseringar\/#primaryimage\",\"url\":\"https:\/\/luvatjavalvonta.fi\/content\/uploads\/2022\/08\/Herateviesti_11.png\",\"contentUrl\":\"https:\/\/luvatjavalvonta.fi\/content\/uploads\/2022\/08\/Herateviesti_11.png\"},{\"@type\":\"BreadcrumbList\",\"@id\":\"https:\/\/luvatjavalvonta.fi\/sv\/information-om-tjansten\/egenskaper\/aviseringar\/#breadcrumb\",\"itemListElement\":[{\"@type\":\"ListItem\",\"position\":1,\"name\":\"Home\",\"item\":\"http:\/\/54.75.134.196:80\/sv\/\"},{\"@type\":\"ListItem\",\"position\":2,\"name\":\"Information om tj\u00e4nsten\",\"item\":\"http:\/\/54.75.134.196:80\/sv\/information-om-tjansten\/\"},{\"@type\":\"ListItem\",\"position\":3,\"name\":\"Egenskaper\",\"item\":\"http:\/\/54.75.134.196:80\/sv\/information-om-tjansten\/egenskaper\/\"},{\"@type\":\"ListItem\",\"position\":4,\"name\":\"Aviseringar\"}]},{\"@type\":\"WebSite\",\"@id\":\"https:\/\/luvatjavalvonta.fi\/#website\",\"url\":\"https:\/\/luvatjavalvonta.fi\/\",\"name\":\"Luvat ja valvonta\",\"description\":\"\",\"potentialAction\":[{\"@type\":\"SearchAction\",\"target\":{\"@type\":\"EntryPoint\",\"urlTemplate\":\"https:\/\/luvatjavalvonta.fi\/?s={search_term_string}\"},\"query-input\":{\"@type\":\"PropertyValueSpecification\",\"valueRequired\":true,\"valueName\":\"search_term_string\"}}],\"inLanguage\":\"sv-SE\"}]}<\/script>\n<!-- \/ Yoast SEO plugin. -->","yoast_head_json":{"title":"Aviseringar - Luvat ja valvonta","robots":{"index":"index","follow":"follow","max-snippet":"max-snippet:-1","max-image-preview":"max-image-preview:large","max-video-preview":"max-video-preview:-1"},"canonical":"https:\/\/luvatjavalvonta.fi\/sv\/information-om-tjansten\/egenskaper\/aviseringar\/","og_locale":"sv_SE","og_type":"article","og_title":"Aviseringar - Luvat ja valvonta","og_description":"Aviseringar \u00e4r en funktion i tj\u00e4nsten Tillst\u00e5nd och tillsyn som meddelar myndigheter och kunder om f\u00f6r\u00e4ndringar i \u00e4renden. Aviseringar till myndigheter Tj\u00e4nsten skickar aviseringar till myndigheterna n\u00e4r \u00e4renden f\u00f6r\u00e4ndras i tj\u00e4nsten Tillst\u00e5nd och tillsyn. S\u00e5dana transaktioner eller f\u00f6r\u00e4ndringar \u00e4r: Avs\u00e4ndande av \u00e4rende (ans\u00f6kan) till myndigheten Komplettering av \u00e4renden (skickad av kunden) Kund- eller myndighetsmeddelanden till [&hellip;]","og_url":"https:\/\/luvatjavalvonta.fi\/sv\/information-om-tjansten\/egenskaper\/aviseringar\/","og_site_name":"Luvat ja valvonta","article_modified_time":"2023-04-27T12:25:35+00:00","og_image":[{"url":"https:\/\/luvatjavalvonta.fi\/content\/uploads\/2022\/08\/Herateviesti_11.png","type":"","width":"","height":""}],"twitter_card":"summary_large_image","twitter_misc":{"Est. reading time":"2 minutes"},"schema":{"@context":"https:\/\/schema.org","@graph":[{"@type":"WebPage","@id":"https:\/\/luvatjavalvonta.fi\/sv\/information-om-tjansten\/egenskaper\/aviseringar\/","url":"https:\/\/luvatjavalvonta.fi\/sv\/information-om-tjansten\/egenskaper\/aviseringar\/","name":"Aviseringar - Luvat ja valvonta","isPartOf":{"@id":"https:\/\/luvatjavalvonta.fi\/#website"},"primaryImageOfPage":{"@id":"https:\/\/luvatjavalvonta.fi\/sv\/information-om-tjansten\/egenskaper\/aviseringar\/#primaryimage"},"image":{"@id":"https:\/\/luvatjavalvonta.fi\/sv\/information-om-tjansten\/egenskaper\/aviseringar\/#primaryimage"},"thumbnailUrl":"https:\/\/luvatjavalvonta.fi\/content\/uploads\/2022\/08\/Herateviesti_11.png","datePublished":"2022-07-06T15:48:17+00:00","dateModified":"2023-04-27T12:25:35+00:00","breadcrumb":{"@id":"https:\/\/luvatjavalvonta.fi\/sv\/information-om-tjansten\/egenskaper\/aviseringar\/#breadcrumb"},"inLanguage":"sv-SE","potentialAction":[{"@type":"ReadAction","target":["https:\/\/luvatjavalvonta.fi\/sv\/information-om-tjansten\/egenskaper\/aviseringar\/"]}]},{"@type":"ImageObject","inLanguage":"sv-SE","@id":"https:\/\/luvatjavalvonta.fi\/sv\/information-om-tjansten\/egenskaper\/aviseringar\/#primaryimage","url":"https:\/\/luvatjavalvonta.fi\/content\/uploads\/2022\/08\/Herateviesti_11.png","contentUrl":"https:\/\/luvatjavalvonta.fi\/content\/uploads\/2022\/08\/Herateviesti_11.png"},{"@type":"BreadcrumbList","@id":"https:\/\/luvatjavalvonta.fi\/sv\/information-om-tjansten\/egenskaper\/aviseringar\/#breadcrumb","itemListElement":[{"@type":"ListItem","position":1,"name":"Home","item":"http:\/\/54.75.134.196:80\/sv\/"},{"@type":"ListItem","position":2,"name":"Information om tj\u00e4nsten","item":"http:\/\/54.75.134.196:80\/sv\/information-om-tjansten\/"},{"@type":"ListItem","position":3,"name":"Egenskaper","item":"http:\/\/54.75.134.196:80\/sv\/information-om-tjansten\/egenskaper\/"},{"@type":"ListItem","position":4,"name":"Aviseringar"}]},{"@type":"WebSite","@id":"https:\/\/luvatjavalvonta.fi\/#website","url":"https:\/\/luvatjavalvonta.fi\/","name":"Luvat ja valvonta","description":"","potentialAction":[{"@type":"SearchAction","target":{"@type":"EntryPoint","urlTemplate":"https:\/\/luvatjavalvonta.fi\/?s={search_term_string}"},"query-input":{"@type":"PropertyValueSpecification","valueRequired":true,"valueName":"search_term_string"}}],"inLanguage":"sv-SE"}]}},"_links":{"self":[{"href":"https:\/\/luvatjavalvonta.fi\/sv\/wp-json\/wp\/v2\/pages\/4879","targetHints":{"allow":["GET"]}}],"collection":[{"href":"https:\/\/luvatjavalvonta.fi\/sv\/wp-json\/wp\/v2\/pages"}],"about":[{"href":"https:\/\/luvatjavalvonta.fi\/sv\/wp-json\/wp\/v2\/types\/page"}],"author":[{"embeddable":true,"href":"https:\/\/luvatjavalvonta.fi\/sv\/wp-json\/wp\/v2\/users\/14"}],"replies":[{"embeddable":true,"href":"https:\/\/luvatjavalvonta.fi\/sv\/wp-json\/wp\/v2\/comments?post=4879"}],"version-history":[{"count":4,"href":"https:\/\/luvatjavalvonta.fi\/sv\/wp-json\/wp\/v2\/pages\/4879\/revisions"}],"predecessor-version":[{"id":5308,"href":"https:\/\/luvatjavalvonta.fi\/sv\/wp-json\/wp\/v2\/pages\/4879\/revisions\/5308"}],"up":[{"embeddable":true,"href":"https:\/\/luvatjavalvonta.fi\/sv\/wp-json\/wp\/v2\/pages\/4905"}],"wp:attachment":[{"href":"https:\/\/luvatjavalvonta.fi\/sv\/wp-json\/wp\/v2\/media?parent=4879"}],"curies":[{"name":"wp","href":"https:\/\/api.w.org\/{rel}","templated":true}]}}