{"id":4883,"date":"2022-06-15T11:20:33","date_gmt":"2022-06-15T08:20:33","guid":{"rendered":"https:\/\/luvatjavalvonta.fi\/berakning-av-tidsfrister\/"},"modified":"2023-04-27T15:30:48","modified_gmt":"2023-04-27T12:30:48","slug":"berakning-av-tidsfrister","status":"publish","type":"page","link":"https:\/\/luvatjavalvonta.fi\/sv\/information-om-tjansten\/egenskaper\/berakning-av-tidsfrister\/","title":{"rendered":"Ber\u00e4kning av tidsfrister"},"content":{"rendered":"\n<hr class=\"wp-block-separator has-alpha-channel-opacity\"\/>\n\n\n\n<div class=\"wp-block-columns is-layout-flex wp-container-core-columns-is-layout-9d6595d7 wp-block-columns-is-layout-flex\">\n<div class=\"wp-block-column is-layout-flow wp-block-column-is-layout-flow\" style=\"flex-basis:25%\">\n<figure class=\"wp-block-image size-full is-resized\"><img loading=\"lazy\" decoding=\"async\" src=\"https:\/\/luvatjavalvonta.fi\/content\/uploads\/2022\/08\/MaaraaikojenLaskenta_11.png\" alt=\"Illustration\" class=\"wp-image-2568\" width=\"150\" height=\"150\" srcset=\"https:\/\/luvatjavalvonta.fi\/content\/uploads\/2022\/08\/MaaraaikojenLaskenta_11.png 888w, https:\/\/luvatjavalvonta.fi\/content\/uploads\/2022\/08\/MaaraaikojenLaskenta_11-300x298.png 300w, https:\/\/luvatjavalvonta.fi\/content\/uploads\/2022\/08\/MaaraaikojenLaskenta_11-150x150.png 150w, https:\/\/luvatjavalvonta.fi\/content\/uploads\/2022\/08\/MaaraaikojenLaskenta_11-768x764.png 768w, https:\/\/luvatjavalvonta.fi\/content\/uploads\/2022\/08\/MaaraaikojenLaskenta_11-201x200.png 201w\" sizes=\"auto, (max-width: 150px) 100vw, 150px\" \/><\/figure>\n<\/div>\n\n\n\n<div class=\"wp-block-column is-layout-flow wp-block-column-is-layout-flow\" style=\"flex-basis:75%\">\n<p>Vid ber\u00e4kning av tidsfrister ber\u00e4knar tj\u00e4nsten handl\u00e4ggningstiderna f\u00f6r kundens \u00e4rende eller \u00e4rendehelhet. I allm\u00e4nhet \u00e4r s\u00e5dana \u00e4renden relaterade till kundprojekt, bland annat tillst\u00e5ndsprocesser f\u00f6r industriella investeringar (t.ex. Servicehelheten f\u00f6r produktionsanl\u00e4ggningar), d\u00e4r ett enskilt tillst\u00e5nds\u00e4rende kan vara mycket omfattande (t.ex. en MKB-utredning).<\/p>\n<\/div>\n<\/div>\n\n\n\n<h2>N\u00e4r beh\u00f6vs ber\u00e4kningen av tidsfrister?&nbsp;<\/h2>\n<p>Ber\u00e4kningen av tidsfrister \u00e4r s\u00e4rskilt anv\u00e4ndbar n\u00e4r<\/p>\n<ul>\n<li>tidpunkten f\u00f6r myndighetshandl\u00e4ggning av \u00e4rendet \u00e4r best\u00e4md OCH<\/li>\n<li>kundens \u00e4rendehelhet omfattar flera \u00e4renden vid myndigheter och\/eller<\/li>\n<li>handl\u00e4ggning kr\u00e4ver omfattande sakkunskap och l\u00e5ng handl\u00e4ggningstid vid olika myndigheter och\/eller<\/li>\n<li>\u00e4rendet handl\u00e4ggs i flera steg och kunden kompletterar sin ans\u00f6kan under handl\u00e4ggningen och\/eller<\/li>\n<li>handl\u00e4ggningstiden f\u00f6r \u00e4rendet \u00e4r lagstadgad (t.ex. projekt f\u00f6r f\u00f6rnybar energi i enlighet med RED II-direktivet)<\/li>\n<\/ul>\n<p>Ber\u00e4kningen av tidsfrister enligt de regler som fastst\u00e4llts f\u00f6r den visar den tid som anv\u00e4nts och den \u00e5terst\u00e5ende handl\u00e4ggningstiden f\u00f6r \u00e4rendet och varnar den ansvariga myndigheten om \u00e4rendet hotar att ta l\u00e4ngre tid \u00e4n den utsatta tidsfristen. Aviseringen skickas till den e-postadress som angetts i aviseringsinst\u00e4llningarna.<\/p>\n<p>&nbsp;<\/p>\n\n\n\n<div class=\"wp-block-columns is-layout-flex wp-container-core-columns-is-layout-9d6595d7 wp-block-columns-is-layout-flex\">\n<div class=\"wp-block-column is-layout-flow wp-block-column-is-layout-flow\">\n<h3 style=\"text-align: center;\"><a href=\"https:\/\/luvatjavalvonta.fi\/sv\/exempel-pa-berakning-av-tidsfrister\/\"><img loading=\"lazy\" decoding=\"async\" class=\"aligncenter wp-image-2614\" src=\"https:\/\/luvatjavalvonta.fi\/content\/uploads\/2022\/08\/Esimerkki_1.png\" alt=\"\" width=\"125\" height=\"125\" srcset=\"https:\/\/luvatjavalvonta.fi\/content\/uploads\/2022\/08\/Esimerkki_1.png 664w, https:\/\/luvatjavalvonta.fi\/content\/uploads\/2022\/08\/Esimerkki_1-300x300.png 300w, https:\/\/luvatjavalvonta.fi\/content\/uploads\/2022\/08\/Esimerkki_1-150x150.png 150w, https:\/\/luvatjavalvonta.fi\/content\/uploads\/2022\/08\/Esimerkki_1-200x200.png 200w\" sizes=\"auto, (max-width: 125px) 100vw, 125px\" \/>Exempel p\u00e5 ber\u00e4kning av tidsfrister \u203a<\/a><\/h3>\n<\/div>\n\n\n\n<div class=\"wp-block-column is-layout-flow wp-block-column-is-layout-flow\"><\/div>\n\n\n\n<div class=\"wp-block-column is-layout-flow wp-block-column-is-layout-flow\"><\/div>\n<\/div>\n\n\n\n<p>\u00a0<\/p>\n<h3><a href=\"https:\/\/luvatjavalvonta.fi\/tietoa-palvelusta\/palvelun-tarjonta\/\">Tillbaka \u203a<\/a><\/h3>\n","protected":false},"excerpt":{"rendered":"<p>Vid ber\u00e4kning av tidsfrister ber\u00e4knar tj\u00e4nsten handl\u00e4ggningstiderna f\u00f6r kundens \u00e4rende eller \u00e4rendehelhet. I allm\u00e4nhet \u00e4r s\u00e5dana \u00e4renden relaterade till kundprojekt, bland annat tillst\u00e5ndsprocesser f\u00f6r industriella investeringar (t.ex. Servicehelheten f\u00f6r produktionsanl\u00e4ggningar), d\u00e4r ett enskilt tillst\u00e5nds\u00e4rende kan vara mycket omfattande (t.ex. en MKB-utredning). N\u00e4r beh\u00f6vs ber\u00e4kningen av tidsfrister?&nbsp; Ber\u00e4kningen av tidsfrister \u00e4r s\u00e4rskilt anv\u00e4ndbar n\u00e4r tidpunkten f\u00f6r [&hellip;]<\/p>\n","protected":false},"author":14,"featured_media":0,"parent":4905,"menu_order":184,"comment_status":"closed","ping_status":"closed","template":"","meta":{"_acf_changed":false,"inline_featured_image":false,"footnotes":""},"class_list":["post-4883","page","type-page","status-publish","hentry"],"acf":{"ai_extra_content":"","ai_instructions":"","ai_hidden_page":false},"yoast_head":"<!-- This site is optimized with the Yoast SEO plugin v25.9 - https:\/\/yoast.com\/wordpress\/plugins\/seo\/ -->\n<title>Ber\u00e4kning av tidsfrister - Luvat ja valvonta<\/title>\n<meta name=\"robots\" content=\"index, follow, max-snippet:-1, max-image-preview:large, max-video-preview:-1\" \/>\n<link rel=\"canonical\" href=\"https:\/\/luvatjavalvonta.fi\/sv\/information-om-tjansten\/egenskaper\/berakning-av-tidsfrister\/\" \/>\n<meta property=\"og:locale\" content=\"sv_SE\" \/>\n<meta property=\"og:type\" content=\"article\" \/>\n<meta property=\"og:title\" content=\"Ber\u00e4kning av tidsfrister - Luvat ja valvonta\" \/>\n<meta property=\"og:description\" content=\"Vid ber\u00e4kning av tidsfrister ber\u00e4knar tj\u00e4nsten handl\u00e4ggningstiderna f\u00f6r kundens \u00e4rende eller \u00e4rendehelhet. I allm\u00e4nhet \u00e4r s\u00e5dana \u00e4renden relaterade till kundprojekt, bland annat tillst\u00e5ndsprocesser f\u00f6r industriella investeringar (t.ex. Servicehelheten f\u00f6r produktionsanl\u00e4ggningar), d\u00e4r ett enskilt tillst\u00e5nds\u00e4rende kan vara mycket omfattande (t.ex. en MKB-utredning). N\u00e4r beh\u00f6vs ber\u00e4kningen av tidsfrister?&nbsp; Ber\u00e4kningen av tidsfrister \u00e4r s\u00e4rskilt anv\u00e4ndbar n\u00e4r tidpunkten f\u00f6r [&hellip;]\" \/>\n<meta property=\"og:url\" content=\"https:\/\/luvatjavalvonta.fi\/sv\/information-om-tjansten\/egenskaper\/berakning-av-tidsfrister\/\" \/>\n<meta property=\"og:site_name\" content=\"Luvat ja valvonta\" \/>\n<meta property=\"article:modified_time\" content=\"2023-04-27T12:30:48+00:00\" \/>\n<meta property=\"og:image\" content=\"https:\/\/luvatjavalvonta.fi\/content\/uploads\/2022\/08\/MaaraaikojenLaskenta_11.png\" \/>\n<meta name=\"twitter:card\" content=\"summary_large_image\" \/>\n<meta name=\"twitter:label1\" content=\"Est. reading time\" \/>\n\t<meta name=\"twitter:data1\" content=\"2 minutes\" \/>\n<script type=\"application\/ld+json\" class=\"yoast-schema-graph\">{\"@context\":\"https:\/\/schema.org\",\"@graph\":[{\"@type\":\"WebPage\",\"@id\":\"https:\/\/luvatjavalvonta.fi\/sv\/information-om-tjansten\/egenskaper\/berakning-av-tidsfrister\/\",\"url\":\"https:\/\/luvatjavalvonta.fi\/sv\/information-om-tjansten\/egenskaper\/berakning-av-tidsfrister\/\",\"name\":\"Ber\u00e4kning av tidsfrister - Luvat ja valvonta\",\"isPartOf\":{\"@id\":\"https:\/\/luvatjavalvonta.fi\/#website\"},\"primaryImageOfPage\":{\"@id\":\"https:\/\/luvatjavalvonta.fi\/sv\/information-om-tjansten\/egenskaper\/berakning-av-tidsfrister\/#primaryimage\"},\"image\":{\"@id\":\"https:\/\/luvatjavalvonta.fi\/sv\/information-om-tjansten\/egenskaper\/berakning-av-tidsfrister\/#primaryimage\"},\"thumbnailUrl\":\"https:\/\/luvatjavalvonta.fi\/content\/uploads\/2022\/08\/MaaraaikojenLaskenta_11.png\",\"datePublished\":\"2022-06-15T08:20:33+00:00\",\"dateModified\":\"2023-04-27T12:30:48+00:00\",\"breadcrumb\":{\"@id\":\"https:\/\/luvatjavalvonta.fi\/sv\/information-om-tjansten\/egenskaper\/berakning-av-tidsfrister\/#breadcrumb\"},\"inLanguage\":\"sv-SE\",\"potentialAction\":[{\"@type\":\"ReadAction\",\"target\":[\"https:\/\/luvatjavalvonta.fi\/sv\/information-om-tjansten\/egenskaper\/berakning-av-tidsfrister\/\"]}]},{\"@type\":\"ImageObject\",\"inLanguage\":\"sv-SE\",\"@id\":\"https:\/\/luvatjavalvonta.fi\/sv\/information-om-tjansten\/egenskaper\/berakning-av-tidsfrister\/#primaryimage\",\"url\":\"https:\/\/luvatjavalvonta.fi\/content\/uploads\/2022\/08\/MaaraaikojenLaskenta_11.png\",\"contentUrl\":\"https:\/\/luvatjavalvonta.fi\/content\/uploads\/2022\/08\/MaaraaikojenLaskenta_11.png\"},{\"@type\":\"BreadcrumbList\",\"@id\":\"https:\/\/luvatjavalvonta.fi\/sv\/information-om-tjansten\/egenskaper\/berakning-av-tidsfrister\/#breadcrumb\",\"itemListElement\":[{\"@type\":\"ListItem\",\"position\":1,\"name\":\"Home\",\"item\":\"http:\/\/54.75.134.196:80\/sv\/\"},{\"@type\":\"ListItem\",\"position\":2,\"name\":\"Information om tj\u00e4nsten\",\"item\":\"http:\/\/54.75.134.196:80\/sv\/information-om-tjansten\/\"},{\"@type\":\"ListItem\",\"position\":3,\"name\":\"Egenskaper\",\"item\":\"http:\/\/54.75.134.196:80\/sv\/information-om-tjansten\/egenskaper\/\"},{\"@type\":\"ListItem\",\"position\":4,\"name\":\"Ber\u00e4kning av tidsfrister\"}]},{\"@type\":\"WebSite\",\"@id\":\"https:\/\/luvatjavalvonta.fi\/#website\",\"url\":\"https:\/\/luvatjavalvonta.fi\/\",\"name\":\"Luvat ja valvonta\",\"description\":\"\",\"potentialAction\":[{\"@type\":\"SearchAction\",\"target\":{\"@type\":\"EntryPoint\",\"urlTemplate\":\"https:\/\/luvatjavalvonta.fi\/?s={search_term_string}\"},\"query-input\":{\"@type\":\"PropertyValueSpecification\",\"valueRequired\":true,\"valueName\":\"search_term_string\"}}],\"inLanguage\":\"sv-SE\"}]}<\/script>\n<!-- \/ Yoast SEO plugin. -->","yoast_head_json":{"title":"Ber\u00e4kning av tidsfrister - Luvat ja valvonta","robots":{"index":"index","follow":"follow","max-snippet":"max-snippet:-1","max-image-preview":"max-image-preview:large","max-video-preview":"max-video-preview:-1"},"canonical":"https:\/\/luvatjavalvonta.fi\/sv\/information-om-tjansten\/egenskaper\/berakning-av-tidsfrister\/","og_locale":"sv_SE","og_type":"article","og_title":"Ber\u00e4kning av tidsfrister - Luvat ja valvonta","og_description":"Vid ber\u00e4kning av tidsfrister ber\u00e4knar tj\u00e4nsten handl\u00e4ggningstiderna f\u00f6r kundens \u00e4rende eller \u00e4rendehelhet. I allm\u00e4nhet \u00e4r s\u00e5dana \u00e4renden relaterade till kundprojekt, bland annat tillst\u00e5ndsprocesser f\u00f6r industriella investeringar (t.ex. Servicehelheten f\u00f6r produktionsanl\u00e4ggningar), d\u00e4r ett enskilt tillst\u00e5nds\u00e4rende kan vara mycket omfattande (t.ex. en MKB-utredning). N\u00e4r beh\u00f6vs ber\u00e4kningen av tidsfrister?&nbsp; Ber\u00e4kningen av tidsfrister \u00e4r s\u00e4rskilt anv\u00e4ndbar n\u00e4r tidpunkten f\u00f6r [&hellip;]","og_url":"https:\/\/luvatjavalvonta.fi\/sv\/information-om-tjansten\/egenskaper\/berakning-av-tidsfrister\/","og_site_name":"Luvat ja valvonta","article_modified_time":"2023-04-27T12:30:48+00:00","og_image":[{"url":"https:\/\/luvatjavalvonta.fi\/content\/uploads\/2022\/08\/MaaraaikojenLaskenta_11.png","type":"","width":"","height":""}],"twitter_card":"summary_large_image","twitter_misc":{"Est. reading time":"2 minutes"},"schema":{"@context":"https:\/\/schema.org","@graph":[{"@type":"WebPage","@id":"https:\/\/luvatjavalvonta.fi\/sv\/information-om-tjansten\/egenskaper\/berakning-av-tidsfrister\/","url":"https:\/\/luvatjavalvonta.fi\/sv\/information-om-tjansten\/egenskaper\/berakning-av-tidsfrister\/","name":"Ber\u00e4kning av tidsfrister - Luvat ja valvonta","isPartOf":{"@id":"https:\/\/luvatjavalvonta.fi\/#website"},"primaryImageOfPage":{"@id":"https:\/\/luvatjavalvonta.fi\/sv\/information-om-tjansten\/egenskaper\/berakning-av-tidsfrister\/#primaryimage"},"image":{"@id":"https:\/\/luvatjavalvonta.fi\/sv\/information-om-tjansten\/egenskaper\/berakning-av-tidsfrister\/#primaryimage"},"thumbnailUrl":"https:\/\/luvatjavalvonta.fi\/content\/uploads\/2022\/08\/MaaraaikojenLaskenta_11.png","datePublished":"2022-06-15T08:20:33+00:00","dateModified":"2023-04-27T12:30:48+00:00","breadcrumb":{"@id":"https:\/\/luvatjavalvonta.fi\/sv\/information-om-tjansten\/egenskaper\/berakning-av-tidsfrister\/#breadcrumb"},"inLanguage":"sv-SE","potentialAction":[{"@type":"ReadAction","target":["https:\/\/luvatjavalvonta.fi\/sv\/information-om-tjansten\/egenskaper\/berakning-av-tidsfrister\/"]}]},{"@type":"ImageObject","inLanguage":"sv-SE","@id":"https:\/\/luvatjavalvonta.fi\/sv\/information-om-tjansten\/egenskaper\/berakning-av-tidsfrister\/#primaryimage","url":"https:\/\/luvatjavalvonta.fi\/content\/uploads\/2022\/08\/MaaraaikojenLaskenta_11.png","contentUrl":"https:\/\/luvatjavalvonta.fi\/content\/uploads\/2022\/08\/MaaraaikojenLaskenta_11.png"},{"@type":"BreadcrumbList","@id":"https:\/\/luvatjavalvonta.fi\/sv\/information-om-tjansten\/egenskaper\/berakning-av-tidsfrister\/#breadcrumb","itemListElement":[{"@type":"ListItem","position":1,"name":"Home","item":"http:\/\/54.75.134.196:80\/sv\/"},{"@type":"ListItem","position":2,"name":"Information om tj\u00e4nsten","item":"http:\/\/54.75.134.196:80\/sv\/information-om-tjansten\/"},{"@type":"ListItem","position":3,"name":"Egenskaper","item":"http:\/\/54.75.134.196:80\/sv\/information-om-tjansten\/egenskaper\/"},{"@type":"ListItem","position":4,"name":"Ber\u00e4kning av tidsfrister"}]},{"@type":"WebSite","@id":"https:\/\/luvatjavalvonta.fi\/#website","url":"https:\/\/luvatjavalvonta.fi\/","name":"Luvat ja valvonta","description":"","potentialAction":[{"@type":"SearchAction","target":{"@type":"EntryPoint","urlTemplate":"https:\/\/luvatjavalvonta.fi\/?s={search_term_string}"},"query-input":{"@type":"PropertyValueSpecification","valueRequired":true,"valueName":"search_term_string"}}],"inLanguage":"sv-SE"}]}},"_links":{"self":[{"href":"https:\/\/luvatjavalvonta.fi\/sv\/wp-json\/wp\/v2\/pages\/4883","targetHints":{"allow":["GET"]}}],"collection":[{"href":"https:\/\/luvatjavalvonta.fi\/sv\/wp-json\/wp\/v2\/pages"}],"about":[{"href":"https:\/\/luvatjavalvonta.fi\/sv\/wp-json\/wp\/v2\/types\/page"}],"author":[{"embeddable":true,"href":"https:\/\/luvatjavalvonta.fi\/sv\/wp-json\/wp\/v2\/users\/14"}],"replies":[{"embeddable":true,"href":"https:\/\/luvatjavalvonta.fi\/sv\/wp-json\/wp\/v2\/comments?post=4883"}],"version-history":[{"count":2,"href":"https:\/\/luvatjavalvonta.fi\/sv\/wp-json\/wp\/v2\/pages\/4883\/revisions"}],"predecessor-version":[{"id":5310,"href":"https:\/\/luvatjavalvonta.fi\/sv\/wp-json\/wp\/v2\/pages\/4883\/revisions\/5310"}],"up":[{"embeddable":true,"href":"https:\/\/luvatjavalvonta.fi\/sv\/wp-json\/wp\/v2\/pages\/4905"}],"wp:attachment":[{"href":"https:\/\/luvatjavalvonta.fi\/sv\/wp-json\/wp\/v2\/media?parent=4883"}],"curies":[{"name":"wp","href":"https:\/\/api.w.org\/{rel}","templated":true}]}}