{"id":4887,"date":"2022-06-15T11:16:29","date_gmt":"2022-06-15T08:16:29","guid":{"rendered":"https:\/\/luvatjavalvonta.fi\/anslutna-tjanster\/"},"modified":"2023-04-27T15:36:06","modified_gmt":"2023-04-27T12:36:06","slug":"anslutna-tjanster","status":"publish","type":"page","link":"https:\/\/luvatjavalvonta.fi\/sv\/information-om-tjansten\/egenskaper\/anslutna-tjanster\/","title":{"rendered":"Anslutna tj\u00e4nster"},"content":{"rendered":"\n<hr class=\"wp-block-separator has-alpha-channel-opacity\"\/>\n\n\n\n<div class=\"wp-block-columns is-layout-flex wp-container-core-columns-is-layout-9d6595d7 wp-block-columns-is-layout-flex\">\n<div class=\"wp-block-column is-vertically-aligned-top is-layout-flow wp-block-column-is-layout-flow\" style=\"flex-basis:25%\">\n<figure class=\"wp-block-image size-full is-resized\"><img loading=\"lazy\" decoding=\"async\" src=\"https:\/\/luvatjavalvonta.fi\/content\/uploads\/2022\/08\/Liitannaispalvelut_11.png\" alt=\"Illustration\" class=\"wp-image-2566\" width=\"150\" height=\"150\" srcset=\"https:\/\/luvatjavalvonta.fi\/content\/uploads\/2022\/08\/Liitannaispalvelut_11.png 880w, https:\/\/luvatjavalvonta.fi\/content\/uploads\/2022\/08\/Liitannaispalvelut_11-300x300.png 300w, https:\/\/luvatjavalvonta.fi\/content\/uploads\/2022\/08\/Liitannaispalvelut_11-150x150.png 150w, https:\/\/luvatjavalvonta.fi\/content\/uploads\/2022\/08\/Liitannaispalvelut_11-768x769.png 768w, https:\/\/luvatjavalvonta.fi\/content\/uploads\/2022\/08\/Liitannaispalvelut_11-200x200.png 200w\" sizes=\"auto, (max-width: 150px) 100vw, 150px\" \/><\/figure>\n<\/div>\n\n\n\n<div class=\"wp-block-column is-vertically-aligned-bottom is-layout-flow wp-block-column-is-layout-flow\" style=\"flex-basis:75%\">\n<p>Tj\u00e4nsten Tillst\u00e5nd och tillsyn anv\u00e4nder riksomfattande samtj\u00e4nster som en del av den \u00f6vergripande servicen f\u00f6r myndigheter och kunder. Tj\u00e4nsterna kan grovt indelas i tre grupper: inloggningstj\u00e4nster, tj\u00e4nster som informerar och v\u00e4gleder kunden samt ett elektroniskt kommunikationsgr\u00e4nssnitt f\u00f6r att ansluta myndigheternas e-tj\u00e4nster till tj\u00e4nsten Tillst\u00e5nd och tillsyn.<\/p>\n<\/div>\n<\/div>\n\n\n\n<h2>Inloggningstj\u00e4nster<\/h2>\n<p><span style=\"font-size: revert; color: initial;\">Dessa tj\u00e4nster best\u00e5r tj\u00e4nster f\u00f6r att logga in i tj\u00e4nsten. Vid inloggning identifieras anv\u00e4ndaren och hens beh\u00f6righet att anlita tj\u00e4nsten verifieras. Det finns tv\u00e5 s\u00e4tt att identifiera och verifiera beh\u00f6righeter f\u00f6r tj\u00e4nsten: <\/span><\/p>\n<ul>\n<li><span style=\"font-size: revert; color: initial;\">Suomi.fi-identifiering och -fullmakter<\/span><\/li>\n<li><span style=\"font-size: revert; color: initial;\">Virtu-eng\u00e5ngsinloggning<\/span><\/li>\n<\/ul>\n<p><span style=\"font-size: revert; color: initial;\">Suomi.fi-identifiering och -fullmakter \u00e4r tillg\u00e4ngliga f\u00f6r alla kunder (tillst\u00e5ndss\u00f6kande) och myndigheter. Virtu-eng\u00e5ngsinloggning kan anv\u00e4ndas av de myndigheter som har inf\u00f6rt den<\/span><span style=\"font-size: revert; color: initial;\">. Virtu-tj\u00e4nsten anv\u00e4nds allm\u00e4nt vid statens \u00e4mbetsverk och inr\u00e4ttningar.<\/span><\/p>\n<p>Anv\u00e4ndningen av Suomi.fi-identifiering och -fullmakter i tj\u00e4nsten Tillst\u00e5nds och tillsyn kr\u00e4ver \u00e5tg\u00e4rder. Instruktioner f\u00f6r dessa <a href=\"https:\/\/luvatjavalvonta.fi\/sv\/uppgifterna-for-anslutning\/\">\u00e5tg\u00e4rder<\/a> finns i avsnittet om myndighetsspecifik anslutning (uppgift 1\u20133).<\/p>\n<h2>Informativa och v\u00e4gledande tj\u00e4nster<\/h2>\n<p>Fungerande tj\u00e4nster f\u00f6ruts\u00e4tter att kunder informeras och h\u00e4nvisas till tj\u00e4nsterna. N\u00e4r myndigheten planerar att ansluta tj\u00e4nsten Tillst\u00e5nd och tillsyn till sitt tj\u00e4nsteutbud ska<\/p>\n<ul>\n<li>de tj\u00e4nster som ansluts beskrivas och uppdateras i Suomi.fi-servicedatalagret (SDL)<\/li>\n<li>myndighet l\u00e4nka tj\u00e4nsten Tillst\u00e5nd och tillsyn som sin servicekanal f\u00f6r myndighets\u00e4renden<\/li>\n<\/ul>\n<p>Ut\u00f6ver dessa minimi\u00e5tg\u00e4rder kan kunden h\u00e4nvisas till exempel via myndighetens n\u00e4tinneh\u00e5ll eller andra informationstj\u00e4nster som myndigheten anv\u00e4nder f\u00f6r att inleda \u00e4renden i <strong>tj\u00e4nsten<\/strong> <strong>Tillst\u00e5nd och tillsyn<\/strong>. \u00c5tg\u00e4rder relaterade till kundinformation och v\u00e4gledning vidtas i samband med inf\u00f6randet. Du hittar instruktioner om minimi\u00e5tg\u00e4rder enligt myndighet i <a href=\"https:\/\/luvatjavalvonta.fi\/sv\/uppgifterna-for-anslutning\/\">\u00e5tg\u00e4rdsavsnittet<\/a> (sista uppgiften).<\/p>\n<h2>Elektroniskt kommunikationsgr\u00e4nssnitt<\/h2>\n<p>Det elektroniska kommunikationsgr\u00e4nssnittet (integrationsgr\u00e4nssnitt till tj\u00e4nsten Tillst\u00e5nd och tillsyn) m\u00f6jligg\u00f6r automatisk dubbelriktad \u00f6verf\u00f6ring av data mellan tj\u00e4nsten Tillst\u00e5nd och tillsyn och myndighetens tj\u00e4nst (eller system). Det elektroniska kommunikationsgr\u00e4nssnittet anv\u00e4nder den nationellt st\u00f6dda servicekanalen Suomi.fi via vilken information \u00f6verf\u00f6rs. <a href=\"https:\/\/luvatjavalvonta.fi\/sv\/elektroniskt-kommunikationsgranssnitt\/\">Kommunikationsgr\u00e4nssnittet beskrivs p\u00e5 v\u00e5r supportwebbplats h\u00e4r<\/a>.<\/p>\n\n\n\n<div class=\"wp-block-columns is-layout-flex wp-container-core-columns-is-layout-9d6595d7 wp-block-columns-is-layout-flex\">\n<div class=\"wp-block-column is-layout-flow wp-block-column-is-layout-flow\" style=\"flex-basis:100%\">\n<div class=\"wp-block-columns are-vertically-aligned-center is-layout-flex wp-container-core-columns-is-layout-9d6595d7 wp-block-columns-is-layout-flex\">\n<div class=\"wp-block-column is-layout-flow wp-block-column-is-layout-flow\">\n<h3 style=\"text-align: center;\"><a href=\"https:\/\/www.suomi.fi\/palvelut\/suomi-fi-tunnistus-organisaatioille-digi-ja-vaestotietovirasto\/1870170e-ea0f-40d6-b3fb-6d2ddc478065\" target=\"_blank\" rel=\"noopener\"><img loading=\"lazy\" decoding=\"async\" class=\"aligncenter wp-image-2669\" src=\"https:\/\/luvatjavalvonta.fi\/content\/uploads\/2022\/08\/suomifi.png\" alt=\"\" width=\"100\" height=\"101\" srcset=\"https:\/\/luvatjavalvonta.fi\/content\/uploads\/2022\/08\/suomifi.png 251w, https:\/\/luvatjavalvonta.fi\/content\/uploads\/2022\/08\/suomifi-150x150.png 150w, https:\/\/luvatjavalvonta.fi\/content\/uploads\/2022\/08\/suomifi-198x200.png 198w\" sizes=\"auto, (max-width: 100px) 100vw, 100px\" \/>Suomi.fi<br>-identifiering<\/a><\/h3>\n<\/div>\n\n\n\n<div class=\"wp-block-column is-layout-flow wp-block-column-is-layout-flow\">\n<h3 style=\"text-align: center;\"><a href=\"https:\/\/www.suomi.fi\/ohjeet-ja-tuki\/tietoa-valtuuksista\" target=\"_blank\" rel=\"noopener\"><img loading=\"lazy\" decoding=\"async\" class=\"aligncenter wp-image-2669\" src=\"https:\/\/luvatjavalvonta.fi\/content\/uploads\/2022\/08\/suomifi.png\" alt=\"\" width=\"100\" height=\"101\" srcset=\"https:\/\/luvatjavalvonta.fi\/content\/uploads\/2022\/08\/suomifi.png 251w, https:\/\/luvatjavalvonta.fi\/content\/uploads\/2022\/08\/suomifi-150x150.png 150w, https:\/\/luvatjavalvonta.fi\/content\/uploads\/2022\/08\/suomifi-198x200.png 198w\" sizes=\"auto, (max-width: 100px) 100vw, 100px\" \/>Suomi.fi<br>-fullmakter<\/a><\/h3>\n<\/div>\n\n\n\n<div class=\"wp-block-column is-layout-flow wp-block-column-is-layout-flow\">\n<h3 style=\"text-align: center;\"><a href=\"https:\/\/www.suomi.fi\/palvelut\/suomi-fi-palveluvayla-digi-ja-vaestotietovirasto\/4ab88971-b9fb-443c-99aa-bc361bac7548\"><img loading=\"lazy\" decoding=\"async\" class=\"aligncenter wp-image-2669\" src=\"https:\/\/luvatjavalvonta.fi\/content\/uploads\/2022\/08\/suomifi.png\" alt=\"\" width=\"100\" height=\"101\" srcset=\"https:\/\/luvatjavalvonta.fi\/content\/uploads\/2022\/08\/suomifi.png 251w, https:\/\/luvatjavalvonta.fi\/content\/uploads\/2022\/08\/suomifi-150x150.png 150w, https:\/\/luvatjavalvonta.fi\/content\/uploads\/2022\/08\/suomifi-198x200.png 198w\" sizes=\"auto, (max-width: 100px) 100vw, 100px\" \/><\/a><a href=\"https:\/\/www.suomi.fi\/palvelut\/suomi-fi-palveluvayla-digi-ja-vaestotietovirasto\/4ab88971-b9fb-443c-99aa-bc361bac7548\" target=\"_blank\" rel=\"noopener\">Suomi.fi<br>-servicekanal<\/a><\/h3>\n<\/div>\n<\/div>\n<\/div>\n<\/div>\n\n\n\n<div class=\"wp-block-columns is-layout-flex wp-container-core-columns-is-layout-9d6595d7 wp-block-columns-is-layout-flex\">\n<div class=\"wp-block-column is-layout-flow wp-block-column-is-layout-flow\">\n<h3 style=\"text-align: center;\"><a href=\"https:\/\/www.suomi.fi\/palvelut\/suomi-fi-palvelutietovaranto-ptv-digi-ja-vaestotietovirasto\/d93be162-07a2-45f2-84b3-f794da852b58\"><img loading=\"lazy\" decoding=\"async\" class=\"aligncenter wp-image-2669 \" src=\"https:\/\/luvatjavalvonta.fi\/content\/uploads\/2022\/08\/suomifi.png\" alt=\"\" width=\"100\" height=\"101\" srcset=\"https:\/\/luvatjavalvonta.fi\/content\/uploads\/2022\/08\/suomifi.png 251w, https:\/\/luvatjavalvonta.fi\/content\/uploads\/2022\/08\/suomifi-150x150.png 150w, https:\/\/luvatjavalvonta.fi\/content\/uploads\/2022\/08\/suomifi-198x200.png 198w\" sizes=\"auto, (max-width: 100px) 100vw, 100px\" \/><\/a><a href=\"https:\/\/www.suomi.fi\/palvelut\/suomi-fi-palvelutietovaranto-ptv-digi-ja-vaestotietovirasto\/d93be162-07a2-45f2-84b3-f794da852b58\" target=\"_blank\" rel=\"noopener\">Suomi.fi-servicedatalagret<br>(SDL)<\/a><\/h3>\n<\/div>\n\n\n\n<div class=\"wp-block-column is-layout-flow wp-block-column-is-layout-flow\">\n<h3 style=\"text-align: center;\"><a href=\"https:\/\/www.suomi.fi\/etusivu\" target=\"_blank\" rel=\"noopener\"><img loading=\"lazy\" decoding=\"async\" class=\"aligncenter wp-image-2669\" src=\"https:\/\/luvatjavalvonta.fi\/content\/uploads\/2022\/08\/suomifi.png\" alt=\"\" width=\"100\" height=\"101\" srcset=\"https:\/\/luvatjavalvonta.fi\/content\/uploads\/2022\/08\/suomifi.png 251w, https:\/\/luvatjavalvonta.fi\/content\/uploads\/2022\/08\/suomifi-150x150.png 150w, https:\/\/luvatjavalvonta.fi\/content\/uploads\/2022\/08\/suomifi-198x200.png 198w\" sizes=\"auto, (max-width: 100px) 100vw, 100px\" \/>Suomi.fi<br>-n\u00e4ttj\u00e4nst<\/a><\/h3>\n<\/div>\n\n\n\n<div class=\"wp-block-column is-layout-flow wp-block-column-is-layout-flow\">\n<h3 style=\"text-align: center;\"><a href=\"https:\/\/valtori.fi\/kayttajapalvelut\" target=\"_blank\" rel=\"noopener\"><img loading=\"lazy\" decoding=\"async\" class=\"aligncenter wp-image-2690\" src=\"https:\/\/luvatjavalvonta.fi\/content\/uploads\/2022\/08\/Virtu-1.png\" alt=\"\" width=\"100\" height=\"100\" srcset=\"https:\/\/luvatjavalvonta.fi\/content\/uploads\/2022\/08\/Virtu-1.png 466w, https:\/\/luvatjavalvonta.fi\/content\/uploads\/2022\/08\/Virtu-1-300x300.png 300w, https:\/\/luvatjavalvonta.fi\/content\/uploads\/2022\/08\/Virtu-1-150x150.png 150w, https:\/\/luvatjavalvonta.fi\/content\/uploads\/2022\/08\/Virtu-1-201x200.png 201w\" sizes=\"auto, (max-width: 100px) 100vw, 100px\" \/>Virtu<br>-identifiering<\/a><\/h3>\n<p>&nbsp;<\/p>\n<\/div>\n<\/div>\n\n\n\n<p>\u00a0<\/p>\n<h3><a href=\"https:\/\/luvatjavalvonta.fi\/tietoa-palvelusta\/palvelun-tarjonta\/\">Tillbaka \u203a<\/a><\/h3>\n","protected":false},"excerpt":{"rendered":"<p>Tj\u00e4nsten Tillst\u00e5nd och tillsyn anv\u00e4nder riksomfattande samtj\u00e4nster som en del av den \u00f6vergripande servicen f\u00f6r myndigheter och kunder. Tj\u00e4nsterna kan grovt indelas i tre grupper: inloggningstj\u00e4nster, tj\u00e4nster som informerar och v\u00e4gleder kunden samt ett elektroniskt kommunikationsgr\u00e4nssnitt f\u00f6r att ansluta myndigheternas e-tj\u00e4nster till tj\u00e4nsten Tillst\u00e5nd och tillsyn. Inloggningstj\u00e4nster Dessa tj\u00e4nster best\u00e5r tj\u00e4nster f\u00f6r att logga in [&hellip;]<\/p>\n","protected":false},"author":14,"featured_media":0,"parent":4905,"menu_order":188,"comment_status":"closed","ping_status":"closed","template":"","meta":{"_acf_changed":false,"inline_featured_image":false,"footnotes":""},"class_list":["post-4887","page","type-page","status-publish","hentry"],"acf":{"ai_extra_content":"","ai_instructions":"","ai_hidden_page":false},"yoast_head":"<!-- This site is optimized with the Yoast SEO plugin v25.9 - https:\/\/yoast.com\/wordpress\/plugins\/seo\/ -->\n<title>Anslutna tj\u00e4nster - Luvat ja valvonta<\/title>\n<meta name=\"robots\" content=\"index, follow, max-snippet:-1, max-image-preview:large, max-video-preview:-1\" \/>\n<link rel=\"canonical\" href=\"https:\/\/luvatjavalvonta.fi\/sv\/information-om-tjansten\/egenskaper\/anslutna-tjanster\/\" \/>\n<meta property=\"og:locale\" content=\"sv_SE\" \/>\n<meta property=\"og:type\" content=\"article\" \/>\n<meta property=\"og:title\" content=\"Anslutna tj\u00e4nster - Luvat ja valvonta\" \/>\n<meta property=\"og:description\" content=\"Tj\u00e4nsten Tillst\u00e5nd och tillsyn anv\u00e4nder riksomfattande samtj\u00e4nster som en del av den \u00f6vergripande servicen f\u00f6r myndigheter och kunder. Tj\u00e4nsterna kan grovt indelas i tre grupper: inloggningstj\u00e4nster, tj\u00e4nster som informerar och v\u00e4gleder kunden samt ett elektroniskt kommunikationsgr\u00e4nssnitt f\u00f6r att ansluta myndigheternas e-tj\u00e4nster till tj\u00e4nsten Tillst\u00e5nd och tillsyn. Inloggningstj\u00e4nster Dessa tj\u00e4nster best\u00e5r tj\u00e4nster f\u00f6r att logga in [&hellip;]\" \/>\n<meta property=\"og:url\" content=\"https:\/\/luvatjavalvonta.fi\/sv\/information-om-tjansten\/egenskaper\/anslutna-tjanster\/\" \/>\n<meta property=\"og:site_name\" content=\"Luvat ja valvonta\" \/>\n<meta property=\"article:modified_time\" content=\"2023-04-27T12:36:06+00:00\" \/>\n<meta property=\"og:image\" content=\"https:\/\/luvatjavalvonta.fi\/content\/uploads\/2022\/08\/Liitannaispalvelut_11.png\" \/>\n<meta name=\"twitter:card\" content=\"summary_large_image\" \/>\n<meta name=\"twitter:label1\" content=\"Est. reading time\" \/>\n\t<meta name=\"twitter:data1\" content=\"4 minutes\" \/>\n<script type=\"application\/ld+json\" class=\"yoast-schema-graph\">{\"@context\":\"https:\/\/schema.org\",\"@graph\":[{\"@type\":\"WebPage\",\"@id\":\"https:\/\/luvatjavalvonta.fi\/sv\/information-om-tjansten\/egenskaper\/anslutna-tjanster\/\",\"url\":\"https:\/\/luvatjavalvonta.fi\/sv\/information-om-tjansten\/egenskaper\/anslutna-tjanster\/\",\"name\":\"Anslutna tj\u00e4nster - Luvat ja valvonta\",\"isPartOf\":{\"@id\":\"https:\/\/luvatjavalvonta.fi\/#website\"},\"primaryImageOfPage\":{\"@id\":\"https:\/\/luvatjavalvonta.fi\/sv\/information-om-tjansten\/egenskaper\/anslutna-tjanster\/#primaryimage\"},\"image\":{\"@id\":\"https:\/\/luvatjavalvonta.fi\/sv\/information-om-tjansten\/egenskaper\/anslutna-tjanster\/#primaryimage\"},\"thumbnailUrl\":\"https:\/\/luvatjavalvonta.fi\/content\/uploads\/2022\/08\/Liitannaispalvelut_11.png\",\"datePublished\":\"2022-06-15T08:16:29+00:00\",\"dateModified\":\"2023-04-27T12:36:06+00:00\",\"breadcrumb\":{\"@id\":\"https:\/\/luvatjavalvonta.fi\/sv\/information-om-tjansten\/egenskaper\/anslutna-tjanster\/#breadcrumb\"},\"inLanguage\":\"sv-SE\",\"potentialAction\":[{\"@type\":\"ReadAction\",\"target\":[\"https:\/\/luvatjavalvonta.fi\/sv\/information-om-tjansten\/egenskaper\/anslutna-tjanster\/\"]}]},{\"@type\":\"ImageObject\",\"inLanguage\":\"sv-SE\",\"@id\":\"https:\/\/luvatjavalvonta.fi\/sv\/information-om-tjansten\/egenskaper\/anslutna-tjanster\/#primaryimage\",\"url\":\"https:\/\/luvatjavalvonta.fi\/content\/uploads\/2022\/08\/Liitannaispalvelut_11.png\",\"contentUrl\":\"https:\/\/luvatjavalvonta.fi\/content\/uploads\/2022\/08\/Liitannaispalvelut_11.png\"},{\"@type\":\"BreadcrumbList\",\"@id\":\"https:\/\/luvatjavalvonta.fi\/sv\/information-om-tjansten\/egenskaper\/anslutna-tjanster\/#breadcrumb\",\"itemListElement\":[{\"@type\":\"ListItem\",\"position\":1,\"name\":\"Home\",\"item\":\"http:\/\/54.75.134.196:80\/sv\/\"},{\"@type\":\"ListItem\",\"position\":2,\"name\":\"Information om tj\u00e4nsten\",\"item\":\"http:\/\/54.75.134.196:80\/sv\/information-om-tjansten\/\"},{\"@type\":\"ListItem\",\"position\":3,\"name\":\"Egenskaper\",\"item\":\"http:\/\/54.75.134.196:80\/sv\/information-om-tjansten\/egenskaper\/\"},{\"@type\":\"ListItem\",\"position\":4,\"name\":\"Anslutna tj\u00e4nster\"}]},{\"@type\":\"WebSite\",\"@id\":\"https:\/\/luvatjavalvonta.fi\/#website\",\"url\":\"https:\/\/luvatjavalvonta.fi\/\",\"name\":\"Luvat ja valvonta\",\"description\":\"\",\"potentialAction\":[{\"@type\":\"SearchAction\",\"target\":{\"@type\":\"EntryPoint\",\"urlTemplate\":\"https:\/\/luvatjavalvonta.fi\/?s={search_term_string}\"},\"query-input\":{\"@type\":\"PropertyValueSpecification\",\"valueRequired\":true,\"valueName\":\"search_term_string\"}}],\"inLanguage\":\"sv-SE\"}]}<\/script>\n<!-- \/ Yoast SEO plugin. -->","yoast_head_json":{"title":"Anslutna tj\u00e4nster - Luvat ja valvonta","robots":{"index":"index","follow":"follow","max-snippet":"max-snippet:-1","max-image-preview":"max-image-preview:large","max-video-preview":"max-video-preview:-1"},"canonical":"https:\/\/luvatjavalvonta.fi\/sv\/information-om-tjansten\/egenskaper\/anslutna-tjanster\/","og_locale":"sv_SE","og_type":"article","og_title":"Anslutna tj\u00e4nster - Luvat ja valvonta","og_description":"Tj\u00e4nsten Tillst\u00e5nd och tillsyn anv\u00e4nder riksomfattande samtj\u00e4nster som en del av den \u00f6vergripande servicen f\u00f6r myndigheter och kunder. Tj\u00e4nsterna kan grovt indelas i tre grupper: inloggningstj\u00e4nster, tj\u00e4nster som informerar och v\u00e4gleder kunden samt ett elektroniskt kommunikationsgr\u00e4nssnitt f\u00f6r att ansluta myndigheternas e-tj\u00e4nster till tj\u00e4nsten Tillst\u00e5nd och tillsyn. Inloggningstj\u00e4nster Dessa tj\u00e4nster best\u00e5r tj\u00e4nster f\u00f6r att logga in [&hellip;]","og_url":"https:\/\/luvatjavalvonta.fi\/sv\/information-om-tjansten\/egenskaper\/anslutna-tjanster\/","og_site_name":"Luvat ja valvonta","article_modified_time":"2023-04-27T12:36:06+00:00","og_image":[{"url":"https:\/\/luvatjavalvonta.fi\/content\/uploads\/2022\/08\/Liitannaispalvelut_11.png","type":"","width":"","height":""}],"twitter_card":"summary_large_image","twitter_misc":{"Est. reading time":"4 minutes"},"schema":{"@context":"https:\/\/schema.org","@graph":[{"@type":"WebPage","@id":"https:\/\/luvatjavalvonta.fi\/sv\/information-om-tjansten\/egenskaper\/anslutna-tjanster\/","url":"https:\/\/luvatjavalvonta.fi\/sv\/information-om-tjansten\/egenskaper\/anslutna-tjanster\/","name":"Anslutna tj\u00e4nster - Luvat ja valvonta","isPartOf":{"@id":"https:\/\/luvatjavalvonta.fi\/#website"},"primaryImageOfPage":{"@id":"https:\/\/luvatjavalvonta.fi\/sv\/information-om-tjansten\/egenskaper\/anslutna-tjanster\/#primaryimage"},"image":{"@id":"https:\/\/luvatjavalvonta.fi\/sv\/information-om-tjansten\/egenskaper\/anslutna-tjanster\/#primaryimage"},"thumbnailUrl":"https:\/\/luvatjavalvonta.fi\/content\/uploads\/2022\/08\/Liitannaispalvelut_11.png","datePublished":"2022-06-15T08:16:29+00:00","dateModified":"2023-04-27T12:36:06+00:00","breadcrumb":{"@id":"https:\/\/luvatjavalvonta.fi\/sv\/information-om-tjansten\/egenskaper\/anslutna-tjanster\/#breadcrumb"},"inLanguage":"sv-SE","potentialAction":[{"@type":"ReadAction","target":["https:\/\/luvatjavalvonta.fi\/sv\/information-om-tjansten\/egenskaper\/anslutna-tjanster\/"]}]},{"@type":"ImageObject","inLanguage":"sv-SE","@id":"https:\/\/luvatjavalvonta.fi\/sv\/information-om-tjansten\/egenskaper\/anslutna-tjanster\/#primaryimage","url":"https:\/\/luvatjavalvonta.fi\/content\/uploads\/2022\/08\/Liitannaispalvelut_11.png","contentUrl":"https:\/\/luvatjavalvonta.fi\/content\/uploads\/2022\/08\/Liitannaispalvelut_11.png"},{"@type":"BreadcrumbList","@id":"https:\/\/luvatjavalvonta.fi\/sv\/information-om-tjansten\/egenskaper\/anslutna-tjanster\/#breadcrumb","itemListElement":[{"@type":"ListItem","position":1,"name":"Home","item":"http:\/\/54.75.134.196:80\/sv\/"},{"@type":"ListItem","position":2,"name":"Information om tj\u00e4nsten","item":"http:\/\/54.75.134.196:80\/sv\/information-om-tjansten\/"},{"@type":"ListItem","position":3,"name":"Egenskaper","item":"http:\/\/54.75.134.196:80\/sv\/information-om-tjansten\/egenskaper\/"},{"@type":"ListItem","position":4,"name":"Anslutna tj\u00e4nster"}]},{"@type":"WebSite","@id":"https:\/\/luvatjavalvonta.fi\/#website","url":"https:\/\/luvatjavalvonta.fi\/","name":"Luvat ja valvonta","description":"","potentialAction":[{"@type":"SearchAction","target":{"@type":"EntryPoint","urlTemplate":"https:\/\/luvatjavalvonta.fi\/?s={search_term_string}"},"query-input":{"@type":"PropertyValueSpecification","valueRequired":true,"valueName":"search_term_string"}}],"inLanguage":"sv-SE"}]}},"_links":{"self":[{"href":"https:\/\/luvatjavalvonta.fi\/sv\/wp-json\/wp\/v2\/pages\/4887","targetHints":{"allow":["GET"]}}],"collection":[{"href":"https:\/\/luvatjavalvonta.fi\/sv\/wp-json\/wp\/v2\/pages"}],"about":[{"href":"https:\/\/luvatjavalvonta.fi\/sv\/wp-json\/wp\/v2\/types\/page"}],"author":[{"embeddable":true,"href":"https:\/\/luvatjavalvonta.fi\/sv\/wp-json\/wp\/v2\/users\/14"}],"replies":[{"embeddable":true,"href":"https:\/\/luvatjavalvonta.fi\/sv\/wp-json\/wp\/v2\/comments?post=4887"}],"version-history":[{"count":2,"href":"https:\/\/luvatjavalvonta.fi\/sv\/wp-json\/wp\/v2\/pages\/4887\/revisions"}],"predecessor-version":[{"id":5312,"href":"https:\/\/luvatjavalvonta.fi\/sv\/wp-json\/wp\/v2\/pages\/4887\/revisions\/5312"}],"up":[{"embeddable":true,"href":"https:\/\/luvatjavalvonta.fi\/sv\/wp-json\/wp\/v2\/pages\/4905"}],"wp:attachment":[{"href":"https:\/\/luvatjavalvonta.fi\/sv\/wp-json\/wp\/v2\/media?parent=4887"}],"curies":[{"name":"wp","href":"https:\/\/api.w.org\/{rel}","templated":true}]}}