{"id":4889,"date":"2022-05-24T13:24:57","date_gmt":"2022-05-24T10:24:57","guid":{"rendered":"https:\/\/luvatjavalvonta.fi\/information-om-tjansten\/"},"modified":"2023-11-13T10:06:40","modified_gmt":"2023-11-13T08:06:40","slug":"information-om-tjansten","status":"publish","type":"page","link":"https:\/\/luvatjavalvonta.fi\/sv\/information-om-tjansten\/","title":{"rendered":"Information om tj\u00e4nsten"},"content":{"rendered":"\n<hr class=\"wp-block-separator has-alpha-channel-opacity\"\/>\n\n\n\n<p>P\u00e5 supportwebbplatsen finns helt\u00e4ckande information om tj\u00e4nsten Tillst\u00e5nd och tillsyn och den gemensamma servicemilj\u00f6n \u2013 ett ekosystem f\u00f6r myndigheters behov n\u00e4r det g\u00e4ller att anv\u00e4nda och inf\u00f6ra tj\u00e4nsten. P\u00e5 webbplatsen finns dessutom en del om utvecklingen av de gemensamma tj\u00e4nsternas egenskaper.<\/p>\n<h2>Supportwebbplatsens struktur \u2013 s\u00e5 hittar du enkelt den information du beh\u00f6ver<\/h2>\n<p>P\u00e5 supportwebbplatsen f\u00f6r tj\u00e4nsten hittar du anv\u00e4ndbar information om den gemensamma tj\u00e4nsten Tillst\u00e5nd och tillsyn och dess egenskaper \u2013 f\u00f6r beslutsfattare inom myndighetsorganisationer, verksamhetsutvecklare och anv\u00e4ndare av tj\u00e4nsten. Informationen \u00e4r indelad i tre omr\u00e5den:<\/p>\n<ul>\n<li><strong>Information om tj\u00e4nsten<\/strong> (detta avsnitt)<\/li>\n<li><a href=\"https:\/\/luvatjavalvonta.fi\/sv\/inforande-av-tjansten\/\"><strong>Inf\u00f6rande av tj\u00e4nsten<\/strong><\/a><\/li>\n<li><a href=\"https:\/\/luvatjavalvonta.fi\/sv\/kundorienterad-utveckling\/\"><strong>Kundorienterad utveckling<\/strong><\/a>&nbsp;<\/li>\n<\/ul>\n<p>Videorna nedan ger snabbt en tydlig bild av samarbetet mellan tj\u00e4nsten Tillst\u00e5nd och tillsyn och myndighetstj\u00e4nsterna i ekosystemet: vad det inneb\u00e4r f\u00f6r kunden och myndigheten.<\/p>\n\n\n\n<div class=\"wp-block-columns is-layout-flex wp-container-core-columns-is-layout-9d6595d7 wp-block-columns-is-layout-flex\">\n<div class=\"wp-block-column is-layout-flow wp-block-column-is-layout-flow\">\n<figure class=\"wp-block-embed is-type-video is-provider-youtube wp-block-embed-youtube wp-embed-aspect-16-9 wp-has-aspect-ratio\"><div class=\"wp-block-embed__wrapper\">\n<iframe loading=\"lazy\" title=\"Tillst\u00e5nd och tillsyn ur tillst\u00e5ndss\u00f6kandens synvinkel\" width=\"500\" height=\"281\" src=\"https:\/\/www.youtube-nocookie.com\/embed\/SVMpBzt0AA0?feature=oembed\" frameborder=\"0\" allow=\"accelerometer; autoplay; clipboard-write; encrypted-media; gyroscope; picture-in-picture; web-share\" referrerpolicy=\"strict-origin-when-cross-origin\" allowfullscreen><\/iframe>\n<\/div><figcaption class=\"wp-element-caption\"><em>Video: Tj\u00e4nsten ur <strong>kunders <\/strong>perspektiv<\/em><\/figcaption><\/figure>\n<\/div>\n\n\n\n<div class=\"wp-block-column is-layout-flow wp-block-column-is-layout-flow\">\n<figure class=\"wp-block-embed is-type-video is-provider-youtube wp-block-embed-youtube wp-embed-aspect-16-9 wp-has-aspect-ratio\"><div class=\"wp-block-embed__wrapper\">\n<iframe loading=\"lazy\" title=\"Tj\u00e4nsten Tillst\u00e5nd och tillsyn ur myndighetens synvinkel\" width=\"500\" height=\"281\" src=\"https:\/\/www.youtube-nocookie.com\/embed\/3vs0Y8AyC5g?feature=oembed\" frameborder=\"0\" allow=\"accelerometer; autoplay; clipboard-write; encrypted-media; gyroscope; picture-in-picture; web-share\" referrerpolicy=\"strict-origin-when-cross-origin\" allowfullscreen><\/iframe>\n<\/div><figcaption class=\"wp-element-caption\"><em>Video: Tj\u00e4nsten ur <strong>myndigheters <\/strong>perspektiv<\/em><\/figcaption><\/figure>\n<\/div>\n<\/div>\n\n\n\n<h2>Information om tj\u00e4nsten<\/h2>\n<p>I det h\u00e4r avsnittet har vi samlat information om<\/p>\n<ul>\n<li>serviceproduktionens struktur i ekosystemet<\/li>\n<li>vilket serviceutbud som tillhandah\u00e5lls kunden och de gemensamma funktioner i tj\u00e4nsten som myndigheterna kan anv\u00e4nda gemensamt<\/li>\n<li>F\u00f6rdelarna med och f\u00f6ruts\u00e4ttningarna f\u00f6r tj\u00e4nsten Tillst\u00e5nd och tillsyn<\/li>\n<li>om gemensamma serviceprocesser f\u00f6r myndigheten och tj\u00e4nsten Tillst\u00e5nd och tillsyn<\/li>\n<li>olika s\u00e4tt att ansluta tj\u00e4nsterna med anvisningar<\/li>\n<li>servicehanteringsmodell: gemensamma spelregler f\u00f6r hur tj\u00e4nsten styrs och utvecklas tillsammans.<\/li>\n<\/ul>\n<h2>Bekanta dig med tj\u00e4nsten och dra nytta av den<\/h2>\n<p>Du hittar information om tj\u00e4nsten och dess funktioner via l\u00e4nkarna nedan. Med hj\u00e4lp av den informationen kan du planera hur din organisation kan utnyttja de m\u00f6jligheter som tj\u00e4nsten erbjuder.<\/p>\n\n\n\n<div class=\"wp-block-group\"><div class=\"wp-block-group__inner-container is-layout-constrained wp-block-group-is-layout-constrained\">\n<div class=\"wp-block-columns is-layout-flex wp-container-core-columns-is-layout-9d6595d7 wp-block-columns-is-layout-flex\">\n<div class=\"wp-block-column is-layout-flow wp-block-column-is-layout-flow\">\n<h3 style=\"text-align: center;\"><a href=\"https:\/\/luvatjavalvonta.fi\/sv\/?page_id=6328\"><img loading=\"lazy\" decoding=\"async\" class=\"aligncenter wp-image-2491\" src=\"https:\/\/luvatjavalvonta.fi\/content\/uploads\/2022\/08\/Palvelu_1.png\" alt=\"Linkkikuvake\" width=\"125\" height=\"125\" srcset=\"https:\/\/luvatjavalvonta.fi\/content\/uploads\/2022\/08\/Palvelu_1.png 613w, https:\/\/luvatjavalvonta.fi\/content\/uploads\/2022\/08\/Palvelu_1-300x300.png 300w, https:\/\/luvatjavalvonta.fi\/content\/uploads\/2022\/08\/Palvelu_1-150x150.png 150w, https:\/\/luvatjavalvonta.fi\/content\/uploads\/2022\/08\/Palvelu_1-201x200.png 201w\" sizes=\"auto, (max-width: 125px) 100vw, 125px\" \/>Tillst\u00e5nds- och tillsyns-<br>tj\u00e4nsten \u203a<\/a><\/h3>\n<p style=\"text-align: center;\">Allm\u00e4n presentation av tj\u00e4nsten &#8230;<\/p>\n<\/div>\n\n\n\n<div class=\"wp-block-column is-layout-flow wp-block-column-is-layout-flow\">\n<h3 style=\"text-align: center;\"><a href=\"https:\/\/luvatjavalvonta.fi\/sv\/?page_id=6250\"><img loading=\"lazy\" decoding=\"async\" class=\"aligncenter  wp-image-6436\" src=\"https:\/\/luvatjavalvonta.fi\/content\/uploads\/2023\/11\/Ekosysteemi_1.png\" alt=\"\" width=\"125\" height=\"125\" srcset=\"https:\/\/luvatjavalvonta.fi\/content\/uploads\/2023\/11\/Ekosysteemi_1.png 670w, https:\/\/luvatjavalvonta.fi\/content\/uploads\/2023\/11\/Ekosysteemi_1-300x300.png 300w, https:\/\/luvatjavalvonta.fi\/content\/uploads\/2023\/11\/Ekosysteemi_1-150x150.png 150w, https:\/\/luvatjavalvonta.fi\/content\/uploads\/2023\/11\/Ekosysteemi_1-200x200.png 200w\" sizes=\"auto, (max-width: 125px) 100vw, 125px\" \/>Ekosystem \u203a<\/a><\/h3>\n<p style=\"text-align: center;\">Information om ekosystemet \u2013 s\u00e5 h\u00e4r betj\u00e4nar vi kunden tillsammans &#8230;<\/p>\n<\/div>\n\n\n\n<div class=\"wp-block-column is-layout-flow wp-block-column-is-layout-flow\">\n<h3 style=\"text-align: center;\"><a href=\"https:\/\/luvatjavalvonta.fi\/sv\/?page_id=6300\"><img loading=\"lazy\" decoding=\"async\" class=\"aligncenter wp-image-2489\" src=\"https:\/\/luvatjavalvonta.fi\/content\/uploads\/2022\/08\/Hyodyt_1.png\" alt=\"\" width=\"125\" height=\"126\" srcset=\"https:\/\/luvatjavalvonta.fi\/content\/uploads\/2022\/08\/Hyodyt_1.png 656w, https:\/\/luvatjavalvonta.fi\/content\/uploads\/2022\/08\/Hyodyt_1-298x300.png 298w, https:\/\/luvatjavalvonta.fi\/content\/uploads\/2022\/08\/Hyodyt_1-150x150.png 150w, https:\/\/luvatjavalvonta.fi\/content\/uploads\/2022\/08\/Hyodyt_1-199x200.png 199w\" sizes=\"auto, (max-width: 125px) 100vw, 125px\" \/>F\u00f6rdelar <\/a><a href=\"https:\/\/luvatjavalvonta.fi\/sv\/information-om-tjansten\/tjansten-tillstand-och-tillsyn\/\">\u203a<\/a><\/h3>\n<p style=\"text-align: center;\">Information om f\u00f6rdelarna f\u00f6r myndigheter och kunder &#8230;<\/p>\n<\/div>\n<\/div>\n\n\n\n<div class=\"wp-block-columns is-layout-flex wp-container-core-columns-is-layout-9d6595d7 wp-block-columns-is-layout-flex\">\n<div class=\"wp-block-column is-layout-flow wp-block-column-is-layout-flow\">\n<h3 style=\"text-align: center;\"><a href=\"https:\/\/luvatjavalvonta.fi\/sv\/?page_id=4903\"><img loading=\"lazy\" decoding=\"async\" class=\"aligncenter wp-image-2487\" src=\"https:\/\/luvatjavalvonta.fi\/content\/uploads\/2022\/08\/Prosessi_1.png\" alt=\"\" width=\"125\" height=\"125\" srcset=\"https:\/\/luvatjavalvonta.fi\/content\/uploads\/2022\/08\/Prosessi_1.png 665w, https:\/\/luvatjavalvonta.fi\/content\/uploads\/2022\/08\/Prosessi_1-300x300.png 300w, https:\/\/luvatjavalvonta.fi\/content\/uploads\/2022\/08\/Prosessi_1-150x150.png 150w, https:\/\/luvatjavalvonta.fi\/content\/uploads\/2022\/08\/Prosessi_1-201x200.png 201w\" sizes=\"auto, (max-width: 125px) 100vw, 125px\" \/>Serviceprocess <\/a><a href=\"https:\/\/luvatjavalvonta.fi\/sv\/information-om-tjansten\/tjansten-tillstand-och-tillsyn\/\">\u203a<\/a><\/h3>\n<p style=\"text-align: center;\">Information om tj\u00e4nstens myndighets- och kundprocesser &#8230;<\/p>\n<\/div>\n\n\n\n<div class=\"wp-block-column is-layout-flow wp-block-column-is-layout-flow\">\n<h3 style=\"text-align: center;\"><a href=\"https:\/\/luvatjavalvonta.fi\/sv\/?page_id=4905\"><img loading=\"lazy\" decoding=\"async\" class=\"aligncenter wp-image-2485\" src=\"https:\/\/luvatjavalvonta.fi\/content\/uploads\/2022\/08\/Ominaisuudet_1.png\" alt=\"\" width=\"125\" height=\"125\" srcset=\"https:\/\/luvatjavalvonta.fi\/content\/uploads\/2022\/08\/Ominaisuudet_1.png 665w, https:\/\/luvatjavalvonta.fi\/content\/uploads\/2022\/08\/Ominaisuudet_1-300x300.png 300w, https:\/\/luvatjavalvonta.fi\/content\/uploads\/2022\/08\/Ominaisuudet_1-150x150.png 150w, https:\/\/luvatjavalvonta.fi\/content\/uploads\/2022\/08\/Ominaisuudet_1-199x200.png 199w\" sizes=\"auto, (max-width: 125px) 100vw, 125px\" \/>Egenskaper \u203a<\/a> &nbsp;<\/h3>\n<p style=\"text-align: center;\">Information om tj\u00e4nstens egenskaper som myndigheter kan anv\u00e4nda &#8230;<\/p>\n<\/div>\n\n\n\n<div class=\"wp-block-column is-layout-flow wp-block-column-is-layout-flow\">\n<h3 style=\"text-align: center;\"><a href=\"https:\/\/luvatjavalvonta.fi\/sv\/?page_id=6066\"><img loading=\"lazy\" decoding=\"async\" class=\"aligncenter wp-image-2570\" src=\"https:\/\/luvatjavalvonta.fi\/content\/uploads\/2022\/08\/Liitostavat_11-150x150.png\" alt=\"\" width=\"125\" height=\"125\" srcset=\"https:\/\/luvatjavalvonta.fi\/content\/uploads\/2022\/08\/Liitostavat_11-150x150.png 150w, https:\/\/luvatjavalvonta.fi\/content\/uploads\/2022\/08\/Liitostavat_11-300x300.png 300w, https:\/\/luvatjavalvonta.fi\/content\/uploads\/2022\/08\/Liitostavat_11-768x767.png 768w, https:\/\/luvatjavalvonta.fi\/content\/uploads\/2022\/08\/Liitostavat_11-200x200.png 200w, https:\/\/luvatjavalvonta.fi\/content\/uploads\/2022\/08\/Liitostavat_11.png 883w\" sizes=\"auto, (max-width: 125px) 100vw, 125px\" \/>Anslutningss\u00e4tt \u203a<\/a><\/h3>\n<p style=\"text-align: center;\">Information om anslutningsalternativen och tekniska egenskaper &#8230;<\/p>\n<\/div>\n<\/div>\n\n\n\n<div class=\"wp-block-columns is-layout-flex wp-container-core-columns-is-layout-9d6595d7 wp-block-columns-is-layout-flex\">\n<div class=\"wp-block-column is-layout-flow wp-block-column-is-layout-flow\">\n<h3 style=\"text-align: center;\"><a href=\"https:\/\/luvatjavalvonta.fi\/sv\/?page_id=6195\"><img loading=\"lazy\" decoding=\"async\" class=\"aligncenter wp-image-2483\" src=\"https:\/\/luvatjavalvonta.fi\/content\/uploads\/2022\/08\/Tarjonta_1.png\" alt=\"\" width=\"125\" height=\"125\" srcset=\"https:\/\/luvatjavalvonta.fi\/content\/uploads\/2022\/08\/Tarjonta_1.png 665w, https:\/\/luvatjavalvonta.fi\/content\/uploads\/2022\/08\/Tarjonta_1-300x300.png 300w, https:\/\/luvatjavalvonta.fi\/content\/uploads\/2022\/08\/Tarjonta_1-150x150.png 150w, https:\/\/luvatjavalvonta.fi\/content\/uploads\/2022\/08\/Tarjonta_1-200x200.png 200w\" sizes=\"auto, (max-width: 125px) 100vw, 125px\" \/><\/a><a href=\"https:\/\/luvatjavalvonta.fi\/sv\/?page_id=6195\">Utbudet f\u00f6r kunder \u203a<\/a><\/h3>\n<p style=\"text-align: center;\">Information om \u00e4rendehantering som tillhandh\u00e5lls och inf\u00f6rs &#8230;<\/p>\n<\/div>\n\n\n\n<div class=\"wp-block-column is-layout-flow wp-block-column-is-layout-flow\">\n<h3 style=\"text-align: center;\"><a href=\"https:\/\/luvatjavalvonta.fi\/sv\/?page_id=6191\"><img loading=\"lazy\" decoding=\"async\" class=\"aligncenter  wp-image-3660\" src=\"https:\/\/luvatjavalvonta.fi\/content\/uploads\/2022\/09\/Organisoituminen1.png\" alt=\"\" width=\"125\" height=\"125\" srcset=\"https:\/\/luvatjavalvonta.fi\/content\/uploads\/2022\/09\/Organisoituminen1.png 671w, https:\/\/luvatjavalvonta.fi\/content\/uploads\/2022\/09\/Organisoituminen1-300x300.png 300w, https:\/\/luvatjavalvonta.fi\/content\/uploads\/2022\/09\/Organisoituminen1-150x150.png 150w, https:\/\/luvatjavalvonta.fi\/content\/uploads\/2022\/09\/Organisoituminen1-201x200.png 201w\" sizes=\"auto, (max-width: 125px) 100vw, 125px\" \/>Myndigheterna som <br>en del av tj\u00e4nsten <br>som helhet \u203a<\/a><\/h3>\n<p style=\"text-align: center;\">Information om myndighets\u00e4renden inom <br>tj\u00e4nster &#8230;<\/p>\n<\/div>\n\n\n\n<div class=\"wp-block-column is-layout-flow wp-block-column-is-layout-flow\">\n<h3 style=\"text-align: center;\"><a href=\"https:\/\/luvatjavalvonta.fi\/sv\/?page_id=4909\"><img loading=\"lazy\" decoding=\"async\" class=\"aligncenter wp-image-2481\" src=\"https:\/\/luvatjavalvonta.fi\/content\/uploads\/2022\/08\/Hallinta_1.png\" alt=\"\" width=\"125\" height=\"125\" srcset=\"https:\/\/luvatjavalvonta.fi\/content\/uploads\/2022\/08\/Hallinta_1.png 664w, https:\/\/luvatjavalvonta.fi\/content\/uploads\/2022\/08\/Hallinta_1-300x300.png 300w, https:\/\/luvatjavalvonta.fi\/content\/uploads\/2022\/08\/Hallinta_1-150x150.png 150w, https:\/\/luvatjavalvonta.fi\/content\/uploads\/2022\/08\/Hallinta_1-200x200.png 200w\" sizes=\"auto, (max-width: 125px) 100vw, 125px\" \/>Service-<br \/>hanteringsmodell <\/a><a href=\"https:\/\/luvatjavalvonta.fi\/sv\/information-om-tjansten\/tjansten-tillstand-och-tillsyn\/\">\u203a<\/a><\/h3>\n<p style=\"text-align: center;\">Information om servicehanteringsmodellen och gemensamma spelregler &#8230;<\/p>\n<\/div>\n<\/div>\n<\/div><\/div>\n","protected":false},"excerpt":{"rendered":"<p>P\u00e5 supportwebbplatsen finns helt\u00e4ckande information om tj\u00e4nsten Tillst\u00e5nd och tillsyn och den gemensamma servicemilj\u00f6n \u2013 ett ekosystem f\u00f6r myndigheters behov n\u00e4r det g\u00e4ller att anv\u00e4nda och inf\u00f6ra tj\u00e4nsten. P\u00e5 webbplatsen finns dessutom en del om utvecklingen av de gemensamma tj\u00e4nsternas egenskaper. Supportwebbplatsens struktur \u2013 s\u00e5 hittar du enkelt den information du beh\u00f6ver P\u00e5 supportwebbplatsen f\u00f6r [&hellip;]<\/p>\n","protected":false},"author":1,"featured_media":0,"parent":0,"menu_order":214,"comment_status":"closed","ping_status":"closed","template":"","meta":{"_acf_changed":false,"inline_featured_image":false,"footnotes":""},"class_list":["post-4889","page","type-page","status-publish","hentry"],"acf":{"ai_extra_content":"","ai_instructions":"","ai_hidden_page":false},"yoast_head":"<!-- This site is optimized with the Yoast SEO plugin v25.9 - https:\/\/yoast.com\/wordpress\/plugins\/seo\/ -->\n<title>Information om tj\u00e4nsten - Luvat ja valvonta<\/title>\n<meta name=\"robots\" content=\"index, follow, max-snippet:-1, max-image-preview:large, max-video-preview:-1\" \/>\n<link rel=\"canonical\" href=\"http:\/\/54.75.134.196:80\/sv\/information-om-tjansten\/\" \/>\n<meta property=\"og:locale\" content=\"sv_SE\" \/>\n<meta property=\"og:type\" content=\"article\" \/>\n<meta property=\"og:title\" content=\"Information om tj\u00e4nsten - Luvat ja valvonta\" \/>\n<meta property=\"og:description\" content=\"P\u00e5 supportwebbplatsen finns helt\u00e4ckande information om tj\u00e4nsten Tillst\u00e5nd och tillsyn och den gemensamma servicemilj\u00f6n \u2013 ett ekosystem f\u00f6r myndigheters behov n\u00e4r det g\u00e4ller att anv\u00e4nda och inf\u00f6ra tj\u00e4nsten. P\u00e5 webbplatsen finns dessutom en del om utvecklingen av de gemensamma tj\u00e4nsternas egenskaper. Supportwebbplatsens struktur \u2013 s\u00e5 hittar du enkelt den information du beh\u00f6ver P\u00e5 supportwebbplatsen f\u00f6r [&hellip;]\" \/>\n<meta property=\"og:url\" content=\"http:\/\/54.75.134.196:80\/sv\/information-om-tjansten\/\" \/>\n<meta property=\"og:site_name\" content=\"Luvat ja valvonta\" \/>\n<meta property=\"article:modified_time\" content=\"2023-11-13T08:06:40+00:00\" \/>\n<meta property=\"og:image\" content=\"https:\/\/luvatjavalvonta.fi\/content\/uploads\/2022\/08\/Palvelu_1.png\" \/>\n<meta name=\"twitter:card\" content=\"summary_large_image\" \/>\n<meta name=\"twitter:label1\" content=\"Est. reading time\" \/>\n\t<meta name=\"twitter:data1\" content=\"4 minutes\" \/>\n<script type=\"application\/ld+json\" class=\"yoast-schema-graph\">{\"@context\":\"https:\/\/schema.org\",\"@graph\":[{\"@type\":\"WebPage\",\"@id\":\"http:\/\/54.75.134.196:80\/sv\/information-om-tjansten\/\",\"url\":\"http:\/\/54.75.134.196:80\/sv\/information-om-tjansten\/\",\"name\":\"Information om tj\u00e4nsten - Luvat ja valvonta\",\"isPartOf\":{\"@id\":\"https:\/\/luvatjavalvonta.fi\/#website\"},\"primaryImageOfPage\":{\"@id\":\"http:\/\/54.75.134.196:80\/sv\/information-om-tjansten\/#primaryimage\"},\"image\":{\"@id\":\"http:\/\/54.75.134.196:80\/sv\/information-om-tjansten\/#primaryimage\"},\"thumbnailUrl\":\"https:\/\/luvatjavalvonta.fi\/content\/uploads\/2022\/08\/Palvelu_1.png\",\"datePublished\":\"2022-05-24T10:24:57+00:00\",\"dateModified\":\"2023-11-13T08:06:40+00:00\",\"breadcrumb\":{\"@id\":\"http:\/\/54.75.134.196:80\/sv\/information-om-tjansten\/#breadcrumb\"},\"inLanguage\":\"sv-SE\",\"potentialAction\":[{\"@type\":\"ReadAction\",\"target\":[\"http:\/\/54.75.134.196:80\/sv\/information-om-tjansten\/\"]}]},{\"@type\":\"ImageObject\",\"inLanguage\":\"sv-SE\",\"@id\":\"http:\/\/54.75.134.196:80\/sv\/information-om-tjansten\/#primaryimage\",\"url\":\"https:\/\/luvatjavalvonta.fi\/content\/uploads\/2022\/08\/Palvelu_1.png\",\"contentUrl\":\"https:\/\/luvatjavalvonta.fi\/content\/uploads\/2022\/08\/Palvelu_1.png\"},{\"@type\":\"BreadcrumbList\",\"@id\":\"http:\/\/54.75.134.196:80\/sv\/information-om-tjansten\/#breadcrumb\",\"itemListElement\":[{\"@type\":\"ListItem\",\"position\":1,\"name\":\"Home\",\"item\":\"http:\/\/54.75.134.196:80\/sv\/\"},{\"@type\":\"ListItem\",\"position\":2,\"name\":\"Information om tj\u00e4nsten\"}]},{\"@type\":\"WebSite\",\"@id\":\"https:\/\/luvatjavalvonta.fi\/#website\",\"url\":\"https:\/\/luvatjavalvonta.fi\/\",\"name\":\"Luvat ja valvonta\",\"description\":\"\",\"potentialAction\":[{\"@type\":\"SearchAction\",\"target\":{\"@type\":\"EntryPoint\",\"urlTemplate\":\"https:\/\/luvatjavalvonta.fi\/?s={search_term_string}\"},\"query-input\":{\"@type\":\"PropertyValueSpecification\",\"valueRequired\":true,\"valueName\":\"search_term_string\"}}],\"inLanguage\":\"sv-SE\"}]}<\/script>\n<!-- \/ Yoast SEO plugin. -->","yoast_head_json":{"title":"Information om tj\u00e4nsten - Luvat ja valvonta","robots":{"index":"index","follow":"follow","max-snippet":"max-snippet:-1","max-image-preview":"max-image-preview:large","max-video-preview":"max-video-preview:-1"},"canonical":"http:\/\/54.75.134.196:80\/sv\/information-om-tjansten\/","og_locale":"sv_SE","og_type":"article","og_title":"Information om tj\u00e4nsten - Luvat ja valvonta","og_description":"P\u00e5 supportwebbplatsen finns helt\u00e4ckande information om tj\u00e4nsten Tillst\u00e5nd och tillsyn och den gemensamma servicemilj\u00f6n \u2013 ett ekosystem f\u00f6r myndigheters behov n\u00e4r det g\u00e4ller att anv\u00e4nda och inf\u00f6ra tj\u00e4nsten. P\u00e5 webbplatsen finns dessutom en del om utvecklingen av de gemensamma tj\u00e4nsternas egenskaper. Supportwebbplatsens struktur \u2013 s\u00e5 hittar du enkelt den information du beh\u00f6ver P\u00e5 supportwebbplatsen f\u00f6r [&hellip;]","og_url":"http:\/\/54.75.134.196:80\/sv\/information-om-tjansten\/","og_site_name":"Luvat ja valvonta","article_modified_time":"2023-11-13T08:06:40+00:00","og_image":[{"url":"https:\/\/luvatjavalvonta.fi\/content\/uploads\/2022\/08\/Palvelu_1.png","type":"","width":"","height":""}],"twitter_card":"summary_large_image","twitter_misc":{"Est. reading time":"4 minutes"},"schema":{"@context":"https:\/\/schema.org","@graph":[{"@type":"WebPage","@id":"http:\/\/54.75.134.196:80\/sv\/information-om-tjansten\/","url":"http:\/\/54.75.134.196:80\/sv\/information-om-tjansten\/","name":"Information om tj\u00e4nsten - Luvat ja valvonta","isPartOf":{"@id":"https:\/\/luvatjavalvonta.fi\/#website"},"primaryImageOfPage":{"@id":"http:\/\/54.75.134.196:80\/sv\/information-om-tjansten\/#primaryimage"},"image":{"@id":"http:\/\/54.75.134.196:80\/sv\/information-om-tjansten\/#primaryimage"},"thumbnailUrl":"https:\/\/luvatjavalvonta.fi\/content\/uploads\/2022\/08\/Palvelu_1.png","datePublished":"2022-05-24T10:24:57+00:00","dateModified":"2023-11-13T08:06:40+00:00","breadcrumb":{"@id":"http:\/\/54.75.134.196:80\/sv\/information-om-tjansten\/#breadcrumb"},"inLanguage":"sv-SE","potentialAction":[{"@type":"ReadAction","target":["http:\/\/54.75.134.196:80\/sv\/information-om-tjansten\/"]}]},{"@type":"ImageObject","inLanguage":"sv-SE","@id":"http:\/\/54.75.134.196:80\/sv\/information-om-tjansten\/#primaryimage","url":"https:\/\/luvatjavalvonta.fi\/content\/uploads\/2022\/08\/Palvelu_1.png","contentUrl":"https:\/\/luvatjavalvonta.fi\/content\/uploads\/2022\/08\/Palvelu_1.png"},{"@type":"BreadcrumbList","@id":"http:\/\/54.75.134.196:80\/sv\/information-om-tjansten\/#breadcrumb","itemListElement":[{"@type":"ListItem","position":1,"name":"Home","item":"http:\/\/54.75.134.196:80\/sv\/"},{"@type":"ListItem","position":2,"name":"Information om tj\u00e4nsten"}]},{"@type":"WebSite","@id":"https:\/\/luvatjavalvonta.fi\/#website","url":"https:\/\/luvatjavalvonta.fi\/","name":"Luvat ja valvonta","description":"","potentialAction":[{"@type":"SearchAction","target":{"@type":"EntryPoint","urlTemplate":"https:\/\/luvatjavalvonta.fi\/?s={search_term_string}"},"query-input":{"@type":"PropertyValueSpecification","valueRequired":true,"valueName":"search_term_string"}}],"inLanguage":"sv-SE"}]}},"_links":{"self":[{"href":"https:\/\/luvatjavalvonta.fi\/sv\/wp-json\/wp\/v2\/pages\/4889","targetHints":{"allow":["GET"]}}],"collection":[{"href":"https:\/\/luvatjavalvonta.fi\/sv\/wp-json\/wp\/v2\/pages"}],"about":[{"href":"https:\/\/luvatjavalvonta.fi\/sv\/wp-json\/wp\/v2\/types\/page"}],"author":[{"embeddable":true,"href":"https:\/\/luvatjavalvonta.fi\/sv\/wp-json\/wp\/v2\/users\/1"}],"replies":[{"embeddable":true,"href":"https:\/\/luvatjavalvonta.fi\/sv\/wp-json\/wp\/v2\/comments?post=4889"}],"version-history":[{"count":24,"href":"https:\/\/luvatjavalvonta.fi\/sv\/wp-json\/wp\/v2\/pages\/4889\/revisions"}],"predecessor-version":[{"id":6585,"href":"https:\/\/luvatjavalvonta.fi\/sv\/wp-json\/wp\/v2\/pages\/4889\/revisions\/6585"}],"wp:attachment":[{"href":"https:\/\/luvatjavalvonta.fi\/sv\/wp-json\/wp\/v2\/media?parent=4889"}],"curies":[{"name":"wp","href":"https:\/\/api.w.org\/{rel}","templated":true}]}}