{"id":4891,"date":"2022-06-08T13:13:56","date_gmt":"2022-06-08T10:13:56","guid":{"rendered":"https:\/\/luvatjavalvonta.fi\/inforande-av-tjansten\/"},"modified":"2025-10-20T13:14:23","modified_gmt":"2025-10-20T10:14:23","slug":"inforande","status":"publish","type":"page","link":"https:\/\/luvatjavalvonta.fi\/sv\/inforande\/","title":{"rendered":"Inf\u00f6rande och underh\u00e5ll av tj\u00e4nsten"},"content":{"rendered":"\n<hr class=\"wp-block-separator has-alpha-channel-opacity\"\/>\n\n\n\n<p>I det h\u00e4r avsnittet har vi samlat anvisningar och b\u00e4sta praxis med hj\u00e4lp av vilka<\/p>\n<ul>\n<li>du genomf\u00f6r ett kontrollerat inf\u00f6rande av tj\u00e4nsten Tillst\u00e5nd och tillsyn och<\/li>\n<li>ordnar ett smidigt underh\u00e5ll av tj\u00e4nsten i din organisation&nbsp;<\/li>\n<\/ul>\n<p>Materialet har sammanst\u00e4llts myndighetsspecifikt f\u00f6r att st\u00f6da inf\u00f6rande och underh\u00e5ll av tj\u00e4nsten med olika utg\u00e5ngspunkter.<\/p>\n<h2>V\u00e4lj organisationstyp som tar tj\u00e4nsten i bruk<\/h2>\n\n\n\n<div class=\"wp-block-columns is-layout-flex wp-container-core-columns-is-layout-9d6595d7 wp-block-columns-is-layout-flex\">\n<div class=\"wp-block-column is-layout-flow wp-block-column-is-layout-flow\">\n<h3 style=\"text-align: center;\"><img loading=\"lazy\" decoding=\"async\" class=\"aligncenter  wp-image-2836\" src=\"https:\/\/luvatjavalvonta.fi\/content\/uploads\/2022\/08\/Kunta_1.png\" alt=\"\" width=\"125\" height=\"126\" srcset=\"https:\/\/luvatjavalvonta.fi\/content\/uploads\/2022\/08\/Kunta_1.png 663w, https:\/\/luvatjavalvonta.fi\/content\/uploads\/2022\/08\/Kunta_1-300x300.png 300w, https:\/\/luvatjavalvonta.fi\/content\/uploads\/2022\/08\/Kunta_1-150x150.png 150w, https:\/\/luvatjavalvonta.fi\/content\/uploads\/2022\/08\/Kunta_1-200x200.png 200w\" sizes=\"auto, (max-width: 125px) 100vw, 125px\" \/><a href=\"https:\/\/luvatjavalvonta.fi\/sv\/inforande\/kommunen\/\">Kommunen \u203a<\/a><\/h3>\n<\/div>\n\n\n\n<div class=\"wp-block-column is-layout-flow wp-block-column-is-layout-flow\">\n<h3 style=\"text-align: center;\"><img loading=\"lazy\" decoding=\"async\" class=\"aligncenter  wp-image-4297\" src=\"https:\/\/luvatjavalvonta.fi\/content\/uploads\/2023\/01\/Hyvinvointilalue_2.png\" alt=\"\" width=\"125\" height=\"125\" srcset=\"https:\/\/luvatjavalvonta.fi\/content\/uploads\/2023\/01\/Hyvinvointilalue_2.png 670w, https:\/\/luvatjavalvonta.fi\/content\/uploads\/2023\/01\/Hyvinvointilalue_2-300x300.png 300w, https:\/\/luvatjavalvonta.fi\/content\/uploads\/2023\/01\/Hyvinvointilalue_2-150x150.png 150w, https:\/\/luvatjavalvonta.fi\/content\/uploads\/2023\/01\/Hyvinvointilalue_2-200x200.png 200w\" sizes=\"auto, (max-width: 125px) 100vw, 125px\" \/><a href=\"https:\/\/luvatjavalvonta.fi\/sv\/inforande\/raddningsverken\/\">R\u00e4ddningsanl\u00e4ggningar (v\u00e4lf\u00e4rdsomr\u00e5den) \u203a<\/a><\/h3>\n<\/div>\n\n\n\n<div class=\"wp-block-column is-layout-flow wp-block-column-is-layout-flow\">\n<h3 style=\"text-align: center;\"><img loading=\"lazy\" decoding=\"async\" class=\"aligncenter  wp-image-2832\" src=\"https:\/\/luvatjavalvonta.fi\/content\/uploads\/2022\/08\/Valtionvirastot_1.png\" alt=\"\" width=\"125\" height=\"125\" srcset=\"https:\/\/luvatjavalvonta.fi\/content\/uploads\/2022\/08\/Valtionvirastot_1.png 663w, https:\/\/luvatjavalvonta.fi\/content\/uploads\/2022\/08\/Valtionvirastot_1-300x300.png 300w, https:\/\/luvatjavalvonta.fi\/content\/uploads\/2022\/08\/Valtionvirastot_1-150x150.png 150w, https:\/\/luvatjavalvonta.fi\/content\/uploads\/2022\/08\/Valtionvirastot_1-200x200.png 200w\" sizes=\"auto, (max-width: 125px) 100vw, 125px\" \/><a href=\"https:\/\/luvatjavalvonta.fi\/sv\/inforande\/statens-ambetsverk-och-inrattningar\/\">Andra tillst\u00e5ndsmyndigheter \u203a<\/a><\/h3>\n<\/div>\n<\/div>\n","protected":false},"excerpt":{"rendered":"<p>I det h\u00e4r avsnittet har vi samlat anvisningar och b\u00e4sta praxis med hj\u00e4lp av vilka du genomf\u00f6r ett kontrollerat inf\u00f6rande av tj\u00e4nsten Tillst\u00e5nd och tillsyn och ordnar ett smidigt underh\u00e5ll av tj\u00e4nsten i din organisation&nbsp; Materialet har sammanst\u00e4llts myndighetsspecifikt f\u00f6r att st\u00f6da inf\u00f6rande och underh\u00e5ll av tj\u00e4nsten med olika utg\u00e5ngspunkter. V\u00e4lj organisationstyp som tar tj\u00e4nsten [&hellip;]<\/p>\n","protected":false},"author":1,"featured_media":0,"parent":0,"menu_order":216,"comment_status":"closed","ping_status":"closed","template":"","meta":{"_acf_changed":false,"inline_featured_image":false,"footnotes":""},"class_list":["post-4891","page","type-page","status-publish","hentry"],"acf":{"ai_extra_content":"","ai_instructions":"","ai_hidden_page":false},"yoast_head":"<!-- This site is optimized with the Yoast SEO plugin v25.9 - https:\/\/yoast.com\/wordpress\/plugins\/seo\/ -->\n<title>Inf\u00f6rande och underh\u00e5ll av tj\u00e4nsten - Luvat ja valvonta<\/title>\n<meta name=\"robots\" content=\"index, follow, max-snippet:-1, max-image-preview:large, max-video-preview:-1\" \/>\n<link rel=\"canonical\" href=\"https:\/\/www.luvatjavalvonta.fi\/sv\/inforande\/\" \/>\n<meta property=\"og:locale\" content=\"sv_SE\" \/>\n<meta property=\"og:type\" content=\"article\" \/>\n<meta property=\"og:title\" content=\"Inf\u00f6rande och underh\u00e5ll av tj\u00e4nsten - Luvat ja valvonta\" \/>\n<meta property=\"og:description\" content=\"I det h\u00e4r avsnittet har vi samlat anvisningar och b\u00e4sta praxis med hj\u00e4lp av vilka du genomf\u00f6r ett kontrollerat inf\u00f6rande av tj\u00e4nsten Tillst\u00e5nd och tillsyn och ordnar ett smidigt underh\u00e5ll av tj\u00e4nsten i din organisation&nbsp; Materialet har sammanst\u00e4llts myndighetsspecifikt f\u00f6r att st\u00f6da inf\u00f6rande och underh\u00e5ll av tj\u00e4nsten med olika utg\u00e5ngspunkter. V\u00e4lj organisationstyp som tar tj\u00e4nsten [&hellip;]\" \/>\n<meta property=\"og:url\" content=\"https:\/\/www.luvatjavalvonta.fi\/sv\/inforande\/\" \/>\n<meta property=\"og:site_name\" content=\"Luvat ja valvonta\" \/>\n<meta property=\"article:modified_time\" content=\"2025-10-20T10:14:23+00:00\" \/>\n<meta property=\"og:image\" content=\"https:\/\/luvatjavalvonta.fi\/content\/uploads\/2022\/08\/Kunta_1.png\" \/>\n<meta name=\"twitter:card\" content=\"summary_large_image\" \/>\n<meta name=\"twitter:label1\" content=\"Est. reading time\" \/>\n\t<meta name=\"twitter:data1\" content=\"1 minute\" \/>\n<script type=\"application\/ld+json\" class=\"yoast-schema-graph\">{\"@context\":\"https:\/\/schema.org\",\"@graph\":[{\"@type\":\"WebPage\",\"@id\":\"https:\/\/www.luvatjavalvonta.fi\/sv\/inforande\/\",\"url\":\"https:\/\/www.luvatjavalvonta.fi\/sv\/inforande\/\",\"name\":\"Inf\u00f6rande och underh\u00e5ll av tj\u00e4nsten - Luvat ja valvonta\",\"isPartOf\":{\"@id\":\"http:\/\/ec2-54-75-134-196.eu-west-1.compute.amazonaws.com\/sv\/#website\"},\"primaryImageOfPage\":{\"@id\":\"https:\/\/www.luvatjavalvonta.fi\/sv\/inforande\/#primaryimage\"},\"image\":{\"@id\":\"https:\/\/www.luvatjavalvonta.fi\/sv\/inforande\/#primaryimage\"},\"thumbnailUrl\":\"https:\/\/luvatjavalvonta.fi\/content\/uploads\/2022\/08\/Kunta_1.png\",\"datePublished\":\"2022-06-08T10:13:56+00:00\",\"dateModified\":\"2025-10-20T10:14:23+00:00\",\"breadcrumb\":{\"@id\":\"https:\/\/www.luvatjavalvonta.fi\/sv\/inforande\/#breadcrumb\"},\"inLanguage\":\"sv-SE\",\"potentialAction\":[{\"@type\":\"ReadAction\",\"target\":[\"https:\/\/www.luvatjavalvonta.fi\/sv\/inforande\/\"]}]},{\"@type\":\"ImageObject\",\"inLanguage\":\"sv-SE\",\"@id\":\"https:\/\/www.luvatjavalvonta.fi\/sv\/inforande\/#primaryimage\",\"url\":\"https:\/\/luvatjavalvonta.fi\/content\/uploads\/2022\/08\/Kunta_1.png\",\"contentUrl\":\"https:\/\/luvatjavalvonta.fi\/content\/uploads\/2022\/08\/Kunta_1.png\"},{\"@type\":\"BreadcrumbList\",\"@id\":\"https:\/\/www.luvatjavalvonta.fi\/sv\/inforande\/#breadcrumb\",\"itemListElement\":[{\"@type\":\"ListItem\",\"position\":1,\"name\":\"Home\",\"item\":\"http:\/\/ec2-54-75-134-196.eu-west-1.compute.amazonaws.com\/sv\/\"},{\"@type\":\"ListItem\",\"position\":2,\"name\":\"Inf\u00f6rande och underh\u00e5ll av tj\u00e4nsten\"}]},{\"@type\":\"WebSite\",\"@id\":\"http:\/\/ec2-54-75-134-196.eu-west-1.compute.amazonaws.com\/sv\/#website\",\"url\":\"http:\/\/ec2-54-75-134-196.eu-west-1.compute.amazonaws.com\/sv\/\",\"name\":\"Luvat ja valvonta\",\"description\":\"\",\"potentialAction\":[{\"@type\":\"SearchAction\",\"target\":{\"@type\":\"EntryPoint\",\"urlTemplate\":\"http:\/\/ec2-54-75-134-196.eu-west-1.compute.amazonaws.com\/sv\/?s={search_term_string}\"},\"query-input\":{\"@type\":\"PropertyValueSpecification\",\"valueRequired\":true,\"valueName\":\"search_term_string\"}}],\"inLanguage\":\"sv-SE\"}]}<\/script>\n<!-- \/ Yoast SEO plugin. -->","yoast_head_json":{"title":"Inf\u00f6rande och underh\u00e5ll av tj\u00e4nsten - Luvat ja valvonta","robots":{"index":"index","follow":"follow","max-snippet":"max-snippet:-1","max-image-preview":"max-image-preview:large","max-video-preview":"max-video-preview:-1"},"canonical":"https:\/\/www.luvatjavalvonta.fi\/sv\/inforande\/","og_locale":"sv_SE","og_type":"article","og_title":"Inf\u00f6rande och underh\u00e5ll av tj\u00e4nsten - Luvat ja valvonta","og_description":"I det h\u00e4r avsnittet har vi samlat anvisningar och b\u00e4sta praxis med hj\u00e4lp av vilka du genomf\u00f6r ett kontrollerat inf\u00f6rande av tj\u00e4nsten Tillst\u00e5nd och tillsyn och ordnar ett smidigt underh\u00e5ll av tj\u00e4nsten i din organisation&nbsp; Materialet har sammanst\u00e4llts myndighetsspecifikt f\u00f6r att st\u00f6da inf\u00f6rande och underh\u00e5ll av tj\u00e4nsten med olika utg\u00e5ngspunkter. V\u00e4lj organisationstyp som tar tj\u00e4nsten [&hellip;]","og_url":"https:\/\/www.luvatjavalvonta.fi\/sv\/inforande\/","og_site_name":"Luvat ja valvonta","article_modified_time":"2025-10-20T10:14:23+00:00","og_image":[{"url":"https:\/\/luvatjavalvonta.fi\/content\/uploads\/2022\/08\/Kunta_1.png","type":"","width":"","height":""}],"twitter_card":"summary_large_image","twitter_misc":{"Est. reading time":"1 minute"},"schema":{"@context":"https:\/\/schema.org","@graph":[{"@type":"WebPage","@id":"https:\/\/www.luvatjavalvonta.fi\/sv\/inforande\/","url":"https:\/\/www.luvatjavalvonta.fi\/sv\/inforande\/","name":"Inf\u00f6rande och underh\u00e5ll av tj\u00e4nsten - Luvat ja valvonta","isPartOf":{"@id":"http:\/\/ec2-54-75-134-196.eu-west-1.compute.amazonaws.com\/sv\/#website"},"primaryImageOfPage":{"@id":"https:\/\/www.luvatjavalvonta.fi\/sv\/inforande\/#primaryimage"},"image":{"@id":"https:\/\/www.luvatjavalvonta.fi\/sv\/inforande\/#primaryimage"},"thumbnailUrl":"https:\/\/luvatjavalvonta.fi\/content\/uploads\/2022\/08\/Kunta_1.png","datePublished":"2022-06-08T10:13:56+00:00","dateModified":"2025-10-20T10:14:23+00:00","breadcrumb":{"@id":"https:\/\/www.luvatjavalvonta.fi\/sv\/inforande\/#breadcrumb"},"inLanguage":"sv-SE","potentialAction":[{"@type":"ReadAction","target":["https:\/\/www.luvatjavalvonta.fi\/sv\/inforande\/"]}]},{"@type":"ImageObject","inLanguage":"sv-SE","@id":"https:\/\/www.luvatjavalvonta.fi\/sv\/inforande\/#primaryimage","url":"https:\/\/luvatjavalvonta.fi\/content\/uploads\/2022\/08\/Kunta_1.png","contentUrl":"https:\/\/luvatjavalvonta.fi\/content\/uploads\/2022\/08\/Kunta_1.png"},{"@type":"BreadcrumbList","@id":"https:\/\/www.luvatjavalvonta.fi\/sv\/inforande\/#breadcrumb","itemListElement":[{"@type":"ListItem","position":1,"name":"Home","item":"http:\/\/ec2-54-75-134-196.eu-west-1.compute.amazonaws.com\/sv\/"},{"@type":"ListItem","position":2,"name":"Inf\u00f6rande och underh\u00e5ll av tj\u00e4nsten"}]},{"@type":"WebSite","@id":"http:\/\/ec2-54-75-134-196.eu-west-1.compute.amazonaws.com\/sv\/#website","url":"http:\/\/ec2-54-75-134-196.eu-west-1.compute.amazonaws.com\/sv\/","name":"Luvat ja valvonta","description":"","potentialAction":[{"@type":"SearchAction","target":{"@type":"EntryPoint","urlTemplate":"http:\/\/ec2-54-75-134-196.eu-west-1.compute.amazonaws.com\/sv\/?s={search_term_string}"},"query-input":{"@type":"PropertyValueSpecification","valueRequired":true,"valueName":"search_term_string"}}],"inLanguage":"sv-SE"}]}},"_links":{"self":[{"href":"https:\/\/luvatjavalvonta.fi\/sv\/wp-json\/wp\/v2\/pages\/4891","targetHints":{"allow":["GET"]}}],"collection":[{"href":"https:\/\/luvatjavalvonta.fi\/sv\/wp-json\/wp\/v2\/pages"}],"about":[{"href":"https:\/\/luvatjavalvonta.fi\/sv\/wp-json\/wp\/v2\/types\/page"}],"author":[{"embeddable":true,"href":"https:\/\/luvatjavalvonta.fi\/sv\/wp-json\/wp\/v2\/users\/1"}],"replies":[{"embeddable":true,"href":"https:\/\/luvatjavalvonta.fi\/sv\/wp-json\/wp\/v2\/comments?post=4891"}],"version-history":[{"count":11,"href":"https:\/\/luvatjavalvonta.fi\/sv\/wp-json\/wp\/v2\/pages\/4891\/revisions"}],"predecessor-version":[{"id":8245,"href":"https:\/\/luvatjavalvonta.fi\/sv\/wp-json\/wp\/v2\/pages\/4891\/revisions\/8245"}],"wp:attachment":[{"href":"https:\/\/luvatjavalvonta.fi\/sv\/wp-json\/wp\/v2\/media?parent=4891"}],"curies":[{"name":"wp","href":"https:\/\/api.w.org\/{rel}","templated":true}]}}