{"id":4894,"date":"2022-05-27T14:57:02","date_gmt":"2022-05-27T11:57:02","guid":{"rendered":"https:\/\/luvatjavalvonta.fi\/nyhetsrum\/"},"modified":"2023-05-04T16:04:16","modified_gmt":"2023-05-04T13:04:16","slug":"nyhetsrum","status":"publish","type":"page","link":"https:\/\/luvatjavalvonta.fi\/sv\/nyhetsrum\/","title":{"rendered":"Nyhetsrum"},"content":{"rendered":"\n<p>Nyhetsrummet samlar aktuell information och nyheter om Tillst\u00e5nds- och tillsynsprojektet samt -tj\u00e4nsten. I nyhetsrummet finns aktuella nyheter och nyhetsbrev om Tillst\u00e5nds- och tillsynsprojektet samt evenemangsinformation och sociala mediekanaler relaterade till tj\u00e4nsten Tillst\u00e5nd och tillsyn.<\/p>\n\n\n\n<p><\/p>\n","protected":false},"excerpt":{"rendered":"<p>Nyhetsrummet samlar aktuell information och nyheter om Tillst\u00e5nds- och tillsynsprojektet samt -tj\u00e4nsten. I nyhetsrummet finns aktuella nyheter och nyhetsbrev om Tillst\u00e5nds- och tillsynsprojektet samt evenemangsinformation och sociala mediekanaler relaterade till tj\u00e4nsten Tillst\u00e5nd och tillsyn.<\/p>\n","protected":false},"author":1,"featured_media":0,"parent":0,"menu_order":223,"comment_status":"closed","ping_status":"closed","template":"","meta":{"_acf_changed":false,"inline_featured_image":false,"footnotes":""},"class_list":["post-4894","page","type-page","status-publish","hentry"],"acf":{"ai_extra_content":"","ai_instructions":"","ai_hidden_page":false},"yoast_head":"<!-- This site is optimized with the Yoast SEO plugin v25.9 - https:\/\/yoast.com\/wordpress\/plugins\/seo\/ -->\n<title>Nyhetsrum - Luvat ja valvonta<\/title>\n<meta name=\"robots\" content=\"index, follow, max-snippet:-1, max-image-preview:large, max-video-preview:-1\" \/>\n<link rel=\"canonical\" href=\"https:\/\/luvatjavalvonta.fi\/sv\/nyhetsrum\/\" \/>\n<meta property=\"og:locale\" content=\"sv_SE\" \/>\n<meta property=\"og:type\" content=\"article\" \/>\n<meta property=\"og:title\" content=\"Nyhetsrum - Luvat ja valvonta\" \/>\n<meta property=\"og:description\" content=\"Nyhetsrummet samlar aktuell information och nyheter om Tillst\u00e5nds- och tillsynsprojektet samt -tj\u00e4nsten. I nyhetsrummet finns aktuella nyheter och nyhetsbrev om Tillst\u00e5nds- och tillsynsprojektet samt evenemangsinformation och sociala mediekanaler relaterade till tj\u00e4nsten Tillst\u00e5nd och tillsyn.\" \/>\n<meta property=\"og:url\" content=\"https:\/\/luvatjavalvonta.fi\/sv\/nyhetsrum\/\" \/>\n<meta property=\"og:site_name\" content=\"Luvat ja valvonta\" \/>\n<meta property=\"article:modified_time\" content=\"2023-05-04T13:04:16+00:00\" \/>\n<meta name=\"twitter:card\" content=\"summary_large_image\" \/>\n<meta name=\"twitter:label1\" content=\"Est. reading time\" \/>\n\t<meta name=\"twitter:data1\" content=\"1 minute\" \/>\n<script type=\"application\/ld+json\" class=\"yoast-schema-graph\">{\"@context\":\"https:\/\/schema.org\",\"@graph\":[{\"@type\":\"WebPage\",\"@id\":\"https:\/\/luvatjavalvonta.fi\/sv\/nyhetsrum\/\",\"url\":\"https:\/\/luvatjavalvonta.fi\/sv\/nyhetsrum\/\",\"name\":\"Nyhetsrum - Luvat ja valvonta\",\"isPartOf\":{\"@id\":\"https:\/\/luvatjavalvonta.fi\/#website\"},\"datePublished\":\"2022-05-27T11:57:02+00:00\",\"dateModified\":\"2023-05-04T13:04:16+00:00\",\"breadcrumb\":{\"@id\":\"https:\/\/luvatjavalvonta.fi\/sv\/nyhetsrum\/#breadcrumb\"},\"inLanguage\":\"sv-SE\",\"potentialAction\":[{\"@type\":\"ReadAction\",\"target\":[\"https:\/\/luvatjavalvonta.fi\/sv\/nyhetsrum\/\"]}]},{\"@type\":\"BreadcrumbList\",\"@id\":\"https:\/\/luvatjavalvonta.fi\/sv\/nyhetsrum\/#breadcrumb\",\"itemListElement\":[{\"@type\":\"ListItem\",\"position\":1,\"name\":\"Home\",\"item\":\"http:\/\/54.75.134.196:80\/sv\/\"},{\"@type\":\"ListItem\",\"position\":2,\"name\":\"Nyhetsrum\"}]},{\"@type\":\"WebSite\",\"@id\":\"https:\/\/luvatjavalvonta.fi\/#website\",\"url\":\"https:\/\/luvatjavalvonta.fi\/\",\"name\":\"Luvat ja valvonta\",\"description\":\"\",\"potentialAction\":[{\"@type\":\"SearchAction\",\"target\":{\"@type\":\"EntryPoint\",\"urlTemplate\":\"https:\/\/luvatjavalvonta.fi\/?s={search_term_string}\"},\"query-input\":{\"@type\":\"PropertyValueSpecification\",\"valueRequired\":true,\"valueName\":\"search_term_string\"}}],\"inLanguage\":\"sv-SE\"}]}<\/script>\n<!-- \/ Yoast SEO plugin. -->","yoast_head_json":{"title":"Nyhetsrum - Luvat ja valvonta","robots":{"index":"index","follow":"follow","max-snippet":"max-snippet:-1","max-image-preview":"max-image-preview:large","max-video-preview":"max-video-preview:-1"},"canonical":"https:\/\/luvatjavalvonta.fi\/sv\/nyhetsrum\/","og_locale":"sv_SE","og_type":"article","og_title":"Nyhetsrum - Luvat ja valvonta","og_description":"Nyhetsrummet samlar aktuell information och nyheter om Tillst\u00e5nds- och tillsynsprojektet samt -tj\u00e4nsten. I nyhetsrummet finns aktuella nyheter och nyhetsbrev om Tillst\u00e5nds- och tillsynsprojektet samt evenemangsinformation och sociala mediekanaler relaterade till tj\u00e4nsten Tillst\u00e5nd och tillsyn.","og_url":"https:\/\/luvatjavalvonta.fi\/sv\/nyhetsrum\/","og_site_name":"Luvat ja valvonta","article_modified_time":"2023-05-04T13:04:16+00:00","twitter_card":"summary_large_image","twitter_misc":{"Est. reading time":"1 minute"},"schema":{"@context":"https:\/\/schema.org","@graph":[{"@type":"WebPage","@id":"https:\/\/luvatjavalvonta.fi\/sv\/nyhetsrum\/","url":"https:\/\/luvatjavalvonta.fi\/sv\/nyhetsrum\/","name":"Nyhetsrum - Luvat ja valvonta","isPartOf":{"@id":"https:\/\/luvatjavalvonta.fi\/#website"},"datePublished":"2022-05-27T11:57:02+00:00","dateModified":"2023-05-04T13:04:16+00:00","breadcrumb":{"@id":"https:\/\/luvatjavalvonta.fi\/sv\/nyhetsrum\/#breadcrumb"},"inLanguage":"sv-SE","potentialAction":[{"@type":"ReadAction","target":["https:\/\/luvatjavalvonta.fi\/sv\/nyhetsrum\/"]}]},{"@type":"BreadcrumbList","@id":"https:\/\/luvatjavalvonta.fi\/sv\/nyhetsrum\/#breadcrumb","itemListElement":[{"@type":"ListItem","position":1,"name":"Home","item":"http:\/\/54.75.134.196:80\/sv\/"},{"@type":"ListItem","position":2,"name":"Nyhetsrum"}]},{"@type":"WebSite","@id":"https:\/\/luvatjavalvonta.fi\/#website","url":"https:\/\/luvatjavalvonta.fi\/","name":"Luvat ja valvonta","description":"","potentialAction":[{"@type":"SearchAction","target":{"@type":"EntryPoint","urlTemplate":"https:\/\/luvatjavalvonta.fi\/?s={search_term_string}"},"query-input":{"@type":"PropertyValueSpecification","valueRequired":true,"valueName":"search_term_string"}}],"inLanguage":"sv-SE"}]}},"_links":{"self":[{"href":"https:\/\/luvatjavalvonta.fi\/sv\/wp-json\/wp\/v2\/pages\/4894","targetHints":{"allow":["GET"]}}],"collection":[{"href":"https:\/\/luvatjavalvonta.fi\/sv\/wp-json\/wp\/v2\/pages"}],"about":[{"href":"https:\/\/luvatjavalvonta.fi\/sv\/wp-json\/wp\/v2\/types\/page"}],"author":[{"embeddable":true,"href":"https:\/\/luvatjavalvonta.fi\/sv\/wp-json\/wp\/v2\/users\/1"}],"replies":[{"embeddable":true,"href":"https:\/\/luvatjavalvonta.fi\/sv\/wp-json\/wp\/v2\/comments?post=4894"}],"version-history":[{"count":2,"href":"https:\/\/luvatjavalvonta.fi\/sv\/wp-json\/wp\/v2\/pages\/4894\/revisions"}],"predecessor-version":[{"id":5494,"href":"https:\/\/luvatjavalvonta.fi\/sv\/wp-json\/wp\/v2\/pages\/4894\/revisions\/5494"}],"wp:attachment":[{"href":"https:\/\/luvatjavalvonta.fi\/sv\/wp-json\/wp\/v2\/media?parent=4894"}],"curies":[{"name":"wp","href":"https:\/\/api.w.org\/{rel}","templated":true}]}}