{"id":4903,"date":"2022-06-16T14:54:21","date_gmt":"2022-06-16T11:54:21","guid":{"rendered":"https:\/\/luvatjavalvonta.fi\/information-om-tjansten\/serviceprocess\/"},"modified":"2023-11-08T16:16:00","modified_gmt":"2023-11-08T14:16:00","slug":"serviceprocess","status":"publish","type":"page","link":"https:\/\/luvatjavalvonta.fi\/sv\/information-om-tjansten\/serviceprocess\/","title":{"rendered":"Serviceprocess"},"content":{"rendered":"\n<hr class=\"wp-block-separator has-alpha-channel-opacity\"\/>\n\n\n\n<div class=\"wp-block-columns is-layout-flex wp-container-core-columns-is-layout-9d6595d7 wp-block-columns-is-layout-flex\">\n<div class=\"wp-block-column is-layout-flow wp-block-column-is-layout-flow\">\n<p>Serviceprocessen f\u00f6r tj\u00e4nsten Tillst\u00e5nd och tillsyn kan indelas i tv\u00e5 delar enligt f\u00f6ljande:<\/p>\n<ul>\n<li>verksamhet mellan kunden och tj\u00e4nsten\u00a0 Tillst\u00e5nd och tillsyn och<\/li>\n<li>verksamheten mellan myndigheten och tj\u00e4nsten Tillst\u00e5nd och tillsyn<\/li>\n<\/ul>\n<p>Serviceprocessen beskrivs som ett kontinuum i punkterna om kunden och myndigheten, trots att kundens och myndighetens verksamhet i realiteten \u00e5tminstone delvis \u00e4r samtidig.<\/p>\n<\/div>\n\n\n\n<div class=\"wp-block-column is-layout-flow wp-block-column-is-layout-flow\">\n<figure class=\"wp-block-image size-large\"><img loading=\"lazy\" decoding=\"async\" width=\"1024\" height=\"682\" src=\"https:\/\/luvatjavalvonta.fi\/content\/uploads\/2022\/07\/board-3700573_1280-1024x682.jpg\" alt=\"Illustration \" class=\"wp-image-1909\" srcset=\"https:\/\/luvatjavalvonta.fi\/content\/uploads\/2022\/07\/board-3700573_1280-1024x682.jpg 1024w, https:\/\/luvatjavalvonta.fi\/content\/uploads\/2022\/07\/board-3700573_1280-300x200.jpg 300w, https:\/\/luvatjavalvonta.fi\/content\/uploads\/2022\/07\/board-3700573_1280-768x512.jpg 768w, https:\/\/luvatjavalvonta.fi\/content\/uploads\/2022\/07\/board-3700573_1280.jpg 1280w\" sizes=\"auto, (max-width: 1024px) 100vw, 1024px\" \/><\/figure>\n<\/div>\n<\/div>\n\n\n\n<p>Processen beskrivs p\u00e5 en funktionell niv\u00e5. De tekniska l\u00f6sningarna har medvetet utel\u00e4mnats f\u00f6r att f\u00f6rmedla den grundl\u00e4ggande id\u00e9n om serviceprocessen till l\u00e4saren.<\/p>\n<h3>\u00a0<\/h3>\n\n\n\n<div class=\"wp-block-columns is-layout-flex wp-container-core-columns-is-layout-9d6595d7 wp-block-columns-is-layout-flex\">\n<div class=\"wp-block-column is-layout-flow wp-block-column-is-layout-flow\">\n<h3 style=\"text-align: center;\"><a href=\"https:\/\/luvatjavalvonta.fi\/sv\/kunden\/\"><img loading=\"lazy\" decoding=\"async\" class=\"aligncenter wp-image-2545\" src=\"https:\/\/luvatjavalvonta.fi\/content\/uploads\/2022\/08\/Asiakas_11.png\" alt=\"\" width=\"125\" height=\"125\" srcset=\"https:\/\/luvatjavalvonta.fi\/content\/uploads\/2022\/08\/Asiakas_11.png 889w, https:\/\/luvatjavalvonta.fi\/content\/uploads\/2022\/08\/Asiakas_11-300x300.png 300w, https:\/\/luvatjavalvonta.fi\/content\/uploads\/2022\/08\/Asiakas_11-150x150.png 150w, https:\/\/luvatjavalvonta.fi\/content\/uploads\/2022\/08\/Asiakas_11-768x765.png 768w, https:\/\/luvatjavalvonta.fi\/content\/uploads\/2022\/08\/Asiakas_11-201x200.png 201w\" sizes=\"auto, (max-width: 125px) 100vw, 125px\" \/>Till kundens serviceprocess \u203a<\/a><\/h3>\n<\/div>\n\n\n\n<div class=\"wp-block-column is-layout-flow wp-block-column-is-layout-flow\">\n<h3 style=\"text-align: center;\"><a href=\"https:\/\/luvatjavalvonta.fi\/sv\/myndigheten\/\"><img loading=\"lazy\" decoding=\"async\" class=\"aligncenter wp-image-2547\" src=\"https:\/\/luvatjavalvonta.fi\/content\/uploads\/2022\/08\/Viranomainen_11.png\" alt=\"\" width=\"125\" height=\"125\" srcset=\"https:\/\/luvatjavalvonta.fi\/content\/uploads\/2022\/08\/Viranomainen_11.png 888w, https:\/\/luvatjavalvonta.fi\/content\/uploads\/2022\/08\/Viranomainen_11-300x300.png 300w, https:\/\/luvatjavalvonta.fi\/content\/uploads\/2022\/08\/Viranomainen_11-150x150.png 150w, https:\/\/luvatjavalvonta.fi\/content\/uploads\/2022\/08\/Viranomainen_11-768x767.png 768w, https:\/\/luvatjavalvonta.fi\/content\/uploads\/2022\/08\/Viranomainen_11-200x200.png 200w\" sizes=\"auto, (max-width: 125px) 100vw, 125px\" \/>Till myndighetens serviceprocess \u203a<\/a><\/h3>\n<\/div>\n\n\n\n<div class=\"wp-block-column is-layout-flow wp-block-column-is-layout-flow\"><\/div>\n<\/div>\n","protected":false},"excerpt":{"rendered":"<p>Serviceprocessen f\u00f6r tj\u00e4nsten Tillst\u00e5nd och tillsyn kan indelas i tv\u00e5 delar enligt f\u00f6ljande: verksamhet mellan kunden och tj\u00e4nsten\u00a0 Tillst\u00e5nd och tillsyn och verksamheten mellan myndigheten och tj\u00e4nsten Tillst\u00e5nd och tillsyn Serviceprocessen beskrivs som ett kontinuum i punkterna om kunden och myndigheten, trots att kundens och myndighetens verksamhet i realiteten \u00e5tminstone delvis \u00e4r samtidig. Processen beskrivs [&hellip;]<\/p>\n","protected":false},"author":14,"featured_media":0,"parent":4889,"menu_order":210,"comment_status":"closed","ping_status":"closed","template":"","meta":{"_acf_changed":false,"inline_featured_image":false,"footnotes":""},"class_list":["post-4903","page","type-page","status-publish","hentry"],"acf":{"ai_extra_content":"","ai_instructions":"","ai_hidden_page":false},"yoast_head":"<!-- This site is optimized with the Yoast SEO plugin v25.9 - https:\/\/yoast.com\/wordpress\/plugins\/seo\/ -->\n<title>Serviceprocess - Luvat ja valvonta<\/title>\n<meta name=\"robots\" content=\"index, follow, max-snippet:-1, max-image-preview:large, max-video-preview:-1\" \/>\n<link rel=\"canonical\" href=\"http:\/\/ec2-54-75-134-196.eu-west-1.compute.amazonaws.com\/sv\/information-om-tjansten\/serviceprocess\/\" \/>\n<meta property=\"og:locale\" content=\"sv_SE\" \/>\n<meta property=\"og:type\" content=\"article\" \/>\n<meta property=\"og:title\" content=\"Serviceprocess - Luvat ja valvonta\" \/>\n<meta property=\"og:description\" content=\"Serviceprocessen f\u00f6r tj\u00e4nsten Tillst\u00e5nd och tillsyn kan indelas i tv\u00e5 delar enligt f\u00f6ljande: verksamhet mellan kunden och tj\u00e4nsten\u00a0 Tillst\u00e5nd och tillsyn och verksamheten mellan myndigheten och tj\u00e4nsten Tillst\u00e5nd och tillsyn Serviceprocessen beskrivs som ett kontinuum i punkterna om kunden och myndigheten, trots att kundens och myndighetens verksamhet i realiteten \u00e5tminstone delvis \u00e4r samtidig. Processen beskrivs [&hellip;]\" \/>\n<meta property=\"og:url\" content=\"http:\/\/ec2-54-75-134-196.eu-west-1.compute.amazonaws.com\/sv\/information-om-tjansten\/serviceprocess\/\" \/>\n<meta property=\"og:site_name\" content=\"Luvat ja valvonta\" \/>\n<meta property=\"article:modified_time\" content=\"2023-11-08T14:16:00+00:00\" \/>\n<meta property=\"og:image\" content=\"https:\/\/luvatjavalvonta.fi\/content\/uploads\/2022\/07\/board-3700573_1280-1024x682.jpg\" \/>\n<meta name=\"twitter:card\" content=\"summary_large_image\" \/>\n<meta name=\"twitter:label1\" content=\"Est. reading time\" \/>\n\t<meta name=\"twitter:data1\" content=\"2 minutes\" \/>\n<script type=\"application\/ld+json\" class=\"yoast-schema-graph\">{\"@context\":\"https:\/\/schema.org\",\"@graph\":[{\"@type\":\"WebPage\",\"@id\":\"http:\/\/ec2-54-75-134-196.eu-west-1.compute.amazonaws.com\/sv\/information-om-tjansten\/serviceprocess\/\",\"url\":\"http:\/\/ec2-54-75-134-196.eu-west-1.compute.amazonaws.com\/sv\/information-om-tjansten\/serviceprocess\/\",\"name\":\"Serviceprocess - Luvat ja valvonta\",\"isPartOf\":{\"@id\":\"http:\/\/ec2-54-75-134-196.eu-west-1.compute.amazonaws.com\/#website\"},\"primaryImageOfPage\":{\"@id\":\"http:\/\/ec2-54-75-134-196.eu-west-1.compute.amazonaws.com\/sv\/information-om-tjansten\/serviceprocess\/#primaryimage\"},\"image\":{\"@id\":\"http:\/\/ec2-54-75-134-196.eu-west-1.compute.amazonaws.com\/sv\/information-om-tjansten\/serviceprocess\/#primaryimage\"},\"thumbnailUrl\":\"https:\/\/luvatjavalvonta.fi\/content\/uploads\/2022\/07\/board-3700573_1280-1024x682.jpg\",\"datePublished\":\"2022-06-16T11:54:21+00:00\",\"dateModified\":\"2023-11-08T14:16:00+00:00\",\"breadcrumb\":{\"@id\":\"http:\/\/ec2-54-75-134-196.eu-west-1.compute.amazonaws.com\/sv\/information-om-tjansten\/serviceprocess\/#breadcrumb\"},\"inLanguage\":\"sv-SE\",\"potentialAction\":[{\"@type\":\"ReadAction\",\"target\":[\"http:\/\/ec2-54-75-134-196.eu-west-1.compute.amazonaws.com\/sv\/information-om-tjansten\/serviceprocess\/\"]}]},{\"@type\":\"ImageObject\",\"inLanguage\":\"sv-SE\",\"@id\":\"http:\/\/ec2-54-75-134-196.eu-west-1.compute.amazonaws.com\/sv\/information-om-tjansten\/serviceprocess\/#primaryimage\",\"url\":\"https:\/\/luvatjavalvonta.fi\/content\/uploads\/2022\/07\/board-3700573_1280-1024x682.jpg\",\"contentUrl\":\"https:\/\/luvatjavalvonta.fi\/content\/uploads\/2022\/07\/board-3700573_1280-1024x682.jpg\"},{\"@type\":\"BreadcrumbList\",\"@id\":\"http:\/\/ec2-54-75-134-196.eu-west-1.compute.amazonaws.com\/sv\/information-om-tjansten\/serviceprocess\/#breadcrumb\",\"itemListElement\":[{\"@type\":\"ListItem\",\"position\":1,\"name\":\"Home\",\"item\":\"https:\/\/luvatjavalvonta.fi\/sv\/\"},{\"@type\":\"ListItem\",\"position\":2,\"name\":\"Information om tj\u00e4nsten\",\"item\":\"https:\/\/www.luvatjavalvonta.fi\/sv\/information-om-tjansten\/\"},{\"@type\":\"ListItem\",\"position\":3,\"name\":\"Serviceprocess\"}]},{\"@type\":\"WebSite\",\"@id\":\"http:\/\/ec2-54-75-134-196.eu-west-1.compute.amazonaws.com\/#website\",\"url\":\"http:\/\/ec2-54-75-134-196.eu-west-1.compute.amazonaws.com\/\",\"name\":\"Luvat ja valvonta\",\"description\":\"\",\"potentialAction\":[{\"@type\":\"SearchAction\",\"target\":{\"@type\":\"EntryPoint\",\"urlTemplate\":\"http:\/\/ec2-54-75-134-196.eu-west-1.compute.amazonaws.com\/?s={search_term_string}\"},\"query-input\":{\"@type\":\"PropertyValueSpecification\",\"valueRequired\":true,\"valueName\":\"search_term_string\"}}],\"inLanguage\":\"sv-SE\"}]}<\/script>\n<!-- \/ Yoast SEO plugin. -->","yoast_head_json":{"title":"Serviceprocess - Luvat ja valvonta","robots":{"index":"index","follow":"follow","max-snippet":"max-snippet:-1","max-image-preview":"max-image-preview:large","max-video-preview":"max-video-preview:-1"},"canonical":"http:\/\/ec2-54-75-134-196.eu-west-1.compute.amazonaws.com\/sv\/information-om-tjansten\/serviceprocess\/","og_locale":"sv_SE","og_type":"article","og_title":"Serviceprocess - Luvat ja valvonta","og_description":"Serviceprocessen f\u00f6r tj\u00e4nsten Tillst\u00e5nd och tillsyn kan indelas i tv\u00e5 delar enligt f\u00f6ljande: verksamhet mellan kunden och tj\u00e4nsten\u00a0 Tillst\u00e5nd och tillsyn och verksamheten mellan myndigheten och tj\u00e4nsten Tillst\u00e5nd och tillsyn Serviceprocessen beskrivs som ett kontinuum i punkterna om kunden och myndigheten, trots att kundens och myndighetens verksamhet i realiteten \u00e5tminstone delvis \u00e4r samtidig. Processen beskrivs [&hellip;]","og_url":"http:\/\/ec2-54-75-134-196.eu-west-1.compute.amazonaws.com\/sv\/information-om-tjansten\/serviceprocess\/","og_site_name":"Luvat ja valvonta","article_modified_time":"2023-11-08T14:16:00+00:00","og_image":[{"url":"https:\/\/luvatjavalvonta.fi\/content\/uploads\/2022\/07\/board-3700573_1280-1024x682.jpg","type":"","width":"","height":""}],"twitter_card":"summary_large_image","twitter_misc":{"Est. reading time":"2 minutes"},"schema":{"@context":"https:\/\/schema.org","@graph":[{"@type":"WebPage","@id":"http:\/\/ec2-54-75-134-196.eu-west-1.compute.amazonaws.com\/sv\/information-om-tjansten\/serviceprocess\/","url":"http:\/\/ec2-54-75-134-196.eu-west-1.compute.amazonaws.com\/sv\/information-om-tjansten\/serviceprocess\/","name":"Serviceprocess - Luvat ja valvonta","isPartOf":{"@id":"http:\/\/ec2-54-75-134-196.eu-west-1.compute.amazonaws.com\/#website"},"primaryImageOfPage":{"@id":"http:\/\/ec2-54-75-134-196.eu-west-1.compute.amazonaws.com\/sv\/information-om-tjansten\/serviceprocess\/#primaryimage"},"image":{"@id":"http:\/\/ec2-54-75-134-196.eu-west-1.compute.amazonaws.com\/sv\/information-om-tjansten\/serviceprocess\/#primaryimage"},"thumbnailUrl":"https:\/\/luvatjavalvonta.fi\/content\/uploads\/2022\/07\/board-3700573_1280-1024x682.jpg","datePublished":"2022-06-16T11:54:21+00:00","dateModified":"2023-11-08T14:16:00+00:00","breadcrumb":{"@id":"http:\/\/ec2-54-75-134-196.eu-west-1.compute.amazonaws.com\/sv\/information-om-tjansten\/serviceprocess\/#breadcrumb"},"inLanguage":"sv-SE","potentialAction":[{"@type":"ReadAction","target":["http:\/\/ec2-54-75-134-196.eu-west-1.compute.amazonaws.com\/sv\/information-om-tjansten\/serviceprocess\/"]}]},{"@type":"ImageObject","inLanguage":"sv-SE","@id":"http:\/\/ec2-54-75-134-196.eu-west-1.compute.amazonaws.com\/sv\/information-om-tjansten\/serviceprocess\/#primaryimage","url":"https:\/\/luvatjavalvonta.fi\/content\/uploads\/2022\/07\/board-3700573_1280-1024x682.jpg","contentUrl":"https:\/\/luvatjavalvonta.fi\/content\/uploads\/2022\/07\/board-3700573_1280-1024x682.jpg"},{"@type":"BreadcrumbList","@id":"http:\/\/ec2-54-75-134-196.eu-west-1.compute.amazonaws.com\/sv\/information-om-tjansten\/serviceprocess\/#breadcrumb","itemListElement":[{"@type":"ListItem","position":1,"name":"Home","item":"https:\/\/luvatjavalvonta.fi\/sv\/"},{"@type":"ListItem","position":2,"name":"Information om tj\u00e4nsten","item":"https:\/\/www.luvatjavalvonta.fi\/sv\/information-om-tjansten\/"},{"@type":"ListItem","position":3,"name":"Serviceprocess"}]},{"@type":"WebSite","@id":"http:\/\/ec2-54-75-134-196.eu-west-1.compute.amazonaws.com\/#website","url":"http:\/\/ec2-54-75-134-196.eu-west-1.compute.amazonaws.com\/","name":"Luvat ja valvonta","description":"","potentialAction":[{"@type":"SearchAction","target":{"@type":"EntryPoint","urlTemplate":"http:\/\/ec2-54-75-134-196.eu-west-1.compute.amazonaws.com\/?s={search_term_string}"},"query-input":{"@type":"PropertyValueSpecification","valueRequired":true,"valueName":"search_term_string"}}],"inLanguage":"sv-SE"}]}},"_links":{"self":[{"href":"https:\/\/luvatjavalvonta.fi\/sv\/wp-json\/wp\/v2\/pages\/4903","targetHints":{"allow":["GET"]}}],"collection":[{"href":"https:\/\/luvatjavalvonta.fi\/sv\/wp-json\/wp\/v2\/pages"}],"about":[{"href":"https:\/\/luvatjavalvonta.fi\/sv\/wp-json\/wp\/v2\/types\/page"}],"author":[{"embeddable":true,"href":"https:\/\/luvatjavalvonta.fi\/sv\/wp-json\/wp\/v2\/users\/14"}],"replies":[{"embeddable":true,"href":"https:\/\/luvatjavalvonta.fi\/sv\/wp-json\/wp\/v2\/comments?post=4903"}],"version-history":[{"count":4,"href":"https:\/\/luvatjavalvonta.fi\/sv\/wp-json\/wp\/v2\/pages\/4903\/revisions"}],"predecessor-version":[{"id":5285,"href":"https:\/\/luvatjavalvonta.fi\/sv\/wp-json\/wp\/v2\/pages\/4903\/revisions\/5285"}],"up":[{"embeddable":true,"href":"https:\/\/luvatjavalvonta.fi\/sv\/wp-json\/wp\/v2\/pages\/4889"}],"wp:attachment":[{"href":"https:\/\/luvatjavalvonta.fi\/sv\/wp-json\/wp\/v2\/media?parent=4903"}],"curies":[{"name":"wp","href":"https:\/\/api.w.org\/{rel}","templated":true}]}}