{"id":4905,"date":"2022-05-24T13:35:01","date_gmt":"2022-05-24T10:35:01","guid":{"rendered":"https:\/\/luvatjavalvonta.fi\/information-om-tjansten\/egenskaper\/"},"modified":"2023-12-12T14:17:04","modified_gmt":"2023-12-12T12:17:04","slug":"egenskaper","status":"publish","type":"page","link":"https:\/\/luvatjavalvonta.fi\/sv\/information-om-tjansten\/egenskaper\/","title":{"rendered":"Egenskaper"},"content":{"rendered":"\n<hr class=\"wp-block-separator has-alpha-channel-opacity\"\/>\n\n\n\n<p>H\u00e4r finns detaljerad information om de egenskaper som tj\u00e4nsten har och som myndigheter kan anv\u00e4nda i Tillst\u00e5nds- och tillsynstj\u00e4nsten. Ut\u00f6ver egenskapernas myndighetsfunktioner presenterar avsnittet hur dessa egenskaper framtr\u00e4der f\u00f6r kunden och hur kunder kan anv\u00e4nda dem.<\/p>\n<h2>Ta del av tj\u00e4nstens egenskaper<\/h2>\n\n\n\n<div class=\"wp-block-columns is-layout-flex wp-container-core-columns-is-layout-9d6595d7 wp-block-columns-is-layout-flex\">\n<div class=\"wp-block-column is-layout-flow wp-block-column-is-layout-flow\">\n<h3 style=\"text-align: center;\"><a href=\"https:\/\/luvatjavalvonta.fi\/sv\/allt-over-samma-disk\/\"><img loading=\"lazy\" decoding=\"async\" class=\"aligncenter wp-image-2580\" src=\"https:\/\/luvatjavalvonta.fi\/content\/uploads\/2022\/08\/YksiLuukku_11.png\" alt=\"\" width=\"126\" height=\"126\" srcset=\"https:\/\/luvatjavalvonta.fi\/content\/uploads\/2022\/08\/YksiLuukku_11.png 881w, https:\/\/luvatjavalvonta.fi\/content\/uploads\/2022\/08\/YksiLuukku_11-300x300.png 300w, https:\/\/luvatjavalvonta.fi\/content\/uploads\/2022\/08\/YksiLuukku_11-150x150.png 150w, https:\/\/luvatjavalvonta.fi\/content\/uploads\/2022\/08\/YksiLuukku_11-768x770.png 768w, https:\/\/luvatjavalvonta.fi\/content\/uploads\/2022\/08\/YksiLuukku_11-200x200.png 200w\" sizes=\"auto, (max-width: 126px) 100vw, 126px\" \/><\/a><a href=\"https:\/\/luvatjavalvonta.fi\/sv\/allt-over-samma-disk\/\">Allt \u00f6ver<br>samma disk \u203a<\/a><\/h3>\n<\/div>\n\n\n\n<div class=\"wp-block-column is-layout-flow wp-block-column-is-layout-flow\">\n<h3 style=\"text-align: center;\"><a href=\"https:\/\/luvatjavalvonta.fi\/sv\/gemensam-vy\/\"><img loading=\"lazy\" decoding=\"async\" class=\"aligncenter wp-image-2578\" src=\"https:\/\/luvatjavalvonta.fi\/content\/uploads\/2022\/08\/Yhteinennakyma_11.png\" alt=\"\" width=\"125\" height=\"125\" srcset=\"https:\/\/luvatjavalvonta.fi\/content\/uploads\/2022\/08\/Yhteinennakyma_11.png 882w, https:\/\/luvatjavalvonta.fi\/content\/uploads\/2022\/08\/Yhteinennakyma_11-300x300.png 300w, https:\/\/luvatjavalvonta.fi\/content\/uploads\/2022\/08\/Yhteinennakyma_11-150x150.png 150w, https:\/\/luvatjavalvonta.fi\/content\/uploads\/2022\/08\/Yhteinennakyma_11-768x769.png 768w, https:\/\/luvatjavalvonta.fi\/content\/uploads\/2022\/08\/Yhteinennakyma_11-200x200.png 200w\" sizes=\"auto, (max-width: 125px) 100vw, 125px\" \/><\/a><a href=\"https:\/\/luvatjavalvonta.fi\/sv\/gemensam-vy\/\">Gemensam <br>vy \u203a<\/a><\/h3>\n<\/div>\n\n\n\n<div class=\"wp-block-column is-layout-flow wp-block-column-is-layout-flow\">\n<h3 style=\"text-align: center;\"><a href=\"https:\/\/luvatjavalvonta.fi\/sv\/kunduppgifter\/\"><img loading=\"lazy\" decoding=\"async\" class=\"aligncenter wp-image-2576\" src=\"https:\/\/luvatjavalvonta.fi\/content\/uploads\/2022\/08\/Asiakkaantiedot_11.png\" alt=\"\" width=\"125\" height=\"126\" srcset=\"https:\/\/luvatjavalvonta.fi\/content\/uploads\/2022\/08\/Asiakkaantiedot_11.png 883w, https:\/\/luvatjavalvonta.fi\/content\/uploads\/2022\/08\/Asiakkaantiedot_11-300x300.png 300w, https:\/\/luvatjavalvonta.fi\/content\/uploads\/2022\/08\/Asiakkaantiedot_11-150x150.png 150w, https:\/\/luvatjavalvonta.fi\/content\/uploads\/2022\/08\/Asiakkaantiedot_11-768x771.png 768w, https:\/\/luvatjavalvonta.fi\/content\/uploads\/2022\/08\/Asiakkaantiedot_11-199x200.png 199w\" sizes=\"auto, (max-width: 125px) 100vw, 125px\" \/><\/a><a href=\"https:\/\/luvatjavalvonta.fi\/sv\/kunduppgifter\/\">Kund-<br>uppgifter \u203a<\/a><\/h3>\n<\/div>\n\n\n\n<div class=\"wp-block-column is-layout-flow wp-block-column-is-layout-flow\">\n<h3 style=\"text-align: center;\"><a href=\"https:\/\/luvatjavalvonta.fi\/sv\/utredning-av-tillstandsbehov\/\"><img loading=\"lazy\" decoding=\"async\" class=\"aligncenter wp-image-2574\" src=\"https:\/\/luvatjavalvonta.fi\/content\/uploads\/2022\/08\/Lupatarveselvitys_11.png\" alt=\"Navigointilinkki Lupatarveselvitykseen\" width=\"125\" height=\"125\" srcset=\"https:\/\/luvatjavalvonta.fi\/content\/uploads\/2022\/08\/Lupatarveselvitys_11.png 883w, https:\/\/luvatjavalvonta.fi\/content\/uploads\/2022\/08\/Lupatarveselvitys_11-300x300.png 300w, https:\/\/luvatjavalvonta.fi\/content\/uploads\/2022\/08\/Lupatarveselvitys_11-150x150.png 150w, https:\/\/luvatjavalvonta.fi\/content\/uploads\/2022\/08\/Lupatarveselvitys_11-768x769.png 768w, https:\/\/luvatjavalvonta.fi\/content\/uploads\/2022\/08\/Lupatarveselvitys_11-200x200.png 200w\" sizes=\"auto, (max-width: 125px) 100vw, 125px\" \/><\/a><a href=\"https:\/\/luvatjavalvonta.fi\/sv\/utredning-av-tillstandsbehov\/\">Utredning av <br>tillst\u00e5ndsbehov \u203a<\/a><\/h3>\n<\/div>\n<\/div>\n\n\n\n<div class=\"wp-block-columns is-layout-flex wp-container-core-columns-is-layout-9d6595d7 wp-block-columns-is-layout-flex\">\n<div class=\"wp-block-column is-layout-flow wp-block-column-is-layout-flow\">\n<h3 style=\"text-align: center;\"><a href=\"https:\/\/luvatjavalvonta.fi\/sv\/aviseringar\/\"><img loading=\"lazy\" decoding=\"async\" class=\"aligncenter wp-image-2572\" src=\"https:\/\/luvatjavalvonta.fi\/content\/uploads\/2022\/08\/Herateviesti_11.png\" alt=\"\" width=\"125\" height=\"125\" srcset=\"https:\/\/luvatjavalvonta.fi\/content\/uploads\/2022\/08\/Herateviesti_11.png 886w, https:\/\/luvatjavalvonta.fi\/content\/uploads\/2022\/08\/Herateviesti_11-300x300.png 300w, https:\/\/luvatjavalvonta.fi\/content\/uploads\/2022\/08\/Herateviesti_11-150x150.png 150w, https:\/\/luvatjavalvonta.fi\/content\/uploads\/2022\/08\/Herateviesti_11-768x769.png 768w, https:\/\/luvatjavalvonta.fi\/content\/uploads\/2022\/08\/Herateviesti_11-200x200.png 200w\" sizes=\"auto, (max-width: 125px) 100vw, 125px\" \/><\/a><a href=\"https:\/\/luvatjavalvonta.fi\/sv\/aviseringar\/\">Aviseringar \u203a<\/a><\/h3>\n<\/div>\n\n\n\n<div class=\"wp-block-column is-layout-flow wp-block-column-is-layout-flow\">\n<h3 style=\"text-align: center;\"><a href=\"https:\/\/luvatjavalvonta.fi\/sv\/berakning-av-tidsfrister\/\"><img loading=\"lazy\" decoding=\"async\" class=\"aligncenter wp-image-2568\" src=\"https:\/\/luvatjavalvonta.fi\/content\/uploads\/2022\/08\/MaaraaikojenLaskenta_11.png\" alt=\"\" width=\"125\" height=\"124\" srcset=\"https:\/\/luvatjavalvonta.fi\/content\/uploads\/2022\/08\/MaaraaikojenLaskenta_11.png 888w, https:\/\/luvatjavalvonta.fi\/content\/uploads\/2022\/08\/MaaraaikojenLaskenta_11-300x298.png 300w, https:\/\/luvatjavalvonta.fi\/content\/uploads\/2022\/08\/MaaraaikojenLaskenta_11-150x150.png 150w, https:\/\/luvatjavalvonta.fi\/content\/uploads\/2022\/08\/MaaraaikojenLaskenta_11-768x764.png 768w, https:\/\/luvatjavalvonta.fi\/content\/uploads\/2022\/08\/MaaraaikojenLaskenta_11-201x200.png 201w\" sizes=\"auto, (max-width: 125px) 100vw, 125px\" \/><\/a><a href=\"https:\/\/luvatjavalvonta.fi\/sv\/berakning-av-tidsfrister\/\">Ber\u00e4kning av tidsfrister \u203a<\/a><\/h3>\n<\/div>\n\n\n\n<div class=\"wp-block-column is-layout-flow wp-block-column-is-layout-flow\">\n<h3 style=\"text-align: center;\"><a href=\"https:\/\/luvatjavalvonta.fi\/sv\/information-om-tjansten\/egenskaper\/inbjudan-till-partner\/\"><img loading=\"lazy\" decoding=\"async\" class=\"aligncenter wp-image-2573\" src=\"https:\/\/luvatjavalvonta.fi\/content\/uploads\/2022\/08\/Herateviesti_11.png\" alt=\"\" width=\"125\" height=\"125\" srcset=\"https:\/\/luvatjavalvonta.fi\/content\/uploads\/2022\/08\/Herateviesti_11.png 886w, https:\/\/luvatjavalvonta.fi\/content\/uploads\/2022\/08\/Herateviesti_11-300x300.png 300w, https:\/\/luvatjavalvonta.fi\/content\/uploads\/2022\/08\/Herateviesti_11-150x150.png 150w, https:\/\/luvatjavalvonta.fi\/content\/uploads\/2022\/08\/Herateviesti_11-768x769.png 768w, https:\/\/luvatjavalvonta.fi\/content\/uploads\/2022\/08\/Herateviesti_11-200x200.png 200w\" sizes=\"auto, (max-width: 125px) 100vw, 125px\" \/>Inbjudan till<br \/>partner \u203a<\/a><\/h3>\n<\/div>\n\n\n\n<div class=\"wp-block-column is-layout-flow wp-block-column-is-layout-flow\">\n<h3 style=\"text-align: center;\"><a href=\"https:\/\/luvatjavalvonta.fi\/sv\/anslutna-tjanster\/\"><img loading=\"lazy\" decoding=\"async\" class=\"aligncenter wp-image-2566\" src=\"https:\/\/luvatjavalvonta.fi\/content\/uploads\/2022\/08\/Liitannaispalvelut_11.png\" alt=\"\" width=\"125\" height=\"125\" srcset=\"https:\/\/luvatjavalvonta.fi\/content\/uploads\/2022\/08\/Liitannaispalvelut_11.png 880w, https:\/\/luvatjavalvonta.fi\/content\/uploads\/2022\/08\/Liitannaispalvelut_11-300x300.png 300w, https:\/\/luvatjavalvonta.fi\/content\/uploads\/2022\/08\/Liitannaispalvelut_11-150x150.png 150w, https:\/\/luvatjavalvonta.fi\/content\/uploads\/2022\/08\/Liitannaispalvelut_11-768x769.png 768w, https:\/\/luvatjavalvonta.fi\/content\/uploads\/2022\/08\/Liitannaispalvelut_11-200x200.png 200w\" sizes=\"auto, (max-width: 125px) 100vw, 125px\" \/><\/a><a href=\"https:\/\/luvatjavalvonta.fi\/sv\/anslutna-tjanster\/\">Anslutna <br>tj\u00e4nster \u203a<\/a><\/h3>\n<\/div>\n<\/div>\n","protected":false},"excerpt":{"rendered":"<p>H\u00e4r finns detaljerad information om de egenskaper som tj\u00e4nsten har och som myndigheter kan anv\u00e4nda i Tillst\u00e5nds- och tillsynstj\u00e4nsten. Ut\u00f6ver egenskapernas myndighetsfunktioner presenterar avsnittet hur dessa egenskaper framtr\u00e4der f\u00f6r kunden och hur kunder kan anv\u00e4nda dem. Ta del av tj\u00e4nstens egenskaper Allt \u00f6versamma disk \u203a Gemensam vy \u203a Kund-uppgifter \u203a Utredning av tillst\u00e5ndsbehov \u203a Aviseringar [&hellip;]<\/p>\n","protected":false},"author":1,"featured_media":0,"parent":4889,"menu_order":215,"comment_status":"closed","ping_status":"closed","template":"","meta":{"_acf_changed":false,"inline_featured_image":false,"footnotes":""},"class_list":["post-4905","page","type-page","status-publish","hentry"],"acf":{"ai_extra_content":"","ai_instructions":"","ai_hidden_page":false},"yoast_head":"<!-- This site is optimized with the Yoast SEO plugin v25.9 - https:\/\/yoast.com\/wordpress\/plugins\/seo\/ -->\n<title>Egenskaper - Luvat ja valvonta<\/title>\n<meta name=\"robots\" content=\"index, follow, max-snippet:-1, max-image-preview:large, max-video-preview:-1\" \/>\n<link rel=\"canonical\" href=\"http:\/\/54.75.134.196:80\/sv\/information-om-tjansten\/egenskaper\/\" \/>\n<meta property=\"og:locale\" content=\"sv_SE\" \/>\n<meta property=\"og:type\" content=\"article\" \/>\n<meta property=\"og:title\" content=\"Egenskaper - Luvat ja valvonta\" \/>\n<meta property=\"og:description\" content=\"H\u00e4r finns detaljerad information om de egenskaper som tj\u00e4nsten har och som myndigheter kan anv\u00e4nda i Tillst\u00e5nds- och tillsynstj\u00e4nsten. Ut\u00f6ver egenskapernas myndighetsfunktioner presenterar avsnittet hur dessa egenskaper framtr\u00e4der f\u00f6r kunden och hur kunder kan anv\u00e4nda dem. Ta del av tj\u00e4nstens egenskaper Allt \u00f6versamma disk \u203a Gemensam vy \u203a Kund-uppgifter \u203a Utredning av tillst\u00e5ndsbehov \u203a Aviseringar [&hellip;]\" \/>\n<meta property=\"og:url\" content=\"http:\/\/54.75.134.196:80\/sv\/information-om-tjansten\/egenskaper\/\" \/>\n<meta property=\"og:site_name\" content=\"Luvat ja valvonta\" \/>\n<meta property=\"article:modified_time\" content=\"2023-12-12T12:17:04+00:00\" \/>\n<meta property=\"og:image\" content=\"https:\/\/luvatjavalvonta.fi\/content\/uploads\/2022\/08\/YksiLuukku_11.png\" \/>\n<meta name=\"twitter:card\" content=\"summary_large_image\" \/>\n<meta name=\"twitter:label1\" content=\"Est. reading time\" \/>\n\t<meta name=\"twitter:data1\" content=\"2 minutes\" \/>\n<script type=\"application\/ld+json\" class=\"yoast-schema-graph\">{\"@context\":\"https:\/\/schema.org\",\"@graph\":[{\"@type\":\"WebPage\",\"@id\":\"http:\/\/54.75.134.196:80\/sv\/information-om-tjansten\/egenskaper\/\",\"url\":\"http:\/\/54.75.134.196:80\/sv\/information-om-tjansten\/egenskaper\/\",\"name\":\"Egenskaper - Luvat ja valvonta\",\"isPartOf\":{\"@id\":\"https:\/\/luvatjavalvonta.fi\/#website\"},\"primaryImageOfPage\":{\"@id\":\"http:\/\/54.75.134.196:80\/sv\/information-om-tjansten\/egenskaper\/#primaryimage\"},\"image\":{\"@id\":\"http:\/\/54.75.134.196:80\/sv\/information-om-tjansten\/egenskaper\/#primaryimage\"},\"thumbnailUrl\":\"https:\/\/luvatjavalvonta.fi\/content\/uploads\/2022\/08\/YksiLuukku_11.png\",\"datePublished\":\"2022-05-24T10:35:01+00:00\",\"dateModified\":\"2023-12-12T12:17:04+00:00\",\"breadcrumb\":{\"@id\":\"http:\/\/54.75.134.196:80\/sv\/information-om-tjansten\/egenskaper\/#breadcrumb\"},\"inLanguage\":\"sv-SE\",\"potentialAction\":[{\"@type\":\"ReadAction\",\"target\":[\"http:\/\/54.75.134.196:80\/sv\/information-om-tjansten\/egenskaper\/\"]}]},{\"@type\":\"ImageObject\",\"inLanguage\":\"sv-SE\",\"@id\":\"http:\/\/54.75.134.196:80\/sv\/information-om-tjansten\/egenskaper\/#primaryimage\",\"url\":\"https:\/\/luvatjavalvonta.fi\/content\/uploads\/2022\/08\/YksiLuukku_11.png\",\"contentUrl\":\"https:\/\/luvatjavalvonta.fi\/content\/uploads\/2022\/08\/YksiLuukku_11.png\"},{\"@type\":\"BreadcrumbList\",\"@id\":\"http:\/\/54.75.134.196:80\/sv\/information-om-tjansten\/egenskaper\/#breadcrumb\",\"itemListElement\":[{\"@type\":\"ListItem\",\"position\":1,\"name\":\"Home\",\"item\":\"http:\/\/54.75.134.196:80\/sv\/\"},{\"@type\":\"ListItem\",\"position\":2,\"name\":\"Information om tj\u00e4nsten\",\"item\":\"http:\/\/54.75.134.196:80\/sv\/information-om-tjansten\/\"},{\"@type\":\"ListItem\",\"position\":3,\"name\":\"Egenskaper\"}]},{\"@type\":\"WebSite\",\"@id\":\"https:\/\/luvatjavalvonta.fi\/#website\",\"url\":\"https:\/\/luvatjavalvonta.fi\/\",\"name\":\"Luvat ja valvonta\",\"description\":\"\",\"potentialAction\":[{\"@type\":\"SearchAction\",\"target\":{\"@type\":\"EntryPoint\",\"urlTemplate\":\"https:\/\/luvatjavalvonta.fi\/?s={search_term_string}\"},\"query-input\":{\"@type\":\"PropertyValueSpecification\",\"valueRequired\":true,\"valueName\":\"search_term_string\"}}],\"inLanguage\":\"sv-SE\"}]}<\/script>\n<!-- \/ Yoast SEO plugin. -->","yoast_head_json":{"title":"Egenskaper - Luvat ja valvonta","robots":{"index":"index","follow":"follow","max-snippet":"max-snippet:-1","max-image-preview":"max-image-preview:large","max-video-preview":"max-video-preview:-1"},"canonical":"http:\/\/54.75.134.196:80\/sv\/information-om-tjansten\/egenskaper\/","og_locale":"sv_SE","og_type":"article","og_title":"Egenskaper - Luvat ja valvonta","og_description":"H\u00e4r finns detaljerad information om de egenskaper som tj\u00e4nsten har och som myndigheter kan anv\u00e4nda i Tillst\u00e5nds- och tillsynstj\u00e4nsten. Ut\u00f6ver egenskapernas myndighetsfunktioner presenterar avsnittet hur dessa egenskaper framtr\u00e4der f\u00f6r kunden och hur kunder kan anv\u00e4nda dem. Ta del av tj\u00e4nstens egenskaper Allt \u00f6versamma disk \u203a Gemensam vy \u203a Kund-uppgifter \u203a Utredning av tillst\u00e5ndsbehov \u203a Aviseringar [&hellip;]","og_url":"http:\/\/54.75.134.196:80\/sv\/information-om-tjansten\/egenskaper\/","og_site_name":"Luvat ja valvonta","article_modified_time":"2023-12-12T12:17:04+00:00","og_image":[{"url":"https:\/\/luvatjavalvonta.fi\/content\/uploads\/2022\/08\/YksiLuukku_11.png","type":"","width":"","height":""}],"twitter_card":"summary_large_image","twitter_misc":{"Est. reading time":"2 minutes"},"schema":{"@context":"https:\/\/schema.org","@graph":[{"@type":"WebPage","@id":"http:\/\/54.75.134.196:80\/sv\/information-om-tjansten\/egenskaper\/","url":"http:\/\/54.75.134.196:80\/sv\/information-om-tjansten\/egenskaper\/","name":"Egenskaper - Luvat ja valvonta","isPartOf":{"@id":"https:\/\/luvatjavalvonta.fi\/#website"},"primaryImageOfPage":{"@id":"http:\/\/54.75.134.196:80\/sv\/information-om-tjansten\/egenskaper\/#primaryimage"},"image":{"@id":"http:\/\/54.75.134.196:80\/sv\/information-om-tjansten\/egenskaper\/#primaryimage"},"thumbnailUrl":"https:\/\/luvatjavalvonta.fi\/content\/uploads\/2022\/08\/YksiLuukku_11.png","datePublished":"2022-05-24T10:35:01+00:00","dateModified":"2023-12-12T12:17:04+00:00","breadcrumb":{"@id":"http:\/\/54.75.134.196:80\/sv\/information-om-tjansten\/egenskaper\/#breadcrumb"},"inLanguage":"sv-SE","potentialAction":[{"@type":"ReadAction","target":["http:\/\/54.75.134.196:80\/sv\/information-om-tjansten\/egenskaper\/"]}]},{"@type":"ImageObject","inLanguage":"sv-SE","@id":"http:\/\/54.75.134.196:80\/sv\/information-om-tjansten\/egenskaper\/#primaryimage","url":"https:\/\/luvatjavalvonta.fi\/content\/uploads\/2022\/08\/YksiLuukku_11.png","contentUrl":"https:\/\/luvatjavalvonta.fi\/content\/uploads\/2022\/08\/YksiLuukku_11.png"},{"@type":"BreadcrumbList","@id":"http:\/\/54.75.134.196:80\/sv\/information-om-tjansten\/egenskaper\/#breadcrumb","itemListElement":[{"@type":"ListItem","position":1,"name":"Home","item":"http:\/\/54.75.134.196:80\/sv\/"},{"@type":"ListItem","position":2,"name":"Information om tj\u00e4nsten","item":"http:\/\/54.75.134.196:80\/sv\/information-om-tjansten\/"},{"@type":"ListItem","position":3,"name":"Egenskaper"}]},{"@type":"WebSite","@id":"https:\/\/luvatjavalvonta.fi\/#website","url":"https:\/\/luvatjavalvonta.fi\/","name":"Luvat ja valvonta","description":"","potentialAction":[{"@type":"SearchAction","target":{"@type":"EntryPoint","urlTemplate":"https:\/\/luvatjavalvonta.fi\/?s={search_term_string}"},"query-input":{"@type":"PropertyValueSpecification","valueRequired":true,"valueName":"search_term_string"}}],"inLanguage":"sv-SE"}]}},"_links":{"self":[{"href":"https:\/\/luvatjavalvonta.fi\/sv\/wp-json\/wp\/v2\/pages\/4905","targetHints":{"allow":["GET"]}}],"collection":[{"href":"https:\/\/luvatjavalvonta.fi\/sv\/wp-json\/wp\/v2\/pages"}],"about":[{"href":"https:\/\/luvatjavalvonta.fi\/sv\/wp-json\/wp\/v2\/types\/page"}],"author":[{"embeddable":true,"href":"https:\/\/luvatjavalvonta.fi\/sv\/wp-json\/wp\/v2\/users\/1"}],"replies":[{"embeddable":true,"href":"https:\/\/luvatjavalvonta.fi\/sv\/wp-json\/wp\/v2\/comments?post=4905"}],"version-history":[{"count":14,"href":"https:\/\/luvatjavalvonta.fi\/sv\/wp-json\/wp\/v2\/pages\/4905\/revisions"}],"predecessor-version":[{"id":6611,"href":"https:\/\/luvatjavalvonta.fi\/sv\/wp-json\/wp\/v2\/pages\/4905\/revisions\/6611"}],"up":[{"embeddable":true,"href":"https:\/\/luvatjavalvonta.fi\/sv\/wp-json\/wp\/v2\/pages\/4889"}],"wp:attachment":[{"href":"https:\/\/luvatjavalvonta.fi\/sv\/wp-json\/wp\/v2\/media?parent=4905"}],"curies":[{"name":"wp","href":"https:\/\/api.w.org\/{rel}","templated":true}]}}