{"id":4909,"date":"2022-05-24T13:39:12","date_gmt":"2022-05-24T10:39:12","guid":{"rendered":"https:\/\/luvatjavalvonta.fi\/information-om-tjansten\/hanteringsmodell-for-tjansten\/"},"modified":"2023-04-28T08:22:25","modified_gmt":"2023-04-28T05:22:25","slug":"hanteringsmodell-for-tjansten","status":"publish","type":"page","link":"https:\/\/luvatjavalvonta.fi\/sv\/information-om-tjansten\/hanteringsmodell-for-tjansten\/","title":{"rendered":"Hanteringsmodell f\u00f6r tj\u00e4nsten"},"content":{"rendered":"\n<hr class=\"wp-block-separator has-alpha-channel-opacity\"\/>\n\n\n\n<p>Hanteringsmodellen f\u00f6r tj\u00e4nsten beskriver hur utveckling och fortl\u00f6pande tj\u00e4nster av allm\u00e4nnyttiga och gemensamma tj\u00e4nster hanteras mellan tj\u00e4nstens \u00e4gare och anslutna myndigheter. Hanteringsmodellen fungerar som gemensamma spelregler f\u00f6r de myndigheter som anv\u00e4nder tj\u00e4nsten och \u00e4garen av tj\u00e4nsten, vilka definierar utvecklingen av tj\u00e4nsten och administrationen av fortl\u00f6pande tj\u00e4nster. Vikten av gemensamma spelregler \u00f6kar i takt med att serviceutbudet, servicevolymerna och antalet anslutna myndigheter \u00f6kar. Fokus f\u00f6r tj\u00e4nsten Tillst\u00e5nd och tillsyns livscykel skiftar fr\u00e5n tj\u00e4nstens utvecklingsfas till parallell serviceproduktion och fortl\u00f6pande utveckling, d\u00e4r tj\u00e4nsten samtidigt<\/p>\n<ul>\n<li>producerar fortl\u00f6pande tj\u00e4nster f\u00f6r anslutna myndigheters tillst\u00e5nds\u00e4renden<\/li>\n<li>definierar, genomf\u00f6r och inf\u00f6r nya tillst\u00e5nds\u00e4renden<\/li>\n<li>utvecklar nya gemensamma egenskaper<\/li>\n<\/ul>\n<p>M\u00e5let f\u00f6r hanteringsmodellen \u00e4r att beskriva tj\u00e4nstens Tillst\u00e5nd och tillsyn verksamhetsprinciper och s\u00e4kerst\u00e4lla tillst\u00e5nds- och tillsynsverksamheten vid de myndigheter som anslutit sig till tj\u00e4nsten. Centrala bland dem \u00e4r till exempel roller och ansvar relaterade till beslutsfattande och finansiering.<\/p>\n<h2>Hanteringsmodell \u2013 dokumentation<\/h2>\n<p>Dokumentationen relaterad till tj\u00e4nstens hanteringsmodell \u00e4r modulbaserad. Den omfattar:<\/p>\n\n\n\n<div class=\"wp-block-columns is-layout-flex wp-container-core-columns-is-layout-9d6595d7 wp-block-columns-is-layout-flex\">\n<div class=\"wp-block-column is-layout-flow wp-block-column-is-layout-flow\" style=\"flex-basis:15%\">\n<h3 style=\"text-align: center;\"><a href=\"https:\/\/luvatjavalvonta.fi\/sv\/hanteringsmodell\/\"><img loading=\"lazy\" decoding=\"async\" class=\"aligncenter wp-image-3267 \" src=\"https:\/\/luvatjavalvonta.fi\/content\/uploads\/2022\/09\/Hallintamalli11-150x150.png\" alt=\"\" width=\"100\" height=\"100\" srcset=\"https:\/\/luvatjavalvonta.fi\/content\/uploads\/2022\/09\/Hallintamalli11-150x150.png 150w, https:\/\/luvatjavalvonta.fi\/content\/uploads\/2022\/09\/Hallintamalli11-300x300.png 300w, https:\/\/luvatjavalvonta.fi\/content\/uploads\/2022\/09\/Hallintamalli11-200x200.png 200w, https:\/\/luvatjavalvonta.fi\/content\/uploads\/2022\/09\/Hallintamalli11.png 666w\" sizes=\"auto, (max-width: 100px) 100vw, 100px\" \/><\/a><\/h3>\n<\/div>\n\n\n\n<div class=\"wp-block-column is-vertically-aligned-center is-layout-flow wp-block-column-is-layout-flow\" style=\"flex-basis:85%\">\n<h3 style=\"text-align: left;\"><a href=\"https:\/\/luvatjavalvonta.fi\/sv\/hanteringsmodell\/\">Dokumentet Hanteringsmodell \u203a<\/a><\/h3>\n<p>Dokumentet Hanteringsmodell beskriver roller, ansvarsf\u00f6rdelning och finansiering f\u00f6r tj\u00e4nstens parter.<\/p>\n<\/div>\n<\/div>\n\n\n\n<div class=\"wp-block-columns is-layout-flex wp-container-core-columns-is-layout-9d6595d7 wp-block-columns-is-layout-flex\">\n<div class=\"wp-block-column is-layout-flow wp-block-column-is-layout-flow\" style=\"flex-basis:15%\">\n<h3 style=\"text-align: center;\"><a href=\"https:\/\/luvatjavalvonta.fi\/sv\/servicevillkor\/\"><img loading=\"lazy\" decoding=\"async\" class=\"aligncenter wp-image-3271 \" src=\"https:\/\/luvatjavalvonta.fi\/content\/uploads\/2022\/09\/Sopimus2-150x150.png\" alt=\"\" width=\"100\" height=\"100\" srcset=\"https:\/\/luvatjavalvonta.fi\/content\/uploads\/2022\/09\/Sopimus2-150x150.png 150w, https:\/\/luvatjavalvonta.fi\/content\/uploads\/2022\/09\/Sopimus2-300x300.png 300w, https:\/\/luvatjavalvonta.fi\/content\/uploads\/2022\/09\/Sopimus2-201x200.png 201w, https:\/\/luvatjavalvonta.fi\/content\/uploads\/2022\/09\/Sopimus2.png 665w\" sizes=\"auto, (max-width: 100px) 100vw, 100px\" \/><\/a><\/h3>\n<\/div>\n\n\n\n<div class=\"wp-block-column is-vertically-aligned-center is-layout-flow wp-block-column-is-layout-flow\" style=\"flex-basis:85%\">\n<h3 style=\"text-align: left;\"><a href=\"https:\/\/luvatjavalvonta.fi\/sv\/servicevillkor\/\">Servicevillkor \u203a<\/a><\/h3>\n<p style=\"text-align: left;\">Ett villkorligt avtal som myndigheten godk\u00e4nner vid anslutning till tj\u00e4nsten.<\/p>\n<\/div>\n<\/div>\n\n\n\n<div class=\"wp-block-columns is-layout-flex wp-container-core-columns-is-layout-9d6595d7 wp-block-columns-is-layout-flex\">\n<div class=\"wp-block-column is-layout-flow wp-block-column-is-layout-flow\" style=\"flex-basis:15%\">\n<h3 style=\"text-align: center;\"><a href=\"https:\/\/luvatjavalvonta.fi\/sv\/servicebeskrivning\/\"><img loading=\"lazy\" decoding=\"async\" class=\"aligncenter wp-image-3269\" src=\"https:\/\/luvatjavalvonta.fi\/content\/uploads\/2022\/09\/Kuvaus1-150x150.png\" alt=\"\" width=\"100\" height=\"100\" srcset=\"https:\/\/luvatjavalvonta.fi\/content\/uploads\/2022\/09\/Kuvaus1-150x150.png 150w, https:\/\/luvatjavalvonta.fi\/content\/uploads\/2022\/09\/Kuvaus1-300x300.png 300w, https:\/\/luvatjavalvonta.fi\/content\/uploads\/2022\/09\/Kuvaus1-200x200.png 200w, https:\/\/luvatjavalvonta.fi\/content\/uploads\/2022\/09\/Kuvaus1.png 664w\" sizes=\"auto, (max-width: 100px) 100vw, 100px\" \/><\/a><\/h3>\n<\/div>\n\n\n\n<div class=\"wp-block-column is-vertically-aligned-center is-layout-flow wp-block-column-is-layout-flow\" style=\"flex-basis:85%\">\n<h3 style=\"text-align: left;\"><a href=\"https:\/\/luvatjavalvonta.fi\/sv\/servicebeskrivning\/\">Servicebeskrivning \u203a<\/a><\/h3>\n<p style=\"text-align: left;\">Servicebeskrivningen \u00e4r en helt\u00e4ckande beskrivning av tj\u00e4nsten, dess egenskaper och funktion.<\/p>\n<\/div>\n<\/div>\n\n\n\n<div class=\"wp-block-columns is-layout-flex wp-container-core-columns-is-layout-9d6595d7 wp-block-columns-is-layout-flex\">\n<div class=\"wp-block-column is-layout-flow wp-block-column-is-layout-flow\" style=\"flex-basis:15%\">\n<h3 style=\"text-align: center;\"><a href=\"https:\/\/lv.ahtp.fi\/fi\/kayttoehdot\" target=\"_blank\" rel=\"noopener\"><img loading=\"lazy\" decoding=\"async\" class=\"aligncenter wp-image-3271\" src=\"https:\/\/luvatjavalvonta.fi\/content\/uploads\/2022\/09\/Sopimus2-150x150.png\" alt=\"\" width=\"100\" height=\"100\" srcset=\"https:\/\/luvatjavalvonta.fi\/content\/uploads\/2022\/09\/Sopimus2-150x150.png 150w, https:\/\/luvatjavalvonta.fi\/content\/uploads\/2022\/09\/Sopimus2-300x300.png 300w, https:\/\/luvatjavalvonta.fi\/content\/uploads\/2022\/09\/Sopimus2-201x200.png 201w, https:\/\/luvatjavalvonta.fi\/content\/uploads\/2022\/09\/Sopimus2.png 665w\" sizes=\"auto, (max-width: 100px) 100vw, 100px\" \/><\/a><\/h3>\n<\/div>\n\n\n\n<div class=\"wp-block-column is-vertically-aligned-center is-layout-flow wp-block-column-is-layout-flow\" style=\"flex-basis:85%\">\n<h3 style=\"text-align: left;\"><a href=\"https:\/\/lv.ahtp.fi\/fi\/kayttoehdot\" target=\"_blank\" rel=\"noopener\">Anv\u00e4ndarvillkor \u203a<\/a><\/h3>\n<p style=\"text-align: left;\">Kunderna ska godk\u00e4nna anv\u00e4ndarvillkoren innan de b\u00f6rjar anv\u00e4nda tj\u00e4nsten.<\/p>\n<\/div>\n<\/div>\n\n\n\n<div class=\"wp-block-columns is-layout-flex wp-container-core-columns-is-layout-9d6595d7 wp-block-columns-is-layout-flex\">\n<div class=\"wp-block-column is-layout-flow wp-block-column-is-layout-flow\" style=\"flex-basis:15%\">\n<h3 style=\"text-align: center;\"><a href=\"https:\/\/lv.ahtp.fi\/fi\/tietosuojaseloste\" target=\"_blank\" rel=\"noopener\"><img loading=\"lazy\" decoding=\"async\" class=\"aligncenter wp-image-3271\" src=\"https:\/\/luvatjavalvonta.fi\/content\/uploads\/2022\/09\/Sopimus2-150x150.png\" alt=\"\" width=\"100\" height=\"100\" srcset=\"https:\/\/luvatjavalvonta.fi\/content\/uploads\/2022\/09\/Sopimus2-150x150.png 150w, https:\/\/luvatjavalvonta.fi\/content\/uploads\/2022\/09\/Sopimus2-300x300.png 300w, https:\/\/luvatjavalvonta.fi\/content\/uploads\/2022\/09\/Sopimus2-201x200.png 201w, https:\/\/luvatjavalvonta.fi\/content\/uploads\/2022\/09\/Sopimus2.png 665w\" sizes=\"auto, (max-width: 100px) 100vw, 100px\" \/><\/a><\/h3>\n<\/div>\n\n\n\n<div class=\"wp-block-column is-vertically-aligned-center is-layout-flow wp-block-column-is-layout-flow\" style=\"flex-basis:85%\">\n<h3 style=\"text-align: left;\"><a href=\"https:\/\/lv.ahtp.fi\/fi\/tietosuojaseloste\" target=\"_blank\" rel=\"noopener\">Dataskyddsbeskrivning \u203a<\/a><\/h3>\n<p style=\"text-align: left;\">Information om dataskydd och bland annat om behandling av personuppgifter i tj\u00e4nsten.<\/p>\n<\/div>\n<\/div>\n\n\n\n<div class=\"wp-block-columns is-layout-flex wp-container-core-columns-is-layout-9d6595d7 wp-block-columns-is-layout-flex\">\n<div class=\"wp-block-column is-layout-flow wp-block-column-is-layout-flow\" style=\"flex-basis:15%\">\n<h3 style=\"text-align: center;\"><a href=\"https:\/\/lv.ahtp.fi\/fi\/saavutettavuusseloste\" target=\"_blank\" rel=\"noopener\"><img loading=\"lazy\" decoding=\"async\" class=\"aligncenter wp-image-3271\" src=\"https:\/\/luvatjavalvonta.fi\/content\/uploads\/2022\/09\/Sopimus2-150x150.png\" alt=\"\" width=\"100\" height=\"100\" srcset=\"https:\/\/luvatjavalvonta.fi\/content\/uploads\/2022\/09\/Sopimus2-150x150.png 150w, https:\/\/luvatjavalvonta.fi\/content\/uploads\/2022\/09\/Sopimus2-300x300.png 300w, https:\/\/luvatjavalvonta.fi\/content\/uploads\/2022\/09\/Sopimus2-201x200.png 201w, https:\/\/luvatjavalvonta.fi\/content\/uploads\/2022\/09\/Sopimus2.png 665w\" sizes=\"auto, (max-width: 100px) 100vw, 100px\" \/><\/a><\/h3>\n<\/div>\n\n\n\n<div class=\"wp-block-column is-vertically-aligned-center is-layout-flow wp-block-column-is-layout-flow\" style=\"flex-basis:85%\">\n<h3 style=\"text-align: left;\"><a href=\"https:\/\/lv.ahtp.fi\/fi\/saavutettavuusseloste\" target=\"_blank\" rel=\"noopener\">Tillg\u00e4nglighetsutl\u00e5tande \u203a<\/a><\/h3>\n<p style=\"text-align: left;\">Information om tillg\u00e4ngligheten f\u00f6r tj\u00e4nsten och relaterat material.<\/p>\n<\/div>\n<\/div>\n\n\n\n<div class=\"wp-block-columns is-layout-flex wp-container-core-columns-is-layout-9d6595d7 wp-block-columns-is-layout-flex\">\n<div class=\"wp-block-column is-layout-flow wp-block-column-is-layout-flow\" style=\"flex-basis:15%\">\n<p><img loading=\"lazy\" decoding=\"async\" class=\"aligncenter wp-image-3277\" src=\"https:\/\/luvatjavalvonta.fi\/content\/uploads\/2022\/09\/Sopimus21-150x150.png\" alt=\"\" width=\"100\" height=\"100\" srcset=\"https:\/\/luvatjavalvonta.fi\/content\/uploads\/2022\/09\/Sopimus21-150x150.png 150w, https:\/\/luvatjavalvonta.fi\/content\/uploads\/2022\/09\/Sopimus21-297x300.png 297w, https:\/\/luvatjavalvonta.fi\/content\/uploads\/2022\/09\/Sopimus21-198x200.png 198w, https:\/\/luvatjavalvonta.fi\/content\/uploads\/2022\/09\/Sopimus21.png 659w\" sizes=\"auto, (max-width: 100px) 100vw, 100px\" \/><\/p>\n<\/div>\n\n\n\n<div class=\"wp-block-column is-vertically-aligned-center is-layout-flow wp-block-column-is-layout-flow\" style=\"flex-basis:85%\">\n<h3 style=\"text-align: left;\">Avtal om samutveckling<\/h3>\n<p>Avtal som g\u00e4ller parter som utvecklar tj\u00e4nsten f\u00f6r att genomf\u00f6ra ett gemensamt utvecklingsobjekt.<\/p>\n<\/div>\n<\/div>\n\n\n\n<div class=\"wp-block-columns is-layout-flex wp-container-core-columns-is-layout-9d6595d7 wp-block-columns-is-layout-flex\">\n<div class=\"wp-block-column is-layout-flow wp-block-column-is-layout-flow\" style=\"flex-basis:15%\">\n<h3 style=\"text-align: center;\"><a href=\"https:\/\/luvatjavalvonta.fi\/sv\/bilaga-dokumentstruktur\/\"><img loading=\"lazy\" decoding=\"async\" class=\"aligncenter wp-image-3275\" src=\"https:\/\/luvatjavalvonta.fi\/content\/uploads\/2022\/09\/LiiteKuvake1-150x150.png\" alt=\"\" width=\"100\" height=\"100\" srcset=\"https:\/\/luvatjavalvonta.fi\/content\/uploads\/2022\/09\/LiiteKuvake1-150x150.png 150w, https:\/\/luvatjavalvonta.fi\/content\/uploads\/2022\/09\/LiiteKuvake1-300x300.png 300w, https:\/\/luvatjavalvonta.fi\/content\/uploads\/2022\/09\/LiiteKuvake1-201x200.png 201w, https:\/\/luvatjavalvonta.fi\/content\/uploads\/2022\/09\/LiiteKuvake1.png 666w\" sizes=\"auto, (max-width: 100px) 100vw, 100px\" \/><\/a><\/h3>\n<\/div>\n\n\n\n<div class=\"wp-block-column is-vertically-aligned-center is-layout-flow wp-block-column-is-layout-flow\" style=\"flex-basis:66.66%\">\n<h3 style=\"text-align: left;\"><a href=\"https:\/\/luvatjavalvonta.fi\/sv\/bilaga-dokumentstruktur\/\">Bilaga: Dokumentstruktur \u203a<\/a><\/h3>\n<p>Dokumentstrukturen visar dokumentationen av hanteringsmodellen och relationerna mellan dem.<\/p>\n<\/div>\n<\/div>\n\n\n\n<div class=\"wp-block-columns is-layout-flex wp-container-core-columns-is-layout-9d6595d7 wp-block-columns-is-layout-flex\">\n<div class=\"wp-block-column is-layout-flow wp-block-column-is-layout-flow\" style=\"flex-basis:15%\">\n<h3 style=\"text-align: center;\"><a href=\"https:\/\/luvatjavalvonta.fi\/sv\/bilaga-definitioner-och-forkortningar\/\"><img loading=\"lazy\" decoding=\"async\" class=\"aligncenter wp-image-3275\" src=\"https:\/\/luvatjavalvonta.fi\/content\/uploads\/2022\/09\/LiiteKuvake1-150x150.png\" alt=\"\" width=\"100\" height=\"100\" srcset=\"https:\/\/luvatjavalvonta.fi\/content\/uploads\/2022\/09\/LiiteKuvake1-150x150.png 150w, https:\/\/luvatjavalvonta.fi\/content\/uploads\/2022\/09\/LiiteKuvake1-300x300.png 300w, https:\/\/luvatjavalvonta.fi\/content\/uploads\/2022\/09\/LiiteKuvake1-201x200.png 201w, https:\/\/luvatjavalvonta.fi\/content\/uploads\/2022\/09\/LiiteKuvake1.png 666w\" sizes=\"auto, (max-width: 100px) 100vw, 100px\" \/><\/a><\/h3>\n<\/div>\n\n\n\n<div class=\"wp-block-column is-vertically-aligned-center is-layout-flow wp-block-column-is-layout-flow\" style=\"flex-basis:66.66%\">\n<h3 style=\"text-align: left;\"><a href=\"https:\/\/luvatjavalvonta.fi\/sv\/bilaga-definitioner-och-forkortningar\/\">Bilaga: Definitioner och f\u00f6rkortningar \u203a<\/a><\/h3>\n<p>H\u00e4r finns definitioner av termer och f\u00f6rkortningar som anv\u00e4nds i tj\u00e4nsten.<\/p>\n<\/div>\n<\/div>\n\n\n\n<div class=\"wp-block-columns is-layout-flex wp-container-core-columns-is-layout-9d6595d7 wp-block-columns-is-layout-flex\">\n<div class=\"wp-block-column is-layout-flow wp-block-column-is-layout-flow\" style=\"flex-basis:15%\">\n<h3 style=\"text-align: center;\"><a href=\"https:\/\/luvatjavalvonta.fi\/sv\/bilaga-samarbete-och-ansvar\/\"><img loading=\"lazy\" decoding=\"async\" class=\"aligncenter wp-image-3275\" src=\"https:\/\/luvatjavalvonta.fi\/content\/uploads\/2022\/09\/LiiteKuvake1-150x150.png\" alt=\"\" width=\"100\" height=\"100\" srcset=\"https:\/\/luvatjavalvonta.fi\/content\/uploads\/2022\/09\/LiiteKuvake1-150x150.png 150w, https:\/\/luvatjavalvonta.fi\/content\/uploads\/2022\/09\/LiiteKuvake1-300x300.png 300w, https:\/\/luvatjavalvonta.fi\/content\/uploads\/2022\/09\/LiiteKuvake1-201x200.png 201w, https:\/\/luvatjavalvonta.fi\/content\/uploads\/2022\/09\/LiiteKuvake1.png 666w\" sizes=\"auto, (max-width: 100px) 100vw, 100px\" \/><\/a><\/h3>\n<\/div>\n\n\n\n<div class=\"wp-block-column is-vertically-aligned-center is-layout-flow wp-block-column-is-layout-flow\" style=\"flex-basis:66.66%\">\n<h3 style=\"text-align: left;\"><a href=\"https:\/\/luvatjavalvonta.fi\/sv\/bilaga-samarbete-och-ansvar\/\">Bilaga: Samarbete och ansvar \u203a<\/a><\/h3>\n<p>Ansvarsf\u00f6rdelningstabell mellan tj\u00e4nstens \u00e4gare och den myndighet som anv\u00e4nder tj\u00e4nsten.<\/p>\n<\/div>\n<\/div>\n","protected":false},"excerpt":{"rendered":"<p>Hanteringsmodellen f\u00f6r tj\u00e4nsten beskriver hur utveckling och fortl\u00f6pande tj\u00e4nster av allm\u00e4nnyttiga och gemensamma tj\u00e4nster hanteras mellan tj\u00e4nstens \u00e4gare och anslutna myndigheter. Hanteringsmodellen fungerar som gemensamma spelregler f\u00f6r de myndigheter som anv\u00e4nder tj\u00e4nsten och \u00e4garen av tj\u00e4nsten, vilka definierar utvecklingen av tj\u00e4nsten och administrationen av fortl\u00f6pande tj\u00e4nster. Vikten av gemensamma spelregler \u00f6kar i takt med att [&hellip;]<\/p>\n","protected":false},"author":1,"featured_media":0,"parent":4889,"menu_order":225,"comment_status":"closed","ping_status":"closed","template":"","meta":{"_acf_changed":false,"inline_featured_image":false,"footnotes":""},"class_list":["post-4909","page","type-page","status-publish","hentry"],"acf":{"ai_extra_content":"","ai_instructions":"","ai_hidden_page":false},"yoast_head":"<!-- This site is optimized with the Yoast SEO plugin v25.9 - https:\/\/yoast.com\/wordpress\/plugins\/seo\/ -->\n<title>Hanteringsmodell f\u00f6r tj\u00e4nsten - Luvat ja valvonta<\/title>\n<meta name=\"robots\" content=\"index, follow, max-snippet:-1, max-image-preview:large, max-video-preview:-1\" \/>\n<link rel=\"canonical\" href=\"https:\/\/luvatjavalvonta.fi\/sv\/information-om-tjansten\/hanteringsmodell-for-tjansten\/\" \/>\n<meta property=\"og:locale\" content=\"sv_SE\" \/>\n<meta property=\"og:type\" content=\"article\" \/>\n<meta property=\"og:title\" content=\"Hanteringsmodell f\u00f6r tj\u00e4nsten - Luvat ja valvonta\" \/>\n<meta property=\"og:description\" content=\"Hanteringsmodellen f\u00f6r tj\u00e4nsten beskriver hur utveckling och fortl\u00f6pande tj\u00e4nster av allm\u00e4nnyttiga och gemensamma tj\u00e4nster hanteras mellan tj\u00e4nstens \u00e4gare och anslutna myndigheter. Hanteringsmodellen fungerar som gemensamma spelregler f\u00f6r de myndigheter som anv\u00e4nder tj\u00e4nsten och \u00e4garen av tj\u00e4nsten, vilka definierar utvecklingen av tj\u00e4nsten och administrationen av fortl\u00f6pande tj\u00e4nster. Vikten av gemensamma spelregler \u00f6kar i takt med att [&hellip;]\" \/>\n<meta property=\"og:url\" content=\"https:\/\/luvatjavalvonta.fi\/sv\/information-om-tjansten\/hanteringsmodell-for-tjansten\/\" \/>\n<meta property=\"og:site_name\" content=\"Luvat ja valvonta\" \/>\n<meta property=\"article:modified_time\" content=\"2023-04-28T05:22:25+00:00\" \/>\n<meta property=\"og:image\" content=\"https:\/\/luvatjavalvonta.fi\/content\/uploads\/2022\/09\/Hallintamalli11-150x150.png\" \/>\n<meta name=\"twitter:card\" content=\"summary_large_image\" \/>\n<meta name=\"twitter:label1\" content=\"Est. reading time\" \/>\n\t<meta name=\"twitter:data1\" content=\"4 minutes\" \/>\n<script type=\"application\/ld+json\" class=\"yoast-schema-graph\">{\"@context\":\"https:\/\/schema.org\",\"@graph\":[{\"@type\":\"WebPage\",\"@id\":\"https:\/\/luvatjavalvonta.fi\/sv\/information-om-tjansten\/hanteringsmodell-for-tjansten\/\",\"url\":\"https:\/\/luvatjavalvonta.fi\/sv\/information-om-tjansten\/hanteringsmodell-for-tjansten\/\",\"name\":\"Hanteringsmodell f\u00f6r tj\u00e4nsten - Luvat ja valvonta\",\"isPartOf\":{\"@id\":\"https:\/\/luvatjavalvonta.fi\/#website\"},\"primaryImageOfPage\":{\"@id\":\"https:\/\/luvatjavalvonta.fi\/sv\/information-om-tjansten\/hanteringsmodell-for-tjansten\/#primaryimage\"},\"image\":{\"@id\":\"https:\/\/luvatjavalvonta.fi\/sv\/information-om-tjansten\/hanteringsmodell-for-tjansten\/#primaryimage\"},\"thumbnailUrl\":\"https:\/\/luvatjavalvonta.fi\/content\/uploads\/2022\/09\/Hallintamalli11-150x150.png\",\"datePublished\":\"2022-05-24T10:39:12+00:00\",\"dateModified\":\"2023-04-28T05:22:25+00:00\",\"breadcrumb\":{\"@id\":\"https:\/\/luvatjavalvonta.fi\/sv\/information-om-tjansten\/hanteringsmodell-for-tjansten\/#breadcrumb\"},\"inLanguage\":\"sv-SE\",\"potentialAction\":[{\"@type\":\"ReadAction\",\"target\":[\"https:\/\/luvatjavalvonta.fi\/sv\/information-om-tjansten\/hanteringsmodell-for-tjansten\/\"]}]},{\"@type\":\"ImageObject\",\"inLanguage\":\"sv-SE\",\"@id\":\"https:\/\/luvatjavalvonta.fi\/sv\/information-om-tjansten\/hanteringsmodell-for-tjansten\/#primaryimage\",\"url\":\"https:\/\/luvatjavalvonta.fi\/content\/uploads\/2022\/09\/Hallintamalli11-150x150.png\",\"contentUrl\":\"https:\/\/luvatjavalvonta.fi\/content\/uploads\/2022\/09\/Hallintamalli11-150x150.png\"},{\"@type\":\"BreadcrumbList\",\"@id\":\"https:\/\/luvatjavalvonta.fi\/sv\/information-om-tjansten\/hanteringsmodell-for-tjansten\/#breadcrumb\",\"itemListElement\":[{\"@type\":\"ListItem\",\"position\":1,\"name\":\"Home\",\"item\":\"http:\/\/54.75.134.196:80\/sv\/\"},{\"@type\":\"ListItem\",\"position\":2,\"name\":\"Information om tj\u00e4nsten\",\"item\":\"http:\/\/54.75.134.196:80\/sv\/information-om-tjansten\/\"},{\"@type\":\"ListItem\",\"position\":3,\"name\":\"Hanteringsmodell f\u00f6r tj\u00e4nsten\"}]},{\"@type\":\"WebSite\",\"@id\":\"https:\/\/luvatjavalvonta.fi\/#website\",\"url\":\"https:\/\/luvatjavalvonta.fi\/\",\"name\":\"Luvat ja valvonta\",\"description\":\"\",\"potentialAction\":[{\"@type\":\"SearchAction\",\"target\":{\"@type\":\"EntryPoint\",\"urlTemplate\":\"https:\/\/luvatjavalvonta.fi\/?s={search_term_string}\"},\"query-input\":{\"@type\":\"PropertyValueSpecification\",\"valueRequired\":true,\"valueName\":\"search_term_string\"}}],\"inLanguage\":\"sv-SE\"}]}<\/script>\n<!-- \/ Yoast SEO plugin. -->","yoast_head_json":{"title":"Hanteringsmodell f\u00f6r tj\u00e4nsten - Luvat ja valvonta","robots":{"index":"index","follow":"follow","max-snippet":"max-snippet:-1","max-image-preview":"max-image-preview:large","max-video-preview":"max-video-preview:-1"},"canonical":"https:\/\/luvatjavalvonta.fi\/sv\/information-om-tjansten\/hanteringsmodell-for-tjansten\/","og_locale":"sv_SE","og_type":"article","og_title":"Hanteringsmodell f\u00f6r tj\u00e4nsten - Luvat ja valvonta","og_description":"Hanteringsmodellen f\u00f6r tj\u00e4nsten beskriver hur utveckling och fortl\u00f6pande tj\u00e4nster av allm\u00e4nnyttiga och gemensamma tj\u00e4nster hanteras mellan tj\u00e4nstens \u00e4gare och anslutna myndigheter. Hanteringsmodellen fungerar som gemensamma spelregler f\u00f6r de myndigheter som anv\u00e4nder tj\u00e4nsten och \u00e4garen av tj\u00e4nsten, vilka definierar utvecklingen av tj\u00e4nsten och administrationen av fortl\u00f6pande tj\u00e4nster. Vikten av gemensamma spelregler \u00f6kar i takt med att [&hellip;]","og_url":"https:\/\/luvatjavalvonta.fi\/sv\/information-om-tjansten\/hanteringsmodell-for-tjansten\/","og_site_name":"Luvat ja valvonta","article_modified_time":"2023-04-28T05:22:25+00:00","og_image":[{"url":"https:\/\/luvatjavalvonta.fi\/content\/uploads\/2022\/09\/Hallintamalli11-150x150.png","type":"","width":"","height":""}],"twitter_card":"summary_large_image","twitter_misc":{"Est. reading time":"4 minutes"},"schema":{"@context":"https:\/\/schema.org","@graph":[{"@type":"WebPage","@id":"https:\/\/luvatjavalvonta.fi\/sv\/information-om-tjansten\/hanteringsmodell-for-tjansten\/","url":"https:\/\/luvatjavalvonta.fi\/sv\/information-om-tjansten\/hanteringsmodell-for-tjansten\/","name":"Hanteringsmodell f\u00f6r tj\u00e4nsten - Luvat ja valvonta","isPartOf":{"@id":"https:\/\/luvatjavalvonta.fi\/#website"},"primaryImageOfPage":{"@id":"https:\/\/luvatjavalvonta.fi\/sv\/information-om-tjansten\/hanteringsmodell-for-tjansten\/#primaryimage"},"image":{"@id":"https:\/\/luvatjavalvonta.fi\/sv\/information-om-tjansten\/hanteringsmodell-for-tjansten\/#primaryimage"},"thumbnailUrl":"https:\/\/luvatjavalvonta.fi\/content\/uploads\/2022\/09\/Hallintamalli11-150x150.png","datePublished":"2022-05-24T10:39:12+00:00","dateModified":"2023-04-28T05:22:25+00:00","breadcrumb":{"@id":"https:\/\/luvatjavalvonta.fi\/sv\/information-om-tjansten\/hanteringsmodell-for-tjansten\/#breadcrumb"},"inLanguage":"sv-SE","potentialAction":[{"@type":"ReadAction","target":["https:\/\/luvatjavalvonta.fi\/sv\/information-om-tjansten\/hanteringsmodell-for-tjansten\/"]}]},{"@type":"ImageObject","inLanguage":"sv-SE","@id":"https:\/\/luvatjavalvonta.fi\/sv\/information-om-tjansten\/hanteringsmodell-for-tjansten\/#primaryimage","url":"https:\/\/luvatjavalvonta.fi\/content\/uploads\/2022\/09\/Hallintamalli11-150x150.png","contentUrl":"https:\/\/luvatjavalvonta.fi\/content\/uploads\/2022\/09\/Hallintamalli11-150x150.png"},{"@type":"BreadcrumbList","@id":"https:\/\/luvatjavalvonta.fi\/sv\/information-om-tjansten\/hanteringsmodell-for-tjansten\/#breadcrumb","itemListElement":[{"@type":"ListItem","position":1,"name":"Home","item":"http:\/\/54.75.134.196:80\/sv\/"},{"@type":"ListItem","position":2,"name":"Information om tj\u00e4nsten","item":"http:\/\/54.75.134.196:80\/sv\/information-om-tjansten\/"},{"@type":"ListItem","position":3,"name":"Hanteringsmodell f\u00f6r tj\u00e4nsten"}]},{"@type":"WebSite","@id":"https:\/\/luvatjavalvonta.fi\/#website","url":"https:\/\/luvatjavalvonta.fi\/","name":"Luvat ja valvonta","description":"","potentialAction":[{"@type":"SearchAction","target":{"@type":"EntryPoint","urlTemplate":"https:\/\/luvatjavalvonta.fi\/?s={search_term_string}"},"query-input":{"@type":"PropertyValueSpecification","valueRequired":true,"valueName":"search_term_string"}}],"inLanguage":"sv-SE"}]}},"_links":{"self":[{"href":"https:\/\/luvatjavalvonta.fi\/sv\/wp-json\/wp\/v2\/pages\/4909","targetHints":{"allow":["GET"]}}],"collection":[{"href":"https:\/\/luvatjavalvonta.fi\/sv\/wp-json\/wp\/v2\/pages"}],"about":[{"href":"https:\/\/luvatjavalvonta.fi\/sv\/wp-json\/wp\/v2\/types\/page"}],"author":[{"embeddable":true,"href":"https:\/\/luvatjavalvonta.fi\/sv\/wp-json\/wp\/v2\/users\/1"}],"replies":[{"embeddable":true,"href":"https:\/\/luvatjavalvonta.fi\/sv\/wp-json\/wp\/v2\/comments?post=4909"}],"version-history":[{"count":4,"href":"https:\/\/luvatjavalvonta.fi\/sv\/wp-json\/wp\/v2\/pages\/4909\/revisions"}],"predecessor-version":[{"id":5321,"href":"https:\/\/luvatjavalvonta.fi\/sv\/wp-json\/wp\/v2\/pages\/4909\/revisions\/5321"}],"up":[{"embeddable":true,"href":"https:\/\/luvatjavalvonta.fi\/sv\/wp-json\/wp\/v2\/pages\/4889"}],"wp:attachment":[{"href":"https:\/\/luvatjavalvonta.fi\/sv\/wp-json\/wp\/v2\/media?parent=4909"}],"curies":[{"name":"wp","href":"https:\/\/api.w.org\/{rel}","templated":true}]}}