{"id":4951,"date":"2020-06-17T14:44:36","date_gmt":"2020-06-17T11:44:36","guid":{"rendered":"https:\/\/luvatjavalvonta.fi\/ta-kontakt\/"},"modified":"2023-05-05T07:05:40","modified_gmt":"2023-05-05T04:05:40","slug":"ta-kontakt","status":"publish","type":"page","link":"https:\/\/luvatjavalvonta.fi\/sv\/ta-kontakt\/","title":{"rendered":"Ta kontakt"},"content":{"rendered":"\n<p>Vill du ge respons p\u00e5 supportwebbplatsen? Har du fr\u00e5gor om tj\u00e4nsten Tillst\u00e5nd och tillsyn eller f\u00f6r\u00e4ndringar i rutinerna?<\/p>\n\n\n\n<p>V\u00e4lj l\u00e4mplig blankett:<\/p>\n\n\n\n<p><a href=\"https:\/\/luvatjavalvonta.fi\/sv\/respons\/\">Respons<\/a><\/p>\n\n\n\n<p><a href=\"https:\/\/luvatjavalvonta.fi\/sv\/kontakt\/\">Kontakt<\/a><\/p>\n","protected":false},"excerpt":{"rendered":"<p>Vill du ge respons p\u00e5 supportwebbplatsen? Har du fr\u00e5gor om tj\u00e4nsten Tillst\u00e5nd och tillsyn eller f\u00f6r\u00e4ndringar i rutinerna? V\u00e4lj l\u00e4mplig blankett: Respons Kontakt<\/p>\n","protected":false},"author":1,"featured_media":938,"parent":0,"menu_order":253,"comment_status":"closed","ping_status":"closed","template":"","meta":{"_acf_changed":false,"inline_featured_image":false,"footnotes":""},"class_list":["post-4951","page","type-page","status-publish","has-post-thumbnail","hentry"],"acf":{"ai_extra_content":"","ai_instructions":"","ai_hidden_page":false},"yoast_head":"<!-- This site is optimized with the Yoast SEO plugin v25.9 - https:\/\/yoast.com\/wordpress\/plugins\/seo\/ -->\n<title>Ta kontakt - Luvat ja valvonta<\/title>\n<meta name=\"robots\" content=\"index, follow, max-snippet:-1, max-image-preview:large, max-video-preview:-1\" \/>\n<link rel=\"canonical\" href=\"http:\/\/www.luvatjavalvonta.fi\/sv\/ta-kontakt\/\" \/>\n<meta property=\"og:locale\" content=\"sv_SE\" \/>\n<meta property=\"og:type\" content=\"article\" \/>\n<meta property=\"og:title\" content=\"Ta kontakt - Luvat ja valvonta\" \/>\n<meta property=\"og:description\" content=\"Vill du ge respons p\u00e5 supportwebbplatsen? Har du fr\u00e5gor om tj\u00e4nsten Tillst\u00e5nd och tillsyn eller f\u00f6r\u00e4ndringar i rutinerna? V\u00e4lj l\u00e4mplig blankett: Respons Kontakt\" \/>\n<meta property=\"og:url\" content=\"http:\/\/www.luvatjavalvonta.fi\/sv\/ta-kontakt\/\" \/>\n<meta property=\"og:site_name\" content=\"Luvat ja valvonta\" \/>\n<meta property=\"article:modified_time\" content=\"2023-05-05T04:05:40+00:00\" \/>\n<meta property=\"og:image\" content=\"http:\/\/www.luvatjavalvonta.fi\/content\/uploads\/2020\/08\/2020-07_LV_www_yla\u0308kuva_13.jpg\" \/>\n\t<meta property=\"og:image:width\" content=\"1289\" \/>\n\t<meta property=\"og:image:height\" content=\"466\" \/>\n\t<meta property=\"og:image:type\" content=\"image\/jpeg\" \/>\n<meta name=\"twitter:card\" content=\"summary_large_image\" \/>\n<meta name=\"twitter:label1\" content=\"Est. reading time\" \/>\n\t<meta name=\"twitter:data1\" content=\"1 minute\" \/>\n<script type=\"application\/ld+json\" class=\"yoast-schema-graph\">{\"@context\":\"https:\/\/schema.org\",\"@graph\":[{\"@type\":\"WebPage\",\"@id\":\"http:\/\/www.luvatjavalvonta.fi\/sv\/ta-kontakt\/\",\"url\":\"http:\/\/www.luvatjavalvonta.fi\/sv\/ta-kontakt\/\",\"name\":\"Ta kontakt - Luvat ja valvonta\",\"isPartOf\":{\"@id\":\"http:\/\/54.75.134.196\/sv\/#website\"},\"primaryImageOfPage\":{\"@id\":\"http:\/\/www.luvatjavalvonta.fi\/sv\/ta-kontakt\/#primaryimage\"},\"image\":{\"@id\":\"http:\/\/www.luvatjavalvonta.fi\/sv\/ta-kontakt\/#primaryimage\"},\"thumbnailUrl\":\"https:\/\/luvatjavalvonta.fi\/content\/uploads\/2020\/08\/2020-07_LV_www_yla\u0308kuva_13.jpg\",\"datePublished\":\"2020-06-17T11:44:36+00:00\",\"dateModified\":\"2023-05-05T04:05:40+00:00\",\"breadcrumb\":{\"@id\":\"http:\/\/www.luvatjavalvonta.fi\/sv\/ta-kontakt\/#breadcrumb\"},\"inLanguage\":\"sv-SE\",\"potentialAction\":[{\"@type\":\"ReadAction\",\"target\":[\"http:\/\/www.luvatjavalvonta.fi\/sv\/ta-kontakt\/\"]}]},{\"@type\":\"ImageObject\",\"inLanguage\":\"sv-SE\",\"@id\":\"http:\/\/www.luvatjavalvonta.fi\/sv\/ta-kontakt\/#primaryimage\",\"url\":\"https:\/\/luvatjavalvonta.fi\/content\/uploads\/2020\/08\/2020-07_LV_www_yla\u0308kuva_13.jpg\",\"contentUrl\":\"https:\/\/luvatjavalvonta.fi\/content\/uploads\/2020\/08\/2020-07_LV_www_yla\u0308kuva_13.jpg\",\"width\":1289,\"height\":466},{\"@type\":\"BreadcrumbList\",\"@id\":\"http:\/\/www.luvatjavalvonta.fi\/sv\/ta-kontakt\/#breadcrumb\",\"itemListElement\":[{\"@type\":\"ListItem\",\"position\":1,\"name\":\"Home\",\"item\":\"http:\/\/54.75.134.196\/sv\/\"},{\"@type\":\"ListItem\",\"position\":2,\"name\":\"Ta kontakt\"}]},{\"@type\":\"WebSite\",\"@id\":\"http:\/\/54.75.134.196\/sv\/#website\",\"url\":\"http:\/\/54.75.134.196\/sv\/\",\"name\":\"Luvat ja valvonta\",\"description\":\"\",\"potentialAction\":[{\"@type\":\"SearchAction\",\"target\":{\"@type\":\"EntryPoint\",\"urlTemplate\":\"http:\/\/54.75.134.196\/sv\/?s={search_term_string}\"},\"query-input\":{\"@type\":\"PropertyValueSpecification\",\"valueRequired\":true,\"valueName\":\"search_term_string\"}}],\"inLanguage\":\"sv-SE\"}]}<\/script>\n<!-- \/ Yoast SEO plugin. -->","yoast_head_json":{"title":"Ta kontakt - Luvat ja valvonta","robots":{"index":"index","follow":"follow","max-snippet":"max-snippet:-1","max-image-preview":"max-image-preview:large","max-video-preview":"max-video-preview:-1"},"canonical":"http:\/\/www.luvatjavalvonta.fi\/sv\/ta-kontakt\/","og_locale":"sv_SE","og_type":"article","og_title":"Ta kontakt - Luvat ja valvonta","og_description":"Vill du ge respons p\u00e5 supportwebbplatsen? Har du fr\u00e5gor om tj\u00e4nsten Tillst\u00e5nd och tillsyn eller f\u00f6r\u00e4ndringar i rutinerna? V\u00e4lj l\u00e4mplig blankett: Respons Kontakt","og_url":"http:\/\/www.luvatjavalvonta.fi\/sv\/ta-kontakt\/","og_site_name":"Luvat ja valvonta","article_modified_time":"2023-05-05T04:05:40+00:00","og_image":[{"width":1289,"height":466,"url":"http:\/\/www.luvatjavalvonta.fi\/content\/uploads\/2020\/08\/2020-07_LV_www_yla\u0308kuva_13.jpg","type":"image\/jpeg"}],"twitter_card":"summary_large_image","twitter_misc":{"Est. reading time":"1 minute"},"schema":{"@context":"https:\/\/schema.org","@graph":[{"@type":"WebPage","@id":"http:\/\/www.luvatjavalvonta.fi\/sv\/ta-kontakt\/","url":"http:\/\/www.luvatjavalvonta.fi\/sv\/ta-kontakt\/","name":"Ta kontakt - Luvat ja valvonta","isPartOf":{"@id":"http:\/\/54.75.134.196\/sv\/#website"},"primaryImageOfPage":{"@id":"http:\/\/www.luvatjavalvonta.fi\/sv\/ta-kontakt\/#primaryimage"},"image":{"@id":"http:\/\/www.luvatjavalvonta.fi\/sv\/ta-kontakt\/#primaryimage"},"thumbnailUrl":"https:\/\/luvatjavalvonta.fi\/content\/uploads\/2020\/08\/2020-07_LV_www_yla\u0308kuva_13.jpg","datePublished":"2020-06-17T11:44:36+00:00","dateModified":"2023-05-05T04:05:40+00:00","breadcrumb":{"@id":"http:\/\/www.luvatjavalvonta.fi\/sv\/ta-kontakt\/#breadcrumb"},"inLanguage":"sv-SE","potentialAction":[{"@type":"ReadAction","target":["http:\/\/www.luvatjavalvonta.fi\/sv\/ta-kontakt\/"]}]},{"@type":"ImageObject","inLanguage":"sv-SE","@id":"http:\/\/www.luvatjavalvonta.fi\/sv\/ta-kontakt\/#primaryimage","url":"https:\/\/luvatjavalvonta.fi\/content\/uploads\/2020\/08\/2020-07_LV_www_yla\u0308kuva_13.jpg","contentUrl":"https:\/\/luvatjavalvonta.fi\/content\/uploads\/2020\/08\/2020-07_LV_www_yla\u0308kuva_13.jpg","width":1289,"height":466},{"@type":"BreadcrumbList","@id":"http:\/\/www.luvatjavalvonta.fi\/sv\/ta-kontakt\/#breadcrumb","itemListElement":[{"@type":"ListItem","position":1,"name":"Home","item":"http:\/\/54.75.134.196\/sv\/"},{"@type":"ListItem","position":2,"name":"Ta kontakt"}]},{"@type":"WebSite","@id":"http:\/\/54.75.134.196\/sv\/#website","url":"http:\/\/54.75.134.196\/sv\/","name":"Luvat ja valvonta","description":"","potentialAction":[{"@type":"SearchAction","target":{"@type":"EntryPoint","urlTemplate":"http:\/\/54.75.134.196\/sv\/?s={search_term_string}"},"query-input":{"@type":"PropertyValueSpecification","valueRequired":true,"valueName":"search_term_string"}}],"inLanguage":"sv-SE"}]}},"_links":{"self":[{"href":"https:\/\/luvatjavalvonta.fi\/sv\/wp-json\/wp\/v2\/pages\/4951","targetHints":{"allow":["GET"]}}],"collection":[{"href":"https:\/\/luvatjavalvonta.fi\/sv\/wp-json\/wp\/v2\/pages"}],"about":[{"href":"https:\/\/luvatjavalvonta.fi\/sv\/wp-json\/wp\/v2\/types\/page"}],"author":[{"embeddable":true,"href":"https:\/\/luvatjavalvonta.fi\/sv\/wp-json\/wp\/v2\/users\/1"}],"replies":[{"embeddable":true,"href":"https:\/\/luvatjavalvonta.fi\/sv\/wp-json\/wp\/v2\/comments?post=4951"}],"version-history":[{"count":2,"href":"https:\/\/luvatjavalvonta.fi\/sv\/wp-json\/wp\/v2\/pages\/4951\/revisions"}],"predecessor-version":[{"id":5518,"href":"https:\/\/luvatjavalvonta.fi\/sv\/wp-json\/wp\/v2\/pages\/4951\/revisions\/5518"}],"wp:featuredmedia":[{"embeddable":true,"href":"https:\/\/luvatjavalvonta.fi\/sv\/wp-json\/wp\/v2\/media\/938"}],"wp:attachment":[{"href":"https:\/\/luvatjavalvonta.fi\/sv\/wp-json\/wp\/v2\/media?parent=4951"}],"curies":[{"name":"wp","href":"https:\/\/api.w.org\/{rel}","templated":true}]}}