{"id":4953,"date":"2020-08-07T14:15:37","date_gmt":"2020-08-07T11:15:37","guid":{"rendered":"https:\/\/luvatjavalvonta.fi\/mediebank\/"},"modified":"2023-05-03T13:35:26","modified_gmt":"2023-05-03T10:35:26","slug":"mediebank","status":"publish","type":"page","link":"https:\/\/luvatjavalvonta.fi\/sv\/mediebank\/","title":{"rendered":"Mediebank"},"content":{"rendered":"\n<p>I mediebanken p\u00e5 tj\u00e4nsten Tillst\u00e5nd och tillsyns supportwebbplats kan du bekanta dig med urvalet av verktyg och ladda ner verktyg f\u00f6r eget bruk.<\/p>\n","protected":false},"excerpt":{"rendered":"<p>I mediebanken p\u00e5 tj\u00e4nsten Tillst\u00e5nd och tillsyns supportwebbplats kan du bekanta dig med urvalet av verktyg och ladda ner verktyg f\u00f6r eget bruk.<\/p>\n","protected":false},"author":1,"featured_media":0,"parent":0,"menu_order":254,"comment_status":"closed","ping_status":"closed","template":"page-media-bank.php","meta":{"_acf_changed":false,"inline_featured_image":false,"footnotes":""},"class_list":["post-4953","page","type-page","status-publish","hentry"],"acf":{"ai_extra_content":"","ai_instructions":"","ai_hidden_page":false},"yoast_head":"<!-- This site is optimized with the Yoast SEO plugin v25.9 - https:\/\/yoast.com\/wordpress\/plugins\/seo\/ -->\n<title>Mediebank - Luvat ja valvonta<\/title>\n<meta name=\"robots\" content=\"index, follow, max-snippet:-1, max-image-preview:large, max-video-preview:-1\" \/>\n<link rel=\"canonical\" href=\"https:\/\/luvatjavalvonta.fi\/sv\/mediebank\/\" \/>\n<meta property=\"og:locale\" content=\"sv_SE\" \/>\n<meta property=\"og:type\" content=\"article\" \/>\n<meta property=\"og:title\" content=\"Mediebank - Luvat ja valvonta\" \/>\n<meta property=\"og:description\" content=\"I mediebanken p\u00e5 tj\u00e4nsten Tillst\u00e5nd och tillsyns supportwebbplats kan du bekanta dig med urvalet av verktyg och ladda ner verktyg f\u00f6r eget bruk.\" \/>\n<meta property=\"og:url\" content=\"https:\/\/luvatjavalvonta.fi\/sv\/mediebank\/\" \/>\n<meta property=\"og:site_name\" content=\"Luvat ja valvonta\" \/>\n<meta property=\"article:modified_time\" content=\"2023-05-03T10:35:26+00:00\" \/>\n<meta name=\"twitter:card\" content=\"summary_large_image\" \/>\n<meta name=\"twitter:label1\" content=\"Est. reading time\" \/>\n\t<meta name=\"twitter:data1\" content=\"1 minute\" \/>\n<script type=\"application\/ld+json\" class=\"yoast-schema-graph\">{\"@context\":\"https:\/\/schema.org\",\"@graph\":[{\"@type\":\"WebPage\",\"@id\":\"https:\/\/luvatjavalvonta.fi\/sv\/mediebank\/\",\"url\":\"https:\/\/luvatjavalvonta.fi\/sv\/mediebank\/\",\"name\":\"Mediebank - Luvat ja valvonta\",\"isPartOf\":{\"@id\":\"http:\/\/54.75.134.196\/sv\/#website\"},\"datePublished\":\"2020-08-07T11:15:37+00:00\",\"dateModified\":\"2023-05-03T10:35:26+00:00\",\"breadcrumb\":{\"@id\":\"https:\/\/luvatjavalvonta.fi\/sv\/mediebank\/#breadcrumb\"},\"inLanguage\":\"sv-SE\",\"potentialAction\":[{\"@type\":\"ReadAction\",\"target\":[\"https:\/\/luvatjavalvonta.fi\/sv\/mediebank\/\"]}]},{\"@type\":\"BreadcrumbList\",\"@id\":\"https:\/\/luvatjavalvonta.fi\/sv\/mediebank\/#breadcrumb\",\"itemListElement\":[{\"@type\":\"ListItem\",\"position\":1,\"name\":\"Home\",\"item\":\"http:\/\/54.75.134.196\/sv\/\"},{\"@type\":\"ListItem\",\"position\":2,\"name\":\"Mediebank\"}]},{\"@type\":\"WebSite\",\"@id\":\"http:\/\/54.75.134.196\/sv\/#website\",\"url\":\"http:\/\/54.75.134.196\/sv\/\",\"name\":\"Luvat ja valvonta\",\"description\":\"\",\"potentialAction\":[{\"@type\":\"SearchAction\",\"target\":{\"@type\":\"EntryPoint\",\"urlTemplate\":\"http:\/\/54.75.134.196\/sv\/?s={search_term_string}\"},\"query-input\":{\"@type\":\"PropertyValueSpecification\",\"valueRequired\":true,\"valueName\":\"search_term_string\"}}],\"inLanguage\":\"sv-SE\"}]}<\/script>\n<!-- \/ Yoast SEO plugin. -->","yoast_head_json":{"title":"Mediebank - Luvat ja valvonta","robots":{"index":"index","follow":"follow","max-snippet":"max-snippet:-1","max-image-preview":"max-image-preview:large","max-video-preview":"max-video-preview:-1"},"canonical":"https:\/\/luvatjavalvonta.fi\/sv\/mediebank\/","og_locale":"sv_SE","og_type":"article","og_title":"Mediebank - Luvat ja valvonta","og_description":"I mediebanken p\u00e5 tj\u00e4nsten Tillst\u00e5nd och tillsyns supportwebbplats kan du bekanta dig med urvalet av verktyg och ladda ner verktyg f\u00f6r eget bruk.","og_url":"https:\/\/luvatjavalvonta.fi\/sv\/mediebank\/","og_site_name":"Luvat ja valvonta","article_modified_time":"2023-05-03T10:35:26+00:00","twitter_card":"summary_large_image","twitter_misc":{"Est. reading time":"1 minute"},"schema":{"@context":"https:\/\/schema.org","@graph":[{"@type":"WebPage","@id":"https:\/\/luvatjavalvonta.fi\/sv\/mediebank\/","url":"https:\/\/luvatjavalvonta.fi\/sv\/mediebank\/","name":"Mediebank - Luvat ja valvonta","isPartOf":{"@id":"http:\/\/54.75.134.196\/sv\/#website"},"datePublished":"2020-08-07T11:15:37+00:00","dateModified":"2023-05-03T10:35:26+00:00","breadcrumb":{"@id":"https:\/\/luvatjavalvonta.fi\/sv\/mediebank\/#breadcrumb"},"inLanguage":"sv-SE","potentialAction":[{"@type":"ReadAction","target":["https:\/\/luvatjavalvonta.fi\/sv\/mediebank\/"]}]},{"@type":"BreadcrumbList","@id":"https:\/\/luvatjavalvonta.fi\/sv\/mediebank\/#breadcrumb","itemListElement":[{"@type":"ListItem","position":1,"name":"Home","item":"http:\/\/54.75.134.196\/sv\/"},{"@type":"ListItem","position":2,"name":"Mediebank"}]},{"@type":"WebSite","@id":"http:\/\/54.75.134.196\/sv\/#website","url":"http:\/\/54.75.134.196\/sv\/","name":"Luvat ja valvonta","description":"","potentialAction":[{"@type":"SearchAction","target":{"@type":"EntryPoint","urlTemplate":"http:\/\/54.75.134.196\/sv\/?s={search_term_string}"},"query-input":{"@type":"PropertyValueSpecification","valueRequired":true,"valueName":"search_term_string"}}],"inLanguage":"sv-SE"}]}},"_links":{"self":[{"href":"https:\/\/luvatjavalvonta.fi\/sv\/wp-json\/wp\/v2\/pages\/4953","targetHints":{"allow":["GET"]}}],"collection":[{"href":"https:\/\/luvatjavalvonta.fi\/sv\/wp-json\/wp\/v2\/pages"}],"about":[{"href":"https:\/\/luvatjavalvonta.fi\/sv\/wp-json\/wp\/v2\/types\/page"}],"author":[{"embeddable":true,"href":"https:\/\/luvatjavalvonta.fi\/sv\/wp-json\/wp\/v2\/users\/1"}],"replies":[{"embeddable":true,"href":"https:\/\/luvatjavalvonta.fi\/sv\/wp-json\/wp\/v2\/comments?post=4953"}],"version-history":[{"count":2,"href":"https:\/\/luvatjavalvonta.fi\/sv\/wp-json\/wp\/v2\/pages\/4953\/revisions"}],"predecessor-version":[{"id":5453,"href":"https:\/\/luvatjavalvonta.fi\/sv\/wp-json\/wp\/v2\/pages\/4953\/revisions\/5453"}],"wp:attachment":[{"href":"https:\/\/luvatjavalvonta.fi\/sv\/wp-json\/wp\/v2\/media?parent=4953"}],"curies":[{"name":"wp","href":"https:\/\/api.w.org\/{rel}","templated":true}]}}