{"id":4955,"date":"2021-09-21T09:56:56","date_gmt":"2021-09-21T06:56:56","guid":{"rendered":"https:\/\/luvatjavalvonta.fi\/nyhetsrum\/tillstands-och-tillsynsprojektets-nyhetsbrev\/"},"modified":"2026-01-21T12:45:17","modified_gmt":"2026-01-21T10:45:17","slug":"tillstands-och-tillsynsprojektets-nyhetsbrev","status":"publish","type":"page","link":"https:\/\/luvatjavalvonta.fi\/sv\/nyhetsrum\/tillstands-och-tillsynsprojektets-nyhetsbrev\/","title":{"rendered":"Tillst\u00e5nds- och tillsynsprojektets nyhetsbrev"},"content":{"rendered":"\n<p>H\u00e4r hittar du tidigare publicerade nyhetsbrev om projektet Tillst\u00e5nd och tillsyn. Fr\u00e5n och med ing\u00e5ngen av 2025 har nyheterna publicerats i avsnittet aktuellt p\u00e5 st\u00f6dwebbplatsen.<\/p>\n\n\n\n<hr class=\"wp-block-separator has-css-opacity\"\/>\n\n\n\n<h2 class=\"wp-block-heading\">Publicerade nyhetsbrev (p\u00e5 finska)<\/h2>\n\n\n\n<ul class=\"wp-block-list\">\n<li><a href=\"https:\/\/www.emaileri.fi\/g\/l\/339502\/0\/0\/7170\/2381\/0\" target=\"_blank\" rel=\"noreferrer noopener\">Tillst\u00e5nds- och tillsynsprojektets nyhetsbrev, december 2022<\/a><\/li>\n\n\n\n<li><a href=\"https:\/\/www.emaileri.fi\/g\/l\/335244\/0\/0\/7170\/2381\/0\" target=\"_blank\" rel=\"noreferrer noopener\">Tillst\u00e5nds- och tillsynsprojektets nyhetsbrev, september 2022<\/a><\/li>\n\n\n\n<li><a href=\"https:\/\/www.emaileri.fi\/g\/l\/329692\/0\/0\/7170\/2381\/0\" target=\"_blank\" rel=\"noreferrer noopener\">Tillst\u00e5nds- och tillsynsprojektets nyhetsbrev, juni 2022<\/a><\/li>\n\n\n\n<li><a href=\"https:\/\/www.emaileri.fi\/g\/l\/325309\/0\/0\/7170\/2381\/0\" target=\"_blank\" rel=\"noreferrer noopener\">Tillst\u00e5nds- och tillsynsprojektets nyhetsbrev, mars 2022<\/a><\/li>\n\n\n\n<li><a href=\"https:\/\/www.emaileri.fi\/g\/l\/318162\/74204176\/2234641\/7159\/2381\/8\" target=\"_blank\" rel=\"noreferrer noopener\">Tillst\u00e5nds- och tillsynsprojektets nyhetsbrev, november 2021<\/a><\/li>\n\n\n\n<li><a href=\"https:\/\/www.emaileri.fi\/g\/l\/312973\/74204175\/2219875\/7170\/2381\/0\" target=\"_blank\" rel=\"noreferrer noopener\">Tillst\u00e5nd och tillsyn: Temanyhetsbrev om direktivet om f\u00f6rnybar energi (RED II) 1\/2021<\/a><\/li>\n<\/ul>\n","protected":false},"excerpt":{"rendered":"<p>H\u00e4r hittar du tidigare publicerade nyhetsbrev om projektet Tillst\u00e5nd och tillsyn. Fr\u00e5n och med ing\u00e5ngen av 2025 har nyheterna publicerats i avsnittet aktuellt p\u00e5 st\u00f6dwebbplatsen. Publicerade nyhetsbrev (p\u00e5 finska)<\/p>\n","protected":false},"author":11,"featured_media":931,"parent":4894,"menu_order":233,"comment_status":"closed","ping_status":"closed","template":"","meta":{"_acf_changed":false,"inline_featured_image":false,"footnotes":""},"class_list":["post-4955","page","type-page","status-publish","has-post-thumbnail","hentry"],"acf":{"ai_extra_content":"","ai_instructions":"","ai_hidden_page":false},"yoast_head":"<!-- This site is optimized with the Yoast SEO plugin v25.9 - https:\/\/yoast.com\/wordpress\/plugins\/seo\/ -->\n<title>Tillst\u00e5nds- och tillsynsprojektets nyhetsbrev - Luvat ja valvonta<\/title>\n<meta name=\"description\" content=\"I Tillst\u00e5nds- och tillsynsprojektet f\u00f6rnyas operativa modeller f\u00f6r tillst\u00e5nds- och tillsynsverksamhet med hj\u00e4lp av digitalisering. L\u00e4s mer!\" \/>\n<meta name=\"robots\" content=\"index, follow, max-snippet:-1, max-image-preview:large, max-video-preview:-1\" \/>\n<link rel=\"canonical\" href=\"http:\/\/ec2-54-75-134-196.eu-west-1.compute.amazonaws.com\/uutishuone\/uutiskirjeet\/\" \/>\n<meta property=\"og:locale\" content=\"sv_SE\" \/>\n<meta property=\"og:type\" content=\"article\" \/>\n<meta property=\"og:title\" content=\"Tillst\u00e5nds- och tillsynsprojektets nyhetsbrev - Luvat ja valvonta\" \/>\n<meta property=\"og:description\" content=\"I Tillst\u00e5nds- och tillsynsprojektet f\u00f6rnyas operativa modeller f\u00f6r tillst\u00e5nds- och tillsynsverksamhet med hj\u00e4lp av digitalisering. L\u00e4s mer!\" \/>\n<meta property=\"og:url\" content=\"http:\/\/ec2-54-75-134-196.eu-west-1.compute.amazonaws.com\/uutishuone\/uutiskirjeet\/\" \/>\n<meta property=\"og:site_name\" content=\"Luvat ja valvonta\" \/>\n<meta property=\"article:modified_time\" content=\"2026-01-21T10:45:17+00:00\" \/>\n<meta property=\"og:image\" content=\"http:\/\/ec2-54-75-134-196.eu-west-1.compute.amazonaws.com\/content\/uploads\/2020\/08\/2020-07_LV_www_yla\u0308kuva_5.jpg\" \/>\n\t<meta property=\"og:image:width\" content=\"1289\" \/>\n\t<meta property=\"og:image:height\" content=\"466\" \/>\n\t<meta property=\"og:image:type\" content=\"image\/jpeg\" \/>\n<meta name=\"twitter:card\" content=\"summary_large_image\" \/>\n<meta name=\"twitter:label1\" content=\"Est. reading time\" \/>\n\t<meta name=\"twitter:data1\" content=\"1 minute\" \/>\n<script type=\"application\/ld+json\" class=\"yoast-schema-graph\">{\"@context\":\"https:\/\/schema.org\",\"@graph\":[{\"@type\":\"WebPage\",\"@id\":\"http:\/\/ec2-54-75-134-196.eu-west-1.compute.amazonaws.com\/uutishuone\/uutiskirjeet\/\",\"url\":\"http:\/\/ec2-54-75-134-196.eu-west-1.compute.amazonaws.com\/uutishuone\/uutiskirjeet\/\",\"name\":\"Tillst\u00e5nds- och tillsynsprojektets nyhetsbrev - Luvat ja valvonta\",\"isPartOf\":{\"@id\":\"https:\/\/luvatjavalvonta.fi\/#website\"},\"primaryImageOfPage\":{\"@id\":\"http:\/\/ec2-54-75-134-196.eu-west-1.compute.amazonaws.com\/uutishuone\/uutiskirjeet\/#primaryimage\"},\"image\":{\"@id\":\"http:\/\/ec2-54-75-134-196.eu-west-1.compute.amazonaws.com\/uutishuone\/uutiskirjeet\/#primaryimage\"},\"thumbnailUrl\":\"https:\/\/luvatjavalvonta.fi\/content\/uploads\/2020\/08\/2020-07_LV_www_yla\u0308kuva_5.jpg\",\"datePublished\":\"2021-09-21T06:56:56+00:00\",\"dateModified\":\"2026-01-21T10:45:17+00:00\",\"description\":\"I Tillst\u00e5nds- och tillsynsprojektet f\u00f6rnyas operativa modeller f\u00f6r tillst\u00e5nds- och tillsynsverksamhet med hj\u00e4lp av digitalisering. L\u00e4s mer!\",\"breadcrumb\":{\"@id\":\"http:\/\/ec2-54-75-134-196.eu-west-1.compute.amazonaws.com\/uutishuone\/uutiskirjeet\/#breadcrumb\"},\"inLanguage\":\"sv-SE\",\"potentialAction\":[{\"@type\":\"ReadAction\",\"target\":[\"http:\/\/ec2-54-75-134-196.eu-west-1.compute.amazonaws.com\/uutishuone\/uutiskirjeet\/\"]}]},{\"@type\":\"ImageObject\",\"inLanguage\":\"sv-SE\",\"@id\":\"http:\/\/ec2-54-75-134-196.eu-west-1.compute.amazonaws.com\/uutishuone\/uutiskirjeet\/#primaryimage\",\"url\":\"https:\/\/luvatjavalvonta.fi\/content\/uploads\/2020\/08\/2020-07_LV_www_yla\u0308kuva_5.jpg\",\"contentUrl\":\"https:\/\/luvatjavalvonta.fi\/content\/uploads\/2020\/08\/2020-07_LV_www_yla\u0308kuva_5.jpg\",\"width\":1289,\"height\":466},{\"@type\":\"BreadcrumbList\",\"@id\":\"http:\/\/ec2-54-75-134-196.eu-west-1.compute.amazonaws.com\/uutishuone\/uutiskirjeet\/#breadcrumb\",\"itemListElement\":[{\"@type\":\"ListItem\",\"position\":1,\"name\":\"Home\",\"item\":\"https:\/\/luvatjavalvonta.fi\/sv\/\"},{\"@type\":\"ListItem\",\"position\":2,\"name\":\"Nyhetsrum\",\"item\":\"http:\/\/www.luvatjavalvonta.fi\/sv\/nyhetsrum\/\"},{\"@type\":\"ListItem\",\"position\":3,\"name\":\"Tillst\u00e5nds- och tillsynsprojektets nyhetsbrev\"}]},{\"@type\":\"WebSite\",\"@id\":\"https:\/\/luvatjavalvonta.fi\/#website\",\"url\":\"https:\/\/luvatjavalvonta.fi\/\",\"name\":\"Luvat ja valvonta\",\"description\":\"\",\"potentialAction\":[{\"@type\":\"SearchAction\",\"target\":{\"@type\":\"EntryPoint\",\"urlTemplate\":\"https:\/\/luvatjavalvonta.fi\/?s={search_term_string}\"},\"query-input\":{\"@type\":\"PropertyValueSpecification\",\"valueRequired\":true,\"valueName\":\"search_term_string\"}}],\"inLanguage\":\"sv-SE\"}]}<\/script>\n<!-- \/ Yoast SEO plugin. -->","yoast_head_json":{"title":"Tillst\u00e5nds- och tillsynsprojektets nyhetsbrev - Luvat ja valvonta","description":"I Tillst\u00e5nds- och tillsynsprojektet f\u00f6rnyas operativa modeller f\u00f6r tillst\u00e5nds- och tillsynsverksamhet med hj\u00e4lp av digitalisering. L\u00e4s mer!","robots":{"index":"index","follow":"follow","max-snippet":"max-snippet:-1","max-image-preview":"max-image-preview:large","max-video-preview":"max-video-preview:-1"},"canonical":"http:\/\/ec2-54-75-134-196.eu-west-1.compute.amazonaws.com\/uutishuone\/uutiskirjeet\/","og_locale":"sv_SE","og_type":"article","og_title":"Tillst\u00e5nds- och tillsynsprojektets nyhetsbrev - Luvat ja valvonta","og_description":"I Tillst\u00e5nds- och tillsynsprojektet f\u00f6rnyas operativa modeller f\u00f6r tillst\u00e5nds- och tillsynsverksamhet med hj\u00e4lp av digitalisering. L\u00e4s mer!","og_url":"http:\/\/ec2-54-75-134-196.eu-west-1.compute.amazonaws.com\/uutishuone\/uutiskirjeet\/","og_site_name":"Luvat ja valvonta","article_modified_time":"2026-01-21T10:45:17+00:00","og_image":[{"width":1289,"height":466,"url":"http:\/\/ec2-54-75-134-196.eu-west-1.compute.amazonaws.com\/content\/uploads\/2020\/08\/2020-07_LV_www_yla\u0308kuva_5.jpg","type":"image\/jpeg"}],"twitter_card":"summary_large_image","twitter_misc":{"Est. reading time":"1 minute"},"schema":{"@context":"https:\/\/schema.org","@graph":[{"@type":"WebPage","@id":"http:\/\/ec2-54-75-134-196.eu-west-1.compute.amazonaws.com\/uutishuone\/uutiskirjeet\/","url":"http:\/\/ec2-54-75-134-196.eu-west-1.compute.amazonaws.com\/uutishuone\/uutiskirjeet\/","name":"Tillst\u00e5nds- och tillsynsprojektets nyhetsbrev - Luvat ja valvonta","isPartOf":{"@id":"https:\/\/luvatjavalvonta.fi\/#website"},"primaryImageOfPage":{"@id":"http:\/\/ec2-54-75-134-196.eu-west-1.compute.amazonaws.com\/uutishuone\/uutiskirjeet\/#primaryimage"},"image":{"@id":"http:\/\/ec2-54-75-134-196.eu-west-1.compute.amazonaws.com\/uutishuone\/uutiskirjeet\/#primaryimage"},"thumbnailUrl":"https:\/\/luvatjavalvonta.fi\/content\/uploads\/2020\/08\/2020-07_LV_www_yla\u0308kuva_5.jpg","datePublished":"2021-09-21T06:56:56+00:00","dateModified":"2026-01-21T10:45:17+00:00","description":"I Tillst\u00e5nds- och tillsynsprojektet f\u00f6rnyas operativa modeller f\u00f6r tillst\u00e5nds- och tillsynsverksamhet med hj\u00e4lp av digitalisering. L\u00e4s mer!","breadcrumb":{"@id":"http:\/\/ec2-54-75-134-196.eu-west-1.compute.amazonaws.com\/uutishuone\/uutiskirjeet\/#breadcrumb"},"inLanguage":"sv-SE","potentialAction":[{"@type":"ReadAction","target":["http:\/\/ec2-54-75-134-196.eu-west-1.compute.amazonaws.com\/uutishuone\/uutiskirjeet\/"]}]},{"@type":"ImageObject","inLanguage":"sv-SE","@id":"http:\/\/ec2-54-75-134-196.eu-west-1.compute.amazonaws.com\/uutishuone\/uutiskirjeet\/#primaryimage","url":"https:\/\/luvatjavalvonta.fi\/content\/uploads\/2020\/08\/2020-07_LV_www_yla\u0308kuva_5.jpg","contentUrl":"https:\/\/luvatjavalvonta.fi\/content\/uploads\/2020\/08\/2020-07_LV_www_yla\u0308kuva_5.jpg","width":1289,"height":466},{"@type":"BreadcrumbList","@id":"http:\/\/ec2-54-75-134-196.eu-west-1.compute.amazonaws.com\/uutishuone\/uutiskirjeet\/#breadcrumb","itemListElement":[{"@type":"ListItem","position":1,"name":"Home","item":"https:\/\/luvatjavalvonta.fi\/sv\/"},{"@type":"ListItem","position":2,"name":"Nyhetsrum","item":"http:\/\/www.luvatjavalvonta.fi\/sv\/nyhetsrum\/"},{"@type":"ListItem","position":3,"name":"Tillst\u00e5nds- och tillsynsprojektets nyhetsbrev"}]},{"@type":"WebSite","@id":"https:\/\/luvatjavalvonta.fi\/#website","url":"https:\/\/luvatjavalvonta.fi\/","name":"Luvat ja valvonta","description":"","potentialAction":[{"@type":"SearchAction","target":{"@type":"EntryPoint","urlTemplate":"https:\/\/luvatjavalvonta.fi\/?s={search_term_string}"},"query-input":{"@type":"PropertyValueSpecification","valueRequired":true,"valueName":"search_term_string"}}],"inLanguage":"sv-SE"}]}},"_links":{"self":[{"href":"https:\/\/luvatjavalvonta.fi\/sv\/wp-json\/wp\/v2\/pages\/4955","targetHints":{"allow":["GET"]}}],"collection":[{"href":"https:\/\/luvatjavalvonta.fi\/sv\/wp-json\/wp\/v2\/pages"}],"about":[{"href":"https:\/\/luvatjavalvonta.fi\/sv\/wp-json\/wp\/v2\/types\/page"}],"author":[{"embeddable":true,"href":"https:\/\/luvatjavalvonta.fi\/sv\/wp-json\/wp\/v2\/users\/11"}],"replies":[{"embeddable":true,"href":"https:\/\/luvatjavalvonta.fi\/sv\/wp-json\/wp\/v2\/comments?post=4955"}],"version-history":[{"count":6,"href":"https:\/\/luvatjavalvonta.fi\/sv\/wp-json\/wp\/v2\/pages\/4955\/revisions"}],"predecessor-version":[{"id":8384,"href":"https:\/\/luvatjavalvonta.fi\/sv\/wp-json\/wp\/v2\/pages\/4955\/revisions\/8384"}],"up":[{"embeddable":true,"href":"https:\/\/luvatjavalvonta.fi\/sv\/wp-json\/wp\/v2\/pages\/4894"}],"wp:featuredmedia":[{"embeddable":true,"href":"https:\/\/luvatjavalvonta.fi\/sv\/wp-json\/wp\/v2\/media\/931"}],"wp:attachment":[{"href":"https:\/\/luvatjavalvonta.fi\/sv\/wp-json\/wp\/v2\/media?parent=4955"}],"curies":[{"name":"wp","href":"https:\/\/api.w.org\/{rel}","templated":true}]}}