{"id":4957,"date":"2022-09-01T10:21:13","date_gmt":"2022-09-01T07:21:13","guid":{"rendered":"https:\/\/luvatjavalvonta.fi\/nyhetsrum\/sociala-medier\/"},"modified":"2023-05-05T08:29:19","modified_gmt":"2023-05-05T05:29:19","slug":"sociala-medier","status":"publish","type":"page","link":"https:\/\/luvatjavalvonta.fi\/sv\/nyhetsrum\/sociala-medier\/","title":{"rendered":"Sociala medier"},"content":{"rendered":"\n<hr class=\"wp-block-separator has-alpha-channel-opacity\"\/>\n\n\n\n<div class=\"wp-block-columns is-layout-flex wp-container-core-columns-is-layout-9d6595d7 wp-block-columns-is-layout-flex\">\n<div class=\"wp-block-column is-vertically-aligned-center is-layout-flow wp-block-column-is-layout-flow\" style=\"flex-basis:20%\">\n<p><a href=\"https:\/\/luvatjavalvonta.fi\/content\/uploads\/2022\/09\/profiilikuva2.png\"><img loading=\"lazy\" decoding=\"async\" class=\"aligncenter wp-image-3709\" src=\"https:\/\/luvatjavalvonta.fi\/content\/uploads\/2022\/09\/profiilikuva2-150x150.png\" alt=\"\" width=\"125\" height=\"125\" srcset=\"https:\/\/luvatjavalvonta.fi\/content\/uploads\/2022\/09\/profiilikuva2-150x150.png 150w, https:\/\/luvatjavalvonta.fi\/content\/uploads\/2022\/09\/profiilikuva2-300x300.png 300w, https:\/\/luvatjavalvonta.fi\/content\/uploads\/2022\/09\/profiilikuva2-768x768.png 768w, https:\/\/luvatjavalvonta.fi\/content\/uploads\/2022\/09\/profiilikuva2-200x200.png 200w, https:\/\/luvatjavalvonta.fi\/content\/uploads\/2022\/09\/profiilikuva2.png 1000w\" sizes=\"auto, (max-width: 125px) 100vw, 125px\" \/><\/a><\/p>\n<\/div>\n\n\n\n<div class=\"wp-block-column is-layout-flow wp-block-column-is-layout-flow\" style=\"flex-basis:80%\">\n<p>Tillst\u00e5nds- och tillsynstj\u00e4nsten finns i sociala medier. Kanalerna i sociala medier \u00e4r YouTube och Twitter.<\/p>\n<\/div>\n<\/div>\n\n\n\n<h2 class=\"wp-block-heading\">Youtube<\/h2>\n\n\n\n<p>P\u00e5 Tillst\u00e5nds- och tillsynstj\u00e4nstens YouTube-kanal finns videor som till exempel presenterar projektet och ger v\u00e4gledning vid inf\u00f6randet av tj\u00e4nsten. <\/p>\n\n\n\n<p>Tutustu Luvat ja Valvonta -kanavaan <a href=\"https:\/\/www.youtube.com\/@luvatjavalvonta8004\" target=\"_blank\" rel=\"noreferrer noopener\">YouTubessa<\/a>.<\/p>\n\n\n\n<div style=\"height:31px\" aria-hidden=\"true\" class=\"wp-block-spacer\"><\/div>\n\n\n\n<h2>Twitter<\/h2>\n\n\n\n<div class=\"wp-block-columns is-layout-flex wp-container-core-columns-is-layout-9d6595d7 wp-block-columns-is-layout-flex\">\n<div class=\"wp-block-column is-vertically-aligned-top is-layout-flow wp-block-column-is-layout-flow\" style=\"flex-basis:33.33%\">\n<p>Aktuella nyheter om Tillst\u00e5nds- och tillsynsprojektet och -tj\u00e4nsten publiceras p\u00e5 Twitter. Du kan delta i diskussionen genom att n\u00e4mna @digiluvat-anv\u00e4ndarkonto och anv\u00e4nda hashtaggarna #digiluvat #yksiluukku<\/p>\n<p>Ta del av <a href=\"https:\/\/twitter.com\/digiluvat\" target=\"_blank\" rel=\"noopener\">Twitter-kontot<\/a>.<\/p>\n<\/div>\n\n\n\n<div class=\"wp-block-column is-vertically-aligned-top is-layout-flow wp-block-column-is-layout-flow\" style=\"flex-basis:66.66%\">\n<figure class=\"wp-block-embed is-type-rich is-provider-twitter wp-block-embed-twitter\"><div class=\"wp-block-embed__wrapper\">\n<a class=\"twitter-timeline\" data-width=\"500\" data-height=\"750\" data-dnt=\"true\" href=\"https:\/\/twitter.com\/digiluvat?ref_src=twsrc%5Etfw\">Tweets by digiluvat<\/a><script async src=\"https:\/\/platform.twitter.com\/widgets.js\" charset=\"utf-8\"><\/script>\n<\/div><\/figure>\n<\/div>\n<\/div>\n","protected":false},"excerpt":{"rendered":"<p>Tillst\u00e5nds- och tillsynstj\u00e4nsten finns i sociala medier. Kanalerna i sociala medier \u00e4r YouTube och Twitter. Youtube P\u00e5 Tillst\u00e5nds- och tillsynstj\u00e4nstens YouTube-kanal finns videor som till exempel presenterar projektet och ger v\u00e4gledning vid inf\u00f6randet av tj\u00e4nsten. Tutustu Luvat ja Valvonta -kanavaan YouTubessa. Twitter Aktuella nyheter om Tillst\u00e5nds- och tillsynsprojektet och -tj\u00e4nsten publiceras p\u00e5 Twitter. Du kan [&hellip;]<\/p>\n","protected":false},"author":14,"featured_media":0,"parent":4894,"menu_order":232,"comment_status":"closed","ping_status":"closed","template":"","meta":{"_acf_changed":false,"inline_featured_image":false,"footnotes":""},"class_list":["post-4957","page","type-page","status-publish","hentry"],"acf":{"ai_extra_content":"","ai_instructions":"","ai_hidden_page":false},"yoast_head":"<!-- This site is optimized with the Yoast SEO plugin v25.9 - https:\/\/yoast.com\/wordpress\/plugins\/seo\/ -->\n<title>Sociala medier - Luvat ja valvonta<\/title>\n<meta name=\"robots\" content=\"index, follow, max-snippet:-1, max-image-preview:large, max-video-preview:-1\" \/>\n<link rel=\"canonical\" href=\"https:\/\/luvatjavalvonta.fi\/sv\/nyhetsrum\/sociala-medier\/\" \/>\n<meta property=\"og:locale\" content=\"sv_SE\" \/>\n<meta property=\"og:type\" content=\"article\" \/>\n<meta property=\"og:title\" content=\"Sociala medier - Luvat ja valvonta\" \/>\n<meta property=\"og:description\" content=\"Tillst\u00e5nds- och tillsynstj\u00e4nsten finns i sociala medier. Kanalerna i sociala medier \u00e4r YouTube och Twitter. Youtube P\u00e5 Tillst\u00e5nds- och tillsynstj\u00e4nstens YouTube-kanal finns videor som till exempel presenterar projektet och ger v\u00e4gledning vid inf\u00f6randet av tj\u00e4nsten. Tutustu Luvat ja Valvonta -kanavaan YouTubessa. Twitter Aktuella nyheter om Tillst\u00e5nds- och tillsynsprojektet och -tj\u00e4nsten publiceras p\u00e5 Twitter. Du kan [&hellip;]\" \/>\n<meta property=\"og:url\" content=\"https:\/\/luvatjavalvonta.fi\/sv\/nyhetsrum\/sociala-medier\/\" \/>\n<meta property=\"og:site_name\" content=\"Luvat ja valvonta\" \/>\n<meta property=\"article:modified_time\" content=\"2023-05-05T05:29:19+00:00\" \/>\n<meta property=\"og:image\" content=\"https:\/\/luvatjavalvonta.fi\/content\/uploads\/2022\/09\/profiilikuva2-150x150.png\" \/>\n<meta name=\"twitter:card\" content=\"summary_large_image\" \/>\n<meta name=\"twitter:label1\" content=\"Est. reading time\" \/>\n\t<meta name=\"twitter:data1\" content=\"1 minute\" \/>\n<script type=\"application\/ld+json\" class=\"yoast-schema-graph\">{\"@context\":\"https:\/\/schema.org\",\"@graph\":[{\"@type\":\"WebPage\",\"@id\":\"https:\/\/luvatjavalvonta.fi\/sv\/nyhetsrum\/sociala-medier\/\",\"url\":\"https:\/\/luvatjavalvonta.fi\/sv\/nyhetsrum\/sociala-medier\/\",\"name\":\"Sociala medier - Luvat ja valvonta\",\"isPartOf\":{\"@id\":\"https:\/\/luvatjavalvonta.fi\/#website\"},\"primaryImageOfPage\":{\"@id\":\"https:\/\/luvatjavalvonta.fi\/sv\/nyhetsrum\/sociala-medier\/#primaryimage\"},\"image\":{\"@id\":\"https:\/\/luvatjavalvonta.fi\/sv\/nyhetsrum\/sociala-medier\/#primaryimage\"},\"thumbnailUrl\":\"https:\/\/luvatjavalvonta.fi\/content\/uploads\/2022\/09\/profiilikuva2-150x150.png\",\"datePublished\":\"2022-09-01T07:21:13+00:00\",\"dateModified\":\"2023-05-05T05:29:19+00:00\",\"breadcrumb\":{\"@id\":\"https:\/\/luvatjavalvonta.fi\/sv\/nyhetsrum\/sociala-medier\/#breadcrumb\"},\"inLanguage\":\"sv-SE\",\"potentialAction\":[{\"@type\":\"ReadAction\",\"target\":[\"https:\/\/luvatjavalvonta.fi\/sv\/nyhetsrum\/sociala-medier\/\"]}]},{\"@type\":\"ImageObject\",\"inLanguage\":\"sv-SE\",\"@id\":\"https:\/\/luvatjavalvonta.fi\/sv\/nyhetsrum\/sociala-medier\/#primaryimage\",\"url\":\"https:\/\/luvatjavalvonta.fi\/content\/uploads\/2022\/09\/profiilikuva2-150x150.png\",\"contentUrl\":\"https:\/\/luvatjavalvonta.fi\/content\/uploads\/2022\/09\/profiilikuva2-150x150.png\"},{\"@type\":\"BreadcrumbList\",\"@id\":\"https:\/\/luvatjavalvonta.fi\/sv\/nyhetsrum\/sociala-medier\/#breadcrumb\",\"itemListElement\":[{\"@type\":\"ListItem\",\"position\":1,\"name\":\"Home\",\"item\":\"http:\/\/54.75.134.196:80\/sv\/\"},{\"@type\":\"ListItem\",\"position\":2,\"name\":\"Nyhetsrum\",\"item\":\"https:\/\/luvatjavalvonta.fi\/sv\/nyhetsrum\/\"},{\"@type\":\"ListItem\",\"position\":3,\"name\":\"Sociala medier\"}]},{\"@type\":\"WebSite\",\"@id\":\"https:\/\/luvatjavalvonta.fi\/#website\",\"url\":\"https:\/\/luvatjavalvonta.fi\/\",\"name\":\"Luvat ja valvonta\",\"description\":\"\",\"potentialAction\":[{\"@type\":\"SearchAction\",\"target\":{\"@type\":\"EntryPoint\",\"urlTemplate\":\"https:\/\/luvatjavalvonta.fi\/?s={search_term_string}\"},\"query-input\":{\"@type\":\"PropertyValueSpecification\",\"valueRequired\":true,\"valueName\":\"search_term_string\"}}],\"inLanguage\":\"sv-SE\"}]}<\/script>\n<!-- \/ Yoast SEO plugin. -->","yoast_head_json":{"title":"Sociala medier - Luvat ja valvonta","robots":{"index":"index","follow":"follow","max-snippet":"max-snippet:-1","max-image-preview":"max-image-preview:large","max-video-preview":"max-video-preview:-1"},"canonical":"https:\/\/luvatjavalvonta.fi\/sv\/nyhetsrum\/sociala-medier\/","og_locale":"sv_SE","og_type":"article","og_title":"Sociala medier - Luvat ja valvonta","og_description":"Tillst\u00e5nds- och tillsynstj\u00e4nsten finns i sociala medier. Kanalerna i sociala medier \u00e4r YouTube och Twitter. Youtube P\u00e5 Tillst\u00e5nds- och tillsynstj\u00e4nstens YouTube-kanal finns videor som till exempel presenterar projektet och ger v\u00e4gledning vid inf\u00f6randet av tj\u00e4nsten. Tutustu Luvat ja Valvonta -kanavaan YouTubessa. Twitter Aktuella nyheter om Tillst\u00e5nds- och tillsynsprojektet och -tj\u00e4nsten publiceras p\u00e5 Twitter. Du kan [&hellip;]","og_url":"https:\/\/luvatjavalvonta.fi\/sv\/nyhetsrum\/sociala-medier\/","og_site_name":"Luvat ja valvonta","article_modified_time":"2023-05-05T05:29:19+00:00","og_image":[{"url":"https:\/\/luvatjavalvonta.fi\/content\/uploads\/2022\/09\/profiilikuva2-150x150.png","type":"","width":"","height":""}],"twitter_card":"summary_large_image","twitter_misc":{"Est. reading time":"1 minute"},"schema":{"@context":"https:\/\/schema.org","@graph":[{"@type":"WebPage","@id":"https:\/\/luvatjavalvonta.fi\/sv\/nyhetsrum\/sociala-medier\/","url":"https:\/\/luvatjavalvonta.fi\/sv\/nyhetsrum\/sociala-medier\/","name":"Sociala medier - Luvat ja valvonta","isPartOf":{"@id":"https:\/\/luvatjavalvonta.fi\/#website"},"primaryImageOfPage":{"@id":"https:\/\/luvatjavalvonta.fi\/sv\/nyhetsrum\/sociala-medier\/#primaryimage"},"image":{"@id":"https:\/\/luvatjavalvonta.fi\/sv\/nyhetsrum\/sociala-medier\/#primaryimage"},"thumbnailUrl":"https:\/\/luvatjavalvonta.fi\/content\/uploads\/2022\/09\/profiilikuva2-150x150.png","datePublished":"2022-09-01T07:21:13+00:00","dateModified":"2023-05-05T05:29:19+00:00","breadcrumb":{"@id":"https:\/\/luvatjavalvonta.fi\/sv\/nyhetsrum\/sociala-medier\/#breadcrumb"},"inLanguage":"sv-SE","potentialAction":[{"@type":"ReadAction","target":["https:\/\/luvatjavalvonta.fi\/sv\/nyhetsrum\/sociala-medier\/"]}]},{"@type":"ImageObject","inLanguage":"sv-SE","@id":"https:\/\/luvatjavalvonta.fi\/sv\/nyhetsrum\/sociala-medier\/#primaryimage","url":"https:\/\/luvatjavalvonta.fi\/content\/uploads\/2022\/09\/profiilikuva2-150x150.png","contentUrl":"https:\/\/luvatjavalvonta.fi\/content\/uploads\/2022\/09\/profiilikuva2-150x150.png"},{"@type":"BreadcrumbList","@id":"https:\/\/luvatjavalvonta.fi\/sv\/nyhetsrum\/sociala-medier\/#breadcrumb","itemListElement":[{"@type":"ListItem","position":1,"name":"Home","item":"http:\/\/54.75.134.196:80\/sv\/"},{"@type":"ListItem","position":2,"name":"Nyhetsrum","item":"https:\/\/luvatjavalvonta.fi\/sv\/nyhetsrum\/"},{"@type":"ListItem","position":3,"name":"Sociala medier"}]},{"@type":"WebSite","@id":"https:\/\/luvatjavalvonta.fi\/#website","url":"https:\/\/luvatjavalvonta.fi\/","name":"Luvat ja valvonta","description":"","potentialAction":[{"@type":"SearchAction","target":{"@type":"EntryPoint","urlTemplate":"https:\/\/luvatjavalvonta.fi\/?s={search_term_string}"},"query-input":{"@type":"PropertyValueSpecification","valueRequired":true,"valueName":"search_term_string"}}],"inLanguage":"sv-SE"}]}},"_links":{"self":[{"href":"https:\/\/luvatjavalvonta.fi\/sv\/wp-json\/wp\/v2\/pages\/4957","targetHints":{"allow":["GET"]}}],"collection":[{"href":"https:\/\/luvatjavalvonta.fi\/sv\/wp-json\/wp\/v2\/pages"}],"about":[{"href":"https:\/\/luvatjavalvonta.fi\/sv\/wp-json\/wp\/v2\/types\/page"}],"author":[{"embeddable":true,"href":"https:\/\/luvatjavalvonta.fi\/sv\/wp-json\/wp\/v2\/users\/14"}],"replies":[{"embeddable":true,"href":"https:\/\/luvatjavalvonta.fi\/sv\/wp-json\/wp\/v2\/comments?post=4957"}],"version-history":[{"count":2,"href":"https:\/\/luvatjavalvonta.fi\/sv\/wp-json\/wp\/v2\/pages\/4957\/revisions"}],"predecessor-version":[{"id":5491,"href":"https:\/\/luvatjavalvonta.fi\/sv\/wp-json\/wp\/v2\/pages\/4957\/revisions\/5491"}],"up":[{"embeddable":true,"href":"https:\/\/luvatjavalvonta.fi\/sv\/wp-json\/wp\/v2\/pages\/4894"}],"wp:attachment":[{"href":"https:\/\/luvatjavalvonta.fi\/sv\/wp-json\/wp\/v2\/media?parent=4957"}],"curies":[{"name":"wp","href":"https:\/\/api.w.org\/{rel}","templated":true}]}}