{"id":5216,"date":"2022-08-12T14:06:44","date_gmt":"2022-08-12T11:06:44","guid":{"rendered":"https:\/\/luvatjavalvonta.fi\/mal-och-beslut\/"},"modified":"2023-05-03T11:23:41","modified_gmt":"2023-05-03T08:23:41","slug":"mal-och-beslut","status":"publish","type":"page","link":"https:\/\/luvatjavalvonta.fi\/sv\/kundorienterad-utveckling\/mal-och-beslut\/","title":{"rendered":"M\u00e5l och beslut"},"content":{"rendered":"\n<hr class=\"wp-block-separator has-alpha-channel-opacity\"\/>\n\n\n\n\n\n<p>N\u00e4r det blir aktuellt f\u00f6r en myndighet att ansluta sig till tj\u00e4nsten Tillst\u00e5nd och tillsyn b\u00f6r myndigheten bed\u00f6ma tj\u00e4nstens l\u00e4mplighet f\u00f6r sina processer och organisation p\u00e5 en strategisk, funktionell och teknisk niv\u00e5.<\/p>\n<p>Det \u00e4r viktigt att en myndighet som fattar beslut om att ansluta sig ut\u00f6ver den tekniska anslutningen engagerar sig i ett kundorienterat s\u00e4tt att t\u00e4nka och \u00f6ppet unders\u00f6ker behovet av att f\u00f6r\u00e4ndra sina rutiner. Myndigheten b\u00f6r vara redo att samarbeta med andra myndigheter och tj\u00e4nsten Tillst\u00e5nd och tillsyn.<\/p>\n<p>B\u00e4sta praxis och anvisningar f\u00f6r myndighetens pr\u00f6vning och beslutsfattande finns bakom l\u00e4nkarna nedan.<\/p>\n\n\n\n<div class=\"wp-block-columns are-vertically-aligned-top is-layout-flex wp-container-core-columns-is-layout-9d6595d7 wp-block-columns-is-layout-flex\">\n<div class=\"wp-block-column is-vertically-aligned-top is-layout-flow wp-block-column-is-layout-flow\">\n<h3 style=\"text-align: center;\"><a href=\"https:\/\/luvatjavalvonta.fi\/sv\/forhandlingsskede\/\"><img loading=\"lazy\" decoding=\"async\" class=\"aligncenter wp-image-3648\" src=\"https:\/\/luvatjavalvonta.fi\/content\/uploads\/2022\/09\/Tunnustelu1.png\" alt=\"\" width=\"125\" height=\"125\" srcset=\"https:\/\/luvatjavalvonta.fi\/content\/uploads\/2022\/09\/Tunnustelu1.png 668w, https:\/\/luvatjavalvonta.fi\/content\/uploads\/2022\/09\/Tunnustelu1-300x300.png 300w, https:\/\/luvatjavalvonta.fi\/content\/uploads\/2022\/09\/Tunnustelu1-150x150.png 150w, https:\/\/luvatjavalvonta.fi\/content\/uploads\/2022\/09\/Tunnustelu1-200x200.png 200w\" sizes=\"auto, (max-width: 125px) 100vw, 125px\" \/>F\u00f6rhandlingsfasen \u203a<\/a><\/h3>\n<\/div>\n\n\n\n<div class=\"wp-block-column is-vertically-aligned-top is-layout-flow wp-block-column-is-layout-flow\">\n<h3 style=\"text-align: center;\"><a href=\"https:\/\/luvatjavalvonta.fi\/sv\/definition-av-mallaget-och-beslut-om-inforande\/\"><img loading=\"lazy\" decoding=\"async\" class=\"aligncenter wp-image-3646\" src=\"https:\/\/luvatjavalvonta.fi\/content\/uploads\/2022\/09\/Tavoite1.png\" alt=\"\" width=\"125\" height=\"125\" srcset=\"https:\/\/luvatjavalvonta.fi\/content\/uploads\/2022\/09\/Tavoite1.png 669w, https:\/\/luvatjavalvonta.fi\/content\/uploads\/2022\/09\/Tavoite1-300x300.png 300w, https:\/\/luvatjavalvonta.fi\/content\/uploads\/2022\/09\/Tavoite1-150x150.png 150w, https:\/\/luvatjavalvonta.fi\/content\/uploads\/2022\/09\/Tavoite1-200x200.png 200w\" sizes=\"auto, (max-width: 125px) 100vw, 125px\" \/>Definition av m\u00e5ll\u00e4get och beslut om anslutning \u203a<\/a><\/h3>\n<p>\u00a0<\/p>\n<\/div>\n\n\n\n<div class=\"wp-block-column is-vertically-aligned-top is-layout-flow wp-block-column-is-layout-flow\"><\/div>\n<\/div>\n","protected":false},"excerpt":{"rendered":"<p>N\u00e4r det blir aktuellt f\u00f6r en myndighet att ansluta sig till tj\u00e4nsten Tillst\u00e5nd och tillsyn b\u00f6r myndigheten bed\u00f6ma tj\u00e4nstens l\u00e4mplighet f\u00f6r sina processer och organisation p\u00e5 en strategisk, funktionell och teknisk niv\u00e5. Det \u00e4r viktigt att en myndighet som fattar beslut om att ansluta sig ut\u00f6ver den tekniska anslutningen engagerar sig i ett kundorienterat s\u00e4tt [&hellip;]<\/p>\n","protected":false},"author":14,"featured_media":0,"parent":5222,"menu_order":128,"comment_status":"closed","ping_status":"closed","template":"","meta":{"_acf_changed":false,"inline_featured_image":false,"footnotes":""},"class_list":["post-5216","page","type-page","status-publish","hentry"],"acf":{"ai_extra_content":"","ai_instructions":"","ai_hidden_page":false},"yoast_head":"<!-- This site is optimized with the Yoast SEO plugin v25.9 - https:\/\/yoast.com\/wordpress\/plugins\/seo\/ -->\n<title>M\u00e5l och beslut - Luvat ja valvonta<\/title>\n<meta name=\"robots\" content=\"index, follow, max-snippet:-1, max-image-preview:large, max-video-preview:-1\" \/>\n<link rel=\"canonical\" href=\"http:\/\/54.75.134.196:80\/sv\/kundorienterad-utveckling\/mal-och-beslut\/\" \/>\n<meta property=\"og:locale\" content=\"sv_SE\" \/>\n<meta property=\"og:type\" content=\"article\" \/>\n<meta property=\"og:title\" content=\"M\u00e5l och beslut - Luvat ja valvonta\" \/>\n<meta property=\"og:description\" content=\"N\u00e4r det blir aktuellt f\u00f6r en myndighet att ansluta sig till tj\u00e4nsten Tillst\u00e5nd och tillsyn b\u00f6r myndigheten bed\u00f6ma tj\u00e4nstens l\u00e4mplighet f\u00f6r sina processer och organisation p\u00e5 en strategisk, funktionell och teknisk niv\u00e5. Det \u00e4r viktigt att en myndighet som fattar beslut om att ansluta sig ut\u00f6ver den tekniska anslutningen engagerar sig i ett kundorienterat s\u00e4tt [&hellip;]\" \/>\n<meta property=\"og:url\" content=\"http:\/\/54.75.134.196:80\/sv\/kundorienterad-utveckling\/mal-och-beslut\/\" \/>\n<meta property=\"og:site_name\" content=\"Luvat ja valvonta\" \/>\n<meta property=\"article:modified_time\" content=\"2023-05-03T08:23:41+00:00\" \/>\n<meta property=\"og:image\" content=\"https:\/\/luvatjavalvonta.fi\/content\/uploads\/2022\/09\/Tunnustelu1.png\" \/>\n<meta name=\"twitter:card\" content=\"summary_large_image\" \/>\n<meta name=\"twitter:label1\" content=\"Est. reading time\" \/>\n\t<meta name=\"twitter:data1\" content=\"2 minutes\" \/>\n<script type=\"application\/ld+json\" class=\"yoast-schema-graph\">{\"@context\":\"https:\/\/schema.org\",\"@graph\":[{\"@type\":\"WebPage\",\"@id\":\"http:\/\/54.75.134.196:80\/sv\/kundorienterad-utveckling\/mal-och-beslut\/\",\"url\":\"http:\/\/54.75.134.196:80\/sv\/kundorienterad-utveckling\/mal-och-beslut\/\",\"name\":\"M\u00e5l och beslut - Luvat ja valvonta\",\"isPartOf\":{\"@id\":\"https:\/\/luvatjavalvonta.fi\/#website\"},\"primaryImageOfPage\":{\"@id\":\"http:\/\/54.75.134.196:80\/sv\/kundorienterad-utveckling\/mal-och-beslut\/#primaryimage\"},\"image\":{\"@id\":\"http:\/\/54.75.134.196:80\/sv\/kundorienterad-utveckling\/mal-och-beslut\/#primaryimage\"},\"thumbnailUrl\":\"https:\/\/luvatjavalvonta.fi\/content\/uploads\/2022\/09\/Tunnustelu1.png\",\"datePublished\":\"2022-08-12T11:06:44+00:00\",\"dateModified\":\"2023-05-03T08:23:41+00:00\",\"breadcrumb\":{\"@id\":\"http:\/\/54.75.134.196:80\/sv\/kundorienterad-utveckling\/mal-och-beslut\/#breadcrumb\"},\"inLanguage\":\"sv-SE\",\"potentialAction\":[{\"@type\":\"ReadAction\",\"target\":[\"http:\/\/54.75.134.196:80\/sv\/kundorienterad-utveckling\/mal-och-beslut\/\"]}]},{\"@type\":\"ImageObject\",\"inLanguage\":\"sv-SE\",\"@id\":\"http:\/\/54.75.134.196:80\/sv\/kundorienterad-utveckling\/mal-och-beslut\/#primaryimage\",\"url\":\"https:\/\/luvatjavalvonta.fi\/content\/uploads\/2022\/09\/Tunnustelu1.png\",\"contentUrl\":\"https:\/\/luvatjavalvonta.fi\/content\/uploads\/2022\/09\/Tunnustelu1.png\"},{\"@type\":\"BreadcrumbList\",\"@id\":\"http:\/\/54.75.134.196:80\/sv\/kundorienterad-utveckling\/mal-och-beslut\/#breadcrumb\",\"itemListElement\":[{\"@type\":\"ListItem\",\"position\":1,\"name\":\"Home\",\"item\":\"http:\/\/54.75.134.196:80\/sv\/\"},{\"@type\":\"ListItem\",\"position\":2,\"name\":\"Kundorienterad utveckling\",\"item\":\"http:\/\/54.75.134.196:80\/sv\/kundorienterad-utveckling\/\"},{\"@type\":\"ListItem\",\"position\":3,\"name\":\"M\u00e5l och beslut\"}]},{\"@type\":\"WebSite\",\"@id\":\"https:\/\/luvatjavalvonta.fi\/#website\",\"url\":\"https:\/\/luvatjavalvonta.fi\/\",\"name\":\"Luvat ja valvonta\",\"description\":\"\",\"potentialAction\":[{\"@type\":\"SearchAction\",\"target\":{\"@type\":\"EntryPoint\",\"urlTemplate\":\"https:\/\/luvatjavalvonta.fi\/?s={search_term_string}\"},\"query-input\":{\"@type\":\"PropertyValueSpecification\",\"valueRequired\":true,\"valueName\":\"search_term_string\"}}],\"inLanguage\":\"sv-SE\"}]}<\/script>\n<!-- \/ Yoast SEO plugin. -->","yoast_head_json":{"title":"M\u00e5l och beslut - Luvat ja valvonta","robots":{"index":"index","follow":"follow","max-snippet":"max-snippet:-1","max-image-preview":"max-image-preview:large","max-video-preview":"max-video-preview:-1"},"canonical":"http:\/\/54.75.134.196:80\/sv\/kundorienterad-utveckling\/mal-och-beslut\/","og_locale":"sv_SE","og_type":"article","og_title":"M\u00e5l och beslut - Luvat ja valvonta","og_description":"N\u00e4r det blir aktuellt f\u00f6r en myndighet att ansluta sig till tj\u00e4nsten Tillst\u00e5nd och tillsyn b\u00f6r myndigheten bed\u00f6ma tj\u00e4nstens l\u00e4mplighet f\u00f6r sina processer och organisation p\u00e5 en strategisk, funktionell och teknisk niv\u00e5. Det \u00e4r viktigt att en myndighet som fattar beslut om att ansluta sig ut\u00f6ver den tekniska anslutningen engagerar sig i ett kundorienterat s\u00e4tt [&hellip;]","og_url":"http:\/\/54.75.134.196:80\/sv\/kundorienterad-utveckling\/mal-och-beslut\/","og_site_name":"Luvat ja valvonta","article_modified_time":"2023-05-03T08:23:41+00:00","og_image":[{"url":"https:\/\/luvatjavalvonta.fi\/content\/uploads\/2022\/09\/Tunnustelu1.png","type":"","width":"","height":""}],"twitter_card":"summary_large_image","twitter_misc":{"Est. reading time":"2 minutes"},"schema":{"@context":"https:\/\/schema.org","@graph":[{"@type":"WebPage","@id":"http:\/\/54.75.134.196:80\/sv\/kundorienterad-utveckling\/mal-och-beslut\/","url":"http:\/\/54.75.134.196:80\/sv\/kundorienterad-utveckling\/mal-och-beslut\/","name":"M\u00e5l och beslut - Luvat ja valvonta","isPartOf":{"@id":"https:\/\/luvatjavalvonta.fi\/#website"},"primaryImageOfPage":{"@id":"http:\/\/54.75.134.196:80\/sv\/kundorienterad-utveckling\/mal-och-beslut\/#primaryimage"},"image":{"@id":"http:\/\/54.75.134.196:80\/sv\/kundorienterad-utveckling\/mal-och-beslut\/#primaryimage"},"thumbnailUrl":"https:\/\/luvatjavalvonta.fi\/content\/uploads\/2022\/09\/Tunnustelu1.png","datePublished":"2022-08-12T11:06:44+00:00","dateModified":"2023-05-03T08:23:41+00:00","breadcrumb":{"@id":"http:\/\/54.75.134.196:80\/sv\/kundorienterad-utveckling\/mal-och-beslut\/#breadcrumb"},"inLanguage":"sv-SE","potentialAction":[{"@type":"ReadAction","target":["http:\/\/54.75.134.196:80\/sv\/kundorienterad-utveckling\/mal-och-beslut\/"]}]},{"@type":"ImageObject","inLanguage":"sv-SE","@id":"http:\/\/54.75.134.196:80\/sv\/kundorienterad-utveckling\/mal-och-beslut\/#primaryimage","url":"https:\/\/luvatjavalvonta.fi\/content\/uploads\/2022\/09\/Tunnustelu1.png","contentUrl":"https:\/\/luvatjavalvonta.fi\/content\/uploads\/2022\/09\/Tunnustelu1.png"},{"@type":"BreadcrumbList","@id":"http:\/\/54.75.134.196:80\/sv\/kundorienterad-utveckling\/mal-och-beslut\/#breadcrumb","itemListElement":[{"@type":"ListItem","position":1,"name":"Home","item":"http:\/\/54.75.134.196:80\/sv\/"},{"@type":"ListItem","position":2,"name":"Kundorienterad utveckling","item":"http:\/\/54.75.134.196:80\/sv\/kundorienterad-utveckling\/"},{"@type":"ListItem","position":3,"name":"M\u00e5l och beslut"}]},{"@type":"WebSite","@id":"https:\/\/luvatjavalvonta.fi\/#website","url":"https:\/\/luvatjavalvonta.fi\/","name":"Luvat ja valvonta","description":"","potentialAction":[{"@type":"SearchAction","target":{"@type":"EntryPoint","urlTemplate":"https:\/\/luvatjavalvonta.fi\/?s={search_term_string}"},"query-input":{"@type":"PropertyValueSpecification","valueRequired":true,"valueName":"search_term_string"}}],"inLanguage":"sv-SE"}]}},"_links":{"self":[{"href":"https:\/\/luvatjavalvonta.fi\/sv\/wp-json\/wp\/v2\/pages\/5216","targetHints":{"allow":["GET"]}}],"collection":[{"href":"https:\/\/luvatjavalvonta.fi\/sv\/wp-json\/wp\/v2\/pages"}],"about":[{"href":"https:\/\/luvatjavalvonta.fi\/sv\/wp-json\/wp\/v2\/types\/page"}],"author":[{"embeddable":true,"href":"https:\/\/luvatjavalvonta.fi\/sv\/wp-json\/wp\/v2\/users\/14"}],"replies":[{"embeddable":true,"href":"https:\/\/luvatjavalvonta.fi\/sv\/wp-json\/wp\/v2\/comments?post=5216"}],"version-history":[{"count":2,"href":"https:\/\/luvatjavalvonta.fi\/sv\/wp-json\/wp\/v2\/pages\/5216\/revisions"}],"predecessor-version":[{"id":5446,"href":"https:\/\/luvatjavalvonta.fi\/sv\/wp-json\/wp\/v2\/pages\/5216\/revisions\/5446"}],"up":[{"embeddable":true,"href":"https:\/\/luvatjavalvonta.fi\/sv\/wp-json\/wp\/v2\/pages\/5222"}],"wp:attachment":[{"href":"https:\/\/luvatjavalvonta.fi\/sv\/wp-json\/wp\/v2\/media?parent=5216"}],"curies":[{"name":"wp","href":"https:\/\/api.w.org\/{rel}","templated":true}]}}