{"id":5218,"date":"2022-08-12T14:06:44","date_gmt":"2022-08-12T11:06:44","guid":{"rendered":"https:\/\/luvatjavalvonta.fi\/planering-och-genomforande-av-forandringar\/"},"modified":"2023-05-04T16:09:38","modified_gmt":"2023-05-04T13:09:38","slug":"planering-och-genomforande-av-forandringar","status":"publish","type":"page","link":"https:\/\/luvatjavalvonta.fi\/sv\/kundorienterad-utveckling\/planering-och-genomforande-av-forandringar\/","title":{"rendered":"Planering och genomf\u00f6rande av f\u00f6r\u00e4ndringar"},"content":{"rendered":"\n<hr class=\"wp-block-separator has-alpha-channel-opacity\"\/>\n\n\n\n<p>I detta skede har myndigheten beslutat att ansluta sig till serviceskiktet, och en mer detaljerad planering av f\u00f6r\u00e4ndringarna kan p\u00e5b\u00f6rjas. Fasens l\u00e4ngd, arbetsm\u00e4ngd och \u00e5tg\u00e4rder beror p\u00e5 om myndigheten deltar i till exempel utvecklingen av en ny servicehelhet eller om den inf\u00f6r en f\u00e4rdig tj\u00e4nst. I denna fas ordnas till exempel utbildningar och det tekniska inf\u00f6randet av serviceskiktet.<\/p>\n<p>N\u00e4r det g\u00e4ller verktygen f\u00f6r denna fas beaktas olika anslutningsm\u00f6jligheter.<\/p>\n","protected":false},"excerpt":{"rendered":"<p>I detta skede har myndigheten beslutat att ansluta sig till serviceskiktet, och en mer detaljerad planering av f\u00f6r\u00e4ndringarna kan p\u00e5b\u00f6rjas. Fasens l\u00e4ngd, arbetsm\u00e4ngd och \u00e5tg\u00e4rder beror p\u00e5 om myndigheten deltar i till exempel utvecklingen av en ny servicehelhet eller om den inf\u00f6r en f\u00e4rdig tj\u00e4nst. I denna fas ordnas till exempel utbildningar och det tekniska [&hellip;]<\/p>\n","protected":false},"author":14,"featured_media":0,"parent":5222,"menu_order":129,"comment_status":"closed","ping_status":"closed","template":"","meta":{"_acf_changed":false,"inline_featured_image":false,"footnotes":""},"class_list":["post-5218","page","type-page","status-publish","hentry"],"acf":{"ai_extra_content":"","ai_instructions":"","ai_hidden_page":false},"yoast_head":"<!-- This site is optimized with the Yoast SEO plugin v25.9 - https:\/\/yoast.com\/wordpress\/plugins\/seo\/ -->\n<title>Planering och genomf\u00f6rande av f\u00f6r\u00e4ndringar - Luvat ja valvonta<\/title>\n<meta name=\"robots\" content=\"index, follow, max-snippet:-1, max-image-preview:large, max-video-preview:-1\" \/>\n<link rel=\"canonical\" href=\"https:\/\/luvatjavalvonta.fi\/sv\/kundorienterad-utveckling\/planering-och-genomforande-av-forandringar\/\" \/>\n<meta property=\"og:locale\" content=\"sv_SE\" \/>\n<meta property=\"og:type\" content=\"article\" \/>\n<meta property=\"og:title\" content=\"Planering och genomf\u00f6rande av f\u00f6r\u00e4ndringar - Luvat ja valvonta\" \/>\n<meta property=\"og:description\" content=\"I detta skede har myndigheten beslutat att ansluta sig till serviceskiktet, och en mer detaljerad planering av f\u00f6r\u00e4ndringarna kan p\u00e5b\u00f6rjas. Fasens l\u00e4ngd, arbetsm\u00e4ngd och \u00e5tg\u00e4rder beror p\u00e5 om myndigheten deltar i till exempel utvecklingen av en ny servicehelhet eller om den inf\u00f6r en f\u00e4rdig tj\u00e4nst. I denna fas ordnas till exempel utbildningar och det tekniska [&hellip;]\" \/>\n<meta property=\"og:url\" content=\"https:\/\/luvatjavalvonta.fi\/sv\/kundorienterad-utveckling\/planering-och-genomforande-av-forandringar\/\" \/>\n<meta property=\"og:site_name\" content=\"Luvat ja valvonta\" \/>\n<meta property=\"article:modified_time\" content=\"2023-05-04T13:09:38+00:00\" \/>\n<meta name=\"twitter:card\" content=\"summary_large_image\" \/>\n<meta name=\"twitter:label1\" content=\"Est. reading time\" \/>\n\t<meta name=\"twitter:data1\" content=\"1 minute\" \/>\n<script type=\"application\/ld+json\" class=\"yoast-schema-graph\">{\"@context\":\"https:\/\/schema.org\",\"@graph\":[{\"@type\":\"WebPage\",\"@id\":\"https:\/\/luvatjavalvonta.fi\/sv\/kundorienterad-utveckling\/planering-och-genomforande-av-forandringar\/\",\"url\":\"https:\/\/luvatjavalvonta.fi\/sv\/kundorienterad-utveckling\/planering-och-genomforande-av-forandringar\/\",\"name\":\"Planering och genomf\u00f6rande av f\u00f6r\u00e4ndringar - Luvat ja valvonta\",\"isPartOf\":{\"@id\":\"https:\/\/luvatjavalvonta.fi\/#website\"},\"datePublished\":\"2022-08-12T11:06:44+00:00\",\"dateModified\":\"2023-05-04T13:09:38+00:00\",\"breadcrumb\":{\"@id\":\"https:\/\/luvatjavalvonta.fi\/sv\/kundorienterad-utveckling\/planering-och-genomforande-av-forandringar\/#breadcrumb\"},\"inLanguage\":\"sv-SE\",\"potentialAction\":[{\"@type\":\"ReadAction\",\"target\":[\"https:\/\/luvatjavalvonta.fi\/sv\/kundorienterad-utveckling\/planering-och-genomforande-av-forandringar\/\"]}]},{\"@type\":\"BreadcrumbList\",\"@id\":\"https:\/\/luvatjavalvonta.fi\/sv\/kundorienterad-utveckling\/planering-och-genomforande-av-forandringar\/#breadcrumb\",\"itemListElement\":[{\"@type\":\"ListItem\",\"position\":1,\"name\":\"Home\",\"item\":\"http:\/\/54.75.134.196:80\/sv\/\"},{\"@type\":\"ListItem\",\"position\":2,\"name\":\"Kundorienterad utveckling\",\"item\":\"http:\/\/54.75.134.196:80\/sv\/kundorienterad-utveckling\/\"},{\"@type\":\"ListItem\",\"position\":3,\"name\":\"Planering och genomf\u00f6rande av f\u00f6r\u00e4ndringar\"}]},{\"@type\":\"WebSite\",\"@id\":\"https:\/\/luvatjavalvonta.fi\/#website\",\"url\":\"https:\/\/luvatjavalvonta.fi\/\",\"name\":\"Luvat ja valvonta\",\"description\":\"\",\"potentialAction\":[{\"@type\":\"SearchAction\",\"target\":{\"@type\":\"EntryPoint\",\"urlTemplate\":\"https:\/\/luvatjavalvonta.fi\/?s={search_term_string}\"},\"query-input\":{\"@type\":\"PropertyValueSpecification\",\"valueRequired\":true,\"valueName\":\"search_term_string\"}}],\"inLanguage\":\"sv-SE\"}]}<\/script>\n<!-- \/ Yoast SEO plugin. -->","yoast_head_json":{"title":"Planering och genomf\u00f6rande av f\u00f6r\u00e4ndringar - Luvat ja valvonta","robots":{"index":"index","follow":"follow","max-snippet":"max-snippet:-1","max-image-preview":"max-image-preview:large","max-video-preview":"max-video-preview:-1"},"canonical":"https:\/\/luvatjavalvonta.fi\/sv\/kundorienterad-utveckling\/planering-och-genomforande-av-forandringar\/","og_locale":"sv_SE","og_type":"article","og_title":"Planering och genomf\u00f6rande av f\u00f6r\u00e4ndringar - Luvat ja valvonta","og_description":"I detta skede har myndigheten beslutat att ansluta sig till serviceskiktet, och en mer detaljerad planering av f\u00f6r\u00e4ndringarna kan p\u00e5b\u00f6rjas. Fasens l\u00e4ngd, arbetsm\u00e4ngd och \u00e5tg\u00e4rder beror p\u00e5 om myndigheten deltar i till exempel utvecklingen av en ny servicehelhet eller om den inf\u00f6r en f\u00e4rdig tj\u00e4nst. I denna fas ordnas till exempel utbildningar och det tekniska [&hellip;]","og_url":"https:\/\/luvatjavalvonta.fi\/sv\/kundorienterad-utveckling\/planering-och-genomforande-av-forandringar\/","og_site_name":"Luvat ja valvonta","article_modified_time":"2023-05-04T13:09:38+00:00","twitter_card":"summary_large_image","twitter_misc":{"Est. reading time":"1 minute"},"schema":{"@context":"https:\/\/schema.org","@graph":[{"@type":"WebPage","@id":"https:\/\/luvatjavalvonta.fi\/sv\/kundorienterad-utveckling\/planering-och-genomforande-av-forandringar\/","url":"https:\/\/luvatjavalvonta.fi\/sv\/kundorienterad-utveckling\/planering-och-genomforande-av-forandringar\/","name":"Planering och genomf\u00f6rande av f\u00f6r\u00e4ndringar - Luvat ja valvonta","isPartOf":{"@id":"https:\/\/luvatjavalvonta.fi\/#website"},"datePublished":"2022-08-12T11:06:44+00:00","dateModified":"2023-05-04T13:09:38+00:00","breadcrumb":{"@id":"https:\/\/luvatjavalvonta.fi\/sv\/kundorienterad-utveckling\/planering-och-genomforande-av-forandringar\/#breadcrumb"},"inLanguage":"sv-SE","potentialAction":[{"@type":"ReadAction","target":["https:\/\/luvatjavalvonta.fi\/sv\/kundorienterad-utveckling\/planering-och-genomforande-av-forandringar\/"]}]},{"@type":"BreadcrumbList","@id":"https:\/\/luvatjavalvonta.fi\/sv\/kundorienterad-utveckling\/planering-och-genomforande-av-forandringar\/#breadcrumb","itemListElement":[{"@type":"ListItem","position":1,"name":"Home","item":"http:\/\/54.75.134.196:80\/sv\/"},{"@type":"ListItem","position":2,"name":"Kundorienterad utveckling","item":"http:\/\/54.75.134.196:80\/sv\/kundorienterad-utveckling\/"},{"@type":"ListItem","position":3,"name":"Planering och genomf\u00f6rande av f\u00f6r\u00e4ndringar"}]},{"@type":"WebSite","@id":"https:\/\/luvatjavalvonta.fi\/#website","url":"https:\/\/luvatjavalvonta.fi\/","name":"Luvat ja valvonta","description":"","potentialAction":[{"@type":"SearchAction","target":{"@type":"EntryPoint","urlTemplate":"https:\/\/luvatjavalvonta.fi\/?s={search_term_string}"},"query-input":{"@type":"PropertyValueSpecification","valueRequired":true,"valueName":"search_term_string"}}],"inLanguage":"sv-SE"}]}},"_links":{"self":[{"href":"https:\/\/luvatjavalvonta.fi\/sv\/wp-json\/wp\/v2\/pages\/5218","targetHints":{"allow":["GET"]}}],"collection":[{"href":"https:\/\/luvatjavalvonta.fi\/sv\/wp-json\/wp\/v2\/pages"}],"about":[{"href":"https:\/\/luvatjavalvonta.fi\/sv\/wp-json\/wp\/v2\/types\/page"}],"author":[{"embeddable":true,"href":"https:\/\/luvatjavalvonta.fi\/sv\/wp-json\/wp\/v2\/users\/14"}],"replies":[{"embeddable":true,"href":"https:\/\/luvatjavalvonta.fi\/sv\/wp-json\/wp\/v2\/comments?post=5218"}],"version-history":[{"count":2,"href":"https:\/\/luvatjavalvonta.fi\/sv\/wp-json\/wp\/v2\/pages\/5218\/revisions"}],"predecessor-version":[{"id":5498,"href":"https:\/\/luvatjavalvonta.fi\/sv\/wp-json\/wp\/v2\/pages\/5218\/revisions\/5498"}],"up":[{"embeddable":true,"href":"https:\/\/luvatjavalvonta.fi\/sv\/wp-json\/wp\/v2\/pages\/5222"}],"wp:attachment":[{"href":"https:\/\/luvatjavalvonta.fi\/sv\/wp-json\/wp\/v2\/media?parent=5218"}],"curies":[{"name":"wp","href":"https:\/\/api.w.org\/{rel}","templated":true}]}}