{"id":5220,"date":"2022-08-12T14:06:44","date_gmt":"2022-08-12T11:06:44","guid":{"rendered":"https:\/\/luvatjavalvonta.fi\/administration-och-engagemang-i-forandringen\/"},"modified":"2023-05-04T16:06:25","modified_gmt":"2023-05-04T13:06:25","slug":"administration-och-engagemang-i-forandringen","status":"publish","type":"page","link":"https:\/\/luvatjavalvonta.fi\/sv\/kundorienterad-utveckling\/administration-och-engagemang-i-forandringen\/","title":{"rendered":"Administration och engagemang i f\u00f6r\u00e4ndringen"},"content":{"rendered":"\n<hr class=\"wp-block-separator has-alpha-channel-opacity\"\/>\n\n\n\n<p>I detta skede har myndigheten inf\u00f6rt b\u00e5de serviceskiktet och nya rutiner. Efter att projektet avslutats \u00e4r det viktigt att komma \u00f6verens om hur och n\u00e4r myndigheten ska utv\u00e4rdera nyttan av att g\u00e5 med i serviceskiktet, till exempel i f\u00f6rh\u00e5llande till uppst\u00e4llda m\u00e5l och indikatorer samt kostnads-nyttoanalysen. Dessutom rekommenderas att myndigheten utarbetar en slutrapport om projektet.<\/p>\n<p>I detta skede fastst\u00e4ller <a href=\"https:\/\/luvatjavalvonta.fi\/sv\/tyokalut\/modell-for-hantering-av-tillstands-och-tillsynsprojektet\/\" target=\"_blank\" rel=\"noreferrer noopener\">hanteringsmodellen f\u00f6r tj\u00e4nsten Tillst\u00e5nd och tillsyn <\/a>ansvarsf\u00f6rdelningen och rutinerna mellan myndigheterna. Serviceskiktet utvecklas inte endast utifr\u00e5n respons av anv\u00e4ndarna utan \u00e4ven exempelvis till f\u00f6ljd av \u00e4ndringar av lagstiftningen. Myndigheterna deltar i utvecklingen av nya funktioner och inf\u00f6r dem.<\/p>\n<p>Du h\u00e4nger b\u00e4st med i utvecklingen av serviceskiktet genom att f\u00f6lja projektet p\u00e5 <a href=\"https:\/\/twitter.com\/digiluvat\" target=\"_blank\" rel=\"noreferrer noopener\">Twitter <\/a>eller p\u00e5 <a href=\"https:\/\/tem.fi\/sv\/spetsprojektet-tillstand-och-tillsyn\" target=\"_blank\" rel=\"noreferrer noopener\">arbets- och n\u00e4ringsministeriets webbplats<\/a>.<\/p>\n","protected":false},"excerpt":{"rendered":"<p>I detta skede har myndigheten inf\u00f6rt b\u00e5de serviceskiktet och nya rutiner. Efter att projektet avslutats \u00e4r det viktigt att komma \u00f6verens om hur och n\u00e4r myndigheten ska utv\u00e4rdera nyttan av att g\u00e5 med i serviceskiktet, till exempel i f\u00f6rh\u00e5llande till uppst\u00e4llda m\u00e5l och indikatorer samt kostnads-nyttoanalysen. Dessutom rekommenderas att myndigheten utarbetar en slutrapport om projektet. [&hellip;]<\/p>\n","protected":false},"author":14,"featured_media":0,"parent":5222,"menu_order":130,"comment_status":"closed","ping_status":"closed","template":"","meta":{"_acf_changed":false,"inline_featured_image":false,"footnotes":""},"class_list":["post-5220","page","type-page","status-publish","hentry"],"acf":{"ai_extra_content":"","ai_instructions":"","ai_hidden_page":false},"yoast_head":"<!-- This site is optimized with the Yoast SEO plugin v25.9 - https:\/\/yoast.com\/wordpress\/plugins\/seo\/ -->\n<title>Administration och engagemang i f\u00f6r\u00e4ndringen - Luvat ja valvonta<\/title>\n<meta name=\"robots\" content=\"index, follow, max-snippet:-1, max-image-preview:large, max-video-preview:-1\" \/>\n<link rel=\"canonical\" href=\"https:\/\/luvatjavalvonta.fi\/sv\/kundorienterad-utveckling\/administration-och-engagemang-i-forandringen\/\" \/>\n<meta property=\"og:locale\" content=\"sv_SE\" \/>\n<meta property=\"og:type\" content=\"article\" \/>\n<meta property=\"og:title\" content=\"Administration och engagemang i f\u00f6r\u00e4ndringen - Luvat ja valvonta\" \/>\n<meta property=\"og:description\" content=\"I detta skede har myndigheten inf\u00f6rt b\u00e5de serviceskiktet och nya rutiner. Efter att projektet avslutats \u00e4r det viktigt att komma \u00f6verens om hur och n\u00e4r myndigheten ska utv\u00e4rdera nyttan av att g\u00e5 med i serviceskiktet, till exempel i f\u00f6rh\u00e5llande till uppst\u00e4llda m\u00e5l och indikatorer samt kostnads-nyttoanalysen. Dessutom rekommenderas att myndigheten utarbetar en slutrapport om projektet. [&hellip;]\" \/>\n<meta property=\"og:url\" content=\"https:\/\/luvatjavalvonta.fi\/sv\/kundorienterad-utveckling\/administration-och-engagemang-i-forandringen\/\" \/>\n<meta property=\"og:site_name\" content=\"Luvat ja valvonta\" \/>\n<meta property=\"article:modified_time\" content=\"2023-05-04T13:06:25+00:00\" \/>\n<meta name=\"twitter:card\" content=\"summary_large_image\" \/>\n<meta name=\"twitter:label1\" content=\"Est. reading time\" \/>\n\t<meta name=\"twitter:data1\" content=\"1 minute\" \/>\n<script type=\"application\/ld+json\" class=\"yoast-schema-graph\">{\"@context\":\"https:\/\/schema.org\",\"@graph\":[{\"@type\":\"WebPage\",\"@id\":\"https:\/\/luvatjavalvonta.fi\/sv\/kundorienterad-utveckling\/administration-och-engagemang-i-forandringen\/\",\"url\":\"https:\/\/luvatjavalvonta.fi\/sv\/kundorienterad-utveckling\/administration-och-engagemang-i-forandringen\/\",\"name\":\"Administration och engagemang i f\u00f6r\u00e4ndringen - Luvat ja valvonta\",\"isPartOf\":{\"@id\":\"https:\/\/luvatjavalvonta.fi\/#website\"},\"datePublished\":\"2022-08-12T11:06:44+00:00\",\"dateModified\":\"2023-05-04T13:06:25+00:00\",\"breadcrumb\":{\"@id\":\"https:\/\/luvatjavalvonta.fi\/sv\/kundorienterad-utveckling\/administration-och-engagemang-i-forandringen\/#breadcrumb\"},\"inLanguage\":\"sv-SE\",\"potentialAction\":[{\"@type\":\"ReadAction\",\"target\":[\"https:\/\/luvatjavalvonta.fi\/sv\/kundorienterad-utveckling\/administration-och-engagemang-i-forandringen\/\"]}]},{\"@type\":\"BreadcrumbList\",\"@id\":\"https:\/\/luvatjavalvonta.fi\/sv\/kundorienterad-utveckling\/administration-och-engagemang-i-forandringen\/#breadcrumb\",\"itemListElement\":[{\"@type\":\"ListItem\",\"position\":1,\"name\":\"Home\",\"item\":\"http:\/\/54.75.134.196:80\/sv\/\"},{\"@type\":\"ListItem\",\"position\":2,\"name\":\"Kundorienterad utveckling\",\"item\":\"http:\/\/54.75.134.196:80\/sv\/kundorienterad-utveckling\/\"},{\"@type\":\"ListItem\",\"position\":3,\"name\":\"Administration och engagemang i f\u00f6r\u00e4ndringen\"}]},{\"@type\":\"WebSite\",\"@id\":\"https:\/\/luvatjavalvonta.fi\/#website\",\"url\":\"https:\/\/luvatjavalvonta.fi\/\",\"name\":\"Luvat ja valvonta\",\"description\":\"\",\"potentialAction\":[{\"@type\":\"SearchAction\",\"target\":{\"@type\":\"EntryPoint\",\"urlTemplate\":\"https:\/\/luvatjavalvonta.fi\/?s={search_term_string}\"},\"query-input\":{\"@type\":\"PropertyValueSpecification\",\"valueRequired\":true,\"valueName\":\"search_term_string\"}}],\"inLanguage\":\"sv-SE\"}]}<\/script>\n<!-- \/ Yoast SEO plugin. -->","yoast_head_json":{"title":"Administration och engagemang i f\u00f6r\u00e4ndringen - Luvat ja valvonta","robots":{"index":"index","follow":"follow","max-snippet":"max-snippet:-1","max-image-preview":"max-image-preview:large","max-video-preview":"max-video-preview:-1"},"canonical":"https:\/\/luvatjavalvonta.fi\/sv\/kundorienterad-utveckling\/administration-och-engagemang-i-forandringen\/","og_locale":"sv_SE","og_type":"article","og_title":"Administration och engagemang i f\u00f6r\u00e4ndringen - Luvat ja valvonta","og_description":"I detta skede har myndigheten inf\u00f6rt b\u00e5de serviceskiktet och nya rutiner. Efter att projektet avslutats \u00e4r det viktigt att komma \u00f6verens om hur och n\u00e4r myndigheten ska utv\u00e4rdera nyttan av att g\u00e5 med i serviceskiktet, till exempel i f\u00f6rh\u00e5llande till uppst\u00e4llda m\u00e5l och indikatorer samt kostnads-nyttoanalysen. Dessutom rekommenderas att myndigheten utarbetar en slutrapport om projektet. [&hellip;]","og_url":"https:\/\/luvatjavalvonta.fi\/sv\/kundorienterad-utveckling\/administration-och-engagemang-i-forandringen\/","og_site_name":"Luvat ja valvonta","article_modified_time":"2023-05-04T13:06:25+00:00","twitter_card":"summary_large_image","twitter_misc":{"Est. reading time":"1 minute"},"schema":{"@context":"https:\/\/schema.org","@graph":[{"@type":"WebPage","@id":"https:\/\/luvatjavalvonta.fi\/sv\/kundorienterad-utveckling\/administration-och-engagemang-i-forandringen\/","url":"https:\/\/luvatjavalvonta.fi\/sv\/kundorienterad-utveckling\/administration-och-engagemang-i-forandringen\/","name":"Administration och engagemang i f\u00f6r\u00e4ndringen - Luvat ja valvonta","isPartOf":{"@id":"https:\/\/luvatjavalvonta.fi\/#website"},"datePublished":"2022-08-12T11:06:44+00:00","dateModified":"2023-05-04T13:06:25+00:00","breadcrumb":{"@id":"https:\/\/luvatjavalvonta.fi\/sv\/kundorienterad-utveckling\/administration-och-engagemang-i-forandringen\/#breadcrumb"},"inLanguage":"sv-SE","potentialAction":[{"@type":"ReadAction","target":["https:\/\/luvatjavalvonta.fi\/sv\/kundorienterad-utveckling\/administration-och-engagemang-i-forandringen\/"]}]},{"@type":"BreadcrumbList","@id":"https:\/\/luvatjavalvonta.fi\/sv\/kundorienterad-utveckling\/administration-och-engagemang-i-forandringen\/#breadcrumb","itemListElement":[{"@type":"ListItem","position":1,"name":"Home","item":"http:\/\/54.75.134.196:80\/sv\/"},{"@type":"ListItem","position":2,"name":"Kundorienterad utveckling","item":"http:\/\/54.75.134.196:80\/sv\/kundorienterad-utveckling\/"},{"@type":"ListItem","position":3,"name":"Administration och engagemang i f\u00f6r\u00e4ndringen"}]},{"@type":"WebSite","@id":"https:\/\/luvatjavalvonta.fi\/#website","url":"https:\/\/luvatjavalvonta.fi\/","name":"Luvat ja valvonta","description":"","potentialAction":[{"@type":"SearchAction","target":{"@type":"EntryPoint","urlTemplate":"https:\/\/luvatjavalvonta.fi\/?s={search_term_string}"},"query-input":{"@type":"PropertyValueSpecification","valueRequired":true,"valueName":"search_term_string"}}],"inLanguage":"sv-SE"}]}},"_links":{"self":[{"href":"https:\/\/luvatjavalvonta.fi\/sv\/wp-json\/wp\/v2\/pages\/5220","targetHints":{"allow":["GET"]}}],"collection":[{"href":"https:\/\/luvatjavalvonta.fi\/sv\/wp-json\/wp\/v2\/pages"}],"about":[{"href":"https:\/\/luvatjavalvonta.fi\/sv\/wp-json\/wp\/v2\/types\/page"}],"author":[{"embeddable":true,"href":"https:\/\/luvatjavalvonta.fi\/sv\/wp-json\/wp\/v2\/users\/14"}],"replies":[{"embeddable":true,"href":"https:\/\/luvatjavalvonta.fi\/sv\/wp-json\/wp\/v2\/comments?post=5220"}],"version-history":[{"count":2,"href":"https:\/\/luvatjavalvonta.fi\/sv\/wp-json\/wp\/v2\/pages\/5220\/revisions"}],"predecessor-version":[{"id":5495,"href":"https:\/\/luvatjavalvonta.fi\/sv\/wp-json\/wp\/v2\/pages\/5220\/revisions\/5495"}],"up":[{"embeddable":true,"href":"https:\/\/luvatjavalvonta.fi\/sv\/wp-json\/wp\/v2\/pages\/5222"}],"wp:attachment":[{"href":"https:\/\/luvatjavalvonta.fi\/sv\/wp-json\/wp\/v2\/media?parent=5220"}],"curies":[{"name":"wp","href":"https:\/\/api.w.org\/{rel}","templated":true}]}}