{"id":6066,"date":"2023-11-08T14:02:06","date_gmt":"2023-11-08T12:02:06","guid":{"rendered":"https:\/\/luvatjavalvonta.fi\/?page_id=6066"},"modified":"2023-11-13T09:56:08","modified_gmt":"2023-11-13T07:56:08","slug":"anslutningssatt","status":"publish","type":"page","link":"https:\/\/luvatjavalvonta.fi\/sv\/information-om-tjansten\/anslutningssatt\/","title":{"rendered":"Anslutningss\u00e4tt"},"content":{"rendered":"\n<hr class=\"wp-block-separator has-alpha-channel-opacity\"\/>\n\n\n\n<div class=\"wp-block-columns is-layout-flex wp-container-core-columns-is-layout-9d6595d7 wp-block-columns-is-layout-flex\">\n<div class=\"wp-block-column is-layout-flow wp-block-column-is-layout-flow\" style=\"flex-basis:25%\">\n<figure class=\"wp-block-image size-full is-resized\"><img loading=\"lazy\" decoding=\"async\" width=\"883\" height=\"882\" src=\"https:\/\/luvatjavalvonta.fi\/content\/uploads\/2022\/08\/Liitostavat_11.png\" alt=\"Illustration\" class=\"wp-image-2570\" style=\"width:150px;height:150px\" srcset=\"https:\/\/luvatjavalvonta.fi\/content\/uploads\/2022\/08\/Liitostavat_11.png 883w, https:\/\/luvatjavalvonta.fi\/content\/uploads\/2022\/08\/Liitostavat_11-300x300.png 300w, https:\/\/luvatjavalvonta.fi\/content\/uploads\/2022\/08\/Liitostavat_11-150x150.png 150w, https:\/\/luvatjavalvonta.fi\/content\/uploads\/2022\/08\/Liitostavat_11-768x767.png 768w, https:\/\/luvatjavalvonta.fi\/content\/uploads\/2022\/08\/Liitostavat_11-200x200.png 200w\" sizes=\"auto, (max-width: 883px) 100vw, 883px\" \/><\/figure>\n<\/div>\n\n\n\n<div class=\"wp-block-column is-vertically-aligned-bottom is-layout-flow wp-block-column-is-layout-flow\" style=\"flex-basis:75%\">\n<p>Ekosystemet Tillst\u00e5nd och tillsyn g\u00f6r det m\u00f6jligt att erbjuda kunden en s\u00f6ml\u00f6s helt\u00e4ckande tj\u00e4nst. Detta kr\u00e4ver interoperabilitet mellan ekosystemets olika tj\u00e4nster, vilket uppn\u00e5s genom att ansluta myndighetens \u00e4rendehanteringstj\u00e4nst och tj\u00e4nsten Tillst\u00e5nd och tillsyn till varandra. D\u00e5 \u00f6verf\u00f6rs kundens n\u00f6dv\u00e4ndiga \u00e4rende- och statusuppgifter mellan tj\u00e4nsterna.<\/p>\n<\/div>\n<\/div>\n\n\n\n<p>I anslutningsalternativen f\u00f6r tj\u00e4nsten Tillst\u00e5nd och tillsyn har myndigheternas elektroniska och traditionella \u00e4rendehanteringstj\u00e4nster beaktats. Myndighetens behov, verksamhetsmilj\u00f6n och \u00e4rendehanteringstj\u00e4nsternas tekniska l\u00f6sningar p\u00e5verkar vilken l\u00f6sning som \u00e4r mest optimal f\u00f6r myndighetens processer och produktionen av en helt\u00e4ckande tj\u00e4nst f\u00f6r kunden.<\/p>\n<h2>Elektronisk \u00e4rendehantering<\/h2>\n<p>Med elektronisk \u00e4rendehantering, e-tj\u00e4nst, avses en myndighetstj\u00e4nst d\u00e4r kunden kan utr\u00e4tta \u00e4renden elektroniskt och som \u00e5tminstone delvis \u00e4r interaktiv. Tj\u00e4nsten samlar in de uppgifter som beh\u00f6vs av kunden och dessa sparas i elektronisk form. I en del av de elektroniska tj\u00e4nsterna kan kommunikationen mellan kunden och myndigheten ske i tj\u00e4nsten.<\/p>\n<p>Myndighetens \u00e4rendehanteringstj\u00e4nster ansluts till tj\u00e4nsten Tillst\u00e5nd och tillsyn.&nbsp;\u00c4rendehanteringstj\u00e4nsten ska \u00e5tminstone funktionellt separeras fr\u00e5n \u00e4rendehanteringen, d\u00e4r myndigheten hanterar \u00e4renden, fattar beslut och arkiverar, \u00e4ven om en elektronisk l\u00f6sning i myndighetens \u00e4rendehanteringstj\u00e4nst kan omfatta en del av \u00e4rendehanteringens uppgifter.<\/p>\n<h2>Traditionell \u00e4rendehanteringstj\u00e4nst<\/h2>\n<p>Med traditionell \u00e4rendehanteringstj\u00e4nst menas en myndighetstj\u00e4nst d\u00e4r kunden utr\u00e4ttar \u00e4renden hos myndigheten via kundtj\u00e4nsten, via e-post, p\u00e5 en pappersblankett eller p\u00e5 en webblankett.<\/p>\n<h2>Elektronifiering av en traditionell \u00e4rendehanteringstj\u00e4nst<\/h2>\n<p>Eftersom en traditionell \u00e4rendehanteringstj\u00e4nst som s\u00e5dan inte kan anslutas till tj\u00e4nsten Tillst\u00e5nd och tillsyn, ska myndigheten vid sidan av den nuvarande tj\u00e4nsten erbjuda kunderna en elektronisk servicekanal f\u00f6r att m\u00f6jligg\u00f6ra anslutning.<\/p>\n<p>N\u00e4r det g\u00e4ller en traditionell \u00e4rendehanteringstj\u00e4nst b\u00f6r myndigheten i h\u00f6gre grad granska sin nuvarande serviceprocess. Beh\u00f6vs det en kommersiell elektronisk \u00e4rendehanteringsl\u00f6sning som st\u00f6d f\u00f6r \u00e4rendehanteringstj\u00e4nsten eller r\u00e4cker det med de begr\u00e4nsade funktionerna i F\u00f6renklad e-tj\u00e4nst i tj\u00e4nsten Tillst\u00e5nd och tillsyn. L\u00e4s mer om elektronifieringen av den traditionella \u00e4rendehanteringstj\u00e4nsten p\u00e5 sidan F\u00f6renklad e-tj\u00e4nst.<\/p>\n<h2>Tv\u00e5 alternativ<\/h2>\n<p>De olika s\u00e4tten att ansluta myndighetens \u00e4renden till tj\u00e4nsten Tillst\u00e5nd och tillsyn \u00e4r<\/p>\n<ul>\n<li><strong>Gr\u00e4nssnitt f\u00f6r elektronisk kommunikation<\/strong>, som man kan ansluta myndighetens elektroniska tj\u00e4nster till och&nbsp;<\/li>\n<li><strong>F\u00f6renklad e-tj\u00e4nst<\/strong> n\u00e4r myndigheten har kommit fram till denna l\u00f6sning utifr\u00e5n alternativen f\u00f6r elektronifiering av den traditionella \u00e4rendehanteringstj\u00e4nsten<\/li>\n<\/ul>\n<h2>L\u00e4s mer om l\u00f6sningsalternativen och j\u00e4mf\u00f6r<\/h2>\n\n\n\n<div class=\"wp-block-columns are-vertically-aligned-top is-layout-flex wp-container-core-columns-is-layout-9d6595d7 wp-block-columns-is-layout-flex\">\n<div class=\"wp-block-column is-vertically-aligned-top is-layout-flow wp-block-column-is-layout-flow\">\n<h3 style=\"text-align: center;\"><a href=\"https:\/\/luvatjavalvonta.fi\/sv\/?page_id=6078\"><img loading=\"lazy\" decoding=\"async\" class=\"aligncenter wp-image-2708\" src=\"https:\/\/luvatjavalvonta.fi\/content\/uploads\/2022\/08\/SahkoinenTiedonvalitys1-150x150.png\" alt=\"\" width=\"125\" height=\"125\" srcset=\"https:\/\/luvatjavalvonta.fi\/content\/uploads\/2022\/08\/SahkoinenTiedonvalitys1-150x150.png 150w, https:\/\/luvatjavalvonta.fi\/content\/uploads\/2022\/08\/SahkoinenTiedonvalitys1-300x300.png 300w, https:\/\/luvatjavalvonta.fi\/content\/uploads\/2022\/08\/SahkoinenTiedonvalitys1-200x200.png 200w, https:\/\/luvatjavalvonta.fi\/content\/uploads\/2022\/08\/SahkoinenTiedonvalitys1.png 664w\" sizes=\"auto, (max-width: 125px) 100vw, 125px\" \/>Elektroniskt kommunikations-gr\u00e4nssnitt \u203a<\/a><\/h3>\n<\/div>\n\n\n\n<div class=\"wp-block-column is-vertically-aligned-top is-layout-flow wp-block-column-is-layout-flow\">\n<h3 style=\"text-align: center;\"><a href=\"https:\/\/luvatjavalvonta.fi\/sv\/forenklad-e-tjanst\/\"><img loading=\"lazy\" decoding=\"async\" class=\"aligncenter wp-image-2706\" src=\"https:\/\/luvatjavalvonta.fi\/content\/uploads\/2022\/08\/Kevytasiointi1-150x150.png\" alt=\"\" width=\"125\" height=\"125\" srcset=\"https:\/\/luvatjavalvonta.fi\/content\/uploads\/2022\/08\/Kevytasiointi1-150x150.png 150w, https:\/\/luvatjavalvonta.fi\/content\/uploads\/2022\/08\/Kevytasiointi1-300x300.png 300w, https:\/\/luvatjavalvonta.fi\/content\/uploads\/2022\/08\/Kevytasiointi1-200x200.png 200w, https:\/\/luvatjavalvonta.fi\/content\/uploads\/2022\/08\/Kevytasiointi1.png 669w\" sizes=\"auto, (max-width: 125px) 100vw, 125px\" \/><\/a><a href=\"https:\/\/luvatjavalvonta.fi\/sv\/?page_id=6095\">F\u00f6renklad<br \/>e-tj\u00e4nst \u203a<\/a><\/h3>\n<h3 style=\"text-align: center;\">\u00a0<\/h3>\n<\/div>\n\n\n\n<div class=\"wp-block-column is-vertically-aligned-top is-layout-flow wp-block-column-is-layout-flow\">\n<h3 style=\"text-align: center;\"><a href=\"https:\/\/luvatjavalvonta.fi\/sv\/?page_id=6103\"><img loading=\"lazy\" decoding=\"async\" class=\"aligncenter wp-image-2769\" src=\"https:\/\/luvatjavalvonta.fi\/content\/uploads\/2022\/08\/Palvelukokonaisuus_1-150x150.png\" alt=\"\" width=\"125\" height=\"125\" srcset=\"https:\/\/luvatjavalvonta.fi\/content\/uploads\/2022\/08\/Palvelukokonaisuus_1-150x150.png 150w, https:\/\/luvatjavalvonta.fi\/content\/uploads\/2022\/08\/Palvelukokonaisuus_1-300x300.png 300w, https:\/\/luvatjavalvonta.fi\/content\/uploads\/2022\/08\/Palvelukokonaisuus_1-200x200.png 200w, https:\/\/luvatjavalvonta.fi\/content\/uploads\/2022\/08\/Palvelukokonaisuus_1.png 666w\" sizes=\"auto, (max-width: 125px) 100vw, 125px\" \/>J\u00e4mf\u00f6relse av<br \/>anslutningss\u00e4tt \u203a<\/a><\/h3>\n<\/div>\n<\/div>\n","protected":false},"excerpt":{"rendered":"<p>Ekosystemet Tillst\u00e5nd och tillsyn g\u00f6r det m\u00f6jligt att erbjuda kunden en s\u00f6ml\u00f6s helt\u00e4ckande tj\u00e4nst. Detta kr\u00e4ver interoperabilitet mellan ekosystemets olika tj\u00e4nster, vilket uppn\u00e5s genom att ansluta myndighetens \u00e4rendehanteringstj\u00e4nst och tj\u00e4nsten Tillst\u00e5nd och tillsyn till varandra. D\u00e5 \u00f6verf\u00f6rs kundens n\u00f6dv\u00e4ndiga \u00e4rende- och statusuppgifter mellan tj\u00e4nsterna. I anslutningsalternativen f\u00f6r tj\u00e4nsten Tillst\u00e5nd och tillsyn har myndigheternas elektroniska och [&hellip;]<\/p>\n","protected":false},"author":14,"featured_media":0,"parent":4889,"menu_order":216,"comment_status":"closed","ping_status":"closed","template":"","meta":{"_acf_changed":false,"inline_featured_image":false,"footnotes":""},"class_list":["post-6066","page","type-page","status-publish","hentry"],"acf":{"ai_extra_content":"","ai_instructions":"","ai_hidden_page":false},"yoast_head":"<!-- This site is optimized with the Yoast SEO plugin v25.9 - https:\/\/yoast.com\/wordpress\/plugins\/seo\/ -->\n<title>Anslutningss\u00e4tt - Luvat ja valvonta<\/title>\n<meta name=\"robots\" content=\"index, follow, max-snippet:-1, max-image-preview:large, max-video-preview:-1\" \/>\n<link rel=\"canonical\" href=\"https:\/\/www.luvatjavalvonta.fi\/sv\/information-om-tjansten\/anslutningssatt\/\" \/>\n<meta property=\"og:locale\" content=\"sv_SE\" \/>\n<meta property=\"og:type\" content=\"article\" \/>\n<meta property=\"og:title\" content=\"Anslutningss\u00e4tt - Luvat ja valvonta\" \/>\n<meta property=\"og:description\" content=\"Ekosystemet Tillst\u00e5nd och tillsyn g\u00f6r det m\u00f6jligt att erbjuda kunden en s\u00f6ml\u00f6s helt\u00e4ckande tj\u00e4nst. Detta kr\u00e4ver interoperabilitet mellan ekosystemets olika tj\u00e4nster, vilket uppn\u00e5s genom att ansluta myndighetens \u00e4rendehanteringstj\u00e4nst och tj\u00e4nsten Tillst\u00e5nd och tillsyn till varandra. D\u00e5 \u00f6verf\u00f6rs kundens n\u00f6dv\u00e4ndiga \u00e4rende- och statusuppgifter mellan tj\u00e4nsterna. I anslutningsalternativen f\u00f6r tj\u00e4nsten Tillst\u00e5nd och tillsyn har myndigheternas elektroniska och [&hellip;]\" \/>\n<meta property=\"og:url\" content=\"https:\/\/www.luvatjavalvonta.fi\/sv\/information-om-tjansten\/anslutningssatt\/\" \/>\n<meta property=\"og:site_name\" content=\"Luvat ja valvonta\" \/>\n<meta property=\"article:modified_time\" content=\"2023-11-13T07:56:08+00:00\" \/>\n<meta property=\"og:image\" content=\"https:\/\/luvatjavalvonta.fi\/content\/uploads\/2022\/08\/Liitostavat_11.png\" \/>\n<meta name=\"twitter:card\" content=\"summary_large_image\" \/>\n<meta name=\"twitter:label1\" content=\"Est. reading time\" \/>\n\t<meta name=\"twitter:data1\" content=\"3 minutes\" \/>\n<script type=\"application\/ld+json\" class=\"yoast-schema-graph\">{\"@context\":\"https:\/\/schema.org\",\"@graph\":[{\"@type\":\"WebPage\",\"@id\":\"https:\/\/www.luvatjavalvonta.fi\/sv\/information-om-tjansten\/anslutningssatt\/\",\"url\":\"https:\/\/www.luvatjavalvonta.fi\/sv\/information-om-tjansten\/anslutningssatt\/\",\"name\":\"Anslutningss\u00e4tt - Luvat ja valvonta\",\"isPartOf\":{\"@id\":\"https:\/\/luvatjavalvonta.fi\/#website\"},\"primaryImageOfPage\":{\"@id\":\"https:\/\/www.luvatjavalvonta.fi\/sv\/information-om-tjansten\/anslutningssatt\/#primaryimage\"},\"image\":{\"@id\":\"https:\/\/www.luvatjavalvonta.fi\/sv\/information-om-tjansten\/anslutningssatt\/#primaryimage\"},\"thumbnailUrl\":\"https:\/\/luvatjavalvonta.fi\/content\/uploads\/2022\/08\/Liitostavat_11.png\",\"datePublished\":\"2023-11-08T12:02:06+00:00\",\"dateModified\":\"2023-11-13T07:56:08+00:00\",\"breadcrumb\":{\"@id\":\"https:\/\/www.luvatjavalvonta.fi\/sv\/information-om-tjansten\/anslutningssatt\/#breadcrumb\"},\"inLanguage\":\"sv-SE\",\"potentialAction\":[{\"@type\":\"ReadAction\",\"target\":[\"https:\/\/www.luvatjavalvonta.fi\/sv\/information-om-tjansten\/anslutningssatt\/\"]}]},{\"@type\":\"ImageObject\",\"inLanguage\":\"sv-SE\",\"@id\":\"https:\/\/www.luvatjavalvonta.fi\/sv\/information-om-tjansten\/anslutningssatt\/#primaryimage\",\"url\":\"https:\/\/luvatjavalvonta.fi\/content\/uploads\/2022\/08\/Liitostavat_11.png\",\"contentUrl\":\"https:\/\/luvatjavalvonta.fi\/content\/uploads\/2022\/08\/Liitostavat_11.png\"},{\"@type\":\"BreadcrumbList\",\"@id\":\"https:\/\/www.luvatjavalvonta.fi\/sv\/information-om-tjansten\/anslutningssatt\/#breadcrumb\",\"itemListElement\":[{\"@type\":\"ListItem\",\"position\":1,\"name\":\"Home\",\"item\":\"https:\/\/luvatjavalvonta.fi\/sv\/\"},{\"@type\":\"ListItem\",\"position\":2,\"name\":\"Information om tj\u00e4nsten\",\"item\":\"http:\/\/www.luvatjavalvonta.fi\/sv\/information-om-tjansten\/\"},{\"@type\":\"ListItem\",\"position\":3,\"name\":\"Anslutningss\u00e4tt\"}]},{\"@type\":\"WebSite\",\"@id\":\"https:\/\/luvatjavalvonta.fi\/#website\",\"url\":\"https:\/\/luvatjavalvonta.fi\/\",\"name\":\"Luvat ja valvonta\",\"description\":\"\",\"potentialAction\":[{\"@type\":\"SearchAction\",\"target\":{\"@type\":\"EntryPoint\",\"urlTemplate\":\"https:\/\/luvatjavalvonta.fi\/?s={search_term_string}\"},\"query-input\":{\"@type\":\"PropertyValueSpecification\",\"valueRequired\":true,\"valueName\":\"search_term_string\"}}],\"inLanguage\":\"sv-SE\"}]}<\/script>\n<!-- \/ Yoast SEO plugin. -->","yoast_head_json":{"title":"Anslutningss\u00e4tt - Luvat ja valvonta","robots":{"index":"index","follow":"follow","max-snippet":"max-snippet:-1","max-image-preview":"max-image-preview:large","max-video-preview":"max-video-preview:-1"},"canonical":"https:\/\/www.luvatjavalvonta.fi\/sv\/information-om-tjansten\/anslutningssatt\/","og_locale":"sv_SE","og_type":"article","og_title":"Anslutningss\u00e4tt - Luvat ja valvonta","og_description":"Ekosystemet Tillst\u00e5nd och tillsyn g\u00f6r det m\u00f6jligt att erbjuda kunden en s\u00f6ml\u00f6s helt\u00e4ckande tj\u00e4nst. Detta kr\u00e4ver interoperabilitet mellan ekosystemets olika tj\u00e4nster, vilket uppn\u00e5s genom att ansluta myndighetens \u00e4rendehanteringstj\u00e4nst och tj\u00e4nsten Tillst\u00e5nd och tillsyn till varandra. D\u00e5 \u00f6verf\u00f6rs kundens n\u00f6dv\u00e4ndiga \u00e4rende- och statusuppgifter mellan tj\u00e4nsterna. I anslutningsalternativen f\u00f6r tj\u00e4nsten Tillst\u00e5nd och tillsyn har myndigheternas elektroniska och [&hellip;]","og_url":"https:\/\/www.luvatjavalvonta.fi\/sv\/information-om-tjansten\/anslutningssatt\/","og_site_name":"Luvat ja valvonta","article_modified_time":"2023-11-13T07:56:08+00:00","og_image":[{"url":"https:\/\/luvatjavalvonta.fi\/content\/uploads\/2022\/08\/Liitostavat_11.png","type":"","width":"","height":""}],"twitter_card":"summary_large_image","twitter_misc":{"Est. reading time":"3 minutes"},"schema":{"@context":"https:\/\/schema.org","@graph":[{"@type":"WebPage","@id":"https:\/\/www.luvatjavalvonta.fi\/sv\/information-om-tjansten\/anslutningssatt\/","url":"https:\/\/www.luvatjavalvonta.fi\/sv\/information-om-tjansten\/anslutningssatt\/","name":"Anslutningss\u00e4tt - Luvat ja valvonta","isPartOf":{"@id":"https:\/\/luvatjavalvonta.fi\/#website"},"primaryImageOfPage":{"@id":"https:\/\/www.luvatjavalvonta.fi\/sv\/information-om-tjansten\/anslutningssatt\/#primaryimage"},"image":{"@id":"https:\/\/www.luvatjavalvonta.fi\/sv\/information-om-tjansten\/anslutningssatt\/#primaryimage"},"thumbnailUrl":"https:\/\/luvatjavalvonta.fi\/content\/uploads\/2022\/08\/Liitostavat_11.png","datePublished":"2023-11-08T12:02:06+00:00","dateModified":"2023-11-13T07:56:08+00:00","breadcrumb":{"@id":"https:\/\/www.luvatjavalvonta.fi\/sv\/information-om-tjansten\/anslutningssatt\/#breadcrumb"},"inLanguage":"sv-SE","potentialAction":[{"@type":"ReadAction","target":["https:\/\/www.luvatjavalvonta.fi\/sv\/information-om-tjansten\/anslutningssatt\/"]}]},{"@type":"ImageObject","inLanguage":"sv-SE","@id":"https:\/\/www.luvatjavalvonta.fi\/sv\/information-om-tjansten\/anslutningssatt\/#primaryimage","url":"https:\/\/luvatjavalvonta.fi\/content\/uploads\/2022\/08\/Liitostavat_11.png","contentUrl":"https:\/\/luvatjavalvonta.fi\/content\/uploads\/2022\/08\/Liitostavat_11.png"},{"@type":"BreadcrumbList","@id":"https:\/\/www.luvatjavalvonta.fi\/sv\/information-om-tjansten\/anslutningssatt\/#breadcrumb","itemListElement":[{"@type":"ListItem","position":1,"name":"Home","item":"https:\/\/luvatjavalvonta.fi\/sv\/"},{"@type":"ListItem","position":2,"name":"Information om tj\u00e4nsten","item":"http:\/\/www.luvatjavalvonta.fi\/sv\/information-om-tjansten\/"},{"@type":"ListItem","position":3,"name":"Anslutningss\u00e4tt"}]},{"@type":"WebSite","@id":"https:\/\/luvatjavalvonta.fi\/#website","url":"https:\/\/luvatjavalvonta.fi\/","name":"Luvat ja valvonta","description":"","potentialAction":[{"@type":"SearchAction","target":{"@type":"EntryPoint","urlTemplate":"https:\/\/luvatjavalvonta.fi\/?s={search_term_string}"},"query-input":{"@type":"PropertyValueSpecification","valueRequired":true,"valueName":"search_term_string"}}],"inLanguage":"sv-SE"}]}},"_links":{"self":[{"href":"https:\/\/luvatjavalvonta.fi\/sv\/wp-json\/wp\/v2\/pages\/6066","targetHints":{"allow":["GET"]}}],"collection":[{"href":"https:\/\/luvatjavalvonta.fi\/sv\/wp-json\/wp\/v2\/pages"}],"about":[{"href":"https:\/\/luvatjavalvonta.fi\/sv\/wp-json\/wp\/v2\/types\/page"}],"author":[{"embeddable":true,"href":"https:\/\/luvatjavalvonta.fi\/sv\/wp-json\/wp\/v2\/users\/14"}],"replies":[{"embeddable":true,"href":"https:\/\/luvatjavalvonta.fi\/sv\/wp-json\/wp\/v2\/comments?post=6066"}],"version-history":[{"count":6,"href":"https:\/\/luvatjavalvonta.fi\/sv\/wp-json\/wp\/v2\/pages\/6066\/revisions"}],"predecessor-version":[{"id":6579,"href":"https:\/\/luvatjavalvonta.fi\/sv\/wp-json\/wp\/v2\/pages\/6066\/revisions\/6579"}],"up":[{"embeddable":true,"href":"https:\/\/luvatjavalvonta.fi\/sv\/wp-json\/wp\/v2\/pages\/4889"}],"wp:attachment":[{"href":"https:\/\/luvatjavalvonta.fi\/sv\/wp-json\/wp\/v2\/media?parent=6066"}],"curies":[{"name":"wp","href":"https:\/\/api.w.org\/{rel}","templated":true}]}}