{"id":6078,"date":"2023-11-08T14:02:31","date_gmt":"2023-11-08T12:02:31","guid":{"rendered":"https:\/\/luvatjavalvonta.fi\/?page_id=6078"},"modified":"2023-11-13T09:58:37","modified_gmt":"2023-11-13T07:58:37","slug":"elektroniskt-kommunikationsgranssnitt","status":"publish","type":"page","link":"https:\/\/luvatjavalvonta.fi\/sv\/information-om-tjansten\/anslutningssatt\/elektroniskt-kommunikationsgranssnitt\/","title":{"rendered":"Elektroniskt kommunikationsgr\u00e4nssnitt"},"content":{"rendered":"\n<hr class=\"wp-block-separator has-alpha-channel-opacity\"\/>\n\n\n\n<div class=\"wp-block-columns is-layout-flex wp-container-core-columns-is-layout-9d6595d7 wp-block-columns-is-layout-flex\">\n<div class=\"wp-block-column is-vertically-aligned-center is-layout-flow wp-block-column-is-layout-flow\" style=\"flex-basis:25%\">\n<p><img loading=\"lazy\" decoding=\"async\" class=\"aligncenter size-thumbnail wp-image-2708\" src=\"https:\/\/luvatjavalvonta.fi\/content\/uploads\/2022\/08\/SahkoinenTiedonvalitys1-150x150.png\" alt=\"\" width=\"150\" height=\"150\" srcset=\"https:\/\/luvatjavalvonta.fi\/content\/uploads\/2022\/08\/SahkoinenTiedonvalitys1-150x150.png 150w, https:\/\/luvatjavalvonta.fi\/content\/uploads\/2022\/08\/SahkoinenTiedonvalitys1-300x300.png 300w, https:\/\/luvatjavalvonta.fi\/content\/uploads\/2022\/08\/SahkoinenTiedonvalitys1-200x200.png 200w, https:\/\/luvatjavalvonta.fi\/content\/uploads\/2022\/08\/SahkoinenTiedonvalitys1.png 664w\" sizes=\"auto, (max-width: 150px) 100vw, 150px\" \/><\/p>\n<\/div>\n\n\n\n<div class=\"wp-block-column is-vertically-aligned-bottom is-layout-flow wp-block-column-is-layout-flow\" style=\"flex-basis:75%\">\n<p>Vid detta anslutningss\u00e4tt ansluter myndigheten sina \u00e4rendehanteringstj\u00e4nster till tj\u00e4nsten Tillst\u00e5nd och tillsyn med hj\u00e4lp av gr\u00e4nssnittet f\u00f6r elektronisk kommunikation. Det m\u00f6jligg\u00f6r en automatisk data\u00f6verf\u00f6ring mellan tj\u00e4nsterna som \u00e4r fri fr\u00e5n manuella fel och som kan f\u00f6ljas upp.<\/p>\n<\/div>\n<\/div>\n\n\n\n<p>Myndighetens \u00e4rendehanteringstj\u00e4nst ansluts till gr\u00e4nssnitt f\u00f6r elektronisk kommunikation i tj\u00e4nsten Tillst\u00e5nd och tillsyn via <a href=\"https:\/\/www.suomi.fi\/service\/suomi-fi-informationsleden-myndigheten-for-digitalisering-och-befolkningsdata\/4ab88971-b9fb-443c-99aa-bc361bac7548\">Suomi.fi-informationsleden<\/a> Det m\u00f6jligg\u00f6r en kostnadseffektiv, standardiserad och informationss\u00e4ker informationskanal mellan tj\u00e4nsterna.&nbsp;<\/p>\n<h2>F\u00f6ruts\u00e4ttningar<\/h2>\n<p>F\u00f6ruts\u00e4ttningarna f\u00f6r att anv\u00e4nda gr\u00e4nssnittet f\u00f6r elektronisk information \u00e4r<\/p>\n<ul>\n<li>myndigheten har tillg\u00e5ng till en elektronisk \u00e4rendehanteringstj\u00e4nst<\/li>\n<li>\u00e4rendehanteringstj\u00e4nsten har n\u00f6dv\u00e4ndig anslutning till Suomi.fi-informationsleden&nbsp;<\/li>\n<\/ul>\n<p>Anv\u00e4ndningen av gr\u00e4nssnittet f\u00f6ruts\u00e4tter att den myndighet som ansluter sig genomf\u00f6r den elektroniska informations\u00f6verf\u00f6ring som beh\u00f6vs f\u00f6r att f\u00f6rmedla uppgifterna, genom vilken \u00e4rendehanteringstj\u00e4nsten eller -systemet ansluts till tj\u00e4nsten Tillst\u00e5nd och tillsyn. Det g\u00e4ller \u00e4ven vid anslutning till tj\u00e4nsten Tillst\u00e5nd och tillsyn av gemensamma \u00e4rendehanteringstj\u00e4nster som anv\u00e4nds av myndigheten, till exempel <a href=\"https:\/\/lupapiste.fi\/\">Lupapiste.fi<\/a> och Trimbles ePermit-tj\u00e4nster.<\/p>\n<h2>Gemensamma \u00e4rendehanteringstj\u00e4nster<\/h2>\n<p>F\u00f6r de gemensamma \u00e4rendehanteringstj\u00e4nster som myndigheterna anv\u00e4nder r\u00e4cker det att tj\u00e4nstens \u00e4gare har skapat en anslutning till tj\u00e4nsten Tillst\u00e5nd och tillsyn. P\u00e5 s\u00e5 s\u00e4tt beh\u00f6ver inte varje myndighet sj\u00e4lv genomf\u00f6ra anslutningen. Ofta kr\u00e4ver det att kundmyndigheten best\u00e4ller anslutningen av tj\u00e4nstens \u00e4gare. Kontrollera alltid anslutningens status med tj\u00e4nstens \u00e4gare i samband med inf\u00f6randet av tj\u00e4nsten Tillst\u00e5nd och tillsyn.<\/p>\n<h2>Tekniska l\u00f6sningar och genomf\u00f6rande<\/h2>\n<p>Det finns flera tekniska l\u00f6sningar f\u00f6r att genomf\u00f6ra integrationsanslutningen, fr\u00e5n traditionella integrationsl\u00f6sningar till molnbaserade programvarurobotar. Vilken som \u00e4r den b\u00e4sta l\u00f6sningen beror p\u00e5 myndighetens verksamhetsm\u00e4ssiga behov och \u00e4ven p\u00e5 behoven i deras IT-milj\u00f6. Det \u00e4r bra att involvera organisationens IT-support i valet av l\u00f6sning. Den myndighet som skapar f\u00f6rbindelsen ansvarar f\u00f6r genomf\u00f6randet av den elektroniska informations\u00f6verf\u00f6ringen.<\/p>\n<p>Ut\u00f6ver traditionella tekniska l\u00f6sningar kan integrationen av tj\u00e4nsterna genomf\u00f6ras med hj\u00e4lp av programvarurobotik. Se videoinspelningen fr\u00e5n presentationstillf\u00e4llet f\u00f6r referensgenomf\u00f6randet av programroboten<\/p>\n<h2>Tekniska anvisningar<\/h2>\n<p>Tj\u00e4nstens tekniska anvisningar f\u00f6r anslutning och den yaml-bilaga som det h\u00e4nvisas till i den samt den tekniska dokumentationen av programvarurobotiken hittar du under l\u00e4nkarna nedan. Se till att du har tillg\u00e5ng till aktuellt material! Vid behov kan du ladda ner den senaste versionen av materialet via l\u00e4nkarna nedan.<\/p>\n<h2>Support<\/h2>\n<p>Tj\u00e4nsten Tillst\u00e5nd och tillsyn erbjuder myndigheterna kostnadsfri teknisk support f\u00f6r gr\u00e4nssnittet och end-to-end-testning (E2E). Supporten innefattar ut\u00f6ver den tekniska dokumentationen om gr\u00e4nssnittet nedan \u00e4ven support till personer p\u00e5 utvecklarniv\u00e5. F\u00f6rfr\u00e5gningar och beg\u00e4ran om information om supporten ska skickas till adressen luvatjavalvonta.tem(at)gov.fi.<\/p>\n\n\n<div class=\"custom-quote-wrapper\">\n\t<div class=\"quote\">\n\t\t<p>OBS!<\/p>\n<p>Kontrollera den senaste versionen av det tekniska materialet via l\u00e4nkarna nedan. Den tekniska dokumentationen finns endast p\u00e5 finska.<\/p>\n\n\t<\/div>\n<\/div>\n\n\n\n<div class=\"wp-block-columns is-layout-flex wp-container-core-columns-is-layout-9d6595d7 wp-block-columns-is-layout-flex\">\n<div class=\"wp-block-column is-layout-flow wp-block-column-is-layout-flow\">\n<h3 style=\"text-align: center;\"><a href=\"https:\/\/luvatjavalvonta.fi\/content\/uploads\/2022\/11\/Palvelukerroksen-tekninen-liittymisohje-v2.02.pdf\"><img loading=\"lazy\" decoding=\"async\" class=\"aligncenter wp-image-3119\" src=\"https:\/\/luvatjavalvonta.fi\/content\/uploads\/2022\/09\/Lomake1-150x150.png\" alt=\"\" width=\"125\" height=\"125\" srcset=\"https:\/\/luvatjavalvonta.fi\/content\/uploads\/2022\/09\/Lomake1-150x150.png 150w, https:\/\/luvatjavalvonta.fi\/content\/uploads\/2022\/09\/Lomake1-300x300.png 300w, https:\/\/luvatjavalvonta.fi\/content\/uploads\/2022\/09\/Lomake1-199x200.png 199w, https:\/\/luvatjavalvonta.fi\/content\/uploads\/2022\/09\/Lomake1.png 667w\" sizes=\"auto, (max-width: 125px) 100vw, 125px\" \/>LV-tekninen<br>liittymisohje<br>v2.02.pdf \u203a<\/a><\/h3>\n<\/div>\n\n\n\n<div class=\"wp-block-column is-layout-flow wp-block-column-is-layout-flow\">\n<h3 style=\"text-align: center;\"><a href=\"https:\/\/luvatjavalvonta.fi\/sv\/?page_id=5917\"><img loading=\"lazy\" decoding=\"async\" class=\"aligncenter wp-image-3119\" src=\"https:\/\/luvatjavalvonta.fi\/content\/uploads\/2022\/09\/Lomake1-150x150.png\" alt=\"\" width=\"125\" height=\"125\" srcset=\"https:\/\/luvatjavalvonta.fi\/content\/uploads\/2022\/09\/Lomake1-150x150.png 150w, https:\/\/luvatjavalvonta.fi\/content\/uploads\/2022\/09\/Lomake1-300x300.png 300w, https:\/\/luvatjavalvonta.fi\/content\/uploads\/2022\/09\/Lomake1-199x200.png 199w, https:\/\/luvatjavalvonta.fi\/content\/uploads\/2022\/09\/Lomake1.png 667w\" sizes=\"auto, (max-width: 125px) 100vw, 125px\" \/><\/a><a href=\"https:\/\/luvatjavalvonta.fi\/sv\/?page_id=5917\">Gr\u00e4nssnitts-<br \/>definition<br \/>(yaml) \u203a<\/a><\/h3>\n<\/div>\n\n\n\n<div class=\"wp-block-column is-layout-flow wp-block-column-is-layout-flow\">\n<h3 style=\"text-align: center;\"><img loading=\"lazy\" decoding=\"async\" class=\"aligncenter  wp-image-3119\" src=\"https:\/\/luvatjavalvonta.fi\/content\/uploads\/2022\/09\/Lomake1.png\" alt=\"\" width=\"125\" height=\"125\" srcset=\"https:\/\/luvatjavalvonta.fi\/content\/uploads\/2022\/09\/Lomake1.png 667w, https:\/\/luvatjavalvonta.fi\/content\/uploads\/2022\/09\/Lomake1-300x300.png 300w, https:\/\/luvatjavalvonta.fi\/content\/uploads\/2022\/09\/Lomake1-150x150.png 150w, https:\/\/luvatjavalvonta.fi\/content\/uploads\/2022\/09\/Lomake1-199x200.png 199w\" sizes=\"auto, (max-width: 125px) 100vw, 125px\" \/>Kommer senare: tekniskt material f\u00f6r referensimplementering av programvaruroboten \u203a<\/h3>\n<\/div>\n<\/div>\n","protected":false},"excerpt":{"rendered":"<p>Vid detta anslutningss\u00e4tt ansluter myndigheten sina \u00e4rendehanteringstj\u00e4nster till tj\u00e4nsten Tillst\u00e5nd och tillsyn med hj\u00e4lp av gr\u00e4nssnittet f\u00f6r elektronisk kommunikation. Det m\u00f6jligg\u00f6r en automatisk data\u00f6verf\u00f6ring mellan tj\u00e4nsterna som \u00e4r fri fr\u00e5n manuella fel och som kan f\u00f6ljas upp. Myndighetens \u00e4rendehanteringstj\u00e4nst ansluts till gr\u00e4nssnitt f\u00f6r elektronisk kommunikation i tj\u00e4nsten Tillst\u00e5nd och tillsyn via Suomi.fi-informationsleden Det m\u00f6jligg\u00f6r en [&hellip;]<\/p>\n","protected":false},"author":14,"featured_media":0,"parent":6066,"menu_order":28,"comment_status":"closed","ping_status":"closed","template":"","meta":{"_acf_changed":false,"inline_featured_image":false,"footnotes":""},"class_list":["post-6078","page","type-page","status-publish","hentry"],"acf":{"ai_extra_content":"","ai_instructions":"","ai_hidden_page":false},"yoast_head":"<!-- This site is optimized with the Yoast SEO plugin v25.9 - https:\/\/yoast.com\/wordpress\/plugins\/seo\/ -->\n<title>Elektroniskt kommunikationsgr\u00e4nssnitt - Luvat ja valvonta<\/title>\n<meta name=\"robots\" content=\"index, follow, max-snippet:-1, max-image-preview:large, max-video-preview:-1\" \/>\n<link rel=\"canonical\" href=\"https:\/\/luvatjavalvonta.fi\/sv\/information-om-tjansten\/anslutningssatt\/elektroniskt-kommunikationsgranssnitt\/\" \/>\n<meta property=\"og:locale\" content=\"sv_SE\" \/>\n<meta property=\"og:type\" content=\"article\" \/>\n<meta property=\"og:title\" content=\"Elektroniskt kommunikationsgr\u00e4nssnitt - Luvat ja valvonta\" \/>\n<meta property=\"og:description\" content=\"Vid detta anslutningss\u00e4tt ansluter myndigheten sina \u00e4rendehanteringstj\u00e4nster till tj\u00e4nsten Tillst\u00e5nd och tillsyn med hj\u00e4lp av gr\u00e4nssnittet f\u00f6r elektronisk kommunikation. Det m\u00f6jligg\u00f6r en automatisk data\u00f6verf\u00f6ring mellan tj\u00e4nsterna som \u00e4r fri fr\u00e5n manuella fel och som kan f\u00f6ljas upp. Myndighetens \u00e4rendehanteringstj\u00e4nst ansluts till gr\u00e4nssnitt f\u00f6r elektronisk kommunikation i tj\u00e4nsten Tillst\u00e5nd och tillsyn via Suomi.fi-informationsleden Det m\u00f6jligg\u00f6r en [&hellip;]\" \/>\n<meta property=\"og:url\" content=\"https:\/\/luvatjavalvonta.fi\/sv\/information-om-tjansten\/anslutningssatt\/elektroniskt-kommunikationsgranssnitt\/\" \/>\n<meta property=\"og:site_name\" content=\"Luvat ja valvonta\" \/>\n<meta property=\"article:modified_time\" content=\"2023-11-13T07:58:37+00:00\" \/>\n<meta property=\"og:image\" content=\"https:\/\/luvatjavalvonta.fi\/content\/uploads\/2022\/08\/SahkoinenTiedonvalitys1-150x150.png\" \/>\n<meta name=\"twitter:card\" content=\"summary_large_image\" \/>\n<meta name=\"twitter:label1\" content=\"Est. reading time\" \/>\n\t<meta name=\"twitter:data1\" content=\"3 minutes\" \/>\n<script type=\"application\/ld+json\" class=\"yoast-schema-graph\">{\"@context\":\"https:\/\/schema.org\",\"@graph\":[{\"@type\":\"WebPage\",\"@id\":\"https:\/\/luvatjavalvonta.fi\/sv\/information-om-tjansten\/anslutningssatt\/elektroniskt-kommunikationsgranssnitt\/\",\"url\":\"https:\/\/luvatjavalvonta.fi\/sv\/information-om-tjansten\/anslutningssatt\/elektroniskt-kommunikationsgranssnitt\/\",\"name\":\"Elektroniskt kommunikationsgr\u00e4nssnitt - Luvat ja valvonta\",\"isPartOf\":{\"@id\":\"https:\/\/luvatjavalvonta.fi\/#website\"},\"primaryImageOfPage\":{\"@id\":\"https:\/\/luvatjavalvonta.fi\/sv\/information-om-tjansten\/anslutningssatt\/elektroniskt-kommunikationsgranssnitt\/#primaryimage\"},\"image\":{\"@id\":\"https:\/\/luvatjavalvonta.fi\/sv\/information-om-tjansten\/anslutningssatt\/elektroniskt-kommunikationsgranssnitt\/#primaryimage\"},\"thumbnailUrl\":\"https:\/\/luvatjavalvonta.fi\/content\/uploads\/2022\/08\/SahkoinenTiedonvalitys1-150x150.png\",\"datePublished\":\"2023-11-08T12:02:31+00:00\",\"dateModified\":\"2023-11-13T07:58:37+00:00\",\"breadcrumb\":{\"@id\":\"https:\/\/luvatjavalvonta.fi\/sv\/information-om-tjansten\/anslutningssatt\/elektroniskt-kommunikationsgranssnitt\/#breadcrumb\"},\"inLanguage\":\"sv-SE\",\"potentialAction\":[{\"@type\":\"ReadAction\",\"target\":[\"https:\/\/luvatjavalvonta.fi\/sv\/information-om-tjansten\/anslutningssatt\/elektroniskt-kommunikationsgranssnitt\/\"]}]},{\"@type\":\"ImageObject\",\"inLanguage\":\"sv-SE\",\"@id\":\"https:\/\/luvatjavalvonta.fi\/sv\/information-om-tjansten\/anslutningssatt\/elektroniskt-kommunikationsgranssnitt\/#primaryimage\",\"url\":\"https:\/\/luvatjavalvonta.fi\/content\/uploads\/2022\/08\/SahkoinenTiedonvalitys1-150x150.png\",\"contentUrl\":\"https:\/\/luvatjavalvonta.fi\/content\/uploads\/2022\/08\/SahkoinenTiedonvalitys1-150x150.png\"},{\"@type\":\"BreadcrumbList\",\"@id\":\"https:\/\/luvatjavalvonta.fi\/sv\/information-om-tjansten\/anslutningssatt\/elektroniskt-kommunikationsgranssnitt\/#breadcrumb\",\"itemListElement\":[{\"@type\":\"ListItem\",\"position\":1,\"name\":\"Home\",\"item\":\"http:\/\/54.75.134.196:80\/sv\/\"},{\"@type\":\"ListItem\",\"position\":2,\"name\":\"Information om tj\u00e4nsten\",\"item\":\"http:\/\/54.75.134.196:80\/sv\/information-om-tjansten\/\"},{\"@type\":\"ListItem\",\"position\":3,\"name\":\"Anslutningss\u00e4tt\",\"item\":\"https:\/\/luvatjavalvonta.fi\/sv\/information-om-tjansten\/anslutningssatt\/\"},{\"@type\":\"ListItem\",\"position\":4,\"name\":\"Elektroniskt kommunikationsgr\u00e4nssnitt\"}]},{\"@type\":\"WebSite\",\"@id\":\"https:\/\/luvatjavalvonta.fi\/#website\",\"url\":\"https:\/\/luvatjavalvonta.fi\/\",\"name\":\"Luvat ja valvonta\",\"description\":\"\",\"potentialAction\":[{\"@type\":\"SearchAction\",\"target\":{\"@type\":\"EntryPoint\",\"urlTemplate\":\"https:\/\/luvatjavalvonta.fi\/?s={search_term_string}\"},\"query-input\":{\"@type\":\"PropertyValueSpecification\",\"valueRequired\":true,\"valueName\":\"search_term_string\"}}],\"inLanguage\":\"sv-SE\"}]}<\/script>\n<!-- \/ Yoast SEO plugin. -->","yoast_head_json":{"title":"Elektroniskt kommunikationsgr\u00e4nssnitt - Luvat ja valvonta","robots":{"index":"index","follow":"follow","max-snippet":"max-snippet:-1","max-image-preview":"max-image-preview:large","max-video-preview":"max-video-preview:-1"},"canonical":"https:\/\/luvatjavalvonta.fi\/sv\/information-om-tjansten\/anslutningssatt\/elektroniskt-kommunikationsgranssnitt\/","og_locale":"sv_SE","og_type":"article","og_title":"Elektroniskt kommunikationsgr\u00e4nssnitt - Luvat ja valvonta","og_description":"Vid detta anslutningss\u00e4tt ansluter myndigheten sina \u00e4rendehanteringstj\u00e4nster till tj\u00e4nsten Tillst\u00e5nd och tillsyn med hj\u00e4lp av gr\u00e4nssnittet f\u00f6r elektronisk kommunikation. Det m\u00f6jligg\u00f6r en automatisk data\u00f6verf\u00f6ring mellan tj\u00e4nsterna som \u00e4r fri fr\u00e5n manuella fel och som kan f\u00f6ljas upp. Myndighetens \u00e4rendehanteringstj\u00e4nst ansluts till gr\u00e4nssnitt f\u00f6r elektronisk kommunikation i tj\u00e4nsten Tillst\u00e5nd och tillsyn via Suomi.fi-informationsleden Det m\u00f6jligg\u00f6r en [&hellip;]","og_url":"https:\/\/luvatjavalvonta.fi\/sv\/information-om-tjansten\/anslutningssatt\/elektroniskt-kommunikationsgranssnitt\/","og_site_name":"Luvat ja valvonta","article_modified_time":"2023-11-13T07:58:37+00:00","og_image":[{"url":"https:\/\/luvatjavalvonta.fi\/content\/uploads\/2022\/08\/SahkoinenTiedonvalitys1-150x150.png","type":"","width":"","height":""}],"twitter_card":"summary_large_image","twitter_misc":{"Est. reading time":"3 minutes"},"schema":{"@context":"https:\/\/schema.org","@graph":[{"@type":"WebPage","@id":"https:\/\/luvatjavalvonta.fi\/sv\/information-om-tjansten\/anslutningssatt\/elektroniskt-kommunikationsgranssnitt\/","url":"https:\/\/luvatjavalvonta.fi\/sv\/information-om-tjansten\/anslutningssatt\/elektroniskt-kommunikationsgranssnitt\/","name":"Elektroniskt kommunikationsgr\u00e4nssnitt - Luvat ja valvonta","isPartOf":{"@id":"https:\/\/luvatjavalvonta.fi\/#website"},"primaryImageOfPage":{"@id":"https:\/\/luvatjavalvonta.fi\/sv\/information-om-tjansten\/anslutningssatt\/elektroniskt-kommunikationsgranssnitt\/#primaryimage"},"image":{"@id":"https:\/\/luvatjavalvonta.fi\/sv\/information-om-tjansten\/anslutningssatt\/elektroniskt-kommunikationsgranssnitt\/#primaryimage"},"thumbnailUrl":"https:\/\/luvatjavalvonta.fi\/content\/uploads\/2022\/08\/SahkoinenTiedonvalitys1-150x150.png","datePublished":"2023-11-08T12:02:31+00:00","dateModified":"2023-11-13T07:58:37+00:00","breadcrumb":{"@id":"https:\/\/luvatjavalvonta.fi\/sv\/information-om-tjansten\/anslutningssatt\/elektroniskt-kommunikationsgranssnitt\/#breadcrumb"},"inLanguage":"sv-SE","potentialAction":[{"@type":"ReadAction","target":["https:\/\/luvatjavalvonta.fi\/sv\/information-om-tjansten\/anslutningssatt\/elektroniskt-kommunikationsgranssnitt\/"]}]},{"@type":"ImageObject","inLanguage":"sv-SE","@id":"https:\/\/luvatjavalvonta.fi\/sv\/information-om-tjansten\/anslutningssatt\/elektroniskt-kommunikationsgranssnitt\/#primaryimage","url":"https:\/\/luvatjavalvonta.fi\/content\/uploads\/2022\/08\/SahkoinenTiedonvalitys1-150x150.png","contentUrl":"https:\/\/luvatjavalvonta.fi\/content\/uploads\/2022\/08\/SahkoinenTiedonvalitys1-150x150.png"},{"@type":"BreadcrumbList","@id":"https:\/\/luvatjavalvonta.fi\/sv\/information-om-tjansten\/anslutningssatt\/elektroniskt-kommunikationsgranssnitt\/#breadcrumb","itemListElement":[{"@type":"ListItem","position":1,"name":"Home","item":"http:\/\/54.75.134.196:80\/sv\/"},{"@type":"ListItem","position":2,"name":"Information om tj\u00e4nsten","item":"http:\/\/54.75.134.196:80\/sv\/information-om-tjansten\/"},{"@type":"ListItem","position":3,"name":"Anslutningss\u00e4tt","item":"https:\/\/luvatjavalvonta.fi\/sv\/information-om-tjansten\/anslutningssatt\/"},{"@type":"ListItem","position":4,"name":"Elektroniskt kommunikationsgr\u00e4nssnitt"}]},{"@type":"WebSite","@id":"https:\/\/luvatjavalvonta.fi\/#website","url":"https:\/\/luvatjavalvonta.fi\/","name":"Luvat ja valvonta","description":"","potentialAction":[{"@type":"SearchAction","target":{"@type":"EntryPoint","urlTemplate":"https:\/\/luvatjavalvonta.fi\/?s={search_term_string}"},"query-input":{"@type":"PropertyValueSpecification","valueRequired":true,"valueName":"search_term_string"}}],"inLanguage":"sv-SE"}]}},"_links":{"self":[{"href":"https:\/\/luvatjavalvonta.fi\/sv\/wp-json\/wp\/v2\/pages\/6078","targetHints":{"allow":["GET"]}}],"collection":[{"href":"https:\/\/luvatjavalvonta.fi\/sv\/wp-json\/wp\/v2\/pages"}],"about":[{"href":"https:\/\/luvatjavalvonta.fi\/sv\/wp-json\/wp\/v2\/types\/page"}],"author":[{"embeddable":true,"href":"https:\/\/luvatjavalvonta.fi\/sv\/wp-json\/wp\/v2\/users\/14"}],"replies":[{"embeddable":true,"href":"https:\/\/luvatjavalvonta.fi\/sv\/wp-json\/wp\/v2\/comments?post=6078"}],"version-history":[{"count":9,"href":"https:\/\/luvatjavalvonta.fi\/sv\/wp-json\/wp\/v2\/pages\/6078\/revisions"}],"predecessor-version":[{"id":6581,"href":"https:\/\/luvatjavalvonta.fi\/sv\/wp-json\/wp\/v2\/pages\/6078\/revisions\/6581"}],"up":[{"embeddable":true,"href":"https:\/\/luvatjavalvonta.fi\/sv\/wp-json\/wp\/v2\/pages\/6066"}],"wp:attachment":[{"href":"https:\/\/luvatjavalvonta.fi\/sv\/wp-json\/wp\/v2\/media?parent=6078"}],"curies":[{"name":"wp","href":"https:\/\/api.w.org\/{rel}","templated":true}]}}