{"id":6095,"date":"2023-11-08T14:02:57","date_gmt":"2023-11-08T12:02:57","guid":{"rendered":"https:\/\/luvatjavalvonta.fi\/?page_id=6095"},"modified":"2023-11-08T15:57:41","modified_gmt":"2023-11-08T13:57:41","slug":"forenklad-e-tjanst","status":"publish","type":"page","link":"https:\/\/luvatjavalvonta.fi\/sv\/information-om-tjansten\/anslutningssatt\/forenklad-e-tjanst\/","title":{"rendered":"F\u00f6renklad e-tj\u00e4nst"},"content":{"rendered":"\n<hr class=\"wp-block-separator has-alpha-channel-opacity\"\/>\n\n\n\n<div class=\"wp-block-columns is-layout-flex wp-container-core-columns-is-layout-9d6595d7 wp-block-columns-is-layout-flex\">\n<div class=\"wp-block-column is-layout-flow wp-block-column-is-layout-flow\" style=\"flex-basis:25%\">\n<p><img loading=\"lazy\" decoding=\"async\" class=\"aligncenter wp-image-2706\" src=\"https:\/\/luvatjavalvonta.fi\/content\/uploads\/2022\/08\/Kevytasiointi1-150x150.png\" alt=\"\" width=\"151\" height=\"151\" srcset=\"https:\/\/luvatjavalvonta.fi\/content\/uploads\/2022\/08\/Kevytasiointi1-150x150.png 150w, https:\/\/luvatjavalvonta.fi\/content\/uploads\/2022\/08\/Kevytasiointi1-300x300.png 300w, https:\/\/luvatjavalvonta.fi\/content\/uploads\/2022\/08\/Kevytasiointi1-200x200.png 200w, https:\/\/luvatjavalvonta.fi\/content\/uploads\/2022\/08\/Kevytasiointi1.png 669w\" sizes=\"auto, (max-width: 151px) 100vw, 151px\" \/><\/p>\n<\/div>\n\n\n\n<div class=\"wp-block-column is-layout-flow wp-block-column-is-layout-flow\" style=\"flex-basis:75%\">\n<p>F\u00f6renklad e-tj\u00e4nst i tj\u00e4nsten Tillst\u00e5nd och tillsyn \u00e4r en e-tj\u00e4nst som kompletterar myndighetens traditionella servicekanaler och som m\u00f6jligg\u00f6r en \u00f6vergripande elektronisk upplevelse av \u00e4rendehanteringen f\u00f6r kunden i ekosystemet Tillst\u00e5nd och tillsyn. F\u00f6renklad e-tj\u00e4nst inneh\u00e5ller en samling elektroniska \u00e4rendeblanketter som kan anv\u00e4ndas f\u00f6r tj\u00e4nster och med vars hj\u00e4lp n\u00f6dv\u00e4ndiga uppgifter om kundens verksamhet samlas in till myndigheten. Alla som ansluter sig till ekosystemet Tillst\u00e5nd och tillsyn eller myndigheter som \u00e4r verksamma d\u00e4r kan anv\u00e4nda F\u00f6renklad e-tj\u00e4nst. Kontrollera f\u00f6r varje \u00e4rende att tj\u00e4nsten \u00e4r l\u00e4mplig!<\/p>\n<\/div>\n<\/div>\n\n\n\n<h2>L\u00e4mplighet<\/h2>\n<p>Man ska bed\u00f6ma huruvida det \u00e4r l\u00e4mpligt att inf\u00f6ra F\u00f6renklad e-tj\u00e4nst och j\u00e4mf\u00f6ra det med andra \u00e4rendehanteringsl\u00f6sningar innan de b\u00f6rjar anv\u00e4ndas. F\u00f6renklad e-tj\u00e4nst inneh\u00e5ller minimifunktionerna f\u00f6r att hantera centrala myndighets\u00e4renden: de \u00e4rendespecifika uppgifter som beg\u00e4rs in av kunden, myndighetsmeddelanden och statusuppgifter. I F\u00f6renklad e-tj\u00e4nst kan man exempelvis inte g\u00f6ra myndighetsspecifika redigeringar eller redigerbar processtyrning och det minskar inte myndighetens tj\u00e4nstem\u00e4ns manuella arbete: behandlingen av kunduppgifter och uppdateringen av statusuppgifterna f\u00f6r kunden g\u00f6rs av en tj\u00e4nsteman p\u00e5 samma s\u00e4tt som tidigare. F\u00f6renklad e-tj\u00e4nst passar s\u00e4rskilt bra f\u00f6r att g\u00f6ra myndighetens \u00e4rendehanteringstj\u00e4nst elektronisk n\u00e4r m\u00e4ngden manuellt arbete \u00e4r liten och det inte \u00e4r l\u00f6nsamt att skaffa externa elektroniska l\u00f6sningar.\u00a0\u00a0<\/p>\n<h2>Utv\u00e4rdering av elektroniska l\u00f6sningar<\/h2>\n<p>Innan man v\u00e4ljer en elektronisk \u00e4rendehanteringsl\u00f6sning ska man utv\u00e4rdera nyttan med och kostnaderna f\u00f6r olika l\u00f6sningar. Utv\u00e4rderingen p\u00e5verkas av<\/p>\n<ul>\n<li>antalet ans\u00f6kningar och inneh\u00e5llets storlek<\/li>\n<li>m\u00e4ngden manuellt arbete<\/li>\n<li>eventuella \u00e4ndringar i serviceprocessen<\/li>\n<li>\u00e4rendehanteringsl\u00f6sningens livscykelkostnader<\/li>\n<\/ul>\n<p>F\u00f6renklad e-tj\u00e4nst l\u00e4mpar sig f\u00f6r f\u00f6ljande anv\u00e4ndningsomr\u00e5den:<\/p>\n<ul>\n<li>ett f\u00e5tal ans\u00f6kningar som g\u00e4ller utr\u00e4ttande av \u00e4renden och \u00e4rendena \u00e4r enkla till sitt inneh\u00e5ll och inneh\u00e5ller exempelvis endast en fritt formulerad bilaga som enkelt kan \u00f6verf\u00f6ras f\u00f6r hand till \u00e4rendehanteringen, varvid det \u00e4r motiverat att en tj\u00e4nsteman \u00f6verf\u00f6r uppgifterna till \u00e4rendehanteringen<\/li>\n<li>\u00e4rendena \u00e4r s\u00e5 enkla eller sker s\u00e5 s\u00e4llan att det inte kr\u00e4vs elektronisk processtyrning av \u00e4rendehanteringen<\/li>\n<li>kostnaderna f\u00f6r den elektroniska \u00e4rendehanteringsl\u00f6sningen kan inte motiveras<\/li>\n<li>F\u00f6renklad e-tj\u00e4nst kan anv\u00e4ndas som en tillf\u00e4llig l\u00f6sning innan en elektronisk \u00e4rendehanteringstj\u00e4nst b\u00f6rjar anv\u00e4ndas<\/li>\n<\/ul>\n<p>F\u00f6renklad e-tj\u00e4nst anv\u00e4nds separat f\u00f6r varje \u00e4rende. F\u00f6renklad e-tj\u00e4nst som kan b\u00f6rja anv\u00e4ndas i tj\u00e4nsten Tillst\u00e5nd och tillsyn hittar du <a href=\"https:\/\/luvatjavalvonta.fi\/tietoa-palvelusta\/asiointitarjonta\/viranomaisittain\/\">h\u00e4r<\/a>.<\/p>\n\n\n<div class=\"custom-quote-wrapper\">\n\t<div class=\"quote\">\n\t\t<p>Obs!<\/p>\n<p>Endast kommuner, polisinr\u00e4ttningar och v\u00e4lf\u00e4rdsomr\u00e5den (r\u00e4ddningsv\u00e4sendet och h\u00e4lso- och sjukv\u00e5rden) erbjuds F\u00f6renklad e-tj\u00e4nst som \u00e4r klar att b\u00f6rja anv\u00e4ndas.\u00a0Statliga myndigheter och verk fastst\u00e4ller alltid sina egna myndighetsspecifika \u00e4rendehanteringsl\u00f6sningar innan de inf\u00f6rs.<\/p>\n\n\t<\/div>\n<\/div>\n","protected":false},"excerpt":{"rendered":"<p>F\u00f6renklad e-tj\u00e4nst i tj\u00e4nsten Tillst\u00e5nd och tillsyn \u00e4r en e-tj\u00e4nst som kompletterar myndighetens traditionella servicekanaler och som m\u00f6jligg\u00f6r en \u00f6vergripande elektronisk upplevelse av \u00e4rendehanteringen f\u00f6r kunden i ekosystemet Tillst\u00e5nd och tillsyn. F\u00f6renklad e-tj\u00e4nst inneh\u00e5ller en samling elektroniska \u00e4rendeblanketter som kan anv\u00e4ndas f\u00f6r tj\u00e4nster och med vars hj\u00e4lp n\u00f6dv\u00e4ndiga uppgifter om kundens verksamhet samlas in till [&hellip;]<\/p>\n","protected":false},"author":14,"featured_media":0,"parent":6066,"menu_order":28,"comment_status":"closed","ping_status":"closed","template":"","meta":{"_acf_changed":false,"inline_featured_image":false,"footnotes":""},"class_list":["post-6095","page","type-page","status-publish","hentry"],"acf":{"ai_extra_content":"","ai_instructions":"","ai_hidden_page":false},"yoast_head":"<!-- This site is optimized with the Yoast SEO plugin v25.9 - https:\/\/yoast.com\/wordpress\/plugins\/seo\/ -->\n<title>F\u00f6renklad e-tj\u00e4nst - Luvat ja valvonta<\/title>\n<meta name=\"robots\" content=\"index, follow, max-snippet:-1, max-image-preview:large, max-video-preview:-1\" \/>\n<link rel=\"canonical\" href=\"https:\/\/luvatjavalvonta.fi\/sv\/information-om-tjansten\/anslutningssatt\/forenklad-e-tjanst\/\" \/>\n<meta property=\"og:locale\" content=\"sv_SE\" \/>\n<meta property=\"og:type\" content=\"article\" \/>\n<meta property=\"og:title\" content=\"F\u00f6renklad e-tj\u00e4nst - Luvat ja valvonta\" \/>\n<meta property=\"og:description\" content=\"F\u00f6renklad e-tj\u00e4nst i tj\u00e4nsten Tillst\u00e5nd och tillsyn \u00e4r en e-tj\u00e4nst som kompletterar myndighetens traditionella servicekanaler och som m\u00f6jligg\u00f6r en \u00f6vergripande elektronisk upplevelse av \u00e4rendehanteringen f\u00f6r kunden i ekosystemet Tillst\u00e5nd och tillsyn. F\u00f6renklad e-tj\u00e4nst inneh\u00e5ller en samling elektroniska \u00e4rendeblanketter som kan anv\u00e4ndas f\u00f6r tj\u00e4nster och med vars hj\u00e4lp n\u00f6dv\u00e4ndiga uppgifter om kundens verksamhet samlas in till [&hellip;]\" \/>\n<meta property=\"og:url\" content=\"https:\/\/luvatjavalvonta.fi\/sv\/information-om-tjansten\/anslutningssatt\/forenklad-e-tjanst\/\" \/>\n<meta property=\"og:site_name\" content=\"Luvat ja valvonta\" \/>\n<meta property=\"article:modified_time\" content=\"2023-11-08T13:57:41+00:00\" \/>\n<meta property=\"og:image\" content=\"https:\/\/luvatjavalvonta.fi\/content\/uploads\/2022\/08\/Kevytasiointi1-150x150.png\" \/>\n<meta name=\"twitter:card\" content=\"summary_large_image\" \/>\n<meta name=\"twitter:label1\" content=\"Est. reading time\" \/>\n\t<meta name=\"twitter:data1\" content=\"2 minutes\" \/>\n<script type=\"application\/ld+json\" class=\"yoast-schema-graph\">{\"@context\":\"https:\/\/schema.org\",\"@graph\":[{\"@type\":\"WebPage\",\"@id\":\"https:\/\/luvatjavalvonta.fi\/sv\/information-om-tjansten\/anslutningssatt\/forenklad-e-tjanst\/\",\"url\":\"https:\/\/luvatjavalvonta.fi\/sv\/information-om-tjansten\/anslutningssatt\/forenklad-e-tjanst\/\",\"name\":\"F\u00f6renklad e-tj\u00e4nst - Luvat ja valvonta\",\"isPartOf\":{\"@id\":\"https:\/\/luvatjavalvonta.fi\/#website\"},\"primaryImageOfPage\":{\"@id\":\"https:\/\/luvatjavalvonta.fi\/sv\/information-om-tjansten\/anslutningssatt\/forenklad-e-tjanst\/#primaryimage\"},\"image\":{\"@id\":\"https:\/\/luvatjavalvonta.fi\/sv\/information-om-tjansten\/anslutningssatt\/forenklad-e-tjanst\/#primaryimage\"},\"thumbnailUrl\":\"https:\/\/luvatjavalvonta.fi\/content\/uploads\/2022\/08\/Kevytasiointi1-150x150.png\",\"datePublished\":\"2023-11-08T12:02:57+00:00\",\"dateModified\":\"2023-11-08T13:57:41+00:00\",\"breadcrumb\":{\"@id\":\"https:\/\/luvatjavalvonta.fi\/sv\/information-om-tjansten\/anslutningssatt\/forenklad-e-tjanst\/#breadcrumb\"},\"inLanguage\":\"sv-SE\",\"potentialAction\":[{\"@type\":\"ReadAction\",\"target\":[\"https:\/\/luvatjavalvonta.fi\/sv\/information-om-tjansten\/anslutningssatt\/forenklad-e-tjanst\/\"]}]},{\"@type\":\"ImageObject\",\"inLanguage\":\"sv-SE\",\"@id\":\"https:\/\/luvatjavalvonta.fi\/sv\/information-om-tjansten\/anslutningssatt\/forenklad-e-tjanst\/#primaryimage\",\"url\":\"https:\/\/luvatjavalvonta.fi\/content\/uploads\/2022\/08\/Kevytasiointi1-150x150.png\",\"contentUrl\":\"https:\/\/luvatjavalvonta.fi\/content\/uploads\/2022\/08\/Kevytasiointi1-150x150.png\"},{\"@type\":\"BreadcrumbList\",\"@id\":\"https:\/\/luvatjavalvonta.fi\/sv\/information-om-tjansten\/anslutningssatt\/forenklad-e-tjanst\/#breadcrumb\",\"itemListElement\":[{\"@type\":\"ListItem\",\"position\":1,\"name\":\"Home\",\"item\":\"http:\/\/54.75.134.196:80\/sv\/\"},{\"@type\":\"ListItem\",\"position\":2,\"name\":\"Information om tj\u00e4nsten\",\"item\":\"http:\/\/54.75.134.196:80\/sv\/information-om-tjansten\/\"},{\"@type\":\"ListItem\",\"position\":3,\"name\":\"Anslutningss\u00e4tt\",\"item\":\"https:\/\/luvatjavalvonta.fi\/sv\/information-om-tjansten\/anslutningssatt\/\"},{\"@type\":\"ListItem\",\"position\":4,\"name\":\"F\u00f6renklad e-tj\u00e4nst\"}]},{\"@type\":\"WebSite\",\"@id\":\"https:\/\/luvatjavalvonta.fi\/#website\",\"url\":\"https:\/\/luvatjavalvonta.fi\/\",\"name\":\"Luvat ja valvonta\",\"description\":\"\",\"potentialAction\":[{\"@type\":\"SearchAction\",\"target\":{\"@type\":\"EntryPoint\",\"urlTemplate\":\"https:\/\/luvatjavalvonta.fi\/?s={search_term_string}\"},\"query-input\":{\"@type\":\"PropertyValueSpecification\",\"valueRequired\":true,\"valueName\":\"search_term_string\"}}],\"inLanguage\":\"sv-SE\"}]}<\/script>\n<!-- \/ Yoast SEO plugin. -->","yoast_head_json":{"title":"F\u00f6renklad e-tj\u00e4nst - Luvat ja valvonta","robots":{"index":"index","follow":"follow","max-snippet":"max-snippet:-1","max-image-preview":"max-image-preview:large","max-video-preview":"max-video-preview:-1"},"canonical":"https:\/\/luvatjavalvonta.fi\/sv\/information-om-tjansten\/anslutningssatt\/forenklad-e-tjanst\/","og_locale":"sv_SE","og_type":"article","og_title":"F\u00f6renklad e-tj\u00e4nst - Luvat ja valvonta","og_description":"F\u00f6renklad e-tj\u00e4nst i tj\u00e4nsten Tillst\u00e5nd och tillsyn \u00e4r en e-tj\u00e4nst som kompletterar myndighetens traditionella servicekanaler och som m\u00f6jligg\u00f6r en \u00f6vergripande elektronisk upplevelse av \u00e4rendehanteringen f\u00f6r kunden i ekosystemet Tillst\u00e5nd och tillsyn. F\u00f6renklad e-tj\u00e4nst inneh\u00e5ller en samling elektroniska \u00e4rendeblanketter som kan anv\u00e4ndas f\u00f6r tj\u00e4nster och med vars hj\u00e4lp n\u00f6dv\u00e4ndiga uppgifter om kundens verksamhet samlas in till [&hellip;]","og_url":"https:\/\/luvatjavalvonta.fi\/sv\/information-om-tjansten\/anslutningssatt\/forenklad-e-tjanst\/","og_site_name":"Luvat ja valvonta","article_modified_time":"2023-11-08T13:57:41+00:00","og_image":[{"url":"https:\/\/luvatjavalvonta.fi\/content\/uploads\/2022\/08\/Kevytasiointi1-150x150.png","type":"","width":"","height":""}],"twitter_card":"summary_large_image","twitter_misc":{"Est. reading time":"2 minutes"},"schema":{"@context":"https:\/\/schema.org","@graph":[{"@type":"WebPage","@id":"https:\/\/luvatjavalvonta.fi\/sv\/information-om-tjansten\/anslutningssatt\/forenklad-e-tjanst\/","url":"https:\/\/luvatjavalvonta.fi\/sv\/information-om-tjansten\/anslutningssatt\/forenklad-e-tjanst\/","name":"F\u00f6renklad e-tj\u00e4nst - Luvat ja valvonta","isPartOf":{"@id":"https:\/\/luvatjavalvonta.fi\/#website"},"primaryImageOfPage":{"@id":"https:\/\/luvatjavalvonta.fi\/sv\/information-om-tjansten\/anslutningssatt\/forenklad-e-tjanst\/#primaryimage"},"image":{"@id":"https:\/\/luvatjavalvonta.fi\/sv\/information-om-tjansten\/anslutningssatt\/forenklad-e-tjanst\/#primaryimage"},"thumbnailUrl":"https:\/\/luvatjavalvonta.fi\/content\/uploads\/2022\/08\/Kevytasiointi1-150x150.png","datePublished":"2023-11-08T12:02:57+00:00","dateModified":"2023-11-08T13:57:41+00:00","breadcrumb":{"@id":"https:\/\/luvatjavalvonta.fi\/sv\/information-om-tjansten\/anslutningssatt\/forenklad-e-tjanst\/#breadcrumb"},"inLanguage":"sv-SE","potentialAction":[{"@type":"ReadAction","target":["https:\/\/luvatjavalvonta.fi\/sv\/information-om-tjansten\/anslutningssatt\/forenklad-e-tjanst\/"]}]},{"@type":"ImageObject","inLanguage":"sv-SE","@id":"https:\/\/luvatjavalvonta.fi\/sv\/information-om-tjansten\/anslutningssatt\/forenklad-e-tjanst\/#primaryimage","url":"https:\/\/luvatjavalvonta.fi\/content\/uploads\/2022\/08\/Kevytasiointi1-150x150.png","contentUrl":"https:\/\/luvatjavalvonta.fi\/content\/uploads\/2022\/08\/Kevytasiointi1-150x150.png"},{"@type":"BreadcrumbList","@id":"https:\/\/luvatjavalvonta.fi\/sv\/information-om-tjansten\/anslutningssatt\/forenklad-e-tjanst\/#breadcrumb","itemListElement":[{"@type":"ListItem","position":1,"name":"Home","item":"http:\/\/54.75.134.196:80\/sv\/"},{"@type":"ListItem","position":2,"name":"Information om tj\u00e4nsten","item":"http:\/\/54.75.134.196:80\/sv\/information-om-tjansten\/"},{"@type":"ListItem","position":3,"name":"Anslutningss\u00e4tt","item":"https:\/\/luvatjavalvonta.fi\/sv\/information-om-tjansten\/anslutningssatt\/"},{"@type":"ListItem","position":4,"name":"F\u00f6renklad e-tj\u00e4nst"}]},{"@type":"WebSite","@id":"https:\/\/luvatjavalvonta.fi\/#website","url":"https:\/\/luvatjavalvonta.fi\/","name":"Luvat ja valvonta","description":"","potentialAction":[{"@type":"SearchAction","target":{"@type":"EntryPoint","urlTemplate":"https:\/\/luvatjavalvonta.fi\/?s={search_term_string}"},"query-input":{"@type":"PropertyValueSpecification","valueRequired":true,"valueName":"search_term_string"}}],"inLanguage":"sv-SE"}]}},"_links":{"self":[{"href":"https:\/\/luvatjavalvonta.fi\/sv\/wp-json\/wp\/v2\/pages\/6095","targetHints":{"allow":["GET"]}}],"collection":[{"href":"https:\/\/luvatjavalvonta.fi\/sv\/wp-json\/wp\/v2\/pages"}],"about":[{"href":"https:\/\/luvatjavalvonta.fi\/sv\/wp-json\/wp\/v2\/types\/page"}],"author":[{"embeddable":true,"href":"https:\/\/luvatjavalvonta.fi\/sv\/wp-json\/wp\/v2\/users\/14"}],"replies":[{"embeddable":true,"href":"https:\/\/luvatjavalvonta.fi\/sv\/wp-json\/wp\/v2\/comments?post=6095"}],"version-history":[{"count":3,"href":"https:\/\/luvatjavalvonta.fi\/sv\/wp-json\/wp\/v2\/pages\/6095\/revisions"}],"predecessor-version":[{"id":6505,"href":"https:\/\/luvatjavalvonta.fi\/sv\/wp-json\/wp\/v2\/pages\/6095\/revisions\/6505"}],"up":[{"embeddable":true,"href":"https:\/\/luvatjavalvonta.fi\/sv\/wp-json\/wp\/v2\/pages\/6066"}],"wp:attachment":[{"href":"https:\/\/luvatjavalvonta.fi\/sv\/wp-json\/wp\/v2\/media?parent=6095"}],"curies":[{"name":"wp","href":"https:\/\/api.w.org\/{rel}","templated":true}]}}