{"id":6191,"date":"2023-11-09T14:03:43","date_gmt":"2023-11-09T12:03:43","guid":{"rendered":"https:\/\/luvatjavalvonta.fi\/?page_id=6191"},"modified":"2023-11-13T10:34:48","modified_gmt":"2023-11-13T08:34:48","slug":"myndigheterna-som-en-del-av-servicehelheten","status":"publish","type":"page","link":"https:\/\/luvatjavalvonta.fi\/sv\/information-om-tjansten\/myndigheterna-som-en-del-av-servicehelheten\/","title":{"rendered":"Myndigheterna som en del av servicehelheten"},"content":{"rendered":"\n<hr class=\"wp-block-separator has-alpha-channel-opacity\"\/>\n\n\n\n<p>Servicehelheterna f\u00f6r tj\u00e4nsten Tillst\u00e5nd och tillsyn inneh\u00e5ller de lokala, regionala och nationella myndigheternas tillst\u00e5nd och andra administrativa f\u00f6rfaranden som kundens verksamhet kr\u00e4ver. Servicehelheterna har utvecklats s\u00e5 att de s\u00e4rskilt beaktar en kunds verksamhet som beh\u00f6ver flera tillst\u00e5nd av olika myndigheter. Man talar om kundprojekt med flera tillst\u00e5nd.<\/p>\n<p>Till exempel servicehelheten f\u00f6r ordnande av evenemang inneh\u00e5ller tillst\u00e5nd och f\u00f6rfaranden f\u00f6r kommunernas milj\u00f6h\u00e4lsov\u00e5rd och byggnadstillsyn, v\u00e4lf\u00e4rdsomr\u00e5denas r\u00e4ddningsv\u00e4sende och h\u00e4lsov\u00e5rd, polisen samt flera statliga \u00e4mbetsverk.&nbsp;<\/p>\n<p>Kundens tillst\u00e5ndsbehov fastst\u00e4lls f\u00f6r varje specifikt projekt utifr\u00e5n resultaten av den valda servicehelheten och <a href=\"https:\/\/luvatjavalvonta.fi\/sv\/information-om-tjansten\/egenskaper\/utredning-av-tillstandsbehov\/\">Utredningen av tillst\u00e5ndsbehov<\/a>. P\u00e5 s\u00e5 s\u00e4tt s\u00e4kerst\u00e4ller man att kunderna ans\u00f6ker om de tillst\u00e5nd de beh\u00f6ver hos deras beh\u00f6riga myndigheter.<\/p>\n<p>Observera att myndigheternas tillst\u00e5nd eller andra administrativa f\u00f6rfaranden kan ing\u00e5 i flera servicehelheter. Mer information om servicehelheternas inneh\u00e5ll och s\u00e4rdrag finns l\u00e4ngst ner p\u00e5 sidan.<\/p>\n\n\n<div class=\"custom-quote-wrapper\">\n\t<div class=\"quote\">\n\t\t<p>OBS!<\/p>\n<p>F\u00f6r att servicehelheterna ska fungera f\u00f6r kunden kr\u00e4vs att \u00e4rendehanteringstj\u00e4nsterna f\u00f6r myndigheternas tillst\u00e5nd ansluts till tj\u00e4nsten Tillst\u00e5nd och tillsyn och att tj\u00e4nsten b\u00f6rjar anv\u00e4ndas. L\u00e4s mer om att ansluta myndigheternas tj\u00e4nster till tj\u00e4nsten Tillst\u00e5nd och tillsyn i \u00a0<a href=\"https:\/\/luvatjavalvonta.fi\/sv\/information-om-tjansten\/anslutningssatt\/\">avsnittet Anslutningss\u00e4tt<\/a>.<\/p>\n\n\t<\/div>\n<\/div>\n\n\n\n<h2>Bekanta dig med servicehelheternas inneh\u00e5ll och s\u00e4rdrag<\/h2>\n\n\n\n<div class=\"wp-block-columns is-layout-flex wp-container-core-columns-is-layout-9d6595d7 wp-block-columns-is-layout-flex\">\n<div class=\"wp-block-column is-layout-flow wp-block-column-is-layout-flow\">\n<h3 style=\"text-align: center;\"><a href=\"https:\/\/luvatjavalvonta.fi\/sv\/?page_id=6386\"><img loading=\"lazy\" decoding=\"async\" class=\"aligncenter wp-image-4519\" src=\"https:\/\/luvatjavalvonta.fi\/content\/uploads\/2023\/02\/Tuotantolaitos1.png\" alt=\"\" width=\"125\" height=\"125\" srcset=\"https:\/\/luvatjavalvonta.fi\/content\/uploads\/2023\/02\/Tuotantolaitos1.png 670w, https:\/\/luvatjavalvonta.fi\/content\/uploads\/2023\/02\/Tuotantolaitos1-300x300.png 300w, https:\/\/luvatjavalvonta.fi\/content\/uploads\/2023\/02\/Tuotantolaitos1-150x150.png 150w, https:\/\/luvatjavalvonta.fi\/content\/uploads\/2023\/02\/Tuotantolaitos1-200x200.png 200w\" sizes=\"auto, (max-width: 125px) 100vw, 125px\" \/>Servicehelheten<br \/>f\u00f6r produktion-<br \/>sanl\u00e4ggningar \u203a<\/a><\/h3>\n<\/div>\n\n\n\n<div class=\"wp-block-column is-layout-flow wp-block-column-is-layout-flow\">\n<h3 style=\"text-align: center;\"><a href=\"https:\/\/luvatjavalvonta.fi\/sv\/?page_id=6224\"><img loading=\"lazy\" decoding=\"async\" class=\"aligncenter wp-image-4517\" src=\"https:\/\/luvatjavalvonta.fi\/content\/uploads\/2023\/02\/Tapahtumajarjestaminen1.png\" alt=\"\" width=\"125\" height=\"125\" srcset=\"https:\/\/luvatjavalvonta.fi\/content\/uploads\/2023\/02\/Tapahtumajarjestaminen1.png 667w, https:\/\/luvatjavalvonta.fi\/content\/uploads\/2023\/02\/Tapahtumajarjestaminen1-300x300.png 300w, https:\/\/luvatjavalvonta.fi\/content\/uploads\/2023\/02\/Tapahtumajarjestaminen1-150x150.png 150w, https:\/\/luvatjavalvonta.fi\/content\/uploads\/2023\/02\/Tapahtumajarjestaminen1-200x200.png 200w\" sizes=\"auto, (max-width: 125px) 100vw, 125px\" \/>Servicehelheten<br \/>f\u00f6r evenemangs-arrang\u00f6rer\u00a0\u203a<\/a><\/h3>\n<\/div>\n\n\n\n<div class=\"wp-block-column is-vertically-aligned-top is-layout-flow wp-block-column-is-layout-flow\"><\/div>\n<\/div>\n","protected":false},"excerpt":{"rendered":"<p>Servicehelheterna f\u00f6r tj\u00e4nsten Tillst\u00e5nd och tillsyn inneh\u00e5ller de lokala, regionala och nationella myndigheternas tillst\u00e5nd och andra administrativa f\u00f6rfaranden som kundens verksamhet kr\u00e4ver. Servicehelheterna har utvecklats s\u00e5 att de s\u00e4rskilt beaktar en kunds verksamhet som beh\u00f6ver flera tillst\u00e5nd av olika myndigheter. Man talar om kundprojekt med flera tillst\u00e5nd. Till exempel servicehelheten f\u00f6r ordnande av evenemang inneh\u00e5ller [&hellip;]<\/p>\n","protected":false},"author":14,"featured_media":0,"parent":4889,"menu_order":221,"comment_status":"closed","ping_status":"closed","template":"","meta":{"_acf_changed":false,"inline_featured_image":false,"footnotes":""},"class_list":["post-6191","page","type-page","status-publish","hentry"],"acf":{"ai_extra_content":"","ai_instructions":"","ai_hidden_page":false},"yoast_head":"<!-- This site is optimized with the Yoast SEO plugin v25.9 - https:\/\/yoast.com\/wordpress\/plugins\/seo\/ -->\n<title>Myndigheterna som en del av servicehelheten - Luvat ja valvonta<\/title>\n<meta name=\"robots\" content=\"index, follow, max-snippet:-1, max-image-preview:large, max-video-preview:-1\" \/>\n<link rel=\"canonical\" href=\"https:\/\/luvatjavalvonta.fi\/sv\/information-om-tjansten\/myndigheterna-som-en-del-av-servicehelheten\/\" \/>\n<meta property=\"og:locale\" content=\"sv_SE\" \/>\n<meta property=\"og:type\" content=\"article\" \/>\n<meta property=\"og:title\" content=\"Myndigheterna som en del av servicehelheten - Luvat ja valvonta\" \/>\n<meta property=\"og:description\" content=\"Servicehelheterna f\u00f6r tj\u00e4nsten Tillst\u00e5nd och tillsyn inneh\u00e5ller de lokala, regionala och nationella myndigheternas tillst\u00e5nd och andra administrativa f\u00f6rfaranden som kundens verksamhet kr\u00e4ver. Servicehelheterna har utvecklats s\u00e5 att de s\u00e4rskilt beaktar en kunds verksamhet som beh\u00f6ver flera tillst\u00e5nd av olika myndigheter. Man talar om kundprojekt med flera tillst\u00e5nd. Till exempel servicehelheten f\u00f6r ordnande av evenemang inneh\u00e5ller [&hellip;]\" \/>\n<meta property=\"og:url\" content=\"https:\/\/luvatjavalvonta.fi\/sv\/information-om-tjansten\/myndigheterna-som-en-del-av-servicehelheten\/\" \/>\n<meta property=\"og:site_name\" content=\"Luvat ja valvonta\" \/>\n<meta property=\"article:modified_time\" content=\"2023-11-13T08:34:48+00:00\" \/>\n<meta property=\"og:image\" content=\"https:\/\/luvatjavalvonta.fi\/content\/uploads\/2023\/02\/Tuotantolaitos1.png\" \/>\n<meta name=\"twitter:card\" content=\"summary_large_image\" \/>\n<meta name=\"twitter:label1\" content=\"Est. reading time\" \/>\n\t<meta name=\"twitter:data1\" content=\"2 minutes\" \/>\n<script type=\"application\/ld+json\" class=\"yoast-schema-graph\">{\"@context\":\"https:\/\/schema.org\",\"@graph\":[{\"@type\":\"WebPage\",\"@id\":\"https:\/\/luvatjavalvonta.fi\/sv\/information-om-tjansten\/myndigheterna-som-en-del-av-servicehelheten\/\",\"url\":\"https:\/\/luvatjavalvonta.fi\/sv\/information-om-tjansten\/myndigheterna-som-en-del-av-servicehelheten\/\",\"name\":\"Myndigheterna som en del av servicehelheten - Luvat ja valvonta\",\"isPartOf\":{\"@id\":\"https:\/\/luvatjavalvonta.fi\/#website\"},\"primaryImageOfPage\":{\"@id\":\"https:\/\/luvatjavalvonta.fi\/sv\/information-om-tjansten\/myndigheterna-som-en-del-av-servicehelheten\/#primaryimage\"},\"image\":{\"@id\":\"https:\/\/luvatjavalvonta.fi\/sv\/information-om-tjansten\/myndigheterna-som-en-del-av-servicehelheten\/#primaryimage\"},\"thumbnailUrl\":\"https:\/\/luvatjavalvonta.fi\/content\/uploads\/2023\/02\/Tuotantolaitos1.png\",\"datePublished\":\"2023-11-09T12:03:43+00:00\",\"dateModified\":\"2023-11-13T08:34:48+00:00\",\"breadcrumb\":{\"@id\":\"https:\/\/luvatjavalvonta.fi\/sv\/information-om-tjansten\/myndigheterna-som-en-del-av-servicehelheten\/#breadcrumb\"},\"inLanguage\":\"sv-SE\",\"potentialAction\":[{\"@type\":\"ReadAction\",\"target\":[\"https:\/\/luvatjavalvonta.fi\/sv\/information-om-tjansten\/myndigheterna-som-en-del-av-servicehelheten\/\"]}]},{\"@type\":\"ImageObject\",\"inLanguage\":\"sv-SE\",\"@id\":\"https:\/\/luvatjavalvonta.fi\/sv\/information-om-tjansten\/myndigheterna-som-en-del-av-servicehelheten\/#primaryimage\",\"url\":\"https:\/\/luvatjavalvonta.fi\/content\/uploads\/2023\/02\/Tuotantolaitos1.png\",\"contentUrl\":\"https:\/\/luvatjavalvonta.fi\/content\/uploads\/2023\/02\/Tuotantolaitos1.png\"},{\"@type\":\"BreadcrumbList\",\"@id\":\"https:\/\/luvatjavalvonta.fi\/sv\/information-om-tjansten\/myndigheterna-som-en-del-av-servicehelheten\/#breadcrumb\",\"itemListElement\":[{\"@type\":\"ListItem\",\"position\":1,\"name\":\"Home\",\"item\":\"http:\/\/54.75.134.196:80\/sv\/\"},{\"@type\":\"ListItem\",\"position\":2,\"name\":\"Information om tj\u00e4nsten\",\"item\":\"http:\/\/54.75.134.196:80\/sv\/information-om-tjansten\/\"},{\"@type\":\"ListItem\",\"position\":3,\"name\":\"Myndigheterna som en del av servicehelheten\"}]},{\"@type\":\"WebSite\",\"@id\":\"https:\/\/luvatjavalvonta.fi\/#website\",\"url\":\"https:\/\/luvatjavalvonta.fi\/\",\"name\":\"Luvat ja valvonta\",\"description\":\"\",\"potentialAction\":[{\"@type\":\"SearchAction\",\"target\":{\"@type\":\"EntryPoint\",\"urlTemplate\":\"https:\/\/luvatjavalvonta.fi\/?s={search_term_string}\"},\"query-input\":{\"@type\":\"PropertyValueSpecification\",\"valueRequired\":true,\"valueName\":\"search_term_string\"}}],\"inLanguage\":\"sv-SE\"}]}<\/script>\n<!-- \/ Yoast SEO plugin. -->","yoast_head_json":{"title":"Myndigheterna som en del av servicehelheten - Luvat ja valvonta","robots":{"index":"index","follow":"follow","max-snippet":"max-snippet:-1","max-image-preview":"max-image-preview:large","max-video-preview":"max-video-preview:-1"},"canonical":"https:\/\/luvatjavalvonta.fi\/sv\/information-om-tjansten\/myndigheterna-som-en-del-av-servicehelheten\/","og_locale":"sv_SE","og_type":"article","og_title":"Myndigheterna som en del av servicehelheten - Luvat ja valvonta","og_description":"Servicehelheterna f\u00f6r tj\u00e4nsten Tillst\u00e5nd och tillsyn inneh\u00e5ller de lokala, regionala och nationella myndigheternas tillst\u00e5nd och andra administrativa f\u00f6rfaranden som kundens verksamhet kr\u00e4ver. Servicehelheterna har utvecklats s\u00e5 att de s\u00e4rskilt beaktar en kunds verksamhet som beh\u00f6ver flera tillst\u00e5nd av olika myndigheter. Man talar om kundprojekt med flera tillst\u00e5nd. Till exempel servicehelheten f\u00f6r ordnande av evenemang inneh\u00e5ller [&hellip;]","og_url":"https:\/\/luvatjavalvonta.fi\/sv\/information-om-tjansten\/myndigheterna-som-en-del-av-servicehelheten\/","og_site_name":"Luvat ja valvonta","article_modified_time":"2023-11-13T08:34:48+00:00","og_image":[{"url":"https:\/\/luvatjavalvonta.fi\/content\/uploads\/2023\/02\/Tuotantolaitos1.png","type":"","width":"","height":""}],"twitter_card":"summary_large_image","twitter_misc":{"Est. reading time":"2 minutes"},"schema":{"@context":"https:\/\/schema.org","@graph":[{"@type":"WebPage","@id":"https:\/\/luvatjavalvonta.fi\/sv\/information-om-tjansten\/myndigheterna-som-en-del-av-servicehelheten\/","url":"https:\/\/luvatjavalvonta.fi\/sv\/information-om-tjansten\/myndigheterna-som-en-del-av-servicehelheten\/","name":"Myndigheterna som en del av servicehelheten - Luvat ja valvonta","isPartOf":{"@id":"https:\/\/luvatjavalvonta.fi\/#website"},"primaryImageOfPage":{"@id":"https:\/\/luvatjavalvonta.fi\/sv\/information-om-tjansten\/myndigheterna-som-en-del-av-servicehelheten\/#primaryimage"},"image":{"@id":"https:\/\/luvatjavalvonta.fi\/sv\/information-om-tjansten\/myndigheterna-som-en-del-av-servicehelheten\/#primaryimage"},"thumbnailUrl":"https:\/\/luvatjavalvonta.fi\/content\/uploads\/2023\/02\/Tuotantolaitos1.png","datePublished":"2023-11-09T12:03:43+00:00","dateModified":"2023-11-13T08:34:48+00:00","breadcrumb":{"@id":"https:\/\/luvatjavalvonta.fi\/sv\/information-om-tjansten\/myndigheterna-som-en-del-av-servicehelheten\/#breadcrumb"},"inLanguage":"sv-SE","potentialAction":[{"@type":"ReadAction","target":["https:\/\/luvatjavalvonta.fi\/sv\/information-om-tjansten\/myndigheterna-som-en-del-av-servicehelheten\/"]}]},{"@type":"ImageObject","inLanguage":"sv-SE","@id":"https:\/\/luvatjavalvonta.fi\/sv\/information-om-tjansten\/myndigheterna-som-en-del-av-servicehelheten\/#primaryimage","url":"https:\/\/luvatjavalvonta.fi\/content\/uploads\/2023\/02\/Tuotantolaitos1.png","contentUrl":"https:\/\/luvatjavalvonta.fi\/content\/uploads\/2023\/02\/Tuotantolaitos1.png"},{"@type":"BreadcrumbList","@id":"https:\/\/luvatjavalvonta.fi\/sv\/information-om-tjansten\/myndigheterna-som-en-del-av-servicehelheten\/#breadcrumb","itemListElement":[{"@type":"ListItem","position":1,"name":"Home","item":"http:\/\/54.75.134.196:80\/sv\/"},{"@type":"ListItem","position":2,"name":"Information om tj\u00e4nsten","item":"http:\/\/54.75.134.196:80\/sv\/information-om-tjansten\/"},{"@type":"ListItem","position":3,"name":"Myndigheterna som en del av servicehelheten"}]},{"@type":"WebSite","@id":"https:\/\/luvatjavalvonta.fi\/#website","url":"https:\/\/luvatjavalvonta.fi\/","name":"Luvat ja valvonta","description":"","potentialAction":[{"@type":"SearchAction","target":{"@type":"EntryPoint","urlTemplate":"https:\/\/luvatjavalvonta.fi\/?s={search_term_string}"},"query-input":{"@type":"PropertyValueSpecification","valueRequired":true,"valueName":"search_term_string"}}],"inLanguage":"sv-SE"}]}},"_links":{"self":[{"href":"https:\/\/luvatjavalvonta.fi\/sv\/wp-json\/wp\/v2\/pages\/6191","targetHints":{"allow":["GET"]}}],"collection":[{"href":"https:\/\/luvatjavalvonta.fi\/sv\/wp-json\/wp\/v2\/pages"}],"about":[{"href":"https:\/\/luvatjavalvonta.fi\/sv\/wp-json\/wp\/v2\/types\/page"}],"author":[{"embeddable":true,"href":"https:\/\/luvatjavalvonta.fi\/sv\/wp-json\/wp\/v2\/users\/14"}],"replies":[{"embeddable":true,"href":"https:\/\/luvatjavalvonta.fi\/sv\/wp-json\/wp\/v2\/comments?post=6191"}],"version-history":[{"count":9,"href":"https:\/\/luvatjavalvonta.fi\/sv\/wp-json\/wp\/v2\/pages\/6191\/revisions"}],"predecessor-version":[{"id":6590,"href":"https:\/\/luvatjavalvonta.fi\/sv\/wp-json\/wp\/v2\/pages\/6191\/revisions\/6590"}],"up":[{"embeddable":true,"href":"https:\/\/luvatjavalvonta.fi\/sv\/wp-json\/wp\/v2\/pages\/4889"}],"wp:attachment":[{"href":"https:\/\/luvatjavalvonta.fi\/sv\/wp-json\/wp\/v2\/media?parent=6191"}],"curies":[{"name":"wp","href":"https:\/\/api.w.org\/{rel}","templated":true}]}}