{"id":6250,"date":"2023-11-08T10:50:03","date_gmt":"2023-11-08T08:50:03","guid":{"rendered":"https:\/\/luvatjavalvonta.fi\/?page_id=6250"},"modified":"2023-11-08T13:57:16","modified_gmt":"2023-11-08T11:57:16","slug":"ekosystem","status":"publish","type":"page","link":"https:\/\/luvatjavalvonta.fi\/sv\/information-om-tjansten\/ekosystem\/","title":{"rendered":"Ekosystem"},"content":{"rendered":"\n<hr class=\"wp-block-separator has-alpha-channel-opacity\"\/>\n\n\n\n<p>Ekosystemet tillst\u00e5nd och tillsyn m\u00f6jligg\u00f6r ett centraliserat myndighetsutbud av kundens tillst\u00e5ndsbehov \u00f6ver myndighets- och sektorsgr\u00e4nserna. Den service som kunden f\u00e5r produceras tillsammans som ett samarbete mellan olika myndigheters tillst\u00e5ndstj\u00e4nster och tj\u00e4nsten Tillst\u00e5nd och tillsyn. Vid tj\u00e4nsteproduktionen utnyttjas dessutom andra gemensamma tj\u00e4nster och offentliga register. Ekosystemet m\u00f6jligg\u00f6r en mer kundorienterad service f\u00f6r kunden \u00e4n enskilda akt\u00f6rers tj\u00e4nster och \u00e5 andra sidan en flexiblare och kostnadseffektivare servicestruktur f\u00f6r myndigheterna. Ekosystemet tillst\u00e5nd och tillsyn best\u00e5r av f\u00f6ljande element:<\/p>\n<ul>\n<li>myndigheternas tj\u00e4nster f\u00f6r tillst\u00e5nds\u00e4renden<\/li>\n<li>tj\u00e4nsten Tillst\u00e5nd och tillsyn, som samlar myndigheternas tillst\u00e5ndstj\u00e4nster till kundorienterade helheter och erbjuder gemensamma funktioner f\u00f6r alla tillst\u00e5ndsmyndigheter<\/li>\n<li>\u00f6vriga gemensamma st\u00f6dtj\u00e4nster och register som m\u00f6jligg\u00f6r och g\u00f6r helhetstj\u00e4nsten smidigare<\/li>\n<\/ul>\n\n\n\n<figure class=\"wp-block-image size-large\"><a href=\"https:\/\/luvatjavalvonta.fi\/content\/uploads\/2023\/09\/Ekosysteemi2_sv-1.png\"><img loading=\"lazy\" decoding=\"async\" width=\"1024\" height=\"577\" src=\"https:\/\/luvatjavalvonta.fi\/content\/uploads\/2023\/09\/Ekosysteemi2_sv-1-1024x577.png\" alt=\"Bild av Ekosystemet tillst\u00e5nd och tillsyn f\u00f6r kundens projekt som kr\u00e4ver flera tillst\u00e5nd av olika myndigheter\" class=\"wp-image-6256\" srcset=\"https:\/\/luvatjavalvonta.fi\/content\/uploads\/2023\/09\/Ekosysteemi2_sv-1-1024x577.png 1024w, https:\/\/luvatjavalvonta.fi\/content\/uploads\/2023\/09\/Ekosysteemi2_sv-1-300x169.png 300w, https:\/\/luvatjavalvonta.fi\/content\/uploads\/2023\/09\/Ekosysteemi2_sv-1-768x433.png 768w, https:\/\/luvatjavalvonta.fi\/content\/uploads\/2023\/09\/Ekosysteemi2_sv-1-1536x866.png 1536w, https:\/\/luvatjavalvonta.fi\/content\/uploads\/2023\/09\/Ekosysteemi2_sv-1-2048x1155.png 2048w\" sizes=\"auto, (max-width: 1024px) 100vw, 1024px\" \/><\/a><figcaption class=\"wp-element-caption\"><em>Bild: Ekosystemet tillst\u00e5nd och tillsyn f\u00f6r kundens projekt som kr\u00e4ver flera tillst\u00e5nd av olika myndigheter<\/em><\/figcaption><\/figure>\n\n\n\n<h2>F\u00f6ruts\u00e4ttningar<\/h2>\n<p>F\u00f6r att vara en del av ekosystemet och kunna tillhandah\u00e5lla sina tj\u00e4nster med hj\u00e4lp av tj\u00e4nsten Tillst\u00e5nd och tillsyn ska myndigheten ansluta sina tillst\u00e5ndstj\u00e4nster som anv\u00e4nds i ekosystemet till tj\u00e4nsten Tillst\u00e5nd och tillsyn.<\/p>\n<p>H\u00e4r hittar du mer information om de gemensamma <a href=\"https:\/\/luvatjavalvonta.fi\/sv\/information-om-tjansten\/hanteringsmodell-for-tjansten\/servicevillkor\/\">servicevillkoren<\/a> f\u00f6r tj\u00e4nsten Tillst\u00e5nd och tillsyn och <a href=\"https:\/\/luvatjavalvonta.fi\/sv\/inforande-av-tjansten\/genomfor\/uppgifterna-for-anslutning\/kommuner\/uppgift-4-tjanster-som-infors\/\">om inf\u00f6randet av tj\u00e4nsten.<\/a><\/p>\n<h2>Kundhandledning<\/h2>\n<p>Ekosystemets centrala nytta kommer fram i kundernas projekt d\u00e4r det kr\u00e4vs tillst\u00e5nd av flera olika myndigheter. I fr\u00e5ga om dessa projekt h\u00e4nvisas kunden till tj\u00e4nsten Tillst\u00e5nd och tillsyn f\u00f6r att utreda behovet av tillst\u00e5nd. Kundhandledningen sker p\u00e5 myndighetens webbplats och via n\u00e4ttj\u00e4nsten Suomi.fi. I klara enskilda tillst\u00e5ndsbehov hos kunden, d\u00e4r kunden till exempel endast beh\u00f6ver bygglov och d\u00e4r en enskild myndighets \u00e4rendehanteringstj\u00e4nst s\u00e5ledes avg\u00f6r kundens hela tillst\u00e5ndsbehov, kan styrningen ske direkt till myndighetens \u00e4rendehanteringstj\u00e4nst.<\/p>\n<p>Kundhandledningen ska planeras och genomf\u00f6ras omsorgsfullt med beaktande av olika anv\u00e4ndningsfall f\u00f6r kunderna.<\/p>\n<h2>Tj\u00e4nsten Tillst\u00e5nd och tillsyn<\/h2>\n<p>Tj\u00e4nsten Tillst\u00e5nd och tillsyn samlar olika myndigheters tj\u00e4nster till helheter som st\u00f6der kundens tillst\u00e5ndsbehov vid ett enda elektroniskt servicest\u00e4lle d\u00e4r myndigheternas tillst\u00e5ndstj\u00e4nster tillhandah\u00e5lls allt mer kundv\u00e4nligt och smidigt.<\/p>\n<p>Utredningen av behovet av tillst\u00e5nd som \u00f6verskrider myndighets- och sektorsgr\u00e4nserna, minskar avsev\u00e4rt behovet av r\u00e5dgivning f\u00f6r kunderna och styr kunderna till att ans\u00f6ka om beh\u00f6vliga tillst\u00e5nd. De gemensamma uppgifterna om tillst\u00e5nden samlas in centraliserat av kunden i tj\u00e4nsten Tillst\u00e5nd och tillsyn f\u00f6r anv\u00e4ndning i myndigheternas tillst\u00e5ndstj\u00e4nster. Ans\u00f6kningarna och de insamlade uppgifterna finns i en gemensam vy f\u00f6r alla de myndigheterna som behandlar tillst\u00e5nden f\u00f6r kundensprojekt.<\/p>\n<h2>Myndighetstj\u00e4nster<\/h2>\n<p>Kundens egentliga tillst\u00e5nds\u00e4renden sk\u00f6ts i olika myndigheters tillst\u00e5nds\u00e4rendehanteringstj\u00e4nster. N\u00e4r kunden i tj\u00e4nsten Tillst\u00e5nd och tillsyn har l\u00e4mnat de gemensamma uppgifter om sitt projekt som olika myndigheter beh\u00f6ver, f\u00f6rmedlas dessa uppgifter till de myndigheter som deltar i projektet. D\u00e4refter h\u00e4nvisas kunden till den ansvariga myndighetens tj\u00e4nst f\u00f6r tillst\u00e5nds\u00e4renden.<\/p>\n<p>Uppgifterna f\u00f6rmedlas elektroniskt till myndighetens tj\u00e4nst f\u00f6r tillst\u00e5nds\u00e4renden. Detta f\u00f6ruts\u00e4tter dock att myndigheten har en elektronisk \u00e4rendehanteringstj\u00e4nst och att den har anslutits till det elektroniska informationsf\u00f6rmedlingsgr\u00e4nssnittet i tj\u00e4nsten Tillst\u00e5nd och tillsyn i <a href=\"https:\/\/luvatjavalvonta.fi\/sv\/information-om-tjansten\/anslutningssatt\/\" target=\"_blank\" rel=\"noopener\">Suomi.fi-informationsleden<\/a>. Mer information hittar du p\u00e5 sidan <a href=\"https:\/\/luvatjavalvonta.fi\/sv\/information-om-tjansten\/anslutningssatt\/\">anslutningss\u00e4tt<\/a> i tj\u00e4nsten Tillst\u00e5nd och tillsyn.<\/p>\n<p>Om myndigheten tillhandah\u00e5ller sina tj\u00e4nster endast via de traditionella servicekanalerna (myndighetens kundservice, e-post, pdf\/webb\/pappersblanketter), beh\u00f6vs det en elektronisk kanal f\u00f6r f\u00f6rmedling av uppgifterna vid sidan av den nuvarande e-tj\u00e4nsten. Alternativen \u00e4r eventuella kommersiella l\u00f6sningar och f\u00f6renklad e-tj\u00e4nst i tj\u00e4nsten Tillst\u00e5nd och tillsyn.<\/p>\n<p>Om myndigheten v\u00e4ljer tj\u00e4nsten Tillst\u00e5nd och tillsyns f\u00f6renklad e-tj\u00e4nst som \u00e4rendehanteringsl\u00f6sning, fyller kunderna i uppgifterna i tj\u00e4nsten Tillst\u00e5nd och tillsyn och myndigheterna hanterat \u00e4rendet i tj\u00e4nsten manuellt. Kunden fyller i sin tillst\u00e5ndsans\u00f6kan i tj\u00e4nsten Tillst\u00e5nd och tillsyn \u00a0och skickar den till myndigheten via tj\u00e4nsten Tillst\u00e5nd och tillsyn. Myndigheterna mottar e-mail, i vilken det finns en l\u00e4nk till kundens ans\u00f6kan i tj\u00e4nsten Tillst\u00e5nd och tillsyn. Du hittar mer information om bed\u00f6mningen av de olika alternativen f\u00f6r anslutning och egenskapen f\u00f6r den f\u00f6renklade e-tj\u00e4nsten p\u00e5 sidan <a href=\"https:\/\/luvatjavalvonta.fi\/sv\/information-om-tjansten\/anslutningssatt\">anslutningss\u00e4tt <\/a><a href=\"https:\/\/luvatjavalvonta.fi\/sv\/information-om-tjansten\/anslutningssatt\/forenklad-e-tjanst\/\">och f\u00f6renklad e-tj\u00e4nst<\/a>.<\/p>\n<h2>\u00d6vriga tj\u00e4nster<\/h2>\n<p>I serviceprocessen utnyttjas offentliga register och gemensamma st\u00f6dtj\u00e4nster. Mer information om dessa finns p\u00e5 v\u00e5r sida\u201d <a href=\"https:\/\/luvatjavalvonta.fi\/sv\/information-om-tjansten\/egenskaper\/anslutna-tjanster\/\">anslutna tj\u00e4nster<\/a>\u201d.<\/p>\n","protected":false},"excerpt":{"rendered":"<p>Ekosystemet tillst\u00e5nd och tillsyn m\u00f6jligg\u00f6r ett centraliserat myndighetsutbud av kundens tillst\u00e5ndsbehov \u00f6ver myndighets- och sektorsgr\u00e4nserna. Den service som kunden f\u00e5r produceras tillsammans som ett samarbete mellan olika myndigheters tillst\u00e5ndstj\u00e4nster och tj\u00e4nsten Tillst\u00e5nd och tillsyn. Vid tj\u00e4nsteproduktionen utnyttjas dessutom andra gemensamma tj\u00e4nster och offentliga register. Ekosystemet m\u00f6jligg\u00f6r en mer kundorienterad service f\u00f6r kunden \u00e4n enskilda akt\u00f6rers [&hellip;]<\/p>\n","protected":false},"author":14,"featured_media":0,"parent":4889,"menu_order":206,"comment_status":"closed","ping_status":"closed","template":"","meta":{"_acf_changed":false,"inline_featured_image":false,"footnotes":""},"class_list":["post-6250","page","type-page","status-publish","hentry"],"acf":{"ai_extra_content":"","ai_instructions":"","ai_hidden_page":false},"yoast_head":"<!-- This site is optimized with the Yoast SEO plugin v25.9 - https:\/\/yoast.com\/wordpress\/plugins\/seo\/ -->\n<title>Ekosystem - Luvat ja valvonta<\/title>\n<meta name=\"robots\" content=\"index, follow, max-snippet:-1, max-image-preview:large, max-video-preview:-1\" \/>\n<link rel=\"canonical\" href=\"https:\/\/luvatjavalvonta.fi\/sv\/information-om-tjansten\/ekosystem\/\" \/>\n<meta property=\"og:locale\" content=\"sv_SE\" \/>\n<meta property=\"og:type\" content=\"article\" \/>\n<meta property=\"og:title\" content=\"Ekosystem - Luvat ja valvonta\" \/>\n<meta property=\"og:description\" content=\"Ekosystemet tillst\u00e5nd och tillsyn m\u00f6jligg\u00f6r ett centraliserat myndighetsutbud av kundens tillst\u00e5ndsbehov \u00f6ver myndighets- och sektorsgr\u00e4nserna. Den service som kunden f\u00e5r produceras tillsammans som ett samarbete mellan olika myndigheters tillst\u00e5ndstj\u00e4nster och tj\u00e4nsten Tillst\u00e5nd och tillsyn. Vid tj\u00e4nsteproduktionen utnyttjas dessutom andra gemensamma tj\u00e4nster och offentliga register. Ekosystemet m\u00f6jligg\u00f6r en mer kundorienterad service f\u00f6r kunden \u00e4n enskilda akt\u00f6rers [&hellip;]\" \/>\n<meta property=\"og:url\" content=\"https:\/\/luvatjavalvonta.fi\/sv\/information-om-tjansten\/ekosystem\/\" \/>\n<meta property=\"og:site_name\" content=\"Luvat ja valvonta\" \/>\n<meta property=\"article:modified_time\" content=\"2023-11-08T11:57:16+00:00\" \/>\n<meta property=\"og:image\" content=\"https:\/\/luvatjavalvonta.fi\/content\/uploads\/2023\/09\/Ekosysteemi2_sv-1-1024x577.png\" \/>\n<meta name=\"twitter:card\" content=\"summary_large_image\" \/>\n<script type=\"application\/ld+json\" class=\"yoast-schema-graph\">{\"@context\":\"https:\/\/schema.org\",\"@graph\":[{\"@type\":\"WebPage\",\"@id\":\"https:\/\/luvatjavalvonta.fi\/sv\/information-om-tjansten\/ekosystem\/\",\"url\":\"https:\/\/luvatjavalvonta.fi\/sv\/information-om-tjansten\/ekosystem\/\",\"name\":\"Ekosystem - Luvat ja valvonta\",\"isPartOf\":{\"@id\":\"https:\/\/luvatjavalvonta.fi\/#website\"},\"primaryImageOfPage\":{\"@id\":\"https:\/\/luvatjavalvonta.fi\/sv\/information-om-tjansten\/ekosystem\/#primaryimage\"},\"image\":{\"@id\":\"https:\/\/luvatjavalvonta.fi\/sv\/information-om-tjansten\/ekosystem\/#primaryimage\"},\"thumbnailUrl\":\"https:\/\/luvatjavalvonta.fi\/content\/uploads\/2023\/09\/Ekosysteemi2_sv-1-1024x577.png\",\"datePublished\":\"2023-11-08T08:50:03+00:00\",\"dateModified\":\"2023-11-08T11:57:16+00:00\",\"breadcrumb\":{\"@id\":\"https:\/\/luvatjavalvonta.fi\/sv\/information-om-tjansten\/ekosystem\/#breadcrumb\"},\"inLanguage\":\"sv-SE\",\"potentialAction\":[{\"@type\":\"ReadAction\",\"target\":[\"https:\/\/luvatjavalvonta.fi\/sv\/information-om-tjansten\/ekosystem\/\"]}]},{\"@type\":\"ImageObject\",\"inLanguage\":\"sv-SE\",\"@id\":\"https:\/\/luvatjavalvonta.fi\/sv\/information-om-tjansten\/ekosystem\/#primaryimage\",\"url\":\"https:\/\/luvatjavalvonta.fi\/content\/uploads\/2023\/09\/Ekosysteemi2_sv-1-1024x577.png\",\"contentUrl\":\"https:\/\/luvatjavalvonta.fi\/content\/uploads\/2023\/09\/Ekosysteemi2_sv-1-1024x577.png\"},{\"@type\":\"BreadcrumbList\",\"@id\":\"https:\/\/luvatjavalvonta.fi\/sv\/information-om-tjansten\/ekosystem\/#breadcrumb\",\"itemListElement\":[{\"@type\":\"ListItem\",\"position\":1,\"name\":\"Home\",\"item\":\"http:\/\/54.75.134.196:80\/sv\/\"},{\"@type\":\"ListItem\",\"position\":2,\"name\":\"Information om tj\u00e4nsten\",\"item\":\"http:\/\/54.75.134.196:80\/sv\/information-om-tjansten\/\"},{\"@type\":\"ListItem\",\"position\":3,\"name\":\"Ekosystem\"}]},{\"@type\":\"WebSite\",\"@id\":\"https:\/\/luvatjavalvonta.fi\/#website\",\"url\":\"https:\/\/luvatjavalvonta.fi\/\",\"name\":\"Luvat ja valvonta\",\"description\":\"\",\"potentialAction\":[{\"@type\":\"SearchAction\",\"target\":{\"@type\":\"EntryPoint\",\"urlTemplate\":\"https:\/\/luvatjavalvonta.fi\/?s={search_term_string}\"},\"query-input\":{\"@type\":\"PropertyValueSpecification\",\"valueRequired\":true,\"valueName\":\"search_term_string\"}}],\"inLanguage\":\"sv-SE\"}]}<\/script>\n<!-- \/ Yoast SEO plugin. -->","yoast_head_json":{"title":"Ekosystem - Luvat ja valvonta","robots":{"index":"index","follow":"follow","max-snippet":"max-snippet:-1","max-image-preview":"max-image-preview:large","max-video-preview":"max-video-preview:-1"},"canonical":"https:\/\/luvatjavalvonta.fi\/sv\/information-om-tjansten\/ekosystem\/","og_locale":"sv_SE","og_type":"article","og_title":"Ekosystem - Luvat ja valvonta","og_description":"Ekosystemet tillst\u00e5nd och tillsyn m\u00f6jligg\u00f6r ett centraliserat myndighetsutbud av kundens tillst\u00e5ndsbehov \u00f6ver myndighets- och sektorsgr\u00e4nserna. Den service som kunden f\u00e5r produceras tillsammans som ett samarbete mellan olika myndigheters tillst\u00e5ndstj\u00e4nster och tj\u00e4nsten Tillst\u00e5nd och tillsyn. Vid tj\u00e4nsteproduktionen utnyttjas dessutom andra gemensamma tj\u00e4nster och offentliga register. Ekosystemet m\u00f6jligg\u00f6r en mer kundorienterad service f\u00f6r kunden \u00e4n enskilda akt\u00f6rers [&hellip;]","og_url":"https:\/\/luvatjavalvonta.fi\/sv\/information-om-tjansten\/ekosystem\/","og_site_name":"Luvat ja valvonta","article_modified_time":"2023-11-08T11:57:16+00:00","og_image":[{"url":"https:\/\/luvatjavalvonta.fi\/content\/uploads\/2023\/09\/Ekosysteemi2_sv-1-1024x577.png","type":"","width":"","height":""}],"twitter_card":"summary_large_image","schema":{"@context":"https:\/\/schema.org","@graph":[{"@type":"WebPage","@id":"https:\/\/luvatjavalvonta.fi\/sv\/information-om-tjansten\/ekosystem\/","url":"https:\/\/luvatjavalvonta.fi\/sv\/information-om-tjansten\/ekosystem\/","name":"Ekosystem - Luvat ja valvonta","isPartOf":{"@id":"https:\/\/luvatjavalvonta.fi\/#website"},"primaryImageOfPage":{"@id":"https:\/\/luvatjavalvonta.fi\/sv\/information-om-tjansten\/ekosystem\/#primaryimage"},"image":{"@id":"https:\/\/luvatjavalvonta.fi\/sv\/information-om-tjansten\/ekosystem\/#primaryimage"},"thumbnailUrl":"https:\/\/luvatjavalvonta.fi\/content\/uploads\/2023\/09\/Ekosysteemi2_sv-1-1024x577.png","datePublished":"2023-11-08T08:50:03+00:00","dateModified":"2023-11-08T11:57:16+00:00","breadcrumb":{"@id":"https:\/\/luvatjavalvonta.fi\/sv\/information-om-tjansten\/ekosystem\/#breadcrumb"},"inLanguage":"sv-SE","potentialAction":[{"@type":"ReadAction","target":["https:\/\/luvatjavalvonta.fi\/sv\/information-om-tjansten\/ekosystem\/"]}]},{"@type":"ImageObject","inLanguage":"sv-SE","@id":"https:\/\/luvatjavalvonta.fi\/sv\/information-om-tjansten\/ekosystem\/#primaryimage","url":"https:\/\/luvatjavalvonta.fi\/content\/uploads\/2023\/09\/Ekosysteemi2_sv-1-1024x577.png","contentUrl":"https:\/\/luvatjavalvonta.fi\/content\/uploads\/2023\/09\/Ekosysteemi2_sv-1-1024x577.png"},{"@type":"BreadcrumbList","@id":"https:\/\/luvatjavalvonta.fi\/sv\/information-om-tjansten\/ekosystem\/#breadcrumb","itemListElement":[{"@type":"ListItem","position":1,"name":"Home","item":"http:\/\/54.75.134.196:80\/sv\/"},{"@type":"ListItem","position":2,"name":"Information om tj\u00e4nsten","item":"http:\/\/54.75.134.196:80\/sv\/information-om-tjansten\/"},{"@type":"ListItem","position":3,"name":"Ekosystem"}]},{"@type":"WebSite","@id":"https:\/\/luvatjavalvonta.fi\/#website","url":"https:\/\/luvatjavalvonta.fi\/","name":"Luvat ja valvonta","description":"","potentialAction":[{"@type":"SearchAction","target":{"@type":"EntryPoint","urlTemplate":"https:\/\/luvatjavalvonta.fi\/?s={search_term_string}"},"query-input":{"@type":"PropertyValueSpecification","valueRequired":true,"valueName":"search_term_string"}}],"inLanguage":"sv-SE"}]}},"_links":{"self":[{"href":"https:\/\/luvatjavalvonta.fi\/sv\/wp-json\/wp\/v2\/pages\/6250","targetHints":{"allow":["GET"]}}],"collection":[{"href":"https:\/\/luvatjavalvonta.fi\/sv\/wp-json\/wp\/v2\/pages"}],"about":[{"href":"https:\/\/luvatjavalvonta.fi\/sv\/wp-json\/wp\/v2\/types\/page"}],"author":[{"embeddable":true,"href":"https:\/\/luvatjavalvonta.fi\/sv\/wp-json\/wp\/v2\/users\/14"}],"replies":[{"embeddable":true,"href":"https:\/\/luvatjavalvonta.fi\/sv\/wp-json\/wp\/v2\/comments?post=6250"}],"version-history":[{"count":3,"href":"https:\/\/luvatjavalvonta.fi\/sv\/wp-json\/wp\/v2\/pages\/6250\/revisions"}],"predecessor-version":[{"id":6258,"href":"https:\/\/luvatjavalvonta.fi\/sv\/wp-json\/wp\/v2\/pages\/6250\/revisions\/6258"}],"up":[{"embeddable":true,"href":"https:\/\/luvatjavalvonta.fi\/sv\/wp-json\/wp\/v2\/pages\/4889"}],"wp:attachment":[{"href":"https:\/\/luvatjavalvonta.fi\/sv\/wp-json\/wp\/v2\/media?parent=6250"}],"curies":[{"name":"wp","href":"https:\/\/api.w.org\/{rel}","templated":true}]}}