{"id":6328,"date":"2023-11-08T10:53:15","date_gmt":"2023-11-08T08:53:15","guid":{"rendered":"https:\/\/luvatjavalvonta.fi\/?page_id=6328"},"modified":"2023-11-13T09:38:55","modified_gmt":"2023-11-13T07:38:55","slug":"tjansten-tillstand-och-tillsyn","status":"publish","type":"page","link":"https:\/\/luvatjavalvonta.fi\/sv\/information-om-tjansten\/tjansten-tillstand-och-tillsyn\/","title":{"rendered":"Tj\u00e4nsten Tillst\u00e5nd och tillsyn"},"content":{"rendered":"\n<hr class=\"wp-block-separator has-alpha-channel-opacity\"\/>\n\n\n\n<p>Tj\u00e4nsten Tillst\u00e5nd och tillsyn \u00e4r en elektronisk tj\u00e4nst som skapar merv\u00e4rde mellan kunden och myndighets\u00e4renden och som samlar myndighetstj\u00e4nsterna \u00e5t kunden f\u00f6r dennes projekt med flera tillst\u00e5nd. Det gemensamma resultatet av och utbudet inom tj\u00e4nsten Tillst\u00e5nd och tillsyn och myndighetstj\u00e4nsterna kallas ocks\u00e5 f\u00f6r ekosystem. De centrala m\u00e5len f\u00f6r tj\u00e4nsten \u00e4r att g\u00f6ra det smidigare f\u00f6r kunderna att utr\u00e4tta \u00e4renden som har med tillst\u00e5nd och tillsyn att g\u00f6ra samt f\u00f6renkla samarbetet mellan olika myndigheter i tillst\u00e5nds- och tillsyns\u00e4renden.<\/p>\n\n\n\n<figure class=\"wp-block-image size-large\"><img loading=\"lazy\" decoding=\"async\" width=\"1024\" height=\"512\" src=\"https:\/\/luvatjavalvonta.fi\/content\/uploads\/2023\/08\/LV_Svensk1-1024x512.png\" alt=\"\" class=\"wp-image-6130\" srcset=\"https:\/\/luvatjavalvonta.fi\/content\/uploads\/2023\/08\/LV_Svensk1-1024x512.png 1024w, https:\/\/luvatjavalvonta.fi\/content\/uploads\/2023\/08\/LV_Svensk1-300x150.png 300w, https:\/\/luvatjavalvonta.fi\/content\/uploads\/2023\/08\/LV_Svensk1-768x384.png 768w, https:\/\/luvatjavalvonta.fi\/content\/uploads\/2023\/08\/LV_Svensk1-1536x767.png 1536w, https:\/\/luvatjavalvonta.fi\/content\/uploads\/2023\/08\/LV_Svensk1-2048x1023.png 2048w\" sizes=\"auto, (max-width: 1024px) 100vw, 1024px\" \/><figcaption class=\"wp-element-caption\"><em>Bild: M\u00e5let \u00e4r att \u00f6verg\u00e5 fr\u00e5n \u00e4mbetsversspecifik till kundorienterad service<\/em><\/figcaption><\/figure>\n\n\n\n<p>Tj\u00e4nsten erbjuder:<\/p>\n<ul>\n<li><strong>f\u00f6r kunder (tillst\u00e5ndss\u00f6kande)<\/strong> som har projekt med flera tillst\u00e5nd: utredning av kundens tillst\u00e5ndsbehov och utr\u00e4ttande av tillst\u00e5nds- och tillsyns\u00e4renden \u00f6ver myndighetsgr\u00e4nserna via en kanal f\u00f6r \u00e4rendehantering p\u00e5 ett och samma st\u00e4lle<\/li>\n<li><strong>f\u00f6r myndigheter:<\/strong> en gemensam och kostnadseffektiv elektronisk tj\u00e4nst som samlar tillst\u00e5nds- och tillsyns\u00e4renden och styr tillst\u00e5ndss\u00f6kandens verksamhet och som st\u00f6der samordningen av myndigheternas tillst\u00e5nds- och tillsynsverksamhet och samtidigt effektiverar myndighetsprocesserna<\/li>\n<\/ul>\n<p>Myndigheten kan utnyttja tj\u00e4nsten Tillst\u00e5nd och tillsyn oberoende av genomf\u00f6randet av de egna \u00e4rendehanteringstj\u00e4nsterna. Myndigheternas elektroniska \u00e4rendehanteringstj\u00e4nster kan anslutas till tj\u00e4nsten. Vid sidan av de traditionella servicekanalerna, s\u00e5som pappers- och PDF-blanketter (E-blankett) eller e-post, beh\u00f6vs en elektronisk servicekanal: alternativen \u00e4r en l\u00f6sning som myndigheten sj\u00e4lv skaffat eller att anv\u00e4nda F\u00f6renklad e-tj\u00e4nst i tj\u00e4nsten Tillst\u00e5nd och tillsyn. P\u00e5 det s\u00e4ttet kan kunden hantera \u00e4renden elektroniskt p\u00e5 ett helt\u00e4ckande s\u00e4tt. L\u00e4s mer om tj\u00e4nsten Tillst\u00e5nd och tillsyn p\u00e5 dessa supportsidor och anslut din tj\u00e4nst till ekosystemet!<\/p>\n<p>Tj\u00e4nsten utvecklas och administreras i form av ett projekt med samma namn som finansieras av arbets- och n\u00e4ringsministeriet. Utvecklingen av tj\u00e4nsten och servicemodellen leds av projektets styrgrupp, som best\u00e5r av representanter f\u00f6r myndigheterna f\u00f6r de tj\u00e4nster som tillhandah\u00e5lls. Mer information om styrningen och finansieringen av tj\u00e4nsten finns i hanteringsmodellen f\u00f6r tj\u00e4nsten p\u00e5 denna supportwebbplats.<\/p>\n","protected":false},"excerpt":{"rendered":"<p>Tj\u00e4nsten Tillst\u00e5nd och tillsyn \u00e4r en elektronisk tj\u00e4nst som skapar merv\u00e4rde mellan kunden och myndighets\u00e4renden och som samlar myndighetstj\u00e4nsterna \u00e5t kunden f\u00f6r dennes projekt med flera tillst\u00e5nd. Det gemensamma resultatet av och utbudet inom tj\u00e4nsten Tillst\u00e5nd och tillsyn och myndighetstj\u00e4nsterna kallas ocks\u00e5 f\u00f6r ekosystem. De centrala m\u00e5len f\u00f6r tj\u00e4nsten \u00e4r att g\u00f6ra det smidigare f\u00f6r [&hellip;]<\/p>\n","protected":false},"author":14,"featured_media":0,"parent":4889,"menu_order":200,"comment_status":"closed","ping_status":"closed","template":"","meta":{"_acf_changed":false,"inline_featured_image":false,"footnotes":""},"class_list":["post-6328","page","type-page","status-publish","hentry"],"acf":{"ai_extra_content":"","ai_instructions":"","ai_hidden_page":false},"yoast_head":"<!-- This site is optimized with the Yoast SEO plugin v25.9 - https:\/\/yoast.com\/wordpress\/plugins\/seo\/ -->\n<title>Tj\u00e4nsten Tillst\u00e5nd och tillsyn - Luvat ja valvonta<\/title>\n<meta name=\"robots\" content=\"index, follow, max-snippet:-1, max-image-preview:large, max-video-preview:-1\" \/>\n<link rel=\"canonical\" href=\"https:\/\/luvatjavalvonta.fi\/sv\/information-om-tjansten\/tjansten-tillstand-och-tillsyn\/\" \/>\n<meta property=\"og:locale\" content=\"sv_SE\" \/>\n<meta property=\"og:type\" content=\"article\" \/>\n<meta property=\"og:title\" content=\"Tj\u00e4nsten Tillst\u00e5nd och tillsyn - Luvat ja valvonta\" \/>\n<meta property=\"og:description\" content=\"Tj\u00e4nsten Tillst\u00e5nd och tillsyn \u00e4r en elektronisk tj\u00e4nst som skapar merv\u00e4rde mellan kunden och myndighets\u00e4renden och som samlar myndighetstj\u00e4nsterna \u00e5t kunden f\u00f6r dennes projekt med flera tillst\u00e5nd. Det gemensamma resultatet av och utbudet inom tj\u00e4nsten Tillst\u00e5nd och tillsyn och myndighetstj\u00e4nsterna kallas ocks\u00e5 f\u00f6r ekosystem. De centrala m\u00e5len f\u00f6r tj\u00e4nsten \u00e4r att g\u00f6ra det smidigare f\u00f6r [&hellip;]\" \/>\n<meta property=\"og:url\" content=\"https:\/\/luvatjavalvonta.fi\/sv\/information-om-tjansten\/tjansten-tillstand-och-tillsyn\/\" \/>\n<meta property=\"og:site_name\" content=\"Luvat ja valvonta\" \/>\n<meta property=\"article:modified_time\" content=\"2023-11-13T07:38:55+00:00\" \/>\n<meta property=\"og:image\" content=\"https:\/\/luvatjavalvonta.fi\/content\/uploads\/2023\/08\/LV_Svensk1-1024x512.png\" \/>\n<meta name=\"twitter:card\" content=\"summary_large_image\" \/>\n<meta name=\"twitter:label1\" content=\"Est. reading time\" \/>\n\t<meta name=\"twitter:data1\" content=\"2 minutes\" \/>\n<script type=\"application\/ld+json\" class=\"yoast-schema-graph\">{\"@context\":\"https:\/\/schema.org\",\"@graph\":[{\"@type\":\"WebPage\",\"@id\":\"https:\/\/luvatjavalvonta.fi\/sv\/information-om-tjansten\/tjansten-tillstand-och-tillsyn\/\",\"url\":\"https:\/\/luvatjavalvonta.fi\/sv\/information-om-tjansten\/tjansten-tillstand-och-tillsyn\/\",\"name\":\"Tj\u00e4nsten Tillst\u00e5nd och tillsyn - Luvat ja valvonta\",\"isPartOf\":{\"@id\":\"https:\/\/luvatjavalvonta.fi\/#website\"},\"primaryImageOfPage\":{\"@id\":\"https:\/\/luvatjavalvonta.fi\/sv\/information-om-tjansten\/tjansten-tillstand-och-tillsyn\/#primaryimage\"},\"image\":{\"@id\":\"https:\/\/luvatjavalvonta.fi\/sv\/information-om-tjansten\/tjansten-tillstand-och-tillsyn\/#primaryimage\"},\"thumbnailUrl\":\"https:\/\/luvatjavalvonta.fi\/content\/uploads\/2023\/08\/LV_Svensk1-1024x512.png\",\"datePublished\":\"2023-11-08T08:53:15+00:00\",\"dateModified\":\"2023-11-13T07:38:55+00:00\",\"breadcrumb\":{\"@id\":\"https:\/\/luvatjavalvonta.fi\/sv\/information-om-tjansten\/tjansten-tillstand-och-tillsyn\/#breadcrumb\"},\"inLanguage\":\"sv-SE\",\"potentialAction\":[{\"@type\":\"ReadAction\",\"target\":[\"https:\/\/luvatjavalvonta.fi\/sv\/information-om-tjansten\/tjansten-tillstand-och-tillsyn\/\"]}]},{\"@type\":\"ImageObject\",\"inLanguage\":\"sv-SE\",\"@id\":\"https:\/\/luvatjavalvonta.fi\/sv\/information-om-tjansten\/tjansten-tillstand-och-tillsyn\/#primaryimage\",\"url\":\"https:\/\/luvatjavalvonta.fi\/content\/uploads\/2023\/08\/LV_Svensk1-1024x512.png\",\"contentUrl\":\"https:\/\/luvatjavalvonta.fi\/content\/uploads\/2023\/08\/LV_Svensk1-1024x512.png\"},{\"@type\":\"BreadcrumbList\",\"@id\":\"https:\/\/luvatjavalvonta.fi\/sv\/information-om-tjansten\/tjansten-tillstand-och-tillsyn\/#breadcrumb\",\"itemListElement\":[{\"@type\":\"ListItem\",\"position\":1,\"name\":\"Home\",\"item\":\"http:\/\/54.75.134.196:80\/sv\/\"},{\"@type\":\"ListItem\",\"position\":2,\"name\":\"Information om tj\u00e4nsten\",\"item\":\"http:\/\/54.75.134.196:80\/sv\/information-om-tjansten\/\"},{\"@type\":\"ListItem\",\"position\":3,\"name\":\"Tj\u00e4nsten Tillst\u00e5nd och tillsyn\"}]},{\"@type\":\"WebSite\",\"@id\":\"https:\/\/luvatjavalvonta.fi\/#website\",\"url\":\"https:\/\/luvatjavalvonta.fi\/\",\"name\":\"Luvat ja valvonta\",\"description\":\"\",\"potentialAction\":[{\"@type\":\"SearchAction\",\"target\":{\"@type\":\"EntryPoint\",\"urlTemplate\":\"https:\/\/luvatjavalvonta.fi\/?s={search_term_string}\"},\"query-input\":{\"@type\":\"PropertyValueSpecification\",\"valueRequired\":true,\"valueName\":\"search_term_string\"}}],\"inLanguage\":\"sv-SE\"}]}<\/script>\n<!-- \/ Yoast SEO plugin. -->","yoast_head_json":{"title":"Tj\u00e4nsten Tillst\u00e5nd och tillsyn - Luvat ja valvonta","robots":{"index":"index","follow":"follow","max-snippet":"max-snippet:-1","max-image-preview":"max-image-preview:large","max-video-preview":"max-video-preview:-1"},"canonical":"https:\/\/luvatjavalvonta.fi\/sv\/information-om-tjansten\/tjansten-tillstand-och-tillsyn\/","og_locale":"sv_SE","og_type":"article","og_title":"Tj\u00e4nsten Tillst\u00e5nd och tillsyn - Luvat ja valvonta","og_description":"Tj\u00e4nsten Tillst\u00e5nd och tillsyn \u00e4r en elektronisk tj\u00e4nst som skapar merv\u00e4rde mellan kunden och myndighets\u00e4renden och som samlar myndighetstj\u00e4nsterna \u00e5t kunden f\u00f6r dennes projekt med flera tillst\u00e5nd. Det gemensamma resultatet av och utbudet inom tj\u00e4nsten Tillst\u00e5nd och tillsyn och myndighetstj\u00e4nsterna kallas ocks\u00e5 f\u00f6r ekosystem. De centrala m\u00e5len f\u00f6r tj\u00e4nsten \u00e4r att g\u00f6ra det smidigare f\u00f6r [&hellip;]","og_url":"https:\/\/luvatjavalvonta.fi\/sv\/information-om-tjansten\/tjansten-tillstand-och-tillsyn\/","og_site_name":"Luvat ja valvonta","article_modified_time":"2023-11-13T07:38:55+00:00","og_image":[{"url":"https:\/\/luvatjavalvonta.fi\/content\/uploads\/2023\/08\/LV_Svensk1-1024x512.png","type":"","width":"","height":""}],"twitter_card":"summary_large_image","twitter_misc":{"Est. reading time":"2 minutes"},"schema":{"@context":"https:\/\/schema.org","@graph":[{"@type":"WebPage","@id":"https:\/\/luvatjavalvonta.fi\/sv\/information-om-tjansten\/tjansten-tillstand-och-tillsyn\/","url":"https:\/\/luvatjavalvonta.fi\/sv\/information-om-tjansten\/tjansten-tillstand-och-tillsyn\/","name":"Tj\u00e4nsten Tillst\u00e5nd och tillsyn - Luvat ja valvonta","isPartOf":{"@id":"https:\/\/luvatjavalvonta.fi\/#website"},"primaryImageOfPage":{"@id":"https:\/\/luvatjavalvonta.fi\/sv\/information-om-tjansten\/tjansten-tillstand-och-tillsyn\/#primaryimage"},"image":{"@id":"https:\/\/luvatjavalvonta.fi\/sv\/information-om-tjansten\/tjansten-tillstand-och-tillsyn\/#primaryimage"},"thumbnailUrl":"https:\/\/luvatjavalvonta.fi\/content\/uploads\/2023\/08\/LV_Svensk1-1024x512.png","datePublished":"2023-11-08T08:53:15+00:00","dateModified":"2023-11-13T07:38:55+00:00","breadcrumb":{"@id":"https:\/\/luvatjavalvonta.fi\/sv\/information-om-tjansten\/tjansten-tillstand-och-tillsyn\/#breadcrumb"},"inLanguage":"sv-SE","potentialAction":[{"@type":"ReadAction","target":["https:\/\/luvatjavalvonta.fi\/sv\/information-om-tjansten\/tjansten-tillstand-och-tillsyn\/"]}]},{"@type":"ImageObject","inLanguage":"sv-SE","@id":"https:\/\/luvatjavalvonta.fi\/sv\/information-om-tjansten\/tjansten-tillstand-och-tillsyn\/#primaryimage","url":"https:\/\/luvatjavalvonta.fi\/content\/uploads\/2023\/08\/LV_Svensk1-1024x512.png","contentUrl":"https:\/\/luvatjavalvonta.fi\/content\/uploads\/2023\/08\/LV_Svensk1-1024x512.png"},{"@type":"BreadcrumbList","@id":"https:\/\/luvatjavalvonta.fi\/sv\/information-om-tjansten\/tjansten-tillstand-och-tillsyn\/#breadcrumb","itemListElement":[{"@type":"ListItem","position":1,"name":"Home","item":"http:\/\/54.75.134.196:80\/sv\/"},{"@type":"ListItem","position":2,"name":"Information om tj\u00e4nsten","item":"http:\/\/54.75.134.196:80\/sv\/information-om-tjansten\/"},{"@type":"ListItem","position":3,"name":"Tj\u00e4nsten Tillst\u00e5nd och tillsyn"}]},{"@type":"WebSite","@id":"https:\/\/luvatjavalvonta.fi\/#website","url":"https:\/\/luvatjavalvonta.fi\/","name":"Luvat ja valvonta","description":"","potentialAction":[{"@type":"SearchAction","target":{"@type":"EntryPoint","urlTemplate":"https:\/\/luvatjavalvonta.fi\/?s={search_term_string}"},"query-input":{"@type":"PropertyValueSpecification","valueRequired":true,"valueName":"search_term_string"}}],"inLanguage":"sv-SE"}]}},"_links":{"self":[{"href":"https:\/\/luvatjavalvonta.fi\/sv\/wp-json\/wp\/v2\/pages\/6328","targetHints":{"allow":["GET"]}}],"collection":[{"href":"https:\/\/luvatjavalvonta.fi\/sv\/wp-json\/wp\/v2\/pages"}],"about":[{"href":"https:\/\/luvatjavalvonta.fi\/sv\/wp-json\/wp\/v2\/types\/page"}],"author":[{"embeddable":true,"href":"https:\/\/luvatjavalvonta.fi\/sv\/wp-json\/wp\/v2\/users\/14"}],"replies":[{"embeddable":true,"href":"https:\/\/luvatjavalvonta.fi\/sv\/wp-json\/wp\/v2\/comments?post=6328"}],"version-history":[{"count":5,"href":"https:\/\/luvatjavalvonta.fi\/sv\/wp-json\/wp\/v2\/pages\/6328\/revisions"}],"predecessor-version":[{"id":6574,"href":"https:\/\/luvatjavalvonta.fi\/sv\/wp-json\/wp\/v2\/pages\/6328\/revisions\/6574"}],"up":[{"embeddable":true,"href":"https:\/\/luvatjavalvonta.fi\/sv\/wp-json\/wp\/v2\/pages\/4889"}],"wp:attachment":[{"href":"https:\/\/luvatjavalvonta.fi\/sv\/wp-json\/wp\/v2\/media?parent=6328"}],"curies":[{"name":"wp","href":"https:\/\/api.w.org\/{rel}","templated":true}]}}